{"id":31144,"date":"2022-03-05T16:36:26","date_gmt":"2022-03-05T14:36:26","guid":{"rendered":"https:\/\/dressyourbody.fr\/fr\/?post_type=product&#038;p=31144"},"modified":"2026-03-09T16:54:47","modified_gmt":"2026-03-09T14:54:47","slug":"blouse-ivy","status":"publish","type":"product","link":"https:\/\/preprod.dressyourbody.fr\/fr\/produit\/blouse-ivy\/","title":{"rendered":"Blouse Ivy"},"content":{"rendered":"<p>La <strong>blouse Ivy saura vous s\u00e9duire avec ses manches chauve-souris<\/strong>. Une<strong> coupe loose et fluide<\/strong> mais <strong>structur\u00e9e par de jolies fronces<\/strong> qui viennent souligner l&rsquo;\u00e9paule. C&rsquo;est le petit d\u00e9tail qui se remarque pour <strong>un effet \u00ab\u00a0wahou\u00a0\u00bb garanti<\/strong>.<\/p>\n<p>Les manches chauve-souris sont des manches qui partent de la taille et ne font qu&rsquo;un avec le buste du v\u00eatement. Il n&rsquo;y a donc pas d\u00e9coupe sur la blouse. Alors, en r\u00e9alisant la blouse Ivy, vous apprendrez la petite astuce de montage qui vous permet de r\u00e9aliser malgr\u00e9 tout les fronces sur l&rsquo;\u00e9paule.<\/p>\n<p>La r\u00e9alisation des fronces constitue d&rsquo;ailleurs la principale difficult\u00e9 de la blouse qui reste n\u00e9anmoins <strong>un mod\u00e8le simple qui se coud rapidement<\/strong>.<\/p>\n<p>&nbsp;<\/p>\n<h4 style=\"text-align: left;\">ENCOLURE FINIE PAR UNE PAREMENTURE<\/h4>\n<h4 style=\"text-align: left;\"><img fetchpriority=\"high\" decoding=\"async\" class=\"size-full wp-image-31176 alignleft\" src=\"https:\/\/preprod.dressyourbody.fr\/wp-content\/uploads\/2022\/03\/blouse-ivy-encolure-avec-parementure.jpg\" alt=\"Blouse Ivy, encolure finie par une parementure\" width=\"450\" height=\"338\" srcset=\"https:\/\/preprod.dressyourbody.fr\/wp-content\/uploads\/2022\/03\/blouse-ivy-encolure-avec-parementure.jpg 450w, https:\/\/preprod.dressyourbody.fr\/wp-content\/uploads\/2022\/03\/blouse-ivy-encolure-avec-parementure-300x225.jpg 300w, https:\/\/preprod.dressyourbody.fr\/wp-content\/uploads\/2022\/03\/blouse-ivy-encolure-avec-parementure-16x12.jpg 16w\" sizes=\"(max-width: 450px) 100vw, 450px\" \/><\/h4>\n<p>C&rsquo;est la raison pour laquelle<strong> j&rsquo;ai choisi de finir l&rsquo;encolure\u00a0 par une parementure<\/strong>. <strong>Elle permet de garantir un fini bien propre et un montage facile.\u00a0<\/strong><\/p>\n<p>En termes de finitions, vous pouvez r\u00e9aliser une surpiq\u00fbre le long de la patte de boutonnage et sur le tour de l&rsquo;encolure. Mais cette surpiq\u00fbre n&rsquo;est pas forc\u00e9ment n\u00e9cessaire, les parementures \u00e9tant maintenues d&rsquo;un c\u00f4t\u00e9 par les boutons, de l&rsquo;autre par les boutonni\u00e8res. Je ne les ai pas r\u00e9alis\u00e9es sur toutes mes versions.<\/p>\n<p>&nbsp;<\/p>\n<p>&nbsp;<\/p>\n<p>&nbsp;<\/p>\n<h4><\/h4>\n<h4><\/h4>\n<h4 style=\"text-align: center;\">DES MANCHES 4\/5 ou 3\/4 AU CHOIX<\/h4>\n<p>C\u00f4t\u00e9 manches, <strong>vous pouvez r\u00e9aliser la blouse Ivy avec des manches 4\/5<\/strong> qui arrivent au dessus du poignet <strong>ou avec des manches 3\/4<\/strong>, plus courtes qui arrivent en dessous du coude.<\/p>\n<p><a href=\"https:\/\/preprod.dressyourbody.fr\/wp-content\/uploads\/2022\/03\/longueur-manches-3-quarts.jpeg\">\u00a0 \u00a0 \u00a0<\/a><a href=\"https:\/\/preprod.dressyourbody.fr\/wp-content\/uploads\/2022\/03\/longueur-manches-3-quarts.jpeg\"><img decoding=\"async\" class=\"alignnone wp-image-31171\" src=\"https:\/\/preprod.dressyourbody.fr\/wp-content\/uploads\/2022\/03\/longueur-manches-3-quarts.jpeg\" alt=\"\" width=\"502\" height=\"290\" \/><\/a> <a href=\"https:\/\/preprod.dressyourbody.fr\/wp-content\/uploads\/2022\/03\/longueur-manches-4-cinquieme.jpeg\"><img decoding=\"async\" class=\"alignleft wp-image-31170\" src=\"https:\/\/preprod.dressyourbody.fr\/wp-content\/uploads\/2022\/03\/longueur-manches-4-cinquieme.jpeg\" alt=\"\" width=\"428\" height=\"284\" srcset=\"https:\/\/preprod.dressyourbody.fr\/wp-content\/uploads\/2022\/03\/longueur-manches-4-cinquieme.jpeg 548w, https:\/\/preprod.dressyourbody.fr\/wp-content\/uploads\/2022\/03\/longueur-manches-4-cinquieme-500x331.jpeg 500w, https:\/\/preprod.dressyourbody.fr\/wp-content\/uploads\/2022\/03\/longueur-manches-4-cinquieme-300x199.jpeg 300w, https:\/\/preprod.dressyourbody.fr\/wp-content\/uploads\/2022\/03\/longueur-manches-4-cinquieme-18x12.jpeg 18w\" sizes=\"(max-width: 428px) 100vw, 428px\" \/><\/a><\/p>\n<p>&nbsp;<\/p>\n<p>&nbsp;<\/p>\n<p>Vous pouvez remarquer que la version 3\/4 donne l&rsquo;impression de plus d&rsquo;ampleur puisque la forme de la manche est la m\u00eame et que le poignet est juste cousu un peu plus haut. Il y a donc plus de fonces et une impression de volume.<\/p>\n<p>&nbsp;<\/p>\n<h4>POUR LE POIGNET, UNE FENTE AVEC PAREMENTURE &#8230; VOUS CONNAISSEZ?<\/h4>\n<p><a href=\"https:\/\/preprod.dressyourbody.fr\/wp-content\/uploads\/2022\/03\/blouse-ivy-poignet-avec-fente.jpg\"><img loading=\"lazy\" decoding=\"async\" class=\"size-full wp-image-31177 alignleft\" src=\"https:\/\/preprod.dressyourbody.fr\/wp-content\/uploads\/2022\/03\/blouse-ivy-poignet-avec-fente.jpg\" alt=\"Blouse Ivy, poignet et fente avec parementure\" width=\"400\" height=\"400\" srcset=\"https:\/\/preprod.dressyourbody.fr\/wp-content\/uploads\/2022\/03\/blouse-ivy-poignet-avec-fente.jpg 400w, https:\/\/preprod.dressyourbody.fr\/wp-content\/uploads\/2022\/03\/blouse-ivy-poignet-avec-fente-100x100.jpg 100w, https:\/\/preprod.dressyourbody.fr\/wp-content\/uploads\/2022\/03\/blouse-ivy-poignet-avec-fente-150x150.jpg 150w, https:\/\/preprod.dressyourbody.fr\/wp-content\/uploads\/2022\/03\/blouse-ivy-poignet-avec-fente-300x300.jpg 300w, https:\/\/preprod.dressyourbody.fr\/wp-content\/uploads\/2022\/03\/blouse-ivy-poignet-avec-fente-12x12.jpg 12w\" sizes=\"(max-width: 400px) 100vw, 400px\" \/><\/a>J&rsquo;ai choisi <strong>pour le poignet<\/strong> de r\u00e9aliser <strong>une fente avec parementure<\/strong> pour changer de la fente ind\u00e9chirable que l&rsquo;on trouve tr\u00e8s souvent sur les blouses et chemises. <strong>La r\u00e9alisation de la blouse Ivy vous permettra donc d&rsquo;apprendre \u00e0 la r\u00e9aliser.<\/strong><\/p>\n<p>&nbsp;<\/p>\n<p>&nbsp;<\/p>\n<p>&nbsp;<\/p>\n<p>&nbsp;<\/p>\n<p>&nbsp;<\/p>\n<p>&nbsp;<\/p>\n<p>&nbsp;<\/p>\n<p>&nbsp;<\/p>\n<p>&nbsp;<\/p>\n<p>&nbsp;<\/p>\n<p>&nbsp;<\/p>\n<p>&nbsp;<\/p>\n<h4 style=\"text-align: center;\">ET DANS TOUT \u00c7A, QUELS TISSUS CHOISIR POUR COUDRE LA BLOUSE IVY?<\/h4>\n<p><a href=\"https:\/\/preprod.dressyourbody.fr\/wp-content\/uploads\/2022\/03\/rouleaux-tissus.jpeg\"><img loading=\"lazy\" decoding=\"async\" class=\"size-full wp-image-31182 aligncenter\" src=\"https:\/\/preprod.dressyourbody.fr\/wp-content\/uploads\/2022\/03\/rouleaux-tissus.jpeg\" alt=\"Rouleaux de tissu\" width=\"200\" height=\"113\" srcset=\"https:\/\/preprod.dressyourbody.fr\/wp-content\/uploads\/2022\/03\/rouleaux-tissus.jpeg 200w, https:\/\/preprod.dressyourbody.fr\/wp-content\/uploads\/2022\/03\/rouleaux-tissus-18x10.jpeg 18w\" sizes=\"(max-width: 200px) 100vw, 200px\" \/><\/a><\/p>\n<p>&nbsp;<\/p>\n<p>L<strong>a blouse Ivy est parfaite r\u00e9alis\u00e9e dans des tissus fluides<\/strong>. <strong>De la viscose ou de la soie donneront aux manches chauve-souris un joli tomb\u00e9<\/strong>. Vous ne pouvez donc pas vous tromper en cousant Ivy dans un tissu souple et fluide. C&rsquo;est donc ce que je vous conseille surtout si vous n&rsquo;avez pas l&rsquo;habitude de porter des v\u00eatements avec des manches ayant beaucoup d&rsquo;ampleur. Cependant j&rsquo;ai r\u00e9alis\u00e9 2 versions de la blouse Ivy en popeline et je les aime beaucoup. <strong>La popeline donne un c\u00f4t\u00e9 plus structur\u00e9 \u00e0 la blouse et apporte du volume<\/strong>.<\/p>\n<p>&nbsp;<\/p>\n<p><strong>Vous pouvez voir la diff\u00e9rence sur les photos:<\/strong><\/p>\n<p>La version en tissu viscose pois -Iris de chez <a href=\"https:\/\/www.cousette.com\/\" target=\"_blank\" rel=\"noopener noreferrer\">Cousette<\/a><\/p>\n<p>La version en popeline bio \u00ab\u00a0Oiseau orang\u00e9\u00a0\u00bb de chez\u00a0<a href=\"https:\/\/www.mars-elle.com\/\">Mars Elle Fabrics<\/a><\/p>\n<p>&nbsp;<\/p>\n<hr \/>\n<p><strong>EN BREF<\/strong><\/p>\n<p><strong>TAILLES :<\/strong> Planche de patrons allant de la taille 34 \u00e0 46 soit un tour de poitrine du 81 au 108 cm.\u00a0Vous pouvez \u00e9galement vous r\u00e9f\u00e9rer \u00e0 la <a href=\"#popmake-23087\">grille des tailles<\/a>.<\/p>\n<p><strong>TISSU:<\/strong> Tissus fluides de pr\u00e9f\u00e9rence (viscose, soie, tencel&#8230;) mais fonctionne aussi dans des tissus moins souples (cotonnade, popeline &#8230;) pour plus de volume.<\/p>\n<p><strong>DIFFICULT\u00c9 :<\/strong> Niveau interm\u00e9diaire.<\/p>\n<p><strong>D\u00c9TAIL: <\/strong><\/p>\n<ul>\n<li>Blouse avec manches chauve-souris<\/li>\n<li>Versions manches 4\/5 ou manches 3\/4<\/li>\n<li>Fronces sur l&rsquo;\u00e9paule<\/li>\n<li>Couture milieu dos (qui peut \u00eatre retir\u00e9e en fonction de la laize de votre tissu et de la taille cousue)<\/li>\n<li>Encolure finie par une parmenture<\/li>\n<\/ul>\n<p>&nbsp;<\/p>\n<ul>\n<li style=\"text-align: left;\"><strong>Dessin technique Blouse Ivy devant\u00a0<\/strong><\/li>\n<\/ul>\n<p><img loading=\"lazy\" decoding=\"async\" class=\"alignleft wp-image-31278 size-medium\" src=\"https:\/\/preprod.dressyourbody.fr\/wp-content\/uploads\/2022\/03\/sketch-dvt-sans-col-300x135.png\" alt=\"Blouse Ivy devant\" width=\"300\" height=\"135\" srcset=\"https:\/\/preprod.dressyourbody.fr\/wp-content\/uploads\/2022\/03\/sketch-dvt-sans-col-300x135.png 300w, https:\/\/preprod.dressyourbody.fr\/wp-content\/uploads\/2022\/03\/sketch-dvt-sans-col-500x225.png 500w, https:\/\/preprod.dressyourbody.fr\/wp-content\/uploads\/2022\/03\/sketch-dvt-sans-col-768x346.png 768w, https:\/\/preprod.dressyourbody.fr\/wp-content\/uploads\/2022\/03\/sketch-dvt-sans-col-18x8.png 18w, https:\/\/preprod.dressyourbody.fr\/wp-content\/uploads\/2022\/03\/sketch-dvt-sans-col.png 805w\" sizes=\"(max-width: 300px) 100vw, 300px\" \/><\/p>\n<p>&nbsp;<\/p>\n<p>&nbsp;<\/p>\n<p>&nbsp;<\/p>\n<p>&nbsp;<\/p>\n<p>&nbsp;<\/p>\n<ul>\n<li><strong>Dessin technique Blouse Ivy dos<\/strong><\/li>\n<\/ul>\n<p><img loading=\"lazy\" decoding=\"async\" class=\"alignnone wp-image-31279\" src=\"https:\/\/preprod.dressyourbody.fr\/wp-content\/uploads\/2022\/03\/sketch-blouse-Ivy-dos-couture-milieu-dos-300x135.png\" alt=\"Sketch blouse Ivy de dos\" width=\"311\" height=\"141\" srcset=\"https:\/\/preprod.dressyourbody.fr\/wp-content\/uploads\/2022\/03\/sketch-blouse-Ivy-dos-couture-milieu-dos-300x135.png 300w, https:\/\/preprod.dressyourbody.fr\/wp-content\/uploads\/2022\/03\/sketch-blouse-Ivy-dos-couture-milieu-dos-500x225.png 500w, https:\/\/preprod.dressyourbody.fr\/wp-content\/uploads\/2022\/03\/sketch-blouse-Ivy-dos-couture-milieu-dos-768x346.png 768w, https:\/\/preprod.dressyourbody.fr\/wp-content\/uploads\/2022\/03\/sketch-blouse-Ivy-dos-couture-milieu-dos-18x8.png 18w, https:\/\/preprod.dressyourbody.fr\/wp-content\/uploads\/2022\/03\/sketch-blouse-Ivy-dos-couture-milieu-dos.png 805w\" sizes=\"(max-width: 311px) 100vw, 311px\" \/><\/p>\n<p>&nbsp;<\/p>\n","protected":false},"excerpt":{"rendered":"<ul>\n<li>Planche de patrons allant de la taille 34 \u00e0 46<\/li>\n<li>Patron clair et d\u00e9taill\u00e9 sans chevauchement entre les pi\u00e8ces<\/li>\n<li>Marges de couture incluses : 1cm<\/li>\n<\/ul>\n<div><a class=\"zoli-read-more-link\" href=\"https:\/\/preprod.dressyourbody.fr\/fr\/produit\/blouse-ivy\/\">Read More<span class=\"lexus-icon-Icon_Next\"><\/span><\/a><\/div>\n","protected":false},"featured_media":36852,"comment_status":"open","ping_status":"closed","template":"","meta":{"_acf_changed":false},"product_brand":[],"product_cat":[1234],"product_tag":[1194,637,1196,639],"class_list":{"0":"post-31144","1":"product","2":"type-product","3":"status-publish","4":"has-post-thumbnail","6":"product_cat-tops","7":"product_tag-couture-facile","8":"product_tag-patron","9":"product_tag-patron-de-robe","10":"product_tag-robe","11":"pa_difficulte-moyen","12":"pa_formatpatron-patron-pdf-format-a4-a0","13":"pa_formatpatron-patronpochette","15":"first","16":"instock","17":"featured","18":"shipping-taxable","19":"purchasable","20":"product-type-variable"},"acf":[],"yoast_head":"<!-- This site is optimized with the Yoast SEO plugin v27.3 - https:\/\/yoast.com\/product\/yoast-seo-wordpress\/ -->\n<title>Blouse Ivy - DressYourBody - Patron de couture femme<\/title>\n<meta name=\"description\" content=\"La blouse Ivy vous s\u00e9duira avec ses manches chauve-souris et sa coupe loose, structur\u00e9e par ailleurs par un joli jeu de fronces sur l&#039;\u00e9paule.\" \/>\n<meta name=\"robots\" content=\"index, follow, max-snippet:-1, max-image-preview:large, max-video-preview:-1\" \/>\n<link rel=\"canonical\" href=\"https:\/\/preprod.dressyourbody.fr\/fr\/produit\/blouse-ivy\/\" \/>\n<meta property=\"og:locale\" content=\"fr_FR\" \/>\n<meta property=\"og:type\" content=\"article\" \/>\n<meta property=\"og:title\" content=\"Blouse Ivy - DressYourBody - Patron de couture femme\" \/>\n<meta property=\"og:description\" content=\"La blouse Ivy vous s\u00e9duira avec ses manches chauve-souris et sa coupe loose, structur\u00e9e par ailleurs par un joli jeu de fronces sur l&#039;\u00e9paule.\" \/>\n<meta property=\"og:url\" content=\"https:\/\/preprod.dressyourbody.fr\/fr\/produit\/blouse-ivy\/\" \/>\n<meta property=\"og:site_name\" content=\"Dressyourbody\" \/>\n<meta property=\"article:publisher\" content=\"https:\/\/www.facebook.com\/dressyourbody.couture\/\" \/>\n<meta property=\"article:modified_time\" content=\"2026-03-09T14:54:47+00:00\" \/>\n<meta property=\"og:image\" content=\"https:\/\/preprod.dressyourbody.fr\/wp-content\/uploads\/2022\/03\/patron-blouse-ivy-voile-coton-dentelle.jpg\" \/>\n\t<meta property=\"og:image:width\" content=\"500\" \/>\n\t<meta property=\"og:image:height\" content=\"625\" \/>\n\t<meta property=\"og:image:type\" content=\"image\/jpeg\" \/>\n<meta name=\"twitter:card\" content=\"summary_large_image\" \/>\n<meta name=\"twitter:label1\" content=\"Dur\u00e9e de lecture estim\u00e9e\" \/>\n\t<meta name=\"twitter:data1\" content=\"5 minutes\" \/>\n<script type=\"application\/ld+json\" class=\"yoast-schema-graph\">{\"@context\":\"https:\\\/\\\/schema.org\",\"@graph\":[{\"@type\":\"WebPage\",\"@id\":\"https:\\\/\\\/preprod.dressyourbody.fr\\\/fr\\\/produit\\\/blouse-ivy\\\/\",\"url\":\"https:\\\/\\\/preprod.dressyourbody.fr\\\/fr\\\/produit\\\/blouse-ivy\\\/\",\"name\":\"Blouse Ivy - DressYourBody - Patron de couture femme\",\"isPartOf\":{\"@id\":\"https:\\\/\\\/preprod.dressyourbody.fr\\\/#website\"},\"primaryImageOfPage\":{\"@id\":\"https:\\\/\\\/preprod.dressyourbody.fr\\\/fr\\\/produit\\\/blouse-ivy\\\/#primaryimage\"},\"image\":{\"@id\":\"https:\\\/\\\/preprod.dressyourbody.fr\\\/fr\\\/produit\\\/blouse-ivy\\\/#primaryimage\"},\"thumbnailUrl\":\"https:\\\/\\\/preprod.dressyourbody.fr\\\/wp-content\\\/uploads\\\/2022\\\/03\\\/patron-blouse-ivy-voile-coton-dentelle.jpg\",\"datePublished\":\"2022-03-05T14:36:26+00:00\",\"dateModified\":\"2026-03-09T14:54:47+00:00\",\"description\":\"La blouse Ivy vous s\u00e9duira avec ses manches chauve-souris et sa coupe loose, structur\u00e9e par ailleurs par un joli jeu de fronces sur l'\u00e9paule.\",\"breadcrumb\":{\"@id\":\"https:\\\/\\\/preprod.dressyourbody.fr\\\/fr\\\/produit\\\/blouse-ivy\\\/#breadcrumb\"},\"inLanguage\":\"fr-FR\",\"potentialAction\":[{\"@type\":\"ReadAction\",\"target\":[\"https:\\\/\\\/preprod.dressyourbody.fr\\\/fr\\\/produit\\\/blouse-ivy\\\/\"]}]},{\"@type\":\"ImageObject\",\"inLanguage\":\"fr-FR\",\"@id\":\"https:\\\/\\\/preprod.dressyourbody.fr\\\/fr\\\/produit\\\/blouse-ivy\\\/#primaryimage\",\"url\":\"https:\\\/\\\/preprod.dressyourbody.fr\\\/wp-content\\\/uploads\\\/2022\\\/03\\\/patron-blouse-ivy-voile-coton-dentelle.jpg\",\"contentUrl\":\"https:\\\/\\\/preprod.dressyourbody.fr\\\/wp-content\\\/uploads\\\/2022\\\/03\\\/patron-blouse-ivy-voile-coton-dentelle.jpg\",\"width\":500,\"height\":625,\"caption\":\"Patron de la blouse Ivy en voile de coton et dentelle\"},{\"@type\":\"BreadcrumbList\",\"@id\":\"https:\\\/\\\/preprod.dressyourbody.fr\\\/fr\\\/produit\\\/blouse-ivy\\\/#breadcrumb\",\"itemListElement\":[{\"@type\":\"ListItem\",\"position\":1,\"name\":\"Accueil\",\"item\":\"https:\\\/\\\/preprod.dressyourbody.fr\\\/fr\\\/\"},{\"@type\":\"ListItem\",\"position\":2,\"name\":\"LA BOUTIQUE\",\"item\":\"https:\\\/\\\/preprod.dressyourbody.fr\\\/fr\\\/?page_id=22934\"},{\"@type\":\"ListItem\",\"position\":3,\"name\":\"Blouse Ivy\"}]},{\"@type\":\"WebSite\",\"@id\":\"https:\\\/\\\/preprod.dressyourbody.fr\\\/#website\",\"url\":\"https:\\\/\\\/preprod.dressyourbody.fr\\\/\",\"name\":\"DressYourBody\",\"description\":\"Patrons de couture\",\"publisher\":{\"@id\":\"https:\\\/\\\/preprod.dressyourbody.fr\\\/#organization\"},\"potentialAction\":[{\"@type\":\"SearchAction\",\"target\":{\"@type\":\"EntryPoint\",\"urlTemplate\":\"https:\\\/\\\/preprod.dressyourbody.fr\\\/?s={search_term_string}\"},\"query-input\":{\"@type\":\"PropertyValueSpecification\",\"valueRequired\":true,\"valueName\":\"search_term_string\"}}],\"inLanguage\":\"fr-FR\"},{\"@type\":\"Organization\",\"@id\":\"https:\\\/\\\/preprod.dressyourbody.fr\\\/#organization\",\"name\":\"DressYourBody.fr\",\"url\":\"https:\\\/\\\/preprod.dressyourbody.fr\\\/\",\"logo\":{\"@type\":\"ImageObject\",\"inLanguage\":\"fr-FR\",\"@id\":\"https:\\\/\\\/preprod.dressyourbody.fr\\\/#\\\/schema\\\/logo\\\/image\\\/\",\"url\":\"https:\\\/\\\/preprod.dressyourbody.fr\\\/wp-content\\\/uploads\\\/2018\\\/07\\\/Logo-rond.png\",\"contentUrl\":\"https:\\\/\\\/preprod.dressyourbody.fr\\\/wp-content\\\/uploads\\\/2018\\\/07\\\/Logo-rond.png\",\"width\":451,\"height\":449,\"caption\":\"DressYourBody.fr\"},\"image\":{\"@id\":\"https:\\\/\\\/preprod.dressyourbody.fr\\\/#\\\/schema\\\/logo\\\/image\\\/\"},\"sameAs\":[\"https:\\\/\\\/www.facebook.com\\\/dressyourbody.couture\\\/\",\"https:\\\/\\\/www.instagram.com\\\/dressyourbody.couture\\\/\",\"https:\\\/\\\/www.linkedin.com\\\/company\\\/11295981\\\/\",\"https:\\\/\\\/www.pinterest.fr\\\/dressyourbody\\\/\",\"https:\\\/\\\/www.youtube.com\\\/channel\\\/UCD9FR054rT1zUXmwxImG5vA?view_as=subscriber\"]}]}<\/script>\n<!-- \/ Yoast SEO plugin. -->","yoast_head_json":{"title":"Blouse Ivy - DressYourBody - Patron de couture femme","description":"La blouse Ivy vous s\u00e9duira avec ses manches chauve-souris et sa coupe loose, structur\u00e9e par ailleurs par un joli jeu de fronces sur l'\u00e9paule.","robots":{"index":"index","follow":"follow","max-snippet":"max-snippet:-1","max-image-preview":"max-image-preview:large","max-video-preview":"max-video-preview:-1"},"canonical":"https:\/\/preprod.dressyourbody.fr\/fr\/produit\/blouse-ivy\/","og_locale":"fr_FR","og_type":"article","og_title":"Blouse Ivy - DressYourBody - Patron de couture femme","og_description":"La blouse Ivy vous s\u00e9duira avec ses manches chauve-souris et sa coupe loose, structur\u00e9e par ailleurs par un joli jeu de fronces sur l'\u00e9paule.","og_url":"https:\/\/preprod.dressyourbody.fr\/fr\/produit\/blouse-ivy\/","og_site_name":"Dressyourbody","article_publisher":"https:\/\/www.facebook.com\/dressyourbody.couture\/","article_modified_time":"2026-03-09T14:54:47+00:00","og_image":[{"width":500,"height":625,"url":"https:\/\/preprod.dressyourbody.fr\/wp-content\/uploads\/2022\/03\/patron-blouse-ivy-voile-coton-dentelle.jpg","type":"image\/jpeg"}],"twitter_card":"summary_large_image","twitter_misc":{"Dur\u00e9e de lecture estim\u00e9e":"5 minutes"},"schema":{"@context":"https:\/\/schema.org","@graph":[{"@type":"WebPage","@id":"https:\/\/preprod.dressyourbody.fr\/fr\/produit\/blouse-ivy\/","url":"https:\/\/preprod.dressyourbody.fr\/fr\/produit\/blouse-ivy\/","name":"Blouse Ivy - DressYourBody - Patron de couture femme","isPartOf":{"@id":"https:\/\/preprod.dressyourbody.fr\/#website"},"primaryImageOfPage":{"@id":"https:\/\/preprod.dressyourbody.fr\/fr\/produit\/blouse-ivy\/#primaryimage"},"image":{"@id":"https:\/\/preprod.dressyourbody.fr\/fr\/produit\/blouse-ivy\/#primaryimage"},"thumbnailUrl":"https:\/\/preprod.dressyourbody.fr\/wp-content\/uploads\/2022\/03\/patron-blouse-ivy-voile-coton-dentelle.jpg","datePublished":"2022-03-05T14:36:26+00:00","dateModified":"2026-03-09T14:54:47+00:00","description":"La blouse Ivy vous s\u00e9duira avec ses manches chauve-souris et sa coupe loose, structur\u00e9e par ailleurs par un joli jeu de fronces sur l'\u00e9paule.","breadcrumb":{"@id":"https:\/\/preprod.dressyourbody.fr\/fr\/produit\/blouse-ivy\/#breadcrumb"},"inLanguage":"fr-FR","potentialAction":[{"@type":"ReadAction","target":["https:\/\/preprod.dressyourbody.fr\/fr\/produit\/blouse-ivy\/"]}]},{"@type":"ImageObject","inLanguage":"fr-FR","@id":"https:\/\/preprod.dressyourbody.fr\/fr\/produit\/blouse-ivy\/#primaryimage","url":"https:\/\/preprod.dressyourbody.fr\/wp-content\/uploads\/2022\/03\/patron-blouse-ivy-voile-coton-dentelle.jpg","contentUrl":"https:\/\/preprod.dressyourbody.fr\/wp-content\/uploads\/2022\/03\/patron-blouse-ivy-voile-coton-dentelle.jpg","width":500,"height":625,"caption":"Patron de la blouse Ivy en voile de coton et dentelle"},{"@type":"BreadcrumbList","@id":"https:\/\/preprod.dressyourbody.fr\/fr\/produit\/blouse-ivy\/#breadcrumb","itemListElement":[{"@type":"ListItem","position":1,"name":"Accueil","item":"https:\/\/preprod.dressyourbody.fr\/fr\/"},{"@type":"ListItem","position":2,"name":"LA BOUTIQUE","item":"https:\/\/preprod.dressyourbody.fr\/fr\/?page_id=22934"},{"@type":"ListItem","position":3,"name":"Blouse Ivy"}]},{"@type":"WebSite","@id":"https:\/\/preprod.dressyourbody.fr\/#website","url":"https:\/\/preprod.dressyourbody.fr\/","name":"DressYourBody","description":"Patrons de couture","publisher":{"@id":"https:\/\/preprod.dressyourbody.fr\/#organization"},"potentialAction":[{"@type":"SearchAction","target":{"@type":"EntryPoint","urlTemplate":"https:\/\/preprod.dressyourbody.fr\/?s={search_term_string}"},"query-input":{"@type":"PropertyValueSpecification","valueRequired":true,"valueName":"search_term_string"}}],"inLanguage":"fr-FR"},{"@type":"Organization","@id":"https:\/\/preprod.dressyourbody.fr\/#organization","name":"DressYourBody.fr","url":"https:\/\/preprod.dressyourbody.fr\/","logo":{"@type":"ImageObject","inLanguage":"fr-FR","@id":"https:\/\/preprod.dressyourbody.fr\/#\/schema\/logo\/image\/","url":"https:\/\/preprod.dressyourbody.fr\/wp-content\/uploads\/2018\/07\/Logo-rond.png","contentUrl":"https:\/\/preprod.dressyourbody.fr\/wp-content\/uploads\/2018\/07\/Logo-rond.png","width":451,"height":449,"caption":"DressYourBody.fr"},"image":{"@id":"https:\/\/preprod.dressyourbody.fr\/#\/schema\/logo\/image\/"},"sameAs":["https:\/\/www.facebook.com\/dressyourbody.couture\/","https:\/\/www.instagram.com\/dressyourbody.couture\/","https:\/\/www.linkedin.com\/company\/11295981\/","https:\/\/www.pinterest.fr\/dressyourbody\/","https:\/\/www.youtube.com\/channel\/UCD9FR054rT1zUXmwxImG5vA?view_as=subscriber"]}]}},"_links":{"self":[{"href":"https:\/\/preprod.dressyourbody.fr\/fr\/wp-json\/wp\/v2\/product\/31144","targetHints":{"allow":["GET"]}}],"collection":[{"href":"https:\/\/preprod.dressyourbody.fr\/fr\/wp-json\/wp\/v2\/product"}],"about":[{"href":"https:\/\/preprod.dressyourbody.fr\/fr\/wp-json\/wp\/v2\/types\/product"}],"replies":[{"embeddable":true,"href":"https:\/\/preprod.dressyourbody.fr\/fr\/wp-json\/wp\/v2\/comments?post=31144"}],"wp:featuredmedia":[{"embeddable":true,"href":"https:\/\/preprod.dressyourbody.fr\/fr\/wp-json\/wp\/v2\/media\/36852"}],"wp:attachment":[{"href":"https:\/\/preprod.dressyourbody.fr\/fr\/wp-json\/wp\/v2\/media?parent=31144"}],"wp:term":[{"taxonomy":"product_brand","embeddable":true,"href":"https:\/\/preprod.dressyourbody.fr\/fr\/wp-json\/wp\/v2\/product_brand?post=31144"},{"taxonomy":"product_cat","embeddable":true,"href":"https:\/\/preprod.dressyourbody.fr\/fr\/wp-json\/wp\/v2\/product_cat?post=31144"},{"taxonomy":"product_tag","embeddable":true,"href":"https:\/\/preprod.dressyourbody.fr\/fr\/wp-json\/wp\/v2\/product_tag?post=31144"}],"curies":[{"name":"wp","href":"https:\/\/api.w.org\/{rel}","templated":true}]}}