{"id":40654,"date":"2026-01-15T15:52:15","date_gmt":"2026-01-15T13:52:15","guid":{"rendered":"https:\/\/dressyourbody.fr\/fr\/?post_type=product&#038;p=40654"},"modified":"2026-03-31T19:06:44","modified_gmt":"2026-03-31T17:06:44","slug":"patron-trousse-scappa-patron-gratuit","status":"publish","type":"product","link":"https:\/\/preprod.dressyourbody.fr\/en\/product\/patron-trousse-scappa-patron-gratuit\/","title":{"rendered":"Patron trousse Scappa &#8211; patron gratuit &#8211;"},"content":{"rendered":"<h4 style=\"text-align: center;\"><strong>DESCRIPTION<\/strong><\/h4>\n<p>La trousse Scappa est une trousse tout en rondeur, qui reprend les codes du sac Scappa, avec des plis sur chacun des c\u00f4t\u00e9s qui lui assurent \u00e9l\u00e9gance et originalit\u00e9.<br \/>\nElle poss\u00e8de une bonne contenance puisqu&rsquo;elle mesure 20&#215;32 cm. De ce fait, elle est id\u00e9ale pour transporter l&rsquo;essentiel ou s&rsquo;int\u00e9grer dans un grand sac pour une organisation au top.<\/p>\n<p>Une lani\u00e8re sur le c\u00f4t\u00e9 est justement pr\u00e9vue pour pouvoir l&rsquo;attacher avec un mousqueton.<\/p>\n<p><img fetchpriority=\"high\" decoding=\"async\" class=\"alignnone wp-image-40694\" src=\"https:\/\/preprod.dressyourbody.fr\/wp-content\/uploads\/2026\/01\/trousse-scappa.png\" alt=\"Sketch de la trousse Scappa\" width=\"328\" height=\"171\" srcset=\"https:\/\/preprod.dressyourbody.fr\/wp-content\/uploads\/2026\/01\/trousse-scappa.png 2338w, https:\/\/preprod.dressyourbody.fr\/wp-content\/uploads\/2026\/01\/trousse-scappa-500x261.png 500w, https:\/\/preprod.dressyourbody.fr\/wp-content\/uploads\/2026\/01\/trousse-scappa-18x9.png 18w, https:\/\/preprod.dressyourbody.fr\/wp-content\/uploads\/2026\/01\/trousse-scappa-300x156.png 300w, https:\/\/preprod.dressyourbody.fr\/wp-content\/uploads\/2026\/01\/trousse-scappa-768x400.png 768w, https:\/\/preprod.dressyourbody.fr\/wp-content\/uploads\/2026\/01\/trousse-scappa-1536x801.png 1536w, https:\/\/preprod.dressyourbody.fr\/wp-content\/uploads\/2026\/01\/trousse-scappa-2048x1068.png 2048w\" sizes=\"(max-width: 328px) 100vw, 328px\" \/><\/p>\n<p>&nbsp;<\/p>\n<h4 style=\"text-align: center;\"><strong>MESURES FINIES:<\/strong><\/h4>\n<p>Les mesures du sac fini ci-dessous sont mesur\u00e9es sans tenir compte des plis.<\/p>\n<ol>\n<li><strong>Largeur:<\/strong>\u00a0 32 cm<\/li>\n<li><strong>Hauteur: <\/strong>20 cm<\/li>\n<\/ol>\n<p><img decoding=\"async\" class=\"alignnone wp-image-40685\" src=\"https:\/\/preprod.dressyourbody.fr\/wp-content\/uploads\/2026\/01\/trousse-scappa-dimensions.png\" alt=\"Dimensions de la trousse Scappa\" width=\"354\" height=\"193\" srcset=\"https:\/\/preprod.dressyourbody.fr\/wp-content\/uploads\/2026\/01\/trousse-scappa-dimensions.png 507w, https:\/\/preprod.dressyourbody.fr\/wp-content\/uploads\/2026\/01\/trousse-scappa-dimensions-500x272.png 500w, https:\/\/preprod.dressyourbody.fr\/wp-content\/uploads\/2026\/01\/trousse-scappa-dimensions-18x10.png 18w, https:\/\/preprod.dressyourbody.fr\/wp-content\/uploads\/2026\/01\/trousse-scappa-dimensions-300x163.png 300w\" sizes=\"(max-width: 354px) 100vw, 354px\" \/><\/p>\n<p>&nbsp;<\/p>\n<h4 style=\"text-align: center;\"><strong>\u00a0QUEL TISSU CHOISIR ?<\/strong><\/h4>\n<p>&nbsp;<\/p>\n<p><strong>TISSUS CONSEILLES:<\/strong><\/p>\n<ul>\n<li><strong>Pour l\u2019ext\u00e9rieur: <\/strong>tissus avec un peu de tenue sans pour autant \u00eatre trop \u00e9pais afin de pouvoir coudre les plis sur le zip.<br \/>\nVous pouvez prendre de la toile, du jeans, de la gabardine, du velours, du jacquard \u2026 Pour des tissus plus fins, pensez \u00e0 thermocoller le tissu!<\/li>\n<li><strong>Pour l\u2019int\u00e9rieur,<\/strong> tissus l\u00e9gers comme de la popeline, lin \u2026<\/li>\n<\/ul>\n<p>Sur les photos, la trousse Scappa a \u00e9t\u00e9 r\u00e9alis\u00e9:<\/p>\n<ul>\n<li>en <strong>jacquard Agnes B. et drap en lin upcycl\u00e9<\/strong><\/li>\n<li>en <strong>jeans souple violet Cousette et viscose Atelier Brunette<\/strong><\/li>\n<\/ul>\n<p>&nbsp;<\/p>","protected":false},"excerpt":{"rendered":"<h2>PATRON GRATUIT:<\/h2>\n<ul>\n<li><strong>VIDEO<\/strong> de montage disponible<\/li>\n<li><span style=\"color: #000000;\">Patron <strong>PDF<\/strong><\/span> 3 pages<\/li>\n<li><span style=\"color: #000000;\"><strong>Marges de couture incluses : 1cm\u00a0<\/strong><\/span><\/li>\n<\/ul>\n<p>&nbsp; <\/p>\n<div><a class=\"zoli-read-more-link\" href=\"https:\/\/preprod.dressyourbody.fr\/en\/product\/patron-trousse-scappa-patron-gratuit\/\">Read More<span class=\"lexus-icon-Icon_Next\"><\/span><\/a><\/div>","protected":false},"featured_media":40684,"comment_status":"open","ping_status":"closed","template":"","meta":{"_acf_changed":false},"product_brand":[],"product_cat":[1279,1254],"product_tag":[1194,637],"class_list":{"0":"post-40654","1":"product","2":"type-product","3":"status-publish","4":"has-post-thumbnail","6":"product_cat-accessoires","7":"product_cat-nouveautes","8":"product_tag-couture-facile","9":"product_tag-patron","10":"pa_difficulte-expert","11":"pa_formatpatron-patron-pdf-format-a4-a0","12":"pa_formatpatron-patronpochette","14":"first","15":"instock","16":"featured","17":"shipping-taxable","18":"purchasable","19":"product-type-variable"},"acf":[],"yoast_head":"<!-- This site is optimized with the Yoast SEO plugin v27.3 - https:\/\/yoast.com\/product\/yoast-seo-wordpress\/ -->\n<title>Patron gratuit trousse Scappa - DressYourBody -<\/title>\n<meta name=\"description\" content=\"Trousse Scappa: patron gratuit! Tout en rondeur, compl\u00e8tement doubl\u00e9e et dot\u00e9e de 2 jolis plis creux sur les c\u00f4t\u00e9s, ce sera votre trousse id\u00e9ale!\" \/>\n<meta name=\"robots\" content=\"index, follow, max-snippet:-1, max-image-preview:large, max-video-preview:-1\" \/>\n<link rel=\"canonical\" href=\"https:\/\/preprod.dressyourbody.fr\/en\/product\/patron-trousse-scappa-patron-gratuit\/\" \/>\n<meta property=\"og:locale\" content=\"en_US\" \/>\n<meta property=\"og:type\" content=\"article\" \/>\n<meta property=\"og:title\" content=\"Patron gratuit trousse Scappa - DressYourBody -\" \/>\n<meta property=\"og:description\" content=\"Trousse Scappa: patron gratuit! Tout en rondeur, compl\u00e8tement doubl\u00e9e et dot\u00e9e de 2 jolis plis creux sur les c\u00f4t\u00e9s, ce sera votre trousse id\u00e9ale!\" \/>\n<meta property=\"og:url\" content=\"https:\/\/preprod.dressyourbody.fr\/en\/product\/patron-trousse-scappa-patron-gratuit\/\" \/>\n<meta property=\"og:site_name\" content=\"Dressyourbody\" \/>\n<meta property=\"article:publisher\" content=\"https:\/\/www.facebook.com\/dressyourbody.couture\/\" \/>\n<meta property=\"article:modified_time\" content=\"2026-03-31T17:06:44+00:00\" \/>\n<meta property=\"og:image\" content=\"https:\/\/preprod.dressyourbody.fr\/wp-content\/uploads\/2026\/01\/trousse-scappa-patron-gratuit.jpeg\" \/>\n\t<meta property=\"og:image:width\" content=\"1500\" \/>\n\t<meta property=\"og:image:height\" content=\"2000\" \/>\n\t<meta property=\"og:image:type\" content=\"image\/jpeg\" \/>\n<meta name=\"twitter:card\" content=\"summary_large_image\" \/>\n<meta name=\"twitter:label1\" content=\"Est. reading time\" \/>\n\t<meta name=\"twitter:data1\" content=\"2 minutes\" \/>\n<script type=\"application\/ld+json\" class=\"yoast-schema-graph\">{\"@context\":\"https:\\\/\\\/schema.org\",\"@graph\":[{\"@type\":\"WebPage\",\"@id\":\"https:\\\/\\\/preprod.dressyourbody.fr\\\/en\\\/product\\\/patron-trousse-scappa-patron-gratuit\\\/\",\"url\":\"https:\\\/\\\/preprod.dressyourbody.fr\\\/en\\\/product\\\/patron-trousse-scappa-patron-gratuit\\\/\",\"name\":\"Patron gratuit trousse Scappa - DressYourBody -\",\"isPartOf\":{\"@id\":\"https:\\\/\\\/preprod.dressyourbody.fr\\\/#website\"},\"primaryImageOfPage\":{\"@id\":\"https:\\\/\\\/preprod.dressyourbody.fr\\\/en\\\/product\\\/patron-trousse-scappa-patron-gratuit\\\/#primaryimage\"},\"image\":{\"@id\":\"https:\\\/\\\/preprod.dressyourbody.fr\\\/en\\\/product\\\/patron-trousse-scappa-patron-gratuit\\\/#primaryimage\"},\"thumbnailUrl\":\"https:\\\/\\\/preprod.dressyourbody.fr\\\/wp-content\\\/uploads\\\/2026\\\/01\\\/trousse-scappa-patron-gratuit.jpeg\",\"datePublished\":\"2026-01-15T13:52:15+00:00\",\"dateModified\":\"2026-03-31T17:06:44+00:00\",\"description\":\"Trousse Scappa: patron gratuit! Tout en rondeur, compl\u00e8tement doubl\u00e9e et dot\u00e9e de 2 jolis plis creux sur les c\u00f4t\u00e9s, ce sera votre trousse id\u00e9ale!\",\"breadcrumb\":{\"@id\":\"https:\\\/\\\/preprod.dressyourbody.fr\\\/en\\\/product\\\/patron-trousse-scappa-patron-gratuit\\\/#breadcrumb\"},\"inLanguage\":\"en-US\",\"potentialAction\":[{\"@type\":\"ReadAction\",\"target\":[\"https:\\\/\\\/preprod.dressyourbody.fr\\\/en\\\/product\\\/patron-trousse-scappa-patron-gratuit\\\/\"]}]},{\"@type\":\"ImageObject\",\"inLanguage\":\"en-US\",\"@id\":\"https:\\\/\\\/preprod.dressyourbody.fr\\\/en\\\/product\\\/patron-trousse-scappa-patron-gratuit\\\/#primaryimage\",\"url\":\"https:\\\/\\\/preprod.dressyourbody.fr\\\/wp-content\\\/uploads\\\/2026\\\/01\\\/trousse-scappa-patron-gratuit.jpeg\",\"contentUrl\":\"https:\\\/\\\/preprod.dressyourbody.fr\\\/wp-content\\\/uploads\\\/2026\\\/01\\\/trousse-scappa-patron-gratuit.jpeg\",\"width\":1500,\"height\":2000,\"caption\":\"Trousse Scappa, patron gratuit.\"},{\"@type\":\"BreadcrumbList\",\"@id\":\"https:\\\/\\\/preprod.dressyourbody.fr\\\/en\\\/product\\\/patron-trousse-scappa-patron-gratuit\\\/#breadcrumb\",\"itemListElement\":[{\"@type\":\"ListItem\",\"position\":1,\"name\":\"Accueil\",\"item\":\"https:\\\/\\\/preprod.dressyourbody.fr\\\/en\\\/\"},{\"@type\":\"ListItem\",\"position\":2,\"name\":\"LA BOUTIQUE\",\"item\":\"https:\\\/\\\/preprod.dressyourbody.fr\\\/en\\\/?page_id=22934\"},{\"@type\":\"ListItem\",\"position\":3,\"name\":\"Patron trousse Scappa &#8211; patron gratuit &#8211;\"}]},{\"@type\":\"WebSite\",\"@id\":\"https:\\\/\\\/preprod.dressyourbody.fr\\\/#website\",\"url\":\"https:\\\/\\\/preprod.dressyourbody.fr\\\/\",\"name\":\"DressYourBody\",\"description\":\"Patrons de couture\",\"publisher\":{\"@id\":\"https:\\\/\\\/preprod.dressyourbody.fr\\\/#organization\"},\"potentialAction\":[{\"@type\":\"SearchAction\",\"target\":{\"@type\":\"EntryPoint\",\"urlTemplate\":\"https:\\\/\\\/preprod.dressyourbody.fr\\\/?s={search_term_string}\"},\"query-input\":{\"@type\":\"PropertyValueSpecification\",\"valueRequired\":true,\"valueName\":\"search_term_string\"}}],\"inLanguage\":\"en-US\"},{\"@type\":\"Organization\",\"@id\":\"https:\\\/\\\/preprod.dressyourbody.fr\\\/#organization\",\"name\":\"DressYourBody.fr\",\"url\":\"https:\\\/\\\/preprod.dressyourbody.fr\\\/\",\"logo\":{\"@type\":\"ImageObject\",\"inLanguage\":\"en-US\",\"@id\":\"https:\\\/\\\/preprod.dressyourbody.fr\\\/#\\\/schema\\\/logo\\\/image\\\/\",\"url\":\"https:\\\/\\\/preprod.dressyourbody.fr\\\/wp-content\\\/uploads\\\/2018\\\/07\\\/Logo-rond.png\",\"contentUrl\":\"https:\\\/\\\/preprod.dressyourbody.fr\\\/wp-content\\\/uploads\\\/2018\\\/07\\\/Logo-rond.png\",\"width\":451,\"height\":449,\"caption\":\"DressYourBody.fr\"},\"image\":{\"@id\":\"https:\\\/\\\/preprod.dressyourbody.fr\\\/#\\\/schema\\\/logo\\\/image\\\/\"},\"sameAs\":[\"https:\\\/\\\/www.facebook.com\\\/dressyourbody.couture\\\/\",\"https:\\\/\\\/www.instagram.com\\\/dressyourbody.couture\\\/\",\"https:\\\/\\\/www.linkedin.com\\\/company\\\/11295981\\\/\",\"https:\\\/\\\/www.pinterest.fr\\\/dressyourbody\\\/\",\"https:\\\/\\\/www.youtube.com\\\/channel\\\/UCD9FR054rT1zUXmwxImG5vA?view_as=subscriber\"]}]}<\/script>\n<!-- \/ Yoast SEO plugin. -->","yoast_head_json":{"title":"Patron gratuit trousse Scappa - DressYourBody -","description":"Trousse Scappa: patron gratuit! Tout en rondeur, compl\u00e8tement doubl\u00e9e et dot\u00e9e de 2 jolis plis creux sur les c\u00f4t\u00e9s, ce sera votre trousse id\u00e9ale!","robots":{"index":"index","follow":"follow","max-snippet":"max-snippet:-1","max-image-preview":"max-image-preview:large","max-video-preview":"max-video-preview:-1"},"canonical":"https:\/\/preprod.dressyourbody.fr\/en\/product\/patron-trousse-scappa-patron-gratuit\/","og_locale":"en_US","og_type":"article","og_title":"Patron gratuit trousse Scappa - DressYourBody -","og_description":"Trousse Scappa: patron gratuit! Tout en rondeur, compl\u00e8tement doubl\u00e9e et dot\u00e9e de 2 jolis plis creux sur les c\u00f4t\u00e9s, ce sera votre trousse id\u00e9ale!","og_url":"https:\/\/preprod.dressyourbody.fr\/en\/product\/patron-trousse-scappa-patron-gratuit\/","og_site_name":"Dressyourbody","article_publisher":"https:\/\/www.facebook.com\/dressyourbody.couture\/","article_modified_time":"2026-03-31T17:06:44+00:00","og_image":[{"width":1500,"height":2000,"url":"https:\/\/preprod.dressyourbody.fr\/wp-content\/uploads\/2026\/01\/trousse-scappa-patron-gratuit.jpeg","type":"image\/jpeg"}],"twitter_card":"summary_large_image","twitter_misc":{"Est. reading time":"2 minutes"},"schema":{"@context":"https:\/\/schema.org","@graph":[{"@type":"WebPage","@id":"https:\/\/preprod.dressyourbody.fr\/en\/product\/patron-trousse-scappa-patron-gratuit\/","url":"https:\/\/preprod.dressyourbody.fr\/en\/product\/patron-trousse-scappa-patron-gratuit\/","name":"Patron gratuit trousse Scappa - DressYourBody -","isPartOf":{"@id":"https:\/\/preprod.dressyourbody.fr\/#website"},"primaryImageOfPage":{"@id":"https:\/\/preprod.dressyourbody.fr\/en\/product\/patron-trousse-scappa-patron-gratuit\/#primaryimage"},"image":{"@id":"https:\/\/preprod.dressyourbody.fr\/en\/product\/patron-trousse-scappa-patron-gratuit\/#primaryimage"},"thumbnailUrl":"https:\/\/preprod.dressyourbody.fr\/wp-content\/uploads\/2026\/01\/trousse-scappa-patron-gratuit.jpeg","datePublished":"2026-01-15T13:52:15+00:00","dateModified":"2026-03-31T17:06:44+00:00","description":"Trousse Scappa: patron gratuit! Tout en rondeur, compl\u00e8tement doubl\u00e9e et dot\u00e9e de 2 jolis plis creux sur les c\u00f4t\u00e9s, ce sera votre trousse id\u00e9ale!","breadcrumb":{"@id":"https:\/\/preprod.dressyourbody.fr\/en\/product\/patron-trousse-scappa-patron-gratuit\/#breadcrumb"},"inLanguage":"en-US","potentialAction":[{"@type":"ReadAction","target":["https:\/\/preprod.dressyourbody.fr\/en\/product\/patron-trousse-scappa-patron-gratuit\/"]}]},{"@type":"ImageObject","inLanguage":"en-US","@id":"https:\/\/preprod.dressyourbody.fr\/en\/product\/patron-trousse-scappa-patron-gratuit\/#primaryimage","url":"https:\/\/preprod.dressyourbody.fr\/wp-content\/uploads\/2026\/01\/trousse-scappa-patron-gratuit.jpeg","contentUrl":"https:\/\/preprod.dressyourbody.fr\/wp-content\/uploads\/2026\/01\/trousse-scappa-patron-gratuit.jpeg","width":1500,"height":2000,"caption":"Trousse Scappa, patron gratuit."},{"@type":"BreadcrumbList","@id":"https:\/\/preprod.dressyourbody.fr\/en\/product\/patron-trousse-scappa-patron-gratuit\/#breadcrumb","itemListElement":[{"@type":"ListItem","position":1,"name":"Accueil","item":"https:\/\/preprod.dressyourbody.fr\/en\/"},{"@type":"ListItem","position":2,"name":"LA BOUTIQUE","item":"https:\/\/preprod.dressyourbody.fr\/en\/?page_id=22934"},{"@type":"ListItem","position":3,"name":"Patron trousse Scappa &#8211; patron gratuit &#8211;"}]},{"@type":"WebSite","@id":"https:\/\/preprod.dressyourbody.fr\/#website","url":"https:\/\/preprod.dressyourbody.fr\/","name":"DressYourBody","description":"Patrons de couture","publisher":{"@id":"https:\/\/preprod.dressyourbody.fr\/#organization"},"potentialAction":[{"@type":"SearchAction","target":{"@type":"EntryPoint","urlTemplate":"https:\/\/preprod.dressyourbody.fr\/?s={search_term_string}"},"query-input":{"@type":"PropertyValueSpecification","valueRequired":true,"valueName":"search_term_string"}}],"inLanguage":"en-US"},{"@type":"Organization","@id":"https:\/\/preprod.dressyourbody.fr\/#organization","name":"DressYourBody.fr","url":"https:\/\/preprod.dressyourbody.fr\/","logo":{"@type":"ImageObject","inLanguage":"en-US","@id":"https:\/\/preprod.dressyourbody.fr\/#\/schema\/logo\/image\/","url":"https:\/\/preprod.dressyourbody.fr\/wp-content\/uploads\/2018\/07\/Logo-rond.png","contentUrl":"https:\/\/preprod.dressyourbody.fr\/wp-content\/uploads\/2018\/07\/Logo-rond.png","width":451,"height":449,"caption":"DressYourBody.fr"},"image":{"@id":"https:\/\/preprod.dressyourbody.fr\/#\/schema\/logo\/image\/"},"sameAs":["https:\/\/www.facebook.com\/dressyourbody.couture\/","https:\/\/www.instagram.com\/dressyourbody.couture\/","https:\/\/www.linkedin.com\/company\/11295981\/","https:\/\/www.pinterest.fr\/dressyourbody\/","https:\/\/www.youtube.com\/channel\/UCD9FR054rT1zUXmwxImG5vA?view_as=subscriber"]}]}},"_links":{"self":[{"href":"https:\/\/preprod.dressyourbody.fr\/en\/wp-json\/wp\/v2\/product\/40654","targetHints":{"allow":["GET"]}}],"collection":[{"href":"https:\/\/preprod.dressyourbody.fr\/en\/wp-json\/wp\/v2\/product"}],"about":[{"href":"https:\/\/preprod.dressyourbody.fr\/en\/wp-json\/wp\/v2\/types\/product"}],"replies":[{"embeddable":true,"href":"https:\/\/preprod.dressyourbody.fr\/en\/wp-json\/wp\/v2\/comments?post=40654"}],"wp:featuredmedia":[{"embeddable":true,"href":"https:\/\/preprod.dressyourbody.fr\/en\/wp-json\/wp\/v2\/media\/40684"}],"wp:attachment":[{"href":"https:\/\/preprod.dressyourbody.fr\/en\/wp-json\/wp\/v2\/media?parent=40654"}],"wp:term":[{"taxonomy":"product_brand","embeddable":true,"href":"https:\/\/preprod.dressyourbody.fr\/en\/wp-json\/wp\/v2\/product_brand?post=40654"},{"taxonomy":"product_cat","embeddable":true,"href":"https:\/\/preprod.dressyourbody.fr\/en\/wp-json\/wp\/v2\/product_cat?post=40654"},{"taxonomy":"product_tag","embeddable":true,"href":"https:\/\/preprod.dressyourbody.fr\/en\/wp-json\/wp\/v2\/product_tag?post=40654"}],"curies":[{"name":"wp","href":"https:\/\/api.w.org\/{rel}","templated":true}]}}