{"id":40009,"date":"2025-09-15T13:28:36","date_gmt":"2025-09-15T11:28:36","guid":{"rendered":"https:\/\/dressyourbody.fr\/fr\/?post_type=product&#038;p=40009"},"modified":"2026-04-02T14:28:34","modified_gmt":"2026-04-02T12:28:34","slug":"patron-blouse-robe-karma","status":"publish","type":"product","link":"https:\/\/preprod.dressyourbody.fr\/en\/product\/patron-blouse-robe-karma\/","title":{"rendered":"Patron Blouse \/ Robe Karma"},"content":{"rendered":"<h3 style=\"text-align: center;\"><strong>DESCRIPTION DU PATRON KARMA<\/strong><\/h3>\n<p>Le patron Karma c&rsquo;est une belle ampleur, des fronces, un col droit mais pas que &#8230;.<br \/>\nC&rsquo;est aussi deux empi\u00e8cements sur l&rsquo;\u00e9paule, que vous pouvez personnaliser \u00e0 votre go\u00fbt, qui lui conf\u00e8rent un style ind\u00e9niable.<\/p>\n<ul>\n<li>Karma version blouse ou robes courte ou longue<\/li>\n<li>Une ceinture \u00e0 nouer pour les versions robes<\/li>\n<li>Patte de boutonnage cach\u00e9e ou non sur le devant<\/li>\n<li>Empi\u00e8cement d\u2019\u00e9paule \u00e0 customiser ou non<\/li>\n<li>Col droit<\/li>\n<li>Bracelets de manche avec fente ind\u00e9chirable<\/li>\n<\/ul>\n<p><img fetchpriority=\"high\" decoding=\"async\" class=\"alignnone wp-image-40049\" src=\"https:\/\/preprod.dressyourbody.fr\/wp-content\/uploads\/2025\/09\/Sketch-karma-blouse-devant.png\" alt=\"Patron Karma, sketch devant\" width=\"300\" height=\"266\" srcset=\"https:\/\/preprod.dressyourbody.fr\/wp-content\/uploads\/2025\/09\/Sketch-karma-blouse-devant.png 647w, https:\/\/preprod.dressyourbody.fr\/wp-content\/uploads\/2025\/09\/Sketch-karma-blouse-devant-500x444.png 500w, https:\/\/preprod.dressyourbody.fr\/wp-content\/uploads\/2025\/09\/Sketch-karma-blouse-devant-14x12.png 14w, https:\/\/preprod.dressyourbody.fr\/wp-content\/uploads\/2025\/09\/Sketch-karma-blouse-devant-300x267.png 300w\" sizes=\"(max-width: 300px) 100vw, 300px\" \/> <img decoding=\"async\" class=\"alignnone wp-image-40050\" src=\"https:\/\/preprod.dressyourbody.fr\/wp-content\/uploads\/2025\/09\/Sketch-karma-blouse-dos.png\" alt=\"Patron Karma, sketch devant\" width=\"300\" height=\"262\" srcset=\"https:\/\/preprod.dressyourbody.fr\/wp-content\/uploads\/2025\/09\/Sketch-karma-blouse-dos.png 646w, https:\/\/preprod.dressyourbody.fr\/wp-content\/uploads\/2025\/09\/Sketch-karma-blouse-dos-500x437.png 500w, https:\/\/preprod.dressyourbody.fr\/wp-content\/uploads\/2025\/09\/Sketch-karma-blouse-dos-14x12.png 14w, https:\/\/preprod.dressyourbody.fr\/wp-content\/uploads\/2025\/09\/Sketch-karma-blouse-dos-300x262.png 300w\" sizes=\"(max-width: 300px) 100vw, 300px\" \/><\/p>\n<p>&nbsp;<\/p>\n<h3 style=\"text-align: center;\"><strong>LES DIFFERENTES VERSIONS<\/strong><\/h3>\n<p><strong>\u00a0<\/strong><\/p>\n<ul>\n<li>Le patron Karma est propos\u00e9 en 3 longueurs:<br \/>\nLongueur blouse, robe courte et robe longue.<\/li>\n<li>Les versions robe peuvent se porter avec ou sans la ceinture propos\u00e9e dans le patron.<\/li>\n<li>Pour les pattes de boutonnage, vous pouvez opter pour la patte de boutonnage cach\u00e9e ou standard.\n<ul>\n<li>Si vous souhaitez customiser Karma avec des rivets ou clous \u00e0 griffes, optez pour l\u2019option \u00ab Patte de boutonnage cach\u00e9e \u00bb afin que les boutons ne soient pas visibles sur le devant.<\/li>\n<li>Si vous souhaitez des boutons apparents, choisissez la patte de boutonnage standard.<\/li>\n<\/ul>\n<\/li>\n<\/ul>\n<p><img decoding=\"async\" class=\"alignnone wp-image-40038\" src=\"https:\/\/preprod.dressyourbody.fr\/wp-content\/uploads\/2025\/09\/patron-karma-3-longueurs.jpg\" alt=\"Patron Karma, 3 longueurs sont disponibles\" width=\"468\" height=\"433\" srcset=\"https:\/\/preprod.dressyourbody.fr\/wp-content\/uploads\/2025\/09\/patron-karma-3-longueurs.jpg 519w, https:\/\/preprod.dressyourbody.fr\/wp-content\/uploads\/2025\/09\/patron-karma-3-longueurs-500x462.jpg 500w, https:\/\/preprod.dressyourbody.fr\/wp-content\/uploads\/2025\/09\/patron-karma-3-longueurs-13x12.jpg 13w, https:\/\/preprod.dressyourbody.fr\/wp-content\/uploads\/2025\/09\/patron-karma-3-longueurs-300x277.jpg 300w\" sizes=\"(max-width: 468px) 100vw, 468px\" \/><\/p>\n<p>&nbsp;<\/p>\n<h3 style=\"text-align: center;\"><strong>JE CHOISIS QUELLE TAILLE?<\/strong><\/h3>\n<h4><strong>TAILLES:<br \/>\nLe patron Karla va de la T34 \u00e0 la T46 (les tailles 48 \u00e0 52 sont en cours de test)<\/strong>.<\/h4>\n<p>Choisissez comme d&rsquo;habitude votre taille en fonction de vos mesures et du bar\u00e8me de tailles ci-dessous:<\/p>\n<p><img loading=\"lazy\" decoding=\"async\" class=\"alignnone size-full wp-image-40079\" src=\"https:\/\/preprod.dressyourbody.fr\/wp-content\/uploads\/2025\/09\/Bareme-de-mesures.jpg\" alt=\"Bar\u00e8me de mesures\" width=\"575\" height=\"132\" srcset=\"https:\/\/preprod.dressyourbody.fr\/wp-content\/uploads\/2025\/09\/Bareme-de-mesures.jpg 575w, https:\/\/preprod.dressyourbody.fr\/wp-content\/uploads\/2025\/09\/Bareme-de-mesures-500x115.jpg 500w, https:\/\/preprod.dressyourbody.fr\/wp-content\/uploads\/2025\/09\/Bareme-de-mesures-18x4.jpg 18w, https:\/\/preprod.dressyourbody.fr\/wp-content\/uploads\/2025\/09\/Bareme-de-mesures-300x69.jpg 300w\" sizes=\"(max-width: 575px) 100vw, 575px\" \/><\/p>\n<p>Si vous h\u00e9sitez entre 2 tailles choisissez la plus grande car il est plus facile d&rsquo;ajuster un v\u00eatement que de l&rsquo;agrandir!<\/p>\n<p>&nbsp;<\/p>\n<h4><strong>STATURE: Le patron est pr\u00e9vu pour une stature de 1m65\u00a0<\/strong><\/h4>\n<p>Le patron \u00e9tant tr\u00e8s droit, si vous avez besoin d&rsquo;allonger ou de raccourcir le patron,\u00a0 il suffit de prolonger ou raccourcir les lignes de c\u00f4t\u00e9 pour modifier la longueur du patron.<\/p>\n<p>Pour ma stature de 1m60, j&rsquo;ai retir\u00e9 2cm sur la longueur de la blouse.<\/p>\n<ul>\n<li style=\"list-style-type: none;\">\n<ul>\n<li style=\"list-style-type: none;\">\n<ul>\n<li style=\"list-style-type: none;\">\n<ul>\n<li style=\"list-style-type: none;\">\n<ul>\n<li style=\"list-style-type: none;\"><\/li>\n<\/ul>\n<\/li>\n<\/ul>\n<\/li>\n<\/ul>\n<\/li>\n<\/ul>\n<\/li>\n<\/ul>\n<h4><strong>\u00a0 MESURES FINIES:<br \/>\n<\/strong>Les mesures du v\u00eatement fini ci-dessous (incluant l&rsquo;aisance du v\u00eatement) peuvent aussi vous aider \u00e0 choisir votre taille.<\/h4>\n<p><img loading=\"lazy\" decoding=\"async\" class=\"alignnone wp-image-40014\" src=\"https:\/\/preprod.dressyourbody.fr\/wp-content\/uploads\/2025\/09\/patron-karma-mesures-finies.png\" alt=\"Patron Karma, mesures finies des versions blouse et robes\" width=\"226\" height=\"356\" srcset=\"https:\/\/preprod.dressyourbody.fr\/wp-content\/uploads\/2025\/09\/patron-karma-mesures-finies.png 367w, https:\/\/preprod.dressyourbody.fr\/wp-content\/uploads\/2025\/09\/patron-karma-mesures-finies-8x12.png 8w, https:\/\/preprod.dressyourbody.fr\/wp-content\/uploads\/2025\/09\/patron-karma-mesures-finies-190x300.png 190w\" sizes=\"(max-width: 226px) 100vw, 226px\" \/>\u00a0 <img loading=\"lazy\" decoding=\"async\" class=\"alignnone wp-image-40013\" src=\"https:\/\/preprod.dressyourbody.fr\/wp-content\/uploads\/2025\/09\/patron-karma-longueur-milieu-dos.png\" alt=\"Patron Karma, hauteur milieu dos\" width=\"256\" height=\"364\" srcset=\"https:\/\/preprod.dressyourbody.fr\/wp-content\/uploads\/2025\/09\/patron-karma-longueur-milieu-dos.png 377w, https:\/\/preprod.dressyourbody.fr\/wp-content\/uploads\/2025\/09\/patron-karma-longueur-milieu-dos-8x12.png 8w, https:\/\/preprod.dressyourbody.fr\/wp-content\/uploads\/2025\/09\/patron-karma-longueur-milieu-dos-211x300.png 211w\" sizes=\"(max-width: 256px) 100vw, 256px\" \/><\/p>\n<p><img loading=\"lazy\" decoding=\"async\" class=\"alignnone wp-image-40015\" src=\"https:\/\/preprod.dressyourbody.fr\/wp-content\/uploads\/2025\/09\/karma-mesures-finies.jpg\" alt=\"Patron Karma, tableau de mesures finies\" width=\"586\" height=\"155\" srcset=\"https:\/\/preprod.dressyourbody.fr\/wp-content\/uploads\/2025\/09\/karma-mesures-finies.jpg 575w, https:\/\/preprod.dressyourbody.fr\/wp-content\/uploads\/2025\/09\/karma-mesures-finies-500x132.jpg 500w, https:\/\/preprod.dressyourbody.fr\/wp-content\/uploads\/2025\/09\/karma-mesures-finies-18x5.jpg 18w, https:\/\/preprod.dressyourbody.fr\/wp-content\/uploads\/2025\/09\/karma-mesures-finies-300x79.jpg 300w\" sizes=\"(max-width: 586px) 100vw, 586px\" \/><\/p>\n<p><img loading=\"lazy\" decoding=\"async\" class=\"alignnone wp-image-40018 size-full\" src=\"https:\/\/preprod.dressyourbody.fr\/wp-content\/uploads\/2025\/09\/karma-hauteur-milieu-dos-1.jpg\" alt=\"Patron Karma, tableau de mesures, hauteur milieu dos\" width=\"589\" height=\"153\" srcset=\"https:\/\/preprod.dressyourbody.fr\/wp-content\/uploads\/2025\/09\/karma-hauteur-milieu-dos-1.jpg 589w, https:\/\/preprod.dressyourbody.fr\/wp-content\/uploads\/2025\/09\/karma-hauteur-milieu-dos-1-500x130.jpg 500w, https:\/\/preprod.dressyourbody.fr\/wp-content\/uploads\/2025\/09\/karma-hauteur-milieu-dos-1-18x5.jpg 18w, https:\/\/preprod.dressyourbody.fr\/wp-content\/uploads\/2025\/09\/karma-hauteur-milieu-dos-1-300x78.jpg 300w\" sizes=\"(max-width: 589px) 100vw, 589px\" \/><\/p>\n<p>&nbsp;<\/p>\n<p>&nbsp;<\/p>\n<p>&nbsp;<\/p>\n<h3 style=\"text-align: center;\"><strong>ET DANS TOUT \u00c7A, QUEL TISSU CHOISIR ?<\/strong><\/h3>\n<p><a href=\"https:\/\/preprod.dressyourbody.fr\/wp-content\/uploads\/2022\/03\/rouleaux-tissus.jpeg\"><img loading=\"lazy\" decoding=\"async\" class=\"size-full wp-image-31182 aligncenter\" src=\"https:\/\/preprod.dressyourbody.fr\/wp-content\/uploads\/2022\/03\/rouleaux-tissus.jpeg\" alt=\"Rouleaux de tissu\" width=\"200\" height=\"113\" srcset=\"https:\/\/preprod.dressyourbody.fr\/wp-content\/uploads\/2022\/03\/rouleaux-tissus.jpeg 200w, https:\/\/preprod.dressyourbody.fr\/wp-content\/uploads\/2022\/03\/rouleaux-tissus-18x10.jpeg 18w\" sizes=\"(max-width: 200px) 100vw, 200px\" \/><\/a><\/p>\n<h4><strong>TISSUS CONSEILLES:<\/strong><\/h4>\n<ul>\n<li>Tissu poids l\u00e9ger \u00e0 moyen, jusqu\u2019\u00e0 250gr\/m2 environ<\/li>\n<li>Flanelle, viscose, denim l\u00e9ger, cotonnade\u2026<\/li>\n<\/ul>\n<p>Sur les photos, la blouse Karma a \u00e9t\u00e9 r\u00e9alis\u00e9e:<\/p>\n<ul>\n<li>en <strong>coton gaufr\u00e9 <\/strong>de chez Agn\u00e8s.b<\/li>\n<li>en <b>coton ray\u00e9 Alyz\u00e9e (100g\/m2) <\/b>de chez <a href=\"https:\/\/mydress-made.com\/\" target=\"_blank\" rel=\"noopener\">My Dress Made<\/a><\/li>\n<li>en <strong>denim l\u00e9ger noir Donato (220g \/m2)<\/strong> de chez Torretto Tessuti<\/li>\n<\/ul>\n<p>&nbsp;<\/p>","protected":false},"excerpt":{"rendered":"<ul>\n<li><strong>VIDEO de montage DISPONIBLE<\/strong><\/li>\n<li>Planche de patrons allant de la<span style=\"color: #000000;\"><strong> T34 \u00e0 46 (les T48 \u00e0 52 arrivent tr\u00e8s vite)<\/strong><\/span><\/li>\n<li>Version <strong>POCHETTE ou<\/strong> <span style=\"color: #000000;\"><strong>PDF<\/strong><\/span> a<span style=\"color: #ff0000;\"><span style=\"color: #000000;\">vec <strong>gestion des calques<\/strong>\u00a0<\/span><\/span><\/li>\n<li><span style=\"color: #000000;\"><strong>Marges de couture incluses : 1cm<\/strong><\/span><\/li>\n<li><strong>Stature <\/strong><strong>1m65\u00a0<\/strong><\/li>\n<\/ul>\n<p>&nbsp; <\/p>\n<div><a class=\"zoli-read-more-link\" href=\"https:\/\/preprod.dressyourbody.fr\/en\/product\/patron-blouse-robe-karma\/\">Read More<span class=\"lexus-icon-Icon_Next\"><\/span><\/a><\/div>","protected":false},"featured_media":40338,"comment_status":"open","ping_status":"closed","template":"","meta":{"_acf_changed":false},"product_brand":[],"product_cat":[1233,1234],"product_tag":[1194,637],"class_list":{"0":"post-40009","1":"product","2":"type-product","3":"status-publish","4":"has-post-thumbnail","6":"product_cat-robes","7":"product_cat-tops","8":"product_tag-couture-facile","9":"product_tag-patron","10":"pa_difficulte-expert","11":"pa_formatpatron-patron-pdf-format-a4-a0","12":"pa_formatpatron-patronpochette","14":"first","15":"outofstock","16":"featured","17":"shipping-taxable","18":"purchasable","19":"product-type-variable"},"acf":[],"yoast_head":"<!-- This site is optimized with the Yoast SEO plugin v27.3 - https:\/\/yoast.com\/product\/yoast-seo-wordpress\/ -->\n<title>Patron Karma - DressYourBody - Patron de couture femme<\/title>\n<meta name=\"description\" content=\"Le patron Karma, en blouse ou en robe, est un patron versatile. Customis\u00e9 avec des rivets pour un c\u00f4t\u00e9 rock ou tout simple pour un basique +++\" \/>\n<meta name=\"robots\" content=\"index, follow, max-snippet:-1, max-image-preview:large, max-video-preview:-1\" \/>\n<link rel=\"canonical\" href=\"https:\/\/preprod.dressyourbody.fr\/en\/product\/patron-blouse-robe-karma\/\" \/>\n<meta property=\"og:locale\" content=\"en_US\" \/>\n<meta property=\"og:type\" content=\"article\" \/>\n<meta property=\"og:title\" content=\"Patron Karma - DressYourBody - Patron de couture femme\" \/>\n<meta property=\"og:description\" content=\"Le patron Karma, en blouse ou en robe, est un patron versatile. Customis\u00e9 avec des rivets pour un c\u00f4t\u00e9 rock ou tout simple pour un basique +++\" \/>\n<meta property=\"og:url\" content=\"https:\/\/preprod.dressyourbody.fr\/en\/product\/patron-blouse-robe-karma\/\" \/>\n<meta property=\"og:site_name\" content=\"Dressyourbody\" \/>\n<meta property=\"article:publisher\" content=\"https:\/\/www.facebook.com\/dressyourbody.couture\/\" \/>\n<meta property=\"article:modified_time\" content=\"2026-04-02T12:28:34+00:00\" \/>\n<meta property=\"og:image\" content=\"https:\/\/preprod.dressyourbody.fr\/wp-content\/uploads\/2025\/09\/blous-karma-lise-tailor2.jpg\" \/>\n\t<meta property=\"og:image:width\" content=\"600\" \/>\n\t<meta property=\"og:image:height\" content=\"750\" \/>\n\t<meta property=\"og:image:type\" content=\"image\/jpeg\" \/>\n<meta name=\"twitter:card\" content=\"summary_large_image\" \/>\n<meta name=\"twitter:label1\" content=\"Est. reading time\" \/>\n\t<meta name=\"twitter:data1\" content=\"4 minutes\" \/>\n<script type=\"application\/ld+json\" class=\"yoast-schema-graph\">{\"@context\":\"https:\\\/\\\/schema.org\",\"@graph\":[{\"@type\":\"WebPage\",\"@id\":\"https:\\\/\\\/preprod.dressyourbody.fr\\\/en\\\/product\\\/patron-blouse-robe-karma\\\/\",\"url\":\"https:\\\/\\\/preprod.dressyourbody.fr\\\/en\\\/product\\\/patron-blouse-robe-karma\\\/\",\"name\":\"Patron Karma - DressYourBody - Patron de couture femme\",\"isPartOf\":{\"@id\":\"https:\\\/\\\/preprod.dressyourbody.fr\\\/#website\"},\"primaryImageOfPage\":{\"@id\":\"https:\\\/\\\/preprod.dressyourbody.fr\\\/en\\\/product\\\/patron-blouse-robe-karma\\\/#primaryimage\"},\"image\":{\"@id\":\"https:\\\/\\\/preprod.dressyourbody.fr\\\/en\\\/product\\\/patron-blouse-robe-karma\\\/#primaryimage\"},\"thumbnailUrl\":\"https:\\\/\\\/preprod.dressyourbody.fr\\\/wp-content\\\/uploads\\\/2025\\\/09\\\/blous-karma-lise-tailor2.jpg\",\"datePublished\":\"2025-09-15T11:28:36+00:00\",\"dateModified\":\"2026-04-02T12:28:34+00:00\",\"description\":\"Le patron Karma, en blouse ou en robe, est un patron versatile. Customis\u00e9 avec des rivets pour un c\u00f4t\u00e9 rock ou tout simple pour un basique +++\",\"breadcrumb\":{\"@id\":\"https:\\\/\\\/preprod.dressyourbody.fr\\\/en\\\/product\\\/patron-blouse-robe-karma\\\/#breadcrumb\"},\"inLanguage\":\"en-US\",\"potentialAction\":[{\"@type\":\"ReadAction\",\"target\":[\"https:\\\/\\\/preprod.dressyourbody.fr\\\/en\\\/product\\\/patron-blouse-robe-karma\\\/\"]}]},{\"@type\":\"ImageObject\",\"inLanguage\":\"en-US\",\"@id\":\"https:\\\/\\\/preprod.dressyourbody.fr\\\/en\\\/product\\\/patron-blouse-robe-karma\\\/#primaryimage\",\"url\":\"https:\\\/\\\/preprod.dressyourbody.fr\\\/wp-content\\\/uploads\\\/2025\\\/09\\\/blous-karma-lise-tailor2.jpg\",\"contentUrl\":\"https:\\\/\\\/preprod.dressyourbody.fr\\\/wp-content\\\/uploads\\\/2025\\\/09\\\/blous-karma-lise-tailor2.jpg\",\"width\":600,\"height\":750,\"caption\":\"Blouse Karma en viscose Lise Tailor. Photo de face.\"},{\"@type\":\"BreadcrumbList\",\"@id\":\"https:\\\/\\\/preprod.dressyourbody.fr\\\/en\\\/product\\\/patron-blouse-robe-karma\\\/#breadcrumb\",\"itemListElement\":[{\"@type\":\"ListItem\",\"position\":1,\"name\":\"Accueil\",\"item\":\"https:\\\/\\\/preprod.dressyourbody.fr\\\/en\\\/\"},{\"@type\":\"ListItem\",\"position\":2,\"name\":\"LA BOUTIQUE\",\"item\":\"https:\\\/\\\/preprod.dressyourbody.fr\\\/en\\\/?page_id=22934\"},{\"@type\":\"ListItem\",\"position\":3,\"name\":\"Patron Blouse \\\/ Robe Karma\"}]},{\"@type\":\"WebSite\",\"@id\":\"https:\\\/\\\/preprod.dressyourbody.fr\\\/#website\",\"url\":\"https:\\\/\\\/preprod.dressyourbody.fr\\\/\",\"name\":\"DressYourBody\",\"description\":\"Patrons de couture\",\"publisher\":{\"@id\":\"https:\\\/\\\/preprod.dressyourbody.fr\\\/#organization\"},\"potentialAction\":[{\"@type\":\"SearchAction\",\"target\":{\"@type\":\"EntryPoint\",\"urlTemplate\":\"https:\\\/\\\/preprod.dressyourbody.fr\\\/?s={search_term_string}\"},\"query-input\":{\"@type\":\"PropertyValueSpecification\",\"valueRequired\":true,\"valueName\":\"search_term_string\"}}],\"inLanguage\":\"en-US\"},{\"@type\":\"Organization\",\"@id\":\"https:\\\/\\\/preprod.dressyourbody.fr\\\/#organization\",\"name\":\"DressYourBody.fr\",\"url\":\"https:\\\/\\\/preprod.dressyourbody.fr\\\/\",\"logo\":{\"@type\":\"ImageObject\",\"inLanguage\":\"en-US\",\"@id\":\"https:\\\/\\\/preprod.dressyourbody.fr\\\/#\\\/schema\\\/logo\\\/image\\\/\",\"url\":\"https:\\\/\\\/preprod.dressyourbody.fr\\\/wp-content\\\/uploads\\\/2018\\\/07\\\/Logo-rond.png\",\"contentUrl\":\"https:\\\/\\\/preprod.dressyourbody.fr\\\/wp-content\\\/uploads\\\/2018\\\/07\\\/Logo-rond.png\",\"width\":451,\"height\":449,\"caption\":\"DressYourBody.fr\"},\"image\":{\"@id\":\"https:\\\/\\\/preprod.dressyourbody.fr\\\/#\\\/schema\\\/logo\\\/image\\\/\"},\"sameAs\":[\"https:\\\/\\\/www.facebook.com\\\/dressyourbody.couture\\\/\",\"https:\\\/\\\/www.instagram.com\\\/dressyourbody.couture\\\/\",\"https:\\\/\\\/www.linkedin.com\\\/company\\\/11295981\\\/\",\"https:\\\/\\\/www.pinterest.fr\\\/dressyourbody\\\/\",\"https:\\\/\\\/www.youtube.com\\\/channel\\\/UCD9FR054rT1zUXmwxImG5vA?view_as=subscriber\"]}]}<\/script>\n<!-- \/ Yoast SEO plugin. -->","yoast_head_json":{"title":"Patron Karma - DressYourBody - Patron de couture femme","description":"Le patron Karma, en blouse ou en robe, est un patron versatile. Customis\u00e9 avec des rivets pour un c\u00f4t\u00e9 rock ou tout simple pour un basique +++","robots":{"index":"index","follow":"follow","max-snippet":"max-snippet:-1","max-image-preview":"max-image-preview:large","max-video-preview":"max-video-preview:-1"},"canonical":"https:\/\/preprod.dressyourbody.fr\/en\/product\/patron-blouse-robe-karma\/","og_locale":"en_US","og_type":"article","og_title":"Patron Karma - DressYourBody - Patron de couture femme","og_description":"Le patron Karma, en blouse ou en robe, est un patron versatile. Customis\u00e9 avec des rivets pour un c\u00f4t\u00e9 rock ou tout simple pour un basique +++","og_url":"https:\/\/preprod.dressyourbody.fr\/en\/product\/patron-blouse-robe-karma\/","og_site_name":"Dressyourbody","article_publisher":"https:\/\/www.facebook.com\/dressyourbody.couture\/","article_modified_time":"2026-04-02T12:28:34+00:00","og_image":[{"width":600,"height":750,"url":"https:\/\/preprod.dressyourbody.fr\/wp-content\/uploads\/2025\/09\/blous-karma-lise-tailor2.jpg","type":"image\/jpeg"}],"twitter_card":"summary_large_image","twitter_misc":{"Est. reading time":"4 minutes"},"schema":{"@context":"https:\/\/schema.org","@graph":[{"@type":"WebPage","@id":"https:\/\/preprod.dressyourbody.fr\/en\/product\/patron-blouse-robe-karma\/","url":"https:\/\/preprod.dressyourbody.fr\/en\/product\/patron-blouse-robe-karma\/","name":"Patron Karma - DressYourBody - Patron de couture femme","isPartOf":{"@id":"https:\/\/preprod.dressyourbody.fr\/#website"},"primaryImageOfPage":{"@id":"https:\/\/preprod.dressyourbody.fr\/en\/product\/patron-blouse-robe-karma\/#primaryimage"},"image":{"@id":"https:\/\/preprod.dressyourbody.fr\/en\/product\/patron-blouse-robe-karma\/#primaryimage"},"thumbnailUrl":"https:\/\/preprod.dressyourbody.fr\/wp-content\/uploads\/2025\/09\/blous-karma-lise-tailor2.jpg","datePublished":"2025-09-15T11:28:36+00:00","dateModified":"2026-04-02T12:28:34+00:00","description":"Le patron Karma, en blouse ou en robe, est un patron versatile. Customis\u00e9 avec des rivets pour un c\u00f4t\u00e9 rock ou tout simple pour un basique +++","breadcrumb":{"@id":"https:\/\/preprod.dressyourbody.fr\/en\/product\/patron-blouse-robe-karma\/#breadcrumb"},"inLanguage":"en-US","potentialAction":[{"@type":"ReadAction","target":["https:\/\/preprod.dressyourbody.fr\/en\/product\/patron-blouse-robe-karma\/"]}]},{"@type":"ImageObject","inLanguage":"en-US","@id":"https:\/\/preprod.dressyourbody.fr\/en\/product\/patron-blouse-robe-karma\/#primaryimage","url":"https:\/\/preprod.dressyourbody.fr\/wp-content\/uploads\/2025\/09\/blous-karma-lise-tailor2.jpg","contentUrl":"https:\/\/preprod.dressyourbody.fr\/wp-content\/uploads\/2025\/09\/blous-karma-lise-tailor2.jpg","width":600,"height":750,"caption":"Blouse Karma en viscose Lise Tailor. Photo de face."},{"@type":"BreadcrumbList","@id":"https:\/\/preprod.dressyourbody.fr\/en\/product\/patron-blouse-robe-karma\/#breadcrumb","itemListElement":[{"@type":"ListItem","position":1,"name":"Accueil","item":"https:\/\/preprod.dressyourbody.fr\/en\/"},{"@type":"ListItem","position":2,"name":"LA BOUTIQUE","item":"https:\/\/preprod.dressyourbody.fr\/en\/?page_id=22934"},{"@type":"ListItem","position":3,"name":"Patron Blouse \/ Robe Karma"}]},{"@type":"WebSite","@id":"https:\/\/preprod.dressyourbody.fr\/#website","url":"https:\/\/preprod.dressyourbody.fr\/","name":"DressYourBody","description":"Patrons de couture","publisher":{"@id":"https:\/\/preprod.dressyourbody.fr\/#organization"},"potentialAction":[{"@type":"SearchAction","target":{"@type":"EntryPoint","urlTemplate":"https:\/\/preprod.dressyourbody.fr\/?s={search_term_string}"},"query-input":{"@type":"PropertyValueSpecification","valueRequired":true,"valueName":"search_term_string"}}],"inLanguage":"en-US"},{"@type":"Organization","@id":"https:\/\/preprod.dressyourbody.fr\/#organization","name":"DressYourBody.fr","url":"https:\/\/preprod.dressyourbody.fr\/","logo":{"@type":"ImageObject","inLanguage":"en-US","@id":"https:\/\/preprod.dressyourbody.fr\/#\/schema\/logo\/image\/","url":"https:\/\/preprod.dressyourbody.fr\/wp-content\/uploads\/2018\/07\/Logo-rond.png","contentUrl":"https:\/\/preprod.dressyourbody.fr\/wp-content\/uploads\/2018\/07\/Logo-rond.png","width":451,"height":449,"caption":"DressYourBody.fr"},"image":{"@id":"https:\/\/preprod.dressyourbody.fr\/#\/schema\/logo\/image\/"},"sameAs":["https:\/\/www.facebook.com\/dressyourbody.couture\/","https:\/\/www.instagram.com\/dressyourbody.couture\/","https:\/\/www.linkedin.com\/company\/11295981\/","https:\/\/www.pinterest.fr\/dressyourbody\/","https:\/\/www.youtube.com\/channel\/UCD9FR054rT1zUXmwxImG5vA?view_as=subscriber"]}]}},"_links":{"self":[{"href":"https:\/\/preprod.dressyourbody.fr\/en\/wp-json\/wp\/v2\/product\/40009","targetHints":{"allow":["GET"]}}],"collection":[{"href":"https:\/\/preprod.dressyourbody.fr\/en\/wp-json\/wp\/v2\/product"}],"about":[{"href":"https:\/\/preprod.dressyourbody.fr\/en\/wp-json\/wp\/v2\/types\/product"}],"replies":[{"embeddable":true,"href":"https:\/\/preprod.dressyourbody.fr\/en\/wp-json\/wp\/v2\/comments?post=40009"}],"wp:featuredmedia":[{"embeddable":true,"href":"https:\/\/preprod.dressyourbody.fr\/en\/wp-json\/wp\/v2\/media\/40338"}],"wp:attachment":[{"href":"https:\/\/preprod.dressyourbody.fr\/en\/wp-json\/wp\/v2\/media?parent=40009"}],"wp:term":[{"taxonomy":"product_brand","embeddable":true,"href":"https:\/\/preprod.dressyourbody.fr\/en\/wp-json\/wp\/v2\/product_brand?post=40009"},{"taxonomy":"product_cat","embeddable":true,"href":"https:\/\/preprod.dressyourbody.fr\/en\/wp-json\/wp\/v2\/product_cat?post=40009"},{"taxonomy":"product_tag","embeddable":true,"href":"https:\/\/preprod.dressyourbody.fr\/en\/wp-json\/wp\/v2\/product_tag?post=40009"}],"curies":[{"name":"wp","href":"https:\/\/api.w.org\/{rel}","templated":true}]}}