{"id":39537,"date":"2025-06-02T10:12:12","date_gmt":"2025-06-02T08:12:12","guid":{"rendered":"https:\/\/dressyourbody.fr\/fr\/?post_type=product&#038;p=39537"},"modified":"2026-03-09T16:54:41","modified_gmt":"2026-03-09T14:54:41","slug":"patron-sac-scappa","status":"publish","type":"product","link":"https:\/\/preprod.dressyourbody.fr\/en\/product\/patron-sac-scappa\/","title":{"rendered":"Patron sac Scappa"},"content":{"rendered":"<h4 style=\"text-align: center;\"><strong>DESCRIPTION<\/strong><\/h4>\n<p>Le sac Scappa est un sac \u00e0 la forme originale toute en rondeur.\u00a0Les 3 plis creux sur le devant sont \u00e0 la fois esth\u00e9tiques tout en apportant au sac Scappa un joli volume.<\/p>\n<p>La finition avec de la sangle lui conf\u00e8re un c\u00f4t\u00e9 \u00ab\u00a0brut\u00a0\u00bb et permet de jouer sur les contrastes de couleur!<\/p>\n<p><img fetchpriority=\"high\" decoding=\"async\" class=\"alignnone wp-image-39551\" src=\"https:\/\/preprod.dressyourbody.fr\/wp-content\/uploads\/2025\/06\/sac-scappa-sketch-presentation.png\" alt=\"Sac Scappa, sketch de pr\u00e9sentation du mod\u00e8le\" width=\"506\" height=\"405\" srcset=\"https:\/\/preprod.dressyourbody.fr\/wp-content\/uploads\/2025\/06\/sac-scappa-sketch-presentation.png 841w, https:\/\/preprod.dressyourbody.fr\/wp-content\/uploads\/2025\/06\/sac-scappa-sketch-presentation-500x400.png 500w, https:\/\/preprod.dressyourbody.fr\/wp-content\/uploads\/2025\/06\/sac-scappa-sketch-presentation-15x12.png 15w, https:\/\/preprod.dressyourbody.fr\/wp-content\/uploads\/2025\/06\/sac-scappa-sketch-presentation-300x240.png 300w, https:\/\/preprod.dressyourbody.fr\/wp-content\/uploads\/2025\/06\/sac-scappa-sketch-presentation-768x615.png 768w\" sizes=\"(max-width: 506px) 100vw, 506px\" \/><\/p>\n<p>Il tr\u00e8s pratique avec ses diff\u00e9rentes options de rangement:<\/p>\n<ul>\n<li>1 poche \u00e9lastiqu\u00e9e \u00e0 3 compartiments<\/li>\n<li>1 poche zipp\u00e9e<\/li>\n<li>1 poche avec bouton pression<\/li>\n<li>1 attache pour les cl\u00e9s.<\/li>\n<\/ul>\n<p>Gr\u00e2ce aux diff\u00e9rentes tailles propos\u00e9es, il peut vous accompagner partout, au quotidien, \u00e0 la plage et m\u00eame jusqu\u2019en week-end!<\/p>\n<p>&nbsp;<\/p>\n<p><img decoding=\"async\" class=\"alignnone wp-image-39548\" src=\"https:\/\/preprod.dressyourbody.fr\/wp-content\/uploads\/2025\/06\/scappa56.png\" alt=\"sac-scappa-poche-interieure-zippee\" width=\"175\" height=\"227\" data-wp-editing=\"1\" srcset=\"https:\/\/preprod.dressyourbody.fr\/wp-content\/uploads\/2025\/06\/scappa56.png 250w, https:\/\/preprod.dressyourbody.fr\/wp-content\/uploads\/2025\/06\/scappa56-9x12.png 9w, https:\/\/preprod.dressyourbody.fr\/wp-content\/uploads\/2025\/06\/scappa56-231x300.png 231w\" sizes=\"(max-width: 175px) 100vw, 175px\" \/> <img decoding=\"async\" class=\"alignnone wp-image-39549\" src=\"https:\/\/preprod.dressyourbody.fr\/wp-content\/uploads\/2025\/06\/scappa57.png\" alt=\"sac-scappa-poche-interieure-avec-pression\" width=\"175\" height=\"222\" srcset=\"https:\/\/preprod.dressyourbody.fr\/wp-content\/uploads\/2025\/06\/scappa57.png 255w, https:\/\/preprod.dressyourbody.fr\/wp-content\/uploads\/2025\/06\/scappa57-9x12.png 9w, https:\/\/preprod.dressyourbody.fr\/wp-content\/uploads\/2025\/06\/scappa57-236x300.png 236w\" sizes=\"(max-width: 175px) 100vw, 175px\" \/> <img loading=\"lazy\" decoding=\"async\" class=\"alignnone wp-image-39550\" src=\"https:\/\/preprod.dressyourbody.fr\/wp-content\/uploads\/2025\/06\/scappa58.png\" alt=\"sac-scappa-poche-interieure-3-compartiments\" width=\"175\" height=\"222\" srcset=\"https:\/\/preprod.dressyourbody.fr\/wp-content\/uploads\/2025\/06\/scappa58.png 255w, https:\/\/preprod.dressyourbody.fr\/wp-content\/uploads\/2025\/06\/scappa58-9x12.png 9w, https:\/\/preprod.dressyourbody.fr\/wp-content\/uploads\/2025\/06\/scappa58-236x300.png 236w\" sizes=\"(max-width: 175px) 100vw, 175px\" \/><\/p>\n<p>&nbsp;<\/p>\n<h4 style=\"text-align: center;\"><strong>JE CHOISIS QUELLE TAILLE?<\/strong><\/h4>\n<p><strong>Le sac Scappa existe en 3 formats:\u00a0<\/strong><\/p>\n<ul>\n<li><b>Le MEGA <\/b><b>Scappa:\u00a0<\/b>Il poss\u00e8de vraiment une grande contenance pour vous permettre d\u2019emporter tout ce qu\u2019il vous faut le temps d\u2019un week-end.<\/li>\n<li><b>Le BIG <\/b><b>Scappa: <\/b>Il est pens\u00e9 comme un sac de plage, pour mettre p\u00eale-m\u00eale la serviette de bain, la gourde, le bouquin et bien s\u00fbr la cr\u00e8me solaire! (si vous devez aussi emmener le go\u00fbter, la pelle et le seau, nous vous conseillerons alors la version <b>MEGA<\/b> !)<\/li>\n<li><b>Le PETIT <\/b><b>Scappa:\u00a0<\/b>Vous le mettrez quand \u00e0 lui sur l\u2019\u00e9paule pour faire un tour en ville et aller d\u00e9guster une bonne glace!<\/li>\n<\/ul>\n<ul>\n<li style=\"list-style-type: none;\">\n<ul>\n<li style=\"list-style-type: none;\">\n<ul>\n<li style=\"list-style-type: none;\">\n<ul>\n<li style=\"list-style-type: none;\">\n<ul>\n<li style=\"list-style-type: none;\"><\/li>\n<\/ul>\n<\/li>\n<\/ul>\n<\/li>\n<\/ul>\n<\/li>\n<\/ul>\n<\/li>\n<\/ul>\n<p><strong>MESURES FINIES:<br \/>\n<\/strong>Les mesures du sac fini ci-dessous sont mesur\u00e9es sans tenir compte des plis.<\/p>\n<p><img loading=\"lazy\" decoding=\"async\" class=\"alignnone wp-image-39544\" src=\"https:\/\/preprod.dressyourbody.fr\/wp-content\/uploads\/2025\/06\/scappa-mesures-finies.jpg\" alt=\"Mesures finies du sac Scappa\" width=\"322\" height=\"316\" srcset=\"https:\/\/preprod.dressyourbody.fr\/wp-content\/uploads\/2025\/06\/scappa-mesures-finies.jpg 537w, https:\/\/preprod.dressyourbody.fr\/wp-content\/uploads\/2025\/06\/scappa-mesures-finies-500x491.jpg 500w, https:\/\/preprod.dressyourbody.fr\/wp-content\/uploads\/2025\/06\/scappa-mesures-finies-12x12.jpg 12w, https:\/\/preprod.dressyourbody.fr\/wp-content\/uploads\/2025\/06\/scappa-mesures-finies-300x294.jpg 300w, https:\/\/preprod.dressyourbody.fr\/wp-content\/uploads\/2025\/06\/scappa-mesures-finies-50x50.jpg 50w\" sizes=\"(max-width: 322px) 100vw, 322px\" \/><\/p>\n<p>&nbsp;<\/p>\n<ol>\n<li><strong>Largeur:<\/strong> PETIT format: 44cm \/ BIG format: 52cm \/ MEGA format: 62,5cm<\/li>\n<li><strong>Hauteur: <\/strong>PETIT format: 30cm \/ BIG format: 30cm \/ MEGA format: 36cm<\/li>\n<li><strong>Profondeur: <\/strong>PETIT format: 11cm \/ BIG format: 11cm \/ MEGA format: 13cm<\/li>\n<\/ol>\n<p>&nbsp;<\/p>\n<h4 style=\"text-align: center;\"><strong>ET DANS TOUT \u00c7A, QUEL TISSU CHOISIR ?<\/strong><\/h4>\n<p><a href=\"https:\/\/preprod.dressyourbody.fr\/wp-content\/uploads\/2022\/03\/rouleaux-tissus.jpeg\"><img loading=\"lazy\" decoding=\"async\" class=\"size-full wp-image-31182 aligncenter\" src=\"https:\/\/preprod.dressyourbody.fr\/wp-content\/uploads\/2022\/03\/rouleaux-tissus.jpeg\" alt=\"Rouleaux de tissu\" width=\"200\" height=\"113\" srcset=\"https:\/\/preprod.dressyourbody.fr\/wp-content\/uploads\/2022\/03\/rouleaux-tissus.jpeg 200w, https:\/\/preprod.dressyourbody.fr\/wp-content\/uploads\/2022\/03\/rouleaux-tissus-18x10.jpeg 18w\" sizes=\"(max-width: 200px) 100vw, 200px\" \/><\/a><\/p>\n<p><strong>TISSUS CONSEILLES:<\/strong><\/p>\n<ul>\n<li><strong>Pour l\u2019ext\u00e9rieur,<\/strong> tissu avec un peu de tenue comme de la toile, du jeans, de la gabardine, du velours, du jacquard \u2026<\/li>\n<li><strong>Pour l\u2019int\u00e9rieur,<\/strong> tissu l\u00e9ger comme de la popeline, viscose, lin \u2026<\/li>\n<\/ul>\n<p>Sur les photos, le sac Scappa a \u00e9t\u00e9 r\u00e9alis\u00e9:<\/p>\n<ul>\n<li>en <strong>jacquard et popeline de coton<\/strong><\/li>\n<li>en <strong>toile coton et popeline de coton <\/strong>de chez Kattun Stoffe<\/li>\n<\/ul>\n<p>&nbsp;<\/p>","protected":false},"excerpt":{"rendered":"<p>Le sac Scappa est un sac \u00e0 la forme originale toute en rondeurs &#8230;<\/p>\n<ul>\n<li><strong>VIDEO<\/strong> de montage disponible<\/li>\n<li>Version <strong>POCHETTE ou<\/strong> <span style=\"color: #000000;\"><strong>PDF<\/strong><\/span> a<span style=\"color: #ff0000;\"><span style=\"color: #000000;\">vec <strong>gestion des calques<\/strong>\u00a0<\/span><\/span><\/li>\n<li><span style=\"color: #000000;\"><strong>Marges de couture incluses : 1cm\u00a0<\/strong><\/span><\/li>\n<li><strong>3 formats\u00a0<\/strong><\/li>\n<\/ul>\n<p>&nbsp; <\/p>\n<div><a class=\"zoli-read-more-link\" href=\"https:\/\/preprod.dressyourbody.fr\/en\/product\/patron-sac-scappa\/\">Read More<span class=\"lexus-icon-Icon_Next\"><\/span><\/a><\/div>","protected":false},"featured_media":40690,"comment_status":"open","ping_status":"closed","template":"","meta":{"_acf_changed":false},"product_brand":[],"product_cat":[1279,1254],"product_tag":[1194,637],"class_list":{"0":"post-39537","1":"product","2":"type-product","3":"status-publish","4":"has-post-thumbnail","6":"product_cat-accessoires","7":"product_cat-nouveautes","8":"product_tag-couture-facile","9":"product_tag-patron","10":"pa_difficulte-expert","11":"pa_formatpatron-patron-pdf-format-a4-a0","12":"pa_formatpatron-patronpochette","14":"first","15":"instock","16":"featured","17":"shipping-taxable","18":"purchasable","19":"product-type-variable"},"acf":[],"yoast_head":"<!-- This site is optimized with the Yoast SEO plugin v27.3 - https:\/\/yoast.com\/product\/yoast-seo-wordpress\/ -->\n<title>Patron sac Scappa - DressYourBody - Patron de couture femme<\/title>\n<meta name=\"description\" content=\"Compl\u00e8tement doubl\u00e9 et dot\u00e9 de 3 jolis plis creux sur le devant, le sac Scappa est un sac \u00e0 la forme originale, tout en rondeurs ... 3 formats disponibles.\" \/>\n<meta name=\"robots\" content=\"index, follow, max-snippet:-1, max-image-preview:large, max-video-preview:-1\" \/>\n<link rel=\"canonical\" href=\"https:\/\/preprod.dressyourbody.fr\/en\/product\/patron-sac-scappa\/\" \/>\n<meta property=\"og:locale\" content=\"en_US\" \/>\n<meta property=\"og:type\" content=\"article\" \/>\n<meta property=\"og:title\" content=\"Patron sac Scappa - DressYourBody - Patron de couture femme\" \/>\n<meta property=\"og:description\" content=\"Compl\u00e8tement doubl\u00e9 et dot\u00e9 de 3 jolis plis creux sur le devant, le sac Scappa est un sac \u00e0 la forme originale, tout en rondeurs ... 3 formats disponibles.\" \/>\n<meta property=\"og:url\" content=\"https:\/\/preprod.dressyourbody.fr\/en\/product\/patron-sac-scappa\/\" \/>\n<meta property=\"og:site_name\" content=\"Dressyourbody\" \/>\n<meta property=\"article:publisher\" content=\"https:\/\/www.facebook.com\/dressyourbody.couture\/\" \/>\n<meta property=\"article:modified_time\" content=\"2026-03-09T14:54:41+00:00\" \/>\n<meta property=\"og:image\" content=\"https:\/\/preprod.dressyourbody.fr\/wp-content\/uploads\/2026\/01\/sac-scappa-doudoune-agnesb.jpg\" \/>\n\t<meta property=\"og:image:width\" content=\"700\" \/>\n\t<meta property=\"og:image:height\" content=\"875\" \/>\n\t<meta property=\"og:image:type\" content=\"image\/jpeg\" \/>\n<meta name=\"twitter:card\" content=\"summary_large_image\" \/>\n<meta name=\"twitter:label1\" content=\"Est. reading time\" \/>\n\t<meta name=\"twitter:data1\" content=\"3 minutes\" \/>\n<script type=\"application\/ld+json\" class=\"yoast-schema-graph\">{\"@context\":\"https:\\\/\\\/schema.org\",\"@graph\":[{\"@type\":\"WebPage\",\"@id\":\"https:\\\/\\\/preprod.dressyourbody.fr\\\/en\\\/product\\\/patron-sac-scappa\\\/\",\"url\":\"https:\\\/\\\/preprod.dressyourbody.fr\\\/en\\\/product\\\/patron-sac-scappa\\\/\",\"name\":\"Patron sac Scappa - DressYourBody - Patron de couture femme\",\"isPartOf\":{\"@id\":\"https:\\\/\\\/preprod.dressyourbody.fr\\\/#website\"},\"primaryImageOfPage\":{\"@id\":\"https:\\\/\\\/preprod.dressyourbody.fr\\\/en\\\/product\\\/patron-sac-scappa\\\/#primaryimage\"},\"image\":{\"@id\":\"https:\\\/\\\/preprod.dressyourbody.fr\\\/en\\\/product\\\/patron-sac-scappa\\\/#primaryimage\"},\"thumbnailUrl\":\"https:\\\/\\\/preprod.dressyourbody.fr\\\/wp-content\\\/uploads\\\/2026\\\/01\\\/sac-scappa-doudoune-agnesb.jpg\",\"datePublished\":\"2025-06-02T08:12:12+00:00\",\"dateModified\":\"2026-03-09T14:54:41+00:00\",\"description\":\"Compl\u00e8tement doubl\u00e9 et dot\u00e9 de 3 jolis plis creux sur le devant, le sac Scappa est un sac \u00e0 la forme originale, tout en rondeurs ... 3 formats disponibles.\",\"breadcrumb\":{\"@id\":\"https:\\\/\\\/preprod.dressyourbody.fr\\\/en\\\/product\\\/patron-sac-scappa\\\/#breadcrumb\"},\"inLanguage\":\"en-US\",\"potentialAction\":[{\"@type\":\"ReadAction\",\"target\":[\"https:\\\/\\\/preprod.dressyourbody.fr\\\/en\\\/product\\\/patron-sac-scappa\\\/\"]}]},{\"@type\":\"ImageObject\",\"inLanguage\":\"en-US\",\"@id\":\"https:\\\/\\\/preprod.dressyourbody.fr\\\/en\\\/product\\\/patron-sac-scappa\\\/#primaryimage\",\"url\":\"https:\\\/\\\/preprod.dressyourbody.fr\\\/wp-content\\\/uploads\\\/2026\\\/01\\\/sac-scappa-doudoune-agnesb.jpg\",\"contentUrl\":\"https:\\\/\\\/preprod.dressyourbody.fr\\\/wp-content\\\/uploads\\\/2026\\\/01\\\/sac-scappa-doudoune-agnesb.jpg\",\"width\":700,\"height\":875,\"caption\":\"Sac Scappa en doudoune et viscose Augustine et Balthazar\"},{\"@type\":\"BreadcrumbList\",\"@id\":\"https:\\\/\\\/preprod.dressyourbody.fr\\\/en\\\/product\\\/patron-sac-scappa\\\/#breadcrumb\",\"itemListElement\":[{\"@type\":\"ListItem\",\"position\":1,\"name\":\"Accueil\",\"item\":\"https:\\\/\\\/preprod.dressyourbody.fr\\\/en\\\/\"},{\"@type\":\"ListItem\",\"position\":2,\"name\":\"LA BOUTIQUE\",\"item\":\"https:\\\/\\\/preprod.dressyourbody.fr\\\/en\\\/?page_id=22934\"},{\"@type\":\"ListItem\",\"position\":3,\"name\":\"Patron sac Scappa\"}]},{\"@type\":\"WebSite\",\"@id\":\"https:\\\/\\\/preprod.dressyourbody.fr\\\/#website\",\"url\":\"https:\\\/\\\/preprod.dressyourbody.fr\\\/\",\"name\":\"DressYourBody\",\"description\":\"Patrons de couture\",\"publisher\":{\"@id\":\"https:\\\/\\\/preprod.dressyourbody.fr\\\/#organization\"},\"potentialAction\":[{\"@type\":\"SearchAction\",\"target\":{\"@type\":\"EntryPoint\",\"urlTemplate\":\"https:\\\/\\\/preprod.dressyourbody.fr\\\/?s={search_term_string}\"},\"query-input\":{\"@type\":\"PropertyValueSpecification\",\"valueRequired\":true,\"valueName\":\"search_term_string\"}}],\"inLanguage\":\"en-US\"},{\"@type\":\"Organization\",\"@id\":\"https:\\\/\\\/preprod.dressyourbody.fr\\\/#organization\",\"name\":\"DressYourBody.fr\",\"url\":\"https:\\\/\\\/preprod.dressyourbody.fr\\\/\",\"logo\":{\"@type\":\"ImageObject\",\"inLanguage\":\"en-US\",\"@id\":\"https:\\\/\\\/preprod.dressyourbody.fr\\\/#\\\/schema\\\/logo\\\/image\\\/\",\"url\":\"https:\\\/\\\/preprod.dressyourbody.fr\\\/wp-content\\\/uploads\\\/2018\\\/07\\\/Logo-rond.png\",\"contentUrl\":\"https:\\\/\\\/preprod.dressyourbody.fr\\\/wp-content\\\/uploads\\\/2018\\\/07\\\/Logo-rond.png\",\"width\":451,\"height\":449,\"caption\":\"DressYourBody.fr\"},\"image\":{\"@id\":\"https:\\\/\\\/preprod.dressyourbody.fr\\\/#\\\/schema\\\/logo\\\/image\\\/\"},\"sameAs\":[\"https:\\\/\\\/www.facebook.com\\\/dressyourbody.couture\\\/\",\"https:\\\/\\\/www.instagram.com\\\/dressyourbody.couture\\\/\",\"https:\\\/\\\/www.linkedin.com\\\/company\\\/11295981\\\/\",\"https:\\\/\\\/www.pinterest.fr\\\/dressyourbody\\\/\",\"https:\\\/\\\/www.youtube.com\\\/channel\\\/UCD9FR054rT1zUXmwxImG5vA?view_as=subscriber\"]}]}<\/script>\n<!-- \/ Yoast SEO plugin. -->","yoast_head_json":{"title":"Patron sac Scappa - DressYourBody - Patron de couture femme","description":"Compl\u00e8tement doubl\u00e9 et dot\u00e9 de 3 jolis plis creux sur le devant, le sac Scappa est un sac \u00e0 la forme originale, tout en rondeurs ... 3 formats disponibles.","robots":{"index":"index","follow":"follow","max-snippet":"max-snippet:-1","max-image-preview":"max-image-preview:large","max-video-preview":"max-video-preview:-1"},"canonical":"https:\/\/preprod.dressyourbody.fr\/en\/product\/patron-sac-scappa\/","og_locale":"en_US","og_type":"article","og_title":"Patron sac Scappa - DressYourBody - Patron de couture femme","og_description":"Compl\u00e8tement doubl\u00e9 et dot\u00e9 de 3 jolis plis creux sur le devant, le sac Scappa est un sac \u00e0 la forme originale, tout en rondeurs ... 3 formats disponibles.","og_url":"https:\/\/preprod.dressyourbody.fr\/en\/product\/patron-sac-scappa\/","og_site_name":"Dressyourbody","article_publisher":"https:\/\/www.facebook.com\/dressyourbody.couture\/","article_modified_time":"2026-03-09T14:54:41+00:00","og_image":[{"width":700,"height":875,"url":"https:\/\/preprod.dressyourbody.fr\/wp-content\/uploads\/2026\/01\/sac-scappa-doudoune-agnesb.jpg","type":"image\/jpeg"}],"twitter_card":"summary_large_image","twitter_misc":{"Est. reading time":"3 minutes"},"schema":{"@context":"https:\/\/schema.org","@graph":[{"@type":"WebPage","@id":"https:\/\/preprod.dressyourbody.fr\/en\/product\/patron-sac-scappa\/","url":"https:\/\/preprod.dressyourbody.fr\/en\/product\/patron-sac-scappa\/","name":"Patron sac Scappa - DressYourBody - Patron de couture femme","isPartOf":{"@id":"https:\/\/preprod.dressyourbody.fr\/#website"},"primaryImageOfPage":{"@id":"https:\/\/preprod.dressyourbody.fr\/en\/product\/patron-sac-scappa\/#primaryimage"},"image":{"@id":"https:\/\/preprod.dressyourbody.fr\/en\/product\/patron-sac-scappa\/#primaryimage"},"thumbnailUrl":"https:\/\/preprod.dressyourbody.fr\/wp-content\/uploads\/2026\/01\/sac-scappa-doudoune-agnesb.jpg","datePublished":"2025-06-02T08:12:12+00:00","dateModified":"2026-03-09T14:54:41+00:00","description":"Compl\u00e8tement doubl\u00e9 et dot\u00e9 de 3 jolis plis creux sur le devant, le sac Scappa est un sac \u00e0 la forme originale, tout en rondeurs ... 3 formats disponibles.","breadcrumb":{"@id":"https:\/\/preprod.dressyourbody.fr\/en\/product\/patron-sac-scappa\/#breadcrumb"},"inLanguage":"en-US","potentialAction":[{"@type":"ReadAction","target":["https:\/\/preprod.dressyourbody.fr\/en\/product\/patron-sac-scappa\/"]}]},{"@type":"ImageObject","inLanguage":"en-US","@id":"https:\/\/preprod.dressyourbody.fr\/en\/product\/patron-sac-scappa\/#primaryimage","url":"https:\/\/preprod.dressyourbody.fr\/wp-content\/uploads\/2026\/01\/sac-scappa-doudoune-agnesb.jpg","contentUrl":"https:\/\/preprod.dressyourbody.fr\/wp-content\/uploads\/2026\/01\/sac-scappa-doudoune-agnesb.jpg","width":700,"height":875,"caption":"Sac Scappa en doudoune et viscose Augustine et Balthazar"},{"@type":"BreadcrumbList","@id":"https:\/\/preprod.dressyourbody.fr\/en\/product\/patron-sac-scappa\/#breadcrumb","itemListElement":[{"@type":"ListItem","position":1,"name":"Accueil","item":"https:\/\/preprod.dressyourbody.fr\/en\/"},{"@type":"ListItem","position":2,"name":"LA BOUTIQUE","item":"https:\/\/preprod.dressyourbody.fr\/en\/?page_id=22934"},{"@type":"ListItem","position":3,"name":"Patron sac Scappa"}]},{"@type":"WebSite","@id":"https:\/\/preprod.dressyourbody.fr\/#website","url":"https:\/\/preprod.dressyourbody.fr\/","name":"DressYourBody","description":"Patrons de couture","publisher":{"@id":"https:\/\/preprod.dressyourbody.fr\/#organization"},"potentialAction":[{"@type":"SearchAction","target":{"@type":"EntryPoint","urlTemplate":"https:\/\/preprod.dressyourbody.fr\/?s={search_term_string}"},"query-input":{"@type":"PropertyValueSpecification","valueRequired":true,"valueName":"search_term_string"}}],"inLanguage":"en-US"},{"@type":"Organization","@id":"https:\/\/preprod.dressyourbody.fr\/#organization","name":"DressYourBody.fr","url":"https:\/\/preprod.dressyourbody.fr\/","logo":{"@type":"ImageObject","inLanguage":"en-US","@id":"https:\/\/preprod.dressyourbody.fr\/#\/schema\/logo\/image\/","url":"https:\/\/preprod.dressyourbody.fr\/wp-content\/uploads\/2018\/07\/Logo-rond.png","contentUrl":"https:\/\/preprod.dressyourbody.fr\/wp-content\/uploads\/2018\/07\/Logo-rond.png","width":451,"height":449,"caption":"DressYourBody.fr"},"image":{"@id":"https:\/\/preprod.dressyourbody.fr\/#\/schema\/logo\/image\/"},"sameAs":["https:\/\/www.facebook.com\/dressyourbody.couture\/","https:\/\/www.instagram.com\/dressyourbody.couture\/","https:\/\/www.linkedin.com\/company\/11295981\/","https:\/\/www.pinterest.fr\/dressyourbody\/","https:\/\/www.youtube.com\/channel\/UCD9FR054rT1zUXmwxImG5vA?view_as=subscriber"]}]}},"_links":{"self":[{"href":"https:\/\/preprod.dressyourbody.fr\/en\/wp-json\/wp\/v2\/product\/39537","targetHints":{"allow":["GET"]}}],"collection":[{"href":"https:\/\/preprod.dressyourbody.fr\/en\/wp-json\/wp\/v2\/product"}],"about":[{"href":"https:\/\/preprod.dressyourbody.fr\/en\/wp-json\/wp\/v2\/types\/product"}],"replies":[{"embeddable":true,"href":"https:\/\/preprod.dressyourbody.fr\/en\/wp-json\/wp\/v2\/comments?post=39537"}],"wp:featuredmedia":[{"embeddable":true,"href":"https:\/\/preprod.dressyourbody.fr\/en\/wp-json\/wp\/v2\/media\/40690"}],"wp:attachment":[{"href":"https:\/\/preprod.dressyourbody.fr\/en\/wp-json\/wp\/v2\/media?parent=39537"}],"wp:term":[{"taxonomy":"product_brand","embeddable":true,"href":"https:\/\/preprod.dressyourbody.fr\/en\/wp-json\/wp\/v2\/product_brand?post=39537"},{"taxonomy":"product_cat","embeddable":true,"href":"https:\/\/preprod.dressyourbody.fr\/en\/wp-json\/wp\/v2\/product_cat?post=39537"},{"taxonomy":"product_tag","embeddable":true,"href":"https:\/\/preprod.dressyourbody.fr\/en\/wp-json\/wp\/v2\/product_tag?post=39537"}],"curies":[{"name":"wp","href":"https:\/\/api.w.org\/{rel}","templated":true}]}}