{"id":38494,"date":"2024-11-12T16:04:49","date_gmt":"2024-11-12T14:04:49","guid":{"rendered":"https:\/\/dressyourbody.fr\/fr\/?post_type=product&#038;p=38494"},"modified":"2026-03-09T16:54:46","modified_gmt":"2026-03-09T14:54:46","slug":"patron-jogging-joe","status":"publish","type":"product","link":"https:\/\/preprod.dressyourbody.fr\/en\/product\/patron-jogging-joe\/","title":{"rendered":"Patron jogging Joe"},"content":{"rendered":"<h4 style=\"text-align: center;\"><strong>DESCRIPTION<\/strong><\/h4>\n<p>Un patron mixte, pour homme comme pour femme!<\/p>\n<p>Joe est un patron de pantalon d\u00e9contract\u00e9, style jogging \u00e0 r\u00e9aliser en maille pour un confort absolu. R\u00e9alis\u00e9 avec des bracelets de cheville le patron Joe adoptera un c\u00f4t\u00e9 r\u00e9solument sportswear. Tout droit ou retrouss\u00e9 avec un revers, il sera plus pantalon casual \u00e0 porter au quotidien.<\/p>\n<p><strong>DETAIL:<\/strong><\/p>\n<p>\u2022 Avec ou sans bracelets de cheville<br \/>\n\u2022 Empi\u00e8cement d\u2019entrejambe pour le style<br \/>\n\u2022 Des poches italiennes<br \/>\n\u2022 Une poche plaqu\u00e9e dos<br \/>\n\u2022 Une ceinture avec \u00e9lastique int\u00e9rieur<br \/>\n\u2022 2 longueurs: stature 1m78 ou 1m65<\/p>\n<p>&nbsp;<\/p>\n<p><strong>Version avec bracelets de cheville:<\/strong><\/p>\n<p>&nbsp;<\/p>\n<p><img fetchpriority=\"high\" decoding=\"async\" class=\"alignnone wp-image-38500\" src=\"https:\/\/preprod.dressyourbody.fr\/wp-content\/uploads\/2024\/11\/Sketch-dvt.png\" alt=\"Jogging Joe, vue de devant avec bracelets de cheville\" width=\"218\" height=\"345\" srcset=\"https:\/\/preprod.dressyourbody.fr\/wp-content\/uploads\/2024\/11\/Sketch-dvt.png 549w, https:\/\/preprod.dressyourbody.fr\/wp-content\/uploads\/2024\/11\/Sketch-dvt-500x791.png 500w, https:\/\/preprod.dressyourbody.fr\/wp-content\/uploads\/2024\/11\/Sketch-dvt-190x300.png 190w, https:\/\/preprod.dressyourbody.fr\/wp-content\/uploads\/2024\/11\/Sketch-dvt-8x12.png 8w\" sizes=\"(max-width: 218px) 100vw, 218px\" \/>\u00a0 \u00a0 \u00a0 \u00a0 \u00a0 \u00a0 \u00a0 \u00a0 \u00a0 \u00a0<img decoding=\"async\" class=\"alignnone wp-image-38497\" src=\"https:\/\/preprod.dressyourbody.fr\/wp-content\/uploads\/2024\/11\/Sketch-dos.png\" alt=\"Jogging Joe, vue de dos\" width=\"225\" height=\"350\" srcset=\"https:\/\/preprod.dressyourbody.fr\/wp-content\/uploads\/2024\/11\/Sketch-dos.png 551w, https:\/\/preprod.dressyourbody.fr\/wp-content\/uploads\/2024\/11\/Sketch-dos-500x777.png 500w, https:\/\/preprod.dressyourbody.fr\/wp-content\/uploads\/2024\/11\/Sketch-dos-193x300.png 193w, https:\/\/preprod.dressyourbody.fr\/wp-content\/uploads\/2024\/11\/Sketch-dos-8x12.png 8w\" sizes=\"(max-width: 225px) 100vw, 225px\" \/><\/p>\n<p>&nbsp;<\/p>\n<p><strong>Version droite ou retrouss\u00e9e en revers:<\/strong><\/p>\n<p>&nbsp;<\/p>\n<p><img decoding=\"async\" class=\"alignnone wp-image-38498\" src=\"https:\/\/preprod.dressyourbody.fr\/wp-content\/uploads\/2024\/11\/Sketch-dvt-double-piqure.png\" alt=\"Jogging Joe, version droite\" width=\"230\" height=\"375\" srcset=\"https:\/\/preprod.dressyourbody.fr\/wp-content\/uploads\/2024\/11\/Sketch-dvt-double-piqure.png 528w, https:\/\/preprod.dressyourbody.fr\/wp-content\/uploads\/2024\/11\/Sketch-dvt-double-piqure-500x816.png 500w, https:\/\/preprod.dressyourbody.fr\/wp-content\/uploads\/2024\/11\/Sketch-dvt-double-piqure-184x300.png 184w, https:\/\/preprod.dressyourbody.fr\/wp-content\/uploads\/2024\/11\/Sketch-dvt-double-piqure-7x12.png 7w\" sizes=\"(max-width: 230px) 100vw, 230px\" \/>\u00a0 \u00a0 \u00a0 \u00a0 \u00a0 \u00a0 \u00a0 \u00a0 \u00a0<img loading=\"lazy\" decoding=\"async\" class=\"alignnone wp-image-38499\" src=\"https:\/\/preprod.dressyourbody.fr\/wp-content\/uploads\/2024\/11\/Sketch-dvt-revers.png\" alt=\"Jogging Joe, version droite retrouss\u00e9e avec revers\" width=\"231\" height=\"374\" srcset=\"https:\/\/preprod.dressyourbody.fr\/wp-content\/uploads\/2024\/11\/Sketch-dvt-revers.png 532w, https:\/\/preprod.dressyourbody.fr\/wp-content\/uploads\/2024\/11\/Sketch-dvt-revers-500x810.png 500w, https:\/\/preprod.dressyourbody.fr\/wp-content\/uploads\/2024\/11\/Sketch-dvt-revers-185x300.png 185w, https:\/\/preprod.dressyourbody.fr\/wp-content\/uploads\/2024\/11\/Sketch-dvt-revers-7x12.png 7w\" sizes=\"(max-width: 231px) 100vw, 231px\" \/><\/p>\n<p>&nbsp;<\/p>\n<h4><\/h4>\n<h4 style=\"text-align: center;\"><strong>JE CHOISIS QUELLE TAILLE?<\/strong><\/h4>\n<p><strong>TAILLES:<br \/>\nLe patron du jogging Joe va de la T34 \u00e0 la T52<\/strong>.<\/p>\n<p>Choisissez comme d&rsquo;habitude votre taille en fonction de vos mesures et du bar\u00e8me de tailles ci-dessous:<\/p>\n<p><img loading=\"lazy\" decoding=\"async\" class=\"alignnone wp-image-38505\" src=\"https:\/\/preprod.dressyourbody.fr\/wp-content\/uploads\/2024\/11\/bareme-de-taille-scaled.jpg\" alt=\"Bar\u00e8me de tailles\" width=\"1106\" height=\"140\" srcset=\"https:\/\/preprod.dressyourbody.fr\/wp-content\/uploads\/2024\/11\/bareme-de-taille-scaled.jpg 2560w, https:\/\/preprod.dressyourbody.fr\/wp-content\/uploads\/2024\/11\/bareme-de-taille-scaled-500x63.jpg 500w, https:\/\/preprod.dressyourbody.fr\/wp-content\/uploads\/2024\/11\/bareme-de-taille-scaled-300x38.jpg 300w, https:\/\/preprod.dressyourbody.fr\/wp-content\/uploads\/2024\/11\/bareme-de-taille-scaled-768x97.jpg 768w, https:\/\/preprod.dressyourbody.fr\/wp-content\/uploads\/2024\/11\/bareme-de-taille-scaled-1536x194.jpg 1536w, https:\/\/preprod.dressyourbody.fr\/wp-content\/uploads\/2024\/11\/bareme-de-taille-scaled-2048x259.jpg 2048w, https:\/\/preprod.dressyourbody.fr\/wp-content\/uploads\/2024\/11\/bareme-de-taille-scaled-18x2.jpg 18w\" sizes=\"(max-width: 1106px) 100vw, 1106px\" \/><\/p>\n<p>Si vous h\u00e9sitez entre 2 tailles choisissez la plus grande car il est plus facile d&rsquo;ajuster un v\u00eatement que de l&rsquo;agrandir!<\/p>\n<p><strong>STATURES:<br \/>\n2 longueurs propos\u00e9es pour statures 1m78 et 1m65<\/strong><\/p>\n<p>Dans la mesure o\u00f9 le patron du jogging Joe peut \u00eatre cousu pour homme comme pour femme, 2 longueurs de jambes ont \u00e9t\u00e9 pr\u00e9vues qui correspondent aux statures 1m78 et 1m65.<\/p>\n<ul>\n<li style=\"list-style-type: none;\">\n<ul>\n<li style=\"list-style-type: none;\">\n<ul>\n<li style=\"list-style-type: none;\">\n<ul>\n<li style=\"list-style-type: none;\">\n<ul>\n<li style=\"list-style-type: none;\"><\/li>\n<\/ul>\n<\/li>\n<\/ul>\n<\/li>\n<\/ul>\n<\/li>\n<\/ul>\n<\/li>\n<\/ul>\n<p><strong>MESURES FINIES:<br \/>\n<\/strong>Les mesures du v\u00eatement fini ci-dessous (incluant l&rsquo;aisance du v\u00eatement) peuvent aussi vous aider \u00e0 choisir votre taille.<\/p>\n<p><img loading=\"lazy\" decoding=\"async\" class=\"alignnone wp-image-38508\" src=\"https:\/\/preprod.dressyourbody.fr\/wp-content\/uploads\/2024\/11\/sketch-mesures-finies.jpg\" alt=\"Jogging Joe, sketch avec mesures finies\" width=\"390\" height=\"411\" \/><\/p>\n<p>&nbsp;<\/p>\n<ol>\n<li><strong>Ceinture:<\/strong> T34: 74cm \/ T36: 78cm \/ T38: 82cm \/ T40: 861cm \/ T42: 90cm \/ T44: 94cm \/ T46: 98cm \/ T48: 102cm \/ T50: 106cm \/ T52: 110cm<\/li>\n<li><strong>Hanches: <\/strong>T34:91cm \/ T36: 95cm \/ T38: 100cm \/ T40: 104cm \/ T42: 109cm \/ T44: 114cm \/ T46: 120cm \/ T48: 127cm \/ T50: 135cm \/ T52: 143cm<\/li>\n<li><strong>Mollet: <\/strong>T34: 34cm \/ T36: 35cm \/ T38: 36cm \/ T40: 37cm \/ T42: 39cm \/ T44: 40cm \/ T46: 42cm \/ T48: 44cm \/ T50: 46cm \/ T52: 48cm<\/li>\n<li><strong>Longueur <\/strong><strong>STATURE 1m78:<\/strong>\n<ol>\n<li><strong>Avec bracelets de cheville<\/strong> T34: 89cm \/ T36: 90cm \/ T38: 90cm \/ T40: 91cm \/ T42: 91cm \/ T44: 92cm \/ T46: 93cm \/ T48: 93cm \/ T50: 94cm \/ T52: 95cm<\/li>\n<li><strong>Sans bracelet de cheville<\/strong> T34: 103cm \/ T36: 104cm \/ T38: 104cm \/ T40: 105cm \/ T42: 105cm \/ T44: 106cm \/ T46: 106cm \/ T48: 107cm \/ T50: 108cm \/ T52: 109cm<\/li>\n<\/ol>\n<\/li>\n<li><strong>Longueur <\/strong><strong>STATURE 1m65:<\/strong>\n<ol>\n<li><strong>Avec bracelets de cheville<\/strong> T34: 82cm \/ T36: 83cm \/ T38: 83cm \/ T40: 84cm \/ T42: 84cm \/ T44: 85cm \/ T46: 86cm \/ T48: 86cm \/ T50: 87cm \/ T52: 88cm<\/li>\n<li><strong>Sans bracelet de cheville<\/strong> T34: 96cm \/ T36: 97cm \/ T38: 97cm \/ T40: 98cm \/ T42: 98cm \/ T44: 99cm \/ T46: 99cm \/ T48: 100cm \/ T50: 101cm \/ T52: 102cm<\/li>\n<\/ol>\n<\/li>\n<\/ol>\n<p>&nbsp;<\/p>\n<h4 style=\"text-align: center;\"><strong>ET DANS TOUT \u00c7A, QUEL TISSU CHOISIR ?<\/strong><\/h4>\n<p><a href=\"https:\/\/preprod.dressyourbody.fr\/wp-content\/uploads\/2022\/03\/rouleaux-tissus.jpeg\"><img loading=\"lazy\" decoding=\"async\" class=\"size-full wp-image-31182 aligncenter\" src=\"https:\/\/preprod.dressyourbody.fr\/wp-content\/uploads\/2022\/03\/rouleaux-tissus.jpeg\" alt=\"Rouleaux de tissu\" width=\"200\" height=\"113\" srcset=\"https:\/\/preprod.dressyourbody.fr\/wp-content\/uploads\/2022\/03\/rouleaux-tissus.jpeg 200w, https:\/\/preprod.dressyourbody.fr\/wp-content\/uploads\/2022\/03\/rouleaux-tissus-18x10.jpeg 18w\" sizes=\"(max-width: 200px) 100vw, 200px\" \/><\/a><\/p>\n<p><strong>TISSUS CONSEILLES:<\/strong><\/p>\n<ul>\n<li>Tissus mailles tels que du sweat, molleton, jersey \u00e9pais &#8230;<\/li>\n<\/ul>\n<p>Sur les photos, le jogging Joe a \u00e9t\u00e9 r\u00e9alis\u00e9e:<\/p>\n<ul>\n<li>en <strong>sweat Leony <\/strong>(260gr\/m\u00b2) de chez <strong>Atelier Brunette<\/strong><\/li>\n<li>en <strong>jersey gaufr\u00e9 noir <\/strong>(315gr\/m\u00b2) de chez <strong>Fairy Factory<\/strong><\/li>\n<\/ul>\n<p>&nbsp;<\/p>","protected":false},"excerpt":{"rendered":"<ul>\n<li><strong>VIDEO<\/strong> disponible (tr\u00e8s bient\u00f4t)<\/li>\n<li>Planche de patrons allant de la<span style=\"color: #000000;\"><strong> T34 \u00e0 52<\/strong><\/span><\/li>\n<li>Version <strong>POCHETTE ou<\/strong> <span style=\"color: #000000;\"><strong>PDF<\/strong><\/span> a<span style=\"color: #ff0000;\"><span style=\"color: #000000;\">vec <strong>gestion des calques<\/strong>\u00a0<\/span><\/span><\/li>\n<li><span style=\"color: #000000;\"><strong>Marges de couture incluses : 7mm\u00a0<\/strong><\/span><\/li>\n<li><strong>Stature <\/strong><strong>1m65 et 1m78<\/strong><\/li>\n<\/ul>\n<p>&nbsp; <\/p>\n<div><a class=\"zoli-read-more-link\" href=\"https:\/\/preprod.dressyourbody.fr\/en\/product\/patron-jogging-joe\/\">Read More<span class=\"lexus-icon-Icon_Next\"><\/span><\/a><\/div>","protected":false},"featured_media":38504,"comment_status":"open","ping_status":"closed","template":"","meta":{"_acf_changed":false},"product_brand":[],"product_cat":[1236],"product_tag":[1194,637],"class_list":{"0":"post-38494","1":"product","2":"type-product","3":"status-publish","4":"has-post-thumbnail","6":"product_cat-pantalons","7":"product_tag-couture-facile","8":"product_tag-patron","9":"pa_difficulte-expert","10":"pa_formatpatron-patron-pdf-format-a4-a0","11":"pa_formatpatron-patronpochette","13":"first","14":"instock","15":"shipping-taxable","16":"purchasable","17":"product-type-variable"},"acf":[],"yoast_head":"<!-- This site is optimized with the Yoast SEO plugin v27.3 - https:\/\/yoast.com\/product\/yoast-seo-wordpress\/ -->\n<title>Patron jogging Joe - DressYourBody - Patron homme\/femme<\/title>\n<meta name=\"description\" content=\"Le patron du jogging Joe est un patron de pantalon d\u00e9contract\u00e9, style jogging \u00e0 r\u00e9aliser en maille, pour homme comme pour femme!\" \/>\n<meta name=\"robots\" content=\"index, follow, max-snippet:-1, max-image-preview:large, max-video-preview:-1\" \/>\n<link rel=\"canonical\" href=\"https:\/\/preprod.dressyourbody.fr\/en\/product\/patron-jogging-joe\/\" \/>\n<meta property=\"og:locale\" content=\"en_US\" \/>\n<meta property=\"og:type\" content=\"article\" \/>\n<meta property=\"og:title\" content=\"Patron jogging Joe - DressYourBody - Patron homme\/femme\" \/>\n<meta property=\"og:description\" content=\"Le patron du jogging Joe est un patron de pantalon d\u00e9contract\u00e9, style jogging \u00e0 r\u00e9aliser en maille, pour homme comme pour femme!\" \/>\n<meta property=\"og:url\" content=\"https:\/\/preprod.dressyourbody.fr\/en\/product\/patron-jogging-joe\/\" \/>\n<meta property=\"og:site_name\" content=\"Dressyourbody\" \/>\n<meta property=\"article:publisher\" content=\"https:\/\/www.facebook.com\/dressyourbody.couture\/\" \/>\n<meta property=\"article:modified_time\" content=\"2026-03-09T14:54:46+00:00\" \/>\n<meta property=\"og:image\" content=\"https:\/\/preprod.dressyourbody.fr\/wp-content\/uploads\/2024\/11\/jogging-joe-version-mixte.jpg\" \/>\n\t<meta property=\"og:image:width\" content=\"500\" \/>\n\t<meta property=\"og:image:height\" content=\"625\" \/>\n\t<meta property=\"og:image:type\" content=\"image\/jpeg\" \/>\n<meta name=\"twitter:card\" content=\"summary_large_image\" \/>\n<meta name=\"twitter:label1\" content=\"Est. reading time\" \/>\n\t<meta name=\"twitter:data1\" content=\"4 minutes\" \/>\n<script type=\"application\/ld+json\" class=\"yoast-schema-graph\">{\"@context\":\"https:\\\/\\\/schema.org\",\"@graph\":[{\"@type\":\"WebPage\",\"@id\":\"https:\\\/\\\/preprod.dressyourbody.fr\\\/en\\\/product\\\/patron-jogging-joe\\\/\",\"url\":\"https:\\\/\\\/preprod.dressyourbody.fr\\\/en\\\/product\\\/patron-jogging-joe\\\/\",\"name\":\"Patron jogging Joe - DressYourBody - Patron homme\\\/femme\",\"isPartOf\":{\"@id\":\"https:\\\/\\\/preprod.dressyourbody.fr\\\/#website\"},\"primaryImageOfPage\":{\"@id\":\"https:\\\/\\\/preprod.dressyourbody.fr\\\/en\\\/product\\\/patron-jogging-joe\\\/#primaryimage\"},\"image\":{\"@id\":\"https:\\\/\\\/preprod.dressyourbody.fr\\\/en\\\/product\\\/patron-jogging-joe\\\/#primaryimage\"},\"thumbnailUrl\":\"https:\\\/\\\/preprod.dressyourbody.fr\\\/wp-content\\\/uploads\\\/2024\\\/11\\\/jogging-joe-version-mixte.jpg\",\"datePublished\":\"2024-11-12T14:04:49+00:00\",\"dateModified\":\"2026-03-09T14:54:46+00:00\",\"description\":\"Le patron du jogging Joe est un patron de pantalon d\u00e9contract\u00e9, style jogging \u00e0 r\u00e9aliser en maille, pour homme comme pour femme!\",\"breadcrumb\":{\"@id\":\"https:\\\/\\\/preprod.dressyourbody.fr\\\/en\\\/product\\\/patron-jogging-joe\\\/#breadcrumb\"},\"inLanguage\":\"en-US\",\"potentialAction\":[{\"@type\":\"ReadAction\",\"target\":[\"https:\\\/\\\/preprod.dressyourbody.fr\\\/en\\\/product\\\/patron-jogging-joe\\\/\"]}]},{\"@type\":\"ImageObject\",\"inLanguage\":\"en-US\",\"@id\":\"https:\\\/\\\/preprod.dressyourbody.fr\\\/en\\\/product\\\/patron-jogging-joe\\\/#primaryimage\",\"url\":\"https:\\\/\\\/preprod.dressyourbody.fr\\\/wp-content\\\/uploads\\\/2024\\\/11\\\/jogging-joe-version-mixte.jpg\",\"contentUrl\":\"https:\\\/\\\/preprod.dressyourbody.fr\\\/wp-content\\\/uploads\\\/2024\\\/11\\\/jogging-joe-version-mixte.jpg\",\"width\":500,\"height\":625,\"caption\":\"Jogging Joe, versions homme et femme\"},{\"@type\":\"BreadcrumbList\",\"@id\":\"https:\\\/\\\/preprod.dressyourbody.fr\\\/en\\\/product\\\/patron-jogging-joe\\\/#breadcrumb\",\"itemListElement\":[{\"@type\":\"ListItem\",\"position\":1,\"name\":\"Accueil\",\"item\":\"https:\\\/\\\/preprod.dressyourbody.fr\\\/en\\\/\"},{\"@type\":\"ListItem\",\"position\":2,\"name\":\"LA BOUTIQUE\",\"item\":\"https:\\\/\\\/preprod.dressyourbody.fr\\\/en\\\/?page_id=22934\"},{\"@type\":\"ListItem\",\"position\":3,\"name\":\"Patron jogging Joe\"}]},{\"@type\":\"WebSite\",\"@id\":\"https:\\\/\\\/preprod.dressyourbody.fr\\\/#website\",\"url\":\"https:\\\/\\\/preprod.dressyourbody.fr\\\/\",\"name\":\"DressYourBody\",\"description\":\"Patrons de couture\",\"publisher\":{\"@id\":\"https:\\\/\\\/preprod.dressyourbody.fr\\\/#organization\"},\"potentialAction\":[{\"@type\":\"SearchAction\",\"target\":{\"@type\":\"EntryPoint\",\"urlTemplate\":\"https:\\\/\\\/preprod.dressyourbody.fr\\\/?s={search_term_string}\"},\"query-input\":{\"@type\":\"PropertyValueSpecification\",\"valueRequired\":true,\"valueName\":\"search_term_string\"}}],\"inLanguage\":\"en-US\"},{\"@type\":\"Organization\",\"@id\":\"https:\\\/\\\/preprod.dressyourbody.fr\\\/#organization\",\"name\":\"DressYourBody.fr\",\"url\":\"https:\\\/\\\/preprod.dressyourbody.fr\\\/\",\"logo\":{\"@type\":\"ImageObject\",\"inLanguage\":\"en-US\",\"@id\":\"https:\\\/\\\/preprod.dressyourbody.fr\\\/#\\\/schema\\\/logo\\\/image\\\/\",\"url\":\"https:\\\/\\\/preprod.dressyourbody.fr\\\/wp-content\\\/uploads\\\/2018\\\/07\\\/Logo-rond.png\",\"contentUrl\":\"https:\\\/\\\/preprod.dressyourbody.fr\\\/wp-content\\\/uploads\\\/2018\\\/07\\\/Logo-rond.png\",\"width\":451,\"height\":449,\"caption\":\"DressYourBody.fr\"},\"image\":{\"@id\":\"https:\\\/\\\/preprod.dressyourbody.fr\\\/#\\\/schema\\\/logo\\\/image\\\/\"},\"sameAs\":[\"https:\\\/\\\/www.facebook.com\\\/dressyourbody.couture\\\/\",\"https:\\\/\\\/www.instagram.com\\\/dressyourbody.couture\\\/\",\"https:\\\/\\\/www.linkedin.com\\\/company\\\/11295981\\\/\",\"https:\\\/\\\/www.pinterest.fr\\\/dressyourbody\\\/\",\"https:\\\/\\\/www.youtube.com\\\/channel\\\/UCD9FR054rT1zUXmwxImG5vA?view_as=subscriber\"]}]}<\/script>\n<!-- \/ Yoast SEO plugin. -->","yoast_head_json":{"title":"Patron jogging Joe - DressYourBody - Patron homme\/femme","description":"Le patron du jogging Joe est un patron de pantalon d\u00e9contract\u00e9, style jogging \u00e0 r\u00e9aliser en maille, pour homme comme pour femme!","robots":{"index":"index","follow":"follow","max-snippet":"max-snippet:-1","max-image-preview":"max-image-preview:large","max-video-preview":"max-video-preview:-1"},"canonical":"https:\/\/preprod.dressyourbody.fr\/en\/product\/patron-jogging-joe\/","og_locale":"en_US","og_type":"article","og_title":"Patron jogging Joe - DressYourBody - Patron homme\/femme","og_description":"Le patron du jogging Joe est un patron de pantalon d\u00e9contract\u00e9, style jogging \u00e0 r\u00e9aliser en maille, pour homme comme pour femme!","og_url":"https:\/\/preprod.dressyourbody.fr\/en\/product\/patron-jogging-joe\/","og_site_name":"Dressyourbody","article_publisher":"https:\/\/www.facebook.com\/dressyourbody.couture\/","article_modified_time":"2026-03-09T14:54:46+00:00","og_image":[{"width":500,"height":625,"url":"https:\/\/preprod.dressyourbody.fr\/wp-content\/uploads\/2024\/11\/jogging-joe-version-mixte.jpg","type":"image\/jpeg"}],"twitter_card":"summary_large_image","twitter_misc":{"Est. reading time":"4 minutes"},"schema":{"@context":"https:\/\/schema.org","@graph":[{"@type":"WebPage","@id":"https:\/\/preprod.dressyourbody.fr\/en\/product\/patron-jogging-joe\/","url":"https:\/\/preprod.dressyourbody.fr\/en\/product\/patron-jogging-joe\/","name":"Patron jogging Joe - DressYourBody - Patron homme\/femme","isPartOf":{"@id":"https:\/\/preprod.dressyourbody.fr\/#website"},"primaryImageOfPage":{"@id":"https:\/\/preprod.dressyourbody.fr\/en\/product\/patron-jogging-joe\/#primaryimage"},"image":{"@id":"https:\/\/preprod.dressyourbody.fr\/en\/product\/patron-jogging-joe\/#primaryimage"},"thumbnailUrl":"https:\/\/preprod.dressyourbody.fr\/wp-content\/uploads\/2024\/11\/jogging-joe-version-mixte.jpg","datePublished":"2024-11-12T14:04:49+00:00","dateModified":"2026-03-09T14:54:46+00:00","description":"Le patron du jogging Joe est un patron de pantalon d\u00e9contract\u00e9, style jogging \u00e0 r\u00e9aliser en maille, pour homme comme pour femme!","breadcrumb":{"@id":"https:\/\/preprod.dressyourbody.fr\/en\/product\/patron-jogging-joe\/#breadcrumb"},"inLanguage":"en-US","potentialAction":[{"@type":"ReadAction","target":["https:\/\/preprod.dressyourbody.fr\/en\/product\/patron-jogging-joe\/"]}]},{"@type":"ImageObject","inLanguage":"en-US","@id":"https:\/\/preprod.dressyourbody.fr\/en\/product\/patron-jogging-joe\/#primaryimage","url":"https:\/\/preprod.dressyourbody.fr\/wp-content\/uploads\/2024\/11\/jogging-joe-version-mixte.jpg","contentUrl":"https:\/\/preprod.dressyourbody.fr\/wp-content\/uploads\/2024\/11\/jogging-joe-version-mixte.jpg","width":500,"height":625,"caption":"Jogging Joe, versions homme et femme"},{"@type":"BreadcrumbList","@id":"https:\/\/preprod.dressyourbody.fr\/en\/product\/patron-jogging-joe\/#breadcrumb","itemListElement":[{"@type":"ListItem","position":1,"name":"Accueil","item":"https:\/\/preprod.dressyourbody.fr\/en\/"},{"@type":"ListItem","position":2,"name":"LA BOUTIQUE","item":"https:\/\/preprod.dressyourbody.fr\/en\/?page_id=22934"},{"@type":"ListItem","position":3,"name":"Patron jogging Joe"}]},{"@type":"WebSite","@id":"https:\/\/preprod.dressyourbody.fr\/#website","url":"https:\/\/preprod.dressyourbody.fr\/","name":"DressYourBody","description":"Patrons de couture","publisher":{"@id":"https:\/\/preprod.dressyourbody.fr\/#organization"},"potentialAction":[{"@type":"SearchAction","target":{"@type":"EntryPoint","urlTemplate":"https:\/\/preprod.dressyourbody.fr\/?s={search_term_string}"},"query-input":{"@type":"PropertyValueSpecification","valueRequired":true,"valueName":"search_term_string"}}],"inLanguage":"en-US"},{"@type":"Organization","@id":"https:\/\/preprod.dressyourbody.fr\/#organization","name":"DressYourBody.fr","url":"https:\/\/preprod.dressyourbody.fr\/","logo":{"@type":"ImageObject","inLanguage":"en-US","@id":"https:\/\/preprod.dressyourbody.fr\/#\/schema\/logo\/image\/","url":"https:\/\/preprod.dressyourbody.fr\/wp-content\/uploads\/2018\/07\/Logo-rond.png","contentUrl":"https:\/\/preprod.dressyourbody.fr\/wp-content\/uploads\/2018\/07\/Logo-rond.png","width":451,"height":449,"caption":"DressYourBody.fr"},"image":{"@id":"https:\/\/preprod.dressyourbody.fr\/#\/schema\/logo\/image\/"},"sameAs":["https:\/\/www.facebook.com\/dressyourbody.couture\/","https:\/\/www.instagram.com\/dressyourbody.couture\/","https:\/\/www.linkedin.com\/company\/11295981\/","https:\/\/www.pinterest.fr\/dressyourbody\/","https:\/\/www.youtube.com\/channel\/UCD9FR054rT1zUXmwxImG5vA?view_as=subscriber"]}]}},"_links":{"self":[{"href":"https:\/\/preprod.dressyourbody.fr\/en\/wp-json\/wp\/v2\/product\/38494","targetHints":{"allow":["GET"]}}],"collection":[{"href":"https:\/\/preprod.dressyourbody.fr\/en\/wp-json\/wp\/v2\/product"}],"about":[{"href":"https:\/\/preprod.dressyourbody.fr\/en\/wp-json\/wp\/v2\/types\/product"}],"replies":[{"embeddable":true,"href":"https:\/\/preprod.dressyourbody.fr\/en\/wp-json\/wp\/v2\/comments?post=38494"}],"wp:featuredmedia":[{"embeddable":true,"href":"https:\/\/preprod.dressyourbody.fr\/en\/wp-json\/wp\/v2\/media\/38504"}],"wp:attachment":[{"href":"https:\/\/preprod.dressyourbody.fr\/en\/wp-json\/wp\/v2\/media?parent=38494"}],"wp:term":[{"taxonomy":"product_brand","embeddable":true,"href":"https:\/\/preprod.dressyourbody.fr\/en\/wp-json\/wp\/v2\/product_brand?post=38494"},{"taxonomy":"product_cat","embeddable":true,"href":"https:\/\/preprod.dressyourbody.fr\/en\/wp-json\/wp\/v2\/product_cat?post=38494"},{"taxonomy":"product_tag","embeddable":true,"href":"https:\/\/preprod.dressyourbody.fr\/en\/wp-json\/wp\/v2\/product_tag?post=38494"}],"curies":[{"name":"wp","href":"https:\/\/api.w.org\/{rel}","templated":true}]}}