{"id":37858,"date":"2024-09-18T21:56:48","date_gmt":"2024-09-18T19:56:48","guid":{"rendered":"https:\/\/dressyourbody.fr\/fr\/?post_type=product&#038;p=37858"},"modified":"2026-04-09T08:55:34","modified_gmt":"2026-04-09T06:55:34","slug":"patron-veste-tina","status":"publish","type":"product","link":"https:\/\/preprod.dressyourbody.fr\/en\/product\/patron-veste-tina\/","title":{"rendered":"Patron veste Tina"},"content":{"rendered":"<h4 style=\"text-align: center;\"><strong>DESCRIPTION<\/strong><\/h4>\n<p><b>Tina est un patron de veste assez courte, fa\u00e7on bol\u00e9ro, \u00e0 porter en mode casual !<\/b><\/p>\n<p><img fetchpriority=\"high\" decoding=\"async\" class=\"alignnone wp-image-37869\" src=\"https:\/\/preprod.dressyourbody.fr\/wp-content\/uploads\/2024\/09\/Sketch_dvt.png\" alt=\"Sketch devant du patron de la veste Tina\" width=\"433\" height=\"161\" srcset=\"https:\/\/preprod.dressyourbody.fr\/wp-content\/uploads\/2024\/09\/Sketch_dvt.png 1208w, https:\/\/preprod.dressyourbody.fr\/wp-content\/uploads\/2024\/09\/Sketch_dvt-500x186.png 500w, https:\/\/preprod.dressyourbody.fr\/wp-content\/uploads\/2024\/09\/Sketch_dvt-300x112.png 300w, https:\/\/preprod.dressyourbody.fr\/wp-content\/uploads\/2024\/09\/Sketch_dvt-768x285.png 768w, https:\/\/preprod.dressyourbody.fr\/wp-content\/uploads\/2024\/09\/Sketch_dvt-18x7.png 18w\" sizes=\"(max-width: 433px) 100vw, 433px\" \/><\/p>\n<p>&nbsp;<\/p>\n<p><img decoding=\"async\" class=\"alignnone wp-image-37870\" src=\"https:\/\/preprod.dressyourbody.fr\/wp-content\/uploads\/2024\/09\/Sketch_dos.png\" alt=\"Sketch dos du patron de la veste Tina\" width=\"414\" height=\"156\" srcset=\"https:\/\/preprod.dressyourbody.fr\/wp-content\/uploads\/2024\/09\/Sketch_dos.png 1208w, https:\/\/preprod.dressyourbody.fr\/wp-content\/uploads\/2024\/09\/Sketch_dos-500x188.png 500w, https:\/\/preprod.dressyourbody.fr\/wp-content\/uploads\/2024\/09\/Sketch_dos-300x113.png 300w, https:\/\/preprod.dressyourbody.fr\/wp-content\/uploads\/2024\/09\/Sketch_dos-768x289.png 768w, https:\/\/preprod.dressyourbody.fr\/wp-content\/uploads\/2024\/09\/Sketch_dos-18x7.png 18w\" sizes=\"(max-width: 414px) 100vw, 414px\" \/><\/p>\n<p><strong>2 poches plaqu\u00e9es sont disponibles que vous pouvez placer verticalement ou de fa\u00e7on oblique sur la veste:<\/strong><\/p>\n<p><img decoding=\"async\" class=\"alignnone wp-image-37871\" src=\"https:\/\/preprod.dressyourbody.fr\/wp-content\/uploads\/2024\/09\/Sketch_dvt_poches-droites.png\" alt=\"Sketch devant de la veste Tina avec poche plaqu\u00e9es verticales\" width=\"430\" height=\"160\" srcset=\"https:\/\/preprod.dressyourbody.fr\/wp-content\/uploads\/2024\/09\/Sketch_dvt_poches-droites.png 1208w, https:\/\/preprod.dressyourbody.fr\/wp-content\/uploads\/2024\/09\/Sketch_dvt_poches-droites-500x186.png 500w, https:\/\/preprod.dressyourbody.fr\/wp-content\/uploads\/2024\/09\/Sketch_dvt_poches-droites-300x112.png 300w, https:\/\/preprod.dressyourbody.fr\/wp-content\/uploads\/2024\/09\/Sketch_dvt_poches-droites-768x285.png 768w, https:\/\/preprod.dressyourbody.fr\/wp-content\/uploads\/2024\/09\/Sketch_dvt_poches-droites-18x7.png 18w\" sizes=\"(max-width: 430px) 100vw, 430px\" \/><\/p>\n<p>&nbsp;<\/p>\n<p><img loading=\"lazy\" decoding=\"async\" class=\"alignnone wp-image-37872\" src=\"https:\/\/preprod.dressyourbody.fr\/wp-content\/uploads\/2024\/09\/Sketch_dvt_poches-obliques.png\" alt=\"Sketch devant de la veste Tina avec poche plaqu\u00e9es obliques\" width=\"419\" height=\"156\" srcset=\"https:\/\/preprod.dressyourbody.fr\/wp-content\/uploads\/2024\/09\/Sketch_dvt_poches-obliques.png 1208w, https:\/\/preprod.dressyourbody.fr\/wp-content\/uploads\/2024\/09\/Sketch_dvt_poches-obliques-500x186.png 500w, https:\/\/preprod.dressyourbody.fr\/wp-content\/uploads\/2024\/09\/Sketch_dvt_poches-obliques-300x112.png 300w, https:\/\/preprod.dressyourbody.fr\/wp-content\/uploads\/2024\/09\/Sketch_dvt_poches-obliques-768x285.png 768w, https:\/\/preprod.dressyourbody.fr\/wp-content\/uploads\/2024\/09\/Sketch_dvt_poches-obliques-18x7.png 18w\" sizes=\"(max-width: 419px) 100vw, 419px\" \/><\/p>\n<p>Sinon la veste est enti\u00e8rement gans\u00e9e et tr\u00e8s rapide \u00e0 coudre puisqu&rsquo;elle est compos\u00e9e uniquement de 2 pi\u00e8ces de patron, 3 avec les poches!<\/p>\n<h4><\/h4>\n<h4 style=\"text-align: center;\"><strong>JE CHOISIS QUELLE TAILLE?<\/strong><\/h4>\n<p><strong>TAILLES:<br \/>\nLe patron de la veste Tina va de la T34 \u00e0 la T46<\/strong>.<\/p>\n<p>Choisissez comme d&rsquo;habitude votre taille en fonction de vos mesures et du bar\u00e8me de tailles.<\/p>\n<p>Si vous h\u00e9sitez entre 2 tailles choisissez la plus grande car il est plus facile d&rsquo;ajuster un v\u00eatement que de l&rsquo;agrandir! Il est notamment tr\u00e8s facile de reprendre la couture du dessous de bras pour ajuster un peu la veste si n\u00e9cessaire.<\/p>\n<p>&nbsp;<\/p>\n<p><strong>STATURE: Le patron est pr\u00e9vu pour une stature de 1m65\u00a0<\/strong><\/p>\n<p>&nbsp;<\/p>\n<p>Si vous avez besoin d&rsquo;allonger ou de raccourcir le patron, les lignes d&rsquo;ajustement sont pr\u00e9cis\u00e9es sur le patron. Les manches doivent \u00eatre allong\u00e9es tout simplement en prolongeant les lignes de bas de manches.<\/p>\n<p>Pour ma stature de 1m60, j&rsquo;ai retir\u00e9 2cm sur la longueur de la veste.<\/p>\n<ul>\n<li style=\"list-style-type: none;\">\n<ul>\n<li style=\"list-style-type: none;\">\n<ul>\n<li style=\"list-style-type: none;\">\n<ul>\n<li style=\"list-style-type: none;\">\n<ul>\n<li style=\"list-style-type: none;\"><\/li>\n<\/ul>\n<\/li>\n<\/ul>\n<\/li>\n<\/ul>\n<\/li>\n<\/ul>\n<\/li>\n<\/ul>\n<p>&nbsp;<\/p>\n<p><strong>MESURES FINIES:<br \/>\n<\/strong>Les mesures du v\u00eatement fini ci-dessous (incluant l&rsquo;aisance du v\u00eatement) peuvent aussi vous aider \u00e0 choisir votre taille.<\/p>\n<p><img loading=\"lazy\" decoding=\"async\" class=\"alignnone wp-image-37873\" src=\"https:\/\/preprod.dressyourbody.fr\/wp-content\/uploads\/2024\/09\/patron-tina-sketch-mesures-finies-devant.png\" alt=\"Mesures finies du patron de la veste Tina (devant)\" width=\"471\" height=\"198\" srcset=\"https:\/\/preprod.dressyourbody.fr\/wp-content\/uploads\/2024\/09\/patron-tina-sketch-mesures-finies-devant.png 1112w, https:\/\/preprod.dressyourbody.fr\/wp-content\/uploads\/2024\/09\/patron-tina-sketch-mesures-finies-devant-500x210.png 500w, https:\/\/preprod.dressyourbody.fr\/wp-content\/uploads\/2024\/09\/patron-tina-sketch-mesures-finies-devant-300x126.png 300w, https:\/\/preprod.dressyourbody.fr\/wp-content\/uploads\/2024\/09\/patron-tina-sketch-mesures-finies-devant-768x323.png 768w, https:\/\/preprod.dressyourbody.fr\/wp-content\/uploads\/2024\/09\/patron-tina-sketch-mesures-finies-devant-18x8.png 18w\" sizes=\"(max-width: 471px) 100vw, 471px\" \/>\u00a0 \u00a0 \u00a0<img loading=\"lazy\" decoding=\"async\" class=\"alignnone wp-image-37874\" src=\"https:\/\/preprod.dressyourbody.fr\/wp-content\/uploads\/2024\/09\/patron-tina-sketch-mesures-finies-dos.png\" alt=\"Mesures finies du patron de la veste Tina (dos)\" width=\"445\" height=\"166\" srcset=\"https:\/\/preprod.dressyourbody.fr\/wp-content\/uploads\/2024\/09\/patron-tina-sketch-mesures-finies-dos.png 1086w, https:\/\/preprod.dressyourbody.fr\/wp-content\/uploads\/2024\/09\/patron-tina-sketch-mesures-finies-dos-500x186.png 500w, https:\/\/preprod.dressyourbody.fr\/wp-content\/uploads\/2024\/09\/patron-tina-sketch-mesures-finies-dos-300x112.png 300w, https:\/\/preprod.dressyourbody.fr\/wp-content\/uploads\/2024\/09\/patron-tina-sketch-mesures-finies-dos-768x286.png 768w, https:\/\/preprod.dressyourbody.fr\/wp-content\/uploads\/2024\/09\/patron-tina-sketch-mesures-finies-dos-18x7.png 18w\" sizes=\"(max-width: 445px) 100vw, 445px\" \/><\/p>\n<p>&nbsp;<\/p>\n<ol>\n<li><strong>Tour de taille:<\/strong> T34: 108cm \/ T36: 112cm \/ T38: 117cm \/ T40: 121cm \/ T42: 125cm \/ T44: 129cm \/ T46: 133cm<\/li>\n<li><strong>Longueur manche: <\/strong>T34: 65,3cm \/ T36: 66cm \/ T38: 66,6cm \/ T40: 67,3cm \/ T42: 68cm \/ T44: 68,7cm \/ T46: 69,4cm<\/li>\n<li><strong>Biceps: <\/strong>T34: 35,5cm \/ T36: 36,4cm \/ T38: 37,4cm \/ T40: 38,4cm \/ T42: 39,3cm \/ T44: 40,7cm \/ T46: 42cm<\/li>\n<li><strong>Poignet: <\/strong>T34: 32,8cm \/ T36: 33,3cm \/ T38: 33,8cm \/ T40: 34,3cm \/ T42: 34,8cm \/ T44: 35,5cm \/ T46: 36,2cm<\/li>\n<li><strong>Hauteur milieu dos: <\/strong>T34: 48,6cm \/ T36: 48,8cm \/ T38: 49cm \/ T40: 49,3cm \/ T42: 49,6cm \/ T44: 49,8cm \/ T46: 50,1cm<\/li>\n<\/ol>\n<p>&nbsp;<\/p>\n<h4 style=\"text-align: center;\"><strong>ET DANS TOUT \u00c7A, QUEL TISSU CHOISIR ?<\/strong><\/h4>\n<p><a href=\"https:\/\/preprod.dressyourbody.fr\/wp-content\/uploads\/2022\/03\/rouleaux-tissus.jpeg\"><img loading=\"lazy\" decoding=\"async\" class=\"size-full wp-image-31182 aligncenter\" src=\"https:\/\/preprod.dressyourbody.fr\/wp-content\/uploads\/2022\/03\/rouleaux-tissus.jpeg\" alt=\"Rouleaux de tissu\" width=\"200\" height=\"113\" srcset=\"https:\/\/preprod.dressyourbody.fr\/wp-content\/uploads\/2022\/03\/rouleaux-tissus.jpeg 200w, https:\/\/preprod.dressyourbody.fr\/wp-content\/uploads\/2022\/03\/rouleaux-tissus-18x10.jpeg 18w\" sizes=\"(max-width: 200px) 100vw, 200px\" \/><\/a><\/p>\n<p><strong>TISSUS CONSEILLES:<\/strong><\/p>\n<ul>\n<li>Tissus pour veste de poids moyen \u00e0 lourd (200 \u00e0 400g\/m2) tant que le tissu garde une certaine souplesse.<\/li>\n<li>Fonctionne tr\u00e8s bien avec du jacquard et des tissus matelass\u00e9s.<\/li>\n<\/ul>\n<p>Sur les photos, la veste Tina a \u00e9t\u00e9 r\u00e9alis\u00e9e:<\/p>\n<ul>\n<li>en <strong>coton matelass\u00e9<\/strong> de chez Tissu Myrtille<\/li>\n<li>en <strong>coton indien <\/strong>(396g \/ m\u00b2) de chez Merchant &amp; Mills<\/li>\n<\/ul>\n<p>&nbsp;<\/p>","protected":false},"excerpt":{"rendered":"<h3>Patron en cours de r\u00e9approvisionnement.<\/h3>\n<h3>Passez votre commande, elle sera exp\u00e9di\u00e9e le 20 janvier.<\/h3>\n<h3>Merci!<\/h3>\n<ul>\n<li><strong>VIDEO<\/strong> disponible (tr\u00e8s bient\u00f4t)<\/li>\n<li>Planche de patrons allant de la<span style=\"color: #000000;\"><strong> T34 \u00e0 46<\/strong><\/span><\/li>\n<li>Version <strong>POCHETTE ou<\/strong> <span style=\"color: #000000;\"><strong>PDF<\/strong><\/span> a<span style=\"color: #ff0000;\"><span style=\"color: #000000;\">vec <strong>gestion des calques<\/strong>\u00a0<\/span><\/span><\/li>\n<li><span style=\"color: #000000;\"><strong>Marges de couture incluses : 1cm (1,5cm milieu dos)<\/strong><\/span><\/li>\n<li><strong>Stature <\/strong><strong>1m65\u00a0<\/strong><\/li>\n<\/ul>\n<p>&nbsp; <\/p>\n<div><a class=\"zoli-read-more-link\" href=\"https:\/\/preprod.dressyourbody.fr\/en\/product\/patron-veste-tina\/\">Read More<span class=\"lexus-icon-Icon_Next\"><\/span><\/a><\/div>","protected":false},"featured_media":37868,"comment_status":"open","ping_status":"closed","template":"","meta":{"_acf_changed":false},"product_brand":[],"product_cat":[1232],"product_tag":[1194,637],"class_list":{"0":"post-37858","1":"product","2":"type-product","3":"status-publish","4":"has-post-thumbnail","6":"product_cat-vestes-et-manteaux","7":"product_tag-couture-facile","8":"product_tag-patron","9":"pa_difficulte-expert","10":"pa_formatpatron-patron-pdf-format-a4-a0","11":"pa_formatpatron-patronpochette","13":"first","14":"instock","15":"featured","16":"shipping-taxable","17":"purchasable","18":"product-type-variable"},"acf":[],"yoast_head":"<!-- This site is optimized with the Yoast SEO plugin v27.3 - https:\/\/yoast.com\/product\/yoast-seo-wordpress\/ -->\n<title>Patron veste Tina - DressYourBody - Patron de couture femme<\/title>\n<meta name=\"description\" content=\"Le patron Tina est un patron de veste assez courte, fa\u00e7on bol\u00e9ro, \u00e0 porter en mode casual. Enti\u00e8rement gans\u00e9e, elle est tr\u00e8s rapide \u00e0 coudre!\" \/>\n<meta name=\"robots\" content=\"index, follow, max-snippet:-1, max-image-preview:large, max-video-preview:-1\" \/>\n<link rel=\"canonical\" href=\"https:\/\/preprod.dressyourbody.fr\/en\/product\/patron-veste-tina\/\" \/>\n<meta property=\"og:locale\" content=\"en_US\" \/>\n<meta property=\"og:type\" content=\"article\" \/>\n<meta property=\"og:title\" content=\"Patron veste Tina - DressYourBody - Patron de couture femme\" \/>\n<meta property=\"og:description\" content=\"Le patron Tina est un patron de veste assez courte, fa\u00e7on bol\u00e9ro, \u00e0 porter en mode casual. Enti\u00e8rement gans\u00e9e, elle est tr\u00e8s rapide \u00e0 coudre!\" \/>\n<meta property=\"og:url\" content=\"https:\/\/preprod.dressyourbody.fr\/en\/product\/patron-veste-tina\/\" \/>\n<meta property=\"og:site_name\" content=\"Dressyourbody\" \/>\n<meta property=\"article:publisher\" content=\"https:\/\/www.facebook.com\/dressyourbody.couture\/\" \/>\n<meta property=\"article:modified_time\" content=\"2026-04-09T06:55:34+00:00\" \/>\n<meta property=\"og:image\" content=\"https:\/\/preprod.dressyourbody.fr\/wp-content\/uploads\/2024\/09\/veste-tina-matelasse4.jpg\" \/>\n\t<meta property=\"og:image:width\" content=\"500\" \/>\n\t<meta property=\"og:image:height\" content=\"625\" \/>\n\t<meta property=\"og:image:type\" content=\"image\/jpeg\" \/>\n<meta name=\"twitter:card\" content=\"summary_large_image\" \/>\n<meta name=\"twitter:label1\" content=\"Est. reading time\" \/>\n\t<meta name=\"twitter:data1\" content=\"4 minutes\" \/>\n<script type=\"application\/ld+json\" class=\"yoast-schema-graph\">{\"@context\":\"https:\\\/\\\/schema.org\",\"@graph\":[{\"@type\":\"WebPage\",\"@id\":\"https:\\\/\\\/preprod.dressyourbody.fr\\\/en\\\/product\\\/patron-veste-tina\\\/\",\"url\":\"https:\\\/\\\/preprod.dressyourbody.fr\\\/en\\\/product\\\/patron-veste-tina\\\/\",\"name\":\"Patron veste Tina - DressYourBody - Patron de couture femme\",\"isPartOf\":{\"@id\":\"https:\\\/\\\/preprod.dressyourbody.fr\\\/#website\"},\"primaryImageOfPage\":{\"@id\":\"https:\\\/\\\/preprod.dressyourbody.fr\\\/en\\\/product\\\/patron-veste-tina\\\/#primaryimage\"},\"image\":{\"@id\":\"https:\\\/\\\/preprod.dressyourbody.fr\\\/en\\\/product\\\/patron-veste-tina\\\/#primaryimage\"},\"thumbnailUrl\":\"https:\\\/\\\/preprod.dressyourbody.fr\\\/wp-content\\\/uploads\\\/2024\\\/09\\\/veste-tina-matelasse4.jpg\",\"datePublished\":\"2024-09-18T19:56:48+00:00\",\"dateModified\":\"2026-04-09T06:55:34+00:00\",\"description\":\"Le patron Tina est un patron de veste assez courte, fa\u00e7on bol\u00e9ro, \u00e0 porter en mode casual. Enti\u00e8rement gans\u00e9e, elle est tr\u00e8s rapide \u00e0 coudre!\",\"breadcrumb\":{\"@id\":\"https:\\\/\\\/preprod.dressyourbody.fr\\\/en\\\/product\\\/patron-veste-tina\\\/#breadcrumb\"},\"inLanguage\":\"en-US\",\"potentialAction\":[{\"@type\":\"ReadAction\",\"target\":[\"https:\\\/\\\/preprod.dressyourbody.fr\\\/en\\\/product\\\/patron-veste-tina\\\/\"]}]},{\"@type\":\"ImageObject\",\"inLanguage\":\"en-US\",\"@id\":\"https:\\\/\\\/preprod.dressyourbody.fr\\\/en\\\/product\\\/patron-veste-tina\\\/#primaryimage\",\"url\":\"https:\\\/\\\/preprod.dressyourbody.fr\\\/wp-content\\\/uploads\\\/2024\\\/09\\\/veste-tina-matelasse4.jpg\",\"contentUrl\":\"https:\\\/\\\/preprod.dressyourbody.fr\\\/wp-content\\\/uploads\\\/2024\\\/09\\\/veste-tina-matelasse4.jpg\",\"width\":500,\"height\":625,\"caption\":\"Patron de la veste Tina en matelass\u00e9 Indien\"},{\"@type\":\"BreadcrumbList\",\"@id\":\"https:\\\/\\\/preprod.dressyourbody.fr\\\/en\\\/product\\\/patron-veste-tina\\\/#breadcrumb\",\"itemListElement\":[{\"@type\":\"ListItem\",\"position\":1,\"name\":\"Accueil\",\"item\":\"https:\\\/\\\/preprod.dressyourbody.fr\\\/en\\\/\"},{\"@type\":\"ListItem\",\"position\":2,\"name\":\"LA BOUTIQUE\",\"item\":\"https:\\\/\\\/preprod.dressyourbody.fr\\\/en\\\/?page_id=22934\"},{\"@type\":\"ListItem\",\"position\":3,\"name\":\"Patron veste Tina\"}]},{\"@type\":\"WebSite\",\"@id\":\"https:\\\/\\\/preprod.dressyourbody.fr\\\/#website\",\"url\":\"https:\\\/\\\/preprod.dressyourbody.fr\\\/\",\"name\":\"DressYourBody\",\"description\":\"Patrons de couture\",\"publisher\":{\"@id\":\"https:\\\/\\\/preprod.dressyourbody.fr\\\/#organization\"},\"potentialAction\":[{\"@type\":\"SearchAction\",\"target\":{\"@type\":\"EntryPoint\",\"urlTemplate\":\"https:\\\/\\\/preprod.dressyourbody.fr\\\/?s={search_term_string}\"},\"query-input\":{\"@type\":\"PropertyValueSpecification\",\"valueRequired\":true,\"valueName\":\"search_term_string\"}}],\"inLanguage\":\"en-US\"},{\"@type\":\"Organization\",\"@id\":\"https:\\\/\\\/preprod.dressyourbody.fr\\\/#organization\",\"name\":\"DressYourBody.fr\",\"url\":\"https:\\\/\\\/preprod.dressyourbody.fr\\\/\",\"logo\":{\"@type\":\"ImageObject\",\"inLanguage\":\"en-US\",\"@id\":\"https:\\\/\\\/preprod.dressyourbody.fr\\\/#\\\/schema\\\/logo\\\/image\\\/\",\"url\":\"https:\\\/\\\/preprod.dressyourbody.fr\\\/wp-content\\\/uploads\\\/2018\\\/07\\\/Logo-rond.png\",\"contentUrl\":\"https:\\\/\\\/preprod.dressyourbody.fr\\\/wp-content\\\/uploads\\\/2018\\\/07\\\/Logo-rond.png\",\"width\":451,\"height\":449,\"caption\":\"DressYourBody.fr\"},\"image\":{\"@id\":\"https:\\\/\\\/preprod.dressyourbody.fr\\\/#\\\/schema\\\/logo\\\/image\\\/\"},\"sameAs\":[\"https:\\\/\\\/www.facebook.com\\\/dressyourbody.couture\\\/\",\"https:\\\/\\\/www.instagram.com\\\/dressyourbody.couture\\\/\",\"https:\\\/\\\/www.linkedin.com\\\/company\\\/11295981\\\/\",\"https:\\\/\\\/www.pinterest.fr\\\/dressyourbody\\\/\",\"https:\\\/\\\/www.youtube.com\\\/channel\\\/UCD9FR054rT1zUXmwxImG5vA?view_as=subscriber\"]}]}<\/script>\n<!-- \/ Yoast SEO plugin. -->","yoast_head_json":{"title":"Patron veste Tina - DressYourBody - Patron de couture femme","description":"Le patron Tina est un patron de veste assez courte, fa\u00e7on bol\u00e9ro, \u00e0 porter en mode casual. Enti\u00e8rement gans\u00e9e, elle est tr\u00e8s rapide \u00e0 coudre!","robots":{"index":"index","follow":"follow","max-snippet":"max-snippet:-1","max-image-preview":"max-image-preview:large","max-video-preview":"max-video-preview:-1"},"canonical":"https:\/\/preprod.dressyourbody.fr\/en\/product\/patron-veste-tina\/","og_locale":"en_US","og_type":"article","og_title":"Patron veste Tina - DressYourBody - Patron de couture femme","og_description":"Le patron Tina est un patron de veste assez courte, fa\u00e7on bol\u00e9ro, \u00e0 porter en mode casual. Enti\u00e8rement gans\u00e9e, elle est tr\u00e8s rapide \u00e0 coudre!","og_url":"https:\/\/preprod.dressyourbody.fr\/en\/product\/patron-veste-tina\/","og_site_name":"Dressyourbody","article_publisher":"https:\/\/www.facebook.com\/dressyourbody.couture\/","article_modified_time":"2026-04-09T06:55:34+00:00","og_image":[{"width":500,"height":625,"url":"https:\/\/preprod.dressyourbody.fr\/wp-content\/uploads\/2024\/09\/veste-tina-matelasse4.jpg","type":"image\/jpeg"}],"twitter_card":"summary_large_image","twitter_misc":{"Est. reading time":"4 minutes"},"schema":{"@context":"https:\/\/schema.org","@graph":[{"@type":"WebPage","@id":"https:\/\/preprod.dressyourbody.fr\/en\/product\/patron-veste-tina\/","url":"https:\/\/preprod.dressyourbody.fr\/en\/product\/patron-veste-tina\/","name":"Patron veste Tina - DressYourBody - Patron de couture femme","isPartOf":{"@id":"https:\/\/preprod.dressyourbody.fr\/#website"},"primaryImageOfPage":{"@id":"https:\/\/preprod.dressyourbody.fr\/en\/product\/patron-veste-tina\/#primaryimage"},"image":{"@id":"https:\/\/preprod.dressyourbody.fr\/en\/product\/patron-veste-tina\/#primaryimage"},"thumbnailUrl":"https:\/\/preprod.dressyourbody.fr\/wp-content\/uploads\/2024\/09\/veste-tina-matelasse4.jpg","datePublished":"2024-09-18T19:56:48+00:00","dateModified":"2026-04-09T06:55:34+00:00","description":"Le patron Tina est un patron de veste assez courte, fa\u00e7on bol\u00e9ro, \u00e0 porter en mode casual. Enti\u00e8rement gans\u00e9e, elle est tr\u00e8s rapide \u00e0 coudre!","breadcrumb":{"@id":"https:\/\/preprod.dressyourbody.fr\/en\/product\/patron-veste-tina\/#breadcrumb"},"inLanguage":"en-US","potentialAction":[{"@type":"ReadAction","target":["https:\/\/preprod.dressyourbody.fr\/en\/product\/patron-veste-tina\/"]}]},{"@type":"ImageObject","inLanguage":"en-US","@id":"https:\/\/preprod.dressyourbody.fr\/en\/product\/patron-veste-tina\/#primaryimage","url":"https:\/\/preprod.dressyourbody.fr\/wp-content\/uploads\/2024\/09\/veste-tina-matelasse4.jpg","contentUrl":"https:\/\/preprod.dressyourbody.fr\/wp-content\/uploads\/2024\/09\/veste-tina-matelasse4.jpg","width":500,"height":625,"caption":"Patron de la veste Tina en matelass\u00e9 Indien"},{"@type":"BreadcrumbList","@id":"https:\/\/preprod.dressyourbody.fr\/en\/product\/patron-veste-tina\/#breadcrumb","itemListElement":[{"@type":"ListItem","position":1,"name":"Accueil","item":"https:\/\/preprod.dressyourbody.fr\/en\/"},{"@type":"ListItem","position":2,"name":"LA BOUTIQUE","item":"https:\/\/preprod.dressyourbody.fr\/en\/?page_id=22934"},{"@type":"ListItem","position":3,"name":"Patron veste Tina"}]},{"@type":"WebSite","@id":"https:\/\/preprod.dressyourbody.fr\/#website","url":"https:\/\/preprod.dressyourbody.fr\/","name":"DressYourBody","description":"Patrons de couture","publisher":{"@id":"https:\/\/preprod.dressyourbody.fr\/#organization"},"potentialAction":[{"@type":"SearchAction","target":{"@type":"EntryPoint","urlTemplate":"https:\/\/preprod.dressyourbody.fr\/?s={search_term_string}"},"query-input":{"@type":"PropertyValueSpecification","valueRequired":true,"valueName":"search_term_string"}}],"inLanguage":"en-US"},{"@type":"Organization","@id":"https:\/\/preprod.dressyourbody.fr\/#organization","name":"DressYourBody.fr","url":"https:\/\/preprod.dressyourbody.fr\/","logo":{"@type":"ImageObject","inLanguage":"en-US","@id":"https:\/\/preprod.dressyourbody.fr\/#\/schema\/logo\/image\/","url":"https:\/\/preprod.dressyourbody.fr\/wp-content\/uploads\/2018\/07\/Logo-rond.png","contentUrl":"https:\/\/preprod.dressyourbody.fr\/wp-content\/uploads\/2018\/07\/Logo-rond.png","width":451,"height":449,"caption":"DressYourBody.fr"},"image":{"@id":"https:\/\/preprod.dressyourbody.fr\/#\/schema\/logo\/image\/"},"sameAs":["https:\/\/www.facebook.com\/dressyourbody.couture\/","https:\/\/www.instagram.com\/dressyourbody.couture\/","https:\/\/www.linkedin.com\/company\/11295981\/","https:\/\/www.pinterest.fr\/dressyourbody\/","https:\/\/www.youtube.com\/channel\/UCD9FR054rT1zUXmwxImG5vA?view_as=subscriber"]}]}},"_links":{"self":[{"href":"https:\/\/preprod.dressyourbody.fr\/en\/wp-json\/wp\/v2\/product\/37858","targetHints":{"allow":["GET"]}}],"collection":[{"href":"https:\/\/preprod.dressyourbody.fr\/en\/wp-json\/wp\/v2\/product"}],"about":[{"href":"https:\/\/preprod.dressyourbody.fr\/en\/wp-json\/wp\/v2\/types\/product"}],"replies":[{"embeddable":true,"href":"https:\/\/preprod.dressyourbody.fr\/en\/wp-json\/wp\/v2\/comments?post=37858"}],"wp:featuredmedia":[{"embeddable":true,"href":"https:\/\/preprod.dressyourbody.fr\/en\/wp-json\/wp\/v2\/media\/37868"}],"wp:attachment":[{"href":"https:\/\/preprod.dressyourbody.fr\/en\/wp-json\/wp\/v2\/media?parent=37858"}],"wp:term":[{"taxonomy":"product_brand","embeddable":true,"href":"https:\/\/preprod.dressyourbody.fr\/en\/wp-json\/wp\/v2\/product_brand?post=37858"},{"taxonomy":"product_cat","embeddable":true,"href":"https:\/\/preprod.dressyourbody.fr\/en\/wp-json\/wp\/v2\/product_cat?post=37858"},{"taxonomy":"product_tag","embeddable":true,"href":"https:\/\/preprod.dressyourbody.fr\/en\/wp-json\/wp\/v2\/product_tag?post=37858"}],"curies":[{"name":"wp","href":"https:\/\/api.w.org\/{rel}","templated":true}]}}