{"id":37354,"date":"2024-08-21T20:23:13","date_gmt":"2024-08-21T18:23:13","guid":{"rendered":"https:\/\/dressyourbody.fr\/fr\/?post_type=product&#038;p=37354"},"modified":"2026-04-07T16:42:30","modified_gmt":"2026-04-07T14:42:30","slug":"patron-pantalon-strike","status":"publish","type":"product","link":"https:\/\/preprod.dressyourbody.fr\/en\/product\/patron-pantalon-strike\/","title":{"rendered":"Patron pantalon Strike"},"content":{"rendered":"<h4 style=\"text-align: center;\"><strong>DESCRIPTION<\/strong><\/h4>\n<p><strong>Le patron du pantalon Strike <\/strong><b>est un patron de pantalon avec des jambes larges mais bien ajust\u00e9 au niveau du bassin.\u00a0<\/b><\/p>\n<p>Il a des finitions d&rsquo;un pantalon de type jeans avec ses surpiq\u00fbres, ses poches plaqu\u00e9es arri\u00e8re et la poche ticket sur le devant.<\/p>\n<p><img fetchpriority=\"high\" decoding=\"async\" class=\"alignnone wp-image-37812\" src=\"https:\/\/preprod.dressyourbody.fr\/wp-content\/uploads\/2024\/08\/pantalon-strike-finitions-jeans.png\" alt=\"Patron du pantalon Strike avec des finitions jeans\" width=\"326\" height=\"282\" srcset=\"https:\/\/preprod.dressyourbody.fr\/wp-content\/uploads\/2024\/08\/pantalon-strike-finitions-jeans.png 691w, https:\/\/preprod.dressyourbody.fr\/wp-content\/uploads\/2024\/08\/pantalon-strike-finitions-jeans-500x433.png 500w, https:\/\/preprod.dressyourbody.fr\/wp-content\/uploads\/2024\/08\/pantalon-strike-finitions-jeans-300x260.png 300w, https:\/\/preprod.dressyourbody.fr\/wp-content\/uploads\/2024\/08\/pantalon-strike-finitions-jeans-14x12.png 14w\" sizes=\"(max-width: 326px) 100vw, 326px\" \/><\/p>\n<p><strong>Et le patron est propos\u00e9 avec diff\u00e9rentes options afin d&rsquo;\u00eatre s\u00fbr de combler toutes vos envies:<\/strong><\/p>\n<ul>\n<li>Taille haute ou taille basse,<\/li>\n<li>3 types de ceinture disponibles<\/li>\n<li>et une d\u00e9clinaison du patron en 3 statures pour un minimum d&rsquo;ajustements!<\/li>\n<\/ul>\n<p><img decoding=\"async\" class=\"alignnone wp-image-37813\" src=\"https:\/\/preprod.dressyourbody.fr\/wp-content\/uploads\/2024\/08\/pantalon-strike-taille-haute-ou-taille-basse.png\" alt=\"Le patron du pantalon Strike est disponible en taille haute ou taille basse\" width=\"361\" height=\"369\" srcset=\"https:\/\/preprod.dressyourbody.fr\/wp-content\/uploads\/2024\/08\/pantalon-strike-taille-haute-ou-taille-basse.png 727w, https:\/\/preprod.dressyourbody.fr\/wp-content\/uploads\/2024\/08\/pantalon-strike-taille-haute-ou-taille-basse-500x510.png 500w, https:\/\/preprod.dressyourbody.fr\/wp-content\/uploads\/2024\/08\/pantalon-strike-taille-haute-ou-taille-basse-294x300.png 294w, https:\/\/preprod.dressyourbody.fr\/wp-content\/uploads\/2024\/08\/pantalon-strike-taille-haute-ou-taille-basse-12x12.png 12w, https:\/\/preprod.dressyourbody.fr\/wp-content\/uploads\/2024\/08\/pantalon-strike-taille-haute-ou-taille-basse-50x50.png 50w\" sizes=\"(max-width: 361px) 100vw, 361px\" \/> <img decoding=\"async\" class=\"alignnone wp-image-37842\" src=\"https:\/\/preprod.dressyourbody.fr\/wp-content\/uploads\/2024\/08\/patron-pantalon-strike-3-ceintures-differentes-1.png\" alt=\"\" width=\"350\" height=\"266\" srcset=\"https:\/\/preprod.dressyourbody.fr\/wp-content\/uploads\/2024\/08\/patron-pantalon-strike-3-ceintures-differentes-1.png 854w, https:\/\/preprod.dressyourbody.fr\/wp-content\/uploads\/2024\/08\/patron-pantalon-strike-3-ceintures-differentes-1-500x381.png 500w, https:\/\/preprod.dressyourbody.fr\/wp-content\/uploads\/2024\/08\/patron-pantalon-strike-3-ceintures-differentes-1-300x229.png 300w, https:\/\/preprod.dressyourbody.fr\/wp-content\/uploads\/2024\/08\/patron-pantalon-strike-3-ceintures-differentes-1-768x585.png 768w, https:\/\/preprod.dressyourbody.fr\/wp-content\/uploads\/2024\/08\/patron-pantalon-strike-3-ceintures-differentes-1-16x12.png 16w\" sizes=\"(max-width: 350px) 100vw, 350px\" \/><\/p>\n<p>&nbsp;<\/p>\n<h4 style=\"text-align: center;\"><strong>JE CHOISIS QUELLE TAILLE?<\/strong><\/h4>\n<h3><strong>TAILLES:<br \/>\nLe patron du pantalon Strike va de la T32 \u00e0 la T46<\/strong>.<\/h3>\n<p>Choisissez comme d&rsquo;habitude votre taille en fonction de vos mesures et du bar\u00e8me de tailles.<\/p>\n<p>Bien s\u00fbr, je vous conseille fortement de r\u00e9aliser une toile. Mais dans tous les cas, si vous h\u00e9sitez entre 2 tailles choisissez la plus grande car il est plus facile d&rsquo;ajuster un v\u00eatement que de l&rsquo;agrandir!<\/p>\n<p>&nbsp;<\/p>\n<p><strong>STATURE: Le patron est disponible en 3 stature: 1m60 \/ 1m65 \/ 1m76<\/strong><\/p>\n<p><img loading=\"lazy\" decoding=\"async\" class=\"wp-image-34858 size-full alignleft\" src=\"https:\/\/preprod.dressyourbody.fr\/wp-content\/uploads\/2023\/01\/stature-evolution-du-corps.jpg\" alt=\"Evolution du corps en fonction de la stature\" width=\"349\" height=\"326\" srcset=\"https:\/\/preprod.dressyourbody.fr\/wp-content\/uploads\/2023\/01\/stature-evolution-du-corps.jpg 349w, https:\/\/preprod.dressyourbody.fr\/wp-content\/uploads\/2023\/01\/stature-evolution-du-corps-300x280.jpg 300w, https:\/\/preprod.dressyourbody.fr\/wp-content\/uploads\/2023\/01\/stature-evolution-du-corps-13x12.jpg 13w\" sizes=\"(max-width: 349px) 100vw, 349px\" \/><\/p>\n<p>&nbsp;<\/p>\n<p>La d\u00e9clinaison du patron en 3 stature diff\u00e9rentes doit vous permettre de limiter les ajustements du pantalon, notamment au niveau de la fourche.<\/p>\n<p>Pour la stature, <u><b>en th\u00e9orie, si vous mesurez:<\/b><\/u><\/p>\n<p>\u25cf entre 1m56 et 1m63, choisissez la stature : 1m60<\/p>\n<p>\u25cf entre 1m64 et 1m71, choisissez la stature : 1m68<\/p>\n<p>\u25cf entre 1m72 et 1m80, choisissez la stature: 1m76<\/p>\n<p>Mais c&rsquo;est vous qui vous connaissez le mieux! Vous pouvez avoir de grandes jambes et un petit buste ou l&rsquo;inverse. Alors il faut toujours mieux v\u00e9rifier si la longueur de jambes vous convient. Les mesures finies du pantalon Strike sont donn\u00e9es juste apr\u00e8s.<\/p>\n<p>Sachez \u00e9galement que la longueur de jambe du pantalon est pr\u00e9vue pour arriver juste au- dessus du pied, sans casser sur la chaussure.<\/p>\n<p>&nbsp;<\/p>\n<p><strong>MESURES FINIES:<br \/>\n<\/strong>Les mesures du v\u00eatement fini ci-dessous (incluant l&rsquo;aisance du v\u00eatement) peuvent aussi vous aider \u00e0 choisir votre taille.<\/p>\n<p><img loading=\"lazy\" decoding=\"async\" class=\"aligncenter wp-image-37810\" src=\"https:\/\/preprod.dressyourbody.fr\/wp-content\/uploads\/2024\/08\/pantalon-strike-mesures-finies.png\" alt=\"Mesures finies du pantalon Strike\" width=\"288\" height=\"389\" srcset=\"https:\/\/preprod.dressyourbody.fr\/wp-content\/uploads\/2024\/08\/pantalon-strike-mesures-finies.png 409w, https:\/\/preprod.dressyourbody.fr\/wp-content\/uploads\/2024\/08\/pantalon-strike-mesures-finies-222x300.png 222w, https:\/\/preprod.dressyourbody.fr\/wp-content\/uploads\/2024\/08\/pantalon-strike-mesures-finies-9x12.png 9w\" sizes=\"(max-width: 288px) 100vw, 288px\" \/><\/p>\n<p>&nbsp;<\/p>\n<ol>\n<li><strong>Ceinture Taille Haute:<\/strong> T32: 69,9cm \/ T34: 73,8cm \/ T36: 77,7cm \/ T38: 81,6cm \/ T40: 85,4cm \/ T42: 89,3cm \/ T44: 95,2cm \/ T46: 101,2cm<\/li>\n<li><strong>Ceinture Taille Basse: <\/strong>T32: 74,1cm \/ T34: 77,9cm \/ T36: 81,8cm \/ T38: 85,7cm \/ T40: 89,6cm \/ T42: 93,4cm \/ T44: 99,5cm \/ T46: 105,5cm<\/li>\n<li><strong>Tour de hanches: <\/strong>T32: 88,5 \/ T34: 92,6cm \/ T36: 96,6cm \/ T38: 100,7cm \/ T40: 104,9cm \/ T136: 108,9cm \/ T44: 115cm \/ T46: 121cm<\/li>\n<li><strong>Longueur jambe int\u00e9rieure: <\/strong>\n<ul>\n<li>Stature 160: 72,5cm<\/li>\n<li>Stature 168: 76,5cm<\/li>\n<li>Stature 176: 80,5cm<\/li>\n<\/ul>\n<\/li>\n<\/ol>\n<p>&nbsp;<\/p>\n<p>&nbsp;<\/p>\n<p>&nbsp;<\/p>\n<h4 style=\"text-align: center;\"><strong>ET DANS TOUT \u00c7A, QUEL TISSU CHOISIR ?<\/strong><\/h4>\n<p><a href=\"https:\/\/preprod.dressyourbody.fr\/wp-content\/uploads\/2022\/03\/rouleaux-tissus.jpeg\"><img loading=\"lazy\" decoding=\"async\" class=\"size-full wp-image-31182 aligncenter\" src=\"https:\/\/preprod.dressyourbody.fr\/wp-content\/uploads\/2022\/03\/rouleaux-tissus.jpeg\" alt=\"Rouleaux de tissu\" width=\"200\" height=\"113\" srcset=\"https:\/\/preprod.dressyourbody.fr\/wp-content\/uploads\/2022\/03\/rouleaux-tissus.jpeg 200w, https:\/\/preprod.dressyourbody.fr\/wp-content\/uploads\/2022\/03\/rouleaux-tissus-18x10.jpeg 18w\" sizes=\"(max-width: 200px) 100vw, 200px\" \/><\/a><\/p>\n<p><strong>TISSUS CONSEILLES:<\/strong><\/p>\n<p>Tissus cha\u00eene et trame (serg\u00e9, denim) de poids moyen \u00e0 moyen-lourd (230 \u00e0 400 g\/m\u00b2).<\/p>\n<p>Sur les photos, le pantalon Strike a \u00e9t\u00e9 r\u00e9alis\u00e9:<\/p>\n<ul>\n<li>en <strong>gabardine off-white\u00a0<\/strong>(364 g \/ m\u00b2) de chez Atelier Brunette dans sa version taille \u00ab\u00a0basse\u00a0\u00bb<\/li>\n<li>en <strong>gabardine black <\/strong>(364 g \/ m\u00b2) de chez Atelier Brunette taille haute<\/li>\n<\/ul>\n<p>&nbsp;<\/p>","protected":false},"excerpt":{"rendered":"<p>&nbsp;<\/p>\n<ul>\n<li><strong>VIDEO<\/strong> disponible!<\/li>\n<li><strong>3 ceintures diff\u00e9rentes<\/strong> disponibles<\/li>\n<li><strong>3 statures<\/strong> pour un minimum de retouches <strong>(1m60 \/ 1m68 \/ 1m76)<\/strong><\/li>\n<li>Planche de patrons allant de la<span style=\"color: #000000;\"><strong> T32 \u00e0 46<\/strong><\/span><\/li>\n<li>Version <strong>POCHETTE ou<\/strong> <span style=\"color: #000000;\"><strong>PDF<\/strong><\/span> a<span style=\"color: #ff0000;\"><span style=\"color: #000000;\">vec <strong>gestion des calques<\/strong>\u00a0<\/span><\/span><\/li>\n<li><span style=\"color: #000000;\"><strong>Marges de couture incluses : 1cm<\/strong><\/span><\/li>\n<\/ul>\n<p>&nbsp; <\/p>\n<div><a class=\"zoli-read-more-link\" href=\"https:\/\/preprod.dressyourbody.fr\/en\/product\/patron-pantalon-strike\/\">Read More<span class=\"lexus-icon-Icon_Next\"><\/span><\/a><\/div>","protected":false},"featured_media":37886,"comment_status":"open","ping_status":"closed","template":"","meta":{"_acf_changed":false},"product_brand":[],"product_cat":[1236],"product_tag":[1194,637],"class_list":{"0":"post-37354","1":"product","2":"type-product","3":"status-publish","4":"has-post-thumbnail","6":"product_cat-pantalons","7":"product_tag-couture-facile","8":"product_tag-patron","9":"pa_difficulte-expert","10":"pa_formatpatron-patron-pdf-format-a4-a0","11":"pa_formatpatron-patronpochette","13":"first","14":"instock","15":"featured","16":"shipping-taxable","17":"purchasable","18":"product-type-variable"},"acf":[],"yoast_head":"<!-- This site is optimized with the Yoast SEO plugin v27.3 - https:\/\/yoast.com\/product\/yoast-seo-wordpress\/ -->\n<title>Patron pantalon Strike - DressYourBody - Patron de couture femme<\/title>\n<meta name=\"description\" content=\"Le patron du pantalon Strike comblera toutes vos envies: taille haute, taille basse, ceinture avec passants, pattes de resserrage. Disponible en 3 statures!\" \/>\n<meta name=\"robots\" content=\"index, follow, max-snippet:-1, max-image-preview:large, max-video-preview:-1\" \/>\n<link rel=\"canonical\" href=\"https:\/\/preprod.dressyourbody.fr\/en\/product\/patron-pantalon-strike\/\" \/>\n<meta property=\"og:locale\" content=\"en_US\" \/>\n<meta property=\"og:type\" content=\"article\" \/>\n<meta property=\"og:title\" content=\"Patron pantalon Strike - DressYourBody - Patron de couture femme\" \/>\n<meta property=\"og:description\" content=\"Le patron du pantalon Strike comblera toutes vos envies: taille haute, taille basse, ceinture avec passants, pattes de resserrage. Disponible en 3 statures!\" \/>\n<meta property=\"og:url\" content=\"https:\/\/preprod.dressyourbody.fr\/en\/product\/patron-pantalon-strike\/\" \/>\n<meta property=\"og:site_name\" content=\"Dressyourbody\" \/>\n<meta property=\"article:publisher\" content=\"https:\/\/www.facebook.com\/dressyourbody.couture\/\" \/>\n<meta property=\"article:modified_time\" content=\"2026-04-07T14:42:30+00:00\" \/>\n<meta property=\"og:image\" content=\"https:\/\/preprod.dressyourbody.fr\/wp-content\/uploads\/2024\/08\/pantalon-strike-gabardine-off-white.jpg\" \/>\n\t<meta property=\"og:image:width\" content=\"500\" \/>\n\t<meta property=\"og:image:height\" content=\"625\" \/>\n\t<meta property=\"og:image:type\" content=\"image\/jpeg\" \/>\n<meta name=\"twitter:card\" content=\"summary_large_image\" \/>\n<meta name=\"twitter:label1\" content=\"Est. reading time\" \/>\n\t<meta name=\"twitter:data1\" content=\"4 minutes\" \/>\n<script type=\"application\/ld+json\" class=\"yoast-schema-graph\">{\"@context\":\"https:\\\/\\\/schema.org\",\"@graph\":[{\"@type\":\"WebPage\",\"@id\":\"https:\\\/\\\/preprod.dressyourbody.fr\\\/en\\\/product\\\/patron-pantalon-strike\\\/\",\"url\":\"https:\\\/\\\/preprod.dressyourbody.fr\\\/en\\\/product\\\/patron-pantalon-strike\\\/\",\"name\":\"Patron pantalon Strike - DressYourBody - Patron de couture femme\",\"isPartOf\":{\"@id\":\"https:\\\/\\\/preprod.dressyourbody.fr\\\/#website\"},\"primaryImageOfPage\":{\"@id\":\"https:\\\/\\\/preprod.dressyourbody.fr\\\/en\\\/product\\\/patron-pantalon-strike\\\/#primaryimage\"},\"image\":{\"@id\":\"https:\\\/\\\/preprod.dressyourbody.fr\\\/en\\\/product\\\/patron-pantalon-strike\\\/#primaryimage\"},\"thumbnailUrl\":\"https:\\\/\\\/preprod.dressyourbody.fr\\\/wp-content\\\/uploads\\\/2024\\\/08\\\/pantalon-strike-gabardine-off-white.jpg\",\"datePublished\":\"2024-08-21T18:23:13+00:00\",\"dateModified\":\"2026-04-07T14:42:30+00:00\",\"description\":\"Le patron du pantalon Strike comblera toutes vos envies: taille haute, taille basse, ceinture avec passants, pattes de resserrage. Disponible en 3 statures!\",\"breadcrumb\":{\"@id\":\"https:\\\/\\\/preprod.dressyourbody.fr\\\/en\\\/product\\\/patron-pantalon-strike\\\/#breadcrumb\"},\"inLanguage\":\"en-US\",\"potentialAction\":[{\"@type\":\"ReadAction\",\"target\":[\"https:\\\/\\\/preprod.dressyourbody.fr\\\/en\\\/product\\\/patron-pantalon-strike\\\/\"]}]},{\"@type\":\"ImageObject\",\"inLanguage\":\"en-US\",\"@id\":\"https:\\\/\\\/preprod.dressyourbody.fr\\\/en\\\/product\\\/patron-pantalon-strike\\\/#primaryimage\",\"url\":\"https:\\\/\\\/preprod.dressyourbody.fr\\\/wp-content\\\/uploads\\\/2024\\\/08\\\/pantalon-strike-gabardine-off-white.jpg\",\"contentUrl\":\"https:\\\/\\\/preprod.dressyourbody.fr\\\/wp-content\\\/uploads\\\/2024\\\/08\\\/pantalon-strike-gabardine-off-white.jpg\",\"width\":500,\"height\":625,\"caption\":\"Patron du pantalon Strike en gabardine Atelier Brunette\"},{\"@type\":\"BreadcrumbList\",\"@id\":\"https:\\\/\\\/preprod.dressyourbody.fr\\\/en\\\/product\\\/patron-pantalon-strike\\\/#breadcrumb\",\"itemListElement\":[{\"@type\":\"ListItem\",\"position\":1,\"name\":\"Accueil\",\"item\":\"https:\\\/\\\/preprod.dressyourbody.fr\\\/en\\\/\"},{\"@type\":\"ListItem\",\"position\":2,\"name\":\"LA BOUTIQUE\",\"item\":\"https:\\\/\\\/preprod.dressyourbody.fr\\\/en\\\/?page_id=22934\"},{\"@type\":\"ListItem\",\"position\":3,\"name\":\"Patron pantalon Strike\"}]},{\"@type\":\"WebSite\",\"@id\":\"https:\\\/\\\/preprod.dressyourbody.fr\\\/#website\",\"url\":\"https:\\\/\\\/preprod.dressyourbody.fr\\\/\",\"name\":\"DressYourBody\",\"description\":\"Patrons de couture\",\"publisher\":{\"@id\":\"https:\\\/\\\/preprod.dressyourbody.fr\\\/#organization\"},\"potentialAction\":[{\"@type\":\"SearchAction\",\"target\":{\"@type\":\"EntryPoint\",\"urlTemplate\":\"https:\\\/\\\/preprod.dressyourbody.fr\\\/?s={search_term_string}\"},\"query-input\":{\"@type\":\"PropertyValueSpecification\",\"valueRequired\":true,\"valueName\":\"search_term_string\"}}],\"inLanguage\":\"en-US\"},{\"@type\":\"Organization\",\"@id\":\"https:\\\/\\\/preprod.dressyourbody.fr\\\/#organization\",\"name\":\"DressYourBody.fr\",\"url\":\"https:\\\/\\\/preprod.dressyourbody.fr\\\/\",\"logo\":{\"@type\":\"ImageObject\",\"inLanguage\":\"en-US\",\"@id\":\"https:\\\/\\\/preprod.dressyourbody.fr\\\/#\\\/schema\\\/logo\\\/image\\\/\",\"url\":\"https:\\\/\\\/preprod.dressyourbody.fr\\\/wp-content\\\/uploads\\\/2018\\\/07\\\/Logo-rond.png\",\"contentUrl\":\"https:\\\/\\\/preprod.dressyourbody.fr\\\/wp-content\\\/uploads\\\/2018\\\/07\\\/Logo-rond.png\",\"width\":451,\"height\":449,\"caption\":\"DressYourBody.fr\"},\"image\":{\"@id\":\"https:\\\/\\\/preprod.dressyourbody.fr\\\/#\\\/schema\\\/logo\\\/image\\\/\"},\"sameAs\":[\"https:\\\/\\\/www.facebook.com\\\/dressyourbody.couture\\\/\",\"https:\\\/\\\/www.instagram.com\\\/dressyourbody.couture\\\/\",\"https:\\\/\\\/www.linkedin.com\\\/company\\\/11295981\\\/\",\"https:\\\/\\\/www.pinterest.fr\\\/dressyourbody\\\/\",\"https:\\\/\\\/www.youtube.com\\\/channel\\\/UCD9FR054rT1zUXmwxImG5vA?view_as=subscriber\"]}]}<\/script>\n<!-- \/ Yoast SEO plugin. -->","yoast_head_json":{"title":"Patron pantalon Strike - DressYourBody - Patron de couture femme","description":"Le patron du pantalon Strike comblera toutes vos envies: taille haute, taille basse, ceinture avec passants, pattes de resserrage. Disponible en 3 statures!","robots":{"index":"index","follow":"follow","max-snippet":"max-snippet:-1","max-image-preview":"max-image-preview:large","max-video-preview":"max-video-preview:-1"},"canonical":"https:\/\/preprod.dressyourbody.fr\/en\/product\/patron-pantalon-strike\/","og_locale":"en_US","og_type":"article","og_title":"Patron pantalon Strike - DressYourBody - Patron de couture femme","og_description":"Le patron du pantalon Strike comblera toutes vos envies: taille haute, taille basse, ceinture avec passants, pattes de resserrage. Disponible en 3 statures!","og_url":"https:\/\/preprod.dressyourbody.fr\/en\/product\/patron-pantalon-strike\/","og_site_name":"Dressyourbody","article_publisher":"https:\/\/www.facebook.com\/dressyourbody.couture\/","article_modified_time":"2026-04-07T14:42:30+00:00","og_image":[{"width":500,"height":625,"url":"https:\/\/preprod.dressyourbody.fr\/wp-content\/uploads\/2024\/08\/pantalon-strike-gabardine-off-white.jpg","type":"image\/jpeg"}],"twitter_card":"summary_large_image","twitter_misc":{"Est. reading time":"4 minutes"},"schema":{"@context":"https:\/\/schema.org","@graph":[{"@type":"WebPage","@id":"https:\/\/preprod.dressyourbody.fr\/en\/product\/patron-pantalon-strike\/","url":"https:\/\/preprod.dressyourbody.fr\/en\/product\/patron-pantalon-strike\/","name":"Patron pantalon Strike - DressYourBody - Patron de couture femme","isPartOf":{"@id":"https:\/\/preprod.dressyourbody.fr\/#website"},"primaryImageOfPage":{"@id":"https:\/\/preprod.dressyourbody.fr\/en\/product\/patron-pantalon-strike\/#primaryimage"},"image":{"@id":"https:\/\/preprod.dressyourbody.fr\/en\/product\/patron-pantalon-strike\/#primaryimage"},"thumbnailUrl":"https:\/\/preprod.dressyourbody.fr\/wp-content\/uploads\/2024\/08\/pantalon-strike-gabardine-off-white.jpg","datePublished":"2024-08-21T18:23:13+00:00","dateModified":"2026-04-07T14:42:30+00:00","description":"Le patron du pantalon Strike comblera toutes vos envies: taille haute, taille basse, ceinture avec passants, pattes de resserrage. Disponible en 3 statures!","breadcrumb":{"@id":"https:\/\/preprod.dressyourbody.fr\/en\/product\/patron-pantalon-strike\/#breadcrumb"},"inLanguage":"en-US","potentialAction":[{"@type":"ReadAction","target":["https:\/\/preprod.dressyourbody.fr\/en\/product\/patron-pantalon-strike\/"]}]},{"@type":"ImageObject","inLanguage":"en-US","@id":"https:\/\/preprod.dressyourbody.fr\/en\/product\/patron-pantalon-strike\/#primaryimage","url":"https:\/\/preprod.dressyourbody.fr\/wp-content\/uploads\/2024\/08\/pantalon-strike-gabardine-off-white.jpg","contentUrl":"https:\/\/preprod.dressyourbody.fr\/wp-content\/uploads\/2024\/08\/pantalon-strike-gabardine-off-white.jpg","width":500,"height":625,"caption":"Patron du pantalon Strike en gabardine Atelier Brunette"},{"@type":"BreadcrumbList","@id":"https:\/\/preprod.dressyourbody.fr\/en\/product\/patron-pantalon-strike\/#breadcrumb","itemListElement":[{"@type":"ListItem","position":1,"name":"Accueil","item":"https:\/\/preprod.dressyourbody.fr\/en\/"},{"@type":"ListItem","position":2,"name":"LA BOUTIQUE","item":"https:\/\/preprod.dressyourbody.fr\/en\/?page_id=22934"},{"@type":"ListItem","position":3,"name":"Patron pantalon Strike"}]},{"@type":"WebSite","@id":"https:\/\/preprod.dressyourbody.fr\/#website","url":"https:\/\/preprod.dressyourbody.fr\/","name":"DressYourBody","description":"Patrons de couture","publisher":{"@id":"https:\/\/preprod.dressyourbody.fr\/#organization"},"potentialAction":[{"@type":"SearchAction","target":{"@type":"EntryPoint","urlTemplate":"https:\/\/preprod.dressyourbody.fr\/?s={search_term_string}"},"query-input":{"@type":"PropertyValueSpecification","valueRequired":true,"valueName":"search_term_string"}}],"inLanguage":"en-US"},{"@type":"Organization","@id":"https:\/\/preprod.dressyourbody.fr\/#organization","name":"DressYourBody.fr","url":"https:\/\/preprod.dressyourbody.fr\/","logo":{"@type":"ImageObject","inLanguage":"en-US","@id":"https:\/\/preprod.dressyourbody.fr\/#\/schema\/logo\/image\/","url":"https:\/\/preprod.dressyourbody.fr\/wp-content\/uploads\/2018\/07\/Logo-rond.png","contentUrl":"https:\/\/preprod.dressyourbody.fr\/wp-content\/uploads\/2018\/07\/Logo-rond.png","width":451,"height":449,"caption":"DressYourBody.fr"},"image":{"@id":"https:\/\/preprod.dressyourbody.fr\/#\/schema\/logo\/image\/"},"sameAs":["https:\/\/www.facebook.com\/dressyourbody.couture\/","https:\/\/www.instagram.com\/dressyourbody.couture\/","https:\/\/www.linkedin.com\/company\/11295981\/","https:\/\/www.pinterest.fr\/dressyourbody\/","https:\/\/www.youtube.com\/channel\/UCD9FR054rT1zUXmwxImG5vA?view_as=subscriber"]}]}},"_links":{"self":[{"href":"https:\/\/preprod.dressyourbody.fr\/en\/wp-json\/wp\/v2\/product\/37354","targetHints":{"allow":["GET"]}}],"collection":[{"href":"https:\/\/preprod.dressyourbody.fr\/en\/wp-json\/wp\/v2\/product"}],"about":[{"href":"https:\/\/preprod.dressyourbody.fr\/en\/wp-json\/wp\/v2\/types\/product"}],"replies":[{"embeddable":true,"href":"https:\/\/preprod.dressyourbody.fr\/en\/wp-json\/wp\/v2\/comments?post=37354"}],"wp:featuredmedia":[{"embeddable":true,"href":"https:\/\/preprod.dressyourbody.fr\/en\/wp-json\/wp\/v2\/media\/37886"}],"wp:attachment":[{"href":"https:\/\/preprod.dressyourbody.fr\/en\/wp-json\/wp\/v2\/media?parent=37354"}],"wp:term":[{"taxonomy":"product_brand","embeddable":true,"href":"https:\/\/preprod.dressyourbody.fr\/en\/wp-json\/wp\/v2\/product_brand?post=37354"},{"taxonomy":"product_cat","embeddable":true,"href":"https:\/\/preprod.dressyourbody.fr\/en\/wp-json\/wp\/v2\/product_cat?post=37354"},{"taxonomy":"product_tag","embeddable":true,"href":"https:\/\/preprod.dressyourbody.fr\/en\/wp-json\/wp\/v2\/product_tag?post=37354"}],"curies":[{"name":"wp","href":"https:\/\/api.w.org\/{rel}","templated":true}]}}