{"id":36575,"date":"2024-01-05T11:14:36","date_gmt":"2024-01-05T09:14:36","guid":{"rendered":"https:\/\/dressyourbody.fr\/fr\/?post_type=product&#038;p=36575"},"modified":"2026-03-09T16:54:44","modified_gmt":"2026-03-09T14:54:44","slug":"patron-chrissie","status":"publish","type":"product","link":"https:\/\/preprod.dressyourbody.fr\/en\/product\/patron-chrissie\/","title":{"rendered":"Patron Chrissie"},"content":{"rendered":"<h4 style=\"text-align: center;\"><strong>DESCRIPTION<\/strong><\/h4>\n<p>Vous pouvez d\u00e9cliner le <b>patron Chrissie <\/b>en version<b> robe <\/b>ou en version <b>chemise.<\/b><\/p>\n<p><b>En jeans l\u00e9ger ou velours souple, la robe Chrissie <\/b>prendra un <b>c\u00f4t\u00e9 structur\u00e9 <\/b>pour <b>une tenue tr\u00e8s tendance,<\/b> que vous pouvez porter avec des boots ou des baskets.<b> <\/b><b><\/b><\/p>\n<p><strong>Vous pouvez <\/strong>\u00e9galement<strong> la r\u00e9aliser en tissu plus fluide <\/strong>avec un joli tomb\u00e9, pour en faire une version <strong>dans un style tout-\u00e0-fait diff\u00e9rent, <\/strong><\/p>\n<p><strong>La version chemise est elle aussi compl\u00e8tement dans l&rsquo;\u00e8re du temps avec son c\u00f4t\u00e9 loose et d\u00e9contract\u00e9.<\/strong><\/p>\n<p>Dans les deux cas, <strong>en robe comme en version chemise, les 2 empi\u00e8cements en V<\/strong> devant et dos<strong>, soulign\u00e9 par des fronces, <\/strong>en font<strong> une pi\u00e8ce styl\u00e9e et f\u00e9minine.<\/strong><\/p>\n<ul>\n<li>Version robe ou version chemise<\/li>\n<li>Col chemisier avec ou sans pied de col<\/li>\n<li>D\u00e9coupe en V devant et dos<\/li>\n<li>Poignets avec fente capucin<\/li>\n<li>Poches prises dans la couture (pour la robe)<\/li>\n<li>Ceinture \u00e0 nouer avec passants (pour la robe)<\/li>\n<li>Longueur midi (pour la robe)<\/li>\n<\/ul>\n<p>&nbsp;<\/p>\n<p><img fetchpriority=\"high\" decoding=\"async\" class=\"alignnone wp-image-36609\" src=\"https:\/\/preprod.dressyourbody.fr\/wp-content\/uploads\/2024\/01\/patron-chrissie-presentation-technique1-1.png\" alt=\"Patron chrissie, pr\u00e9sentation technique1\" width=\"500\" height=\"370\" srcset=\"https:\/\/preprod.dressyourbody.fr\/wp-content\/uploads\/2024\/01\/patron-chrissie-presentation-technique1-1.png 944w, https:\/\/preprod.dressyourbody.fr\/wp-content\/uploads\/2024\/01\/patron-chrissie-presentation-technique1-1-500x370.png 500w, https:\/\/preprod.dressyourbody.fr\/wp-content\/uploads\/2024\/01\/patron-chrissie-presentation-technique1-1-300x222.png 300w, https:\/\/preprod.dressyourbody.fr\/wp-content\/uploads\/2024\/01\/patron-chrissie-presentation-technique1-1-768x568.png 768w, https:\/\/preprod.dressyourbody.fr\/wp-content\/uploads\/2024\/01\/patron-chrissie-presentation-technique1-1-16x12.png 16w\" sizes=\"(max-width: 500px) 100vw, 500px\" \/> <img decoding=\"async\" class=\"alignnone wp-image-36610\" src=\"https:\/\/preprod.dressyourbody.fr\/wp-content\/uploads\/2024\/01\/patron-chrissie-presentation-technique2.png\" alt=\"Patron chrissie, pr\u00e9sentation technique2\" width=\"458\" height=\"382\" srcset=\"https:\/\/preprod.dressyourbody.fr\/wp-content\/uploads\/2024\/01\/patron-chrissie-presentation-technique2.png 952w, https:\/\/preprod.dressyourbody.fr\/wp-content\/uploads\/2024\/01\/patron-chrissie-presentation-technique2-500x417.png 500w, https:\/\/preprod.dressyourbody.fr\/wp-content\/uploads\/2024\/01\/patron-chrissie-presentation-technique2-300x250.png 300w, https:\/\/preprod.dressyourbody.fr\/wp-content\/uploads\/2024\/01\/patron-chrissie-presentation-technique2-768x641.png 768w, https:\/\/preprod.dressyourbody.fr\/wp-content\/uploads\/2024\/01\/patron-chrissie-presentation-technique2-14x12.png 14w\" sizes=\"(max-width: 458px) 100vw, 458px\" \/><\/p>\n<h4><\/h4>\n<h4><\/h4>\n<h4 style=\"text-align: center;\"><strong>JE CHOISIS QUELLE TAILLE?<\/strong><\/h4>\n<p><strong>TAILLES:<br \/>\nLe patron de la robe\/chemise Chrissie va de la T34 \u00e0 la T46<\/strong>.<\/p>\n<p>Choisissez comme d&rsquo;habitude votre taille en fonction de vos mesures et du bar\u00e8me de tailles.<\/p>\n<p>Notez que le mod\u00e8le est pens\u00e9 pour \u00eatre assez loose. Donc si vous \u00eates entre deux tailles, voyez si vous aimez plut\u00f4t porter des v\u00eatements avec de l&rsquo;ampleur ou un peu plus ajust\u00e9s.<\/p>\n<p>Dans le doute, il faut toujours mieux choisir la plus grande taille car il est plus facile d&rsquo;ajuster un v\u00eatement que de l&rsquo;agrandir!<\/p>\n<p>&nbsp;<\/p>\n<p>&nbsp;<\/p>\n<p><strong>MESURES FINIES:<br \/>\n<\/strong>Les mesures du v\u00eatement fini ci-dessous (incluant l&rsquo;aisance du v\u00eatement) peuvent aussi vous aider \u00e0 choisir votre taille.<\/p>\n<p><img decoding=\"async\" class=\"alignnone wp-image-36578\" src=\"https:\/\/preprod.dressyourbody.fr\/wp-content\/uploads\/2024\/01\/Devant.png\" alt=\"Robe Chrissie, mesures finies\" width=\"265\" height=\"382\" srcset=\"https:\/\/preprod.dressyourbody.fr\/wp-content\/uploads\/2024\/01\/Devant.png 467w, https:\/\/preprod.dressyourbody.fr\/wp-content\/uploads\/2024\/01\/Devant-208x300.png 208w, https:\/\/preprod.dressyourbody.fr\/wp-content\/uploads\/2024\/01\/Devant-8x12.png 8w\" sizes=\"(max-width: 265px) 100vw, 265px\" \/><img loading=\"lazy\" decoding=\"async\" class=\"alignnone wp-image-36579\" src=\"https:\/\/preprod.dressyourbody.fr\/wp-content\/uploads\/2024\/01\/Dos-robe.png\" alt=\"Robe Chrissie, mesures finies dos\" width=\"332\" height=\"378\" srcset=\"https:\/\/preprod.dressyourbody.fr\/wp-content\/uploads\/2024\/01\/Dos-robe.png 689w, https:\/\/preprod.dressyourbody.fr\/wp-content\/uploads\/2024\/01\/Dos-robe-500x569.png 500w, https:\/\/preprod.dressyourbody.fr\/wp-content\/uploads\/2024\/01\/Dos-robe-264x300.png 264w, https:\/\/preprod.dressyourbody.fr\/wp-content\/uploads\/2024\/01\/Dos-robe-11x12.png 11w\" sizes=\"(max-width: 332px) 100vw, 332px\" \/><img loading=\"lazy\" decoding=\"async\" class=\"alignnone wp-image-36580\" src=\"https:\/\/preprod.dressyourbody.fr\/wp-content\/uploads\/2024\/01\/Dos-chemise.png\" alt=\"Chemise Chrissie, mesures finies\" width=\"397\" height=\"227\" srcset=\"https:\/\/preprod.dressyourbody.fr\/wp-content\/uploads\/2024\/01\/Dos-chemise.png 823w, https:\/\/preprod.dressyourbody.fr\/wp-content\/uploads\/2024\/01\/Dos-chemise-500x286.png 500w, https:\/\/preprod.dressyourbody.fr\/wp-content\/uploads\/2024\/01\/Dos-chemise-300x172.png 300w, https:\/\/preprod.dressyourbody.fr\/wp-content\/uploads\/2024\/01\/Dos-chemise-768x440.png 768w, https:\/\/preprod.dressyourbody.fr\/wp-content\/uploads\/2024\/01\/Dos-chemise-18x10.png 18w\" sizes=\"(max-width: 397px) 100vw, 397px\" \/><\/p>\n<ol>\n<li><strong>Tour Poitrine:<\/strong> T34: 105cm \/ T36: 109cm \/ T38: 113cm \/ T40: 117cm \/ T42: 121cm \/ T44: 125cm \/ T46: 129cm<\/li>\n<li><strong>Tour taille: <\/strong>T34: 104cm \/ T36: 108cm \/ T38: 112cm \/ T40: 116cm \/ T42: 120cm \/ T44: 124cm \/ T46: 128cm<\/li>\n<li><strong>Tour de hanches: <\/strong>T34: 113cm \/ T36: 117cm \/ T38: 121cm \/ T40: 124cm \/ T136: 129cm \/ T44: 133cm \/ T46: 137cm<\/li>\n<li><strong>Longueur bras:<\/strong> T34: 71,5cm \/ T36: 72cm \/ T38: 72,5cm \/ T40: 73cm \/ T136: 73,5cm \/ T44: 74cm \/ T46: 74,5cm<\/li>\n<li><strong>Hauteur milieu dos (robe): <\/strong>T34: 119,3cm \/ T36: 119,5cm \/ T38 et 40: 120cm \/ T42 et 44: 120,5cm \/ T46: 120,8cm<\/li>\n<li><strong>Hauteur milieu dos (chemise):<\/strong> T34: 65,3cm \/ T36: 65,5cm \/ T38: 65,8cm \/ T40: 66cm \/ T42: 66,3cm \/ T44: 66,5cm \/ T46: 66,8cm<\/li>\n<\/ol>\n<p>&nbsp;<\/p>\n<p><strong>STATURE: Le patron est pens\u00e9 pour stature de 1m65.<\/strong><\/p>\n<p>Pensez \u00e0 allonger ou raccourcir le patron Chrissie selon votre envie. Des lignes de coupe pr\u00e9vues \u00e0 cet effet sont renseign\u00e9es sur le patron.<\/p>\n<p>La hauteur milieu dos, donn\u00e9e plus haut, vous aidera dans ce choix.<\/p>\n<p>&nbsp;<\/p>\n<p>&nbsp;<\/p>\n<h4><\/h4>\n<h4 style=\"text-align: center;\"><strong>ET DANS TOUT \u00c7A, QUEL TISSU CHOISIR ?<\/strong><\/h4>\n<p><a href=\"https:\/\/preprod.dressyourbody.fr\/wp-content\/uploads\/2022\/03\/rouleaux-tissus.jpeg\"><img loading=\"lazy\" decoding=\"async\" class=\"size-full wp-image-31182 aligncenter\" src=\"https:\/\/preprod.dressyourbody.fr\/wp-content\/uploads\/2022\/03\/rouleaux-tissus.jpeg\" alt=\"Rouleaux de tissu\" width=\"200\" height=\"113\" srcset=\"https:\/\/preprod.dressyourbody.fr\/wp-content\/uploads\/2022\/03\/rouleaux-tissus.jpeg 200w, https:\/\/preprod.dressyourbody.fr\/wp-content\/uploads\/2022\/03\/rouleaux-tissus-18x10.jpeg 18w\" sizes=\"(max-width: 200px) 100vw, 200px\" \/><\/a><\/p>\n<p>&nbsp;<\/p>\n<p>Sur les photos, les robes Chrissie ont \u00e9t\u00e9 r\u00e9alis\u00e9es:<\/p>\n<ul>\n<li>en <strong>denim l\u00e9ger<\/strong> (220g\/m\u00b2) de chez <a href=\"https:\/\/www.tessuti.fr\/\" target=\"_blank\" rel=\"noopener\">Torreto Tessuti<\/a><\/li>\n<li>en <strong>viscose Pashmina hiver<\/strong> (135 g\/m\u00b2) de chez <a href=\"https:\/\/lisetailor.com\/\" target=\"_blank\" rel=\"noopener\">Lise Tailor<\/a><\/li>\n<li>en <strong>velours souple<\/strong>\u00a0 (415g\/m\u00b2) de chez <a href=\"https:\/\/cousette.com\/fr\/\" target=\"_blank\" rel=\"noopener\">Cousette<\/a><\/li>\n<\/ul>\n<p>Sur les photos, les chemises Chrissie ont \u00e9t\u00e9 r\u00e9alis\u00e9es:<\/p>\n<ul>\n<li>en <strong>viscose Nino<\/strong>\u00a0(135 g\/m\u00b2) de chez <a href=\"https:\/\/lisetailor.com\/\" target=\"_blank\" rel=\"noopener\">Lise Tailor<\/a><\/li>\n<li>en <strong>velours milleraies<\/strong> (170 g \/ m\u00b2) de chez <a href=\"https:\/\/atelierbrunette.com\/fr\/\" target=\"_blank\" rel=\"noopener\">Atelier Brunette<\/a><\/li>\n<\/ul>\n<p>&nbsp;<\/p>","protected":false},"excerpt":{"rendered":"<ul>\n<li>Planche de patrons allant de la<span style=\"color: #000000;\"><strong> T34 \u00e0 46<\/strong><\/span> soit un tour de poitrine de 81 \u00e0 108cm<\/li>\n<li>Stature <strong>1m65<\/strong><\/li>\n<li>Version <span style=\"color: #000000;\"><strong>PDF<\/strong><\/span> a<span style=\"color: #ff0000;\"><span style=\"color: #000000;\">vec <strong>gestion des calques<\/strong>\u00a0<\/span><\/span><\/li>\n<li><span style=\"color: #000000;\"><strong>Marges de couture incluses : 1cm<\/strong><\/span><\/li>\n<\/ul>\n<p>&nbsp; <\/p>\n<div><a class=\"zoli-read-more-link\" href=\"https:\/\/preprod.dressyourbody.fr\/en\/product\/patron-chrissie\/\">Read More<span class=\"lexus-icon-Icon_Next\"><\/span><\/a><\/div>","protected":false},"featured_media":36585,"comment_status":"open","ping_status":"closed","template":"","meta":{"_acf_changed":false},"product_brand":[],"product_cat":[1233,1234],"product_tag":[1194,637],"class_list":{"0":"post-36575","1":"product","2":"type-product","3":"status-publish","4":"has-post-thumbnail","6":"product_cat-robes","7":"product_cat-tops","8":"product_tag-couture-facile","9":"product_tag-patron","10":"pa_difficulte-expert","11":"pa_formatpatron-patron-pdf-format-a4-a0","12":"pa_formatpatron-patronpochette","14":"first","15":"instock","16":"shipping-taxable","17":"purchasable","18":"product-type-variable"},"acf":[],"yoast_head":"<!-- This site is optimized with the Yoast SEO plugin v27.3 - https:\/\/yoast.com\/product\/yoast-seo-wordpress\/ -->\n<title>Patron Chrissie - DressYourBody - Patron de couture femme<\/title>\n<meta name=\"description\" content=\"Le patron Chrissie se d\u00e9cline en robe ou en chemise. En jeans l\u00e9ger, la robe Chrissie sera structur\u00e9e pour un look tendance, \u00e0 porter avec boots ou baskets.\" \/>\n<meta name=\"robots\" content=\"index, follow, max-snippet:-1, max-image-preview:large, max-video-preview:-1\" \/>\n<link rel=\"canonical\" href=\"https:\/\/preprod.dressyourbody.fr\/en\/product\/patron-chrissie\/\" \/>\n<meta property=\"og:locale\" content=\"en_US\" \/>\n<meta property=\"og:type\" content=\"article\" \/>\n<meta property=\"og:title\" content=\"Patron Chrissie - DressYourBody - Patron de couture femme\" \/>\n<meta property=\"og:description\" content=\"Le patron Chrissie se d\u00e9cline en robe ou en chemise. En jeans l\u00e9ger, la robe Chrissie sera structur\u00e9e pour un look tendance, \u00e0 porter avec boots ou baskets.\" \/>\n<meta property=\"og:url\" content=\"https:\/\/preprod.dressyourbody.fr\/en\/product\/patron-chrissie\/\" \/>\n<meta property=\"og:site_name\" content=\"Dressyourbody\" \/>\n<meta property=\"article:publisher\" content=\"https:\/\/www.facebook.com\/dressyourbody.couture\/\" \/>\n<meta property=\"article:modified_time\" content=\"2026-03-09T14:54:44+00:00\" \/>\n<meta property=\"og:image\" content=\"https:\/\/preprod.dressyourbody.fr\/wp-content\/uploads\/2024\/01\/chrissie-denim-toretto-tessuti3.jpg\" \/>\n\t<meta property=\"og:image:width\" content=\"500\" \/>\n\t<meta property=\"og:image:height\" content=\"691\" \/>\n\t<meta property=\"og:image:type\" content=\"image\/jpeg\" \/>\n<meta name=\"twitter:card\" content=\"summary_large_image\" \/>\n<meta name=\"twitter:label1\" content=\"Est. reading time\" \/>\n\t<meta name=\"twitter:data1\" content=\"4 minutes\" \/>\n<script type=\"application\/ld+json\" class=\"yoast-schema-graph\">{\"@context\":\"https:\\\/\\\/schema.org\",\"@graph\":[{\"@type\":\"WebPage\",\"@id\":\"https:\\\/\\\/preprod.dressyourbody.fr\\\/en\\\/product\\\/patron-chrissie\\\/\",\"url\":\"https:\\\/\\\/preprod.dressyourbody.fr\\\/en\\\/product\\\/patron-chrissie\\\/\",\"name\":\"Patron Chrissie - DressYourBody - Patron de couture femme\",\"isPartOf\":{\"@id\":\"https:\\\/\\\/preprod.dressyourbody.fr\\\/#website\"},\"primaryImageOfPage\":{\"@id\":\"https:\\\/\\\/preprod.dressyourbody.fr\\\/en\\\/product\\\/patron-chrissie\\\/#primaryimage\"},\"image\":{\"@id\":\"https:\\\/\\\/preprod.dressyourbody.fr\\\/en\\\/product\\\/patron-chrissie\\\/#primaryimage\"},\"thumbnailUrl\":\"https:\\\/\\\/preprod.dressyourbody.fr\\\/wp-content\\\/uploads\\\/2024\\\/01\\\/chrissie-denim-toretto-tessuti3.jpg\",\"datePublished\":\"2024-01-05T09:14:36+00:00\",\"dateModified\":\"2026-03-09T14:54:44+00:00\",\"description\":\"Le patron Chrissie se d\u00e9cline en robe ou en chemise. En jeans l\u00e9ger, la robe Chrissie sera structur\u00e9e pour un look tendance, \u00e0 porter avec boots ou baskets.\",\"breadcrumb\":{\"@id\":\"https:\\\/\\\/preprod.dressyourbody.fr\\\/en\\\/product\\\/patron-chrissie\\\/#breadcrumb\"},\"inLanguage\":\"en-US\",\"potentialAction\":[{\"@type\":\"ReadAction\",\"target\":[\"https:\\\/\\\/preprod.dressyourbody.fr\\\/en\\\/product\\\/patron-chrissie\\\/\"]}]},{\"@type\":\"ImageObject\",\"inLanguage\":\"en-US\",\"@id\":\"https:\\\/\\\/preprod.dressyourbody.fr\\\/en\\\/product\\\/patron-chrissie\\\/#primaryimage\",\"url\":\"https:\\\/\\\/preprod.dressyourbody.fr\\\/wp-content\\\/uploads\\\/2024\\\/01\\\/chrissie-denim-toretto-tessuti3.jpg\",\"contentUrl\":\"https:\\\/\\\/preprod.dressyourbody.fr\\\/wp-content\\\/uploads\\\/2024\\\/01\\\/chrissie-denim-toretto-tessuti3.jpg\",\"width\":500,\"height\":691,\"caption\":\"Robe Chrissie en denim l\u00e9ger Toretto tessuti\"},{\"@type\":\"BreadcrumbList\",\"@id\":\"https:\\\/\\\/preprod.dressyourbody.fr\\\/en\\\/product\\\/patron-chrissie\\\/#breadcrumb\",\"itemListElement\":[{\"@type\":\"ListItem\",\"position\":1,\"name\":\"Accueil\",\"item\":\"https:\\\/\\\/preprod.dressyourbody.fr\\\/en\\\/\"},{\"@type\":\"ListItem\",\"position\":2,\"name\":\"LA BOUTIQUE\",\"item\":\"https:\\\/\\\/preprod.dressyourbody.fr\\\/en\\\/?page_id=22934\"},{\"@type\":\"ListItem\",\"position\":3,\"name\":\"Patron Chrissie\"}]},{\"@type\":\"WebSite\",\"@id\":\"https:\\\/\\\/preprod.dressyourbody.fr\\\/#website\",\"url\":\"https:\\\/\\\/preprod.dressyourbody.fr\\\/\",\"name\":\"DressYourBody\",\"description\":\"Patrons de couture\",\"publisher\":{\"@id\":\"https:\\\/\\\/preprod.dressyourbody.fr\\\/#organization\"},\"potentialAction\":[{\"@type\":\"SearchAction\",\"target\":{\"@type\":\"EntryPoint\",\"urlTemplate\":\"https:\\\/\\\/preprod.dressyourbody.fr\\\/?s={search_term_string}\"},\"query-input\":{\"@type\":\"PropertyValueSpecification\",\"valueRequired\":true,\"valueName\":\"search_term_string\"}}],\"inLanguage\":\"en-US\"},{\"@type\":\"Organization\",\"@id\":\"https:\\\/\\\/preprod.dressyourbody.fr\\\/#organization\",\"name\":\"DressYourBody.fr\",\"url\":\"https:\\\/\\\/preprod.dressyourbody.fr\\\/\",\"logo\":{\"@type\":\"ImageObject\",\"inLanguage\":\"en-US\",\"@id\":\"https:\\\/\\\/preprod.dressyourbody.fr\\\/#\\\/schema\\\/logo\\\/image\\\/\",\"url\":\"https:\\\/\\\/preprod.dressyourbody.fr\\\/wp-content\\\/uploads\\\/2018\\\/07\\\/Logo-rond.png\",\"contentUrl\":\"https:\\\/\\\/preprod.dressyourbody.fr\\\/wp-content\\\/uploads\\\/2018\\\/07\\\/Logo-rond.png\",\"width\":451,\"height\":449,\"caption\":\"DressYourBody.fr\"},\"image\":{\"@id\":\"https:\\\/\\\/preprod.dressyourbody.fr\\\/#\\\/schema\\\/logo\\\/image\\\/\"},\"sameAs\":[\"https:\\\/\\\/www.facebook.com\\\/dressyourbody.couture\\\/\",\"https:\\\/\\\/www.instagram.com\\\/dressyourbody.couture\\\/\",\"https:\\\/\\\/www.linkedin.com\\\/company\\\/11295981\\\/\",\"https:\\\/\\\/www.pinterest.fr\\\/dressyourbody\\\/\",\"https:\\\/\\\/www.youtube.com\\\/channel\\\/UCD9FR054rT1zUXmwxImG5vA?view_as=subscriber\"]}]}<\/script>\n<!-- \/ Yoast SEO plugin. -->","yoast_head_json":{"title":"Patron Chrissie - DressYourBody - Patron de couture femme","description":"Le patron Chrissie se d\u00e9cline en robe ou en chemise. En jeans l\u00e9ger, la robe Chrissie sera structur\u00e9e pour un look tendance, \u00e0 porter avec boots ou baskets.","robots":{"index":"index","follow":"follow","max-snippet":"max-snippet:-1","max-image-preview":"max-image-preview:large","max-video-preview":"max-video-preview:-1"},"canonical":"https:\/\/preprod.dressyourbody.fr\/en\/product\/patron-chrissie\/","og_locale":"en_US","og_type":"article","og_title":"Patron Chrissie - DressYourBody - Patron de couture femme","og_description":"Le patron Chrissie se d\u00e9cline en robe ou en chemise. En jeans l\u00e9ger, la robe Chrissie sera structur\u00e9e pour un look tendance, \u00e0 porter avec boots ou baskets.","og_url":"https:\/\/preprod.dressyourbody.fr\/en\/product\/patron-chrissie\/","og_site_name":"Dressyourbody","article_publisher":"https:\/\/www.facebook.com\/dressyourbody.couture\/","article_modified_time":"2026-03-09T14:54:44+00:00","og_image":[{"width":500,"height":691,"url":"https:\/\/preprod.dressyourbody.fr\/wp-content\/uploads\/2024\/01\/chrissie-denim-toretto-tessuti3.jpg","type":"image\/jpeg"}],"twitter_card":"summary_large_image","twitter_misc":{"Est. reading time":"4 minutes"},"schema":{"@context":"https:\/\/schema.org","@graph":[{"@type":"WebPage","@id":"https:\/\/preprod.dressyourbody.fr\/en\/product\/patron-chrissie\/","url":"https:\/\/preprod.dressyourbody.fr\/en\/product\/patron-chrissie\/","name":"Patron Chrissie - DressYourBody - Patron de couture femme","isPartOf":{"@id":"https:\/\/preprod.dressyourbody.fr\/#website"},"primaryImageOfPage":{"@id":"https:\/\/preprod.dressyourbody.fr\/en\/product\/patron-chrissie\/#primaryimage"},"image":{"@id":"https:\/\/preprod.dressyourbody.fr\/en\/product\/patron-chrissie\/#primaryimage"},"thumbnailUrl":"https:\/\/preprod.dressyourbody.fr\/wp-content\/uploads\/2024\/01\/chrissie-denim-toretto-tessuti3.jpg","datePublished":"2024-01-05T09:14:36+00:00","dateModified":"2026-03-09T14:54:44+00:00","description":"Le patron Chrissie se d\u00e9cline en robe ou en chemise. En jeans l\u00e9ger, la robe Chrissie sera structur\u00e9e pour un look tendance, \u00e0 porter avec boots ou baskets.","breadcrumb":{"@id":"https:\/\/preprod.dressyourbody.fr\/en\/product\/patron-chrissie\/#breadcrumb"},"inLanguage":"en-US","potentialAction":[{"@type":"ReadAction","target":["https:\/\/preprod.dressyourbody.fr\/en\/product\/patron-chrissie\/"]}]},{"@type":"ImageObject","inLanguage":"en-US","@id":"https:\/\/preprod.dressyourbody.fr\/en\/product\/patron-chrissie\/#primaryimage","url":"https:\/\/preprod.dressyourbody.fr\/wp-content\/uploads\/2024\/01\/chrissie-denim-toretto-tessuti3.jpg","contentUrl":"https:\/\/preprod.dressyourbody.fr\/wp-content\/uploads\/2024\/01\/chrissie-denim-toretto-tessuti3.jpg","width":500,"height":691,"caption":"Robe Chrissie en denim l\u00e9ger Toretto tessuti"},{"@type":"BreadcrumbList","@id":"https:\/\/preprod.dressyourbody.fr\/en\/product\/patron-chrissie\/#breadcrumb","itemListElement":[{"@type":"ListItem","position":1,"name":"Accueil","item":"https:\/\/preprod.dressyourbody.fr\/en\/"},{"@type":"ListItem","position":2,"name":"LA BOUTIQUE","item":"https:\/\/preprod.dressyourbody.fr\/en\/?page_id=22934"},{"@type":"ListItem","position":3,"name":"Patron Chrissie"}]},{"@type":"WebSite","@id":"https:\/\/preprod.dressyourbody.fr\/#website","url":"https:\/\/preprod.dressyourbody.fr\/","name":"DressYourBody","description":"Patrons de couture","publisher":{"@id":"https:\/\/preprod.dressyourbody.fr\/#organization"},"potentialAction":[{"@type":"SearchAction","target":{"@type":"EntryPoint","urlTemplate":"https:\/\/preprod.dressyourbody.fr\/?s={search_term_string}"},"query-input":{"@type":"PropertyValueSpecification","valueRequired":true,"valueName":"search_term_string"}}],"inLanguage":"en-US"},{"@type":"Organization","@id":"https:\/\/preprod.dressyourbody.fr\/#organization","name":"DressYourBody.fr","url":"https:\/\/preprod.dressyourbody.fr\/","logo":{"@type":"ImageObject","inLanguage":"en-US","@id":"https:\/\/preprod.dressyourbody.fr\/#\/schema\/logo\/image\/","url":"https:\/\/preprod.dressyourbody.fr\/wp-content\/uploads\/2018\/07\/Logo-rond.png","contentUrl":"https:\/\/preprod.dressyourbody.fr\/wp-content\/uploads\/2018\/07\/Logo-rond.png","width":451,"height":449,"caption":"DressYourBody.fr"},"image":{"@id":"https:\/\/preprod.dressyourbody.fr\/#\/schema\/logo\/image\/"},"sameAs":["https:\/\/www.facebook.com\/dressyourbody.couture\/","https:\/\/www.instagram.com\/dressyourbody.couture\/","https:\/\/www.linkedin.com\/company\/11295981\/","https:\/\/www.pinterest.fr\/dressyourbody\/","https:\/\/www.youtube.com\/channel\/UCD9FR054rT1zUXmwxImG5vA?view_as=subscriber"]}]}},"_links":{"self":[{"href":"https:\/\/preprod.dressyourbody.fr\/en\/wp-json\/wp\/v2\/product\/36575","targetHints":{"allow":["GET"]}}],"collection":[{"href":"https:\/\/preprod.dressyourbody.fr\/en\/wp-json\/wp\/v2\/product"}],"about":[{"href":"https:\/\/preprod.dressyourbody.fr\/en\/wp-json\/wp\/v2\/types\/product"}],"replies":[{"embeddable":true,"href":"https:\/\/preprod.dressyourbody.fr\/en\/wp-json\/wp\/v2\/comments?post=36575"}],"wp:featuredmedia":[{"embeddable":true,"href":"https:\/\/preprod.dressyourbody.fr\/en\/wp-json\/wp\/v2\/media\/36585"}],"wp:attachment":[{"href":"https:\/\/preprod.dressyourbody.fr\/en\/wp-json\/wp\/v2\/media?parent=36575"}],"wp:term":[{"taxonomy":"product_brand","embeddable":true,"href":"https:\/\/preprod.dressyourbody.fr\/en\/wp-json\/wp\/v2\/product_brand?post=36575"},{"taxonomy":"product_cat","embeddable":true,"href":"https:\/\/preprod.dressyourbody.fr\/en\/wp-json\/wp\/v2\/product_cat?post=36575"},{"taxonomy":"product_tag","embeddable":true,"href":"https:\/\/preprod.dressyourbody.fr\/en\/wp-json\/wp\/v2\/product_tag?post=36575"}],"curies":[{"name":"wp","href":"https:\/\/api.w.org\/{rel}","templated":true}]}}