{"id":36019,"date":"2023-10-04T14:14:03","date_gmt":"2023-10-04T12:14:03","guid":{"rendered":"https:\/\/dressyourbody.fr\/fr\/?post_type=product&#038;p=36019"},"modified":"2026-03-09T16:54:45","modified_gmt":"2026-03-09T14:54:45","slug":"tee-shirt-pull-billie","status":"publish","type":"product","link":"https:\/\/preprod.dressyourbody.fr\/en\/product\/tee-shirt-pull-billie\/","title":{"rendered":"Tee-shirt \/ Pull Billie"},"content":{"rendered":"<h4 style=\"text-align: center;\"><strong>DESCRIPTION<\/strong><\/h4>\n<p>Le <strong>tee-shirt Billie <\/strong>est le petit<strong> basique indispensable <\/strong>de votre dressing. D&rsquo;allure toute simple, c&rsquo;est sans compter ses petites fronces sur le haut de la manche, des bracelets de poignets et de bas du corps plus large que la moyenne qui lui donnent le petit twist qui le rend unique.<\/p>\n<p>Bien ajust\u00e9, il se porte assez court et il est donc <strong>id\u00e9al avec un pantalon<\/strong> ou une jupe<strong> taille haute<\/strong>.<\/p>\n<ul>\n<li>Encolure ronde<\/li>\n<li>Manches courtes ou longues<\/li>\n<li>Fronces sur la t\u00eate de manche<\/li>\n<li>Manches courtes et longues finies par un bracelet de manche assez haut<\/li>\n<li>Bas du tee-shirt fini par une bande<\/li>\n<li>Finitions dans le m\u00eame tissu que le tee-shirt ou \u00ab\u00a0bord-c\u00f4tes\u00a0\u00bb pour une allure plus pull, sweat-shirt<\/li>\n<\/ul>\n<p>&nbsp;<\/p>\n<p><img decoding=\"async\" class=\"alignnone wp-image-36023\" src=\"https:\/\/preprod.dressyourbody.fr\/wp-content\/uploads\/2023\/10\/Billie_sketch_dvt_mches_courtes-300x230.png\" alt=\"Tee-shirt Billie \u00e0 manches courtes\" width=\"236\" height=\"181\" srcset=\"https:\/\/preprod.dressyourbody.fr\/wp-content\/uploads\/2023\/10\/Billie_sketch_dvt_mches_courtes-300x230.png 300w, https:\/\/preprod.dressyourbody.fr\/wp-content\/uploads\/2023\/10\/Billie_sketch_dvt_mches_courtes-500x384.png 500w, https:\/\/preprod.dressyourbody.fr\/wp-content\/uploads\/2023\/10\/Billie_sketch_dvt_mches_courtes-768x590.png 768w, https:\/\/preprod.dressyourbody.fr\/wp-content\/uploads\/2023\/10\/Billie_sketch_dvt_mches_courtes-16x12.png 16w, https:\/\/preprod.dressyourbody.fr\/wp-content\/uploads\/2023\/10\/Billie_sketch_dvt_mches_courtes.png 792w\" sizes=\"(max-width: 236px) 100vw, 236px\" \/> <img decoding=\"async\" class=\"alignnone wp-image-36024\" src=\"https:\/\/preprod.dressyourbody.fr\/wp-content\/uploads\/2023\/10\/Billie_sketch_dvt_mches_courtes_bord_cotes-300x230.png\" alt=\"Tee-shirt Billie \u00e0 manches courtes finitions bord-c\u00f4tes\" width=\"233\" height=\"179\" srcset=\"https:\/\/preprod.dressyourbody.fr\/wp-content\/uploads\/2023\/10\/Billie_sketch_dvt_mches_courtes_bord_cotes-300x230.png 300w, https:\/\/preprod.dressyourbody.fr\/wp-content\/uploads\/2023\/10\/Billie_sketch_dvt_mches_courtes_bord_cotes-500x384.png 500w, https:\/\/preprod.dressyourbody.fr\/wp-content\/uploads\/2023\/10\/Billie_sketch_dvt_mches_courtes_bord_cotes-768x590.png 768w, https:\/\/preprod.dressyourbody.fr\/wp-content\/uploads\/2023\/10\/Billie_sketch_dvt_mches_courtes_bord_cotes-16x12.png 16w, https:\/\/preprod.dressyourbody.fr\/wp-content\/uploads\/2023\/10\/Billie_sketch_dvt_mches_courtes_bord_cotes.png 792w\" sizes=\"(max-width: 233px) 100vw, 233px\" \/><\/p>\n<p>&nbsp;<\/p>\n<p><img decoding=\"async\" class=\"alignnone wp-image-36025\" src=\"https:\/\/preprod.dressyourbody.fr\/wp-content\/uploads\/2023\/10\/Billie_sketch_dvt_mches_longues-300x239.png\" alt=\"Billie_sketch_dvt_mches_longues\" width=\"223\" height=\"178\" srcset=\"https:\/\/preprod.dressyourbody.fr\/wp-content\/uploads\/2023\/10\/Billie_sketch_dvt_mches_longues-300x239.png 300w, https:\/\/preprod.dressyourbody.fr\/wp-content\/uploads\/2023\/10\/Billie_sketch_dvt_mches_longues-500x399.png 500w, https:\/\/preprod.dressyourbody.fr\/wp-content\/uploads\/2023\/10\/Billie_sketch_dvt_mches_longues-15x12.png 15w, https:\/\/preprod.dressyourbody.fr\/wp-content\/uploads\/2023\/10\/Billie_sketch_dvt_mches_longues.png 762w\" sizes=\"(max-width: 223px) 100vw, 223px\" \/>\u00a0 <img loading=\"lazy\" decoding=\"async\" class=\"alignnone wp-image-36026\" src=\"https:\/\/preprod.dressyourbody.fr\/wp-content\/uploads\/2023\/10\/Billie_sketch_dvt_mches_longues_bord_cotes-300x240.png\" alt=\"Tee-shirt Billie \u00e0 manches longues finitions bord-c\u00f4tes\" width=\"221\" height=\"177\" srcset=\"https:\/\/preprod.dressyourbody.fr\/wp-content\/uploads\/2023\/10\/Billie_sketch_dvt_mches_longues_bord_cotes-300x240.png 300w, https:\/\/preprod.dressyourbody.fr\/wp-content\/uploads\/2023\/10\/Billie_sketch_dvt_mches_longues_bord_cotes-500x400.png 500w, https:\/\/preprod.dressyourbody.fr\/wp-content\/uploads\/2023\/10\/Billie_sketch_dvt_mches_longues_bord_cotes-15x12.png 15w, https:\/\/preprod.dressyourbody.fr\/wp-content\/uploads\/2023\/10\/Billie_sketch_dvt_mches_longues_bord_cotes.png 762w\" sizes=\"(max-width: 221px) 100vw, 221px\" \/><\/p>\n<p>&nbsp;<\/p>\n<p><img loading=\"lazy\" decoding=\"async\" class=\"alignnone wp-image-36022\" src=\"https:\/\/preprod.dressyourbody.fr\/wp-content\/uploads\/2023\/10\/Billie_sketch_dos_mches_longues-300x242.png\" alt=\"Tee-shirt Billie, sketch dos\" width=\"228\" height=\"184\" srcset=\"https:\/\/preprod.dressyourbody.fr\/wp-content\/uploads\/2023\/10\/Billie_sketch_dos_mches_longues-300x242.png 300w, https:\/\/preprod.dressyourbody.fr\/wp-content\/uploads\/2023\/10\/Billie_sketch_dos_mches_longues-500x404.png 500w, https:\/\/preprod.dressyourbody.fr\/wp-content\/uploads\/2023\/10\/Billie_sketch_dos_mches_longues-768x620.png 768w, https:\/\/preprod.dressyourbody.fr\/wp-content\/uploads\/2023\/10\/Billie_sketch_dos_mches_longues-15x12.png 15w, https:\/\/preprod.dressyourbody.fr\/wp-content\/uploads\/2023\/10\/Billie_sketch_dos_mches_longues.png 1519w\" sizes=\"(max-width: 228px) 100vw, 228px\" \/><\/p>\n<p>&nbsp;<\/p>\n<h4 style=\"text-align: center;\"><strong>JE CHOISIS QUELLE TAILLE?<\/strong><\/h4>\n<p><strong>TAILLE:<br \/>\nLe patron du tee-shirt \/ pull Billie va de la T34 \u00e0 la T46<\/strong>.<\/p>\n<p>Choisissez comme d&rsquo;habitude votre taille en fonction de vos mesures et du bar\u00e8me de tailles.<\/p>\n<p>Si vous \u00eates entre deux tailles, le mod\u00e8le \u00e9tant assez ajust\u00e9, vous pouvez prendre la plus grande quitte \u00e0 l&rsquo;ajuster \u00e0 l&rsquo;essayage si n\u00e9cessaire.<\/p>\n<p><strong>AJUSTEMENTS:<\/strong><br \/>\n<strong>Sur ce mod\u00e8le, le tour de poitrine comme le tour de hanches sont importants \u00e0 prendre en compte.<\/strong><\/p>\n<p>Si votre tour de poitrine correspond \u00e0 une taille et votre tour de hanches \u00e0 une autre, il est tr\u00e8s facile d&rsquo;adapter le patron \u00e0 votre morphologie (c&rsquo;est expliqu\u00e9 dans le guide de montage).<\/p>\n<p>&nbsp;<\/p>\n<p>&nbsp;<\/p>\n<p><strong>MESURES FINIES:<br \/>\n<\/strong>Les mesures du v\u00eatement fini ci-dessous (incluant l&rsquo;aisance du v\u00eatement) peuvent aussi vous aider \u00e0 choisir votre taille.<\/p>\n<p>&nbsp;<\/p>\n<p><img loading=\"lazy\" decoding=\"async\" class=\"alignnone wp-image-36029\" src=\"https:\/\/preprod.dressyourbody.fr\/wp-content\/uploads\/2023\/10\/tee-shirt-billie-mesures-finies-300x235.png\" alt=\"Tee-shirt Billie, mesures du v\u00eatement fini (avec ampleur)\" width=\"244\" height=\"191\" srcset=\"https:\/\/preprod.dressyourbody.fr\/wp-content\/uploads\/2023\/10\/tee-shirt-billie-mesures-finies-300x235.png 300w, https:\/\/preprod.dressyourbody.fr\/wp-content\/uploads\/2023\/10\/tee-shirt-billie-mesures-finies-15x12.png 15w, https:\/\/preprod.dressyourbody.fr\/wp-content\/uploads\/2023\/10\/tee-shirt-billie-mesures-finies.png 496w\" sizes=\"(max-width: 244px) 100vw, 244px\" \/> <img loading=\"lazy\" decoding=\"async\" class=\"alignnone wp-image-36030\" src=\"https:\/\/preprod.dressyourbody.fr\/wp-content\/uploads\/2023\/10\/tee-shirt-billie-mesures-finies-2-300x249.png\" alt=\"Tee-shirt Billie, mesures du v\u00eatement fini (avec ampleur) suite\" width=\"246\" height=\"204\" srcset=\"https:\/\/preprod.dressyourbody.fr\/wp-content\/uploads\/2023\/10\/tee-shirt-billie-mesures-finies-2-300x249.png 300w, https:\/\/preprod.dressyourbody.fr\/wp-content\/uploads\/2023\/10\/tee-shirt-billie-mesures-finies-2-14x12.png 14w, https:\/\/preprod.dressyourbody.fr\/wp-content\/uploads\/2023\/10\/tee-shirt-billie-mesures-finies-2.png 479w\" sizes=\"(max-width: 246px) 100vw, 246px\" \/><\/p>\n<p>&nbsp;<\/p>\n<ol>\n<li><strong>Tour Poitrine:<\/strong> T34: 89cm \/ T36: 93cm \/ T38: 97cm \/ T40: 101cm \/ T42: 105cm \/ T44: 109cm \/ T46: 113cm<\/li>\n<li><strong>Tour taille: <\/strong>T34: 91cm \/ T36: 95cm \/ T38: 99cm \/ T40: 103cm \/ T42: 107cm \/ T44: 111cm \/ T46: 115cm<\/li>\n<li><strong>Bande du bas (m\u00eame tissu que le tee-shirt): <\/strong>T34: 80cm \/ T36: 83cm \/ T38: 87cm \/ T40: 90cm \/ T42: 93cm \/ T44: 97cm \/ T46: 100cm<\/li>\n<li><strong>Bande du bas (en bord-c\u00f4tes): <\/strong>T34: 65cm \/ T36: 68cm \/ T38: 71cm \/ T40: 74cm \/ T42: 78cm \/ T44: 81cm \/ T46: 84cm<strong><br \/>\n<\/strong><\/li>\n<li><strong>Hauteur milieu dos: <\/strong>T34 et 36: 56cm \/ T38 et 40: 56,5cm \/ T42 et 44: 57cm \/ T46: 57,5cm<\/li>\n<\/ol>\n<p>&nbsp;<\/p>\n<p><strong>STATURE: Le patron est pens\u00e9 pour stature de 1m65.<\/strong><\/p>\n<p>Pensez \u00e0 allonger ou raccourcir le tee-shirt Billie selon votre envie. Des lignes de coupe pr\u00e9vues \u00e0 cet effet sont renseign\u00e9es sur le patron.<\/p>\n<p>La hauteur milieu dos, donn\u00e9e plus haut, vous aidera dans ce choix.<\/p>\n<h4><\/h4>\n<h4 style=\"text-align: center;\"><strong>ET DANS TOUT \u00c7A, QUEL TISSU CHOISIR POUR COUDRE LA ROBE OU LA BLOUSE FRIENDS ?<\/strong><\/h4>\n<p><a href=\"https:\/\/preprod.dressyourbody.fr\/wp-content\/uploads\/2022\/03\/rouleaux-tissus.jpeg\"><img loading=\"lazy\" decoding=\"async\" class=\"size-full wp-image-31182 aligncenter\" src=\"https:\/\/preprod.dressyourbody.fr\/wp-content\/uploads\/2022\/03\/rouleaux-tissus.jpeg\" alt=\"Rouleaux de tissu\" width=\"200\" height=\"113\" srcset=\"https:\/\/preprod.dressyourbody.fr\/wp-content\/uploads\/2022\/03\/rouleaux-tissus.jpeg 200w, https:\/\/preprod.dressyourbody.fr\/wp-content\/uploads\/2022\/03\/rouleaux-tissus-18x10.jpeg 18w\" sizes=\"(max-width: 200px) 100vw, 200px\" \/><\/a><\/p>\n<p>&nbsp;<\/p>\n<p>Tissus en maille tee-shirt ou maille pull l\u00e9g\u00e8re comme du jersey, jersey de velours, de l\u2019\u00e9ponge (&#8230;) avec une \u00e9lasticit\u00e9 \u00e0 partir de 30%.<\/p>\n<p>Sur les photos, le tee-shirt Billie a \u00e9t\u00e9 r\u00e9alis\u00e9e:<\/p>\n<ul>\n<li>en <strong>jersey ribbed sable<\/strong> (200gr\/m2) taux d&rsquo;\u00e9lasticit\u00e9 40% de chez <a href=\"https:\/\/cousette.com\/fr\/\" target=\"_blank\" rel=\"noopener\">Cousette<\/a><\/li>\n<li>en <strong>jersey de coton B\u00e9r\u00e9nice \u00e9cru<\/strong>\u00a0de chez <a href=\"https:\/\/wwwlisetailor.com\" target=\"_blank\" rel=\"noopener\">Lise Tailor<\/a>\u00a0\u00a0(200gr\/m2) Spandex 5%<\/li>\n<li>en<strong> tissu jersey coton bio<\/strong> <strong>noir et violet<\/strong> \u00a0de chez <a href=\"https:\/\/www.tessuti.fr\/\" target=\"_blank\" rel=\"noopener\">Torretto tessuti<\/a> (15 coloris disponibles!)\u00a0(205 gr \/ m2) taux d&rsquo;\u00e9lasticit\u00e9 30%<\/li>\n<\/ul>\n<p>&nbsp;<\/p>","protected":false},"excerpt":{"rendered":"<ul>\n<li>Planche de patrons allant de la<span style=\"color: #000000;\"><strong> T34 \u00e0 46<\/strong><\/span> soit un tour de poitrine de 81 \u00e0 108cm<\/li>\n<li>Stature <strong>1m65<\/strong><\/li>\n<li>Version <span style=\"color: #000000;\"><strong>PDF<\/strong><\/span> a<span style=\"color: #ff0000;\"><span style=\"color: #000000;\">vec <strong>gestion des calques<\/strong>\u00a0<\/span><\/span><\/li>\n<li><span style=\"color: #000000;\"><strong>Marges de couture incluses : 7mm<\/strong><\/span><\/li>\n<\/ul>\n<p>&nbsp; <\/p>\n<div><a class=\"zoli-read-more-link\" href=\"https:\/\/preprod.dressyourbody.fr\/en\/product\/tee-shirt-pull-billie\/\">Read More<span class=\"lexus-icon-Icon_Next\"><\/span><\/a><\/div>","protected":false},"featured_media":36049,"comment_status":"open","ping_status":"closed","template":"","meta":{"_acf_changed":false},"product_brand":[],"product_cat":[1239],"product_tag":[1194,637],"class_list":{"0":"post-36019","1":"product","2":"type-product","3":"status-publish","4":"has-post-thumbnail","6":"product_cat-t-shirts-sweats","7":"product_tag-couture-facile","8":"product_tag-patron","9":"pa_difficulte-debutant","10":"pa_formatpatron-patron-pdf-format-a4-a0","11":"pa_formatpatron-patronpochette","13":"first","14":"instock","15":"shipping-taxable","16":"purchasable","17":"product-type-variable"},"acf":[],"yoast_head":"<!-- This site is optimized with the Yoast SEO plugin v27.3 - https:\/\/yoast.com\/product\/yoast-seo-wordpress\/ -->\n<title>Tee-shirt Billie- DressYourBody - Patron de couture femme<\/title>\n<meta name=\"description\" content=\"Le tee-shirt Billie sera un indispensable de votre dressing. Une allure toute simple avec juste les petits twists qu&#039;il faut pour le rendre unique.\" \/>\n<meta name=\"robots\" content=\"index, follow, max-snippet:-1, max-image-preview:large, max-video-preview:-1\" \/>\n<link rel=\"canonical\" href=\"https:\/\/preprod.dressyourbody.fr\/en\/product\/tee-shirt-pull-billie\/\" \/>\n<meta property=\"og:locale\" content=\"en_US\" \/>\n<meta property=\"og:type\" content=\"article\" \/>\n<meta property=\"og:title\" content=\"Tee-shirt Billie- DressYourBody - Patron de couture femme\" \/>\n<meta property=\"og:description\" content=\"Le tee-shirt Billie sera un indispensable de votre dressing. Une allure toute simple avec juste les petits twists qu&#039;il faut pour le rendre unique.\" \/>\n<meta property=\"og:url\" content=\"https:\/\/preprod.dressyourbody.fr\/en\/product\/tee-shirt-pull-billie\/\" \/>\n<meta property=\"og:site_name\" content=\"Dressyourbody\" \/>\n<meta property=\"article:publisher\" content=\"https:\/\/www.facebook.com\/dressyourbody.couture\/\" \/>\n<meta property=\"article:modified_time\" content=\"2026-03-09T14:54:45+00:00\" \/>\n<meta property=\"og:image\" content=\"https:\/\/preprod.dressyourbody.fr\/wp-content\/uploads\/2023\/10\/tee-shirt-billie-maille-ribs-cousette-mur-pierre9.jpg\" \/>\n\t<meta property=\"og:image:width\" content=\"500\" \/>\n\t<meta property=\"og:image:height\" content=\"641\" \/>\n\t<meta property=\"og:image:type\" content=\"image\/jpeg\" \/>\n<meta name=\"twitter:card\" content=\"summary_large_image\" \/>\n<meta name=\"twitter:label1\" content=\"Est. reading time\" \/>\n\t<meta name=\"twitter:data1\" content=\"5 minutes\" \/>\n<script type=\"application\/ld+json\" class=\"yoast-schema-graph\">{\"@context\":\"https:\\\/\\\/schema.org\",\"@graph\":[{\"@type\":\"WebPage\",\"@id\":\"https:\\\/\\\/preprod.dressyourbody.fr\\\/en\\\/product\\\/tee-shirt-pull-billie\\\/\",\"url\":\"https:\\\/\\\/preprod.dressyourbody.fr\\\/en\\\/product\\\/tee-shirt-pull-billie\\\/\",\"name\":\"Tee-shirt Billie- DressYourBody - Patron de couture femme\",\"isPartOf\":{\"@id\":\"https:\\\/\\\/preprod.dressyourbody.fr\\\/#website\"},\"primaryImageOfPage\":{\"@id\":\"https:\\\/\\\/preprod.dressyourbody.fr\\\/en\\\/product\\\/tee-shirt-pull-billie\\\/#primaryimage\"},\"image\":{\"@id\":\"https:\\\/\\\/preprod.dressyourbody.fr\\\/en\\\/product\\\/tee-shirt-pull-billie\\\/#primaryimage\"},\"thumbnailUrl\":\"https:\\\/\\\/preprod.dressyourbody.fr\\\/wp-content\\\/uploads\\\/2023\\\/10\\\/tee-shirt-billie-maille-ribs-cousette-mur-pierre9.jpg\",\"datePublished\":\"2023-10-04T12:14:03+00:00\",\"dateModified\":\"2026-03-09T14:54:45+00:00\",\"description\":\"Le tee-shirt Billie sera un indispensable de votre dressing. Une allure toute simple avec juste les petits twists qu'il faut pour le rendre unique.\",\"breadcrumb\":{\"@id\":\"https:\\\/\\\/preprod.dressyourbody.fr\\\/en\\\/product\\\/tee-shirt-pull-billie\\\/#breadcrumb\"},\"inLanguage\":\"en-US\",\"potentialAction\":[{\"@type\":\"ReadAction\",\"target\":[\"https:\\\/\\\/preprod.dressyourbody.fr\\\/en\\\/product\\\/tee-shirt-pull-billie\\\/\"]}]},{\"@type\":\"ImageObject\",\"inLanguage\":\"en-US\",\"@id\":\"https:\\\/\\\/preprod.dressyourbody.fr\\\/en\\\/product\\\/tee-shirt-pull-billie\\\/#primaryimage\",\"url\":\"https:\\\/\\\/preprod.dressyourbody.fr\\\/wp-content\\\/uploads\\\/2023\\\/10\\\/tee-shirt-billie-maille-ribs-cousette-mur-pierre9.jpg\",\"contentUrl\":\"https:\\\/\\\/preprod.dressyourbody.fr\\\/wp-content\\\/uploads\\\/2023\\\/10\\\/tee-shirt-billie-maille-ribs-cousette-mur-pierre9.jpg\",\"width\":500,\"height\":641,\"caption\":\"Tee-shirt Billie en maille ribs Cousette\"},{\"@type\":\"BreadcrumbList\",\"@id\":\"https:\\\/\\\/preprod.dressyourbody.fr\\\/en\\\/product\\\/tee-shirt-pull-billie\\\/#breadcrumb\",\"itemListElement\":[{\"@type\":\"ListItem\",\"position\":1,\"name\":\"Accueil\",\"item\":\"https:\\\/\\\/preprod.dressyourbody.fr\\\/en\\\/\"},{\"@type\":\"ListItem\",\"position\":2,\"name\":\"LA BOUTIQUE\",\"item\":\"https:\\\/\\\/preprod.dressyourbody.fr\\\/en\\\/?page_id=22934\"},{\"@type\":\"ListItem\",\"position\":3,\"name\":\"Tee-shirt \\\/ Pull Billie\"}]},{\"@type\":\"WebSite\",\"@id\":\"https:\\\/\\\/preprod.dressyourbody.fr\\\/#website\",\"url\":\"https:\\\/\\\/preprod.dressyourbody.fr\\\/\",\"name\":\"DressYourBody\",\"description\":\"Patrons de couture\",\"publisher\":{\"@id\":\"https:\\\/\\\/preprod.dressyourbody.fr\\\/#organization\"},\"potentialAction\":[{\"@type\":\"SearchAction\",\"target\":{\"@type\":\"EntryPoint\",\"urlTemplate\":\"https:\\\/\\\/preprod.dressyourbody.fr\\\/?s={search_term_string}\"},\"query-input\":{\"@type\":\"PropertyValueSpecification\",\"valueRequired\":true,\"valueName\":\"search_term_string\"}}],\"inLanguage\":\"en-US\"},{\"@type\":\"Organization\",\"@id\":\"https:\\\/\\\/preprod.dressyourbody.fr\\\/#organization\",\"name\":\"DressYourBody.fr\",\"url\":\"https:\\\/\\\/preprod.dressyourbody.fr\\\/\",\"logo\":{\"@type\":\"ImageObject\",\"inLanguage\":\"en-US\",\"@id\":\"https:\\\/\\\/preprod.dressyourbody.fr\\\/#\\\/schema\\\/logo\\\/image\\\/\",\"url\":\"https:\\\/\\\/preprod.dressyourbody.fr\\\/wp-content\\\/uploads\\\/2018\\\/07\\\/Logo-rond.png\",\"contentUrl\":\"https:\\\/\\\/preprod.dressyourbody.fr\\\/wp-content\\\/uploads\\\/2018\\\/07\\\/Logo-rond.png\",\"width\":451,\"height\":449,\"caption\":\"DressYourBody.fr\"},\"image\":{\"@id\":\"https:\\\/\\\/preprod.dressyourbody.fr\\\/#\\\/schema\\\/logo\\\/image\\\/\"},\"sameAs\":[\"https:\\\/\\\/www.facebook.com\\\/dressyourbody.couture\\\/\",\"https:\\\/\\\/www.instagram.com\\\/dressyourbody.couture\\\/\",\"https:\\\/\\\/www.linkedin.com\\\/company\\\/11295981\\\/\",\"https:\\\/\\\/www.pinterest.fr\\\/dressyourbody\\\/\",\"https:\\\/\\\/www.youtube.com\\\/channel\\\/UCD9FR054rT1zUXmwxImG5vA?view_as=subscriber\"]}]}<\/script>\n<!-- \/ Yoast SEO plugin. -->","yoast_head_json":{"title":"Tee-shirt Billie- DressYourBody - Patron de couture femme","description":"Le tee-shirt Billie sera un indispensable de votre dressing. Une allure toute simple avec juste les petits twists qu'il faut pour le rendre unique.","robots":{"index":"index","follow":"follow","max-snippet":"max-snippet:-1","max-image-preview":"max-image-preview:large","max-video-preview":"max-video-preview:-1"},"canonical":"https:\/\/preprod.dressyourbody.fr\/en\/product\/tee-shirt-pull-billie\/","og_locale":"en_US","og_type":"article","og_title":"Tee-shirt Billie- DressYourBody - Patron de couture femme","og_description":"Le tee-shirt Billie sera un indispensable de votre dressing. Une allure toute simple avec juste les petits twists qu'il faut pour le rendre unique.","og_url":"https:\/\/preprod.dressyourbody.fr\/en\/product\/tee-shirt-pull-billie\/","og_site_name":"Dressyourbody","article_publisher":"https:\/\/www.facebook.com\/dressyourbody.couture\/","article_modified_time":"2026-03-09T14:54:45+00:00","og_image":[{"width":500,"height":641,"url":"https:\/\/preprod.dressyourbody.fr\/wp-content\/uploads\/2023\/10\/tee-shirt-billie-maille-ribs-cousette-mur-pierre9.jpg","type":"image\/jpeg"}],"twitter_card":"summary_large_image","twitter_misc":{"Est. reading time":"5 minutes"},"schema":{"@context":"https:\/\/schema.org","@graph":[{"@type":"WebPage","@id":"https:\/\/preprod.dressyourbody.fr\/en\/product\/tee-shirt-pull-billie\/","url":"https:\/\/preprod.dressyourbody.fr\/en\/product\/tee-shirt-pull-billie\/","name":"Tee-shirt Billie- DressYourBody - Patron de couture femme","isPartOf":{"@id":"https:\/\/preprod.dressyourbody.fr\/#website"},"primaryImageOfPage":{"@id":"https:\/\/preprod.dressyourbody.fr\/en\/product\/tee-shirt-pull-billie\/#primaryimage"},"image":{"@id":"https:\/\/preprod.dressyourbody.fr\/en\/product\/tee-shirt-pull-billie\/#primaryimage"},"thumbnailUrl":"https:\/\/preprod.dressyourbody.fr\/wp-content\/uploads\/2023\/10\/tee-shirt-billie-maille-ribs-cousette-mur-pierre9.jpg","datePublished":"2023-10-04T12:14:03+00:00","dateModified":"2026-03-09T14:54:45+00:00","description":"Le tee-shirt Billie sera un indispensable de votre dressing. Une allure toute simple avec juste les petits twists qu'il faut pour le rendre unique.","breadcrumb":{"@id":"https:\/\/preprod.dressyourbody.fr\/en\/product\/tee-shirt-pull-billie\/#breadcrumb"},"inLanguage":"en-US","potentialAction":[{"@type":"ReadAction","target":["https:\/\/preprod.dressyourbody.fr\/en\/product\/tee-shirt-pull-billie\/"]}]},{"@type":"ImageObject","inLanguage":"en-US","@id":"https:\/\/preprod.dressyourbody.fr\/en\/product\/tee-shirt-pull-billie\/#primaryimage","url":"https:\/\/preprod.dressyourbody.fr\/wp-content\/uploads\/2023\/10\/tee-shirt-billie-maille-ribs-cousette-mur-pierre9.jpg","contentUrl":"https:\/\/preprod.dressyourbody.fr\/wp-content\/uploads\/2023\/10\/tee-shirt-billie-maille-ribs-cousette-mur-pierre9.jpg","width":500,"height":641,"caption":"Tee-shirt Billie en maille ribs Cousette"},{"@type":"BreadcrumbList","@id":"https:\/\/preprod.dressyourbody.fr\/en\/product\/tee-shirt-pull-billie\/#breadcrumb","itemListElement":[{"@type":"ListItem","position":1,"name":"Accueil","item":"https:\/\/preprod.dressyourbody.fr\/en\/"},{"@type":"ListItem","position":2,"name":"LA BOUTIQUE","item":"https:\/\/preprod.dressyourbody.fr\/en\/?page_id=22934"},{"@type":"ListItem","position":3,"name":"Tee-shirt \/ Pull Billie"}]},{"@type":"WebSite","@id":"https:\/\/preprod.dressyourbody.fr\/#website","url":"https:\/\/preprod.dressyourbody.fr\/","name":"DressYourBody","description":"Patrons de couture","publisher":{"@id":"https:\/\/preprod.dressyourbody.fr\/#organization"},"potentialAction":[{"@type":"SearchAction","target":{"@type":"EntryPoint","urlTemplate":"https:\/\/preprod.dressyourbody.fr\/?s={search_term_string}"},"query-input":{"@type":"PropertyValueSpecification","valueRequired":true,"valueName":"search_term_string"}}],"inLanguage":"en-US"},{"@type":"Organization","@id":"https:\/\/preprod.dressyourbody.fr\/#organization","name":"DressYourBody.fr","url":"https:\/\/preprod.dressyourbody.fr\/","logo":{"@type":"ImageObject","inLanguage":"en-US","@id":"https:\/\/preprod.dressyourbody.fr\/#\/schema\/logo\/image\/","url":"https:\/\/preprod.dressyourbody.fr\/wp-content\/uploads\/2018\/07\/Logo-rond.png","contentUrl":"https:\/\/preprod.dressyourbody.fr\/wp-content\/uploads\/2018\/07\/Logo-rond.png","width":451,"height":449,"caption":"DressYourBody.fr"},"image":{"@id":"https:\/\/preprod.dressyourbody.fr\/#\/schema\/logo\/image\/"},"sameAs":["https:\/\/www.facebook.com\/dressyourbody.couture\/","https:\/\/www.instagram.com\/dressyourbody.couture\/","https:\/\/www.linkedin.com\/company\/11295981\/","https:\/\/www.pinterest.fr\/dressyourbody\/","https:\/\/www.youtube.com\/channel\/UCD9FR054rT1zUXmwxImG5vA?view_as=subscriber"]}]}},"_links":{"self":[{"href":"https:\/\/preprod.dressyourbody.fr\/en\/wp-json\/wp\/v2\/product\/36019","targetHints":{"allow":["GET"]}}],"collection":[{"href":"https:\/\/preprod.dressyourbody.fr\/en\/wp-json\/wp\/v2\/product"}],"about":[{"href":"https:\/\/preprod.dressyourbody.fr\/en\/wp-json\/wp\/v2\/types\/product"}],"replies":[{"embeddable":true,"href":"https:\/\/preprod.dressyourbody.fr\/en\/wp-json\/wp\/v2\/comments?post=36019"}],"wp:featuredmedia":[{"embeddable":true,"href":"https:\/\/preprod.dressyourbody.fr\/en\/wp-json\/wp\/v2\/media\/36049"}],"wp:attachment":[{"href":"https:\/\/preprod.dressyourbody.fr\/en\/wp-json\/wp\/v2\/media?parent=36019"}],"wp:term":[{"taxonomy":"product_brand","embeddable":true,"href":"https:\/\/preprod.dressyourbody.fr\/en\/wp-json\/wp\/v2\/product_brand?post=36019"},{"taxonomy":"product_cat","embeddable":true,"href":"https:\/\/preprod.dressyourbody.fr\/en\/wp-json\/wp\/v2\/product_cat?post=36019"},{"taxonomy":"product_tag","embeddable":true,"href":"https:\/\/preprod.dressyourbody.fr\/en\/wp-json\/wp\/v2\/product_tag?post=36019"}],"curies":[{"name":"wp","href":"https:\/\/api.w.org\/{rel}","templated":true}]}}