{"id":34934,"date":"2023-04-23T21:40:52","date_gmt":"2023-04-23T19:40:52","guid":{"rendered":"https:\/\/dressyourbody.fr\/fr\/?post_type=product&#038;p=34934"},"modified":"2026-03-09T16:54:45","modified_gmt":"2026-03-09T14:54:45","slug":"veste-kurt","status":"publish","type":"product","link":"https:\/\/preprod.dressyourbody.fr\/en\/product\/veste-kurt\/","title":{"rendered":"Veste Kurt"},"content":{"rendered":"<p><b>Une veste chic et casual avec seulement 3 pi\u00e8ces de patron <\/b>\u00a0&#8230;. c&rsquo;est possible?<br \/>\nOui et <b>c&rsquo;est la veste Kurt!<\/b><\/p>\n<p>Avec un montage in\u00e9dit et ing\u00e9nieux, la veste Kurt sera la meilleure amie de votre vestiaire. En maille l\u00e9g\u00e8re pour les soir\u00e9es d&rsquo;\u00e9t\u00e9 comme en laine bouillie pour la mi-saison, vous ne compterez plus les versions surtout qu&rsquo;elle est hyper simple et rapide \u00e0 coudre!<\/p>\n<p>&nbsp;<\/p>\n<p><img fetchpriority=\"high\" decoding=\"async\" class=\"aligncenter wp-image-34937\" src=\"https:\/\/preprod.dressyourbody.fr\/wp-content\/uploads\/2023\/04\/veste-kurt-scketch-devant-et-dos-scaled.jpeg\" alt=\"Veste Kurt. Sketch devant et dos.\" width=\"779\" height=\"209\" srcset=\"https:\/\/preprod.dressyourbody.fr\/wp-content\/uploads\/2023\/04\/veste-kurt-scketch-devant-et-dos-scaled.jpeg 2560w, https:\/\/preprod.dressyourbody.fr\/wp-content\/uploads\/2023\/04\/veste-kurt-scketch-devant-et-dos-scaled-500x134.jpeg 500w, https:\/\/preprod.dressyourbody.fr\/wp-content\/uploads\/2023\/04\/veste-kurt-scketch-devant-et-dos-scaled-300x80.jpeg 300w, https:\/\/preprod.dressyourbody.fr\/wp-content\/uploads\/2023\/04\/veste-kurt-scketch-devant-et-dos-scaled-768x206.jpeg 768w, https:\/\/preprod.dressyourbody.fr\/wp-content\/uploads\/2023\/04\/veste-kurt-scketch-devant-et-dos-scaled-1536x412.jpeg 1536w, https:\/\/preprod.dressyourbody.fr\/wp-content\/uploads\/2023\/04\/veste-kurt-scketch-devant-et-dos-scaled-2048x549.jpeg 2048w, https:\/\/preprod.dressyourbody.fr\/wp-content\/uploads\/2023\/04\/veste-kurt-scketch-devant-et-dos-scaled-18x5.jpeg 18w\" sizes=\"(max-width: 779px) 100vw, 779px\" \/><\/p>\n<p>&nbsp;<\/p>\n<p>&nbsp;<\/p>\n<h4 style=\"text-align: center;\"><strong>JE CHOISIS QUELLE TAILLE?<\/strong><\/h4>\n<p><strong>Le patron de la veste Kurt va de la T34 \u00e0 la T46<\/strong>.<\/p>\n<p><strong>Il est \u00e9galement d\u00e9clin\u00e9 en 3 statures: 1m60, 1m68 et 1m76<\/strong> ce qui vous assurera la longueur parfaite de la veste et que l&#8217;empi\u00e8cement avec les fronces devant arrive au bon niveau par rapport \u00e0 votre poitrine.<\/p>\n<p>Si vous voulez en savoir plus sur la gestion de la stature en couture, rendez-vous sur le blog!\u00a0<a href=\"https:\/\/preprod.dressyourbody.fr\/fr\/stature\" target=\"_blank\" rel=\"noopener\">Quel est l\u2019impact de la stature (taille) en couture ?<\/a><\/p>\n<p>Pour la stature, <u><b>en th\u00e9orie, si vous mesurez:<\/b><\/u><\/p>\n<ul>\n<li>entre 1m56 et 1m63, choisissez la stature : 1m60<\/li>\n<li>entre 1m64 et 1m71, choisissez la stature : 1m68<\/li>\n<li>entre 1m72 et 1m80, choisissez la stature: 1m76<\/li>\n<\/ul>\n<p>&nbsp;<\/p>\n<p>Ensuite choisissez comme d&rsquo;habitude votre taille en fonction de vos mesures et du bar\u00e8me de tailles.<\/p>\n<p>Pour vous aider, ci-dessous le tableau des mesures finies de la veste Kurt.<\/p>\n<p><img decoding=\"async\" class=\"wp-image-34949 aligncenter\" src=\"https:\/\/preprod.dressyourbody.fr\/wp-content\/uploads\/2023\/04\/veste-kurt-mesures-finies1.jpg\" alt=\"Veste Kurt mesures finies par taille\" width=\"443\" height=\"239\" srcset=\"https:\/\/preprod.dressyourbody.fr\/wp-content\/uploads\/2023\/04\/veste-kurt-mesures-finies1.jpg 1099w, https:\/\/preprod.dressyourbody.fr\/wp-content\/uploads\/2023\/04\/veste-kurt-mesures-finies1-500x269.jpg 500w, https:\/\/preprod.dressyourbody.fr\/wp-content\/uploads\/2023\/04\/veste-kurt-mesures-finies1-300x162.jpg 300w, https:\/\/preprod.dressyourbody.fr\/wp-content\/uploads\/2023\/04\/veste-kurt-mesures-finies1-768x414.jpg 768w, https:\/\/preprod.dressyourbody.fr\/wp-content\/uploads\/2023\/04\/veste-kurt-mesures-finies1-18x10.jpg 18w\" sizes=\"(max-width: 443px) 100vw, 443px\" \/><\/p>\n<p>&nbsp;<\/p>\n<ol>\n<li><strong>Tour de poitrine:<\/strong> T34: 102cm \/ T36: 106cm \/ T38: 110cm \/ T40: 114cm \/ T42: 118cm \/ T44: 122cm \/ T46: 126cm<\/li>\n<li><strong>Tour de taille:<\/strong> T34: 100cm \/ T36: 104cm \/ T38: 108cm \/ T40: 112cm \/ T42: 116cm \/ T44: 120cm \/ T46: 124cm<\/li>\n<li><strong>Tour de hanches:<\/strong> T34: 117cm \/ T36: 121cm \/ T38: 125cm \/ T40: 129cm \/ T42: 133cm \/ T44: 137cm \/ T46: 141cm<\/li>\n<\/ol>\n<h4><\/h4>\n<h4><img decoding=\"async\" class=\"wp-image-34950 aligncenter\" src=\"https:\/\/preprod.dressyourbody.fr\/wp-content\/uploads\/2023\/04\/veste-kurt-mesures-finies2.jpg\" alt=\"Veste Kurt mesures finies par stature\" width=\"428\" height=\"244\" srcset=\"https:\/\/preprod.dressyourbody.fr\/wp-content\/uploads\/2023\/04\/veste-kurt-mesures-finies2.jpg 930w, https:\/\/preprod.dressyourbody.fr\/wp-content\/uploads\/2023\/04\/veste-kurt-mesures-finies2-500x285.jpg 500w, https:\/\/preprod.dressyourbody.fr\/wp-content\/uploads\/2023\/04\/veste-kurt-mesures-finies2-300x171.jpg 300w, https:\/\/preprod.dressyourbody.fr\/wp-content\/uploads\/2023\/04\/veste-kurt-mesures-finies2-768x438.jpg 768w, https:\/\/preprod.dressyourbody.fr\/wp-content\/uploads\/2023\/04\/veste-kurt-mesures-finies2-18x10.jpg 18w\" sizes=\"(max-width: 428px) 100vw, 428px\" \/><\/h4>\n<ol>\n<li><strong>Hauteur milieu dos:<\/strong> Stature 160: 63cm \/ Stature 168: 65cm \/ Stature 176: 67cm<\/li>\n<li><strong>Longueur manche:<\/strong> Stature 160: 63,5cm \/ Stature 168: 65,5cm \/ Stature 176: 67,59cm<\/li>\n<\/ol>\n<p>&nbsp;<\/p>\n<p>&nbsp;<\/p>\n<h4 style=\"text-align: center;\"><strong>ET DANS TOUT \u00c7A, QUEL TISSU CHOISIR POUR COUDRE LA VESTE KURT?<\/strong><\/h4>\n<p><a href=\"https:\/\/preprod.dressyourbody.fr\/wp-content\/uploads\/2022\/03\/rouleaux-tissus.jpeg\"><img loading=\"lazy\" decoding=\"async\" class=\"size-full wp-image-31182 aligncenter\" src=\"https:\/\/preprod.dressyourbody.fr\/wp-content\/uploads\/2022\/03\/rouleaux-tissus.jpeg\" alt=\"Rouleaux de tissu\" width=\"200\" height=\"113\" srcset=\"https:\/\/preprod.dressyourbody.fr\/wp-content\/uploads\/2022\/03\/rouleaux-tissus.jpeg 200w, https:\/\/preprod.dressyourbody.fr\/wp-content\/uploads\/2022\/03\/rouleaux-tissus-18x10.jpeg 18w\" sizes=\"(max-width: 200px) 100vw, 200px\" \/><\/a><\/p>\n<p>&nbsp;<\/p>\n<p><strong>La veste Kurt est pr\u00e9vue pour \u00eatre r\u00e9alis\u00e9e dans des tissus en maille.<\/strong> Le gros plus de la veste est qu&rsquo;elle peut \u00eatre cousue dans des mailles fines comme dans des mailles plus \u00e9paisses!<br \/>\nVous pouvez donc prendre du jersey de lin pour des versions plein \u00e9t\u00e9 \u00e0 porter sur une petite robe mais aussi des mailles plus \u00e9paisses comme du sweat, du jersey de velours , des mailles jacquard et <strong>m\u00eame de la laine bouillie<\/strong> \u2026<\/p>\n<p>Sur les photos, la veste Kurt a \u00e9t\u00e9 r\u00e9alis\u00e9e:<\/p>\n<ul>\n<li>en<strong> jersey (maille) de lin<\/strong>\u00a0 (210g\/m2) de chez <a href=\"https:\/\/les-coupons-de-saint-pierre.fr\/\" target=\"_blank\" rel=\"noopener\">Les coupons de Saint Pierre<\/a><\/li>\n<li>en <strong>sweat <\/strong>(190g\/m2) de chez <a href=\"https:\/\/atelierbrunette.com\/fr\/\" target=\"_blank\" rel=\"noopener\">Atelier Brunette<\/a><\/li>\n<li>en <b>maille jacquard<\/b> de chez La petite bo\u00eete \u00e0 coupons<\/li>\n<li>en <strong>laine bouillie<\/strong> bleue fleurie de chez Agn\u00e8s b.<\/li>\n<\/ul>\n<p>&nbsp;<\/p>\n<p>&nbsp;<\/p>\n<p>&nbsp;<\/p>\n<p>&nbsp;<\/p>\n<p>&nbsp;<\/p>\n<p>&nbsp;<\/p>","protected":false},"excerpt":{"rendered":"<ul>\n<li>Planche de patrons allant de la<span style=\"color: #000000;\"><strong> T34 \u00e0 46<\/strong><\/span> soit un tour de poitrine de 81 \u00e0 108cm<\/li>\n<li>3 statures disponibles <strong><span style=\"color: #000000;\">1m60 \/ 1m68 \/ 1m76<\/span><\/strong><\/li>\n<li>Version <span style=\"color: #000000;\"><strong>PDF<\/strong><\/span> disponible. <span style=\"color: #ff0000;\"><span style=\"color: #000000;\">Avec la <strong>gestion des calques<\/strong> choisissez uniquement la taille et la stature qui vous conviennent.\u00a0<\/span><\/span><\/li>\n<li><span style=\"color: #000000;\"><strong>Marges de couture incluses : 1cm<\/strong><\/span><\/li>\n<\/ul>\n<p>&nbsp; <\/p>\n<div><a class=\"zoli-read-more-link\" href=\"https:\/\/preprod.dressyourbody.fr\/en\/product\/veste-kurt\/\">Read More<span class=\"lexus-icon-Icon_Next\"><\/span><\/a><\/div>","protected":false},"featured_media":34960,"comment_status":"open","ping_status":"closed","template":"","meta":{"_acf_changed":false},"product_brand":[],"product_cat":[1232],"product_tag":[1194,637],"class_list":{"0":"post-34934","1":"product","2":"type-product","3":"status-publish","4":"has-post-thumbnail","6":"product_cat-vestes-et-manteaux","7":"product_tag-couture-facile","8":"product_tag-patron","9":"pa_difficulte-moyen","10":"pa_formatpatron-patron-pdf-format-a4-a0","11":"pa_formatpatron-patronpochette","13":"first","14":"instock","15":"shipping-taxable","16":"purchasable","17":"product-type-variable"},"acf":[],"yoast_head":"<!-- This site is optimized with the Yoast SEO plugin v27.4 - https:\/\/yoast.com\/product\/yoast-seo-wordpress\/ -->\n<title>Veste Kurt - DressYourBody - Patron de couture femme<\/title>\n<meta name=\"description\" content=\"Une veste pour toutes les saison pour un look \u00e0 la fois casual et chic. Hyper simple et rapide \u00e0 coudre gr\u00e2ce \u00e0 un montage ing\u00e9nieux in\u00e9dit!\" \/>\n<meta name=\"robots\" content=\"index, follow, max-snippet:-1, max-image-preview:large, max-video-preview:-1\" \/>\n<link rel=\"canonical\" href=\"https:\/\/preprod.dressyourbody.fr\/en\/product\/veste-kurt\/\" \/>\n<meta property=\"og:locale\" content=\"en_US\" \/>\n<meta property=\"og:type\" content=\"article\" \/>\n<meta property=\"og:title\" content=\"Veste Kurt - DressYourBody - Patron de couture femme\" \/>\n<meta property=\"og:description\" content=\"Une veste pour toutes les saison pour un look \u00e0 la fois casual et chic. Hyper simple et rapide \u00e0 coudre gr\u00e2ce \u00e0 un montage ing\u00e9nieux in\u00e9dit!\" \/>\n<meta property=\"og:url\" content=\"https:\/\/preprod.dressyourbody.fr\/en\/product\/veste-kurt\/\" \/>\n<meta property=\"og:site_name\" content=\"Dressyourbody\" \/>\n<meta property=\"article:publisher\" content=\"https:\/\/www.facebook.com\/dressyourbody.couture\/\" \/>\n<meta property=\"article:modified_time\" content=\"2026-03-09T14:54:45+00:00\" \/>\n<meta property=\"og:image\" content=\"https:\/\/preprod.dressyourbody.fr\/wp-content\/uploads\/2023\/04\/veste-kurt-maille-jacquard-inca4.jpg\" \/>\n\t<meta property=\"og:image:width\" content=\"500\" \/>\n\t<meta property=\"og:image:height\" content=\"625\" \/>\n\t<meta property=\"og:image:type\" content=\"image\/jpeg\" \/>\n<meta name=\"twitter:card\" content=\"summary_large_image\" \/>\n<meta name=\"twitter:label1\" content=\"Est. reading time\" \/>\n\t<meta name=\"twitter:data1\" content=\"4 minutes\" \/>\n<script type=\"application\/ld+json\" class=\"yoast-schema-graph\">{\"@context\":\"https:\\\/\\\/schema.org\",\"@graph\":[{\"@type\":\"WebPage\",\"@id\":\"https:\\\/\\\/preprod.dressyourbody.fr\\\/en\\\/product\\\/veste-kurt\\\/\",\"url\":\"https:\\\/\\\/preprod.dressyourbody.fr\\\/en\\\/product\\\/veste-kurt\\\/\",\"name\":\"Veste Kurt - DressYourBody - Patron de couture femme\",\"isPartOf\":{\"@id\":\"https:\\\/\\\/preprod.dressyourbody.fr\\\/#website\"},\"primaryImageOfPage\":{\"@id\":\"https:\\\/\\\/preprod.dressyourbody.fr\\\/en\\\/product\\\/veste-kurt\\\/#primaryimage\"},\"image\":{\"@id\":\"https:\\\/\\\/preprod.dressyourbody.fr\\\/en\\\/product\\\/veste-kurt\\\/#primaryimage\"},\"thumbnailUrl\":\"https:\\\/\\\/preprod.dressyourbody.fr\\\/wp-content\\\/uploads\\\/2023\\\/04\\\/veste-kurt-maille-jacquard-inca4.jpg\",\"datePublished\":\"2023-04-23T19:40:52+00:00\",\"dateModified\":\"2026-03-09T14:54:45+00:00\",\"description\":\"Une veste pour toutes les saison pour un look \u00e0 la fois casual et chic. Hyper simple et rapide \u00e0 coudre gr\u00e2ce \u00e0 un montage ing\u00e9nieux in\u00e9dit!\",\"breadcrumb\":{\"@id\":\"https:\\\/\\\/preprod.dressyourbody.fr\\\/en\\\/product\\\/veste-kurt\\\/#breadcrumb\"},\"inLanguage\":\"en-US\",\"potentialAction\":[{\"@type\":\"ReadAction\",\"target\":[\"https:\\\/\\\/preprod.dressyourbody.fr\\\/en\\\/product\\\/veste-kurt\\\/\"]}]},{\"@type\":\"ImageObject\",\"inLanguage\":\"en-US\",\"@id\":\"https:\\\/\\\/preprod.dressyourbody.fr\\\/en\\\/product\\\/veste-kurt\\\/#primaryimage\",\"url\":\"https:\\\/\\\/preprod.dressyourbody.fr\\\/wp-content\\\/uploads\\\/2023\\\/04\\\/veste-kurt-maille-jacquard-inca4.jpg\",\"contentUrl\":\"https:\\\/\\\/preprod.dressyourbody.fr\\\/wp-content\\\/uploads\\\/2023\\\/04\\\/veste-kurt-maille-jacquard-inca4.jpg\",\"width\":500,\"height\":625,\"caption\":\"Veste Kurt et ceinture Bonnieca\"},{\"@type\":\"BreadcrumbList\",\"@id\":\"https:\\\/\\\/preprod.dressyourbody.fr\\\/en\\\/product\\\/veste-kurt\\\/#breadcrumb\",\"itemListElement\":[{\"@type\":\"ListItem\",\"position\":1,\"name\":\"Accueil\",\"item\":\"https:\\\/\\\/preprod.dressyourbody.fr\\\/en\\\/\"},{\"@type\":\"ListItem\",\"position\":2,\"name\":\"LA BOUTIQUE\",\"item\":\"https:\\\/\\\/preprod.dressyourbody.fr\\\/en\\\/?page_id=22934\"},{\"@type\":\"ListItem\",\"position\":3,\"name\":\"Veste Kurt\"}]},{\"@type\":\"WebSite\",\"@id\":\"https:\\\/\\\/preprod.dressyourbody.fr\\\/#website\",\"url\":\"https:\\\/\\\/preprod.dressyourbody.fr\\\/\",\"name\":\"DressYourBody\",\"description\":\"Patrons de couture\",\"publisher\":{\"@id\":\"https:\\\/\\\/preprod.dressyourbody.fr\\\/#organization\"},\"potentialAction\":[{\"@type\":\"SearchAction\",\"target\":{\"@type\":\"EntryPoint\",\"urlTemplate\":\"https:\\\/\\\/preprod.dressyourbody.fr\\\/?s={search_term_string}\"},\"query-input\":{\"@type\":\"PropertyValueSpecification\",\"valueRequired\":true,\"valueName\":\"search_term_string\"}}],\"inLanguage\":\"en-US\"},{\"@type\":\"Organization\",\"@id\":\"https:\\\/\\\/preprod.dressyourbody.fr\\\/#organization\",\"name\":\"DressYourBody.fr\",\"url\":\"https:\\\/\\\/preprod.dressyourbody.fr\\\/\",\"logo\":{\"@type\":\"ImageObject\",\"inLanguage\":\"en-US\",\"@id\":\"https:\\\/\\\/preprod.dressyourbody.fr\\\/#\\\/schema\\\/logo\\\/image\\\/\",\"url\":\"https:\\\/\\\/preprod.dressyourbody.fr\\\/wp-content\\\/uploads\\\/2018\\\/07\\\/Logo-rond.png\",\"contentUrl\":\"https:\\\/\\\/preprod.dressyourbody.fr\\\/wp-content\\\/uploads\\\/2018\\\/07\\\/Logo-rond.png\",\"width\":451,\"height\":449,\"caption\":\"DressYourBody.fr\"},\"image\":{\"@id\":\"https:\\\/\\\/preprod.dressyourbody.fr\\\/#\\\/schema\\\/logo\\\/image\\\/\"},\"sameAs\":[\"https:\\\/\\\/www.facebook.com\\\/dressyourbody.couture\\\/\",\"https:\\\/\\\/www.instagram.com\\\/dressyourbody.couture\\\/\",\"https:\\\/\\\/www.linkedin.com\\\/company\\\/11295981\\\/\",\"https:\\\/\\\/www.pinterest.fr\\\/dressyourbody\\\/\",\"https:\\\/\\\/www.youtube.com\\\/channel\\\/UCD9FR054rT1zUXmwxImG5vA?view_as=subscriber\"]}]}<\/script>\n<!-- \/ Yoast SEO plugin. -->","yoast_head_json":{"title":"Veste Kurt - DressYourBody - Patron de couture femme","description":"Une veste pour toutes les saison pour un look \u00e0 la fois casual et chic. Hyper simple et rapide \u00e0 coudre gr\u00e2ce \u00e0 un montage ing\u00e9nieux in\u00e9dit!","robots":{"index":"index","follow":"follow","max-snippet":"max-snippet:-1","max-image-preview":"max-image-preview:large","max-video-preview":"max-video-preview:-1"},"canonical":"https:\/\/preprod.dressyourbody.fr\/en\/product\/veste-kurt\/","og_locale":"en_US","og_type":"article","og_title":"Veste Kurt - DressYourBody - Patron de couture femme","og_description":"Une veste pour toutes les saison pour un look \u00e0 la fois casual et chic. Hyper simple et rapide \u00e0 coudre gr\u00e2ce \u00e0 un montage ing\u00e9nieux in\u00e9dit!","og_url":"https:\/\/preprod.dressyourbody.fr\/en\/product\/veste-kurt\/","og_site_name":"Dressyourbody","article_publisher":"https:\/\/www.facebook.com\/dressyourbody.couture\/","article_modified_time":"2026-03-09T14:54:45+00:00","og_image":[{"width":500,"height":625,"url":"https:\/\/preprod.dressyourbody.fr\/wp-content\/uploads\/2023\/04\/veste-kurt-maille-jacquard-inca4.jpg","type":"image\/jpeg"}],"twitter_card":"summary_large_image","twitter_misc":{"Est. reading time":"4 minutes"},"schema":{"@context":"https:\/\/schema.org","@graph":[{"@type":"WebPage","@id":"https:\/\/preprod.dressyourbody.fr\/en\/product\/veste-kurt\/","url":"https:\/\/preprod.dressyourbody.fr\/en\/product\/veste-kurt\/","name":"Veste Kurt - DressYourBody - Patron de couture femme","isPartOf":{"@id":"https:\/\/preprod.dressyourbody.fr\/#website"},"primaryImageOfPage":{"@id":"https:\/\/preprod.dressyourbody.fr\/en\/product\/veste-kurt\/#primaryimage"},"image":{"@id":"https:\/\/preprod.dressyourbody.fr\/en\/product\/veste-kurt\/#primaryimage"},"thumbnailUrl":"https:\/\/preprod.dressyourbody.fr\/wp-content\/uploads\/2023\/04\/veste-kurt-maille-jacquard-inca4.jpg","datePublished":"2023-04-23T19:40:52+00:00","dateModified":"2026-03-09T14:54:45+00:00","description":"Une veste pour toutes les saison pour un look \u00e0 la fois casual et chic. Hyper simple et rapide \u00e0 coudre gr\u00e2ce \u00e0 un montage ing\u00e9nieux in\u00e9dit!","breadcrumb":{"@id":"https:\/\/preprod.dressyourbody.fr\/en\/product\/veste-kurt\/#breadcrumb"},"inLanguage":"en-US","potentialAction":[{"@type":"ReadAction","target":["https:\/\/preprod.dressyourbody.fr\/en\/product\/veste-kurt\/"]}]},{"@type":"ImageObject","inLanguage":"en-US","@id":"https:\/\/preprod.dressyourbody.fr\/en\/product\/veste-kurt\/#primaryimage","url":"https:\/\/preprod.dressyourbody.fr\/wp-content\/uploads\/2023\/04\/veste-kurt-maille-jacquard-inca4.jpg","contentUrl":"https:\/\/preprod.dressyourbody.fr\/wp-content\/uploads\/2023\/04\/veste-kurt-maille-jacquard-inca4.jpg","width":500,"height":625,"caption":"Veste Kurt et ceinture Bonnieca"},{"@type":"BreadcrumbList","@id":"https:\/\/preprod.dressyourbody.fr\/en\/product\/veste-kurt\/#breadcrumb","itemListElement":[{"@type":"ListItem","position":1,"name":"Accueil","item":"https:\/\/preprod.dressyourbody.fr\/en\/"},{"@type":"ListItem","position":2,"name":"LA BOUTIQUE","item":"https:\/\/preprod.dressyourbody.fr\/en\/?page_id=22934"},{"@type":"ListItem","position":3,"name":"Veste Kurt"}]},{"@type":"WebSite","@id":"https:\/\/preprod.dressyourbody.fr\/#website","url":"https:\/\/preprod.dressyourbody.fr\/","name":"DressYourBody","description":"Patrons de couture","publisher":{"@id":"https:\/\/preprod.dressyourbody.fr\/#organization"},"potentialAction":[{"@type":"SearchAction","target":{"@type":"EntryPoint","urlTemplate":"https:\/\/preprod.dressyourbody.fr\/?s={search_term_string}"},"query-input":{"@type":"PropertyValueSpecification","valueRequired":true,"valueName":"search_term_string"}}],"inLanguage":"en-US"},{"@type":"Organization","@id":"https:\/\/preprod.dressyourbody.fr\/#organization","name":"DressYourBody.fr","url":"https:\/\/preprod.dressyourbody.fr\/","logo":{"@type":"ImageObject","inLanguage":"en-US","@id":"https:\/\/preprod.dressyourbody.fr\/#\/schema\/logo\/image\/","url":"https:\/\/preprod.dressyourbody.fr\/wp-content\/uploads\/2018\/07\/Logo-rond.png","contentUrl":"https:\/\/preprod.dressyourbody.fr\/wp-content\/uploads\/2018\/07\/Logo-rond.png","width":451,"height":449,"caption":"DressYourBody.fr"},"image":{"@id":"https:\/\/preprod.dressyourbody.fr\/#\/schema\/logo\/image\/"},"sameAs":["https:\/\/www.facebook.com\/dressyourbody.couture\/","https:\/\/www.instagram.com\/dressyourbody.couture\/","https:\/\/www.linkedin.com\/company\/11295981\/","https:\/\/www.pinterest.fr\/dressyourbody\/","https:\/\/www.youtube.com\/channel\/UCD9FR054rT1zUXmwxImG5vA?view_as=subscriber"]}]}},"_links":{"self":[{"href":"https:\/\/preprod.dressyourbody.fr\/en\/wp-json\/wp\/v2\/product\/34934","targetHints":{"allow":["GET"]}}],"collection":[{"href":"https:\/\/preprod.dressyourbody.fr\/en\/wp-json\/wp\/v2\/product"}],"about":[{"href":"https:\/\/preprod.dressyourbody.fr\/en\/wp-json\/wp\/v2\/types\/product"}],"replies":[{"embeddable":true,"href":"https:\/\/preprod.dressyourbody.fr\/en\/wp-json\/wp\/v2\/comments?post=34934"}],"wp:featuredmedia":[{"embeddable":true,"href":"https:\/\/preprod.dressyourbody.fr\/en\/wp-json\/wp\/v2\/media\/34960"}],"wp:attachment":[{"href":"https:\/\/preprod.dressyourbody.fr\/en\/wp-json\/wp\/v2\/media?parent=34934"}],"wp:term":[{"taxonomy":"product_brand","embeddable":true,"href":"https:\/\/preprod.dressyourbody.fr\/en\/wp-json\/wp\/v2\/product_brand?post=34934"},{"taxonomy":"product_cat","embeddable":true,"href":"https:\/\/preprod.dressyourbody.fr\/en\/wp-json\/wp\/v2\/product_cat?post=34934"},{"taxonomy":"product_tag","embeddable":true,"href":"https:\/\/preprod.dressyourbody.fr\/en\/wp-json\/wp\/v2\/product_tag?post=34934"}],"curies":[{"name":"wp","href":"https:\/\/api.w.org\/{rel}","templated":true}]}}