{"id":33757,"date":"2022-11-09T16:11:39","date_gmt":"2022-11-09T14:11:39","guid":{"rendered":"https:\/\/dressyourbody.fr\/fr\/?post_type=product&#038;p=33757"},"modified":"2026-01-07T14:57:55","modified_gmt":"2026-01-07T12:57:55","slug":"combinaison-lux","status":"publish","type":"product","link":"https:\/\/preprod.dressyourbody.fr\/en\/product\/combinaison-lux\/","title":{"rendered":"Combinaison Lux"},"content":{"rendered":"<p><strong>Une<\/strong> <b>combinaison esprit workwear <\/b>et <b>ultra-f\u00e9minine <\/b>\u00e0 la fois &#8230;. c&rsquo;est possible?<br \/>\nOui <b>c&rsquo;est la combinaison Lux!<\/b><\/p>\n<p>La combinaison Lux a \u00e9t\u00e9 cr\u00e9\u00e9e sur <strong>une base assez classique et droite de combinaison<\/strong>. Mais <strong>son design avec les empi\u00e8cements en V au dos comme au devant ainsi que les fronces, sortent des codes habituels de la combinaison de travail pour la f\u00e9miniser totalement<\/strong>.<br \/>\nLa <strong>ceinture int\u00e9gr\u00e9e<\/strong> permet d&rsquo;ajuster parfaitement la combinaison pour donner <strong>un pantalon ajust\u00e9 aux jambes fusel\u00e9es<\/strong>.<\/p>\n<p>Les <strong>manches raglan<\/strong> sont finies par un poignet ferm\u00e9 par une <strong>fente capucin<\/strong>.<\/p>\n<p>&nbsp;<\/p>\n<p><img fetchpriority=\"high\" decoding=\"async\" class=\"aligncenter wp-image-33773\" src=\"https:\/\/preprod.dressyourbody.fr\/wp-content\/uploads\/2022\/11\/combinaison-lux-sketch-devant-et-dos.png\" alt=\"Combinaison Lux, sketch devant et dos\" width=\"400\" height=\"326\" srcset=\"https:\/\/preprod.dressyourbody.fr\/wp-content\/uploads\/2022\/11\/combinaison-lux-sketch-devant-et-dos.png 500w, https:\/\/preprod.dressyourbody.fr\/wp-content\/uploads\/2022\/11\/combinaison-lux-sketch-devant-et-dos-300x244.png 300w, https:\/\/preprod.dressyourbody.fr\/wp-content\/uploads\/2022\/11\/combinaison-lux-sketch-devant-et-dos-15x12.png 15w\" sizes=\"(max-width: 400px) 100vw, 400px\" \/><\/p>\n<p>&nbsp;<\/p>\n<h4 style=\"text-align: center;\"><strong>3 STATURES DISPONIBLES !!!<\/strong><\/h4>\n<p>La grande sp\u00e9cificit\u00e9 de la combinaison Lux est que <strong>le patron est d\u00e9clin\u00e9 en 3 statures diff\u00e9rentes<\/strong>. Que vous mesuriez 1m60, ou 1m80, il y a une version pr\u00e9vue pour vous. <strong>Et quand on coud une combinaison<\/strong>, il va sans dire que <strong>la taille a son importance. <\/strong>Les silhouettes ci-dessous, repr\u00e9sentant les 3 statures du patron, parlent d&rsquo;elles-m\u00eames je pense. <strong>La hauteur doit \u00eatre pens\u00e9e pour pouvoir s&rsquo;assoir, lever les bras, bouger<\/strong> tout en se sentant \u00e0 l&rsquo;aise &#8230; et <strong>tout est pr\u00e9vu en ce sens.<\/strong><\/p>\n<p><img decoding=\"async\" class=\"wp-image-33795 aligncenter\" src=\"https:\/\/preprod.dressyourbody.fr\/wp-content\/uploads\/2022\/11\/combinaison-lux-sketch-statures-1m76-1m68-1m60.jpg\" alt=\"Combinaison Lux, statures 1m76, 1m68, et 1m60\" width=\"523\" height=\"417\" srcset=\"https:\/\/preprod.dressyourbody.fr\/wp-content\/uploads\/2022\/11\/combinaison-lux-sketch-statures-1m76-1m68-1m60.jpg 650w, https:\/\/preprod.dressyourbody.fr\/wp-content\/uploads\/2022\/11\/combinaison-lux-sketch-statures-1m76-1m68-1m60-500x398.jpg 500w, https:\/\/preprod.dressyourbody.fr\/wp-content\/uploads\/2022\/11\/combinaison-lux-sketch-statures-1m76-1m68-1m60-300x239.jpg 300w, https:\/\/preprod.dressyourbody.fr\/wp-content\/uploads\/2022\/11\/combinaison-lux-sketch-statures-1m76-1m68-1m60-15x12.jpg 15w\" sizes=\"(max-width: 523px) 100vw, 523px\" \/><\/p>\n<p>&nbsp;<\/p>\n<p>Si vous voulez en savoir plus sur la gestion de la stature en couture, rendez-vous sur le blog!<\/p>\n<p><a href=\"https:\/\/preprod.dressyourbody.fr\/fr\/stature\" target=\"_blank\" rel=\"noopener\">Quel est l\u2019impact de la stature (taille) en couture ?<\/a><\/p>\n<p>&nbsp;<\/p>\n<h4 style=\"text-align: center;\"><strong>JE CHOISIS QUELLE TAILLE?<\/strong><\/h4>\n<p>Pour la stature, <u><b>en th\u00e9orie, si vous mesurez:<\/b><\/u><\/p>\n<ul>\n<li>entre 1m56 et 1m64, choisissez la stature : 1m60<\/li>\n<li>entre 1m64 et 1m72, choisissez la stature : 1m68<\/li>\n<li>entre 1m72 et 1m80, choisissez la stature: 1m76<\/li>\n<\/ul>\n<p>Mais si vous savez que vous avez plut\u00f4t de longues jambes ou un petit buste, <u><b>vous pouvez ajuster selon votre cas personnel ou m\u00eame combiner les statures entre le haut et le bas de la combinaison.<\/b><\/u><\/p>\n<p>Ensuite choisissez comme d&rsquo;habitude votre taille en fonction de vos mesures et du bar\u00e8me de tailles. Pour vous aider, ci-dessous le tableau des mesures finies de la combinaison Lux. Notez que pour ce mod\u00e8le, il faut <strong>prendre principalement en compte votre tour de poitrine<\/strong> et <strong>votre tour de hanches<\/strong>.<\/p>\n<p><img decoding=\"async\" class=\"wp-image-33780 size-medium aligncenter\" src=\"https:\/\/preprod.dressyourbody.fr\/wp-content\/uploads\/2022\/11\/combinaison-lux-mesures-vetement-fini-208x300.jpg\" alt=\"Combinaison Lux, mesures v\u00eatement fini\" width=\"208\" height=\"300\" srcset=\"https:\/\/preprod.dressyourbody.fr\/wp-content\/uploads\/2022\/11\/combinaison-lux-mesures-vetement-fini-208x300.jpg 208w, https:\/\/preprod.dressyourbody.fr\/wp-content\/uploads\/2022\/11\/combinaison-lux-mesures-vetement-fini-500x721.jpg 500w, https:\/\/preprod.dressyourbody.fr\/wp-content\/uploads\/2022\/11\/combinaison-lux-mesures-vetement-fini-8x12.jpg 8w, https:\/\/preprod.dressyourbody.fr\/wp-content\/uploads\/2022\/11\/combinaison-lux-mesures-vetement-fini.jpg 552w\" sizes=\"(max-width: 208px) 100vw, 208px\" \/><\/p>\n<ol>\n<li><strong>Tour de poitrine:<\/strong> T34: 100cm \/ T36: 104cm \/ T38: 108cm \/ T40: 112cm \/ T42: 116cm \/ T44: 120cm \/ T46: 124cm<\/li>\n<li><strong>Tour de taille:<\/strong> T34: 91cm \/ T36: 95cm \/ T38: 99cm \/ T40: 103cm \/ T42: 107cm \/ T44: 111cm \/ T46: 114cm<\/li>\n<li><strong>Tour de hanches:<\/strong> T34: 96,5cm \/ T36: 100,5cm \/ T38: 104,5cm \/ T40: 108,5cm \/ T42: 112,5cm \/ T44: 116,5cm \/ T46: 120,5cm<\/li>\n<\/ol>\n<h4><\/h4>\n<p>&nbsp;<\/p>\n<h4 style=\"text-align: center;\"><strong>ET DANS TOUT \u00c7A, QUEL TISSU CHOISIR POUR COUDRE LA COMBINAISON LUX?<\/strong><\/h4>\n<p><a href=\"https:\/\/preprod.dressyourbody.fr\/wp-content\/uploads\/2022\/03\/rouleaux-tissus.jpeg\"><img loading=\"lazy\" decoding=\"async\" class=\"size-full wp-image-31182 aligncenter\" src=\"https:\/\/preprod.dressyourbody.fr\/wp-content\/uploads\/2022\/03\/rouleaux-tissus.jpeg\" alt=\"Rouleaux de tissu\" width=\"200\" height=\"113\" srcset=\"https:\/\/preprod.dressyourbody.fr\/wp-content\/uploads\/2022\/03\/rouleaux-tissus.jpeg 200w, https:\/\/preprod.dressyourbody.fr\/wp-content\/uploads\/2022\/03\/rouleaux-tissus-18x10.jpeg 18w\" sizes=\"(max-width: 200px) 100vw, 200px\" \/><\/a><\/p>\n<p>&nbsp;<\/p>\n<p><strong>La combinaison Lux peut-\u00eatre r\u00e9alis\u00e9e aussi bien en tissu l\u00e9ger<\/strong> comme de la popeline, du cr\u00eape, de la viscose <strong>qu&rsquo;en tissu plus \u00e9pais<\/strong> comme de la gabardine de coton, du denim moyen, du velours&#8230;<\/p>\n<p>Vous pouvez prendre des tissus allant 130g\/m2 jusqu&rsquo;\u00e0 350g\/m2 environ.<\/p>\n<p>Sur les photos, la combinaison Lux a \u00e9t\u00e9 r\u00e9alis\u00e9e:<\/p>\n<ul>\n<li>en <strong>denim \u00e9pais \u00ab\u00a0Bleu de travail\u00a0\u00bb<\/strong> (300g\/m2) de chez <a href=\"https:\/\/www.amandinecha.com\/fr\/\" target=\"_blank\" rel=\"noopener\">Amandine Dechassolier<\/a><\/li>\n<li>en <strong>denim moyen<\/strong> (200g\/m2) de chez <a href=\"https:\/\/www.amandinecha.com\/fr\/\" target=\"_blank\" rel=\"noopener\">Amandine Dechassolier<\/a><\/li>\n<li>en <strong>velours l\u00e9ger<\/strong> (160g\/m2) de chez <a href=\"https:\/\/www.amandinecha.com\/fr\/\" target=\"_blank\" rel=\"noopener\">Cousette<\/a><\/li>\n<\/ul>\n<p>&nbsp;<\/p>\n<p>&nbsp;<\/p>\n<p>&nbsp;<\/p>\n<p>&nbsp;<\/p>\n<p>&nbsp;<\/p>\n<p>&nbsp;<\/p>","protected":false},"excerpt":{"rendered":"<ul>\n<li>3 statures disponibles <strong>1m60 \/ 1m68 \/ 1m76<\/strong><\/li>\n<li><strong>VIDEO de montage<\/strong><\/li>\n<li><span style=\"color: #000000;\"><strong>Version PDF\u00a0 a<\/strong><span style=\"color: #000000;\"><strong>vec calques<\/strong> (choisissez uniquement la taille et la stature qui vous convient \/ <\/span><\/span><span style=\"color: #000000;\">Possibilit\u00e9 de prendre le haut et le bas de la combinaison dans des statures diff\u00e9rentes)<\/span><\/li>\n<li>Planche de patrons allant de la T34 \u00e0 46 soit un tour de poitrine de 81 \u00e0 108cm<\/li>\n<li>Marges de couture incluses : 1cm<\/li>\n<\/ul>\n<p>&nbsp; <\/p>\n<div><a class=\"zoli-read-more-link\" href=\"https:\/\/preprod.dressyourbody.fr\/en\/product\/combinaison-lux\/\">Read More<span class=\"lexus-icon-Icon_Next\"><\/span><\/a><\/div>","protected":false},"featured_media":33763,"comment_status":"open","ping_status":"closed","template":"","meta":{"_acf_changed":false},"product_brand":[],"product_cat":[1381],"product_tag":[1194,637,1196,639],"class_list":{"0":"post-33757","1":"product","2":"type-product","3":"status-publish","4":"has-post-thumbnail","6":"product_cat-combinaison","7":"product_tag-couture-facile","8":"product_tag-patron","9":"product_tag-patron-de-robe","10":"product_tag-robe","11":"pa_difficulte-moyen","12":"pa_formatpatron-patron-pdf-format-a4-a0","13":"pa_formatpatron-patronpochette","15":"first","16":"instock","17":"shipping-taxable","18":"purchasable","19":"product-type-variable"},"acf":[],"yoast_head":"<!-- This site is optimized with the Yoast SEO plugin v27.3 - https:\/\/yoast.com\/product\/yoast-seo-wordpress\/ -->\n<title>Combinaison Lux - DressYourBody - Patron de couture femme<\/title>\n<meta name=\"description\" content=\"Une combinaison esprit workwear et ultra-f\u00e9minine \u00e0 la fois gr\u00e2ce \u00e0 ses empi\u00e8cements en V au dos et devant ainsi que ses jolies fronces.\" \/>\n<meta name=\"robots\" content=\"index, follow, max-snippet:-1, max-image-preview:large, max-video-preview:-1\" \/>\n<link rel=\"canonical\" href=\"https:\/\/preprod.dressyourbody.fr\/en\/product\/combinaison-lux\/\" \/>\n<meta property=\"og:locale\" content=\"en_US\" \/>\n<meta property=\"og:type\" content=\"article\" \/>\n<meta property=\"og:title\" content=\"Combinaison Lux - DressYourBody - Patron de couture femme\" \/>\n<meta property=\"og:description\" content=\"Une combinaison esprit workwear et ultra-f\u00e9minine \u00e0 la fois gr\u00e2ce \u00e0 ses empi\u00e8cements en V au dos et devant ainsi que ses jolies fronces.\" \/>\n<meta property=\"og:url\" content=\"https:\/\/preprod.dressyourbody.fr\/en\/product\/combinaison-lux\/\" \/>\n<meta property=\"og:site_name\" content=\"Dressyourbody\" \/>\n<meta property=\"article:publisher\" content=\"https:\/\/www.facebook.com\/dressyourbody.couture\/\" \/>\n<meta property=\"article:modified_time\" content=\"2026-01-07T12:57:55+00:00\" \/>\n<meta property=\"og:image\" content=\"https:\/\/preprod.dressyourbody.fr\/wp-content\/uploads\/2022\/11\/combinaison-lux-denim-bleu-de-travail1.jpg\" \/>\n\t<meta property=\"og:image:width\" content=\"500\" \/>\n\t<meta property=\"og:image:height\" content=\"625\" \/>\n\t<meta property=\"og:image:type\" content=\"image\/jpeg\" \/>\n<meta name=\"twitter:card\" content=\"summary_large_image\" \/>\n<meta name=\"twitter:label1\" content=\"Est. reading time\" \/>\n\t<meta name=\"twitter:data1\" content=\"4 minutes\" \/>\n<script type=\"application\/ld+json\" class=\"yoast-schema-graph\">{\"@context\":\"https:\\\/\\\/schema.org\",\"@graph\":[{\"@type\":\"WebPage\",\"@id\":\"https:\\\/\\\/preprod.dressyourbody.fr\\\/en\\\/product\\\/combinaison-lux\\\/\",\"url\":\"https:\\\/\\\/preprod.dressyourbody.fr\\\/en\\\/product\\\/combinaison-lux\\\/\",\"name\":\"Combinaison Lux - DressYourBody - Patron de couture femme\",\"isPartOf\":{\"@id\":\"https:\\\/\\\/preprod.dressyourbody.fr\\\/#website\"},\"primaryImageOfPage\":{\"@id\":\"https:\\\/\\\/preprod.dressyourbody.fr\\\/en\\\/product\\\/combinaison-lux\\\/#primaryimage\"},\"image\":{\"@id\":\"https:\\\/\\\/preprod.dressyourbody.fr\\\/en\\\/product\\\/combinaison-lux\\\/#primaryimage\"},\"thumbnailUrl\":\"https:\\\/\\\/preprod.dressyourbody.fr\\\/wp-content\\\/uploads\\\/2022\\\/11\\\/combinaison-lux-denim-bleu-de-travail1.jpg\",\"datePublished\":\"2022-11-09T14:11:39+00:00\",\"dateModified\":\"2026-01-07T12:57:55+00:00\",\"description\":\"Une combinaison esprit workwear et ultra-f\u00e9minine \u00e0 la fois gr\u00e2ce \u00e0 ses empi\u00e8cements en V au dos et devant ainsi que ses jolies fronces.\",\"breadcrumb\":{\"@id\":\"https:\\\/\\\/preprod.dressyourbody.fr\\\/en\\\/product\\\/combinaison-lux\\\/#breadcrumb\"},\"inLanguage\":\"en-US\",\"potentialAction\":[{\"@type\":\"ReadAction\",\"target\":[\"https:\\\/\\\/preprod.dressyourbody.fr\\\/en\\\/product\\\/combinaison-lux\\\/\"]}]},{\"@type\":\"ImageObject\",\"inLanguage\":\"en-US\",\"@id\":\"https:\\\/\\\/preprod.dressyourbody.fr\\\/en\\\/product\\\/combinaison-lux\\\/#primaryimage\",\"url\":\"https:\\\/\\\/preprod.dressyourbody.fr\\\/wp-content\\\/uploads\\\/2022\\\/11\\\/combinaison-lux-denim-bleu-de-travail1.jpg\",\"contentUrl\":\"https:\\\/\\\/preprod.dressyourbody.fr\\\/wp-content\\\/uploads\\\/2022\\\/11\\\/combinaison-lux-denim-bleu-de-travail1.jpg\",\"width\":500,\"height\":625,\"caption\":\"Combinaison Lux en denim \\\"bleu de travail\\\" @amandinechadessolier\"},{\"@type\":\"BreadcrumbList\",\"@id\":\"https:\\\/\\\/preprod.dressyourbody.fr\\\/en\\\/product\\\/combinaison-lux\\\/#breadcrumb\",\"itemListElement\":[{\"@type\":\"ListItem\",\"position\":1,\"name\":\"Accueil\",\"item\":\"https:\\\/\\\/preprod.dressyourbody.fr\\\/en\\\/\"},{\"@type\":\"ListItem\",\"position\":2,\"name\":\"LA BOUTIQUE\",\"item\":\"https:\\\/\\\/preprod.dressyourbody.fr\\\/en\\\/?page_id=22934\"},{\"@type\":\"ListItem\",\"position\":3,\"name\":\"Combinaison Lux\"}]},{\"@type\":\"WebSite\",\"@id\":\"https:\\\/\\\/preprod.dressyourbody.fr\\\/#website\",\"url\":\"https:\\\/\\\/preprod.dressyourbody.fr\\\/\",\"name\":\"DressYourBody\",\"description\":\"Patrons de couture\",\"publisher\":{\"@id\":\"https:\\\/\\\/preprod.dressyourbody.fr\\\/#organization\"},\"potentialAction\":[{\"@type\":\"SearchAction\",\"target\":{\"@type\":\"EntryPoint\",\"urlTemplate\":\"https:\\\/\\\/preprod.dressyourbody.fr\\\/?s={search_term_string}\"},\"query-input\":{\"@type\":\"PropertyValueSpecification\",\"valueRequired\":true,\"valueName\":\"search_term_string\"}}],\"inLanguage\":\"en-US\"},{\"@type\":\"Organization\",\"@id\":\"https:\\\/\\\/preprod.dressyourbody.fr\\\/#organization\",\"name\":\"DressYourBody.fr\",\"url\":\"https:\\\/\\\/preprod.dressyourbody.fr\\\/\",\"logo\":{\"@type\":\"ImageObject\",\"inLanguage\":\"en-US\",\"@id\":\"https:\\\/\\\/preprod.dressyourbody.fr\\\/#\\\/schema\\\/logo\\\/image\\\/\",\"url\":\"https:\\\/\\\/preprod.dressyourbody.fr\\\/wp-content\\\/uploads\\\/2018\\\/07\\\/Logo-rond.png\",\"contentUrl\":\"https:\\\/\\\/preprod.dressyourbody.fr\\\/wp-content\\\/uploads\\\/2018\\\/07\\\/Logo-rond.png\",\"width\":451,\"height\":449,\"caption\":\"DressYourBody.fr\"},\"image\":{\"@id\":\"https:\\\/\\\/preprod.dressyourbody.fr\\\/#\\\/schema\\\/logo\\\/image\\\/\"},\"sameAs\":[\"https:\\\/\\\/www.facebook.com\\\/dressyourbody.couture\\\/\",\"https:\\\/\\\/www.instagram.com\\\/dressyourbody.couture\\\/\",\"https:\\\/\\\/www.linkedin.com\\\/company\\\/11295981\\\/\",\"https:\\\/\\\/www.pinterest.fr\\\/dressyourbody\\\/\",\"https:\\\/\\\/www.youtube.com\\\/channel\\\/UCD9FR054rT1zUXmwxImG5vA?view_as=subscriber\"]}]}<\/script>\n<!-- \/ Yoast SEO plugin. -->","yoast_head_json":{"title":"Combinaison Lux - DressYourBody - Patron de couture femme","description":"Une combinaison esprit workwear et ultra-f\u00e9minine \u00e0 la fois gr\u00e2ce \u00e0 ses empi\u00e8cements en V au dos et devant ainsi que ses jolies fronces.","robots":{"index":"index","follow":"follow","max-snippet":"max-snippet:-1","max-image-preview":"max-image-preview:large","max-video-preview":"max-video-preview:-1"},"canonical":"https:\/\/preprod.dressyourbody.fr\/en\/product\/combinaison-lux\/","og_locale":"en_US","og_type":"article","og_title":"Combinaison Lux - DressYourBody - Patron de couture femme","og_description":"Une combinaison esprit workwear et ultra-f\u00e9minine \u00e0 la fois gr\u00e2ce \u00e0 ses empi\u00e8cements en V au dos et devant ainsi que ses jolies fronces.","og_url":"https:\/\/preprod.dressyourbody.fr\/en\/product\/combinaison-lux\/","og_site_name":"Dressyourbody","article_publisher":"https:\/\/www.facebook.com\/dressyourbody.couture\/","article_modified_time":"2026-01-07T12:57:55+00:00","og_image":[{"width":500,"height":625,"url":"https:\/\/preprod.dressyourbody.fr\/wp-content\/uploads\/2022\/11\/combinaison-lux-denim-bleu-de-travail1.jpg","type":"image\/jpeg"}],"twitter_card":"summary_large_image","twitter_misc":{"Est. reading time":"4 minutes"},"schema":{"@context":"https:\/\/schema.org","@graph":[{"@type":"WebPage","@id":"https:\/\/preprod.dressyourbody.fr\/en\/product\/combinaison-lux\/","url":"https:\/\/preprod.dressyourbody.fr\/en\/product\/combinaison-lux\/","name":"Combinaison Lux - DressYourBody - Patron de couture femme","isPartOf":{"@id":"https:\/\/preprod.dressyourbody.fr\/#website"},"primaryImageOfPage":{"@id":"https:\/\/preprod.dressyourbody.fr\/en\/product\/combinaison-lux\/#primaryimage"},"image":{"@id":"https:\/\/preprod.dressyourbody.fr\/en\/product\/combinaison-lux\/#primaryimage"},"thumbnailUrl":"https:\/\/preprod.dressyourbody.fr\/wp-content\/uploads\/2022\/11\/combinaison-lux-denim-bleu-de-travail1.jpg","datePublished":"2022-11-09T14:11:39+00:00","dateModified":"2026-01-07T12:57:55+00:00","description":"Une combinaison esprit workwear et ultra-f\u00e9minine \u00e0 la fois gr\u00e2ce \u00e0 ses empi\u00e8cements en V au dos et devant ainsi que ses jolies fronces.","breadcrumb":{"@id":"https:\/\/preprod.dressyourbody.fr\/en\/product\/combinaison-lux\/#breadcrumb"},"inLanguage":"en-US","potentialAction":[{"@type":"ReadAction","target":["https:\/\/preprod.dressyourbody.fr\/en\/product\/combinaison-lux\/"]}]},{"@type":"ImageObject","inLanguage":"en-US","@id":"https:\/\/preprod.dressyourbody.fr\/en\/product\/combinaison-lux\/#primaryimage","url":"https:\/\/preprod.dressyourbody.fr\/wp-content\/uploads\/2022\/11\/combinaison-lux-denim-bleu-de-travail1.jpg","contentUrl":"https:\/\/preprod.dressyourbody.fr\/wp-content\/uploads\/2022\/11\/combinaison-lux-denim-bleu-de-travail1.jpg","width":500,"height":625,"caption":"Combinaison Lux en denim \"bleu de travail\" @amandinechadessolier"},{"@type":"BreadcrumbList","@id":"https:\/\/preprod.dressyourbody.fr\/en\/product\/combinaison-lux\/#breadcrumb","itemListElement":[{"@type":"ListItem","position":1,"name":"Accueil","item":"https:\/\/preprod.dressyourbody.fr\/en\/"},{"@type":"ListItem","position":2,"name":"LA BOUTIQUE","item":"https:\/\/preprod.dressyourbody.fr\/en\/?page_id=22934"},{"@type":"ListItem","position":3,"name":"Combinaison Lux"}]},{"@type":"WebSite","@id":"https:\/\/preprod.dressyourbody.fr\/#website","url":"https:\/\/preprod.dressyourbody.fr\/","name":"DressYourBody","description":"Patrons de couture","publisher":{"@id":"https:\/\/preprod.dressyourbody.fr\/#organization"},"potentialAction":[{"@type":"SearchAction","target":{"@type":"EntryPoint","urlTemplate":"https:\/\/preprod.dressyourbody.fr\/?s={search_term_string}"},"query-input":{"@type":"PropertyValueSpecification","valueRequired":true,"valueName":"search_term_string"}}],"inLanguage":"en-US"},{"@type":"Organization","@id":"https:\/\/preprod.dressyourbody.fr\/#organization","name":"DressYourBody.fr","url":"https:\/\/preprod.dressyourbody.fr\/","logo":{"@type":"ImageObject","inLanguage":"en-US","@id":"https:\/\/preprod.dressyourbody.fr\/#\/schema\/logo\/image\/","url":"https:\/\/preprod.dressyourbody.fr\/wp-content\/uploads\/2018\/07\/Logo-rond.png","contentUrl":"https:\/\/preprod.dressyourbody.fr\/wp-content\/uploads\/2018\/07\/Logo-rond.png","width":451,"height":449,"caption":"DressYourBody.fr"},"image":{"@id":"https:\/\/preprod.dressyourbody.fr\/#\/schema\/logo\/image\/"},"sameAs":["https:\/\/www.facebook.com\/dressyourbody.couture\/","https:\/\/www.instagram.com\/dressyourbody.couture\/","https:\/\/www.linkedin.com\/company\/11295981\/","https:\/\/www.pinterest.fr\/dressyourbody\/","https:\/\/www.youtube.com\/channel\/UCD9FR054rT1zUXmwxImG5vA?view_as=subscriber"]}]}},"_links":{"self":[{"href":"https:\/\/preprod.dressyourbody.fr\/en\/wp-json\/wp\/v2\/product\/33757","targetHints":{"allow":["GET"]}}],"collection":[{"href":"https:\/\/preprod.dressyourbody.fr\/en\/wp-json\/wp\/v2\/product"}],"about":[{"href":"https:\/\/preprod.dressyourbody.fr\/en\/wp-json\/wp\/v2\/types\/product"}],"replies":[{"embeddable":true,"href":"https:\/\/preprod.dressyourbody.fr\/en\/wp-json\/wp\/v2\/comments?post=33757"}],"wp:featuredmedia":[{"embeddable":true,"href":"https:\/\/preprod.dressyourbody.fr\/en\/wp-json\/wp\/v2\/media\/33763"}],"wp:attachment":[{"href":"https:\/\/preprod.dressyourbody.fr\/en\/wp-json\/wp\/v2\/media?parent=33757"}],"wp:term":[{"taxonomy":"product_brand","embeddable":true,"href":"https:\/\/preprod.dressyourbody.fr\/en\/wp-json\/wp\/v2\/product_brand?post=33757"},{"taxonomy":"product_cat","embeddable":true,"href":"https:\/\/preprod.dressyourbody.fr\/en\/wp-json\/wp\/v2\/product_cat?post=33757"},{"taxonomy":"product_tag","embeddable":true,"href":"https:\/\/preprod.dressyourbody.fr\/en\/wp-json\/wp\/v2\/product_tag?post=33757"}],"curies":[{"name":"wp","href":"https:\/\/api.w.org\/{rel}","templated":true}]}}