{"id":28581,"date":"2021-10-09T11:38:19","date_gmt":"2021-10-09T09:38:19","guid":{"rendered":"https:\/\/dressyourbody.fr\/?post_type=product&#038;p=28581"},"modified":"2025-09-15T08:53:58","modified_gmt":"2025-09-15T06:53:58","slug":"sac-banane-moonshine","status":"publish","type":"product","link":"https:\/\/preprod.dressyourbody.fr\/en\/product\/sac-banane-moonshine\/","title":{"rendered":"Sac banane Moonshine"},"content":{"rendered":"<p>Le<strong> sac banane Moonshine<\/strong> est <strong>LE sac banane XXL ultra tendance.<\/strong> Pour permettre \u00e0 tout le monde d&rsquo;en profiter, il est disponible en 2 tailles, pens\u00e9es pour une version adulte (taille XL) et une version enfant (taille L). Mais tout est possible et \u00e0 vous de choisir la taille qui vous convient.<\/p>\n<p><strong>Ultra tendance mais aussi ultra pratique! <\/strong>Oversize, c&rsquo;est le sac Mary Poppins dans lequel vous pourrez tout emporter, mais<strong> il est dot\u00e9 d&rsquo;une poche int\u00e9rieure avec un compartiment<\/strong> qui vous permettra de vous y retrouver!<\/p>\n<p>&nbsp;<\/p>\n<p>&nbsp;<\/p>\n<p><strong>D\u00c9TAIL DU PATRON:<\/strong><\/p>\n<ul>\n<li>Sac banane disponible en 2 tailles<\/li>\n<li>Sac doubl\u00e9<\/li>\n<li>Poche int\u00e9rieure avec 2 compartiments<\/li>\n<li>Ferm\u00e9 par une sangle r\u00e9glable<\/li>\n<\/ul>\n<p>&nbsp;<\/p>\n<p><strong>TAILLES :<\/strong> Le sac banane Moonshine existe en 2 tailles: L et XL. Les mesures donn\u00e9es dans le tableau ci-dessous peuvent vous aider \u00e0 choisir celle que vous voulez r\u00e9aliser en fonction du style que vous voulez lui donner:<\/p>\n<table style=\"height: 94px;\" width=\"352\">\n<tbody>\n<tr>\n<td width=\"230\">Tailles\/cm<\/td>\n<td width=\"175\">L (Enfant)<\/td>\n<td width=\"187\">XL (Adulte)<\/td>\n<\/tr>\n<tr>\n<td width=\"230\">Hauteur<\/td>\n<td>22<\/td>\n<td>27<\/td>\n<\/tr>\n<tr>\n<td width=\"230\">Longueur<\/td>\n<td>39<\/td>\n<td>48<\/td>\n<\/tr>\n<\/tbody>\n<\/table>\n<p>&nbsp;<\/p>\n<p><strong>TISSU: <\/strong>Toutes les mati\u00e8res sont possibles, avec un accessoire, pas de risque, \u00e0 vous de faire jouer votre imagination! La seule chose, si votre tissu ext\u00e9rieur est un tissu assez souple qui peut se d\u00e9former facilement, optez pour une doublure qui se tient bien et \u00e9vitera au sac banane de trop se d\u00e9former une fois rempli.<\/p>\n<p>Sur les versions en photo il a \u00e9t\u00e9 r\u00e9alis\u00e9e:<\/p>\n<ul>\n<li>En jacquard de chez <a href=\"https:\/\/atelierbrunette.com\/fr\/\" target=\"_blank\" rel=\"noopener noreferrer\">Atelier Brunette<\/a><\/li>\n<li>En gabardine de coton <a href=\"https:\/\/atelierbrunette.com\/fr\/\" target=\"_blank\" rel=\"noopener noreferrer\">Atelier Brunette<\/a><\/li>\n<li>En coton ray\u00e9.<\/li>\n<\/ul>\n<p>&nbsp;<\/p>\n<p><strong>DIFFICULT\u00c9 :<\/strong> Tous niveaux de couture<\/p>","protected":false},"excerpt":{"rendered":"<p>Le patron du sac banane oversize ultra tendance!<\/p>\n<p>Disponible en 2 tailles.<\/p>\n<p>Les bonnes adresses pour trouver vos <a href=\"https:\/\/preprod.dressyourbody.fr\/fr\/les-fermetures-a-glissieres\" target=\"_blank\" rel=\"noopener\">zips double curseurs, c&rsquo;est sur le blog<\/a>!<\/p>\n<p>&nbsp;<\/p>\n<p>&nbsp; <\/p>\n<div><a class=\"zoli-read-more-link\" href=\"https:\/\/preprod.dressyourbody.fr\/en\/product\/sac-banane-moonshine\/\">Read More<span class=\"lexus-icon-Icon_Next\"><\/span><\/a><\/div>","protected":false},"featured_media":36849,"comment_status":"open","ping_status":"closed","template":"","meta":{"_acf_changed":false},"product_brand":[],"product_cat":[1279,1255],"product_tag":[1194,637,651],"class_list":{"0":"post-28581","1":"product","2":"type-product","3":"status-publish","4":"has-post-thumbnail","6":"product_cat-accessoires","7":"product_cat-best-sellers","8":"product_tag-couture-facile","9":"product_tag-patron","10":"product_tag-top","11":"pa_difficulte-expert","12":"pa_formatpatron-patron-pdf-format-a4-a0","13":"pa_formatpatron-patronpochette","15":"first","16":"instock","17":"shipping-taxable","18":"purchasable","19":"product-type-variable"},"acf":[],"yoast_head":"<!-- This site is optimized with the Yoast SEO plugin v27.3 - https:\/\/yoast.com\/product\/yoast-seo-wordpress\/ -->\n<title>Sac banane Moonshine - DressYourBody<\/title>\n<meta name=\"description\" content=\"Le sac banane Moonshine XL est LE sac banane Oversize ultra tendance. Il est aussi ultra pratique avec sa poche int\u00e9rieure \u00e0 compartiment.\" \/>\n<meta name=\"robots\" content=\"index, follow, max-snippet:-1, max-image-preview:large, max-video-preview:-1\" \/>\n<link rel=\"canonical\" href=\"https:\/\/preprod.dressyourbody.fr\/en\/product\/sac-banane-moonshine\/\" \/>\n<meta property=\"og:locale\" content=\"en_US\" \/>\n<meta property=\"og:type\" content=\"article\" \/>\n<meta property=\"og:title\" content=\"Sac banane Moonshine - DressYourBody\" \/>\n<meta property=\"og:description\" content=\"Le sac banane Moonshine XL est LE sac banane Oversize ultra tendance. Il est aussi ultra pratique avec sa poche int\u00e9rieure \u00e0 compartiment.\" \/>\n<meta property=\"og:url\" content=\"https:\/\/preprod.dressyourbody.fr\/en\/product\/sac-banane-moonshine\/\" \/>\n<meta property=\"og:site_name\" content=\"Dressyourbody\" \/>\n<meta property=\"article:publisher\" content=\"https:\/\/www.facebook.com\/dressyourbody.couture\/\" \/>\n<meta property=\"article:modified_time\" content=\"2025-09-15T06:53:58+00:00\" \/>\n<meta property=\"og:image\" content=\"https:\/\/preprod.dressyourbody.fr\/wp-content\/uploads\/2021\/10\/sac-banane-mooshine-XXL-jacquard-walkie-talkie.jpg\" \/>\n\t<meta property=\"og:image:width\" content=\"500\" \/>\n\t<meta property=\"og:image:height\" content=\"625\" \/>\n\t<meta property=\"og:image:type\" content=\"image\/jpeg\" \/>\n<meta name=\"twitter:card\" content=\"summary_large_image\" \/>\n<meta name=\"twitter:label1\" content=\"Est. reading time\" \/>\n\t<meta name=\"twitter:data1\" content=\"2 minutes\" \/>\n<script type=\"application\/ld+json\" class=\"yoast-schema-graph\">{\"@context\":\"https:\\\/\\\/schema.org\",\"@graph\":[{\"@type\":\"WebPage\",\"@id\":\"https:\\\/\\\/preprod.dressyourbody.fr\\\/en\\\/product\\\/sac-banane-moonshine\\\/\",\"url\":\"https:\\\/\\\/preprod.dressyourbody.fr\\\/en\\\/product\\\/sac-banane-moonshine\\\/\",\"name\":\"Sac banane Moonshine - DressYourBody\",\"isPartOf\":{\"@id\":\"https:\\\/\\\/preprod.dressyourbody.fr\\\/#website\"},\"primaryImageOfPage\":{\"@id\":\"https:\\\/\\\/preprod.dressyourbody.fr\\\/en\\\/product\\\/sac-banane-moonshine\\\/#primaryimage\"},\"image\":{\"@id\":\"https:\\\/\\\/preprod.dressyourbody.fr\\\/en\\\/product\\\/sac-banane-moonshine\\\/#primaryimage\"},\"thumbnailUrl\":\"https:\\\/\\\/preprod.dressyourbody.fr\\\/wp-content\\\/uploads\\\/2021\\\/10\\\/sac-banane-mooshine-XXL-jacquard-walkie-talkie.jpg\",\"datePublished\":\"2021-10-09T09:38:19+00:00\",\"dateModified\":\"2025-09-15T06:53:58+00:00\",\"description\":\"Le sac banane Moonshine XL est LE sac banane Oversize ultra tendance. Il est aussi ultra pratique avec sa poche int\u00e9rieure \u00e0 compartiment.\",\"breadcrumb\":{\"@id\":\"https:\\\/\\\/preprod.dressyourbody.fr\\\/en\\\/product\\\/sac-banane-moonshine\\\/#breadcrumb\"},\"inLanguage\":\"en-US\",\"potentialAction\":[{\"@type\":\"ReadAction\",\"target\":[\"https:\\\/\\\/preprod.dressyourbody.fr\\\/en\\\/product\\\/sac-banane-moonshine\\\/\"]}]},{\"@type\":\"ImageObject\",\"inLanguage\":\"en-US\",\"@id\":\"https:\\\/\\\/preprod.dressyourbody.fr\\\/en\\\/product\\\/sac-banane-moonshine\\\/#primaryimage\",\"url\":\"https:\\\/\\\/preprod.dressyourbody.fr\\\/wp-content\\\/uploads\\\/2021\\\/10\\\/sac-banane-mooshine-XXL-jacquard-walkie-talkie.jpg\",\"contentUrl\":\"https:\\\/\\\/preprod.dressyourbody.fr\\\/wp-content\\\/uploads\\\/2021\\\/10\\\/sac-banane-mooshine-XXL-jacquard-walkie-talkie.jpg\",\"width\":500,\"height\":625,\"caption\":\"Sac banane Moonshine XXL en jacquard Walkie Talkie\"},{\"@type\":\"BreadcrumbList\",\"@id\":\"https:\\\/\\\/preprod.dressyourbody.fr\\\/en\\\/product\\\/sac-banane-moonshine\\\/#breadcrumb\",\"itemListElement\":[{\"@type\":\"ListItem\",\"position\":1,\"name\":\"Accueil\",\"item\":\"https:\\\/\\\/preprod.dressyourbody.fr\\\/en\\\/\"},{\"@type\":\"ListItem\",\"position\":2,\"name\":\"LA BOUTIQUE\",\"item\":\"https:\\\/\\\/preprod.dressyourbody.fr\\\/en\\\/?page_id=22934\"},{\"@type\":\"ListItem\",\"position\":3,\"name\":\"Sac banane Moonshine\"}]},{\"@type\":\"WebSite\",\"@id\":\"https:\\\/\\\/preprod.dressyourbody.fr\\\/#website\",\"url\":\"https:\\\/\\\/preprod.dressyourbody.fr\\\/\",\"name\":\"DressYourBody\",\"description\":\"Patrons de couture\",\"publisher\":{\"@id\":\"https:\\\/\\\/preprod.dressyourbody.fr\\\/#organization\"},\"potentialAction\":[{\"@type\":\"SearchAction\",\"target\":{\"@type\":\"EntryPoint\",\"urlTemplate\":\"https:\\\/\\\/preprod.dressyourbody.fr\\\/?s={search_term_string}\"},\"query-input\":{\"@type\":\"PropertyValueSpecification\",\"valueRequired\":true,\"valueName\":\"search_term_string\"}}],\"inLanguage\":\"en-US\"},{\"@type\":\"Organization\",\"@id\":\"https:\\\/\\\/preprod.dressyourbody.fr\\\/#organization\",\"name\":\"DressYourBody.fr\",\"url\":\"https:\\\/\\\/preprod.dressyourbody.fr\\\/\",\"logo\":{\"@type\":\"ImageObject\",\"inLanguage\":\"en-US\",\"@id\":\"https:\\\/\\\/preprod.dressyourbody.fr\\\/#\\\/schema\\\/logo\\\/image\\\/\",\"url\":\"https:\\\/\\\/preprod.dressyourbody.fr\\\/wp-content\\\/uploads\\\/2018\\\/07\\\/Logo-rond.png\",\"contentUrl\":\"https:\\\/\\\/preprod.dressyourbody.fr\\\/wp-content\\\/uploads\\\/2018\\\/07\\\/Logo-rond.png\",\"width\":451,\"height\":449,\"caption\":\"DressYourBody.fr\"},\"image\":{\"@id\":\"https:\\\/\\\/preprod.dressyourbody.fr\\\/#\\\/schema\\\/logo\\\/image\\\/\"},\"sameAs\":[\"https:\\\/\\\/www.facebook.com\\\/dressyourbody.couture\\\/\",\"https:\\\/\\\/www.instagram.com\\\/dressyourbody.couture\\\/\",\"https:\\\/\\\/www.linkedin.com\\\/company\\\/11295981\\\/\",\"https:\\\/\\\/www.pinterest.fr\\\/dressyourbody\\\/\",\"https:\\\/\\\/www.youtube.com\\\/channel\\\/UCD9FR054rT1zUXmwxImG5vA?view_as=subscriber\"]}]}<\/script>\n<!-- \/ Yoast SEO plugin. -->","yoast_head_json":{"title":"Sac banane Moonshine - DressYourBody","description":"Le sac banane Moonshine XL est LE sac banane Oversize ultra tendance. Il est aussi ultra pratique avec sa poche int\u00e9rieure \u00e0 compartiment.","robots":{"index":"index","follow":"follow","max-snippet":"max-snippet:-1","max-image-preview":"max-image-preview:large","max-video-preview":"max-video-preview:-1"},"canonical":"https:\/\/preprod.dressyourbody.fr\/en\/product\/sac-banane-moonshine\/","og_locale":"en_US","og_type":"article","og_title":"Sac banane Moonshine - DressYourBody","og_description":"Le sac banane Moonshine XL est LE sac banane Oversize ultra tendance. Il est aussi ultra pratique avec sa poche int\u00e9rieure \u00e0 compartiment.","og_url":"https:\/\/preprod.dressyourbody.fr\/en\/product\/sac-banane-moonshine\/","og_site_name":"Dressyourbody","article_publisher":"https:\/\/www.facebook.com\/dressyourbody.couture\/","article_modified_time":"2025-09-15T06:53:58+00:00","og_image":[{"width":500,"height":625,"url":"https:\/\/preprod.dressyourbody.fr\/wp-content\/uploads\/2021\/10\/sac-banane-mooshine-XXL-jacquard-walkie-talkie.jpg","type":"image\/jpeg"}],"twitter_card":"summary_large_image","twitter_misc":{"Est. reading time":"2 minutes"},"schema":{"@context":"https:\/\/schema.org","@graph":[{"@type":"WebPage","@id":"https:\/\/preprod.dressyourbody.fr\/en\/product\/sac-banane-moonshine\/","url":"https:\/\/preprod.dressyourbody.fr\/en\/product\/sac-banane-moonshine\/","name":"Sac banane Moonshine - DressYourBody","isPartOf":{"@id":"https:\/\/preprod.dressyourbody.fr\/#website"},"primaryImageOfPage":{"@id":"https:\/\/preprod.dressyourbody.fr\/en\/product\/sac-banane-moonshine\/#primaryimage"},"image":{"@id":"https:\/\/preprod.dressyourbody.fr\/en\/product\/sac-banane-moonshine\/#primaryimage"},"thumbnailUrl":"https:\/\/preprod.dressyourbody.fr\/wp-content\/uploads\/2021\/10\/sac-banane-mooshine-XXL-jacquard-walkie-talkie.jpg","datePublished":"2021-10-09T09:38:19+00:00","dateModified":"2025-09-15T06:53:58+00:00","description":"Le sac banane Moonshine XL est LE sac banane Oversize ultra tendance. Il est aussi ultra pratique avec sa poche int\u00e9rieure \u00e0 compartiment.","breadcrumb":{"@id":"https:\/\/preprod.dressyourbody.fr\/en\/product\/sac-banane-moonshine\/#breadcrumb"},"inLanguage":"en-US","potentialAction":[{"@type":"ReadAction","target":["https:\/\/preprod.dressyourbody.fr\/en\/product\/sac-banane-moonshine\/"]}]},{"@type":"ImageObject","inLanguage":"en-US","@id":"https:\/\/preprod.dressyourbody.fr\/en\/product\/sac-banane-moonshine\/#primaryimage","url":"https:\/\/preprod.dressyourbody.fr\/wp-content\/uploads\/2021\/10\/sac-banane-mooshine-XXL-jacquard-walkie-talkie.jpg","contentUrl":"https:\/\/preprod.dressyourbody.fr\/wp-content\/uploads\/2021\/10\/sac-banane-mooshine-XXL-jacquard-walkie-talkie.jpg","width":500,"height":625,"caption":"Sac banane Moonshine XXL en jacquard Walkie Talkie"},{"@type":"BreadcrumbList","@id":"https:\/\/preprod.dressyourbody.fr\/en\/product\/sac-banane-moonshine\/#breadcrumb","itemListElement":[{"@type":"ListItem","position":1,"name":"Accueil","item":"https:\/\/preprod.dressyourbody.fr\/en\/"},{"@type":"ListItem","position":2,"name":"LA BOUTIQUE","item":"https:\/\/preprod.dressyourbody.fr\/en\/?page_id=22934"},{"@type":"ListItem","position":3,"name":"Sac banane Moonshine"}]},{"@type":"WebSite","@id":"https:\/\/preprod.dressyourbody.fr\/#website","url":"https:\/\/preprod.dressyourbody.fr\/","name":"DressYourBody","description":"Patrons de couture","publisher":{"@id":"https:\/\/preprod.dressyourbody.fr\/#organization"},"potentialAction":[{"@type":"SearchAction","target":{"@type":"EntryPoint","urlTemplate":"https:\/\/preprod.dressyourbody.fr\/?s={search_term_string}"},"query-input":{"@type":"PropertyValueSpecification","valueRequired":true,"valueName":"search_term_string"}}],"inLanguage":"en-US"},{"@type":"Organization","@id":"https:\/\/preprod.dressyourbody.fr\/#organization","name":"DressYourBody.fr","url":"https:\/\/preprod.dressyourbody.fr\/","logo":{"@type":"ImageObject","inLanguage":"en-US","@id":"https:\/\/preprod.dressyourbody.fr\/#\/schema\/logo\/image\/","url":"https:\/\/preprod.dressyourbody.fr\/wp-content\/uploads\/2018\/07\/Logo-rond.png","contentUrl":"https:\/\/preprod.dressyourbody.fr\/wp-content\/uploads\/2018\/07\/Logo-rond.png","width":451,"height":449,"caption":"DressYourBody.fr"},"image":{"@id":"https:\/\/preprod.dressyourbody.fr\/#\/schema\/logo\/image\/"},"sameAs":["https:\/\/www.facebook.com\/dressyourbody.couture\/","https:\/\/www.instagram.com\/dressyourbody.couture\/","https:\/\/www.linkedin.com\/company\/11295981\/","https:\/\/www.pinterest.fr\/dressyourbody\/","https:\/\/www.youtube.com\/channel\/UCD9FR054rT1zUXmwxImG5vA?view_as=subscriber"]}]}},"_links":{"self":[{"href":"https:\/\/preprod.dressyourbody.fr\/en\/wp-json\/wp\/v2\/product\/28581","targetHints":{"allow":["GET"]}}],"collection":[{"href":"https:\/\/preprod.dressyourbody.fr\/en\/wp-json\/wp\/v2\/product"}],"about":[{"href":"https:\/\/preprod.dressyourbody.fr\/en\/wp-json\/wp\/v2\/types\/product"}],"replies":[{"embeddable":true,"href":"https:\/\/preprod.dressyourbody.fr\/en\/wp-json\/wp\/v2\/comments?post=28581"}],"wp:featuredmedia":[{"embeddable":true,"href":"https:\/\/preprod.dressyourbody.fr\/en\/wp-json\/wp\/v2\/media\/36849"}],"wp:attachment":[{"href":"https:\/\/preprod.dressyourbody.fr\/en\/wp-json\/wp\/v2\/media?parent=28581"}],"wp:term":[{"taxonomy":"product_brand","embeddable":true,"href":"https:\/\/preprod.dressyourbody.fr\/en\/wp-json\/wp\/v2\/product_brand?post=28581"},{"taxonomy":"product_cat","embeddable":true,"href":"https:\/\/preprod.dressyourbody.fr\/en\/wp-json\/wp\/v2\/product_cat?post=28581"},{"taxonomy":"product_tag","embeddable":true,"href":"https:\/\/preprod.dressyourbody.fr\/en\/wp-json\/wp\/v2\/product_tag?post=28581"}],"curies":[{"name":"wp","href":"https:\/\/api.w.org\/{rel}","templated":true}]}}