{"id":27888,"date":"2021-09-15T08:55:27","date_gmt":"2021-09-15T06:55:27","guid":{"rendered":"https:\/\/dressyourbody.fr\/?post_type=product&#038;p=27888"},"modified":"2026-01-24T18:27:23","modified_gmt":"2026-01-24T16:27:23","slug":"blouson-sonic","status":"publish","type":"product","link":"https:\/\/preprod.dressyourbody.fr\/en\/product\/blouson-sonic\/","title":{"rendered":"Blouson Sonic"},"content":{"rendered":"<p>Le blouson Sonic est un joli blouson pour la mi-saison dont l&rsquo;aisance vous permet d&rsquo;enfiler un petit pull l\u00e9ger en dessous.. Il peut \u00eatre r\u00e9alis\u00e9 <strong>ferm\u00e9 par un zip ou ferm\u00e9 par des boutons<\/strong>.\u00a0 Ses <strong>nombreuses surpiq\u00fbres, les fronces sur les manches et le devant<\/strong> en font une pi\u00e8ce originale, au <strong>look \u00e0 la fois sport et f\u00e9minin<\/strong>.<\/p>\n<p><strong>D\u00c9TAIL:<\/strong><\/p>\n<ul>\n<li>Peut \u00eatre r\u00e9alis\u00e9 en version zip ou version boutons<\/li>\n<li>Poches gilet<\/li>\n<li>Manches tailleur termin\u00e9es par un poignet haut. Fronces sur la t\u00eate de manche.<\/li>\n<li>Empi\u00e8cements devant et dos doubl\u00e9s. Il est conseill\u00e9 d&rsquo;utiliser un tissu doublure pour empi\u00e8cements int\u00e9rieurs afin d&rsquo;\u00e9viter les \u00e9paisseurs.<\/li>\n<li>Nombreuses surpiq\u00fbres<\/li>\n<li>Les marges de couture sont comprises et sont de 1cm<\/li>\n<\/ul>\n<p><strong>DIFFICULT\u00c9 :<\/strong> Niveau exp\u00e9riment\u00e9.<\/p>\n<p><strong>TAILLES :<\/strong> Planche de patrons allant de la taille 34 \u00e0 46 soit un tour de poitrine du 81 au 108 cm.\u00a0Vous pouvez \u00e9galement vous r\u00e9f\u00e9rer \u00e0 la <a href=\"#popmake-23087\">grille des tailles<\/a>.<\/p>\n<p><strong>TISSU: <\/strong>Pour r\u00e9aliser le blouson Sonic vous pouvez utiliser du denim, de la gabardine, du jacquard, du tweed \u2026<\/p>\n<p>Sur les versions en photo il a \u00e9t\u00e9 r\u00e9alis\u00e9e:<\/p>\n<ul>\n<li>En jacquard\u00a0 chez <a href=\"https:\/\/studiowalkietalkie.com\/\" target=\"_blank\" rel=\"noopener noreferrer\">Studio Walkie Talkie<\/a><\/li>\n<li>En gabardine de coton Chestnut <a href=\"https:\/\/atelierbrunette.com\/fr\/\" target=\"_blank\" rel=\"noopener noreferrer\">Atelier Brunette<\/a><\/li>\n<li>En gabardine de coton Tangerine <a href=\"https:\/\/atelierbrunette.com\/fr\/\" target=\"_blank\" rel=\"noopener noreferrer\">Atelier Brunette<\/a><\/li>\n<li>En coton Washed denim mist blue\u00a0<a href=\"https:\/\/mindthemaker.com\/\" target=\"_blank\" rel=\"noopener\">Mind the maker<\/a> achet\u00e9 chez <a href=\"https:\/\/www.mercerielelievreblanc.fr\/\" target=\"_blank\" rel=\"noopener noreferrer\">Le li\u00e8vre blanc<\/a><\/li>\n<\/ul>\n<p>&nbsp;<\/p>","protected":false},"excerpt":{"rendered":"<p>Le blouson Sonic est un joli blouson pour la mi-saison dont l&rsquo;aisance vous permet d&rsquo;enfiler un petit pull l\u00e9ger en dessous.. Il peut \u00eatre r\u00e9alis\u00e9 ferm\u00e9 par un zip ou ferm\u00e9 par des boutons.\u00a0 Ses nombreuses surpiq\u00fbres, les fronces sur les manches et le devant en font une pi\u00e8ce originale, au look \u00e0 la fois <\/p>\n<div><a class=\"zoli-read-more-link\" href=\"https:\/\/preprod.dressyourbody.fr\/en\/product\/blouson-sonic\/\">Read More<span class=\"lexus-icon-Icon_Next\"><\/span><\/a><\/div>","protected":false},"featured_media":27933,"comment_status":"open","ping_status":"closed","template":"","meta":{"_acf_changed":false},"product_brand":[],"product_cat":[1232],"product_tag":[1194,637,651],"class_list":{"0":"post-27888","1":"product","2":"type-product","3":"status-publish","4":"has-post-thumbnail","6":"product_cat-vestes-et-manteaux","7":"product_tag-couture-facile","8":"product_tag-patron","9":"product_tag-top","10":"pa_difficulte-expert","11":"pa_formatpatron-patron-pdf-format-a4-a0","12":"pa_formatpatron-patronpochette","14":"first","15":"instock","16":"shipping-taxable","17":"purchasable","18":"product-type-variable"},"acf":[],"yoast_head":"<!-- This site is optimized with the Yoast SEO plugin v27.4 - https:\/\/yoast.com\/product\/yoast-seo-wordpress\/ -->\n<title>Blouson Sonic - DressYourBody<\/title>\n<meta name=\"description\" content=\"Le blouson Sonic est un joli blouson dont les surpiq\u00fbres, les fronces sur les manches en font une pi\u00e8ce au look \u00e0 la fois sport et f\u00e9minin.\" \/>\n<meta name=\"robots\" content=\"index, follow, max-snippet:-1, max-image-preview:large, max-video-preview:-1\" \/>\n<link rel=\"canonical\" href=\"https:\/\/preprod.dressyourbody.fr\/en\/product\/blouson-sonic\/\" \/>\n<meta property=\"og:locale\" content=\"en_US\" \/>\n<meta property=\"og:type\" content=\"article\" \/>\n<meta property=\"og:title\" content=\"Blouson Sonic - DressYourBody\" \/>\n<meta property=\"og:description\" content=\"Le blouson Sonic est un joli blouson dont les surpiq\u00fbres, les fronces sur les manches en font une pi\u00e8ce au look \u00e0 la fois sport et f\u00e9minin.\" \/>\n<meta property=\"og:url\" content=\"https:\/\/preprod.dressyourbody.fr\/en\/product\/blouson-sonic\/\" \/>\n<meta property=\"og:site_name\" content=\"Dressyourbody\" \/>\n<meta property=\"article:publisher\" content=\"https:\/\/www.facebook.com\/dressyourbody.couture\/\" \/>\n<meta property=\"article:modified_time\" content=\"2026-01-24T16:27:23+00:00\" \/>\n<meta property=\"og:image\" content=\"https:\/\/preprod.dressyourbody.fr\/wp-content\/uploads\/2021\/09\/blouson-sonic.jpg\" \/>\n\t<meta property=\"og:image:width\" content=\"500\" \/>\n\t<meta property=\"og:image:height\" content=\"625\" \/>\n\t<meta property=\"og:image:type\" content=\"image\/jpeg\" \/>\n<meta name=\"twitter:card\" content=\"summary_large_image\" \/>\n<meta name=\"twitter:label1\" content=\"Est. reading time\" \/>\n\t<meta name=\"twitter:data1\" content=\"2 minutes\" \/>\n<script type=\"application\/ld+json\" class=\"yoast-schema-graph\">{\"@context\":\"https:\\\/\\\/schema.org\",\"@graph\":[{\"@type\":\"WebPage\",\"@id\":\"https:\\\/\\\/preprod.dressyourbody.fr\\\/en\\\/product\\\/blouson-sonic\\\/\",\"url\":\"https:\\\/\\\/preprod.dressyourbody.fr\\\/en\\\/product\\\/blouson-sonic\\\/\",\"name\":\"Blouson Sonic - DressYourBody\",\"isPartOf\":{\"@id\":\"https:\\\/\\\/preprod.dressyourbody.fr\\\/#website\"},\"primaryImageOfPage\":{\"@id\":\"https:\\\/\\\/preprod.dressyourbody.fr\\\/en\\\/product\\\/blouson-sonic\\\/#primaryimage\"},\"image\":{\"@id\":\"https:\\\/\\\/preprod.dressyourbody.fr\\\/en\\\/product\\\/blouson-sonic\\\/#primaryimage\"},\"thumbnailUrl\":\"https:\\\/\\\/preprod.dressyourbody.fr\\\/wp-content\\\/uploads\\\/2021\\\/09\\\/blouson-sonic.jpg\",\"datePublished\":\"2021-09-15T06:55:27+00:00\",\"dateModified\":\"2026-01-24T16:27:23+00:00\",\"description\":\"Le blouson Sonic est un joli blouson dont les surpiq\u00fbres, les fronces sur les manches en font une pi\u00e8ce au look \u00e0 la fois sport et f\u00e9minin.\",\"breadcrumb\":{\"@id\":\"https:\\\/\\\/preprod.dressyourbody.fr\\\/en\\\/product\\\/blouson-sonic\\\/#breadcrumb\"},\"inLanguage\":\"en-US\",\"potentialAction\":[{\"@type\":\"ReadAction\",\"target\":[\"https:\\\/\\\/preprod.dressyourbody.fr\\\/en\\\/product\\\/blouson-sonic\\\/\"]}]},{\"@type\":\"ImageObject\",\"inLanguage\":\"en-US\",\"@id\":\"https:\\\/\\\/preprod.dressyourbody.fr\\\/en\\\/product\\\/blouson-sonic\\\/#primaryimage\",\"url\":\"https:\\\/\\\/preprod.dressyourbody.fr\\\/wp-content\\\/uploads\\\/2021\\\/09\\\/blouson-sonic.jpg\",\"contentUrl\":\"https:\\\/\\\/preprod.dressyourbody.fr\\\/wp-content\\\/uploads\\\/2021\\\/09\\\/blouson-sonic.jpg\",\"width\":500,\"height\":625,\"caption\":\"Blouson Sonic en garbardine de coton Atelier Brunette\"},{\"@type\":\"BreadcrumbList\",\"@id\":\"https:\\\/\\\/preprod.dressyourbody.fr\\\/en\\\/product\\\/blouson-sonic\\\/#breadcrumb\",\"itemListElement\":[{\"@type\":\"ListItem\",\"position\":1,\"name\":\"Accueil\",\"item\":\"https:\\\/\\\/preprod.dressyourbody.fr\\\/en\\\/\"},{\"@type\":\"ListItem\",\"position\":2,\"name\":\"LA BOUTIQUE\",\"item\":\"https:\\\/\\\/preprod.dressyourbody.fr\\\/en\\\/?page_id=22934\"},{\"@type\":\"ListItem\",\"position\":3,\"name\":\"Blouson Sonic\"}]},{\"@type\":\"WebSite\",\"@id\":\"https:\\\/\\\/preprod.dressyourbody.fr\\\/#website\",\"url\":\"https:\\\/\\\/preprod.dressyourbody.fr\\\/\",\"name\":\"DressYourBody\",\"description\":\"Patrons de couture\",\"publisher\":{\"@id\":\"https:\\\/\\\/preprod.dressyourbody.fr\\\/#organization\"},\"potentialAction\":[{\"@type\":\"SearchAction\",\"target\":{\"@type\":\"EntryPoint\",\"urlTemplate\":\"https:\\\/\\\/preprod.dressyourbody.fr\\\/?s={search_term_string}\"},\"query-input\":{\"@type\":\"PropertyValueSpecification\",\"valueRequired\":true,\"valueName\":\"search_term_string\"}}],\"inLanguage\":\"en-US\"},{\"@type\":\"Organization\",\"@id\":\"https:\\\/\\\/preprod.dressyourbody.fr\\\/#organization\",\"name\":\"DressYourBody.fr\",\"url\":\"https:\\\/\\\/preprod.dressyourbody.fr\\\/\",\"logo\":{\"@type\":\"ImageObject\",\"inLanguage\":\"en-US\",\"@id\":\"https:\\\/\\\/preprod.dressyourbody.fr\\\/#\\\/schema\\\/logo\\\/image\\\/\",\"url\":\"https:\\\/\\\/preprod.dressyourbody.fr\\\/wp-content\\\/uploads\\\/2018\\\/07\\\/Logo-rond.png\",\"contentUrl\":\"https:\\\/\\\/preprod.dressyourbody.fr\\\/wp-content\\\/uploads\\\/2018\\\/07\\\/Logo-rond.png\",\"width\":451,\"height\":449,\"caption\":\"DressYourBody.fr\"},\"image\":{\"@id\":\"https:\\\/\\\/preprod.dressyourbody.fr\\\/#\\\/schema\\\/logo\\\/image\\\/\"},\"sameAs\":[\"https:\\\/\\\/www.facebook.com\\\/dressyourbody.couture\\\/\",\"https:\\\/\\\/www.instagram.com\\\/dressyourbody.couture\\\/\",\"https:\\\/\\\/www.linkedin.com\\\/company\\\/11295981\\\/\",\"https:\\\/\\\/www.pinterest.fr\\\/dressyourbody\\\/\",\"https:\\\/\\\/www.youtube.com\\\/channel\\\/UCD9FR054rT1zUXmwxImG5vA?view_as=subscriber\"]}]}<\/script>\n<!-- \/ Yoast SEO plugin. -->","yoast_head_json":{"title":"Blouson Sonic - DressYourBody","description":"Le blouson Sonic est un joli blouson dont les surpiq\u00fbres, les fronces sur les manches en font une pi\u00e8ce au look \u00e0 la fois sport et f\u00e9minin.","robots":{"index":"index","follow":"follow","max-snippet":"max-snippet:-1","max-image-preview":"max-image-preview:large","max-video-preview":"max-video-preview:-1"},"canonical":"https:\/\/preprod.dressyourbody.fr\/en\/product\/blouson-sonic\/","og_locale":"en_US","og_type":"article","og_title":"Blouson Sonic - DressYourBody","og_description":"Le blouson Sonic est un joli blouson dont les surpiq\u00fbres, les fronces sur les manches en font une pi\u00e8ce au look \u00e0 la fois sport et f\u00e9minin.","og_url":"https:\/\/preprod.dressyourbody.fr\/en\/product\/blouson-sonic\/","og_site_name":"Dressyourbody","article_publisher":"https:\/\/www.facebook.com\/dressyourbody.couture\/","article_modified_time":"2026-01-24T16:27:23+00:00","og_image":[{"width":500,"height":625,"url":"https:\/\/preprod.dressyourbody.fr\/wp-content\/uploads\/2021\/09\/blouson-sonic.jpg","type":"image\/jpeg"}],"twitter_card":"summary_large_image","twitter_misc":{"Est. reading time":"2 minutes"},"schema":{"@context":"https:\/\/schema.org","@graph":[{"@type":"WebPage","@id":"https:\/\/preprod.dressyourbody.fr\/en\/product\/blouson-sonic\/","url":"https:\/\/preprod.dressyourbody.fr\/en\/product\/blouson-sonic\/","name":"Blouson Sonic - DressYourBody","isPartOf":{"@id":"https:\/\/preprod.dressyourbody.fr\/#website"},"primaryImageOfPage":{"@id":"https:\/\/preprod.dressyourbody.fr\/en\/product\/blouson-sonic\/#primaryimage"},"image":{"@id":"https:\/\/preprod.dressyourbody.fr\/en\/product\/blouson-sonic\/#primaryimage"},"thumbnailUrl":"https:\/\/preprod.dressyourbody.fr\/wp-content\/uploads\/2021\/09\/blouson-sonic.jpg","datePublished":"2021-09-15T06:55:27+00:00","dateModified":"2026-01-24T16:27:23+00:00","description":"Le blouson Sonic est un joli blouson dont les surpiq\u00fbres, les fronces sur les manches en font une pi\u00e8ce au look \u00e0 la fois sport et f\u00e9minin.","breadcrumb":{"@id":"https:\/\/preprod.dressyourbody.fr\/en\/product\/blouson-sonic\/#breadcrumb"},"inLanguage":"en-US","potentialAction":[{"@type":"ReadAction","target":["https:\/\/preprod.dressyourbody.fr\/en\/product\/blouson-sonic\/"]}]},{"@type":"ImageObject","inLanguage":"en-US","@id":"https:\/\/preprod.dressyourbody.fr\/en\/product\/blouson-sonic\/#primaryimage","url":"https:\/\/preprod.dressyourbody.fr\/wp-content\/uploads\/2021\/09\/blouson-sonic.jpg","contentUrl":"https:\/\/preprod.dressyourbody.fr\/wp-content\/uploads\/2021\/09\/blouson-sonic.jpg","width":500,"height":625,"caption":"Blouson Sonic en garbardine de coton Atelier Brunette"},{"@type":"BreadcrumbList","@id":"https:\/\/preprod.dressyourbody.fr\/en\/product\/blouson-sonic\/#breadcrumb","itemListElement":[{"@type":"ListItem","position":1,"name":"Accueil","item":"https:\/\/preprod.dressyourbody.fr\/en\/"},{"@type":"ListItem","position":2,"name":"LA BOUTIQUE","item":"https:\/\/preprod.dressyourbody.fr\/en\/?page_id=22934"},{"@type":"ListItem","position":3,"name":"Blouson Sonic"}]},{"@type":"WebSite","@id":"https:\/\/preprod.dressyourbody.fr\/#website","url":"https:\/\/preprod.dressyourbody.fr\/","name":"DressYourBody","description":"Patrons de couture","publisher":{"@id":"https:\/\/preprod.dressyourbody.fr\/#organization"},"potentialAction":[{"@type":"SearchAction","target":{"@type":"EntryPoint","urlTemplate":"https:\/\/preprod.dressyourbody.fr\/?s={search_term_string}"},"query-input":{"@type":"PropertyValueSpecification","valueRequired":true,"valueName":"search_term_string"}}],"inLanguage":"en-US"},{"@type":"Organization","@id":"https:\/\/preprod.dressyourbody.fr\/#organization","name":"DressYourBody.fr","url":"https:\/\/preprod.dressyourbody.fr\/","logo":{"@type":"ImageObject","inLanguage":"en-US","@id":"https:\/\/preprod.dressyourbody.fr\/#\/schema\/logo\/image\/","url":"https:\/\/preprod.dressyourbody.fr\/wp-content\/uploads\/2018\/07\/Logo-rond.png","contentUrl":"https:\/\/preprod.dressyourbody.fr\/wp-content\/uploads\/2018\/07\/Logo-rond.png","width":451,"height":449,"caption":"DressYourBody.fr"},"image":{"@id":"https:\/\/preprod.dressyourbody.fr\/#\/schema\/logo\/image\/"},"sameAs":["https:\/\/www.facebook.com\/dressyourbody.couture\/","https:\/\/www.instagram.com\/dressyourbody.couture\/","https:\/\/www.linkedin.com\/company\/11295981\/","https:\/\/www.pinterest.fr\/dressyourbody\/","https:\/\/www.youtube.com\/channel\/UCD9FR054rT1zUXmwxImG5vA?view_as=subscriber"]}]}},"_links":{"self":[{"href":"https:\/\/preprod.dressyourbody.fr\/en\/wp-json\/wp\/v2\/product\/27888","targetHints":{"allow":["GET"]}}],"collection":[{"href":"https:\/\/preprod.dressyourbody.fr\/en\/wp-json\/wp\/v2\/product"}],"about":[{"href":"https:\/\/preprod.dressyourbody.fr\/en\/wp-json\/wp\/v2\/types\/product"}],"replies":[{"embeddable":true,"href":"https:\/\/preprod.dressyourbody.fr\/en\/wp-json\/wp\/v2\/comments?post=27888"}],"wp:featuredmedia":[{"embeddable":true,"href":"https:\/\/preprod.dressyourbody.fr\/en\/wp-json\/wp\/v2\/media\/27933"}],"wp:attachment":[{"href":"https:\/\/preprod.dressyourbody.fr\/en\/wp-json\/wp\/v2\/media?parent=27888"}],"wp:term":[{"taxonomy":"product_brand","embeddable":true,"href":"https:\/\/preprod.dressyourbody.fr\/en\/wp-json\/wp\/v2\/product_brand?post=27888"},{"taxonomy":"product_cat","embeddable":true,"href":"https:\/\/preprod.dressyourbody.fr\/en\/wp-json\/wp\/v2\/product_cat?post=27888"},{"taxonomy":"product_tag","embeddable":true,"href":"https:\/\/preprod.dressyourbody.fr\/en\/wp-json\/wp\/v2\/product_tag?post=27888"}],"curies":[{"name":"wp","href":"https:\/\/api.w.org\/{rel}","templated":true}]}}