{"id":26335,"date":"2021-05-08T18:41:37","date_gmt":"2021-05-08T16:41:37","guid":{"rendered":"https:\/\/dressyourbody.fr\/?post_type=product&#038;p=26335"},"modified":"2025-09-15T08:57:51","modified_gmt":"2025-09-15T06:57:51","slug":"top-elo","status":"publish","type":"product","link":"https:\/\/preprod.dressyourbody.fr\/en\/product\/top-elo\/","title":{"rendered":"Top Elo"},"content":{"rendered":"<p>Le top Elo, aussi sympa en maille qu&rsquo;en cha\u00eene et trame, est une couture 100% plaisir! Facile et rapide \u00e0 r\u00e9aliser, il se porte \u00e0 toutes les occasions. Dans un voile l\u00e9ger pour une tenue de plage, en dentelle noire pour un look plus sophistiqu\u00e9 &#8230; \u00e0 vous de voir. Dans tous les cas ce sera le petit top de l&rsquo;\u00e9t\u00e9 \u00e0 emporter partout dans sa valise!<\/p>\n<p><strong>TAILLES :<\/strong> Planche de patrons allant de la taille 34 \u00e0 50 soit un tour de poitrine du 81 au 116 cm. Vous pouvez \u00e9galement vous r\u00e9f\u00e9rer \u00e0 la <a href=\"#popmake-23087\">grille des tailles<\/a>.<\/p>\n<p><strong>TISSU: <\/strong>Vous pouvez r\u00e9aliser le top Elo aussi bien en tissu cha\u00eene et trame (tiss\u00e9) qu\u2019en tissu maille. Le top sera parfait dans des tissus l\u00e9gers comme de la viscose, du lin, un voile de coton, en jersey l\u00e9ger \u2026<\/p>\n<p>Sur les versions en photo il a \u00e9t\u00e9 r\u00e9alis\u00e9e:<\/p>\n<ul>\n<li>En dentelle r\u00e9sille blanche de chez <a href=\"https:\/\/www.lapetiteboiteacoupons.com\/\" target=\"_blank\" rel=\"noopener noreferrer\">La petite bo\u00eete \u00e0 coupons<\/a><\/li>\n<li>En dentelle fleurs croisillon de chez <a href=\"https:\/\/www.lapetiteboiteacoupons.com\/\" target=\"_blank\" rel=\"noopener noreferrer\">La petite bo\u00eete \u00e0 coupons<\/a><\/li>\n<li><label class=\"label\">En viscose python bleu de chez\u00a0 <\/label><a href=\"https:\/\/www.lapetiteboiteacoupons.com\/\" target=\"_blank\" rel=\"noopener noreferrer\">La petite bo\u00eete \u00e0 coupons\u00a0<\/a><\/li>\n<li>En maille broderie anglaise kaki, rose poudr\u00e9 et bois de rose\u00a0<label class=\"label\">de chez <\/label><a href=\"https:\/\/www.lapetiteboiteacoupons.com\/\" target=\"_blank\" rel=\"noopener noreferrer\">La petite bo\u00eete \u00e0 coupons<\/a><\/li>\n<\/ul>\n<p><strong>DIFFICULT\u00c9 :<\/strong> Tous niveaux de couture<\/p>\n<p><strong>D\u00c9TAIL:<\/strong><\/p>\n<ul>\n<li>Top \u00e0 r\u00e9aliser en maille ou en cha\u00eene et trame<\/li>\n<li>En maille, le top est fini par une encolure style T-shirt<\/li>\n<li>En cha\u00eene et trame, l&rsquo;encolure est finie par un biais<\/li>\n<li>Surpiq\u00fbre verticale optionnelle pour fermer ou non le top sous le bras<\/li>\n<li>Les marges de couture sont comprises et sont de 7mm<\/li>\n<\/ul>\n<p>&nbsp;<\/p>\n<p><strong>MESURES DU V\u00caTEMENT FINI: <\/strong> les mesures donn\u00e9es dans le tableau ci-dessous peuvent \u00e9galement vous aider \u00e0 choisir votre taille selon que vous aimez porter vos v\u00eatements plut\u00f4t ajust\u00e9s ou au contraire un peu loose:<\/p>\n<table style=\"width: 94.135%; border-collapse: collapse; height: 89px;\">\n<tbody>\n<tr style=\"height: 24px;\">\n<td style=\"width: 18.5651%; height: 31px;\" width=\"286\"><strong>Tailles<\/strong><\/td>\n<td style=\"width: 8.93765%; height: 31px;\" width=\"93\"><strong>T34<\/strong><\/td>\n<td style=\"width: 8.9812%; height: 31px;\" width=\"93\"><strong>T36<\/strong><\/td>\n<td style=\"width: 9.15724%; height: 31px;\" width=\"93\"><strong>T38<\/strong><\/td>\n<td style=\"width: 8.75642%; height: 31px;\" width=\"93\"><strong>T40<\/strong><\/td>\n<td style=\"width: 9.10798%; height: 31px;\" width=\"93\"><strong>T42<\/strong><\/td>\n<td style=\"width: 8.77698%; height: 31px;\" width=\"93\"><strong>T44<\/strong><\/td>\n<td style=\"width: 9.38936%; height: 31px;\" width=\"93\"><strong>T46<\/strong><\/td>\n<td style=\"width: 9.21132%; height: 31px;\"><strong>T48<\/strong><\/td>\n<td style=\"width: 26.1474%; height: 31px;\"><strong>T50<\/strong><\/td>\n<\/tr>\n<tr style=\"height: 24px;\">\n<td style=\"width: 18.5651%; height: 30px;\">Tour de poitrine (cm)<\/td>\n<td style=\"width: 8.93765%;\" width=\"86\">135<\/td>\n<td style=\"width: 8.9812%;\" width=\"83\">138<\/td>\n<td style=\"width: 9.15724%;\" width=\"84\">141<\/td>\n<td style=\"width: 8.75642%;\" width=\"86\">144<\/td>\n<td style=\"width: 9.10798%;\" width=\"86\">147<\/td>\n<td style=\"width: 8.77698%;\" width=\"83\">150<\/td>\n<td style=\"width: 9.38936%;\" width=\"86\">153<\/td>\n<td style=\"width: 9.21132%;\" width=\"85\">156<\/td>\n<td style=\"width: 26.1474%;\" width=\"80\">159<\/td>\n<\/tr>\n<tr style=\"height: 28px;\">\n<td style=\"width: 18.5651%; height: 28px;\">Tour de taille (cm)<\/td>\n<td style=\"width: 8.93765%;\" width=\"86\">121<\/td>\n<td style=\"width: 8.9812%;\" width=\"83\">125<\/td>\n<td style=\"width: 9.15724%;\" width=\"84\">129<\/td>\n<td style=\"width: 8.75642%;\" width=\"86\">133<\/td>\n<td style=\"width: 9.10798%;\" width=\"86\">137<\/td>\n<td style=\"width: 8.77698%;\" width=\"83\">141<\/td>\n<td style=\"width: 9.38936%;\" width=\"86\">145<\/td>\n<td style=\"width: 9.21132%;\" width=\"85\">149<\/td>\n<td style=\"width: 26.1474%;\" width=\"80\">153<\/td>\n<\/tr>\n<\/tbody>\n<\/table>\n<p>&nbsp;<\/p>\n<p><strong>HAUTEUR MILIEU DOS: c&rsquo;est un bon indicateur pour savoir si vous devez allonger ou raccourcir un patron<\/strong>. Comparez la hauteur milieu dos donn\u00e9e dans le tableau ci-dessous et comparez avec un v\u00eatement qui vous plait:<\/p>\n<table style=\"width: 94.135%; border-collapse: collapse; height: 72px;\">\n<tbody>\n<tr style=\"height: 24px;\">\n<td style=\"width: 18.5651%; height: 24px;\" width=\"286\"><strong>Tailles<\/strong><\/td>\n<td style=\"width: 8.93765%; height: 24px;\" width=\"93\"><strong>T34<\/strong><\/td>\n<td style=\"width: 8.9812%; height: 24px;\" width=\"93\"><strong>T36<\/strong><\/td>\n<td style=\"width: 9.15724%; height: 24px;\" width=\"93\"><strong>T38<\/strong><\/td>\n<td style=\"width: 8.75642%; height: 24px;\" width=\"93\"><strong>T40<\/strong><\/td>\n<td style=\"width: 9.10798%; height: 24px;\" width=\"93\"><strong>T42<\/strong><\/td>\n<td style=\"width: 8.77698%; height: 24px;\" width=\"93\"><strong>T44<\/strong><\/td>\n<td style=\"width: 9.38936%; height: 24px;\" width=\"93\"><strong>T46<\/strong><\/td>\n<td style=\"width: 9.21132%;\"><strong>T48<\/strong><\/td>\n<td style=\"width: 26.1474%;\"><strong>T50<\/strong><\/td>\n<\/tr>\n<tr style=\"height: 24px;\">\n<td style=\"width: 18.5651%; height: 24px;\" width=\"286\"><strong>\u00a0Hauteur milieu dos (cm)<\/strong><\/td>\n<td style=\"width: 8.93765%; height: 24px;\" width=\"93\">63<\/td>\n<td style=\"width: 8.9812%; height: 24px;\" width=\"93\">63<\/td>\n<td style=\"width: 9.15724%; height: 24px;\" width=\"93\">63.5<\/td>\n<td style=\"width: 8.75642%; height: 24px;\" width=\"93\">63.5<\/td>\n<td style=\"width: 9.10798%; height: 24px;\" width=\"93\">64<\/td>\n<td style=\"width: 8.77698%; height: 24px;\" width=\"93\">64<\/td>\n<td style=\"width: 9.38936%; height: 24px;\" width=\"93\">64.5<\/td>\n<td style=\"width: 9.21132%;\">64.5<\/td>\n<td style=\"width: 26.1474%;\">65<\/td>\n<\/tr>\n<\/tbody>\n<\/table>\n<p>&nbsp;<\/p>\n<p>&nbsp;<\/p>","protected":false},"excerpt":{"rendered":"<p>Le top Elo, aussi sympa en maille qu&rsquo;en cha\u00eene et trame, est une couture 100% plaisir! Facile et rapide \u00e0 r\u00e9aliser, il se porte \u00e0 toutes les occasions. Dans un voile l\u00e9ger pour une tenue de plage, en dentelle noire pour un look plus sophistiqu\u00e9 &#8230; \u00e0 vous de voir. Dans tous les cas ce <\/p>\n<div><a class=\"zoli-read-more-link\" href=\"https:\/\/preprod.dressyourbody.fr\/en\/product\/top-elo\/\">Read More<span class=\"lexus-icon-Icon_Next\"><\/span><\/a><\/div>","protected":false},"featured_media":26353,"comment_status":"open","ping_status":"closed","template":"","meta":{"_acf_changed":false},"product_brand":[1278],"product_cat":[1234],"product_tag":[1194,637,651],"class_list":{"0":"post-26335","1":"product","2":"type-product","3":"status-publish","4":"has-post-thumbnail","6":"product_brand-dressyourbody","7":"product_cat-tops","8":"product_tag-couture-facile","9":"product_tag-patron","10":"product_tag-top","11":"pa_difficulte-expert","12":"pa_formatpatron-patron-pdf-format-a4-a0","13":"pa_formatpatron-patronpochette","15":"first","16":"instock","17":"shipping-taxable","18":"purchasable","19":"product-type-variable"},"acf":[],"yoast_head":"<!-- This site is optimized with the Yoast SEO plugin v27.3 - https:\/\/yoast.com\/product\/yoast-seo-wordpress\/ -->\n<title>Top Elo - DressYourBody<\/title>\n<meta name=\"description\" content=\"Le top Elo, aussi sympa en maille qu&#039;en cha\u00eene et trame, est une couture 100% plaisir! Rapide \u00e0 r\u00e9aliser, il se porte \u00e0 toutes les occasions!\" \/>\n<meta name=\"robots\" content=\"index, follow, max-snippet:-1, max-image-preview:large, max-video-preview:-1\" \/>\n<link rel=\"canonical\" href=\"https:\/\/preprod.dressyourbody.fr\/en\/product\/top-elo\/\" \/>\n<meta property=\"og:locale\" content=\"en_US\" \/>\n<meta property=\"og:type\" content=\"article\" \/>\n<meta property=\"og:title\" content=\"Top Elo - DressYourBody\" \/>\n<meta property=\"og:description\" content=\"Le top Elo, aussi sympa en maille qu&#039;en cha\u00eene et trame, est une couture 100% plaisir! Rapide \u00e0 r\u00e9aliser, il se porte \u00e0 toutes les occasions!\" \/>\n<meta property=\"og:url\" content=\"https:\/\/preprod.dressyourbody.fr\/en\/product\/top-elo\/\" \/>\n<meta property=\"og:site_name\" content=\"Dressyourbody\" \/>\n<meta property=\"article:publisher\" content=\"https:\/\/www.facebook.com\/dressyourbody.couture\/\" \/>\n<meta property=\"article:modified_time\" content=\"2025-09-15T06:57:51+00:00\" \/>\n<meta property=\"og:image\" content=\"https:\/\/preprod.dressyourbody.fr\/wp-content\/uploads\/2021\/05\/Robe-Sally-dentelle-resille-web2-scaled.jpg\" \/>\n\t<meta property=\"og:image:width\" content=\"1280\" \/>\n\t<meta property=\"og:image:height\" content=\"1600\" \/>\n\t<meta property=\"og:image:type\" content=\"image\/jpeg\" \/>\n<meta name=\"twitter:card\" content=\"summary_large_image\" \/>\n<meta name=\"twitter:label1\" content=\"Est. reading time\" \/>\n\t<meta name=\"twitter:data1\" content=\"2 minutes\" \/>\n<script type=\"application\/ld+json\" class=\"yoast-schema-graph\">{\"@context\":\"https:\\\/\\\/schema.org\",\"@graph\":[{\"@type\":\"WebPage\",\"@id\":\"https:\\\/\\\/preprod.dressyourbody.fr\\\/en\\\/product\\\/top-elo\\\/\",\"url\":\"https:\\\/\\\/preprod.dressyourbody.fr\\\/en\\\/product\\\/top-elo\\\/\",\"name\":\"Top Elo - DressYourBody\",\"isPartOf\":{\"@id\":\"https:\\\/\\\/preprod.dressyourbody.fr\\\/#website\"},\"primaryImageOfPage\":{\"@id\":\"https:\\\/\\\/preprod.dressyourbody.fr\\\/en\\\/product\\\/top-elo\\\/#primaryimage\"},\"image\":{\"@id\":\"https:\\\/\\\/preprod.dressyourbody.fr\\\/en\\\/product\\\/top-elo\\\/#primaryimage\"},\"thumbnailUrl\":\"https:\\\/\\\/preprod.dressyourbody.fr\\\/wp-content\\\/uploads\\\/2021\\\/05\\\/Robe-Sally-dentelle-resille-web2-scaled.jpg\",\"datePublished\":\"2021-05-08T16:41:37+00:00\",\"dateModified\":\"2025-09-15T06:57:51+00:00\",\"description\":\"Le top Elo, aussi sympa en maille qu'en cha\u00eene et trame, est une couture 100% plaisir! Rapide \u00e0 r\u00e9aliser, il se porte \u00e0 toutes les occasions!\",\"breadcrumb\":{\"@id\":\"https:\\\/\\\/preprod.dressyourbody.fr\\\/en\\\/product\\\/top-elo\\\/#breadcrumb\"},\"inLanguage\":\"en-US\",\"potentialAction\":[{\"@type\":\"ReadAction\",\"target\":[\"https:\\\/\\\/preprod.dressyourbody.fr\\\/en\\\/product\\\/top-elo\\\/\"]}]},{\"@type\":\"ImageObject\",\"inLanguage\":\"en-US\",\"@id\":\"https:\\\/\\\/preprod.dressyourbody.fr\\\/en\\\/product\\\/top-elo\\\/#primaryimage\",\"url\":\"https:\\\/\\\/preprod.dressyourbody.fr\\\/wp-content\\\/uploads\\\/2021\\\/05\\\/Robe-Sally-dentelle-resille-web2-scaled.jpg\",\"contentUrl\":\"https:\\\/\\\/preprod.dressyourbody.fr\\\/wp-content\\\/uploads\\\/2021\\\/05\\\/Robe-Sally-dentelle-resille-web2-scaled.jpg\",\"width\":1280,\"height\":1600,\"caption\":\"Top Elo\"},{\"@type\":\"BreadcrumbList\",\"@id\":\"https:\\\/\\\/preprod.dressyourbody.fr\\\/en\\\/product\\\/top-elo\\\/#breadcrumb\",\"itemListElement\":[{\"@type\":\"ListItem\",\"position\":1,\"name\":\"Accueil\",\"item\":\"https:\\\/\\\/preprod.dressyourbody.fr\\\/en\\\/\"},{\"@type\":\"ListItem\",\"position\":2,\"name\":\"LA BOUTIQUE\",\"item\":\"https:\\\/\\\/preprod.dressyourbody.fr\\\/en\\\/?page_id=22934\"},{\"@type\":\"ListItem\",\"position\":3,\"name\":\"Top Elo\"}]},{\"@type\":\"WebSite\",\"@id\":\"https:\\\/\\\/preprod.dressyourbody.fr\\\/#website\",\"url\":\"https:\\\/\\\/preprod.dressyourbody.fr\\\/\",\"name\":\"DressYourBody\",\"description\":\"Patrons de couture\",\"publisher\":{\"@id\":\"https:\\\/\\\/preprod.dressyourbody.fr\\\/#organization\"},\"potentialAction\":[{\"@type\":\"SearchAction\",\"target\":{\"@type\":\"EntryPoint\",\"urlTemplate\":\"https:\\\/\\\/preprod.dressyourbody.fr\\\/?s={search_term_string}\"},\"query-input\":{\"@type\":\"PropertyValueSpecification\",\"valueRequired\":true,\"valueName\":\"search_term_string\"}}],\"inLanguage\":\"en-US\"},{\"@type\":\"Organization\",\"@id\":\"https:\\\/\\\/preprod.dressyourbody.fr\\\/#organization\",\"name\":\"DressYourBody.fr\",\"url\":\"https:\\\/\\\/preprod.dressyourbody.fr\\\/\",\"logo\":{\"@type\":\"ImageObject\",\"inLanguage\":\"en-US\",\"@id\":\"https:\\\/\\\/preprod.dressyourbody.fr\\\/#\\\/schema\\\/logo\\\/image\\\/\",\"url\":\"https:\\\/\\\/preprod.dressyourbody.fr\\\/wp-content\\\/uploads\\\/2018\\\/07\\\/Logo-rond.png\",\"contentUrl\":\"https:\\\/\\\/preprod.dressyourbody.fr\\\/wp-content\\\/uploads\\\/2018\\\/07\\\/Logo-rond.png\",\"width\":451,\"height\":449,\"caption\":\"DressYourBody.fr\"},\"image\":{\"@id\":\"https:\\\/\\\/preprod.dressyourbody.fr\\\/#\\\/schema\\\/logo\\\/image\\\/\"},\"sameAs\":[\"https:\\\/\\\/www.facebook.com\\\/dressyourbody.couture\\\/\",\"https:\\\/\\\/www.instagram.com\\\/dressyourbody.couture\\\/\",\"https:\\\/\\\/www.linkedin.com\\\/company\\\/11295981\\\/\",\"https:\\\/\\\/www.pinterest.fr\\\/dressyourbody\\\/\",\"https:\\\/\\\/www.youtube.com\\\/channel\\\/UCD9FR054rT1zUXmwxImG5vA?view_as=subscriber\"]}]}<\/script>\n<!-- \/ Yoast SEO plugin. -->","yoast_head_json":{"title":"Top Elo - DressYourBody","description":"Le top Elo, aussi sympa en maille qu'en cha\u00eene et trame, est une couture 100% plaisir! Rapide \u00e0 r\u00e9aliser, il se porte \u00e0 toutes les occasions!","robots":{"index":"index","follow":"follow","max-snippet":"max-snippet:-1","max-image-preview":"max-image-preview:large","max-video-preview":"max-video-preview:-1"},"canonical":"https:\/\/preprod.dressyourbody.fr\/en\/product\/top-elo\/","og_locale":"en_US","og_type":"article","og_title":"Top Elo - DressYourBody","og_description":"Le top Elo, aussi sympa en maille qu'en cha\u00eene et trame, est une couture 100% plaisir! Rapide \u00e0 r\u00e9aliser, il se porte \u00e0 toutes les occasions!","og_url":"https:\/\/preprod.dressyourbody.fr\/en\/product\/top-elo\/","og_site_name":"Dressyourbody","article_publisher":"https:\/\/www.facebook.com\/dressyourbody.couture\/","article_modified_time":"2025-09-15T06:57:51+00:00","og_image":[{"width":1280,"height":1600,"url":"https:\/\/preprod.dressyourbody.fr\/wp-content\/uploads\/2021\/05\/Robe-Sally-dentelle-resille-web2-scaled.jpg","type":"image\/jpeg"}],"twitter_card":"summary_large_image","twitter_misc":{"Est. reading time":"2 minutes"},"schema":{"@context":"https:\/\/schema.org","@graph":[{"@type":"WebPage","@id":"https:\/\/preprod.dressyourbody.fr\/en\/product\/top-elo\/","url":"https:\/\/preprod.dressyourbody.fr\/en\/product\/top-elo\/","name":"Top Elo - DressYourBody","isPartOf":{"@id":"https:\/\/preprod.dressyourbody.fr\/#website"},"primaryImageOfPage":{"@id":"https:\/\/preprod.dressyourbody.fr\/en\/product\/top-elo\/#primaryimage"},"image":{"@id":"https:\/\/preprod.dressyourbody.fr\/en\/product\/top-elo\/#primaryimage"},"thumbnailUrl":"https:\/\/preprod.dressyourbody.fr\/wp-content\/uploads\/2021\/05\/Robe-Sally-dentelle-resille-web2-scaled.jpg","datePublished":"2021-05-08T16:41:37+00:00","dateModified":"2025-09-15T06:57:51+00:00","description":"Le top Elo, aussi sympa en maille qu'en cha\u00eene et trame, est une couture 100% plaisir! Rapide \u00e0 r\u00e9aliser, il se porte \u00e0 toutes les occasions!","breadcrumb":{"@id":"https:\/\/preprod.dressyourbody.fr\/en\/product\/top-elo\/#breadcrumb"},"inLanguage":"en-US","potentialAction":[{"@type":"ReadAction","target":["https:\/\/preprod.dressyourbody.fr\/en\/product\/top-elo\/"]}]},{"@type":"ImageObject","inLanguage":"en-US","@id":"https:\/\/preprod.dressyourbody.fr\/en\/product\/top-elo\/#primaryimage","url":"https:\/\/preprod.dressyourbody.fr\/wp-content\/uploads\/2021\/05\/Robe-Sally-dentelle-resille-web2-scaled.jpg","contentUrl":"https:\/\/preprod.dressyourbody.fr\/wp-content\/uploads\/2021\/05\/Robe-Sally-dentelle-resille-web2-scaled.jpg","width":1280,"height":1600,"caption":"Top Elo"},{"@type":"BreadcrumbList","@id":"https:\/\/preprod.dressyourbody.fr\/en\/product\/top-elo\/#breadcrumb","itemListElement":[{"@type":"ListItem","position":1,"name":"Accueil","item":"https:\/\/preprod.dressyourbody.fr\/en\/"},{"@type":"ListItem","position":2,"name":"LA BOUTIQUE","item":"https:\/\/preprod.dressyourbody.fr\/en\/?page_id=22934"},{"@type":"ListItem","position":3,"name":"Top Elo"}]},{"@type":"WebSite","@id":"https:\/\/preprod.dressyourbody.fr\/#website","url":"https:\/\/preprod.dressyourbody.fr\/","name":"DressYourBody","description":"Patrons de couture","publisher":{"@id":"https:\/\/preprod.dressyourbody.fr\/#organization"},"potentialAction":[{"@type":"SearchAction","target":{"@type":"EntryPoint","urlTemplate":"https:\/\/preprod.dressyourbody.fr\/?s={search_term_string}"},"query-input":{"@type":"PropertyValueSpecification","valueRequired":true,"valueName":"search_term_string"}}],"inLanguage":"en-US"},{"@type":"Organization","@id":"https:\/\/preprod.dressyourbody.fr\/#organization","name":"DressYourBody.fr","url":"https:\/\/preprod.dressyourbody.fr\/","logo":{"@type":"ImageObject","inLanguage":"en-US","@id":"https:\/\/preprod.dressyourbody.fr\/#\/schema\/logo\/image\/","url":"https:\/\/preprod.dressyourbody.fr\/wp-content\/uploads\/2018\/07\/Logo-rond.png","contentUrl":"https:\/\/preprod.dressyourbody.fr\/wp-content\/uploads\/2018\/07\/Logo-rond.png","width":451,"height":449,"caption":"DressYourBody.fr"},"image":{"@id":"https:\/\/preprod.dressyourbody.fr\/#\/schema\/logo\/image\/"},"sameAs":["https:\/\/www.facebook.com\/dressyourbody.couture\/","https:\/\/www.instagram.com\/dressyourbody.couture\/","https:\/\/www.linkedin.com\/company\/11295981\/","https:\/\/www.pinterest.fr\/dressyourbody\/","https:\/\/www.youtube.com\/channel\/UCD9FR054rT1zUXmwxImG5vA?view_as=subscriber"]}]}},"_links":{"self":[{"href":"https:\/\/preprod.dressyourbody.fr\/en\/wp-json\/wp\/v2\/product\/26335","targetHints":{"allow":["GET"]}}],"collection":[{"href":"https:\/\/preprod.dressyourbody.fr\/en\/wp-json\/wp\/v2\/product"}],"about":[{"href":"https:\/\/preprod.dressyourbody.fr\/en\/wp-json\/wp\/v2\/types\/product"}],"replies":[{"embeddable":true,"href":"https:\/\/preprod.dressyourbody.fr\/en\/wp-json\/wp\/v2\/comments?post=26335"}],"wp:featuredmedia":[{"embeddable":true,"href":"https:\/\/preprod.dressyourbody.fr\/en\/wp-json\/wp\/v2\/media\/26353"}],"wp:attachment":[{"href":"https:\/\/preprod.dressyourbody.fr\/en\/wp-json\/wp\/v2\/media?parent=26335"}],"wp:term":[{"taxonomy":"product_brand","embeddable":true,"href":"https:\/\/preprod.dressyourbody.fr\/en\/wp-json\/wp\/v2\/product_brand?post=26335"},{"taxonomy":"product_cat","embeddable":true,"href":"https:\/\/preprod.dressyourbody.fr\/en\/wp-json\/wp\/v2\/product_cat?post=26335"},{"taxonomy":"product_tag","embeddable":true,"href":"https:\/\/preprod.dressyourbody.fr\/en\/wp-json\/wp\/v2\/product_tag?post=26335"}],"curies":[{"name":"wp","href":"https:\/\/api.w.org\/{rel}","templated":true}]}}