{"id":26161,"date":"2021-04-23T00:13:56","date_gmt":"2021-04-22T22:13:56","guid":{"rendered":"https:\/\/dressyourbody.fr\/?post_type=product&#038;p=26161"},"modified":"2023-10-15T21:18:01","modified_gmt":"2023-10-15T19:18:01","slug":"blouse-robe-sally","status":"publish","type":"product","link":"https:\/\/preprod.dressyourbody.fr\/en\/product\/blouse-robe-sally\/","title":{"rendered":"Blouse Robe Sally"},"content":{"rendered":"<p>La blouse\/robe Sally est un joli mod\u00e8le plein \u00e9t\u00e9, sans manche avec un joli jeu de fronces sur les \u00e9paules, resserr\u00e9es par des cordons spaghettis. Ces cordons, \u00e0 nouer ou laisser tels quels, apportent une petite touche pleine d&rsquo;originalit\u00e9. A porter en toute simplicit\u00e9 avec des baskets ou des escarpins.<\/p>\n<p>&nbsp;<\/p>\n<p><strong>TAILLES :<\/strong> Planche de patrons allant de la taille 34 \u00e0 46 soit un tour de poitrine du 81 au 108 cm.\u00a0Vous pouvez \u00e9galement vous r\u00e9f\u00e9rer \u00e0 la <a href=\"#popmake-23087\">grille des tailles<\/a>.<\/p>\n<p><strong>TISSU:<\/strong> Vous pouvez r\u00e9aliser la blouse comme la robe Sally dans beaucoup de tissus diff\u00e9rents. Elle sera parfaite en viscose, tencel, lin, coton, soie \u2026. Tous les tissus l\u00e9gers sont appropri\u00e9s.<\/p>\n<p>Sur les versions en photo elle a \u00e9t\u00e9 r\u00e9alis\u00e9e:<\/p>\n<ul>\n<li>Blouse en viscose \u00ab\u00a0Dobby Cactus\u00a0\u00bb de chez <a href=\"https:\/\/atelierbrunette.com\/fr\/les-tissus\/3761-tissu-dobby-cactus-3202019002106.html\" target=\"_blank\" rel=\"noopener noreferrer\">Atelier Brunette<\/a><\/li>\n<li>Robe en viscose rouge incandescent \u00e0 motif petites fleurs (REF: 02190100357) <label class=\"label\">de chez <a href=\"https:\/\/prettymercerie.com\/\" target=\"_blank\" rel=\"noopener noreferrer\">Pretty Mercerie<\/a><\/label><\/li>\n<li>Robe en viscose imprim\u00e9e rose \u00e0 motif prairie vert, bleu et bordeaux (<label class=\"label\">REF: 02190100523C4) de chez <a href=\"https:\/\/prettymercerie.com\/\" target=\"_blank\" rel=\"noopener noreferrer\">Pretty Mercerie<\/a><\/label><\/li>\n<\/ul>\n<p><strong>DIFFICULT\u00c9 :<\/strong> Niveau interm\u00e9diaire: la r\u00e9alisation des boutonni\u00e8res et la pose du biais \u00e0 l&rsquo;encolure en font un patron de niveau interm\u00e9diaire.<\/p>\n<p><strong>D\u00c9TAIL:<\/strong><\/p>\n<ul>\n<li>Blouse\/Robe sans manche<\/li>\n<li>Forme liquette pour la robe, forme droite pour la blouse<\/li>\n<li>Jeu de fronces sur les \u00e9paules resserr\u00e9es par des cordons spaghettis<\/li>\n<li>Encolure finie par un biais<\/li>\n<li>Robe \u00e0 porter avec une ceinture<\/li>\n<\/ul>\n<p>&nbsp;<\/p>\n<p><strong>Les mesures du v\u00eatement fini<\/strong> donn\u00e9es dans le tableau ci-dessous peuvent \u00e9galement vous aider \u00e0 choisir votre taille selon que vous aimez porter vos v\u00eatements plut\u00f4t ajust\u00e9s ou au contraire un peu loose:<\/p>\n<table style=\"height: 83px; width: 100%; border-collapse: collapse;\">\n<tbody>\n<tr style=\"height: 5px;\">\n<td style=\"width: 29.1174%; height: 24px;\" width=\"286\"><strong>Tailles\/ cm<\/strong><\/td>\n<td style=\"width: 9.98668%; height: 24px;\" width=\"93\"><strong>T34<\/strong><\/td>\n<td style=\"width: 9.98668%; height: 24px;\" width=\"93\"><strong>T36<\/strong><\/td>\n<td style=\"width: 9.98668%; height: 24px;\" width=\"93\"><strong>T38<\/strong><\/td>\n<td style=\"width: 10.3862%; height: 24px;\" width=\"93\"><strong>T40<\/strong><\/td>\n<td style=\"width: 10.1198%; height: 24px;\" width=\"93\"><strong>T42<\/strong><\/td>\n<td style=\"width: 10.1198%; height: 24px;\" width=\"93\"><strong>T44<\/strong><\/td>\n<td style=\"width: 31.5417%; height: 24px;\" width=\"93\"><strong>T46<\/strong><\/td>\n<\/tr>\n<tr style=\"height: 5px;\">\n<td style=\"width: 29.1174%; height: 24px;\">Tour de poitrine<\/td>\n<td style=\"width: 9.98668%; height: 24px;\" width=\"93\">96<\/td>\n<td style=\"width: 9.98668%; height: 24px;\" width=\"93\">100<\/td>\n<td style=\"width: 9.98668%; height: 24px;\" width=\"93\">104<\/td>\n<td style=\"width: 10.3862%; height: 24px;\" width=\"93\">108<\/td>\n<td style=\"width: 10.1198%; height: 24px;\" width=\"93\">112<\/td>\n<td style=\"width: 10.1198%; height: 24px;\" width=\"93\">116<\/td>\n<td style=\"width: 31.5417%; height: 24px;\" width=\"93\">120<\/td>\n<\/tr>\n<tr style=\"height: 5px;\">\n<td style=\"width: 29.1174%; height: 24px;\">Tour de taille<\/td>\n<td style=\"width: 9.98668%; height: 24px;\" width=\"93\">94<\/td>\n<td style=\"width: 9.98668%; height: 24px;\" width=\"93\">98<\/td>\n<td style=\"width: 9.98668%; height: 24px;\" width=\"93\">102<\/td>\n<td style=\"width: 10.3862%; height: 24px;\" width=\"93\">106<\/td>\n<td style=\"width: 10.1198%; height: 24px;\" width=\"93\">110<\/td>\n<td style=\"width: 10.1198%; height: 24px;\" width=\"93\">114<\/td>\n<td style=\"width: 31.5417%; height: 24px;\" width=\"93\">118<\/td>\n<\/tr>\n<tr style=\"height: 5px;\">\n<td style=\"width: 29.1174%; height: 11px;\">Tour de hanches<\/td>\n<td style=\"width: 9.98668%; height: 11px;\" width=\"93\">98<\/td>\n<td style=\"width: 9.98668%; height: 11px;\" width=\"93\">102<\/td>\n<td style=\"width: 9.98668%; height: 11px;\" width=\"93\">106<\/td>\n<td style=\"width: 10.3862%; height: 11px;\" width=\"93\">110<\/td>\n<td style=\"width: 10.1198%; height: 11px;\" width=\"93\">114<\/td>\n<td style=\"width: 10.1198%; height: 11px;\" width=\"93\">118<\/td>\n<td style=\"width: 31.5417%; height: 11px;\" width=\"93\">122<\/td>\n<\/tr>\n<\/tbody>\n<\/table>\n<p>&nbsp;<\/p>\n<p><strong>La hauteur milieu dos est un bon indicateur pour savoir si vous devez allonger ou raccourcir un patron<\/strong>. Comparez la hauteur milieu dos donn\u00e9e dans le tableau ci-dessous et comparez avec un v\u00eatement qui vous plait:<\/p>\n<table style=\"width: 100%; border-collapse: collapse; height: 72px;\">\n<tbody>\n<tr style=\"height: 24px;\">\n<td style=\"width: 29.5004%; height: 24px;\" width=\"286\"><strong>Hauteur milieu dos<\/strong><\/td>\n<td style=\"width: 10.7362%; height: 24px;\" width=\"93\"><strong>T34<\/strong><\/td>\n<td style=\"width: 9.86667%; height: 24px;\" width=\"93\"><strong>T36<\/strong><\/td>\n<td style=\"width: 9.86667%; height: 24px;\" width=\"93\"><strong>T38<\/strong><\/td>\n<td style=\"width: 10.1333%; height: 24px;\" width=\"93\"><strong>T40<\/strong><\/td>\n<td style=\"width: 9.86667%; height: 24px;\" width=\"93\"><strong>T42<\/strong><\/td>\n<td style=\"width: 10%; height: 24px;\" width=\"93\"><strong>T44<\/strong><\/td>\n<td style=\"width: 32.8841%; height: 24px;\" width=\"93\"><strong>T46<\/strong><\/td>\n<\/tr>\n<tr style=\"height: 24px;\">\n<td style=\"width: 29.5004%; height: 24px;\">Version Blouse<\/td>\n<td style=\"width: 10.7362%; height: 24px;\" width=\"93\">58<\/td>\n<td style=\"width: 9.86667%; height: 24px;\" width=\"93\">58<\/td>\n<td style=\"width: 9.86667%; height: 24px;\" width=\"93\">58.5<\/td>\n<td style=\"width: 10.1333%; height: 24px;\" width=\"93\">58.5<\/td>\n<td style=\"width: 9.86667%; height: 24px;\" width=\"93\">59<\/td>\n<td style=\"width: 10%; height: 24px;\" width=\"93\">59<\/td>\n<td style=\"width: 32.8841%; height: 24px;\" width=\"93\">59.5<\/td>\n<\/tr>\n<tr style=\"height: 24px;\">\n<td style=\"width: 29.5004%; height: 24px;\">Version Robe<\/td>\n<td style=\"width: 10.7362%; height: 24px;\" width=\"93\">93,5<\/td>\n<td style=\"width: 9.86667%; height: 24px;\" width=\"93\">93,5<\/td>\n<td style=\"width: 9.86667%; height: 24px;\" width=\"93\">94<\/td>\n<td style=\"width: 10.1333%; height: 24px;\" width=\"93\">94<\/td>\n<td style=\"width: 9.86667%; height: 24px;\" width=\"93\">94,5<\/td>\n<td style=\"width: 10%; height: 24px;\" width=\"93\">94,5<\/td>\n<td style=\"width: 32.8841%; height: 24px;\" width=\"93\">95<\/td>\n<\/tr>\n<\/tbody>\n<\/table>\n<p>&nbsp;<\/p>\n<p>&nbsp;<\/p>","protected":false},"excerpt":{"rendered":"<p>La blouse\/robe Sally est un joli mod\u00e8le plein \u00e9t\u00e9, sans manche avec un joli jeu de fronces sur les \u00e9paules, resserr\u00e9es par des cordons spaghettis. Ces cordons, \u00e0 nouer ou laisser tels quels, apportent une petite touche pleine d&rsquo;originalit\u00e9. A porter en toute simplicit\u00e9 avec des baskets ou des escarpins. &nbsp; TAILLES : Planche de <\/p>\n<div><a class=\"zoli-read-more-link\" href=\"https:\/\/preprod.dressyourbody.fr\/en\/product\/blouse-robe-sally\/\">Read More<span class=\"lexus-icon-Icon_Next\"><\/span><\/a><\/div>","protected":false},"featured_media":26199,"comment_status":"open","ping_status":"closed","template":"","meta":{"_acf_changed":false},"product_brand":[1278],"product_cat":[1233,1234],"product_tag":[1194,637,1196,639],"class_list":{"0":"post-26161","1":"product","2":"type-product","3":"status-publish","4":"has-post-thumbnail","6":"product_brand-dressyourbody","7":"product_cat-robes","8":"product_cat-tops","9":"product_tag-couture-facile","10":"product_tag-patron","11":"product_tag-patron-de-robe","12":"product_tag-robe","13":"pa_difficulte-expert","14":"pa_formatpatron-patron-pdf-format-a4-a0","15":"pa_formatpatron-patronpochette","17":"first","18":"instock","19":"shipping-taxable","20":"purchasable","21":"product-type-variable"},"acf":[],"yoast_head":"<!-- This site is optimized with the Yoast SEO plugin v27.3 - https:\/\/yoast.com\/product\/yoast-seo-wordpress\/ -->\n<title>Blouse\/robe Sally - DressYourBody - Patron de couture femme<\/title>\n<meta name=\"description\" content=\"La blouse\/robe Sally est un patron plein \u00e9t\u00e9, sans manche avec un joli jeu de fronces sur les \u00e9paules resserr\u00e9es par des cordons spaghettis.\" \/>\n<meta name=\"robots\" content=\"index, follow, max-snippet:-1, max-image-preview:large, max-video-preview:-1\" \/>\n<link rel=\"canonical\" href=\"https:\/\/preprod.dressyourbody.fr\/en\/product\/blouse-robe-sally\/\" \/>\n<meta property=\"og:locale\" content=\"en_US\" \/>\n<meta property=\"og:type\" content=\"article\" \/>\n<meta property=\"og:title\" content=\"Blouse\/robe Sally - DressYourBody - Patron de couture femme\" \/>\n<meta property=\"og:description\" content=\"La blouse\/robe Sally est un patron plein \u00e9t\u00e9, sans manche avec un joli jeu de fronces sur les \u00e9paules resserr\u00e9es par des cordons spaghettis.\" \/>\n<meta property=\"og:url\" content=\"https:\/\/preprod.dressyourbody.fr\/en\/product\/blouse-robe-sally\/\" \/>\n<meta property=\"og:site_name\" content=\"Dressyourbody\" \/>\n<meta property=\"article:publisher\" content=\"https:\/\/www.facebook.com\/dressyourbody.couture\/\" \/>\n<meta property=\"article:modified_time\" content=\"2023-10-15T19:18:01+00:00\" \/>\n<meta property=\"og:image\" content=\"https:\/\/preprod.dressyourbody.fr\/wp-content\/uploads\/2021\/04\/Sally1_PS_LR.jpg\" \/>\n\t<meta property=\"og:image:width\" content=\"800\" \/>\n\t<meta property=\"og:image:height\" content=\"1000\" \/>\n\t<meta property=\"og:image:type\" content=\"image\/jpeg\" \/>\n<meta name=\"twitter:card\" content=\"summary_large_image\" \/>\n<meta name=\"twitter:label1\" content=\"Est. reading time\" \/>\n\t<meta name=\"twitter:data1\" content=\"2 minutes\" \/>\n<script type=\"application\/ld+json\" class=\"yoast-schema-graph\">{\"@context\":\"https:\\\/\\\/schema.org\",\"@graph\":[{\"@type\":\"WebPage\",\"@id\":\"https:\\\/\\\/preprod.dressyourbody.fr\\\/en\\\/product\\\/blouse-robe-sally\\\/\",\"url\":\"https:\\\/\\\/preprod.dressyourbody.fr\\\/en\\\/product\\\/blouse-robe-sally\\\/\",\"name\":\"Blouse\\\/robe Sally - DressYourBody - Patron de couture femme\",\"isPartOf\":{\"@id\":\"https:\\\/\\\/preprod.dressyourbody.fr\\\/#website\"},\"primaryImageOfPage\":{\"@id\":\"https:\\\/\\\/preprod.dressyourbody.fr\\\/en\\\/product\\\/blouse-robe-sally\\\/#primaryimage\"},\"image\":{\"@id\":\"https:\\\/\\\/preprod.dressyourbody.fr\\\/en\\\/product\\\/blouse-robe-sally\\\/#primaryimage\"},\"thumbnailUrl\":\"https:\\\/\\\/preprod.dressyourbody.fr\\\/wp-content\\\/uploads\\\/2021\\\/04\\\/Sally1_PS_LR.jpg\",\"datePublished\":\"2021-04-22T22:13:56+00:00\",\"dateModified\":\"2023-10-15T19:18:01+00:00\",\"description\":\"La blouse\\\/robe Sally est un patron plein \u00e9t\u00e9, sans manche avec un joli jeu de fronces sur les \u00e9paules resserr\u00e9es par des cordons spaghettis.\",\"breadcrumb\":{\"@id\":\"https:\\\/\\\/preprod.dressyourbody.fr\\\/en\\\/product\\\/blouse-robe-sally\\\/#breadcrumb\"},\"inLanguage\":\"en-US\",\"potentialAction\":[{\"@type\":\"ReadAction\",\"target\":[\"https:\\\/\\\/preprod.dressyourbody.fr\\\/en\\\/product\\\/blouse-robe-sally\\\/\"]}]},{\"@type\":\"ImageObject\",\"inLanguage\":\"en-US\",\"@id\":\"https:\\\/\\\/preprod.dressyourbody.fr\\\/en\\\/product\\\/blouse-robe-sally\\\/#primaryimage\",\"url\":\"https:\\\/\\\/preprod.dressyourbody.fr\\\/wp-content\\\/uploads\\\/2021\\\/04\\\/Sally1_PS_LR.jpg\",\"contentUrl\":\"https:\\\/\\\/preprod.dressyourbody.fr\\\/wp-content\\\/uploads\\\/2021\\\/04\\\/Sally1_PS_LR.jpg\",\"width\":800,\"height\":1000,\"caption\":\"Robe Sally\"},{\"@type\":\"BreadcrumbList\",\"@id\":\"https:\\\/\\\/preprod.dressyourbody.fr\\\/en\\\/product\\\/blouse-robe-sally\\\/#breadcrumb\",\"itemListElement\":[{\"@type\":\"ListItem\",\"position\":1,\"name\":\"Accueil\",\"item\":\"https:\\\/\\\/preprod.dressyourbody.fr\\\/en\\\/\"},{\"@type\":\"ListItem\",\"position\":2,\"name\":\"LA BOUTIQUE\",\"item\":\"https:\\\/\\\/preprod.dressyourbody.fr\\\/en\\\/?page_id=22934\"},{\"@type\":\"ListItem\",\"position\":3,\"name\":\"Blouse Robe Sally\"}]},{\"@type\":\"WebSite\",\"@id\":\"https:\\\/\\\/preprod.dressyourbody.fr\\\/#website\",\"url\":\"https:\\\/\\\/preprod.dressyourbody.fr\\\/\",\"name\":\"DressYourBody\",\"description\":\"Patrons de couture\",\"publisher\":{\"@id\":\"https:\\\/\\\/preprod.dressyourbody.fr\\\/#organization\"},\"potentialAction\":[{\"@type\":\"SearchAction\",\"target\":{\"@type\":\"EntryPoint\",\"urlTemplate\":\"https:\\\/\\\/preprod.dressyourbody.fr\\\/?s={search_term_string}\"},\"query-input\":{\"@type\":\"PropertyValueSpecification\",\"valueRequired\":true,\"valueName\":\"search_term_string\"}}],\"inLanguage\":\"en-US\"},{\"@type\":\"Organization\",\"@id\":\"https:\\\/\\\/preprod.dressyourbody.fr\\\/#organization\",\"name\":\"DressYourBody.fr\",\"url\":\"https:\\\/\\\/preprod.dressyourbody.fr\\\/\",\"logo\":{\"@type\":\"ImageObject\",\"inLanguage\":\"en-US\",\"@id\":\"https:\\\/\\\/preprod.dressyourbody.fr\\\/#\\\/schema\\\/logo\\\/image\\\/\",\"url\":\"https:\\\/\\\/preprod.dressyourbody.fr\\\/wp-content\\\/uploads\\\/2018\\\/07\\\/Logo-rond.png\",\"contentUrl\":\"https:\\\/\\\/preprod.dressyourbody.fr\\\/wp-content\\\/uploads\\\/2018\\\/07\\\/Logo-rond.png\",\"width\":451,\"height\":449,\"caption\":\"DressYourBody.fr\"},\"image\":{\"@id\":\"https:\\\/\\\/preprod.dressyourbody.fr\\\/#\\\/schema\\\/logo\\\/image\\\/\"},\"sameAs\":[\"https:\\\/\\\/www.facebook.com\\\/dressyourbody.couture\\\/\",\"https:\\\/\\\/www.instagram.com\\\/dressyourbody.couture\\\/\",\"https:\\\/\\\/www.linkedin.com\\\/company\\\/11295981\\\/\",\"https:\\\/\\\/www.pinterest.fr\\\/dressyourbody\\\/\",\"https:\\\/\\\/www.youtube.com\\\/channel\\\/UCD9FR054rT1zUXmwxImG5vA?view_as=subscriber\"]}]}<\/script>\n<!-- \/ Yoast SEO plugin. -->","yoast_head_json":{"title":"Blouse\/robe Sally - DressYourBody - Patron de couture femme","description":"La blouse\/robe Sally est un patron plein \u00e9t\u00e9, sans manche avec un joli jeu de fronces sur les \u00e9paules resserr\u00e9es par des cordons spaghettis.","robots":{"index":"index","follow":"follow","max-snippet":"max-snippet:-1","max-image-preview":"max-image-preview:large","max-video-preview":"max-video-preview:-1"},"canonical":"https:\/\/preprod.dressyourbody.fr\/en\/product\/blouse-robe-sally\/","og_locale":"en_US","og_type":"article","og_title":"Blouse\/robe Sally - DressYourBody - Patron de couture femme","og_description":"La blouse\/robe Sally est un patron plein \u00e9t\u00e9, sans manche avec un joli jeu de fronces sur les \u00e9paules resserr\u00e9es par des cordons spaghettis.","og_url":"https:\/\/preprod.dressyourbody.fr\/en\/product\/blouse-robe-sally\/","og_site_name":"Dressyourbody","article_publisher":"https:\/\/www.facebook.com\/dressyourbody.couture\/","article_modified_time":"2023-10-15T19:18:01+00:00","og_image":[{"width":800,"height":1000,"url":"https:\/\/preprod.dressyourbody.fr\/wp-content\/uploads\/2021\/04\/Sally1_PS_LR.jpg","type":"image\/jpeg"}],"twitter_card":"summary_large_image","twitter_misc":{"Est. reading time":"2 minutes"},"schema":{"@context":"https:\/\/schema.org","@graph":[{"@type":"WebPage","@id":"https:\/\/preprod.dressyourbody.fr\/en\/product\/blouse-robe-sally\/","url":"https:\/\/preprod.dressyourbody.fr\/en\/product\/blouse-robe-sally\/","name":"Blouse\/robe Sally - DressYourBody - Patron de couture femme","isPartOf":{"@id":"https:\/\/preprod.dressyourbody.fr\/#website"},"primaryImageOfPage":{"@id":"https:\/\/preprod.dressyourbody.fr\/en\/product\/blouse-robe-sally\/#primaryimage"},"image":{"@id":"https:\/\/preprod.dressyourbody.fr\/en\/product\/blouse-robe-sally\/#primaryimage"},"thumbnailUrl":"https:\/\/preprod.dressyourbody.fr\/wp-content\/uploads\/2021\/04\/Sally1_PS_LR.jpg","datePublished":"2021-04-22T22:13:56+00:00","dateModified":"2023-10-15T19:18:01+00:00","description":"La blouse\/robe Sally est un patron plein \u00e9t\u00e9, sans manche avec un joli jeu de fronces sur les \u00e9paules resserr\u00e9es par des cordons spaghettis.","breadcrumb":{"@id":"https:\/\/preprod.dressyourbody.fr\/en\/product\/blouse-robe-sally\/#breadcrumb"},"inLanguage":"en-US","potentialAction":[{"@type":"ReadAction","target":["https:\/\/preprod.dressyourbody.fr\/en\/product\/blouse-robe-sally\/"]}]},{"@type":"ImageObject","inLanguage":"en-US","@id":"https:\/\/preprod.dressyourbody.fr\/en\/product\/blouse-robe-sally\/#primaryimage","url":"https:\/\/preprod.dressyourbody.fr\/wp-content\/uploads\/2021\/04\/Sally1_PS_LR.jpg","contentUrl":"https:\/\/preprod.dressyourbody.fr\/wp-content\/uploads\/2021\/04\/Sally1_PS_LR.jpg","width":800,"height":1000,"caption":"Robe Sally"},{"@type":"BreadcrumbList","@id":"https:\/\/preprod.dressyourbody.fr\/en\/product\/blouse-robe-sally\/#breadcrumb","itemListElement":[{"@type":"ListItem","position":1,"name":"Accueil","item":"https:\/\/preprod.dressyourbody.fr\/en\/"},{"@type":"ListItem","position":2,"name":"LA BOUTIQUE","item":"https:\/\/preprod.dressyourbody.fr\/en\/?page_id=22934"},{"@type":"ListItem","position":3,"name":"Blouse Robe Sally"}]},{"@type":"WebSite","@id":"https:\/\/preprod.dressyourbody.fr\/#website","url":"https:\/\/preprod.dressyourbody.fr\/","name":"DressYourBody","description":"Patrons de couture","publisher":{"@id":"https:\/\/preprod.dressyourbody.fr\/#organization"},"potentialAction":[{"@type":"SearchAction","target":{"@type":"EntryPoint","urlTemplate":"https:\/\/preprod.dressyourbody.fr\/?s={search_term_string}"},"query-input":{"@type":"PropertyValueSpecification","valueRequired":true,"valueName":"search_term_string"}}],"inLanguage":"en-US"},{"@type":"Organization","@id":"https:\/\/preprod.dressyourbody.fr\/#organization","name":"DressYourBody.fr","url":"https:\/\/preprod.dressyourbody.fr\/","logo":{"@type":"ImageObject","inLanguage":"en-US","@id":"https:\/\/preprod.dressyourbody.fr\/#\/schema\/logo\/image\/","url":"https:\/\/preprod.dressyourbody.fr\/wp-content\/uploads\/2018\/07\/Logo-rond.png","contentUrl":"https:\/\/preprod.dressyourbody.fr\/wp-content\/uploads\/2018\/07\/Logo-rond.png","width":451,"height":449,"caption":"DressYourBody.fr"},"image":{"@id":"https:\/\/preprod.dressyourbody.fr\/#\/schema\/logo\/image\/"},"sameAs":["https:\/\/www.facebook.com\/dressyourbody.couture\/","https:\/\/www.instagram.com\/dressyourbody.couture\/","https:\/\/www.linkedin.com\/company\/11295981\/","https:\/\/www.pinterest.fr\/dressyourbody\/","https:\/\/www.youtube.com\/channel\/UCD9FR054rT1zUXmwxImG5vA?view_as=subscriber"]}]}},"_links":{"self":[{"href":"https:\/\/preprod.dressyourbody.fr\/en\/wp-json\/wp\/v2\/product\/26161","targetHints":{"allow":["GET"]}}],"collection":[{"href":"https:\/\/preprod.dressyourbody.fr\/en\/wp-json\/wp\/v2\/product"}],"about":[{"href":"https:\/\/preprod.dressyourbody.fr\/en\/wp-json\/wp\/v2\/types\/product"}],"replies":[{"embeddable":true,"href":"https:\/\/preprod.dressyourbody.fr\/en\/wp-json\/wp\/v2\/comments?post=26161"}],"wp:featuredmedia":[{"embeddable":true,"href":"https:\/\/preprod.dressyourbody.fr\/en\/wp-json\/wp\/v2\/media\/26199"}],"wp:attachment":[{"href":"https:\/\/preprod.dressyourbody.fr\/en\/wp-json\/wp\/v2\/media?parent=26161"}],"wp:term":[{"taxonomy":"product_brand","embeddable":true,"href":"https:\/\/preprod.dressyourbody.fr\/en\/wp-json\/wp\/v2\/product_brand?post=26161"},{"taxonomy":"product_cat","embeddable":true,"href":"https:\/\/preprod.dressyourbody.fr\/en\/wp-json\/wp\/v2\/product_cat?post=26161"},{"taxonomy":"product_tag","embeddable":true,"href":"https:\/\/preprod.dressyourbody.fr\/en\/wp-json\/wp\/v2\/product_tag?post=26161"}],"curies":[{"name":"wp","href":"https:\/\/api.w.org\/{rel}","templated":true}]}}