{"id":229,"date":"2017-09-29T12:18:41","date_gmt":"2017-09-29T10:18:41","guid":{"rendered":"https:\/\/dressyourbody.fr\/fr\/?post_type=product&#038;p=229"},"modified":"2025-05-23T16:20:45","modified_gmt":"2025-05-23T14:20:45","slug":"blouse-pretty-baby","status":"publish","type":"product","link":"https:\/\/preprod.dressyourbody.fr\/en\/product\/blouse-pretty-baby\/","title":{"rendered":"Blouse Pretty Baby"},"content":{"rendered":"<p>Des fronces, des fronces, des fronces &#8230; des fronces devant et dos qui donnent \u00e0 la blouse \u00ab\u00a0Pretty baby\u00a0\u00bb un beau volume.<\/p>\n<p>La blouse \u00ab\u00a0Pretty baby\u00a0\u00bb c&rsquo;est aussi une patte de boutonnage avec parementure, des manches 3\/4 qui lui apportent un style assez d\u00e9contract\u00e9 et un joli d\u00e9collet\u00e9 pour le c\u00f4t\u00e9 f\u00e9minin.<\/p>\n<p>En tout cas son aisance la rend la blouse tr\u00e8s agr\u00e9able \u00e0 porter Vous pouvez la mettre par exemple avec bas ajust\u00e9 pour jouer sur les contrastes&#8230;<\/p>\n<p>La blouse Pretty baby est compatible avec le <a href=\"https:\/\/preprod.dressyourbody.fr\/fr\/categorie-produit\/manches\" target=\"_blank\" rel=\"noopener noreferrer\">\u00ab\u00a0Bar \u00e0 manches\u00a0\u00bb<\/a>. Alors n\u2019h\u00e9sitez pas \u00e0 mixer les styles avec les manches \u00e0 smocks ou les manches chemisier par exemple!<\/p>\n<p><strong>TAILLES :<\/strong> Planche de patrons allant de la taille 34 \u00e0 46 soit un tour de poitrine de 81 \u00e0 108 cm.\u00a0Vous pouvez \u00e9galement vous r\u00e9f\u00e9rer \u00e0 la <a href=\"#popmake-23087\">grille des tailles<\/a>.<\/p>\n<p><strong>TISSU :<\/strong> Beaucoup de tissus peuvent convenir mais \u00e9viter toutefois des tissus trop \u00e9pais qui donneraient trop de volume au niveau des de fronces. Vous pouvez donc choisir une cotonnade, de la viscose, du lin, de la soie\u2026<\/p>\n<p>R\u00e9alis\u00e9e ici avec du seersucker \u00ab\u00a0nude\u00a0\u00bb de France Duval-Stalla.<\/p>\n<p><strong>DIFFICULT\u00c9 :<\/strong> Niveau exp\u00e9riment\u00e9<\/p>","protected":false},"excerpt":{"rendered":"<p><span style=\"color: #ffffff;\"><strong>PATRON :\u00a0<\/strong><\/span><\/p>\n<p><span style=\"color: #ffffff;\">Tailles 34 \u00e0 50<\/span><\/p>\n<p><span style=\"color: #ffffff;\">Niveau exp\u00e9riment\u00e9<\/span> <\/p>\n<div><a class=\"zoli-read-more-link\" href=\"https:\/\/preprod.dressyourbody.fr\/en\/product\/blouse-pretty-baby\/\">Read More<span class=\"lexus-icon-Icon_Next\"><\/span><\/a><\/div>","protected":false},"featured_media":15165,"comment_status":"open","ping_status":"closed","template":"","meta":{"_acf_changed":false},"product_brand":[1278],"product_cat":[1234],"product_tag":[649,734,755,637],"class_list":{"0":"post-229","1":"product","2":"type-product","3":"status-publish","4":"has-post-thumbnail","6":"product_brand-dressyourbody","7":"product_cat-tops","8":"product_tag-chaine-et-trame","9":"product_tag-couture","10":"product_tag-experimente","11":"product_tag-patron","12":"pa_difficulte-expert","13":"pa_formatpatron-patron-pdf-format-a4-a0","14":"pa_formatpatron-patronpochette","16":"first","17":"instock","18":"shipping-taxable","19":"purchasable","20":"product-type-variable"},"acf":[],"yoast_head":"<!-- This site is optimized with the Yoast SEO plugin v27.3 - https:\/\/yoast.com\/product\/yoast-seo-wordpress\/ -->\n<title>Blouse Pretty Baby - DressYourBody - Patron de couture femme.<\/title>\n<meta name=\"description\" content=\"La blouse Pretty Baby est une blouse bien ajust\u00e9e aux \u00e9paules mais dont les fronces devant et dos lui donnent un beau volume.\" \/>\n<meta name=\"robots\" content=\"index, follow, max-snippet:-1, max-image-preview:large, max-video-preview:-1\" \/>\n<link rel=\"canonical\" href=\"https:\/\/preprod.dressyourbody.fr\/en\/product\/blouse-pretty-baby\/\" \/>\n<meta property=\"og:locale\" content=\"en_US\" \/>\n<meta property=\"og:type\" content=\"article\" \/>\n<meta property=\"og:title\" content=\"Blouse Pretty Baby - DressYourBody - Patron de couture femme.\" \/>\n<meta property=\"og:description\" content=\"La blouse Pretty Baby est une blouse bien ajust\u00e9e aux \u00e9paules mais dont les fronces devant et dos lui donnent un beau volume.\" \/>\n<meta property=\"og:url\" content=\"https:\/\/preprod.dressyourbody.fr\/en\/product\/blouse-pretty-baby\/\" \/>\n<meta property=\"og:site_name\" content=\"Dressyourbody\" \/>\n<meta property=\"article:publisher\" content=\"https:\/\/www.facebook.com\/dressyourbody.couture\/\" \/>\n<meta property=\"article:modified_time\" content=\"2025-05-23T14:20:45+00:00\" \/>\n<meta property=\"og:image\" content=\"https:\/\/preprod.dressyourbody.fr\/wp-content\/uploads\/2017\/10\/DSC02372-2.jpg\" \/>\n\t<meta property=\"og:image:width\" content=\"1063\" \/>\n\t<meta property=\"og:image:height\" content=\"1600\" \/>\n\t<meta property=\"og:image:type\" content=\"image\/jpeg\" \/>\n<meta name=\"twitter:card\" content=\"summary_large_image\" \/>\n<meta name=\"twitter:label1\" content=\"Est. reading time\" \/>\n\t<meta name=\"twitter:data1\" content=\"1 minute\" \/>\n<script type=\"application\/ld+json\" class=\"yoast-schema-graph\">{\"@context\":\"https:\\\/\\\/schema.org\",\"@graph\":[{\"@type\":\"WebPage\",\"@id\":\"https:\\\/\\\/preprod.dressyourbody.fr\\\/en\\\/product\\\/blouse-pretty-baby\\\/\",\"url\":\"https:\\\/\\\/preprod.dressyourbody.fr\\\/en\\\/product\\\/blouse-pretty-baby\\\/\",\"name\":\"Blouse Pretty Baby - DressYourBody - Patron de couture femme.\",\"isPartOf\":{\"@id\":\"https:\\\/\\\/preprod.dressyourbody.fr\\\/#website\"},\"primaryImageOfPage\":{\"@id\":\"https:\\\/\\\/preprod.dressyourbody.fr\\\/en\\\/product\\\/blouse-pretty-baby\\\/#primaryimage\"},\"image\":{\"@id\":\"https:\\\/\\\/preprod.dressyourbody.fr\\\/en\\\/product\\\/blouse-pretty-baby\\\/#primaryimage\"},\"thumbnailUrl\":\"https:\\\/\\\/preprod.dressyourbody.fr\\\/wp-content\\\/uploads\\\/2017\\\/10\\\/DSC02372-2.jpg\",\"datePublished\":\"2017-09-29T10:18:41+00:00\",\"dateModified\":\"2025-05-23T14:20:45+00:00\",\"description\":\"La blouse Pretty Baby est une blouse bien ajust\u00e9e aux \u00e9paules mais dont les fronces devant et dos lui donnent un beau volume.\",\"breadcrumb\":{\"@id\":\"https:\\\/\\\/preprod.dressyourbody.fr\\\/en\\\/product\\\/blouse-pretty-baby\\\/#breadcrumb\"},\"inLanguage\":\"en-US\",\"potentialAction\":[{\"@type\":\"ReadAction\",\"target\":[\"https:\\\/\\\/preprod.dressyourbody.fr\\\/en\\\/product\\\/blouse-pretty-baby\\\/\"]}]},{\"@type\":\"ImageObject\",\"inLanguage\":\"en-US\",\"@id\":\"https:\\\/\\\/preprod.dressyourbody.fr\\\/en\\\/product\\\/blouse-pretty-baby\\\/#primaryimage\",\"url\":\"https:\\\/\\\/preprod.dressyourbody.fr\\\/wp-content\\\/uploads\\\/2017\\\/10\\\/DSC02372-2.jpg\",\"contentUrl\":\"https:\\\/\\\/preprod.dressyourbody.fr\\\/wp-content\\\/uploads\\\/2017\\\/10\\\/DSC02372-2.jpg\",\"width\":1063,\"height\":1600,\"caption\":\"Top Pretty Baby\"},{\"@type\":\"BreadcrumbList\",\"@id\":\"https:\\\/\\\/preprod.dressyourbody.fr\\\/en\\\/product\\\/blouse-pretty-baby\\\/#breadcrumb\",\"itemListElement\":[{\"@type\":\"ListItem\",\"position\":1,\"name\":\"Accueil\",\"item\":\"https:\\\/\\\/preprod.dressyourbody.fr\\\/en\\\/\"},{\"@type\":\"ListItem\",\"position\":2,\"name\":\"LA BOUTIQUE\",\"item\":\"https:\\\/\\\/preprod.dressyourbody.fr\\\/en\\\/?page_id=22934\"},{\"@type\":\"ListItem\",\"position\":3,\"name\":\"Blouse Pretty Baby\"}]},{\"@type\":\"WebSite\",\"@id\":\"https:\\\/\\\/preprod.dressyourbody.fr\\\/#website\",\"url\":\"https:\\\/\\\/preprod.dressyourbody.fr\\\/\",\"name\":\"DressYourBody\",\"description\":\"Patrons de couture\",\"publisher\":{\"@id\":\"https:\\\/\\\/preprod.dressyourbody.fr\\\/#organization\"},\"potentialAction\":[{\"@type\":\"SearchAction\",\"target\":{\"@type\":\"EntryPoint\",\"urlTemplate\":\"https:\\\/\\\/preprod.dressyourbody.fr\\\/?s={search_term_string}\"},\"query-input\":{\"@type\":\"PropertyValueSpecification\",\"valueRequired\":true,\"valueName\":\"search_term_string\"}}],\"inLanguage\":\"en-US\"},{\"@type\":\"Organization\",\"@id\":\"https:\\\/\\\/preprod.dressyourbody.fr\\\/#organization\",\"name\":\"DressYourBody.fr\",\"url\":\"https:\\\/\\\/preprod.dressyourbody.fr\\\/\",\"logo\":{\"@type\":\"ImageObject\",\"inLanguage\":\"en-US\",\"@id\":\"https:\\\/\\\/preprod.dressyourbody.fr\\\/#\\\/schema\\\/logo\\\/image\\\/\",\"url\":\"https:\\\/\\\/preprod.dressyourbody.fr\\\/wp-content\\\/uploads\\\/2018\\\/07\\\/Logo-rond.png\",\"contentUrl\":\"https:\\\/\\\/preprod.dressyourbody.fr\\\/wp-content\\\/uploads\\\/2018\\\/07\\\/Logo-rond.png\",\"width\":451,\"height\":449,\"caption\":\"DressYourBody.fr\"},\"image\":{\"@id\":\"https:\\\/\\\/preprod.dressyourbody.fr\\\/#\\\/schema\\\/logo\\\/image\\\/\"},\"sameAs\":[\"https:\\\/\\\/www.facebook.com\\\/dressyourbody.couture\\\/\",\"https:\\\/\\\/www.instagram.com\\\/dressyourbody.couture\\\/\",\"https:\\\/\\\/www.linkedin.com\\\/company\\\/11295981\\\/\",\"https:\\\/\\\/www.pinterest.fr\\\/dressyourbody\\\/\",\"https:\\\/\\\/www.youtube.com\\\/channel\\\/UCD9FR054rT1zUXmwxImG5vA?view_as=subscriber\"]}]}<\/script>\n<!-- \/ Yoast SEO plugin. -->","yoast_head_json":{"title":"Blouse Pretty Baby - DressYourBody - Patron de couture femme.","description":"La blouse Pretty Baby est une blouse bien ajust\u00e9e aux \u00e9paules mais dont les fronces devant et dos lui donnent un beau volume.","robots":{"index":"index","follow":"follow","max-snippet":"max-snippet:-1","max-image-preview":"max-image-preview:large","max-video-preview":"max-video-preview:-1"},"canonical":"https:\/\/preprod.dressyourbody.fr\/en\/product\/blouse-pretty-baby\/","og_locale":"en_US","og_type":"article","og_title":"Blouse Pretty Baby - DressYourBody - Patron de couture femme.","og_description":"La blouse Pretty Baby est une blouse bien ajust\u00e9e aux \u00e9paules mais dont les fronces devant et dos lui donnent un beau volume.","og_url":"https:\/\/preprod.dressyourbody.fr\/en\/product\/blouse-pretty-baby\/","og_site_name":"Dressyourbody","article_publisher":"https:\/\/www.facebook.com\/dressyourbody.couture\/","article_modified_time":"2025-05-23T14:20:45+00:00","og_image":[{"width":1063,"height":1600,"url":"https:\/\/preprod.dressyourbody.fr\/wp-content\/uploads\/2017\/10\/DSC02372-2.jpg","type":"image\/jpeg"}],"twitter_card":"summary_large_image","twitter_misc":{"Est. reading time":"1 minute"},"schema":{"@context":"https:\/\/schema.org","@graph":[{"@type":"WebPage","@id":"https:\/\/preprod.dressyourbody.fr\/en\/product\/blouse-pretty-baby\/","url":"https:\/\/preprod.dressyourbody.fr\/en\/product\/blouse-pretty-baby\/","name":"Blouse Pretty Baby - DressYourBody - Patron de couture femme.","isPartOf":{"@id":"https:\/\/preprod.dressyourbody.fr\/#website"},"primaryImageOfPage":{"@id":"https:\/\/preprod.dressyourbody.fr\/en\/product\/blouse-pretty-baby\/#primaryimage"},"image":{"@id":"https:\/\/preprod.dressyourbody.fr\/en\/product\/blouse-pretty-baby\/#primaryimage"},"thumbnailUrl":"https:\/\/preprod.dressyourbody.fr\/wp-content\/uploads\/2017\/10\/DSC02372-2.jpg","datePublished":"2017-09-29T10:18:41+00:00","dateModified":"2025-05-23T14:20:45+00:00","description":"La blouse Pretty Baby est une blouse bien ajust\u00e9e aux \u00e9paules mais dont les fronces devant et dos lui donnent un beau volume.","breadcrumb":{"@id":"https:\/\/preprod.dressyourbody.fr\/en\/product\/blouse-pretty-baby\/#breadcrumb"},"inLanguage":"en-US","potentialAction":[{"@type":"ReadAction","target":["https:\/\/preprod.dressyourbody.fr\/en\/product\/blouse-pretty-baby\/"]}]},{"@type":"ImageObject","inLanguage":"en-US","@id":"https:\/\/preprod.dressyourbody.fr\/en\/product\/blouse-pretty-baby\/#primaryimage","url":"https:\/\/preprod.dressyourbody.fr\/wp-content\/uploads\/2017\/10\/DSC02372-2.jpg","contentUrl":"https:\/\/preprod.dressyourbody.fr\/wp-content\/uploads\/2017\/10\/DSC02372-2.jpg","width":1063,"height":1600,"caption":"Top Pretty Baby"},{"@type":"BreadcrumbList","@id":"https:\/\/preprod.dressyourbody.fr\/en\/product\/blouse-pretty-baby\/#breadcrumb","itemListElement":[{"@type":"ListItem","position":1,"name":"Accueil","item":"https:\/\/preprod.dressyourbody.fr\/en\/"},{"@type":"ListItem","position":2,"name":"LA BOUTIQUE","item":"https:\/\/preprod.dressyourbody.fr\/en\/?page_id=22934"},{"@type":"ListItem","position":3,"name":"Blouse Pretty Baby"}]},{"@type":"WebSite","@id":"https:\/\/preprod.dressyourbody.fr\/#website","url":"https:\/\/preprod.dressyourbody.fr\/","name":"DressYourBody","description":"Patrons de couture","publisher":{"@id":"https:\/\/preprod.dressyourbody.fr\/#organization"},"potentialAction":[{"@type":"SearchAction","target":{"@type":"EntryPoint","urlTemplate":"https:\/\/preprod.dressyourbody.fr\/?s={search_term_string}"},"query-input":{"@type":"PropertyValueSpecification","valueRequired":true,"valueName":"search_term_string"}}],"inLanguage":"en-US"},{"@type":"Organization","@id":"https:\/\/preprod.dressyourbody.fr\/#organization","name":"DressYourBody.fr","url":"https:\/\/preprod.dressyourbody.fr\/","logo":{"@type":"ImageObject","inLanguage":"en-US","@id":"https:\/\/preprod.dressyourbody.fr\/#\/schema\/logo\/image\/","url":"https:\/\/preprod.dressyourbody.fr\/wp-content\/uploads\/2018\/07\/Logo-rond.png","contentUrl":"https:\/\/preprod.dressyourbody.fr\/wp-content\/uploads\/2018\/07\/Logo-rond.png","width":451,"height":449,"caption":"DressYourBody.fr"},"image":{"@id":"https:\/\/preprod.dressyourbody.fr\/#\/schema\/logo\/image\/"},"sameAs":["https:\/\/www.facebook.com\/dressyourbody.couture\/","https:\/\/www.instagram.com\/dressyourbody.couture\/","https:\/\/www.linkedin.com\/company\/11295981\/","https:\/\/www.pinterest.fr\/dressyourbody\/","https:\/\/www.youtube.com\/channel\/UCD9FR054rT1zUXmwxImG5vA?view_as=subscriber"]}]}},"_links":{"self":[{"href":"https:\/\/preprod.dressyourbody.fr\/en\/wp-json\/wp\/v2\/product\/229","targetHints":{"allow":["GET"]}}],"collection":[{"href":"https:\/\/preprod.dressyourbody.fr\/en\/wp-json\/wp\/v2\/product"}],"about":[{"href":"https:\/\/preprod.dressyourbody.fr\/en\/wp-json\/wp\/v2\/types\/product"}],"replies":[{"embeddable":true,"href":"https:\/\/preprod.dressyourbody.fr\/en\/wp-json\/wp\/v2\/comments?post=229"}],"wp:featuredmedia":[{"embeddable":true,"href":"https:\/\/preprod.dressyourbody.fr\/en\/wp-json\/wp\/v2\/media\/15165"}],"wp:attachment":[{"href":"https:\/\/preprod.dressyourbody.fr\/en\/wp-json\/wp\/v2\/media?parent=229"}],"wp:term":[{"taxonomy":"product_brand","embeddable":true,"href":"https:\/\/preprod.dressyourbody.fr\/en\/wp-json\/wp\/v2\/product_brand?post=229"},{"taxonomy":"product_cat","embeddable":true,"href":"https:\/\/preprod.dressyourbody.fr\/en\/wp-json\/wp\/v2\/product_cat?post=229"},{"taxonomy":"product_tag","embeddable":true,"href":"https:\/\/preprod.dressyourbody.fr\/en\/wp-json\/wp\/v2\/product_tag?post=229"}],"curies":[{"name":"wp","href":"https:\/\/api.w.org\/{rel}","templated":true}]}}