{"id":22334,"date":"2020-10-14T13:31:50","date_gmt":"2020-10-14T11:31:50","guid":{"rendered":"https:\/\/dressyourbody.fr\/?post_type=product&#038;p=22334"},"modified":"2025-07-27T17:01:45","modified_gmt":"2025-07-27T15:01:45","slug":"robe-nico","status":"publish","type":"product","link":"https:\/\/preprod.dressyourbody.fr\/en\/product\/robe-nico\/","title":{"rendered":"Robe Nico"},"content":{"rendered":"<p>La robe Nico est une jolie robe cache-c\u0153ur f\u00e9minine et pleine de charme. Ses manches raglans rehauss\u00e9es d&rsquo;un empi\u00e8cement sur l&rsquo;\u00e9paule lui apportent une finition originale et raffin\u00e9e.<\/p>\n<p>Son d\u00e9collet\u00e9, pas trop prononc\u00e9, en fait la robe parfaite pour la saison.<\/p>\n<p>Elle peut \u00eatre r\u00e9alis\u00e9e avec des manches longues ou des manches 3\/4.<\/p>\n<p><strong>TAILLES :<\/strong> Planche de patrons allant de la taille 34 \u00e0 46 soit un tour de poitrine du 81 au 108 cm.\u00a0Vous pouvez \u00e9galement vous r\u00e9f\u00e9rer \u00e0 la <a href=\"#popmake-23087\">grille des tailles<\/a>.<\/p>\n<p><strong>TISSU:<\/strong> Vous pouvez r\u00e9aliser la robe Nico dans beaucoup de tissus diff\u00e9rents. Elle sera parfaite en viscose, tencel, lin, coton, soie \u2026. Le tout \u00e9tant d\u2019\u00e9viter les tissus trop \u00e9pais qui ne seraient pas adapt\u00e9s avec l\u2019empi\u00e8cement et les fronces sur l\u2019\u00e9paule.<\/p>\n<p>Sur les versions en photo elle a \u00e9t\u00e9 r\u00e9alis\u00e9e:<\/p>\n<ul>\n<li>en viscose imprim\u00e9 l\u00e9opard (Urban Leo) de chez <a href=\"https:\/\/www.stragier.com\/fr\/home\" target=\"_blank\" rel=\"noopener noreferrer\">Stragier<\/a><\/li>\n<li>en viscose lav\u00e9e textur\u00e9e de chez <a href=\"https:\/\/www.lapetiteboiteacoupons.com\/\" target=\"_blank\" rel=\"noopener noreferrer\">La Petite Boite \u00e0 Coupons<\/a><\/li>\n<li>en twill de viscose (Sticks vert et rouille) de chez <a href=\"https:\/\/mindthemaker.com\/\" target=\"_blank\" rel=\"noopener noreferrer\">Mind the maker<\/a> et achet\u00e9e chez <a href=\"https:\/\/www.rascol.com\/\" target=\"_blank\" rel=\"noopener noreferrer\">Rascol<\/a><\/li>\n<\/ul>\n<p><strong>DIFFICULT\u00c9 :<\/strong> Niveau exp\u00e9riment\u00e9 Si la r\u00e9alisation de la robe Nico n&rsquo;est pas forc\u00e9ment tr\u00e8s difficile, elle requiert du travail et c&rsquo;est pourquoi elle est plac\u00e9e parmi les patrons demandant un niveau de couture exp\u00e9riment\u00e9.<\/p>\n<p><strong>D\u00c9TAIL:<\/strong><\/p>\n<ul>\n<li>Robe cache-c\u0153ur avec manches longues ou manches 3\/4<\/li>\n<li>Empi\u00e8cement sur l&rsquo;\u00e9paule<\/li>\n<li>Pince poitrine pr\u00e9sente dans les fronces devant<\/li>\n<li>Encolure finie par une parmenture<\/li>\n<li>Manches style bishop finies par un bracelet de manche<\/li>\n<\/ul>","protected":false},"excerpt":{"rendered":"<p>La robe Nico est une jolie robe cache-c\u0153ur f\u00e9minine et pleine de charme. Ses manches raglans rehauss\u00e9es d&rsquo;un empi\u00e8cement sur l&rsquo;\u00e9paule lui apportent une finition originale et raffin\u00e9e. Son d\u00e9collet\u00e9, pas trop prononc\u00e9, en fait la robe parfaite pour la saison. Elle peut \u00eatre r\u00e9alis\u00e9e avec des manches longues ou des manches 3\/4. TAILLES : <\/p>\n<div><a class=\"zoli-read-more-link\" href=\"https:\/\/preprod.dressyourbody.fr\/en\/product\/robe-nico\/\">Read More<span class=\"lexus-icon-Icon_Next\"><\/span><\/a><\/div>","protected":false},"featured_media":22370,"comment_status":"open","ping_status":"closed","template":"","meta":{"_acf_changed":false},"product_brand":[1278],"product_cat":[1233],"product_tag":[1194,637,1196,639],"class_list":{"0":"post-22334","1":"product","2":"type-product","3":"status-publish","4":"has-post-thumbnail","6":"product_brand-dressyourbody","7":"product_cat-robes","8":"product_tag-couture-facile","9":"product_tag-patron","10":"product_tag-patron-de-robe","11":"product_tag-robe","12":"pa_difficulte-expert","13":"pa_formatpatron-patron-pdf-format-a4-a0","14":"pa_formatpatron-patronpochette","16":"first","17":"instock","18":"shipping-taxable","19":"purchasable","20":"product-type-variable"},"acf":[],"yoast_head":"<!-- This site is optimized with the Yoast SEO plugin v27.3 - https:\/\/yoast.com\/product\/yoast-seo-wordpress\/ -->\n<title>Robe Nico - DressYourBody - Patron de couture femme<\/title>\n<meta name=\"description\" content=\"La robe Nico est une jolie robe cache-c\u0153ur dont les manches raglans avec empi\u00e8cement sur l&#039;\u00e9paule lui apportent orginialit\u00e9 et raffinement.\" \/>\n<meta name=\"robots\" content=\"index, follow, max-snippet:-1, max-image-preview:large, max-video-preview:-1\" \/>\n<link rel=\"canonical\" href=\"https:\/\/preprod.dressyourbody.fr\/en\/product\/robe-nico\/\" \/>\n<meta property=\"og:locale\" content=\"en_US\" \/>\n<meta property=\"og:type\" content=\"article\" \/>\n<meta property=\"og:title\" content=\"Robe Nico - DressYourBody - Patron de couture femme\" \/>\n<meta property=\"og:description\" content=\"La robe Nico est une jolie robe cache-c\u0153ur dont les manches raglans avec empi\u00e8cement sur l&#039;\u00e9paule lui apportent orginialit\u00e9 et raffinement.\" \/>\n<meta property=\"og:url\" content=\"https:\/\/preprod.dressyourbody.fr\/en\/product\/robe-nico\/\" \/>\n<meta property=\"og:site_name\" content=\"Dressyourbody\" \/>\n<meta property=\"article:publisher\" content=\"https:\/\/www.facebook.com\/dressyourbody.couture\/\" \/>\n<meta property=\"article:modified_time\" content=\"2025-07-27T15:01:45+00:00\" \/>\n<meta property=\"og:image\" content=\"https:\/\/preprod.dressyourbody.fr\/wp-content\/uploads\/2020\/10\/Nico-verte-ombre20-9-sur-10-scaled.jpg\" \/>\n\t<meta property=\"og:image:width\" content=\"2560\" \/>\n\t<meta property=\"og:image:height\" content=\"2560\" \/>\n\t<meta property=\"og:image:type\" content=\"image\/jpeg\" \/>\n<meta name=\"twitter:card\" content=\"summary_large_image\" \/>\n<meta name=\"twitter:label1\" content=\"Est. reading time\" \/>\n\t<meta name=\"twitter:data1\" content=\"2 minutes\" \/>\n<script type=\"application\/ld+json\" class=\"yoast-schema-graph\">{\"@context\":\"https:\\\/\\\/schema.org\",\"@graph\":[{\"@type\":\"WebPage\",\"@id\":\"https:\\\/\\\/preprod.dressyourbody.fr\\\/en\\\/product\\\/robe-nico\\\/\",\"url\":\"https:\\\/\\\/preprod.dressyourbody.fr\\\/en\\\/product\\\/robe-nico\\\/\",\"name\":\"Robe Nico - DressYourBody - Patron de couture femme\",\"isPartOf\":{\"@id\":\"https:\\\/\\\/preprod.dressyourbody.fr\\\/#website\"},\"primaryImageOfPage\":{\"@id\":\"https:\\\/\\\/preprod.dressyourbody.fr\\\/en\\\/product\\\/robe-nico\\\/#primaryimage\"},\"image\":{\"@id\":\"https:\\\/\\\/preprod.dressyourbody.fr\\\/en\\\/product\\\/robe-nico\\\/#primaryimage\"},\"thumbnailUrl\":\"https:\\\/\\\/preprod.dressyourbody.fr\\\/wp-content\\\/uploads\\\/2020\\\/10\\\/Nico-verte-ombre20-9-sur-10-scaled.jpg\",\"datePublished\":\"2020-10-14T11:31:50+00:00\",\"dateModified\":\"2025-07-27T15:01:45+00:00\",\"description\":\"La robe Nico est une jolie robe cache-c\u0153ur dont les manches raglans avec empi\u00e8cement sur l'\u00e9paule lui apportent orginialit\u00e9 et raffinement.\",\"breadcrumb\":{\"@id\":\"https:\\\/\\\/preprod.dressyourbody.fr\\\/en\\\/product\\\/robe-nico\\\/#breadcrumb\"},\"inLanguage\":\"en-US\",\"potentialAction\":[{\"@type\":\"ReadAction\",\"target\":[\"https:\\\/\\\/preprod.dressyourbody.fr\\\/en\\\/product\\\/robe-nico\\\/\"]}]},{\"@type\":\"ImageObject\",\"inLanguage\":\"en-US\",\"@id\":\"https:\\\/\\\/preprod.dressyourbody.fr\\\/en\\\/product\\\/robe-nico\\\/#primaryimage\",\"url\":\"https:\\\/\\\/preprod.dressyourbody.fr\\\/wp-content\\\/uploads\\\/2020\\\/10\\\/Nico-verte-ombre20-9-sur-10-scaled.jpg\",\"contentUrl\":\"https:\\\/\\\/preprod.dressyourbody.fr\\\/wp-content\\\/uploads\\\/2020\\\/10\\\/Nico-verte-ombre20-9-sur-10-scaled.jpg\",\"width\":2560,\"height\":2560,\"caption\":\"Robe Nico\"},{\"@type\":\"BreadcrumbList\",\"@id\":\"https:\\\/\\\/preprod.dressyourbody.fr\\\/en\\\/product\\\/robe-nico\\\/#breadcrumb\",\"itemListElement\":[{\"@type\":\"ListItem\",\"position\":1,\"name\":\"Accueil\",\"item\":\"https:\\\/\\\/preprod.dressyourbody.fr\\\/en\\\/\"},{\"@type\":\"ListItem\",\"position\":2,\"name\":\"LA BOUTIQUE\",\"item\":\"https:\\\/\\\/preprod.dressyourbody.fr\\\/en\\\/?page_id=22934\"},{\"@type\":\"ListItem\",\"position\":3,\"name\":\"Robe Nico\"}]},{\"@type\":\"WebSite\",\"@id\":\"https:\\\/\\\/preprod.dressyourbody.fr\\\/#website\",\"url\":\"https:\\\/\\\/preprod.dressyourbody.fr\\\/\",\"name\":\"DressYourBody\",\"description\":\"Patrons de couture\",\"publisher\":{\"@id\":\"https:\\\/\\\/preprod.dressyourbody.fr\\\/#organization\"},\"potentialAction\":[{\"@type\":\"SearchAction\",\"target\":{\"@type\":\"EntryPoint\",\"urlTemplate\":\"https:\\\/\\\/preprod.dressyourbody.fr\\\/?s={search_term_string}\"},\"query-input\":{\"@type\":\"PropertyValueSpecification\",\"valueRequired\":true,\"valueName\":\"search_term_string\"}}],\"inLanguage\":\"en-US\"},{\"@type\":\"Organization\",\"@id\":\"https:\\\/\\\/preprod.dressyourbody.fr\\\/#organization\",\"name\":\"DressYourBody.fr\",\"url\":\"https:\\\/\\\/preprod.dressyourbody.fr\\\/\",\"logo\":{\"@type\":\"ImageObject\",\"inLanguage\":\"en-US\",\"@id\":\"https:\\\/\\\/preprod.dressyourbody.fr\\\/#\\\/schema\\\/logo\\\/image\\\/\",\"url\":\"https:\\\/\\\/preprod.dressyourbody.fr\\\/wp-content\\\/uploads\\\/2018\\\/07\\\/Logo-rond.png\",\"contentUrl\":\"https:\\\/\\\/preprod.dressyourbody.fr\\\/wp-content\\\/uploads\\\/2018\\\/07\\\/Logo-rond.png\",\"width\":451,\"height\":449,\"caption\":\"DressYourBody.fr\"},\"image\":{\"@id\":\"https:\\\/\\\/preprod.dressyourbody.fr\\\/#\\\/schema\\\/logo\\\/image\\\/\"},\"sameAs\":[\"https:\\\/\\\/www.facebook.com\\\/dressyourbody.couture\\\/\",\"https:\\\/\\\/www.instagram.com\\\/dressyourbody.couture\\\/\",\"https:\\\/\\\/www.linkedin.com\\\/company\\\/11295981\\\/\",\"https:\\\/\\\/www.pinterest.fr\\\/dressyourbody\\\/\",\"https:\\\/\\\/www.youtube.com\\\/channel\\\/UCD9FR054rT1zUXmwxImG5vA?view_as=subscriber\"]}]}<\/script>\n<!-- \/ Yoast SEO plugin. -->","yoast_head_json":{"title":"Robe Nico - DressYourBody - Patron de couture femme","description":"La robe Nico est une jolie robe cache-c\u0153ur dont les manches raglans avec empi\u00e8cement sur l'\u00e9paule lui apportent orginialit\u00e9 et raffinement.","robots":{"index":"index","follow":"follow","max-snippet":"max-snippet:-1","max-image-preview":"max-image-preview:large","max-video-preview":"max-video-preview:-1"},"canonical":"https:\/\/preprod.dressyourbody.fr\/en\/product\/robe-nico\/","og_locale":"en_US","og_type":"article","og_title":"Robe Nico - DressYourBody - Patron de couture femme","og_description":"La robe Nico est une jolie robe cache-c\u0153ur dont les manches raglans avec empi\u00e8cement sur l'\u00e9paule lui apportent orginialit\u00e9 et raffinement.","og_url":"https:\/\/preprod.dressyourbody.fr\/en\/product\/robe-nico\/","og_site_name":"Dressyourbody","article_publisher":"https:\/\/www.facebook.com\/dressyourbody.couture\/","article_modified_time":"2025-07-27T15:01:45+00:00","og_image":[{"width":2560,"height":2560,"url":"https:\/\/preprod.dressyourbody.fr\/wp-content\/uploads\/2020\/10\/Nico-verte-ombre20-9-sur-10-scaled.jpg","type":"image\/jpeg"}],"twitter_card":"summary_large_image","twitter_misc":{"Est. reading time":"2 minutes"},"schema":{"@context":"https:\/\/schema.org","@graph":[{"@type":"WebPage","@id":"https:\/\/preprod.dressyourbody.fr\/en\/product\/robe-nico\/","url":"https:\/\/preprod.dressyourbody.fr\/en\/product\/robe-nico\/","name":"Robe Nico - DressYourBody - Patron de couture femme","isPartOf":{"@id":"https:\/\/preprod.dressyourbody.fr\/#website"},"primaryImageOfPage":{"@id":"https:\/\/preprod.dressyourbody.fr\/en\/product\/robe-nico\/#primaryimage"},"image":{"@id":"https:\/\/preprod.dressyourbody.fr\/en\/product\/robe-nico\/#primaryimage"},"thumbnailUrl":"https:\/\/preprod.dressyourbody.fr\/wp-content\/uploads\/2020\/10\/Nico-verte-ombre20-9-sur-10-scaled.jpg","datePublished":"2020-10-14T11:31:50+00:00","dateModified":"2025-07-27T15:01:45+00:00","description":"La robe Nico est une jolie robe cache-c\u0153ur dont les manches raglans avec empi\u00e8cement sur l'\u00e9paule lui apportent orginialit\u00e9 et raffinement.","breadcrumb":{"@id":"https:\/\/preprod.dressyourbody.fr\/en\/product\/robe-nico\/#breadcrumb"},"inLanguage":"en-US","potentialAction":[{"@type":"ReadAction","target":["https:\/\/preprod.dressyourbody.fr\/en\/product\/robe-nico\/"]}]},{"@type":"ImageObject","inLanguage":"en-US","@id":"https:\/\/preprod.dressyourbody.fr\/en\/product\/robe-nico\/#primaryimage","url":"https:\/\/preprod.dressyourbody.fr\/wp-content\/uploads\/2020\/10\/Nico-verte-ombre20-9-sur-10-scaled.jpg","contentUrl":"https:\/\/preprod.dressyourbody.fr\/wp-content\/uploads\/2020\/10\/Nico-verte-ombre20-9-sur-10-scaled.jpg","width":2560,"height":2560,"caption":"Robe Nico"},{"@type":"BreadcrumbList","@id":"https:\/\/preprod.dressyourbody.fr\/en\/product\/robe-nico\/#breadcrumb","itemListElement":[{"@type":"ListItem","position":1,"name":"Accueil","item":"https:\/\/preprod.dressyourbody.fr\/en\/"},{"@type":"ListItem","position":2,"name":"LA BOUTIQUE","item":"https:\/\/preprod.dressyourbody.fr\/en\/?page_id=22934"},{"@type":"ListItem","position":3,"name":"Robe Nico"}]},{"@type":"WebSite","@id":"https:\/\/preprod.dressyourbody.fr\/#website","url":"https:\/\/preprod.dressyourbody.fr\/","name":"DressYourBody","description":"Patrons de couture","publisher":{"@id":"https:\/\/preprod.dressyourbody.fr\/#organization"},"potentialAction":[{"@type":"SearchAction","target":{"@type":"EntryPoint","urlTemplate":"https:\/\/preprod.dressyourbody.fr\/?s={search_term_string}"},"query-input":{"@type":"PropertyValueSpecification","valueRequired":true,"valueName":"search_term_string"}}],"inLanguage":"en-US"},{"@type":"Organization","@id":"https:\/\/preprod.dressyourbody.fr\/#organization","name":"DressYourBody.fr","url":"https:\/\/preprod.dressyourbody.fr\/","logo":{"@type":"ImageObject","inLanguage":"en-US","@id":"https:\/\/preprod.dressyourbody.fr\/#\/schema\/logo\/image\/","url":"https:\/\/preprod.dressyourbody.fr\/wp-content\/uploads\/2018\/07\/Logo-rond.png","contentUrl":"https:\/\/preprod.dressyourbody.fr\/wp-content\/uploads\/2018\/07\/Logo-rond.png","width":451,"height":449,"caption":"DressYourBody.fr"},"image":{"@id":"https:\/\/preprod.dressyourbody.fr\/#\/schema\/logo\/image\/"},"sameAs":["https:\/\/www.facebook.com\/dressyourbody.couture\/","https:\/\/www.instagram.com\/dressyourbody.couture\/","https:\/\/www.linkedin.com\/company\/11295981\/","https:\/\/www.pinterest.fr\/dressyourbody\/","https:\/\/www.youtube.com\/channel\/UCD9FR054rT1zUXmwxImG5vA?view_as=subscriber"]}]}},"_links":{"self":[{"href":"https:\/\/preprod.dressyourbody.fr\/en\/wp-json\/wp\/v2\/product\/22334","targetHints":{"allow":["GET"]}}],"collection":[{"href":"https:\/\/preprod.dressyourbody.fr\/en\/wp-json\/wp\/v2\/product"}],"about":[{"href":"https:\/\/preprod.dressyourbody.fr\/en\/wp-json\/wp\/v2\/types\/product"}],"replies":[{"embeddable":true,"href":"https:\/\/preprod.dressyourbody.fr\/en\/wp-json\/wp\/v2\/comments?post=22334"}],"wp:featuredmedia":[{"embeddable":true,"href":"https:\/\/preprod.dressyourbody.fr\/en\/wp-json\/wp\/v2\/media\/22370"}],"wp:attachment":[{"href":"https:\/\/preprod.dressyourbody.fr\/en\/wp-json\/wp\/v2\/media?parent=22334"}],"wp:term":[{"taxonomy":"product_brand","embeddable":true,"href":"https:\/\/preprod.dressyourbody.fr\/en\/wp-json\/wp\/v2\/product_brand?post=22334"},{"taxonomy":"product_cat","embeddable":true,"href":"https:\/\/preprod.dressyourbody.fr\/en\/wp-json\/wp\/v2\/product_cat?post=22334"},{"taxonomy":"product_tag","embeddable":true,"href":"https:\/\/preprod.dressyourbody.fr\/en\/wp-json\/wp\/v2\/product_tag?post=22334"}],"curies":[{"name":"wp","href":"https:\/\/api.w.org\/{rel}","templated":true}]}}