{"id":22200,"date":"2020-10-12T13:19:01","date_gmt":"2020-10-12T11:19:01","guid":{"rendered":"https:\/\/dressyourbody.fr\/?post_type=product&#038;p=22200"},"modified":"2026-03-09T16:54:48","modified_gmt":"2026-03-09T14:54:48","slug":"blouse-debbie","status":"publish","type":"product","link":"https:\/\/preprod.dressyourbody.fr\/en\/product\/blouse-debbie\/","title":{"rendered":"Blouse Debbie"},"content":{"rendered":"<p>La blouse Debbie est une jolie blouse dont le d\u00e9tail coup de c\u0153ur est incontestablement ses empi\u00e8cements d&rsquo;\u00e9paule qui lui apportent \u00e0 la fois originalit\u00e9 et raffinement.<\/p>\n<p>Le choix de votre tissu et la combinaison des diff\u00e9rentes versions, vous permettront d&rsquo;imprimer le style que vous souhaitez \u00e0 blouse Debbie.<\/p>\n<p>En tissu fluide et avec son col lavalli\u00e8re pour tout miser sur l&rsquo;\u00e9l\u00e9gance, en coton ou m\u00eame sans col pour une version plus simple qui vous accompagnera tous les jours.<\/p>\n<p><strong>TAILLES :<\/strong> Planche de patrons allant de la taille 34 \u00e0 46 soit un tour de poitrine du 81 au 108 cm.\u00a0Vous pouvez \u00e9galement vous r\u00e9f\u00e9rer \u00e0 la <a href=\"#popmake-23087\">grille des tailles<\/a>.<\/p>\n<p><strong>TISSU:<\/strong> Vous pouvez r\u00e9aliser la blouse Debbie dans beaucoup de tissus diff\u00e9rents. Elle sera parfaite en viscose, tencel, lin, coton, soie \u2026. Le tout \u00e9tant d\u2019\u00e9viter les tissus trop \u00e9pais qui ne seraient pas adapt\u00e9s avec l\u2019empi\u00e8cement et les fronces sur l\u2019\u00e9paule.<\/p>\n<p>Sur les versions en photo elle a \u00e9t\u00e9 r\u00e9alis\u00e9e:<\/p>\n<ul>\n<li>en double gaze Vichy de chez Atelier Brunette<\/li>\n<li>en coton noir rayures lurex (coton Sparkling stripes) de chez <a href=\"https:\/\/www.cousette.com\/\" target=\"_blank\" rel=\"noopener noreferrer\">Cousette<\/a><\/li>\n<li>en viscose Jacquard &#8211; Rice couleur brique de chez <a href=\"https:\/\/www.cousette.com\/\" target=\"_blank\" rel=\"noopener noreferrer\">Cousette<\/a>.<\/li>\n<\/ul>\n<p><strong>DIFFICULT\u00c9 :<\/strong> Niveau interm\u00e9diaire.<\/p>\n<p>La r\u00e9alisation de la blouse Debbie ne pr\u00e9sente pas de difficult\u00e9 particuli\u00e8re mais le montage des empi\u00e8cements sur l&rsquo;\u00e9paule ainsi que du col demandent n\u00e9anmoins un petit peu de travail.<\/p>\n<p><strong>D\u00c9TAIL: <\/strong><\/p>\n<ul>\n<li>Avec col lavalli\u00e8re ou sans col<\/li>\n<li>Avec manches longues ou manches 3\/4<\/li>\n<li>Empi\u00e8cement sur l&rsquo;\u00e9paule<\/li>\n<li>Pince poitrine pr\u00e9sente dans les fronces devant<\/li>\n<li>Encolure finie par une parmenture<\/li>\n<li>Manches style bishop finies par un bracelet de manche<\/li>\n<\/ul>","protected":false},"excerpt":{"rendered":"<p>La blouse Debbie est une jolie blouse avec un d\u00e9tail coup de c\u0153ur: ses empi\u00e8cements d\u2019\u00e9paule, tout en rondeur, qui lui apportent \u00e0 la fois originalit\u00e9 et raffinement. Vous pouvez r\u00e9aliser la blouse Debbie avec ou sans son col lavalli\u00e8re.<\/p>\n<ul>\n<li>Patron PDF ou patron POCHETTE<\/li>\n<li>Niveau de couture: interm\u00e9diaire<\/li>\n<li>Planche de patron allant de la T34 \u00e0 T46<\/li>\n<li>VID\u00c9O de montage disponible<\/li>\n<\/ul>\n<div><a class=\"zoli-read-more-link\" href=\"https:\/\/preprod.dressyourbody.fr\/en\/product\/blouse-debbie\/\">Read More<span class=\"lexus-icon-Icon_Next\"><\/span><\/a><\/div>","protected":false},"featured_media":37064,"comment_status":"open","ping_status":"closed","template":"","meta":{"_acf_changed":false},"product_brand":[1278],"product_cat":[1234],"product_tag":[1194,637,1196,639],"class_list":{"0":"post-22200","1":"product","2":"type-product","3":"status-publish","4":"has-post-thumbnail","6":"product_brand-dressyourbody","7":"product_cat-tops","8":"product_tag-couture-facile","9":"product_tag-patron","10":"product_tag-patron-de-robe","11":"product_tag-robe","12":"pa_difficulte-moyen","13":"pa_formatpatron-patron-pdf-format-a4-a0","14":"pa_formatpatron-patronpochette","16":"first","17":"instock","18":"shipping-taxable","19":"purchasable","20":"product-type-variable"},"acf":[],"yoast_head":"<!-- This site is optimized with the Yoast SEO plugin v27.4 - https:\/\/yoast.com\/product\/yoast-seo-wordpress\/ -->\n<title>Blouse Debbie - DressYourBody - Patron de couture femme<\/title>\n<meta name=\"description\" content=\"La blouse Debbie est une jolie blouse dont vous aimerez les empi\u00e8cements d&#039;\u00e9paule qui lui apportent \u00e0 la fois originalit\u00e9 et raffinement.\" \/>\n<meta name=\"robots\" content=\"index, follow, max-snippet:-1, max-image-preview:large, max-video-preview:-1\" \/>\n<link rel=\"canonical\" href=\"https:\/\/preprod.dressyourbody.fr\/en\/product\/blouse-debbie\/\" \/>\n<meta property=\"og:locale\" content=\"en_US\" \/>\n<meta property=\"og:type\" content=\"article\" \/>\n<meta property=\"og:title\" content=\"Blouse Debbie - DressYourBody - Patron de couture femme\" \/>\n<meta property=\"og:description\" content=\"La blouse Debbie est une jolie blouse dont vous aimerez les empi\u00e8cements d&#039;\u00e9paule qui lui apportent \u00e0 la fois originalit\u00e9 et raffinement.\" \/>\n<meta property=\"og:url\" content=\"https:\/\/preprod.dressyourbody.fr\/en\/product\/blouse-debbie\/\" \/>\n<meta property=\"og:site_name\" content=\"Dressyourbody\" \/>\n<meta property=\"article:publisher\" content=\"https:\/\/www.facebook.com\/dressyourbody.couture\/\" \/>\n<meta property=\"article:modified_time\" content=\"2026-03-09T14:54:48+00:00\" \/>\n<meta property=\"og:image\" content=\"https:\/\/preprod.dressyourbody.fr\/wp-content\/uploads\/2020\/10\/patron-blouse-debbie-double-gaze-vichy2.jpg\" \/>\n\t<meta property=\"og:image:width\" content=\"500\" \/>\n\t<meta property=\"og:image:height\" content=\"625\" \/>\n\t<meta property=\"og:image:type\" content=\"image\/jpeg\" \/>\n<meta name=\"twitter:card\" content=\"summary_large_image\" \/>\n<meta name=\"twitter:label1\" content=\"Est. reading time\" \/>\n\t<meta name=\"twitter:data1\" content=\"2 minutes\" \/>\n<script type=\"application\/ld+json\" class=\"yoast-schema-graph\">{\"@context\":\"https:\\\/\\\/schema.org\",\"@graph\":[{\"@type\":\"WebPage\",\"@id\":\"https:\\\/\\\/preprod.dressyourbody.fr\\\/en\\\/product\\\/blouse-debbie\\\/\",\"url\":\"https:\\\/\\\/preprod.dressyourbody.fr\\\/en\\\/product\\\/blouse-debbie\\\/\",\"name\":\"Blouse Debbie - DressYourBody - Patron de couture femme\",\"isPartOf\":{\"@id\":\"https:\\\/\\\/preprod.dressyourbody.fr\\\/#website\"},\"primaryImageOfPage\":{\"@id\":\"https:\\\/\\\/preprod.dressyourbody.fr\\\/en\\\/product\\\/blouse-debbie\\\/#primaryimage\"},\"image\":{\"@id\":\"https:\\\/\\\/preprod.dressyourbody.fr\\\/en\\\/product\\\/blouse-debbie\\\/#primaryimage\"},\"thumbnailUrl\":\"https:\\\/\\\/preprod.dressyourbody.fr\\\/wp-content\\\/uploads\\\/2020\\\/10\\\/patron-blouse-debbie-double-gaze-vichy2.jpg\",\"datePublished\":\"2020-10-12T11:19:01+00:00\",\"dateModified\":\"2026-03-09T14:54:48+00:00\",\"description\":\"La blouse Debbie est une jolie blouse dont vous aimerez les empi\u00e8cements d'\u00e9paule qui lui apportent \u00e0 la fois originalit\u00e9 et raffinement.\",\"breadcrumb\":{\"@id\":\"https:\\\/\\\/preprod.dressyourbody.fr\\\/en\\\/product\\\/blouse-debbie\\\/#breadcrumb\"},\"inLanguage\":\"en-US\",\"potentialAction\":[{\"@type\":\"ReadAction\",\"target\":[\"https:\\\/\\\/preprod.dressyourbody.fr\\\/en\\\/product\\\/blouse-debbie\\\/\"]}]},{\"@type\":\"ImageObject\",\"inLanguage\":\"en-US\",\"@id\":\"https:\\\/\\\/preprod.dressyourbody.fr\\\/en\\\/product\\\/blouse-debbie\\\/#primaryimage\",\"url\":\"https:\\\/\\\/preprod.dressyourbody.fr\\\/wp-content\\\/uploads\\\/2020\\\/10\\\/patron-blouse-debbie-double-gaze-vichy2.jpg\",\"contentUrl\":\"https:\\\/\\\/preprod.dressyourbody.fr\\\/wp-content\\\/uploads\\\/2020\\\/10\\\/patron-blouse-debbie-double-gaze-vichy2.jpg\",\"width\":500,\"height\":625,\"caption\":\"Patron blouse Debbie, r\u00e9alis\u00e9e en double gaze de coton\"},{\"@type\":\"BreadcrumbList\",\"@id\":\"https:\\\/\\\/preprod.dressyourbody.fr\\\/en\\\/product\\\/blouse-debbie\\\/#breadcrumb\",\"itemListElement\":[{\"@type\":\"ListItem\",\"position\":1,\"name\":\"Accueil\",\"item\":\"https:\\\/\\\/preprod.dressyourbody.fr\\\/en\\\/\"},{\"@type\":\"ListItem\",\"position\":2,\"name\":\"LA BOUTIQUE\",\"item\":\"https:\\\/\\\/preprod.dressyourbody.fr\\\/en\\\/?page_id=22934\"},{\"@type\":\"ListItem\",\"position\":3,\"name\":\"Blouse Debbie\"}]},{\"@type\":\"WebSite\",\"@id\":\"https:\\\/\\\/preprod.dressyourbody.fr\\\/#website\",\"url\":\"https:\\\/\\\/preprod.dressyourbody.fr\\\/\",\"name\":\"DressYourBody\",\"description\":\"Patrons de couture\",\"publisher\":{\"@id\":\"https:\\\/\\\/preprod.dressyourbody.fr\\\/#organization\"},\"potentialAction\":[{\"@type\":\"SearchAction\",\"target\":{\"@type\":\"EntryPoint\",\"urlTemplate\":\"https:\\\/\\\/preprod.dressyourbody.fr\\\/?s={search_term_string}\"},\"query-input\":{\"@type\":\"PropertyValueSpecification\",\"valueRequired\":true,\"valueName\":\"search_term_string\"}}],\"inLanguage\":\"en-US\"},{\"@type\":\"Organization\",\"@id\":\"https:\\\/\\\/preprod.dressyourbody.fr\\\/#organization\",\"name\":\"DressYourBody.fr\",\"url\":\"https:\\\/\\\/preprod.dressyourbody.fr\\\/\",\"logo\":{\"@type\":\"ImageObject\",\"inLanguage\":\"en-US\",\"@id\":\"https:\\\/\\\/preprod.dressyourbody.fr\\\/#\\\/schema\\\/logo\\\/image\\\/\",\"url\":\"https:\\\/\\\/preprod.dressyourbody.fr\\\/wp-content\\\/uploads\\\/2018\\\/07\\\/Logo-rond.png\",\"contentUrl\":\"https:\\\/\\\/preprod.dressyourbody.fr\\\/wp-content\\\/uploads\\\/2018\\\/07\\\/Logo-rond.png\",\"width\":451,\"height\":449,\"caption\":\"DressYourBody.fr\"},\"image\":{\"@id\":\"https:\\\/\\\/preprod.dressyourbody.fr\\\/#\\\/schema\\\/logo\\\/image\\\/\"},\"sameAs\":[\"https:\\\/\\\/www.facebook.com\\\/dressyourbody.couture\\\/\",\"https:\\\/\\\/www.instagram.com\\\/dressyourbody.couture\\\/\",\"https:\\\/\\\/www.linkedin.com\\\/company\\\/11295981\\\/\",\"https:\\\/\\\/www.pinterest.fr\\\/dressyourbody\\\/\",\"https:\\\/\\\/www.youtube.com\\\/channel\\\/UCD9FR054rT1zUXmwxImG5vA?view_as=subscriber\"]}]}<\/script>\n<!-- \/ Yoast SEO plugin. -->","yoast_head_json":{"title":"Blouse Debbie - DressYourBody - Patron de couture femme","description":"La blouse Debbie est une jolie blouse dont vous aimerez les empi\u00e8cements d'\u00e9paule qui lui apportent \u00e0 la fois originalit\u00e9 et raffinement.","robots":{"index":"index","follow":"follow","max-snippet":"max-snippet:-1","max-image-preview":"max-image-preview:large","max-video-preview":"max-video-preview:-1"},"canonical":"https:\/\/preprod.dressyourbody.fr\/en\/product\/blouse-debbie\/","og_locale":"en_US","og_type":"article","og_title":"Blouse Debbie - DressYourBody - Patron de couture femme","og_description":"La blouse Debbie est une jolie blouse dont vous aimerez les empi\u00e8cements d'\u00e9paule qui lui apportent \u00e0 la fois originalit\u00e9 et raffinement.","og_url":"https:\/\/preprod.dressyourbody.fr\/en\/product\/blouse-debbie\/","og_site_name":"Dressyourbody","article_publisher":"https:\/\/www.facebook.com\/dressyourbody.couture\/","article_modified_time":"2026-03-09T14:54:48+00:00","og_image":[{"width":500,"height":625,"url":"https:\/\/preprod.dressyourbody.fr\/wp-content\/uploads\/2020\/10\/patron-blouse-debbie-double-gaze-vichy2.jpg","type":"image\/jpeg"}],"twitter_card":"summary_large_image","twitter_misc":{"Est. reading time":"2 minutes"},"schema":{"@context":"https:\/\/schema.org","@graph":[{"@type":"WebPage","@id":"https:\/\/preprod.dressyourbody.fr\/en\/product\/blouse-debbie\/","url":"https:\/\/preprod.dressyourbody.fr\/en\/product\/blouse-debbie\/","name":"Blouse Debbie - DressYourBody - Patron de couture femme","isPartOf":{"@id":"https:\/\/preprod.dressyourbody.fr\/#website"},"primaryImageOfPage":{"@id":"https:\/\/preprod.dressyourbody.fr\/en\/product\/blouse-debbie\/#primaryimage"},"image":{"@id":"https:\/\/preprod.dressyourbody.fr\/en\/product\/blouse-debbie\/#primaryimage"},"thumbnailUrl":"https:\/\/preprod.dressyourbody.fr\/wp-content\/uploads\/2020\/10\/patron-blouse-debbie-double-gaze-vichy2.jpg","datePublished":"2020-10-12T11:19:01+00:00","dateModified":"2026-03-09T14:54:48+00:00","description":"La blouse Debbie est une jolie blouse dont vous aimerez les empi\u00e8cements d'\u00e9paule qui lui apportent \u00e0 la fois originalit\u00e9 et raffinement.","breadcrumb":{"@id":"https:\/\/preprod.dressyourbody.fr\/en\/product\/blouse-debbie\/#breadcrumb"},"inLanguage":"en-US","potentialAction":[{"@type":"ReadAction","target":["https:\/\/preprod.dressyourbody.fr\/en\/product\/blouse-debbie\/"]}]},{"@type":"ImageObject","inLanguage":"en-US","@id":"https:\/\/preprod.dressyourbody.fr\/en\/product\/blouse-debbie\/#primaryimage","url":"https:\/\/preprod.dressyourbody.fr\/wp-content\/uploads\/2020\/10\/patron-blouse-debbie-double-gaze-vichy2.jpg","contentUrl":"https:\/\/preprod.dressyourbody.fr\/wp-content\/uploads\/2020\/10\/patron-blouse-debbie-double-gaze-vichy2.jpg","width":500,"height":625,"caption":"Patron blouse Debbie, r\u00e9alis\u00e9e en double gaze de coton"},{"@type":"BreadcrumbList","@id":"https:\/\/preprod.dressyourbody.fr\/en\/product\/blouse-debbie\/#breadcrumb","itemListElement":[{"@type":"ListItem","position":1,"name":"Accueil","item":"https:\/\/preprod.dressyourbody.fr\/en\/"},{"@type":"ListItem","position":2,"name":"LA BOUTIQUE","item":"https:\/\/preprod.dressyourbody.fr\/en\/?page_id=22934"},{"@type":"ListItem","position":3,"name":"Blouse Debbie"}]},{"@type":"WebSite","@id":"https:\/\/preprod.dressyourbody.fr\/#website","url":"https:\/\/preprod.dressyourbody.fr\/","name":"DressYourBody","description":"Patrons de couture","publisher":{"@id":"https:\/\/preprod.dressyourbody.fr\/#organization"},"potentialAction":[{"@type":"SearchAction","target":{"@type":"EntryPoint","urlTemplate":"https:\/\/preprod.dressyourbody.fr\/?s={search_term_string}"},"query-input":{"@type":"PropertyValueSpecification","valueRequired":true,"valueName":"search_term_string"}}],"inLanguage":"en-US"},{"@type":"Organization","@id":"https:\/\/preprod.dressyourbody.fr\/#organization","name":"DressYourBody.fr","url":"https:\/\/preprod.dressyourbody.fr\/","logo":{"@type":"ImageObject","inLanguage":"en-US","@id":"https:\/\/preprod.dressyourbody.fr\/#\/schema\/logo\/image\/","url":"https:\/\/preprod.dressyourbody.fr\/wp-content\/uploads\/2018\/07\/Logo-rond.png","contentUrl":"https:\/\/preprod.dressyourbody.fr\/wp-content\/uploads\/2018\/07\/Logo-rond.png","width":451,"height":449,"caption":"DressYourBody.fr"},"image":{"@id":"https:\/\/preprod.dressyourbody.fr\/#\/schema\/logo\/image\/"},"sameAs":["https:\/\/www.facebook.com\/dressyourbody.couture\/","https:\/\/www.instagram.com\/dressyourbody.couture\/","https:\/\/www.linkedin.com\/company\/11295981\/","https:\/\/www.pinterest.fr\/dressyourbody\/","https:\/\/www.youtube.com\/channel\/UCD9FR054rT1zUXmwxImG5vA?view_as=subscriber"]}]}},"_links":{"self":[{"href":"https:\/\/preprod.dressyourbody.fr\/en\/wp-json\/wp\/v2\/product\/22200","targetHints":{"allow":["GET"]}}],"collection":[{"href":"https:\/\/preprod.dressyourbody.fr\/en\/wp-json\/wp\/v2\/product"}],"about":[{"href":"https:\/\/preprod.dressyourbody.fr\/en\/wp-json\/wp\/v2\/types\/product"}],"replies":[{"embeddable":true,"href":"https:\/\/preprod.dressyourbody.fr\/en\/wp-json\/wp\/v2\/comments?post=22200"}],"wp:featuredmedia":[{"embeddable":true,"href":"https:\/\/preprod.dressyourbody.fr\/en\/wp-json\/wp\/v2\/media\/37064"}],"wp:attachment":[{"href":"https:\/\/preprod.dressyourbody.fr\/en\/wp-json\/wp\/v2\/media?parent=22200"}],"wp:term":[{"taxonomy":"product_brand","embeddable":true,"href":"https:\/\/preprod.dressyourbody.fr\/en\/wp-json\/wp\/v2\/product_brand?post=22200"},{"taxonomy":"product_cat","embeddable":true,"href":"https:\/\/preprod.dressyourbody.fr\/en\/wp-json\/wp\/v2\/product_cat?post=22200"},{"taxonomy":"product_tag","embeddable":true,"href":"https:\/\/preprod.dressyourbody.fr\/en\/wp-json\/wp\/v2\/product_tag?post=22200"}],"curies":[{"name":"wp","href":"https:\/\/api.w.org\/{rel}","templated":true}]}}