{"id":215,"date":"2017-09-25T21:09:35","date_gmt":"2017-09-25T19:09:35","guid":{"rendered":"https:\/\/dressyourbody.fr\/fr\/?post_type=product&#038;p=215"},"modified":"2025-11-30T21:44:59","modified_gmt":"2025-11-30T19:44:59","slug":"t-shirt-one-way-or-another","status":"publish","type":"product","link":"https:\/\/preprod.dressyourbody.fr\/en\/product\/t-shirt-one-way-or-another\/","title":{"rendered":"T-Shirt \u00ab\u00a0One way or another\u00a0\u00bb"},"content":{"rendered":"<p>Un t-shirt oui mais pas n&rsquo;importe lequel &#8230; j&rsquo;ai d\u00e9port\u00e9 la couture de c\u00f4t\u00e9 sur le devant pour lui donner un c\u00f4t\u00e9 asym\u00e9trique. Le c\u00f4t\u00e9 gauche est plus court que le devant, l&rsquo;occasion de le customiser comme vous le voulez.<\/p>\n<p>Sur le mod\u00e8le j&rsquo;ai ajout\u00e9 une bande de dentelle, discr\u00e8te pour un c\u00f4t\u00e9 raffin\u00e9. Mais on peut aussi jouer sur le motif du tissu comme par exemple des rayures pour accentuer l&rsquo;asym\u00e9trie du tee-shirt. C&rsquo;est \u00e0 vous de voir et de laisser parler votre imagination.<\/p>\n<p>Dans tous les cas il peut se porter bien s\u00fbr avec un jean ou pour un style plus \u00e9l\u00e9gant avec un chino et des escarpins.<\/p>\n<p style=\"color: #777777;\"><strong style=\"font-weight: bolder;\">TAILLES\u00a0<\/strong>: Planche de patrons allant de la taille 34 \u00e0 50 soit un tour de poitrine du 81\u00a0 au 118 cm. Vous pouvez \u00e9galement vous r\u00e9f\u00e9rer \u00e0 la <a class=\"pum-trigger\" href=\"https:\/\/preprod.dressyourbody.fr\/produit\/blouse-amy#popmake-23087\">grille des tailles<\/a>.<\/p>\n<p style=\"color: #777777;\"><strong style=\"font-weight: bolder;\">TISSU\u00a0<\/strong>: Tissu maille comme du jersey.\u00a0Le mod\u00e8le est r\u00e9alis\u00e9 avec du jersey de lin<\/p>\n<p style=\"color: #777777;\"><strong style=\"font-weight: bolder;\">DIFFICULT\u00c9<\/strong> : Niveau interm\u00e9diaire<\/p>\n<p><strong style=\"font-weight: bolder;\">D\u00c9TAIL :<\/strong><\/p>\n<ul>\n<li>Coupe droite<\/li>\n<li>Couture c\u00f4t\u00e9 gauche d\u00e9port\u00e9e sur le devant. Marges de couture apparentes<br \/>\nRevers sur chaque manche (manches non rapport\u00e9es)<\/li>\n<li>Finition biais apparent \u00e0 l&rsquo;encolure<\/li>\n<li>Hauteur Milieu Dos: 57 cm pour une taille 38<\/li>\n<\/ul>\n<p><strong>ZOOM SUR LA DENTELLE :<\/strong><\/p>\n<p>Le patron est bien s\u00fbr accompagn\u00e9 comme d&rsquo;habitude d&rsquo;un guide de montage d\u00e9taill\u00e9 mais voici un compl\u00e9ment en photos\u00a0pour le montage de la dentelle (<a href=\"https:\/\/preprod.dressyourbody.fr\/wp-content\/uploads\/2018\/02\/DYB_Tshirt-One-way-or-antoher_guide-montage-dentelle.pdf\" target=\"_blank\" rel=\"noopener noreferrer\">Tuto montage dentelle<\/a>) !<\/p>","protected":false},"excerpt":{"rendered":"<p><span style=\"color: #ffffff;\">PATRON<\/span><\/p>\n<p><span style=\"color: #ffffff;\">Taille 34 \u00e0 50<\/span><\/p>\n<p><span style=\"color: #ffffff;\">N<\/span> <\/p>\n<div><a class=\"zoli-read-more-link\" href=\"https:\/\/preprod.dressyourbody.fr\/en\/product\/t-shirt-one-way-or-another\/\">Read More<span class=\"lexus-icon-Icon_Next\"><\/span><\/a><\/div>","protected":false},"featured_media":18382,"comment_status":"open","ping_status":"closed","template":"","meta":{"_acf_changed":false},"product_brand":[1278],"product_cat":[1239],"product_tag":[757,641,637],"class_list":{"0":"post-215","1":"product","2":"type-product","3":"status-publish","4":"has-post-thumbnail","6":"product_brand-dressyourbody","7":"product_cat-t-shirts-sweats","8":"product_tag-intermediaire","9":"product_tag-maille","10":"product_tag-patron","11":"pa_difficulte-moyen","12":"pa_formatpatron-patron-pdf-format-a4-a0","13":"pa_formatpatron-patronpochette","15":"first","16":"instock","17":"shipping-taxable","18":"purchasable","19":"product-type-variable"},"acf":[],"yoast_head":"<!-- This site is optimized with the Yoast SEO plugin v27.4 - https:\/\/yoast.com\/product\/yoast-seo-wordpress\/ -->\n<title>T-Shirt One Way or Another- DressYourBody - Patron de couture femme<\/title>\n<meta name=\"description\" content=\"Le t-shirt One way or another, un t-shirt asym\u00e9trique avec le c\u00f4t\u00e9 gauche plus court que le devant! A customiser comme vous le voulez.\" \/>\n<meta name=\"robots\" content=\"index, follow, max-snippet:-1, max-image-preview:large, max-video-preview:-1\" \/>\n<link rel=\"canonical\" href=\"https:\/\/preprod.dressyourbody.fr\/en\/product\/t-shirt-one-way-or-another\/\" \/>\n<meta property=\"og:locale\" content=\"en_US\" \/>\n<meta property=\"og:type\" content=\"article\" \/>\n<meta property=\"og:title\" content=\"T-Shirt One Way or Another- DressYourBody - Patron de couture femme\" \/>\n<meta property=\"og:description\" content=\"Le t-shirt One way or another, un t-shirt asym\u00e9trique avec le c\u00f4t\u00e9 gauche plus court que le devant! A customiser comme vous le voulez.\" \/>\n<meta property=\"og:url\" content=\"https:\/\/preprod.dressyourbody.fr\/en\/product\/t-shirt-one-way-or-another\/\" \/>\n<meta property=\"og:site_name\" content=\"Dressyourbody\" \/>\n<meta property=\"article:publisher\" content=\"https:\/\/www.facebook.com\/dressyourbody.couture\/\" \/>\n<meta property=\"article:modified_time\" content=\"2025-11-30T19:44:59+00:00\" \/>\n<meta property=\"og:image\" content=\"https:\/\/preprod.dressyourbody.fr\/wp-content\/uploads\/2017\/09\/One-way-or-another1.jpg\" \/>\n\t<meta property=\"og:image:width\" content=\"2448\" \/>\n\t<meta property=\"og:image:height\" content=\"2448\" \/>\n\t<meta property=\"og:image:type\" content=\"image\/jpeg\" \/>\n<meta name=\"twitter:card\" content=\"summary_large_image\" \/>\n<meta name=\"twitter:label1\" content=\"Est. reading time\" \/>\n\t<meta name=\"twitter:data1\" content=\"1 minute\" \/>\n<script type=\"application\/ld+json\" class=\"yoast-schema-graph\">{\"@context\":\"https:\\\/\\\/schema.org\",\"@graph\":[{\"@type\":\"WebPage\",\"@id\":\"https:\\\/\\\/preprod.dressyourbody.fr\\\/en\\\/product\\\/t-shirt-one-way-or-another\\\/\",\"url\":\"https:\\\/\\\/preprod.dressyourbody.fr\\\/en\\\/product\\\/t-shirt-one-way-or-another\\\/\",\"name\":\"T-Shirt One Way or Another- DressYourBody - Patron de couture femme\",\"isPartOf\":{\"@id\":\"https:\\\/\\\/preprod.dressyourbody.fr\\\/#website\"},\"primaryImageOfPage\":{\"@id\":\"https:\\\/\\\/preprod.dressyourbody.fr\\\/en\\\/product\\\/t-shirt-one-way-or-another\\\/#primaryimage\"},\"image\":{\"@id\":\"https:\\\/\\\/preprod.dressyourbody.fr\\\/en\\\/product\\\/t-shirt-one-way-or-another\\\/#primaryimage\"},\"thumbnailUrl\":\"https:\\\/\\\/preprod.dressyourbody.fr\\\/wp-content\\\/uploads\\\/2017\\\/09\\\/One-way-or-another1.jpg\",\"datePublished\":\"2017-09-25T19:09:35+00:00\",\"dateModified\":\"2025-11-30T19:44:59+00:00\",\"description\":\"Le t-shirt One way or another, un t-shirt asym\u00e9trique avec le c\u00f4t\u00e9 gauche plus court que le devant! A customiser comme vous le voulez.\",\"breadcrumb\":{\"@id\":\"https:\\\/\\\/preprod.dressyourbody.fr\\\/en\\\/product\\\/t-shirt-one-way-or-another\\\/#breadcrumb\"},\"inLanguage\":\"en-US\",\"potentialAction\":[{\"@type\":\"ReadAction\",\"target\":[\"https:\\\/\\\/preprod.dressyourbody.fr\\\/en\\\/product\\\/t-shirt-one-way-or-another\\\/\"]}]},{\"@type\":\"ImageObject\",\"inLanguage\":\"en-US\",\"@id\":\"https:\\\/\\\/preprod.dressyourbody.fr\\\/en\\\/product\\\/t-shirt-one-way-or-another\\\/#primaryimage\",\"url\":\"https:\\\/\\\/preprod.dressyourbody.fr\\\/wp-content\\\/uploads\\\/2017\\\/09\\\/One-way-or-another1.jpg\",\"contentUrl\":\"https:\\\/\\\/preprod.dressyourbody.fr\\\/wp-content\\\/uploads\\\/2017\\\/09\\\/One-way-or-another1.jpg\",\"width\":2448,\"height\":2448,\"caption\":\"t-shirt one way or another\"},{\"@type\":\"BreadcrumbList\",\"@id\":\"https:\\\/\\\/preprod.dressyourbody.fr\\\/en\\\/product\\\/t-shirt-one-way-or-another\\\/#breadcrumb\",\"itemListElement\":[{\"@type\":\"ListItem\",\"position\":1,\"name\":\"Accueil\",\"item\":\"https:\\\/\\\/preprod.dressyourbody.fr\\\/en\\\/\"},{\"@type\":\"ListItem\",\"position\":2,\"name\":\"LA BOUTIQUE\",\"item\":\"https:\\\/\\\/preprod.dressyourbody.fr\\\/en\\\/?page_id=22934\"},{\"@type\":\"ListItem\",\"position\":3,\"name\":\"T-Shirt \u00ab\u00a0One way or another\u00a0\u00bb\"}]},{\"@type\":\"WebSite\",\"@id\":\"https:\\\/\\\/preprod.dressyourbody.fr\\\/#website\",\"url\":\"https:\\\/\\\/preprod.dressyourbody.fr\\\/\",\"name\":\"DressYourBody\",\"description\":\"Patrons de couture\",\"publisher\":{\"@id\":\"https:\\\/\\\/preprod.dressyourbody.fr\\\/#organization\"},\"potentialAction\":[{\"@type\":\"SearchAction\",\"target\":{\"@type\":\"EntryPoint\",\"urlTemplate\":\"https:\\\/\\\/preprod.dressyourbody.fr\\\/?s={search_term_string}\"},\"query-input\":{\"@type\":\"PropertyValueSpecification\",\"valueRequired\":true,\"valueName\":\"search_term_string\"}}],\"inLanguage\":\"en-US\"},{\"@type\":\"Organization\",\"@id\":\"https:\\\/\\\/preprod.dressyourbody.fr\\\/#organization\",\"name\":\"DressYourBody.fr\",\"url\":\"https:\\\/\\\/preprod.dressyourbody.fr\\\/\",\"logo\":{\"@type\":\"ImageObject\",\"inLanguage\":\"en-US\",\"@id\":\"https:\\\/\\\/preprod.dressyourbody.fr\\\/#\\\/schema\\\/logo\\\/image\\\/\",\"url\":\"https:\\\/\\\/preprod.dressyourbody.fr\\\/wp-content\\\/uploads\\\/2018\\\/07\\\/Logo-rond.png\",\"contentUrl\":\"https:\\\/\\\/preprod.dressyourbody.fr\\\/wp-content\\\/uploads\\\/2018\\\/07\\\/Logo-rond.png\",\"width\":451,\"height\":449,\"caption\":\"DressYourBody.fr\"},\"image\":{\"@id\":\"https:\\\/\\\/preprod.dressyourbody.fr\\\/#\\\/schema\\\/logo\\\/image\\\/\"},\"sameAs\":[\"https:\\\/\\\/www.facebook.com\\\/dressyourbody.couture\\\/\",\"https:\\\/\\\/www.instagram.com\\\/dressyourbody.couture\\\/\",\"https:\\\/\\\/www.linkedin.com\\\/company\\\/11295981\\\/\",\"https:\\\/\\\/www.pinterest.fr\\\/dressyourbody\\\/\",\"https:\\\/\\\/www.youtube.com\\\/channel\\\/UCD9FR054rT1zUXmwxImG5vA?view_as=subscriber\"]}]}<\/script>\n<!-- \/ Yoast SEO plugin. -->","yoast_head_json":{"title":"T-Shirt One Way or Another- DressYourBody - Patron de couture femme","description":"Le t-shirt One way or another, un t-shirt asym\u00e9trique avec le c\u00f4t\u00e9 gauche plus court que le devant! A customiser comme vous le voulez.","robots":{"index":"index","follow":"follow","max-snippet":"max-snippet:-1","max-image-preview":"max-image-preview:large","max-video-preview":"max-video-preview:-1"},"canonical":"https:\/\/preprod.dressyourbody.fr\/en\/product\/t-shirt-one-way-or-another\/","og_locale":"en_US","og_type":"article","og_title":"T-Shirt One Way or Another- DressYourBody - Patron de couture femme","og_description":"Le t-shirt One way or another, un t-shirt asym\u00e9trique avec le c\u00f4t\u00e9 gauche plus court que le devant! A customiser comme vous le voulez.","og_url":"https:\/\/preprod.dressyourbody.fr\/en\/product\/t-shirt-one-way-or-another\/","og_site_name":"Dressyourbody","article_publisher":"https:\/\/www.facebook.com\/dressyourbody.couture\/","article_modified_time":"2025-11-30T19:44:59+00:00","og_image":[{"width":2448,"height":2448,"url":"https:\/\/preprod.dressyourbody.fr\/wp-content\/uploads\/2017\/09\/One-way-or-another1.jpg","type":"image\/jpeg"}],"twitter_card":"summary_large_image","twitter_misc":{"Est. reading time":"1 minute"},"schema":{"@context":"https:\/\/schema.org","@graph":[{"@type":"WebPage","@id":"https:\/\/preprod.dressyourbody.fr\/en\/product\/t-shirt-one-way-or-another\/","url":"https:\/\/preprod.dressyourbody.fr\/en\/product\/t-shirt-one-way-or-another\/","name":"T-Shirt One Way or Another- DressYourBody - Patron de couture femme","isPartOf":{"@id":"https:\/\/preprod.dressyourbody.fr\/#website"},"primaryImageOfPage":{"@id":"https:\/\/preprod.dressyourbody.fr\/en\/product\/t-shirt-one-way-or-another\/#primaryimage"},"image":{"@id":"https:\/\/preprod.dressyourbody.fr\/en\/product\/t-shirt-one-way-or-another\/#primaryimage"},"thumbnailUrl":"https:\/\/preprod.dressyourbody.fr\/wp-content\/uploads\/2017\/09\/One-way-or-another1.jpg","datePublished":"2017-09-25T19:09:35+00:00","dateModified":"2025-11-30T19:44:59+00:00","description":"Le t-shirt One way or another, un t-shirt asym\u00e9trique avec le c\u00f4t\u00e9 gauche plus court que le devant! A customiser comme vous le voulez.","breadcrumb":{"@id":"https:\/\/preprod.dressyourbody.fr\/en\/product\/t-shirt-one-way-or-another\/#breadcrumb"},"inLanguage":"en-US","potentialAction":[{"@type":"ReadAction","target":["https:\/\/preprod.dressyourbody.fr\/en\/product\/t-shirt-one-way-or-another\/"]}]},{"@type":"ImageObject","inLanguage":"en-US","@id":"https:\/\/preprod.dressyourbody.fr\/en\/product\/t-shirt-one-way-or-another\/#primaryimage","url":"https:\/\/preprod.dressyourbody.fr\/wp-content\/uploads\/2017\/09\/One-way-or-another1.jpg","contentUrl":"https:\/\/preprod.dressyourbody.fr\/wp-content\/uploads\/2017\/09\/One-way-or-another1.jpg","width":2448,"height":2448,"caption":"t-shirt one way or another"},{"@type":"BreadcrumbList","@id":"https:\/\/preprod.dressyourbody.fr\/en\/product\/t-shirt-one-way-or-another\/#breadcrumb","itemListElement":[{"@type":"ListItem","position":1,"name":"Accueil","item":"https:\/\/preprod.dressyourbody.fr\/en\/"},{"@type":"ListItem","position":2,"name":"LA BOUTIQUE","item":"https:\/\/preprod.dressyourbody.fr\/en\/?page_id=22934"},{"@type":"ListItem","position":3,"name":"T-Shirt \u00ab\u00a0One way or another\u00a0\u00bb"}]},{"@type":"WebSite","@id":"https:\/\/preprod.dressyourbody.fr\/#website","url":"https:\/\/preprod.dressyourbody.fr\/","name":"DressYourBody","description":"Patrons de couture","publisher":{"@id":"https:\/\/preprod.dressyourbody.fr\/#organization"},"potentialAction":[{"@type":"SearchAction","target":{"@type":"EntryPoint","urlTemplate":"https:\/\/preprod.dressyourbody.fr\/?s={search_term_string}"},"query-input":{"@type":"PropertyValueSpecification","valueRequired":true,"valueName":"search_term_string"}}],"inLanguage":"en-US"},{"@type":"Organization","@id":"https:\/\/preprod.dressyourbody.fr\/#organization","name":"DressYourBody.fr","url":"https:\/\/preprod.dressyourbody.fr\/","logo":{"@type":"ImageObject","inLanguage":"en-US","@id":"https:\/\/preprod.dressyourbody.fr\/#\/schema\/logo\/image\/","url":"https:\/\/preprod.dressyourbody.fr\/wp-content\/uploads\/2018\/07\/Logo-rond.png","contentUrl":"https:\/\/preprod.dressyourbody.fr\/wp-content\/uploads\/2018\/07\/Logo-rond.png","width":451,"height":449,"caption":"DressYourBody.fr"},"image":{"@id":"https:\/\/preprod.dressyourbody.fr\/#\/schema\/logo\/image\/"},"sameAs":["https:\/\/www.facebook.com\/dressyourbody.couture\/","https:\/\/www.instagram.com\/dressyourbody.couture\/","https:\/\/www.linkedin.com\/company\/11295981\/","https:\/\/www.pinterest.fr\/dressyourbody\/","https:\/\/www.youtube.com\/channel\/UCD9FR054rT1zUXmwxImG5vA?view_as=subscriber"]}]}},"_links":{"self":[{"href":"https:\/\/preprod.dressyourbody.fr\/en\/wp-json\/wp\/v2\/product\/215","targetHints":{"allow":["GET"]}}],"collection":[{"href":"https:\/\/preprod.dressyourbody.fr\/en\/wp-json\/wp\/v2\/product"}],"about":[{"href":"https:\/\/preprod.dressyourbody.fr\/en\/wp-json\/wp\/v2\/types\/product"}],"replies":[{"embeddable":true,"href":"https:\/\/preprod.dressyourbody.fr\/en\/wp-json\/wp\/v2\/comments?post=215"}],"wp:featuredmedia":[{"embeddable":true,"href":"https:\/\/preprod.dressyourbody.fr\/en\/wp-json\/wp\/v2\/media\/18382"}],"wp:attachment":[{"href":"https:\/\/preprod.dressyourbody.fr\/en\/wp-json\/wp\/v2\/media?parent=215"}],"wp:term":[{"taxonomy":"product_brand","embeddable":true,"href":"https:\/\/preprod.dressyourbody.fr\/en\/wp-json\/wp\/v2\/product_brand?post=215"},{"taxonomy":"product_cat","embeddable":true,"href":"https:\/\/preprod.dressyourbody.fr\/en\/wp-json\/wp\/v2\/product_cat?post=215"},{"taxonomy":"product_tag","embeddable":true,"href":"https:\/\/preprod.dressyourbody.fr\/en\/wp-json\/wp\/v2\/product_tag?post=215"}],"curies":[{"name":"wp","href":"https:\/\/api.w.org\/{rel}","templated":true}]}}