{"id":21489,"date":"2020-06-03T12:32:49","date_gmt":"2020-06-03T10:32:49","guid":{"rendered":"https:\/\/dressyourbody.fr\/?post_type=product&#038;p=21489"},"modified":"2025-06-13T19:49:05","modified_gmt":"2025-06-13T17:49:05","slug":"jupe-janis","status":"publish","type":"product","link":"https:\/\/preprod.dressyourbody.fr\/en\/product\/jupe-janis\/","title":{"rendered":"Jupe Janis"},"content":{"rendered":"<p>La jupe Janis ou la jupe \u00ab\u00a0Boh\u00eame chic\u00a0\u00bb &#8230;. La jupe Janis est une jupe \u00e0 porter en toute simplicit\u00e9 mais qui vous donnera incontestablement une allure folle.<\/p>\n<p>Sur le c\u00f4t\u00e9, l&#8217;empi\u00e8cement coup\u00e9 dans le biais lui donne un tomb\u00e9 asym\u00e9trique avec un joli mouvement.\u2060 \u2060 Dans tous les cas, la jupe Janis peut se porter aussi bien pour une tenue \u00e9l\u00e9gante en talons que d\u00e9contract\u00e9e avec un t-shirt et des sandales. Bref une jupe pour toutes les occasions que vous pouvez aussi r\u00e9aliser dans une version simplifi\u00e9e sans asym\u00e9trie: \u2013 version A: version asym\u00e9trique avec un empi\u00e8cement en biais sur le c\u00f4t\u00e9 \u2013 version B: version sym\u00e9trique<\/p>\n<p>Et pour vous aider lors du montage, vous pouvez acc\u00e9der au tuto vid\u00e9o de montage sur YouTube: https:\/\/www.youtube.com\/watch?v=iQuQxGAwrus&amp;t=12s<\/p>\n<p><strong>TAILLES :<\/strong> Planche de patrons allant de la taille 34 \u00e0 46. Vous pouvez \u00e9galement vous r\u00e9f\u00e9rer \u00e0 la <a href=\"#popmake-23087\">grille des tailles<\/a>.<\/p>\n<p><strong>TISSU :<\/strong> La jupe Janis peut fonctionner avec beaucoup de tissus diff\u00e9rents. La fluidit\u00e9 du tissu impactera beaucoup le tomb\u00e9 de la jupe et notamment pour la version A, asym\u00e9trique, les tissus souples et fluides seront particuli\u00e8rement adapt\u00e9s. Dans tous les cas, vous pouvez choisir de la viscose, de la soie, du coton\u2026<\/p>\n<p>Sur les versions en photo elle a \u00e9t\u00e9 r\u00e9alis\u00e9e: \u2013 en fibranne viscose fleurie vert \u00e9meuraude de chez <a href=\"https:\/\/www.bennytex.fr\/\" target=\"_blank\" rel=\"noopener noreferrer\">Tissus Bennytex<\/a> \u2013 en viscose \u00ab Shade ocre \u00bb de chez <a href=\"https:\/\/atelierbrunette.com\/\" target=\"_blank\" rel=\"noopener noreferrer\">Atelier Brunette<\/a> \u2013 en soie kaki \u00e0 pois de chez Agn\u00e8s b.<\/p>\n<p><strong>DIFFICULT\u00c9 :<\/strong> Tous niveaux de couture. La r\u00e9alisation de la jupe Janis ne pr\u00e9sente pas de difficult\u00e9 particuli\u00e8re et elle est tr\u00e8s rapide \u00e0 coudre. Le seul point technique est le montage du zip invisible.<\/p>","protected":false},"excerpt":{"rendered":"<p>La jupe Janis ou la jupe \u00ab\u00a0Boh\u00eame chic\u00a0\u00bb &#8230;. La jupe Janis est une jupe \u00e0 porter en toute simplicit\u00e9 mais qui vous donnera incontestablement une allure folle. Sur le c\u00f4t\u00e9, l&#8217;empi\u00e8cement coup\u00e9 dans le biais lui donne un tomb\u00e9 asym\u00e9trique avec un joli mouvement.\u2060 \u2060 Dans tous les cas, la jupe Janis peut se <\/p>\n<div><a class=\"zoli-read-more-link\" href=\"https:\/\/preprod.dressyourbody.fr\/en\/product\/jupe-janis\/\">Read More<span class=\"lexus-icon-Icon_Next\"><\/span><\/a><\/div>","protected":false},"featured_media":21612,"comment_status":"open","ping_status":"closed","template":"","meta":{"_acf_changed":false},"product_brand":[1278],"product_cat":[1235],"product_tag":[1194,1208,637,1206],"class_list":{"0":"post-21489","1":"product","2":"type-product","3":"status-publish","4":"has-post-thumbnail","6":"product_brand-dressyourbody","7":"product_cat-jupes","8":"product_tag-couture-facile","9":"product_tag-jupe","10":"product_tag-patron","11":"product_tag-patron-de-jupe","12":"pa_difficulte-debutant","13":"pa_formatpatron-patron-pdf-format-a4-a0","14":"pa_formatpatron-patronpochette","16":"first","17":"instock","18":"shipping-taxable","19":"purchasable","20":"product-type-variable"},"acf":[],"yoast_head":"<!-- This site is optimized with the Yoast SEO plugin v27.3 - https:\/\/yoast.com\/product\/yoast-seo-wordpress\/ -->\n<title>Jupe Janis - DressYourBody - Patron de couture femme<\/title>\n<meta name=\"description\" content=\"La jupe Janis se porte en toute simplicit\u00e9 mais elle vous donnera incontestablement une allure folle. Pour tous les niveaux de couture!\" \/>\n<meta name=\"robots\" content=\"index, follow, max-snippet:-1, max-image-preview:large, max-video-preview:-1\" \/>\n<link rel=\"canonical\" href=\"https:\/\/preprod.dressyourbody.fr\/en\/product\/jupe-janis\/\" \/>\n<meta property=\"og:locale\" content=\"en_US\" \/>\n<meta property=\"og:type\" content=\"article\" \/>\n<meta property=\"og:title\" content=\"Jupe Janis - DressYourBody - Patron de couture femme\" \/>\n<meta property=\"og:description\" content=\"La jupe Janis se porte en toute simplicit\u00e9 mais elle vous donnera incontestablement une allure folle. Pour tous les niveaux de couture!\" \/>\n<meta property=\"og:url\" content=\"https:\/\/preprod.dressyourbody.fr\/en\/product\/jupe-janis\/\" \/>\n<meta property=\"og:site_name\" content=\"Dressyourbody\" \/>\n<meta property=\"article:publisher\" content=\"https:\/\/www.facebook.com\/dressyourbody.couture\/\" \/>\n<meta property=\"article:modified_time\" content=\"2025-06-13T17:49:05+00:00\" \/>\n<meta property=\"og:image\" content=\"https:\/\/preprod.dressyourbody.fr\/wp-content\/uploads\/2020\/06\/Janis-bennytex1_1-1-sur-1-scaled.jpg\" \/>\n\t<meta property=\"og:image:width\" content=\"2560\" \/>\n\t<meta property=\"og:image:height\" content=\"2560\" \/>\n\t<meta property=\"og:image:type\" content=\"image\/jpeg\" \/>\n<meta name=\"twitter:card\" content=\"summary_large_image\" \/>\n<meta name=\"twitter:label1\" content=\"Est. reading time\" \/>\n\t<meta name=\"twitter:data1\" content=\"2 minutes\" \/>\n<script type=\"application\/ld+json\" class=\"yoast-schema-graph\">{\"@context\":\"https:\\\/\\\/schema.org\",\"@graph\":[{\"@type\":\"WebPage\",\"@id\":\"https:\\\/\\\/preprod.dressyourbody.fr\\\/en\\\/product\\\/jupe-janis\\\/\",\"url\":\"https:\\\/\\\/preprod.dressyourbody.fr\\\/en\\\/product\\\/jupe-janis\\\/\",\"name\":\"Jupe Janis - DressYourBody - Patron de couture femme\",\"isPartOf\":{\"@id\":\"https:\\\/\\\/preprod.dressyourbody.fr\\\/#website\"},\"primaryImageOfPage\":{\"@id\":\"https:\\\/\\\/preprod.dressyourbody.fr\\\/en\\\/product\\\/jupe-janis\\\/#primaryimage\"},\"image\":{\"@id\":\"https:\\\/\\\/preprod.dressyourbody.fr\\\/en\\\/product\\\/jupe-janis\\\/#primaryimage\"},\"thumbnailUrl\":\"https:\\\/\\\/preprod.dressyourbody.fr\\\/wp-content\\\/uploads\\\/2020\\\/06\\\/Janis-bennytex1_1-1-sur-1-scaled.jpg\",\"datePublished\":\"2020-06-03T10:32:49+00:00\",\"dateModified\":\"2025-06-13T17:49:05+00:00\",\"description\":\"La jupe Janis se porte en toute simplicit\u00e9 mais elle vous donnera incontestablement une allure folle. Pour tous les niveaux de couture!\",\"breadcrumb\":{\"@id\":\"https:\\\/\\\/preprod.dressyourbody.fr\\\/en\\\/product\\\/jupe-janis\\\/#breadcrumb\"},\"inLanguage\":\"en-US\",\"potentialAction\":[{\"@type\":\"ReadAction\",\"target\":[\"https:\\\/\\\/preprod.dressyourbody.fr\\\/en\\\/product\\\/jupe-janis\\\/\"]}]},{\"@type\":\"ImageObject\",\"inLanguage\":\"en-US\",\"@id\":\"https:\\\/\\\/preprod.dressyourbody.fr\\\/en\\\/product\\\/jupe-janis\\\/#primaryimage\",\"url\":\"https:\\\/\\\/preprod.dressyourbody.fr\\\/wp-content\\\/uploads\\\/2020\\\/06\\\/Janis-bennytex1_1-1-sur-1-scaled.jpg\",\"contentUrl\":\"https:\\\/\\\/preprod.dressyourbody.fr\\\/wp-content\\\/uploads\\\/2020\\\/06\\\/Janis-bennytex1_1-1-sur-1-scaled.jpg\",\"width\":2560,\"height\":2560,\"caption\":\"Jupe Janis\"},{\"@type\":\"BreadcrumbList\",\"@id\":\"https:\\\/\\\/preprod.dressyourbody.fr\\\/en\\\/product\\\/jupe-janis\\\/#breadcrumb\",\"itemListElement\":[{\"@type\":\"ListItem\",\"position\":1,\"name\":\"Accueil\",\"item\":\"https:\\\/\\\/preprod.dressyourbody.fr\\\/en\\\/\"},{\"@type\":\"ListItem\",\"position\":2,\"name\":\"LA BOUTIQUE\",\"item\":\"https:\\\/\\\/preprod.dressyourbody.fr\\\/en\\\/?page_id=22934\"},{\"@type\":\"ListItem\",\"position\":3,\"name\":\"Jupe Janis\"}]},{\"@type\":\"WebSite\",\"@id\":\"https:\\\/\\\/preprod.dressyourbody.fr\\\/#website\",\"url\":\"https:\\\/\\\/preprod.dressyourbody.fr\\\/\",\"name\":\"DressYourBody\",\"description\":\"Patrons de couture\",\"publisher\":{\"@id\":\"https:\\\/\\\/preprod.dressyourbody.fr\\\/#organization\"},\"potentialAction\":[{\"@type\":\"SearchAction\",\"target\":{\"@type\":\"EntryPoint\",\"urlTemplate\":\"https:\\\/\\\/preprod.dressyourbody.fr\\\/?s={search_term_string}\"},\"query-input\":{\"@type\":\"PropertyValueSpecification\",\"valueRequired\":true,\"valueName\":\"search_term_string\"}}],\"inLanguage\":\"en-US\"},{\"@type\":\"Organization\",\"@id\":\"https:\\\/\\\/preprod.dressyourbody.fr\\\/#organization\",\"name\":\"DressYourBody.fr\",\"url\":\"https:\\\/\\\/preprod.dressyourbody.fr\\\/\",\"logo\":{\"@type\":\"ImageObject\",\"inLanguage\":\"en-US\",\"@id\":\"https:\\\/\\\/preprod.dressyourbody.fr\\\/#\\\/schema\\\/logo\\\/image\\\/\",\"url\":\"https:\\\/\\\/preprod.dressyourbody.fr\\\/wp-content\\\/uploads\\\/2018\\\/07\\\/Logo-rond.png\",\"contentUrl\":\"https:\\\/\\\/preprod.dressyourbody.fr\\\/wp-content\\\/uploads\\\/2018\\\/07\\\/Logo-rond.png\",\"width\":451,\"height\":449,\"caption\":\"DressYourBody.fr\"},\"image\":{\"@id\":\"https:\\\/\\\/preprod.dressyourbody.fr\\\/#\\\/schema\\\/logo\\\/image\\\/\"},\"sameAs\":[\"https:\\\/\\\/www.facebook.com\\\/dressyourbody.couture\\\/\",\"https:\\\/\\\/www.instagram.com\\\/dressyourbody.couture\\\/\",\"https:\\\/\\\/www.linkedin.com\\\/company\\\/11295981\\\/\",\"https:\\\/\\\/www.pinterest.fr\\\/dressyourbody\\\/\",\"https:\\\/\\\/www.youtube.com\\\/channel\\\/UCD9FR054rT1zUXmwxImG5vA?view_as=subscriber\"]}]}<\/script>\n<!-- \/ Yoast SEO plugin. -->","yoast_head_json":{"title":"Jupe Janis - DressYourBody - Patron de couture femme","description":"La jupe Janis se porte en toute simplicit\u00e9 mais elle vous donnera incontestablement une allure folle. Pour tous les niveaux de couture!","robots":{"index":"index","follow":"follow","max-snippet":"max-snippet:-1","max-image-preview":"max-image-preview:large","max-video-preview":"max-video-preview:-1"},"canonical":"https:\/\/preprod.dressyourbody.fr\/en\/product\/jupe-janis\/","og_locale":"en_US","og_type":"article","og_title":"Jupe Janis - DressYourBody - Patron de couture femme","og_description":"La jupe Janis se porte en toute simplicit\u00e9 mais elle vous donnera incontestablement une allure folle. Pour tous les niveaux de couture!","og_url":"https:\/\/preprod.dressyourbody.fr\/en\/product\/jupe-janis\/","og_site_name":"Dressyourbody","article_publisher":"https:\/\/www.facebook.com\/dressyourbody.couture\/","article_modified_time":"2025-06-13T17:49:05+00:00","og_image":[{"width":2560,"height":2560,"url":"https:\/\/preprod.dressyourbody.fr\/wp-content\/uploads\/2020\/06\/Janis-bennytex1_1-1-sur-1-scaled.jpg","type":"image\/jpeg"}],"twitter_card":"summary_large_image","twitter_misc":{"Est. reading time":"2 minutes"},"schema":{"@context":"https:\/\/schema.org","@graph":[{"@type":"WebPage","@id":"https:\/\/preprod.dressyourbody.fr\/en\/product\/jupe-janis\/","url":"https:\/\/preprod.dressyourbody.fr\/en\/product\/jupe-janis\/","name":"Jupe Janis - DressYourBody - Patron de couture femme","isPartOf":{"@id":"https:\/\/preprod.dressyourbody.fr\/#website"},"primaryImageOfPage":{"@id":"https:\/\/preprod.dressyourbody.fr\/en\/product\/jupe-janis\/#primaryimage"},"image":{"@id":"https:\/\/preprod.dressyourbody.fr\/en\/product\/jupe-janis\/#primaryimage"},"thumbnailUrl":"https:\/\/preprod.dressyourbody.fr\/wp-content\/uploads\/2020\/06\/Janis-bennytex1_1-1-sur-1-scaled.jpg","datePublished":"2020-06-03T10:32:49+00:00","dateModified":"2025-06-13T17:49:05+00:00","description":"La jupe Janis se porte en toute simplicit\u00e9 mais elle vous donnera incontestablement une allure folle. Pour tous les niveaux de couture!","breadcrumb":{"@id":"https:\/\/preprod.dressyourbody.fr\/en\/product\/jupe-janis\/#breadcrumb"},"inLanguage":"en-US","potentialAction":[{"@type":"ReadAction","target":["https:\/\/preprod.dressyourbody.fr\/en\/product\/jupe-janis\/"]}]},{"@type":"ImageObject","inLanguage":"en-US","@id":"https:\/\/preprod.dressyourbody.fr\/en\/product\/jupe-janis\/#primaryimage","url":"https:\/\/preprod.dressyourbody.fr\/wp-content\/uploads\/2020\/06\/Janis-bennytex1_1-1-sur-1-scaled.jpg","contentUrl":"https:\/\/preprod.dressyourbody.fr\/wp-content\/uploads\/2020\/06\/Janis-bennytex1_1-1-sur-1-scaled.jpg","width":2560,"height":2560,"caption":"Jupe Janis"},{"@type":"BreadcrumbList","@id":"https:\/\/preprod.dressyourbody.fr\/en\/product\/jupe-janis\/#breadcrumb","itemListElement":[{"@type":"ListItem","position":1,"name":"Accueil","item":"https:\/\/preprod.dressyourbody.fr\/en\/"},{"@type":"ListItem","position":2,"name":"LA BOUTIQUE","item":"https:\/\/preprod.dressyourbody.fr\/en\/?page_id=22934"},{"@type":"ListItem","position":3,"name":"Jupe Janis"}]},{"@type":"WebSite","@id":"https:\/\/preprod.dressyourbody.fr\/#website","url":"https:\/\/preprod.dressyourbody.fr\/","name":"DressYourBody","description":"Patrons de couture","publisher":{"@id":"https:\/\/preprod.dressyourbody.fr\/#organization"},"potentialAction":[{"@type":"SearchAction","target":{"@type":"EntryPoint","urlTemplate":"https:\/\/preprod.dressyourbody.fr\/?s={search_term_string}"},"query-input":{"@type":"PropertyValueSpecification","valueRequired":true,"valueName":"search_term_string"}}],"inLanguage":"en-US"},{"@type":"Organization","@id":"https:\/\/preprod.dressyourbody.fr\/#organization","name":"DressYourBody.fr","url":"https:\/\/preprod.dressyourbody.fr\/","logo":{"@type":"ImageObject","inLanguage":"en-US","@id":"https:\/\/preprod.dressyourbody.fr\/#\/schema\/logo\/image\/","url":"https:\/\/preprod.dressyourbody.fr\/wp-content\/uploads\/2018\/07\/Logo-rond.png","contentUrl":"https:\/\/preprod.dressyourbody.fr\/wp-content\/uploads\/2018\/07\/Logo-rond.png","width":451,"height":449,"caption":"DressYourBody.fr"},"image":{"@id":"https:\/\/preprod.dressyourbody.fr\/#\/schema\/logo\/image\/"},"sameAs":["https:\/\/www.facebook.com\/dressyourbody.couture\/","https:\/\/www.instagram.com\/dressyourbody.couture\/","https:\/\/www.linkedin.com\/company\/11295981\/","https:\/\/www.pinterest.fr\/dressyourbody\/","https:\/\/www.youtube.com\/channel\/UCD9FR054rT1zUXmwxImG5vA?view_as=subscriber"]}]}},"_links":{"self":[{"href":"https:\/\/preprod.dressyourbody.fr\/en\/wp-json\/wp\/v2\/product\/21489","targetHints":{"allow":["GET"]}}],"collection":[{"href":"https:\/\/preprod.dressyourbody.fr\/en\/wp-json\/wp\/v2\/product"}],"about":[{"href":"https:\/\/preprod.dressyourbody.fr\/en\/wp-json\/wp\/v2\/types\/product"}],"replies":[{"embeddable":true,"href":"https:\/\/preprod.dressyourbody.fr\/en\/wp-json\/wp\/v2\/comments?post=21489"}],"wp:featuredmedia":[{"embeddable":true,"href":"https:\/\/preprod.dressyourbody.fr\/en\/wp-json\/wp\/v2\/media\/21612"}],"wp:attachment":[{"href":"https:\/\/preprod.dressyourbody.fr\/en\/wp-json\/wp\/v2\/media?parent=21489"}],"wp:term":[{"taxonomy":"product_brand","embeddable":true,"href":"https:\/\/preprod.dressyourbody.fr\/en\/wp-json\/wp\/v2\/product_brand?post=21489"},{"taxonomy":"product_cat","embeddable":true,"href":"https:\/\/preprod.dressyourbody.fr\/en\/wp-json\/wp\/v2\/product_cat?post=21489"},{"taxonomy":"product_tag","embeddable":true,"href":"https:\/\/preprod.dressyourbody.fr\/en\/wp-json\/wp\/v2\/product_tag?post=21489"}],"curies":[{"name":"wp","href":"https:\/\/api.w.org\/{rel}","templated":true}]}}