{"id":21276,"date":"2020-05-12T08:12:32","date_gmt":"2020-05-12T06:12:32","guid":{"rendered":"https:\/\/dressyourbody.fr\/?post_type=product&#038;p=21276"},"modified":"2026-03-09T16:54:42","modified_gmt":"2026-03-09T14:54:42","slug":"robe-joan","status":"publish","type":"product","link":"https:\/\/preprod.dressyourbody.fr\/en\/product\/robe-joan\/","title":{"rendered":"Robe Joan"},"content":{"rendered":"<p>La robe Joan est une robe chemise ferm\u00e9e sur le devant par une patte polo.<\/p>\n<p>Forme liquette ou droite sur le bas, une couture rabattue sur le dos, des poches prises dans la couture avec surpiq\u00fbres sur le devant et\/ou des poches plaqu\u00e9es poitrine, ce sont plein de jolis d\u00e9tails qui conf\u00e8rent \u00e0 la robe Joan un style \u00e0 la fois simple et \u00e9l\u00e9gant.<\/p>\n<p>Ses manches 3\/4 avec finies par un biais et une petite patte de boutonnage pour les remonter sont parfaites pour l&rsquo;\u00e9t\u00e9, \u00e0 porter en ville ou m\u00eame en sur-maillot pour la plage, vous allez l&rsquo;adorer.<\/p>\n<p><img fetchpriority=\"high\" decoding=\"async\" class=\"alignnone wp-image-39183\" src=\"https:\/\/preprod.dressyourbody.fr\/wp-content\/uploads\/2020\/05\/Robe-Joan-Sketch-droit-poches-plqquees.png\" alt=\"Robe Joan, dessin technique avec col droit et poches plaqu\u00e9es\" width=\"280\" height=\"482\" srcset=\"https:\/\/preprod.dressyourbody.fr\/wp-content\/uploads\/2020\/05\/Robe-Joan-Sketch-droit-poches-plqquees.png 578w, https:\/\/preprod.dressyourbody.fr\/wp-content\/uploads\/2020\/05\/Robe-Joan-Sketch-droit-poches-plqquees-500x862.png 500w, https:\/\/preprod.dressyourbody.fr\/wp-content\/uploads\/2020\/05\/Robe-Joan-Sketch-droit-poches-plqquees-7x12.png 7w, https:\/\/preprod.dressyourbody.fr\/wp-content\/uploads\/2020\/05\/Robe-Joan-Sketch-droit-poches-plqquees-174x300.png 174w\" sizes=\"(max-width: 280px) 100vw, 280px\" \/><img decoding=\"async\" class=\"alignnone wp-image-39184\" src=\"https:\/\/preprod.dressyourbody.fr\/wp-content\/uploads\/2020\/05\/Robe-Joan-Sketch-liquette-poches-cote.png\" alt=\"Robe Joan, dessin technique forme liquette et col chemisier\" width=\"280\" height=\"484\" srcset=\"https:\/\/preprod.dressyourbody.fr\/wp-content\/uploads\/2020\/05\/Robe-Joan-Sketch-liquette-poches-cote.png 578w, https:\/\/preprod.dressyourbody.fr\/wp-content\/uploads\/2020\/05\/Robe-Joan-Sketch-liquette-poches-cote-500x864.png 500w, https:\/\/preprod.dressyourbody.fr\/wp-content\/uploads\/2020\/05\/Robe-Joan-Sketch-liquette-poches-cote-7x12.png 7w, https:\/\/preprod.dressyourbody.fr\/wp-content\/uploads\/2020\/05\/Robe-Joan-Sketch-liquette-poches-cote-174x300.png 174w\" sizes=\"(max-width: 280px) 100vw, 280px\" \/><img decoding=\"async\" class=\"alignnone wp-image-39182\" src=\"https:\/\/preprod.dressyourbody.fr\/wp-content\/uploads\/2020\/05\/Robe-Joan-Sketch-dos.png\" alt=\"Robe Joan, dessin technique vu de dos\" width=\"280\" height=\"475\" srcset=\"https:\/\/preprod.dressyourbody.fr\/wp-content\/uploads\/2020\/05\/Robe-Joan-Sketch-dos.png 575w, https:\/\/preprod.dressyourbody.fr\/wp-content\/uploads\/2020\/05\/Robe-Joan-Sketch-dos-500x848.png 500w, https:\/\/preprod.dressyourbody.fr\/wp-content\/uploads\/2020\/05\/Robe-Joan-Sketch-dos-7x12.png 7w, https:\/\/preprod.dressyourbody.fr\/wp-content\/uploads\/2020\/05\/Robe-Joan-Sketch-dos-177x300.png 177w\" sizes=\"(max-width: 280px) 100vw, 280px\" \/><\/p>\n<p>Et vous avez \u00e9galement la possibilit\u00e9 de choisir parmi 4 cols diff\u00e9rents pour cr\u00e9er \u00ab\u00a0votre\u00a0\u00bb Joan!<\/p>\n<p><img loading=\"lazy\" decoding=\"async\" class=\"alignnone wp-image-39187\" src=\"https:\/\/preprod.dressyourbody.fr\/wp-content\/uploads\/2020\/05\/Col-droit.png\" alt=\"Col droit\" width=\"81\" height=\"50\" srcset=\"https:\/\/preprod.dressyourbody.fr\/wp-content\/uploads\/2020\/05\/Col-droit.png 58w, https:\/\/preprod.dressyourbody.fr\/wp-content\/uploads\/2020\/05\/Col-droit-18x12.png 18w\" sizes=\"(max-width: 81px) 100vw, 81px\" \/>\u00a0 \u00a0 \u00a0 \u00a0 <img loading=\"lazy\" decoding=\"async\" class=\"alignnone wp-image-39188\" src=\"https:\/\/preprod.dressyourbody.fr\/wp-content\/uploads\/2020\/05\/col-a-fronces.png\" alt=\"Col \u00e0 fronces\" width=\"80\" height=\"56\" srcset=\"https:\/\/preprod.dressyourbody.fr\/wp-content\/uploads\/2020\/05\/col-a-fronces.png 66w, https:\/\/preprod.dressyourbody.fr\/wp-content\/uploads\/2020\/05\/col-a-fronces-18x12.png 18w\" sizes=\"(max-width: 80px) 100vw, 80px\" \/>\u00a0 \u00a0 \u00a0 \u00a0<img loading=\"lazy\" decoding=\"async\" class=\"alignnone wp-image-39189\" src=\"https:\/\/preprod.dressyourbody.fr\/wp-content\/uploads\/2020\/05\/col-chemisier.png\" alt=\"Col chemisier\" width=\"78\" height=\"46\" srcset=\"https:\/\/preprod.dressyourbody.fr\/wp-content\/uploads\/2020\/05\/col-chemisier.png 66w, https:\/\/preprod.dressyourbody.fr\/wp-content\/uploads\/2020\/05\/col-chemisier-18x12.png 18w\" sizes=\"(max-width: 78px) 100vw, 78px\" \/>\u00a0 \u00a0 \u00a0 \u00a0<img loading=\"lazy\" decoding=\"async\" class=\"alignnone wp-image-39190\" src=\"https:\/\/preprod.dressyourbody.fr\/wp-content\/uploads\/2020\/05\/col-mao.png\" alt=\"Col mao\" width=\"80\" height=\"53\" srcset=\"https:\/\/preprod.dressyourbody.fr\/wp-content\/uploads\/2020\/05\/col-mao.png 66w, https:\/\/preprod.dressyourbody.fr\/wp-content\/uploads\/2020\/05\/col-mao-18x12.png 18w\" sizes=\"(max-width: 80px) 100vw, 80px\" \/><\/p>\n<p>&nbsp;<\/p>\n<p><strong>TAILLES :<\/strong> Planche de patrons allant de la taille 34 \u00e0 46 soit un tour de poitrine du 81 au 108 cm.\u00a0Vous pouvez \u00e9galement vous r\u00e9f\u00e9rer \u00e0 la <a href=\"#popmake-23087\">grille des tailles<\/a>.<\/p>\n<p><strong>TISSU :<\/strong> La robe Joan peut peut \u00eatre r\u00e9alis\u00e9e dans beaucoup de tissu diff\u00e9rents. Vous pouvez prendre du coton, du lin, du tencel, de la viscose \u2026<\/p>\n<p>Sur les versions en photo elle a \u00e9t\u00e9 r\u00e9alis\u00e9e:<\/p>\n<ul>\n<li>en coton chambray bleu de chez Frou-Frou<\/li>\n<li>en coton et lin vert de chez Tissu.net<\/li>\n<li>en popeline couleur Pecan Pie de chez Atelier Brunette<\/li>\n<\/ul>\n<p>&nbsp;<\/p>\n<p><strong>DIFFICULT\u00c9 :<\/strong> Niveau exp\u00e9riment\u00e9 La r\u00e9alisation de la robe Joan n\u00e9cessite de la pr\u00e9cision pour arriver \u00e0 faire une belle finition au niveau de la patte polo.<\/p>\n<p><strong>D\u00c9TAIL :<\/strong><\/p>\n<ul>\n<li>Robe chemise forme droite ou forme liquette<\/li>\n<li>Patte polo sur le devant<\/li>\n<li>Cols chemisier, droit, mao ou \u00e0 fronces<\/li>\n<li>2 poches dans la couture, avec surpiq\u00fbre sur le devant<\/li>\n<li>2 poches plaqu\u00e9es poitrine<\/li>\n<li>Manches 3\/4 finies par un biais<\/li>\n<li>Patte de boutonnage pour remonter les manches<\/li>\n<\/ul>","protected":false},"excerpt":{"rendered":"<p>La robe Joan est une robe chemise ferm\u00e9e sur le devant par une patte polo. Forme liquette ou droite sur le bas, une couture rabattue sur le dos, des poches prises dans la couture avec surpiq\u00fbres sur le devant et\/ou des poches plaqu\u00e9es poitrine, ce sont plein de jolis d\u00e9tails qui conf\u00e8rent \u00e0 la robe <\/p>\n<div><a class=\"zoli-read-more-link\" href=\"https:\/\/preprod.dressyourbody.fr\/en\/product\/robe-joan\/\">Read More<span class=\"lexus-icon-Icon_Next\"><\/span><\/a><\/div>","protected":false},"featured_media":39322,"comment_status":"open","ping_status":"closed","template":"","meta":{"_acf_changed":false},"product_brand":[1278],"product_cat":[1254,1233],"product_tag":[1194,637,1196,639],"class_list":{"0":"post-21276","1":"product","2":"type-product","3":"status-publish","4":"has-post-thumbnail","6":"product_brand-dressyourbody","7":"product_cat-nouveautes","8":"product_cat-robes","9":"product_tag-couture-facile","10":"product_tag-patron","11":"product_tag-patron-de-robe","12":"product_tag-robe","13":"pa_difficulte-expert","14":"pa_formatpatron-patron-pdf-format-a4-a0","15":"pa_formatpatron-patronpochette","17":"first","18":"instock","19":"featured","20":"shipping-taxable","21":"purchasable","22":"product-type-variable"},"acf":[],"yoast_head":"<!-- This site is optimized with the Yoast SEO plugin v27.3 - https:\/\/yoast.com\/product\/yoast-seo-wordpress\/ -->\n<title>Robe Joan - DressYourBody - Patron de couture femme<\/title>\n<meta name=\"description\" content=\"La robe Joan est une robe chemise\u00a0avec une patte polo. D\u00e9couvrez tous les jolis d\u00e9tails de cette petite robe parfaite pour l&#039;\u00e9t\u00e9!\" \/>\n<meta name=\"robots\" content=\"index, follow, max-snippet:-1, max-image-preview:large, max-video-preview:-1\" \/>\n<link rel=\"canonical\" href=\"https:\/\/preprod.dressyourbody.fr\/en\/product\/robe-joan\/\" \/>\n<meta property=\"og:locale\" content=\"en_US\" \/>\n<meta property=\"og:type\" content=\"article\" \/>\n<meta property=\"og:title\" content=\"Robe Joan - DressYourBody - Patron de couture femme\" \/>\n<meta property=\"og:description\" content=\"La robe Joan est une robe chemise\u00a0avec une patte polo. D\u00e9couvrez tous les jolis d\u00e9tails de cette petite robe parfaite pour l&#039;\u00e9t\u00e9!\" \/>\n<meta property=\"og:url\" content=\"https:\/\/preprod.dressyourbody.fr\/en\/product\/robe-joan\/\" \/>\n<meta property=\"og:site_name\" content=\"Dressyourbody\" \/>\n<meta property=\"article:publisher\" content=\"https:\/\/www.facebook.com\/dressyourbody.couture\/\" \/>\n<meta property=\"article:modified_time\" content=\"2026-03-09T14:54:42+00:00\" \/>\n<meta property=\"og:image\" content=\"https:\/\/preprod.dressyourbody.fr\/wp-content\/uploads\/2020\/05\/robe-joan-popeline-atelier-brunette0.jpg\" \/>\n\t<meta property=\"og:image:width\" content=\"500\" \/>\n\t<meta property=\"og:image:height\" content=\"625\" \/>\n\t<meta property=\"og:image:type\" content=\"image\/jpeg\" \/>\n<meta name=\"twitter:card\" content=\"summary_large_image\" \/>\n<meta name=\"twitter:label1\" content=\"Est. reading time\" \/>\n\t<meta name=\"twitter:data1\" content=\"3 minutes\" \/>\n<script type=\"application\/ld+json\" class=\"yoast-schema-graph\">{\"@context\":\"https:\\\/\\\/schema.org\",\"@graph\":[{\"@type\":\"WebPage\",\"@id\":\"https:\\\/\\\/preprod.dressyourbody.fr\\\/en\\\/product\\\/robe-joan\\\/\",\"url\":\"https:\\\/\\\/preprod.dressyourbody.fr\\\/en\\\/product\\\/robe-joan\\\/\",\"name\":\"Robe Joan - DressYourBody - Patron de couture femme\",\"isPartOf\":{\"@id\":\"https:\\\/\\\/preprod.dressyourbody.fr\\\/#website\"},\"primaryImageOfPage\":{\"@id\":\"https:\\\/\\\/preprod.dressyourbody.fr\\\/en\\\/product\\\/robe-joan\\\/#primaryimage\"},\"image\":{\"@id\":\"https:\\\/\\\/preprod.dressyourbody.fr\\\/en\\\/product\\\/robe-joan\\\/#primaryimage\"},\"thumbnailUrl\":\"https:\\\/\\\/preprod.dressyourbody.fr\\\/wp-content\\\/uploads\\\/2020\\\/05\\\/robe-joan-popeline-atelier-brunette0.jpg\",\"datePublished\":\"2020-05-12T06:12:32+00:00\",\"dateModified\":\"2026-03-09T14:54:42+00:00\",\"description\":\"La robe Joan est une robe chemise\u00a0avec une patte polo. D\u00e9couvrez tous les jolis d\u00e9tails de cette petite robe parfaite pour l'\u00e9t\u00e9!\",\"breadcrumb\":{\"@id\":\"https:\\\/\\\/preprod.dressyourbody.fr\\\/en\\\/product\\\/robe-joan\\\/#breadcrumb\"},\"inLanguage\":\"en-US\",\"potentialAction\":[{\"@type\":\"ReadAction\",\"target\":[\"https:\\\/\\\/preprod.dressyourbody.fr\\\/en\\\/product\\\/robe-joan\\\/\"]}]},{\"@type\":\"ImageObject\",\"inLanguage\":\"en-US\",\"@id\":\"https:\\\/\\\/preprod.dressyourbody.fr\\\/en\\\/product\\\/robe-joan\\\/#primaryimage\",\"url\":\"https:\\\/\\\/preprod.dressyourbody.fr\\\/wp-content\\\/uploads\\\/2020\\\/05\\\/robe-joan-popeline-atelier-brunette0.jpg\",\"contentUrl\":\"https:\\\/\\\/preprod.dressyourbody.fr\\\/wp-content\\\/uploads\\\/2020\\\/05\\\/robe-joan-popeline-atelier-brunette0.jpg\",\"width\":500,\"height\":625,\"caption\":\"Robe Joan en popeline Atelier Brunette\"},{\"@type\":\"BreadcrumbList\",\"@id\":\"https:\\\/\\\/preprod.dressyourbody.fr\\\/en\\\/product\\\/robe-joan\\\/#breadcrumb\",\"itemListElement\":[{\"@type\":\"ListItem\",\"position\":1,\"name\":\"Accueil\",\"item\":\"https:\\\/\\\/preprod.dressyourbody.fr\\\/en\\\/\"},{\"@type\":\"ListItem\",\"position\":2,\"name\":\"LA BOUTIQUE\",\"item\":\"https:\\\/\\\/preprod.dressyourbody.fr\\\/en\\\/?page_id=22934\"},{\"@type\":\"ListItem\",\"position\":3,\"name\":\"Robe Joan\"}]},{\"@type\":\"WebSite\",\"@id\":\"https:\\\/\\\/preprod.dressyourbody.fr\\\/#website\",\"url\":\"https:\\\/\\\/preprod.dressyourbody.fr\\\/\",\"name\":\"DressYourBody\",\"description\":\"Patrons de couture\",\"publisher\":{\"@id\":\"https:\\\/\\\/preprod.dressyourbody.fr\\\/#organization\"},\"potentialAction\":[{\"@type\":\"SearchAction\",\"target\":{\"@type\":\"EntryPoint\",\"urlTemplate\":\"https:\\\/\\\/preprod.dressyourbody.fr\\\/?s={search_term_string}\"},\"query-input\":{\"@type\":\"PropertyValueSpecification\",\"valueRequired\":true,\"valueName\":\"search_term_string\"}}],\"inLanguage\":\"en-US\"},{\"@type\":\"Organization\",\"@id\":\"https:\\\/\\\/preprod.dressyourbody.fr\\\/#organization\",\"name\":\"DressYourBody.fr\",\"url\":\"https:\\\/\\\/preprod.dressyourbody.fr\\\/\",\"logo\":{\"@type\":\"ImageObject\",\"inLanguage\":\"en-US\",\"@id\":\"https:\\\/\\\/preprod.dressyourbody.fr\\\/#\\\/schema\\\/logo\\\/image\\\/\",\"url\":\"https:\\\/\\\/preprod.dressyourbody.fr\\\/wp-content\\\/uploads\\\/2018\\\/07\\\/Logo-rond.png\",\"contentUrl\":\"https:\\\/\\\/preprod.dressyourbody.fr\\\/wp-content\\\/uploads\\\/2018\\\/07\\\/Logo-rond.png\",\"width\":451,\"height\":449,\"caption\":\"DressYourBody.fr\"},\"image\":{\"@id\":\"https:\\\/\\\/preprod.dressyourbody.fr\\\/#\\\/schema\\\/logo\\\/image\\\/\"},\"sameAs\":[\"https:\\\/\\\/www.facebook.com\\\/dressyourbody.couture\\\/\",\"https:\\\/\\\/www.instagram.com\\\/dressyourbody.couture\\\/\",\"https:\\\/\\\/www.linkedin.com\\\/company\\\/11295981\\\/\",\"https:\\\/\\\/www.pinterest.fr\\\/dressyourbody\\\/\",\"https:\\\/\\\/www.youtube.com\\\/channel\\\/UCD9FR054rT1zUXmwxImG5vA?view_as=subscriber\"]}]}<\/script>\n<!-- \/ Yoast SEO plugin. -->","yoast_head_json":{"title":"Robe Joan - DressYourBody - Patron de couture femme","description":"La robe Joan est une robe chemise\u00a0avec une patte polo. D\u00e9couvrez tous les jolis d\u00e9tails de cette petite robe parfaite pour l'\u00e9t\u00e9!","robots":{"index":"index","follow":"follow","max-snippet":"max-snippet:-1","max-image-preview":"max-image-preview:large","max-video-preview":"max-video-preview:-1"},"canonical":"https:\/\/preprod.dressyourbody.fr\/en\/product\/robe-joan\/","og_locale":"en_US","og_type":"article","og_title":"Robe Joan - DressYourBody - Patron de couture femme","og_description":"La robe Joan est une robe chemise\u00a0avec une patte polo. D\u00e9couvrez tous les jolis d\u00e9tails de cette petite robe parfaite pour l'\u00e9t\u00e9!","og_url":"https:\/\/preprod.dressyourbody.fr\/en\/product\/robe-joan\/","og_site_name":"Dressyourbody","article_publisher":"https:\/\/www.facebook.com\/dressyourbody.couture\/","article_modified_time":"2026-03-09T14:54:42+00:00","og_image":[{"width":500,"height":625,"url":"https:\/\/preprod.dressyourbody.fr\/wp-content\/uploads\/2020\/05\/robe-joan-popeline-atelier-brunette0.jpg","type":"image\/jpeg"}],"twitter_card":"summary_large_image","twitter_misc":{"Est. reading time":"3 minutes"},"schema":{"@context":"https:\/\/schema.org","@graph":[{"@type":"WebPage","@id":"https:\/\/preprod.dressyourbody.fr\/en\/product\/robe-joan\/","url":"https:\/\/preprod.dressyourbody.fr\/en\/product\/robe-joan\/","name":"Robe Joan - DressYourBody - Patron de couture femme","isPartOf":{"@id":"https:\/\/preprod.dressyourbody.fr\/#website"},"primaryImageOfPage":{"@id":"https:\/\/preprod.dressyourbody.fr\/en\/product\/robe-joan\/#primaryimage"},"image":{"@id":"https:\/\/preprod.dressyourbody.fr\/en\/product\/robe-joan\/#primaryimage"},"thumbnailUrl":"https:\/\/preprod.dressyourbody.fr\/wp-content\/uploads\/2020\/05\/robe-joan-popeline-atelier-brunette0.jpg","datePublished":"2020-05-12T06:12:32+00:00","dateModified":"2026-03-09T14:54:42+00:00","description":"La robe Joan est une robe chemise\u00a0avec une patte polo. D\u00e9couvrez tous les jolis d\u00e9tails de cette petite robe parfaite pour l'\u00e9t\u00e9!","breadcrumb":{"@id":"https:\/\/preprod.dressyourbody.fr\/en\/product\/robe-joan\/#breadcrumb"},"inLanguage":"en-US","potentialAction":[{"@type":"ReadAction","target":["https:\/\/preprod.dressyourbody.fr\/en\/product\/robe-joan\/"]}]},{"@type":"ImageObject","inLanguage":"en-US","@id":"https:\/\/preprod.dressyourbody.fr\/en\/product\/robe-joan\/#primaryimage","url":"https:\/\/preprod.dressyourbody.fr\/wp-content\/uploads\/2020\/05\/robe-joan-popeline-atelier-brunette0.jpg","contentUrl":"https:\/\/preprod.dressyourbody.fr\/wp-content\/uploads\/2020\/05\/robe-joan-popeline-atelier-brunette0.jpg","width":500,"height":625,"caption":"Robe Joan en popeline Atelier Brunette"},{"@type":"BreadcrumbList","@id":"https:\/\/preprod.dressyourbody.fr\/en\/product\/robe-joan\/#breadcrumb","itemListElement":[{"@type":"ListItem","position":1,"name":"Accueil","item":"https:\/\/preprod.dressyourbody.fr\/en\/"},{"@type":"ListItem","position":2,"name":"LA BOUTIQUE","item":"https:\/\/preprod.dressyourbody.fr\/en\/?page_id=22934"},{"@type":"ListItem","position":3,"name":"Robe Joan"}]},{"@type":"WebSite","@id":"https:\/\/preprod.dressyourbody.fr\/#website","url":"https:\/\/preprod.dressyourbody.fr\/","name":"DressYourBody","description":"Patrons de couture","publisher":{"@id":"https:\/\/preprod.dressyourbody.fr\/#organization"},"potentialAction":[{"@type":"SearchAction","target":{"@type":"EntryPoint","urlTemplate":"https:\/\/preprod.dressyourbody.fr\/?s={search_term_string}"},"query-input":{"@type":"PropertyValueSpecification","valueRequired":true,"valueName":"search_term_string"}}],"inLanguage":"en-US"},{"@type":"Organization","@id":"https:\/\/preprod.dressyourbody.fr\/#organization","name":"DressYourBody.fr","url":"https:\/\/preprod.dressyourbody.fr\/","logo":{"@type":"ImageObject","inLanguage":"en-US","@id":"https:\/\/preprod.dressyourbody.fr\/#\/schema\/logo\/image\/","url":"https:\/\/preprod.dressyourbody.fr\/wp-content\/uploads\/2018\/07\/Logo-rond.png","contentUrl":"https:\/\/preprod.dressyourbody.fr\/wp-content\/uploads\/2018\/07\/Logo-rond.png","width":451,"height":449,"caption":"DressYourBody.fr"},"image":{"@id":"https:\/\/preprod.dressyourbody.fr\/#\/schema\/logo\/image\/"},"sameAs":["https:\/\/www.facebook.com\/dressyourbody.couture\/","https:\/\/www.instagram.com\/dressyourbody.couture\/","https:\/\/www.linkedin.com\/company\/11295981\/","https:\/\/www.pinterest.fr\/dressyourbody\/","https:\/\/www.youtube.com\/channel\/UCD9FR054rT1zUXmwxImG5vA?view_as=subscriber"]}]}},"_links":{"self":[{"href":"https:\/\/preprod.dressyourbody.fr\/en\/wp-json\/wp\/v2\/product\/21276","targetHints":{"allow":["GET"]}}],"collection":[{"href":"https:\/\/preprod.dressyourbody.fr\/en\/wp-json\/wp\/v2\/product"}],"about":[{"href":"https:\/\/preprod.dressyourbody.fr\/en\/wp-json\/wp\/v2\/types\/product"}],"replies":[{"embeddable":true,"href":"https:\/\/preprod.dressyourbody.fr\/en\/wp-json\/wp\/v2\/comments?post=21276"}],"wp:featuredmedia":[{"embeddable":true,"href":"https:\/\/preprod.dressyourbody.fr\/en\/wp-json\/wp\/v2\/media\/39322"}],"wp:attachment":[{"href":"https:\/\/preprod.dressyourbody.fr\/en\/wp-json\/wp\/v2\/media?parent=21276"}],"wp:term":[{"taxonomy":"product_brand","embeddable":true,"href":"https:\/\/preprod.dressyourbody.fr\/en\/wp-json\/wp\/v2\/product_brand?post=21276"},{"taxonomy":"product_cat","embeddable":true,"href":"https:\/\/preprod.dressyourbody.fr\/en\/wp-json\/wp\/v2\/product_cat?post=21276"},{"taxonomy":"product_tag","embeddable":true,"href":"https:\/\/preprod.dressyourbody.fr\/en\/wp-json\/wp\/v2\/product_tag?post=21276"}],"curies":[{"name":"wp","href":"https:\/\/api.w.org\/{rel}","templated":true}]}}