{"id":20651,"date":"2020-03-27T16:09:59","date_gmt":"2020-03-27T14:09:59","guid":{"rendered":"https:\/\/dressyourbody.fr\/?post_type=product&#038;p=20651"},"modified":"2026-03-09T16:54:47","modified_gmt":"2026-03-09T14:54:47","slug":"blouse-patti","status":"publish","type":"product","link":"https:\/\/preprod.dressyourbody.fr\/en\/product\/blouse-patti\/","title":{"rendered":"Blouse Patti"},"content":{"rendered":"<p>La blouse Patti est une petite blouse trap\u00e8ze, aux lignes simples et \u00e9pur\u00e9es. Sa patte de boutonnage dos et ses jolies manches gonflantes dont le volume vient enrober l&rsquo;\u00e9paule, lui apportent raffinement et f\u00e9minit\u00e9. Et pour lui donner une petite touche r\u00e9tro, la blouse Patti peut se d\u00e9cliner dans une version avec un faux-col Claudine sur le devant. Petit col tr\u00e8s sympa \u00e0 r\u00e9aliser pour un effet garanti!<\/p>\n<p>A vous de jouer sur les mati\u00e8res et les transparences pour lui apporter caract\u00e8re et originalit\u00e9!<\/p>\n<p>&nbsp;<\/p>\n<p><img decoding=\"async\" class=\"alignnone wp-image-37058\" src=\"https:\/\/preprod.dressyourbody.fr\/wp-content\/uploads\/2020\/03\/Sketch-BeW_sans-col-293x300.png\" alt=\"\" width=\"189\" height=\"194\" srcset=\"https:\/\/preprod.dressyourbody.fr\/wp-content\/uploads\/2020\/03\/Sketch-BeW_sans-col-293x300.png 293w, https:\/\/preprod.dressyourbody.fr\/wp-content\/uploads\/2020\/03\/Sketch-BeW_sans-col-500x512.png 500w, https:\/\/preprod.dressyourbody.fr\/wp-content\/uploads\/2020\/03\/Sketch-BeW_sans-col-768x787.png 768w, https:\/\/preprod.dressyourbody.fr\/wp-content\/uploads\/2020\/03\/Sketch-BeW_sans-col-1499x1536.png 1499w, https:\/\/preprod.dressyourbody.fr\/wp-content\/uploads\/2020\/03\/Sketch-BeW_sans-col-1998x2048.png 1998w, https:\/\/preprod.dressyourbody.fr\/wp-content\/uploads\/2020\/03\/Sketch-BeW_sans-col-12x12.png 12w, https:\/\/preprod.dressyourbody.fr\/wp-content\/uploads\/2020\/03\/Sketch-BeW_sans-col-50x50.png 50w\" sizes=\"(max-width: 189px) 100vw, 189px\" \/> <img decoding=\"async\" class=\"alignnone wp-image-37059\" src=\"https:\/\/preprod.dressyourbody.fr\/wp-content\/uploads\/2020\/03\/Sketch-BeW_dos-296x300.png\" alt=\"\" width=\"185\" height=\"188\" srcset=\"https:\/\/preprod.dressyourbody.fr\/wp-content\/uploads\/2020\/03\/Sketch-BeW_dos-296x300.png 296w, https:\/\/preprod.dressyourbody.fr\/wp-content\/uploads\/2020\/03\/Sketch-BeW_dos-500x506.png 500w, https:\/\/preprod.dressyourbody.fr\/wp-content\/uploads\/2020\/03\/Sketch-BeW_dos-768x777.png 768w, https:\/\/preprod.dressyourbody.fr\/wp-content\/uploads\/2020\/03\/Sketch-BeW_dos-1517x1536.png 1517w, https:\/\/preprod.dressyourbody.fr\/wp-content\/uploads\/2020\/03\/Sketch-BeW_dos-2023x2048.png 2023w, https:\/\/preprod.dressyourbody.fr\/wp-content\/uploads\/2020\/03\/Sketch-BeW_dos-12x12.png 12w, https:\/\/preprod.dressyourbody.fr\/wp-content\/uploads\/2020\/03\/Sketch-BeW_dos-50x50.png 50w\" sizes=\"(max-width: 185px) 100vw, 185px\" \/><\/p>\n<p>&nbsp;<\/p>\n<p><strong>TAILLES :<\/strong> planche de patrons allant de la taille 34 \u00e0 46 soit un tour de poitrine allant de 81 \u00e0 108 cm.\u00a0Vous pouvez \u00e9galement vous r\u00e9f\u00e9rer \u00e0 la <a href=\"#popmake-23087\">grille des tailles<\/a>.<\/p>\n<p><strong>TISSU :<\/strong> La blouse Patti est une blouse trap\u00e8ze, donc \u00e9vas\u00e9e sur le bas. Des tissus fluides donneront \u00e0 la blouse un tomb\u00e9 souple. Des tissus plus raides comme la broderie anglaise, du plumetis coton, mettront plus en avant le c\u00f4t\u00e9 trap\u00e8ze de la blouse. Beaucoup de tissus sont donc adapt\u00e9s \u00e0 la r\u00e9alisation de la blouse Patti et vous pouvez prendre de la viscose, du tencel, de la soie, du coton, de la broderie anglaise &#8230;<\/p>\n<p>Sur les versions en photo elle a \u00e9t\u00e9 r\u00e9alis\u00e9e:<\/p>\n<ul>\n<li>en soie noire et tulle plumetis<\/li>\n<li>en coton plumetis vert de chez <a href=\"https:\/\/www.marchesaintpierre.com\/\" target=\"_blank\" rel=\"noopener noreferrer\">Dreyfus (March\u00e9 Saint-Pierre)<\/a><\/li>\n<li>en broderie anglaise de chez <a href=\"https:\/\/les-coupons-de-saint-pierre.fr\/\" target=\"_blank\" rel=\"noopener noreferrer\">Les Coupons de Saint Pierre<\/a><\/li>\n<\/ul>\n<p><strong>DIFFICULT\u00c9 :<\/strong> Tous niveaux de couture<\/p>\n<p>La r\u00e9alisation de la blouse Patti ne pr\u00e9sente pas de difficult\u00e9 particuli\u00e8re et elle est par cons\u00e9quent accessible m\u00eame aux d\u00e9butantes. Et n\u00e9anmoins, si vous d\u00e9marrez la couture, optez plut\u00f4t pour la version A sans le faux col. La r\u00e9alisation de la blouse Patti vous permettra en plus d&rsquo;apprendre \u00e0 faire de jolies finitions comme le montage du biais sur l&rsquo;encolure sous la patte de boutonnage dos.<\/p>\n<p><strong>D\u00c9TAIL :<\/strong><\/p>\n<ul>\n<li>Blouse trap\u00e8ze<\/li>\n<li>Manches gonflantes (fronc\u00e9es sur le dessus) qui enveloppent l&rsquo;\u00e9paule<\/li>\n<li>Patte de boutonnage dos<\/li>\n<li>VERSION A: col rond<\/li>\n<li>VERSION B: col rond avec faux-col Claudine<\/li>\n<li>Pour les 2 versions, finition du col avec un biais mont\u00e9 sous la patte de boutonnage.<\/li>\n<\/ul>","protected":false},"excerpt":{"rendered":"<p>Le patron Patti revient tr\u00e8s vite avec de nouvelles options!!!<\/p>\n<p>A bient\u00f4t! <\/p>\n<div><a class=\"zoli-read-more-link\" href=\"https:\/\/preprod.dressyourbody.fr\/en\/product\/blouse-patti\/\">Read More<span class=\"lexus-icon-Icon_Next\"><\/span><\/a><\/div>","protected":false},"featured_media":37055,"comment_status":"open","ping_status":"closed","template":"","meta":{"_acf_changed":false},"product_brand":[1278],"product_cat":[1234],"product_tag":[1194,637,1196,639],"class_list":{"0":"post-20651","1":"product","2":"type-product","3":"status-publish","4":"has-post-thumbnail","6":"product_brand-dressyourbody","7":"product_cat-tops","8":"product_tag-couture-facile","9":"product_tag-patron","10":"product_tag-patron-de-robe","11":"product_tag-robe","12":"pa_difficulte-debutant","13":"pa_formatpatron-patron-pdf-format-a4-a0","14":"pa_formatpatron-patronpochette","16":"first","17":"instock","18":"shipping-taxable","19":"purchasable","20":"product-type-variable"},"acf":[],"yoast_head":"<!-- This site is optimized with the Yoast SEO plugin v27.4 - https:\/\/yoast.com\/product\/yoast-seo-wordpress\/ -->\n<title>Blouse Patti - DressYourBody - Patron de couture femme<\/title>\n<meta name=\"description\" content=\"La blouse Patti est une blouse trap\u00e8ze, \u00e0 la ligne \u00e9pur\u00e9e, dont la manche fronc\u00e9e enveloppe parfaitement l&#039;\u00e9paule. Boutonnage dos.\" \/>\n<meta name=\"robots\" content=\"index, follow, max-snippet:-1, max-image-preview:large, max-video-preview:-1\" \/>\n<link rel=\"canonical\" href=\"https:\/\/preprod.dressyourbody.fr\/en\/product\/blouse-patti\/\" \/>\n<meta property=\"og:locale\" content=\"en_US\" \/>\n<meta property=\"og:type\" content=\"article\" \/>\n<meta property=\"og:title\" content=\"Blouse Patti - DressYourBody - Patron de couture femme\" \/>\n<meta property=\"og:description\" content=\"La blouse Patti est une blouse trap\u00e8ze, \u00e0 la ligne \u00e9pur\u00e9e, dont la manche fronc\u00e9e enveloppe parfaitement l&#039;\u00e9paule. Boutonnage dos.\" \/>\n<meta property=\"og:url\" content=\"https:\/\/preprod.dressyourbody.fr\/en\/product\/blouse-patti\/\" \/>\n<meta property=\"og:site_name\" content=\"Dressyourbody\" \/>\n<meta property=\"article:publisher\" content=\"https:\/\/www.facebook.com\/dressyourbody.couture\/\" \/>\n<meta property=\"article:modified_time\" content=\"2026-03-09T14:54:47+00:00\" \/>\n<meta property=\"og:image\" content=\"https:\/\/preprod.dressyourbody.fr\/wp-content\/uploads\/2024\/04\/patron-blouse-patti-borderie-anglaise8.jpg\" \/>\n\t<meta property=\"og:image:width\" content=\"500\" \/>\n\t<meta property=\"og:image:height\" content=\"625\" \/>\n\t<meta property=\"og:image:type\" content=\"image\/jpeg\" \/>\n<meta name=\"twitter:card\" content=\"summary_large_image\" \/>\n<meta name=\"twitter:label1\" content=\"Est. reading time\" \/>\n\t<meta name=\"twitter:data1\" content=\"3 minutes\" \/>\n<script type=\"application\/ld+json\" class=\"yoast-schema-graph\">{\"@context\":\"https:\\\/\\\/schema.org\",\"@graph\":[{\"@type\":\"WebPage\",\"@id\":\"https:\\\/\\\/preprod.dressyourbody.fr\\\/en\\\/product\\\/blouse-patti\\\/\",\"url\":\"https:\\\/\\\/preprod.dressyourbody.fr\\\/en\\\/product\\\/blouse-patti\\\/\",\"name\":\"Blouse Patti - DressYourBody - Patron de couture femme\",\"isPartOf\":{\"@id\":\"https:\\\/\\\/preprod.dressyourbody.fr\\\/#website\"},\"primaryImageOfPage\":{\"@id\":\"https:\\\/\\\/preprod.dressyourbody.fr\\\/en\\\/product\\\/blouse-patti\\\/#primaryimage\"},\"image\":{\"@id\":\"https:\\\/\\\/preprod.dressyourbody.fr\\\/en\\\/product\\\/blouse-patti\\\/#primaryimage\"},\"thumbnailUrl\":\"https:\\\/\\\/preprod.dressyourbody.fr\\\/wp-content\\\/uploads\\\/2024\\\/04\\\/patron-blouse-patti-borderie-anglaise8.jpg\",\"datePublished\":\"2020-03-27T14:09:59+00:00\",\"dateModified\":\"2026-03-09T14:54:47+00:00\",\"description\":\"La blouse Patti est une blouse trap\u00e8ze, \u00e0 la ligne \u00e9pur\u00e9e, dont la manche fronc\u00e9e enveloppe parfaitement l'\u00e9paule. Boutonnage dos.\",\"breadcrumb\":{\"@id\":\"https:\\\/\\\/preprod.dressyourbody.fr\\\/en\\\/product\\\/blouse-patti\\\/#breadcrumb\"},\"inLanguage\":\"en-US\",\"potentialAction\":[{\"@type\":\"ReadAction\",\"target\":[\"https:\\\/\\\/preprod.dressyourbody.fr\\\/en\\\/product\\\/blouse-patti\\\/\"]}]},{\"@type\":\"ImageObject\",\"inLanguage\":\"en-US\",\"@id\":\"https:\\\/\\\/preprod.dressyourbody.fr\\\/en\\\/product\\\/blouse-patti\\\/#primaryimage\",\"url\":\"https:\\\/\\\/preprod.dressyourbody.fr\\\/wp-content\\\/uploads\\\/2024\\\/04\\\/patron-blouse-patti-borderie-anglaise8.jpg\",\"contentUrl\":\"https:\\\/\\\/preprod.dressyourbody.fr\\\/wp-content\\\/uploads\\\/2024\\\/04\\\/patron-blouse-patti-borderie-anglaise8.jpg\",\"width\":500,\"height\":625,\"caption\":\"Patron de la blouse Patti r\u00e9alis\u00e9e en broderie anglaise\"},{\"@type\":\"BreadcrumbList\",\"@id\":\"https:\\\/\\\/preprod.dressyourbody.fr\\\/en\\\/product\\\/blouse-patti\\\/#breadcrumb\",\"itemListElement\":[{\"@type\":\"ListItem\",\"position\":1,\"name\":\"Accueil\",\"item\":\"https:\\\/\\\/preprod.dressyourbody.fr\\\/en\\\/\"},{\"@type\":\"ListItem\",\"position\":2,\"name\":\"LA BOUTIQUE\",\"item\":\"https:\\\/\\\/preprod.dressyourbody.fr\\\/en\\\/?page_id=22934\"},{\"@type\":\"ListItem\",\"position\":3,\"name\":\"Blouse Patti\"}]},{\"@type\":\"WebSite\",\"@id\":\"https:\\\/\\\/preprod.dressyourbody.fr\\\/#website\",\"url\":\"https:\\\/\\\/preprod.dressyourbody.fr\\\/\",\"name\":\"DressYourBody\",\"description\":\"Patrons de couture\",\"publisher\":{\"@id\":\"https:\\\/\\\/preprod.dressyourbody.fr\\\/#organization\"},\"potentialAction\":[{\"@type\":\"SearchAction\",\"target\":{\"@type\":\"EntryPoint\",\"urlTemplate\":\"https:\\\/\\\/preprod.dressyourbody.fr\\\/?s={search_term_string}\"},\"query-input\":{\"@type\":\"PropertyValueSpecification\",\"valueRequired\":true,\"valueName\":\"search_term_string\"}}],\"inLanguage\":\"en-US\"},{\"@type\":\"Organization\",\"@id\":\"https:\\\/\\\/preprod.dressyourbody.fr\\\/#organization\",\"name\":\"DressYourBody.fr\",\"url\":\"https:\\\/\\\/preprod.dressyourbody.fr\\\/\",\"logo\":{\"@type\":\"ImageObject\",\"inLanguage\":\"en-US\",\"@id\":\"https:\\\/\\\/preprod.dressyourbody.fr\\\/#\\\/schema\\\/logo\\\/image\\\/\",\"url\":\"https:\\\/\\\/preprod.dressyourbody.fr\\\/wp-content\\\/uploads\\\/2018\\\/07\\\/Logo-rond.png\",\"contentUrl\":\"https:\\\/\\\/preprod.dressyourbody.fr\\\/wp-content\\\/uploads\\\/2018\\\/07\\\/Logo-rond.png\",\"width\":451,\"height\":449,\"caption\":\"DressYourBody.fr\"},\"image\":{\"@id\":\"https:\\\/\\\/preprod.dressyourbody.fr\\\/#\\\/schema\\\/logo\\\/image\\\/\"},\"sameAs\":[\"https:\\\/\\\/www.facebook.com\\\/dressyourbody.couture\\\/\",\"https:\\\/\\\/www.instagram.com\\\/dressyourbody.couture\\\/\",\"https:\\\/\\\/www.linkedin.com\\\/company\\\/11295981\\\/\",\"https:\\\/\\\/www.pinterest.fr\\\/dressyourbody\\\/\",\"https:\\\/\\\/www.youtube.com\\\/channel\\\/UCD9FR054rT1zUXmwxImG5vA?view_as=subscriber\"]}]}<\/script>\n<!-- \/ Yoast SEO plugin. -->","yoast_head_json":{"title":"Blouse Patti - DressYourBody - Patron de couture femme","description":"La blouse Patti est une blouse trap\u00e8ze, \u00e0 la ligne \u00e9pur\u00e9e, dont la manche fronc\u00e9e enveloppe parfaitement l'\u00e9paule. Boutonnage dos.","robots":{"index":"index","follow":"follow","max-snippet":"max-snippet:-1","max-image-preview":"max-image-preview:large","max-video-preview":"max-video-preview:-1"},"canonical":"https:\/\/preprod.dressyourbody.fr\/en\/product\/blouse-patti\/","og_locale":"en_US","og_type":"article","og_title":"Blouse Patti - DressYourBody - Patron de couture femme","og_description":"La blouse Patti est une blouse trap\u00e8ze, \u00e0 la ligne \u00e9pur\u00e9e, dont la manche fronc\u00e9e enveloppe parfaitement l'\u00e9paule. Boutonnage dos.","og_url":"https:\/\/preprod.dressyourbody.fr\/en\/product\/blouse-patti\/","og_site_name":"Dressyourbody","article_publisher":"https:\/\/www.facebook.com\/dressyourbody.couture\/","article_modified_time":"2026-03-09T14:54:47+00:00","og_image":[{"width":500,"height":625,"url":"https:\/\/preprod.dressyourbody.fr\/wp-content\/uploads\/2024\/04\/patron-blouse-patti-borderie-anglaise8.jpg","type":"image\/jpeg"}],"twitter_card":"summary_large_image","twitter_misc":{"Est. reading time":"3 minutes"},"schema":{"@context":"https:\/\/schema.org","@graph":[{"@type":"WebPage","@id":"https:\/\/preprod.dressyourbody.fr\/en\/product\/blouse-patti\/","url":"https:\/\/preprod.dressyourbody.fr\/en\/product\/blouse-patti\/","name":"Blouse Patti - DressYourBody - Patron de couture femme","isPartOf":{"@id":"https:\/\/preprod.dressyourbody.fr\/#website"},"primaryImageOfPage":{"@id":"https:\/\/preprod.dressyourbody.fr\/en\/product\/blouse-patti\/#primaryimage"},"image":{"@id":"https:\/\/preprod.dressyourbody.fr\/en\/product\/blouse-patti\/#primaryimage"},"thumbnailUrl":"https:\/\/preprod.dressyourbody.fr\/wp-content\/uploads\/2024\/04\/patron-blouse-patti-borderie-anglaise8.jpg","datePublished":"2020-03-27T14:09:59+00:00","dateModified":"2026-03-09T14:54:47+00:00","description":"La blouse Patti est une blouse trap\u00e8ze, \u00e0 la ligne \u00e9pur\u00e9e, dont la manche fronc\u00e9e enveloppe parfaitement l'\u00e9paule. Boutonnage dos.","breadcrumb":{"@id":"https:\/\/preprod.dressyourbody.fr\/en\/product\/blouse-patti\/#breadcrumb"},"inLanguage":"en-US","potentialAction":[{"@type":"ReadAction","target":["https:\/\/preprod.dressyourbody.fr\/en\/product\/blouse-patti\/"]}]},{"@type":"ImageObject","inLanguage":"en-US","@id":"https:\/\/preprod.dressyourbody.fr\/en\/product\/blouse-patti\/#primaryimage","url":"https:\/\/preprod.dressyourbody.fr\/wp-content\/uploads\/2024\/04\/patron-blouse-patti-borderie-anglaise8.jpg","contentUrl":"https:\/\/preprod.dressyourbody.fr\/wp-content\/uploads\/2024\/04\/patron-blouse-patti-borderie-anglaise8.jpg","width":500,"height":625,"caption":"Patron de la blouse Patti r\u00e9alis\u00e9e en broderie anglaise"},{"@type":"BreadcrumbList","@id":"https:\/\/preprod.dressyourbody.fr\/en\/product\/blouse-patti\/#breadcrumb","itemListElement":[{"@type":"ListItem","position":1,"name":"Accueil","item":"https:\/\/preprod.dressyourbody.fr\/en\/"},{"@type":"ListItem","position":2,"name":"LA BOUTIQUE","item":"https:\/\/preprod.dressyourbody.fr\/en\/?page_id=22934"},{"@type":"ListItem","position":3,"name":"Blouse Patti"}]},{"@type":"WebSite","@id":"https:\/\/preprod.dressyourbody.fr\/#website","url":"https:\/\/preprod.dressyourbody.fr\/","name":"DressYourBody","description":"Patrons de couture","publisher":{"@id":"https:\/\/preprod.dressyourbody.fr\/#organization"},"potentialAction":[{"@type":"SearchAction","target":{"@type":"EntryPoint","urlTemplate":"https:\/\/preprod.dressyourbody.fr\/?s={search_term_string}"},"query-input":{"@type":"PropertyValueSpecification","valueRequired":true,"valueName":"search_term_string"}}],"inLanguage":"en-US"},{"@type":"Organization","@id":"https:\/\/preprod.dressyourbody.fr\/#organization","name":"DressYourBody.fr","url":"https:\/\/preprod.dressyourbody.fr\/","logo":{"@type":"ImageObject","inLanguage":"en-US","@id":"https:\/\/preprod.dressyourbody.fr\/#\/schema\/logo\/image\/","url":"https:\/\/preprod.dressyourbody.fr\/wp-content\/uploads\/2018\/07\/Logo-rond.png","contentUrl":"https:\/\/preprod.dressyourbody.fr\/wp-content\/uploads\/2018\/07\/Logo-rond.png","width":451,"height":449,"caption":"DressYourBody.fr"},"image":{"@id":"https:\/\/preprod.dressyourbody.fr\/#\/schema\/logo\/image\/"},"sameAs":["https:\/\/www.facebook.com\/dressyourbody.couture\/","https:\/\/www.instagram.com\/dressyourbody.couture\/","https:\/\/www.linkedin.com\/company\/11295981\/","https:\/\/www.pinterest.fr\/dressyourbody\/","https:\/\/www.youtube.com\/channel\/UCD9FR054rT1zUXmwxImG5vA?view_as=subscriber"]}]}},"_links":{"self":[{"href":"https:\/\/preprod.dressyourbody.fr\/en\/wp-json\/wp\/v2\/product\/20651","targetHints":{"allow":["GET"]}}],"collection":[{"href":"https:\/\/preprod.dressyourbody.fr\/en\/wp-json\/wp\/v2\/product"}],"about":[{"href":"https:\/\/preprod.dressyourbody.fr\/en\/wp-json\/wp\/v2\/types\/product"}],"replies":[{"embeddable":true,"href":"https:\/\/preprod.dressyourbody.fr\/en\/wp-json\/wp\/v2\/comments?post=20651"}],"wp:featuredmedia":[{"embeddable":true,"href":"https:\/\/preprod.dressyourbody.fr\/en\/wp-json\/wp\/v2\/media\/37055"}],"wp:attachment":[{"href":"https:\/\/preprod.dressyourbody.fr\/en\/wp-json\/wp\/v2\/media?parent=20651"}],"wp:term":[{"taxonomy":"product_brand","embeddable":true,"href":"https:\/\/preprod.dressyourbody.fr\/en\/wp-json\/wp\/v2\/product_brand?post=20651"},{"taxonomy":"product_cat","embeddable":true,"href":"https:\/\/preprod.dressyourbody.fr\/en\/wp-json\/wp\/v2\/product_cat?post=20651"},{"taxonomy":"product_tag","embeddable":true,"href":"https:\/\/preprod.dressyourbody.fr\/en\/wp-json\/wp\/v2\/product_tag?post=20651"}],"curies":[{"name":"wp","href":"https:\/\/api.w.org\/{rel}","templated":true}]}}