{"id":19605,"date":"2019-11-05T22:27:14","date_gmt":"2019-11-05T20:27:14","guid":{"rendered":"https:\/\/dressyourbody.fr\/?post_type=product&#038;p=19605"},"modified":"2025-09-15T09:07:59","modified_gmt":"2025-09-15T07:07:59","slug":"robe-divine","status":"publish","type":"product","link":"https:\/\/preprod.dressyourbody.fr\/en\/product\/robe-divine\/","title":{"rendered":"Robe Divine"},"content":{"rendered":"<p>La robe Divine est une robe tr\u00e8s sp\u00e9ciale &#8230; car elle a \u00e9t\u00e9 con\u00e7ue \u00e0 4 mains et c&rsquo;est la premi\u00e8re collaboration de DressYourBody!<\/p>\n<p>Elle est le fruit d&rsquo;un travail commun avec Virginie @nomdunecouture et nous avons cr\u00e9\u00e9 notre robe, une robe qui peut se d\u00e9cliner de diff\u00e9rentes fa\u00e7ons pour lui donner le style que vous voulez.<\/p>\n<p>Ainsi vous pouvez jouer sur la longueur de la jupe, la finition des poches, la fa\u00e7on de positionner le col \u00e0 fronces et m\u00eame ne pas le mettre du tout.<\/p>\n<p>Dans tous les cas la robe Divine sera r\u00e9solument une robe confortable avec sa taille \u00e9lastiqu\u00e9e et ses manches longues, une robe \u00e0 porter en toutes occasions.<\/p>\n<p>La robe Divine est compatible avec le Bar \u00e0 manches\u00a0\u00bb. Alors pour changer de style ou pour une version \u00e9t\u00e9 avec manches courtes, vous pouvez t\u00e9l\u00e9charger gratuitement et utiliser les manches du <a href=\"https:\/\/preprod.dressyourbody.fr\/fr\/categorie-produit\/manches\" target=\"_blank\" rel=\"noopener noreferrer\">\u00ab\u00a0Bar \u00e0 manches\u00a0\u00bb<\/a> DressYourBody.<\/p>\n<p><strong>TAILLES <\/strong>: Planche de patrons allant de la taille 34 \u00e0 46 soit un tour de poitrine du 81\u00a0 au 108 cm. Vous pouvez \u00e9galement vous r\u00e9f\u00e9rer \u00e0 la <a class=\"pum-trigger\" href=\"https:\/\/preprod.dressyourbody.fr\/fr\/produit\/robe-divine#popmake-23087\">grille des tailles<\/a>.<\/p>\n<p><strong>TISSU <\/strong>:<\/p>\n<p>La robe Divine est faite pour \u00eatre r\u00e9alis\u00e9e dans des tissus souples et plut\u00f4t fluides. La fluidit\u00e9 de la mati\u00e8re est en effet n\u00e9cessaire pour apporter un joli tomb\u00e9 et la souplesse vous permettra de l\u2019enfiler facilement par la t\u00eate. Des tissus trop raides comme de la toile ou trop \u00e9pais ne sont pas adapt\u00e9s.<\/p>\n<p>Vous pouvez donc utiliser des tissus tels que de la viscose, du tencel, du cupro \u2026<\/p>\n<p>Sur les versions en photo elle a \u00e9t\u00e9 r\u00e9alis\u00e9e:<\/p>\n<ul>\n<li>en viscose \u00ab Urban Leo \u00bb de chez <a href=\"https:\/\/www.metermeter.dk\/\" target=\"_blank\" rel=\"noopener noreferrer\">Metermeter<\/a><\/li>\n<li>en viscose \/ cupro l\u00e9opard kaki de chez <a href=\"https:\/\/www.sacres-coupons.com\/\" target=\"_blank\" rel=\"noopener noreferrer\">Sacr\u00e9s Coupons<\/a><\/li>\n<li>en viscose bleue de chez <a href=\"https:\/\/lisetailor.com\/\" target=\"_blank\" rel=\"noopener noreferrer\">Lise Tailor<\/a><\/li>\n<\/ul>\n<p><strong>DIFFICULT\u00c9<\/strong>\u00a0: Tous niveaux de couture<\/p>\n<p>La r\u00e9alisation de la robe Divine ne pr\u00e9sente pas de difficult\u00e9 particuli\u00e8re. Il n&rsquo;y a pas de fermeture \u00e9clair, pas de poignet, de boutonni\u00e8re &#8230; elle est par cons\u00e9quent accessible m\u00eame aux d\u00e9butantes. Et si vous souhaitez vraiment simplifier le montage, il suffit de ne pas mettre le col fronc\u00e9s ni de volants aux poches!<\/p>\n<p><strong>D\u00c9TAIL :<\/strong><\/p>\n<ul>\n<li>Haut blousant et jupe fronc\u00e9e, les deux \u00e9tant reli\u00e9s par une coulisse et un \u00e9lastique<\/li>\n<li>Col en V avec 2 types de cols: un col fronc\u00e9 relev\u00e9 ou un col fronc\u00e9 rabattu<\/li>\n<li>Les manches longues ont un \u00e9lastique pour les resserrer afin de ne pas avoir de bracelet de manche, ni de boutonni\u00e8re \u00e0 cr\u00e9er<\/li>\n<li>2 poches sur le devant, arrondies et l\u00e9g\u00e8rement \u00ab d\u00e9coll\u00e9es \u00bb de la jupe<\/li>\n<li>Possibilit\u00e9 de mettre des volants sur les poches. Comme pour le col, les volants peuvent \u00eatre relev\u00e9s ou rabattus sur la poche.<\/li>\n<\/ul>","protected":false},"excerpt":{"rendered":"<p>La robe Divine est une robe tr\u00e8s sp\u00e9ciale &#8230; car elle a \u00e9t\u00e9 con\u00e7ue \u00e0 4 mains et c&rsquo;est la premi\u00e8re collaboration de DressYourBody! Elle est le fruit d&rsquo;un travail commun avec Virginie @nomdunecouture et nous avons cr\u00e9\u00e9 notre robe, une robe qui peut se d\u00e9cliner de diff\u00e9rentes fa\u00e7ons pour lui donner le style que <\/p>\n<div><a class=\"zoli-read-more-link\" href=\"https:\/\/preprod.dressyourbody.fr\/en\/product\/robe-divine\/\">Read More<span class=\"lexus-icon-Icon_Next\"><\/span><\/a><\/div>","protected":false},"featured_media":19628,"comment_status":"open","ping_status":"closed","template":"","meta":{"_acf_changed":false},"product_brand":[1278],"product_cat":[1233],"product_tag":[1194,637,1196,639],"class_list":{"0":"post-19605","1":"product","2":"type-product","3":"status-publish","4":"has-post-thumbnail","6":"product_brand-dressyourbody","7":"product_cat-robes","8":"product_tag-couture-facile","9":"product_tag-patron","10":"product_tag-patron-de-robe","11":"product_tag-robe","12":"pa_difficulte-debutant","13":"pa_formatpatron-patron-pdf-format-a4-a0","14":"pa_formatpatron-patronpochette","16":"first","17":"instock","18":"shipping-taxable","19":"purchasable","20":"product-type-variable"},"acf":[],"yoast_head":"<!-- This site is optimized with the Yoast SEO plugin v27.3 - https:\/\/yoast.com\/product\/yoast-seo-wordpress\/ -->\n<title>RobeDivine - DressYourBody - Patron de couture femme<\/title>\n<meta name=\"description\" content=\"La robe Divine est un patron de robe confortable avec sa taille \u00e9lastiqu\u00e9e et ses et ses jolies poches ... \u00e0 porter en toutes occasions.\" \/>\n<meta name=\"robots\" content=\"index, follow, max-snippet:-1, max-image-preview:large, max-video-preview:-1\" \/>\n<link rel=\"canonical\" href=\"https:\/\/preprod.dressyourbody.fr\/en\/product\/robe-divine\/\" \/>\n<meta property=\"og:locale\" content=\"en_US\" \/>\n<meta property=\"og:type\" content=\"article\" \/>\n<meta property=\"og:title\" content=\"RobeDivine - DressYourBody - Patron de couture femme\" \/>\n<meta property=\"og:description\" content=\"La robe Divine est un patron de robe confortable avec sa taille \u00e9lastiqu\u00e9e et ses et ses jolies poches ... \u00e0 porter en toutes occasions.\" \/>\n<meta property=\"og:url\" content=\"https:\/\/preprod.dressyourbody.fr\/en\/product\/robe-divine\/\" \/>\n<meta property=\"og:site_name\" content=\"Dressyourbody\" \/>\n<meta property=\"article:publisher\" content=\"https:\/\/www.facebook.com\/dressyourbody.couture\/\" \/>\n<meta property=\"article:modified_time\" content=\"2025-09-15T07:07:59+00:00\" \/>\n<meta property=\"og:image\" content=\"https:\/\/preprod.dressyourbody.fr\/wp-content\/uploads\/2019\/11\/20191105_1455010-2.jpg\" \/>\n\t<meta property=\"og:image:width\" content=\"2047\" \/>\n\t<meta property=\"og:image:height\" content=\"2048\" \/>\n\t<meta property=\"og:image:type\" content=\"image\/jpeg\" \/>\n<meta name=\"twitter:card\" content=\"summary_large_image\" \/>\n<meta name=\"twitter:label1\" content=\"Est. reading time\" \/>\n\t<meta name=\"twitter:data1\" content=\"3 minutes\" \/>\n<script type=\"application\/ld+json\" class=\"yoast-schema-graph\">{\"@context\":\"https:\\\/\\\/schema.org\",\"@graph\":[{\"@type\":\"WebPage\",\"@id\":\"https:\\\/\\\/preprod.dressyourbody.fr\\\/en\\\/product\\\/robe-divine\\\/\",\"url\":\"https:\\\/\\\/preprod.dressyourbody.fr\\\/en\\\/product\\\/robe-divine\\\/\",\"name\":\"RobeDivine - DressYourBody - Patron de couture femme\",\"isPartOf\":{\"@id\":\"https:\\\/\\\/preprod.dressyourbody.fr\\\/#website\"},\"primaryImageOfPage\":{\"@id\":\"https:\\\/\\\/preprod.dressyourbody.fr\\\/en\\\/product\\\/robe-divine\\\/#primaryimage\"},\"image\":{\"@id\":\"https:\\\/\\\/preprod.dressyourbody.fr\\\/en\\\/product\\\/robe-divine\\\/#primaryimage\"},\"thumbnailUrl\":\"https:\\\/\\\/preprod.dressyourbody.fr\\\/wp-content\\\/uploads\\\/2019\\\/11\\\/20191105_1455010-2.jpg\",\"datePublished\":\"2019-11-05T20:27:14+00:00\",\"dateModified\":\"2025-09-15T07:07:59+00:00\",\"description\":\"La robe Divine est un patron de robe confortable avec sa taille \u00e9lastiqu\u00e9e et ses et ses jolies poches ... \u00e0 porter en toutes occasions.\",\"breadcrumb\":{\"@id\":\"https:\\\/\\\/preprod.dressyourbody.fr\\\/en\\\/product\\\/robe-divine\\\/#breadcrumb\"},\"inLanguage\":\"en-US\",\"potentialAction\":[{\"@type\":\"ReadAction\",\"target\":[\"https:\\\/\\\/preprod.dressyourbody.fr\\\/en\\\/product\\\/robe-divine\\\/\"]}]},{\"@type\":\"ImageObject\",\"inLanguage\":\"en-US\",\"@id\":\"https:\\\/\\\/preprod.dressyourbody.fr\\\/en\\\/product\\\/robe-divine\\\/#primaryimage\",\"url\":\"https:\\\/\\\/preprod.dressyourbody.fr\\\/wp-content\\\/uploads\\\/2019\\\/11\\\/20191105_1455010-2.jpg\",\"contentUrl\":\"https:\\\/\\\/preprod.dressyourbody.fr\\\/wp-content\\\/uploads\\\/2019\\\/11\\\/20191105_1455010-2.jpg\",\"width\":2047,\"height\":2048,\"caption\":\"Robe Divine\"},{\"@type\":\"BreadcrumbList\",\"@id\":\"https:\\\/\\\/preprod.dressyourbody.fr\\\/en\\\/product\\\/robe-divine\\\/#breadcrumb\",\"itemListElement\":[{\"@type\":\"ListItem\",\"position\":1,\"name\":\"Accueil\",\"item\":\"https:\\\/\\\/preprod.dressyourbody.fr\\\/en\\\/\"},{\"@type\":\"ListItem\",\"position\":2,\"name\":\"LA BOUTIQUE\",\"item\":\"https:\\\/\\\/preprod.dressyourbody.fr\\\/en\\\/?page_id=22934\"},{\"@type\":\"ListItem\",\"position\":3,\"name\":\"Robe Divine\"}]},{\"@type\":\"WebSite\",\"@id\":\"https:\\\/\\\/preprod.dressyourbody.fr\\\/#website\",\"url\":\"https:\\\/\\\/preprod.dressyourbody.fr\\\/\",\"name\":\"DressYourBody\",\"description\":\"Patrons de couture\",\"publisher\":{\"@id\":\"https:\\\/\\\/preprod.dressyourbody.fr\\\/#organization\"},\"potentialAction\":[{\"@type\":\"SearchAction\",\"target\":{\"@type\":\"EntryPoint\",\"urlTemplate\":\"https:\\\/\\\/preprod.dressyourbody.fr\\\/?s={search_term_string}\"},\"query-input\":{\"@type\":\"PropertyValueSpecification\",\"valueRequired\":true,\"valueName\":\"search_term_string\"}}],\"inLanguage\":\"en-US\"},{\"@type\":\"Organization\",\"@id\":\"https:\\\/\\\/preprod.dressyourbody.fr\\\/#organization\",\"name\":\"DressYourBody.fr\",\"url\":\"https:\\\/\\\/preprod.dressyourbody.fr\\\/\",\"logo\":{\"@type\":\"ImageObject\",\"inLanguage\":\"en-US\",\"@id\":\"https:\\\/\\\/preprod.dressyourbody.fr\\\/#\\\/schema\\\/logo\\\/image\\\/\",\"url\":\"https:\\\/\\\/preprod.dressyourbody.fr\\\/wp-content\\\/uploads\\\/2018\\\/07\\\/Logo-rond.png\",\"contentUrl\":\"https:\\\/\\\/preprod.dressyourbody.fr\\\/wp-content\\\/uploads\\\/2018\\\/07\\\/Logo-rond.png\",\"width\":451,\"height\":449,\"caption\":\"DressYourBody.fr\"},\"image\":{\"@id\":\"https:\\\/\\\/preprod.dressyourbody.fr\\\/#\\\/schema\\\/logo\\\/image\\\/\"},\"sameAs\":[\"https:\\\/\\\/www.facebook.com\\\/dressyourbody.couture\\\/\",\"https:\\\/\\\/www.instagram.com\\\/dressyourbody.couture\\\/\",\"https:\\\/\\\/www.linkedin.com\\\/company\\\/11295981\\\/\",\"https:\\\/\\\/www.pinterest.fr\\\/dressyourbody\\\/\",\"https:\\\/\\\/www.youtube.com\\\/channel\\\/UCD9FR054rT1zUXmwxImG5vA?view_as=subscriber\"]}]}<\/script>\n<!-- \/ Yoast SEO plugin. -->","yoast_head_json":{"title":"RobeDivine - DressYourBody - Patron de couture femme","description":"La robe Divine est un patron de robe confortable avec sa taille \u00e9lastiqu\u00e9e et ses et ses jolies poches ... \u00e0 porter en toutes occasions.","robots":{"index":"index","follow":"follow","max-snippet":"max-snippet:-1","max-image-preview":"max-image-preview:large","max-video-preview":"max-video-preview:-1"},"canonical":"https:\/\/preprod.dressyourbody.fr\/en\/product\/robe-divine\/","og_locale":"en_US","og_type":"article","og_title":"RobeDivine - DressYourBody - Patron de couture femme","og_description":"La robe Divine est un patron de robe confortable avec sa taille \u00e9lastiqu\u00e9e et ses et ses jolies poches ... \u00e0 porter en toutes occasions.","og_url":"https:\/\/preprod.dressyourbody.fr\/en\/product\/robe-divine\/","og_site_name":"Dressyourbody","article_publisher":"https:\/\/www.facebook.com\/dressyourbody.couture\/","article_modified_time":"2025-09-15T07:07:59+00:00","og_image":[{"width":2047,"height":2048,"url":"https:\/\/preprod.dressyourbody.fr\/wp-content\/uploads\/2019\/11\/20191105_1455010-2.jpg","type":"image\/jpeg"}],"twitter_card":"summary_large_image","twitter_misc":{"Est. reading time":"3 minutes"},"schema":{"@context":"https:\/\/schema.org","@graph":[{"@type":"WebPage","@id":"https:\/\/preprod.dressyourbody.fr\/en\/product\/robe-divine\/","url":"https:\/\/preprod.dressyourbody.fr\/en\/product\/robe-divine\/","name":"RobeDivine - DressYourBody - Patron de couture femme","isPartOf":{"@id":"https:\/\/preprod.dressyourbody.fr\/#website"},"primaryImageOfPage":{"@id":"https:\/\/preprod.dressyourbody.fr\/en\/product\/robe-divine\/#primaryimage"},"image":{"@id":"https:\/\/preprod.dressyourbody.fr\/en\/product\/robe-divine\/#primaryimage"},"thumbnailUrl":"https:\/\/preprod.dressyourbody.fr\/wp-content\/uploads\/2019\/11\/20191105_1455010-2.jpg","datePublished":"2019-11-05T20:27:14+00:00","dateModified":"2025-09-15T07:07:59+00:00","description":"La robe Divine est un patron de robe confortable avec sa taille \u00e9lastiqu\u00e9e et ses et ses jolies poches ... \u00e0 porter en toutes occasions.","breadcrumb":{"@id":"https:\/\/preprod.dressyourbody.fr\/en\/product\/robe-divine\/#breadcrumb"},"inLanguage":"en-US","potentialAction":[{"@type":"ReadAction","target":["https:\/\/preprod.dressyourbody.fr\/en\/product\/robe-divine\/"]}]},{"@type":"ImageObject","inLanguage":"en-US","@id":"https:\/\/preprod.dressyourbody.fr\/en\/product\/robe-divine\/#primaryimage","url":"https:\/\/preprod.dressyourbody.fr\/wp-content\/uploads\/2019\/11\/20191105_1455010-2.jpg","contentUrl":"https:\/\/preprod.dressyourbody.fr\/wp-content\/uploads\/2019\/11\/20191105_1455010-2.jpg","width":2047,"height":2048,"caption":"Robe Divine"},{"@type":"BreadcrumbList","@id":"https:\/\/preprod.dressyourbody.fr\/en\/product\/robe-divine\/#breadcrumb","itemListElement":[{"@type":"ListItem","position":1,"name":"Accueil","item":"https:\/\/preprod.dressyourbody.fr\/en\/"},{"@type":"ListItem","position":2,"name":"LA BOUTIQUE","item":"https:\/\/preprod.dressyourbody.fr\/en\/?page_id=22934"},{"@type":"ListItem","position":3,"name":"Robe Divine"}]},{"@type":"WebSite","@id":"https:\/\/preprod.dressyourbody.fr\/#website","url":"https:\/\/preprod.dressyourbody.fr\/","name":"DressYourBody","description":"Patrons de couture","publisher":{"@id":"https:\/\/preprod.dressyourbody.fr\/#organization"},"potentialAction":[{"@type":"SearchAction","target":{"@type":"EntryPoint","urlTemplate":"https:\/\/preprod.dressyourbody.fr\/?s={search_term_string}"},"query-input":{"@type":"PropertyValueSpecification","valueRequired":true,"valueName":"search_term_string"}}],"inLanguage":"en-US"},{"@type":"Organization","@id":"https:\/\/preprod.dressyourbody.fr\/#organization","name":"DressYourBody.fr","url":"https:\/\/preprod.dressyourbody.fr\/","logo":{"@type":"ImageObject","inLanguage":"en-US","@id":"https:\/\/preprod.dressyourbody.fr\/#\/schema\/logo\/image\/","url":"https:\/\/preprod.dressyourbody.fr\/wp-content\/uploads\/2018\/07\/Logo-rond.png","contentUrl":"https:\/\/preprod.dressyourbody.fr\/wp-content\/uploads\/2018\/07\/Logo-rond.png","width":451,"height":449,"caption":"DressYourBody.fr"},"image":{"@id":"https:\/\/preprod.dressyourbody.fr\/#\/schema\/logo\/image\/"},"sameAs":["https:\/\/www.facebook.com\/dressyourbody.couture\/","https:\/\/www.instagram.com\/dressyourbody.couture\/","https:\/\/www.linkedin.com\/company\/11295981\/","https:\/\/www.pinterest.fr\/dressyourbody\/","https:\/\/www.youtube.com\/channel\/UCD9FR054rT1zUXmwxImG5vA?view_as=subscriber"]}]}},"_links":{"self":[{"href":"https:\/\/preprod.dressyourbody.fr\/en\/wp-json\/wp\/v2\/product\/19605","targetHints":{"allow":["GET"]}}],"collection":[{"href":"https:\/\/preprod.dressyourbody.fr\/en\/wp-json\/wp\/v2\/product"}],"about":[{"href":"https:\/\/preprod.dressyourbody.fr\/en\/wp-json\/wp\/v2\/types\/product"}],"replies":[{"embeddable":true,"href":"https:\/\/preprod.dressyourbody.fr\/en\/wp-json\/wp\/v2\/comments?post=19605"}],"wp:featuredmedia":[{"embeddable":true,"href":"https:\/\/preprod.dressyourbody.fr\/en\/wp-json\/wp\/v2\/media\/19628"}],"wp:attachment":[{"href":"https:\/\/preprod.dressyourbody.fr\/en\/wp-json\/wp\/v2\/media?parent=19605"}],"wp:term":[{"taxonomy":"product_brand","embeddable":true,"href":"https:\/\/preprod.dressyourbody.fr\/en\/wp-json\/wp\/v2\/product_brand?post=19605"},{"taxonomy":"product_cat","embeddable":true,"href":"https:\/\/preprod.dressyourbody.fr\/en\/wp-json\/wp\/v2\/product_cat?post=19605"},{"taxonomy":"product_tag","embeddable":true,"href":"https:\/\/preprod.dressyourbody.fr\/en\/wp-json\/wp\/v2\/product_tag?post=19605"}],"curies":[{"name":"wp","href":"https:\/\/api.w.org\/{rel}","templated":true}]}}