{"id":19514,"date":"2019-10-15T11:24:09","date_gmt":"2019-10-15T09:24:09","guid":{"rendered":"https:\/\/dressyourbody.fr\/?post_type=product&#038;p=19514"},"modified":"2025-07-01T14:10:55","modified_gmt":"2025-07-01T12:10:55","slug":"sweatshirt-relax","status":"publish","type":"product","link":"https:\/\/preprod.dressyourbody.fr\/en\/product\/sweatshirt-relax\/","title":{"rendered":"Sweatshirt Relax"},"content":{"rendered":"<p>Envie d&rsquo;une petite couture facile mais avec un r\u00e9sultat sympa et tendance? Le sweat-shirt Relax est le patron parfait pour cela! A porter en toute occasion, le sweat-shirt relax vous promet le confort d&rsquo;un v\u00eatement en maille mais sans rien sacrifier \u00e0 votre style!<\/p>\n<p>Resserr\u00e9 \u00e0 la taille, avec des manches chauve-souris, il est super agr\u00e9able \u00e0 porter. Vous allez l&rsquo;adorer!<\/p>\n<p><strong>TAILLES :<\/strong> Planche de patrons allant de la taille 34 \u00e0 50 soit un tour de poitrine du 81\u00a0 au 116 cm. Vous pouvez \u00e9galement vous r\u00e9f\u00e9rer \u00e0 la <a href=\"#popmake-23087\">grille des tailles<\/a>.<\/p>\n<p><strong>TISSU : <\/strong>Le patron du sweatshirt Relax a \u00e9t\u00e9 pens\u00e9 pour \u00eatre r\u00e9alis\u00e9 dans un tissu sweat. Mais tous les tissus en jersey ou plus g\u00e9n\u00e9ralement tous les tissus tricot\u00e9s conviennent.<\/p>\n<p>Il a \u00e9t\u00e9 r\u00e9alis\u00e9 ici en sweatshirt matelass\u00e9 de chez <a href=\"https:\/\/www.frou-frou.com\/\" target=\"_blank\" rel=\"noopener noreferrer\">Frou-Frou<\/a>.<\/p>\n<p><strong>DIFFICULT\u00c9 :<\/strong> Tous niveaux de couture.<\/p>\n<p>La r\u00e9alisation du sweatshirt relax ne pr\u00e9sente pas de difficult\u00e9 particuli\u00e8re. Il est par cons\u00e9quent accessible m\u00eame aux d\u00e9butantes.<\/p>","protected":false},"excerpt":{"rendered":"<p>Envie d&rsquo;une petite couture facile mais avec un r\u00e9sultat sympa et tendance? Le sweat-shirt Relax est le patron parfait pour cela! A porter en toute occasion, le sweat-shirt relax vous promet le confort d&rsquo;un v\u00eatement en maille mais sans rien sacrifier \u00e0 votre style! Resserr\u00e9 \u00e0 la taille, avec des manches chauve-souris, il est super <\/p>\n<div><a class=\"zoli-read-more-link\" href=\"https:\/\/preprod.dressyourbody.fr\/en\/product\/sweatshirt-relax\/\">Read More<span class=\"lexus-icon-Icon_Next\"><\/span><\/a><\/div>","protected":false},"featured_media":19521,"comment_status":"open","ping_status":"closed","template":"","meta":{"_acf_changed":false},"product_brand":[1278],"product_cat":[1239],"product_tag":[1194,637,1192],"class_list":{"0":"post-19514","1":"product","2":"type-product","3":"status-publish","4":"has-post-thumbnail","6":"product_brand-dressyourbody","7":"product_cat-t-shirts-sweats","8":"product_tag-couture-facile","9":"product_tag-patron","10":"product_tag-sweatshirt","11":"pa_difficulte-debutant","12":"pa_formatpatron-patron-pdf-format-a4-a0","13":"pa_formatpatron-patronpochette","15":"first","16":"instock","17":"shipping-taxable","18":"purchasable","19":"product-type-variable"},"acf":[],"yoast_head":"<!-- This site is optimized with the Yoast SEO plugin v27.3 - https:\/\/yoast.com\/product\/yoast-seo-wordpress\/ -->\n<title>Sweatshirt Relax - DressYourBody - Patron de couture femme<\/title>\n<meta name=\"description\" content=\"Le patron du sweatshirt Relax est un mod\u00e8le facile \u00e0 coudre, pour vous faire un joli sweatshirt doux et confortable mais styl\u00e9 bien s\u00fbr!\" \/>\n<meta name=\"robots\" content=\"index, follow, max-snippet:-1, max-image-preview:large, max-video-preview:-1\" \/>\n<link rel=\"canonical\" href=\"https:\/\/preprod.dressyourbody.fr\/en\/product\/sweatshirt-relax\/\" \/>\n<meta property=\"og:locale\" content=\"en_US\" \/>\n<meta property=\"og:type\" content=\"article\" \/>\n<meta property=\"og:title\" content=\"Sweatshirt Relax - DressYourBody - Patron de couture femme\" \/>\n<meta property=\"og:description\" content=\"Le patron du sweatshirt Relax est un mod\u00e8le facile \u00e0 coudre, pour vous faire un joli sweatshirt doux et confortable mais styl\u00e9 bien s\u00fbr!\" \/>\n<meta property=\"og:url\" content=\"https:\/\/preprod.dressyourbody.fr\/en\/product\/sweatshirt-relax\/\" \/>\n<meta property=\"og:site_name\" content=\"Dressyourbody\" \/>\n<meta property=\"article:publisher\" content=\"https:\/\/www.facebook.com\/dressyourbody.couture\/\" \/>\n<meta property=\"article:modified_time\" content=\"2025-07-01T12:10:55+00:00\" \/>\n<meta property=\"og:image\" content=\"https:\/\/preprod.dressyourbody.fr\/wp-content\/uploads\/2019\/10\/20190930_115017-Sweat-Relax-e1634313324600.jpg\" \/>\n\t<meta property=\"og:image:width\" content=\"700\" \/>\n\t<meta property=\"og:image:height\" content=\"700\" \/>\n\t<meta property=\"og:image:type\" content=\"image\/jpeg\" \/>\n<meta name=\"twitter:card\" content=\"summary_large_image\" \/>\n<meta name=\"twitter:label1\" content=\"Est. reading time\" \/>\n\t<meta name=\"twitter:data1\" content=\"1 minute\" \/>\n<script type=\"application\/ld+json\" class=\"yoast-schema-graph\">{\"@context\":\"https:\\\/\\\/schema.org\",\"@graph\":[{\"@type\":\"WebPage\",\"@id\":\"https:\\\/\\\/preprod.dressyourbody.fr\\\/en\\\/product\\\/sweatshirt-relax\\\/\",\"url\":\"https:\\\/\\\/preprod.dressyourbody.fr\\\/en\\\/product\\\/sweatshirt-relax\\\/\",\"name\":\"Sweatshirt Relax - DressYourBody - Patron de couture femme\",\"isPartOf\":{\"@id\":\"https:\\\/\\\/preprod.dressyourbody.fr\\\/#website\"},\"primaryImageOfPage\":{\"@id\":\"https:\\\/\\\/preprod.dressyourbody.fr\\\/en\\\/product\\\/sweatshirt-relax\\\/#primaryimage\"},\"image\":{\"@id\":\"https:\\\/\\\/preprod.dressyourbody.fr\\\/en\\\/product\\\/sweatshirt-relax\\\/#primaryimage\"},\"thumbnailUrl\":\"https:\\\/\\\/preprod.dressyourbody.fr\\\/wp-content\\\/uploads\\\/2019\\\/10\\\/20190930_115017-Sweat-Relax-e1634313324600.jpg\",\"datePublished\":\"2019-10-15T09:24:09+00:00\",\"dateModified\":\"2025-07-01T12:10:55+00:00\",\"description\":\"Le patron du sweatshirt Relax est un mod\u00e8le facile \u00e0 coudre, pour vous faire un joli sweatshirt doux et confortable mais styl\u00e9 bien s\u00fbr!\",\"breadcrumb\":{\"@id\":\"https:\\\/\\\/preprod.dressyourbody.fr\\\/en\\\/product\\\/sweatshirt-relax\\\/#breadcrumb\"},\"inLanguage\":\"en-US\",\"potentialAction\":[{\"@type\":\"ReadAction\",\"target\":[\"https:\\\/\\\/preprod.dressyourbody.fr\\\/en\\\/product\\\/sweatshirt-relax\\\/\"]}]},{\"@type\":\"ImageObject\",\"inLanguage\":\"en-US\",\"@id\":\"https:\\\/\\\/preprod.dressyourbody.fr\\\/en\\\/product\\\/sweatshirt-relax\\\/#primaryimage\",\"url\":\"https:\\\/\\\/preprod.dressyourbody.fr\\\/wp-content\\\/uploads\\\/2019\\\/10\\\/20190930_115017-Sweat-Relax-e1634313324600.jpg\",\"contentUrl\":\"https:\\\/\\\/preprod.dressyourbody.fr\\\/wp-content\\\/uploads\\\/2019\\\/10\\\/20190930_115017-Sweat-Relax-e1634313324600.jpg\",\"width\":700,\"height\":700,\"caption\":\"Sweatshirt Relax\"},{\"@type\":\"BreadcrumbList\",\"@id\":\"https:\\\/\\\/preprod.dressyourbody.fr\\\/en\\\/product\\\/sweatshirt-relax\\\/#breadcrumb\",\"itemListElement\":[{\"@type\":\"ListItem\",\"position\":1,\"name\":\"Accueil\",\"item\":\"https:\\\/\\\/preprod.dressyourbody.fr\\\/en\\\/\"},{\"@type\":\"ListItem\",\"position\":2,\"name\":\"LA BOUTIQUE\",\"item\":\"https:\\\/\\\/preprod.dressyourbody.fr\\\/en\\\/?page_id=22934\"},{\"@type\":\"ListItem\",\"position\":3,\"name\":\"Sweatshirt Relax\"}]},{\"@type\":\"WebSite\",\"@id\":\"https:\\\/\\\/preprod.dressyourbody.fr\\\/#website\",\"url\":\"https:\\\/\\\/preprod.dressyourbody.fr\\\/\",\"name\":\"DressYourBody\",\"description\":\"Patrons de couture\",\"publisher\":{\"@id\":\"https:\\\/\\\/preprod.dressyourbody.fr\\\/#organization\"},\"potentialAction\":[{\"@type\":\"SearchAction\",\"target\":{\"@type\":\"EntryPoint\",\"urlTemplate\":\"https:\\\/\\\/preprod.dressyourbody.fr\\\/?s={search_term_string}\"},\"query-input\":{\"@type\":\"PropertyValueSpecification\",\"valueRequired\":true,\"valueName\":\"search_term_string\"}}],\"inLanguage\":\"en-US\"},{\"@type\":\"Organization\",\"@id\":\"https:\\\/\\\/preprod.dressyourbody.fr\\\/#organization\",\"name\":\"DressYourBody.fr\",\"url\":\"https:\\\/\\\/preprod.dressyourbody.fr\\\/\",\"logo\":{\"@type\":\"ImageObject\",\"inLanguage\":\"en-US\",\"@id\":\"https:\\\/\\\/preprod.dressyourbody.fr\\\/#\\\/schema\\\/logo\\\/image\\\/\",\"url\":\"https:\\\/\\\/preprod.dressyourbody.fr\\\/wp-content\\\/uploads\\\/2018\\\/07\\\/Logo-rond.png\",\"contentUrl\":\"https:\\\/\\\/preprod.dressyourbody.fr\\\/wp-content\\\/uploads\\\/2018\\\/07\\\/Logo-rond.png\",\"width\":451,\"height\":449,\"caption\":\"DressYourBody.fr\"},\"image\":{\"@id\":\"https:\\\/\\\/preprod.dressyourbody.fr\\\/#\\\/schema\\\/logo\\\/image\\\/\"},\"sameAs\":[\"https:\\\/\\\/www.facebook.com\\\/dressyourbody.couture\\\/\",\"https:\\\/\\\/www.instagram.com\\\/dressyourbody.couture\\\/\",\"https:\\\/\\\/www.linkedin.com\\\/company\\\/11295981\\\/\",\"https:\\\/\\\/www.pinterest.fr\\\/dressyourbody\\\/\",\"https:\\\/\\\/www.youtube.com\\\/channel\\\/UCD9FR054rT1zUXmwxImG5vA?view_as=subscriber\"]}]}<\/script>\n<!-- \/ Yoast SEO plugin. -->","yoast_head_json":{"title":"Sweatshirt Relax - DressYourBody - Patron de couture femme","description":"Le patron du sweatshirt Relax est un mod\u00e8le facile \u00e0 coudre, pour vous faire un joli sweatshirt doux et confortable mais styl\u00e9 bien s\u00fbr!","robots":{"index":"index","follow":"follow","max-snippet":"max-snippet:-1","max-image-preview":"max-image-preview:large","max-video-preview":"max-video-preview:-1"},"canonical":"https:\/\/preprod.dressyourbody.fr\/en\/product\/sweatshirt-relax\/","og_locale":"en_US","og_type":"article","og_title":"Sweatshirt Relax - DressYourBody - Patron de couture femme","og_description":"Le patron du sweatshirt Relax est un mod\u00e8le facile \u00e0 coudre, pour vous faire un joli sweatshirt doux et confortable mais styl\u00e9 bien s\u00fbr!","og_url":"https:\/\/preprod.dressyourbody.fr\/en\/product\/sweatshirt-relax\/","og_site_name":"Dressyourbody","article_publisher":"https:\/\/www.facebook.com\/dressyourbody.couture\/","article_modified_time":"2025-07-01T12:10:55+00:00","og_image":[{"width":700,"height":700,"url":"https:\/\/preprod.dressyourbody.fr\/wp-content\/uploads\/2019\/10\/20190930_115017-Sweat-Relax-e1634313324600.jpg","type":"image\/jpeg"}],"twitter_card":"summary_large_image","twitter_misc":{"Est. reading time":"1 minute"},"schema":{"@context":"https:\/\/schema.org","@graph":[{"@type":"WebPage","@id":"https:\/\/preprod.dressyourbody.fr\/en\/product\/sweatshirt-relax\/","url":"https:\/\/preprod.dressyourbody.fr\/en\/product\/sweatshirt-relax\/","name":"Sweatshirt Relax - DressYourBody - Patron de couture femme","isPartOf":{"@id":"https:\/\/preprod.dressyourbody.fr\/#website"},"primaryImageOfPage":{"@id":"https:\/\/preprod.dressyourbody.fr\/en\/product\/sweatshirt-relax\/#primaryimage"},"image":{"@id":"https:\/\/preprod.dressyourbody.fr\/en\/product\/sweatshirt-relax\/#primaryimage"},"thumbnailUrl":"https:\/\/preprod.dressyourbody.fr\/wp-content\/uploads\/2019\/10\/20190930_115017-Sweat-Relax-e1634313324600.jpg","datePublished":"2019-10-15T09:24:09+00:00","dateModified":"2025-07-01T12:10:55+00:00","description":"Le patron du sweatshirt Relax est un mod\u00e8le facile \u00e0 coudre, pour vous faire un joli sweatshirt doux et confortable mais styl\u00e9 bien s\u00fbr!","breadcrumb":{"@id":"https:\/\/preprod.dressyourbody.fr\/en\/product\/sweatshirt-relax\/#breadcrumb"},"inLanguage":"en-US","potentialAction":[{"@type":"ReadAction","target":["https:\/\/preprod.dressyourbody.fr\/en\/product\/sweatshirt-relax\/"]}]},{"@type":"ImageObject","inLanguage":"en-US","@id":"https:\/\/preprod.dressyourbody.fr\/en\/product\/sweatshirt-relax\/#primaryimage","url":"https:\/\/preprod.dressyourbody.fr\/wp-content\/uploads\/2019\/10\/20190930_115017-Sweat-Relax-e1634313324600.jpg","contentUrl":"https:\/\/preprod.dressyourbody.fr\/wp-content\/uploads\/2019\/10\/20190930_115017-Sweat-Relax-e1634313324600.jpg","width":700,"height":700,"caption":"Sweatshirt Relax"},{"@type":"BreadcrumbList","@id":"https:\/\/preprod.dressyourbody.fr\/en\/product\/sweatshirt-relax\/#breadcrumb","itemListElement":[{"@type":"ListItem","position":1,"name":"Accueil","item":"https:\/\/preprod.dressyourbody.fr\/en\/"},{"@type":"ListItem","position":2,"name":"LA BOUTIQUE","item":"https:\/\/preprod.dressyourbody.fr\/en\/?page_id=22934"},{"@type":"ListItem","position":3,"name":"Sweatshirt Relax"}]},{"@type":"WebSite","@id":"https:\/\/preprod.dressyourbody.fr\/#website","url":"https:\/\/preprod.dressyourbody.fr\/","name":"DressYourBody","description":"Patrons de couture","publisher":{"@id":"https:\/\/preprod.dressyourbody.fr\/#organization"},"potentialAction":[{"@type":"SearchAction","target":{"@type":"EntryPoint","urlTemplate":"https:\/\/preprod.dressyourbody.fr\/?s={search_term_string}"},"query-input":{"@type":"PropertyValueSpecification","valueRequired":true,"valueName":"search_term_string"}}],"inLanguage":"en-US"},{"@type":"Organization","@id":"https:\/\/preprod.dressyourbody.fr\/#organization","name":"DressYourBody.fr","url":"https:\/\/preprod.dressyourbody.fr\/","logo":{"@type":"ImageObject","inLanguage":"en-US","@id":"https:\/\/preprod.dressyourbody.fr\/#\/schema\/logo\/image\/","url":"https:\/\/preprod.dressyourbody.fr\/wp-content\/uploads\/2018\/07\/Logo-rond.png","contentUrl":"https:\/\/preprod.dressyourbody.fr\/wp-content\/uploads\/2018\/07\/Logo-rond.png","width":451,"height":449,"caption":"DressYourBody.fr"},"image":{"@id":"https:\/\/preprod.dressyourbody.fr\/#\/schema\/logo\/image\/"},"sameAs":["https:\/\/www.facebook.com\/dressyourbody.couture\/","https:\/\/www.instagram.com\/dressyourbody.couture\/","https:\/\/www.linkedin.com\/company\/11295981\/","https:\/\/www.pinterest.fr\/dressyourbody\/","https:\/\/www.youtube.com\/channel\/UCD9FR054rT1zUXmwxImG5vA?view_as=subscriber"]}]}},"_links":{"self":[{"href":"https:\/\/preprod.dressyourbody.fr\/en\/wp-json\/wp\/v2\/product\/19514","targetHints":{"allow":["GET"]}}],"collection":[{"href":"https:\/\/preprod.dressyourbody.fr\/en\/wp-json\/wp\/v2\/product"}],"about":[{"href":"https:\/\/preprod.dressyourbody.fr\/en\/wp-json\/wp\/v2\/types\/product"}],"replies":[{"embeddable":true,"href":"https:\/\/preprod.dressyourbody.fr\/en\/wp-json\/wp\/v2\/comments?post=19514"}],"wp:featuredmedia":[{"embeddable":true,"href":"https:\/\/preprod.dressyourbody.fr\/en\/wp-json\/wp\/v2\/media\/19521"}],"wp:attachment":[{"href":"https:\/\/preprod.dressyourbody.fr\/en\/wp-json\/wp\/v2\/media?parent=19514"}],"wp:term":[{"taxonomy":"product_brand","embeddable":true,"href":"https:\/\/preprod.dressyourbody.fr\/en\/wp-json\/wp\/v2\/product_brand?post=19514"},{"taxonomy":"product_cat","embeddable":true,"href":"https:\/\/preprod.dressyourbody.fr\/en\/wp-json\/wp\/v2\/product_cat?post=19514"},{"taxonomy":"product_tag","embeddable":true,"href":"https:\/\/preprod.dressyourbody.fr\/en\/wp-json\/wp\/v2\/product_tag?post=19514"}],"curies":[{"name":"wp","href":"https:\/\/api.w.org\/{rel}","templated":true}]}}