{"id":19343,"date":"2019-09-19T09:57:49","date_gmt":"2019-09-19T07:57:49","guid":{"rendered":"https:\/\/dressyourbody.fr\/?post_type=product&#038;p=19343"},"modified":"2025-07-27T17:15:19","modified_gmt":"2025-07-27T15:15:19","slug":"blouse-too-much","status":"publish","type":"product","link":"https:\/\/preprod.dressyourbody.fr\/en\/product\/blouse-too-much\/","title":{"rendered":"Blouse Too much"},"content":{"rendered":"<p>Parce que \u00ab\u00a0trop &#8230; n&rsquo;est jamais trop\u00a0\u00bb, la blouse Too much est une blouse f\u00e9minine pleine de jolis d\u00e9tails raffin\u00e9s.<\/p>\n<p>Des plis religieuses qui encadrent l&rsquo;encolure en V pour un c\u00f4t\u00e9 romantique, auxquels s&rsquo;ajoutent de hauts poignets \u00e0 3 boutons et une ceinture \u00e0 nouer sur le c\u00f4t\u00e9 qui n&rsquo;est pas en reste.<\/p>\n<p>Bref la blouse Too much est une blouse soign\u00e9e et travaill\u00e9e qui ne passera pas inaper\u00e7ue.<\/p>\n<p>La blouse Too much est compatible avec le <a href=\"https:\/\/preprod.dressyourbody.fr\/fr\/categorie-produit\/manches\" target=\"_blank\" rel=\"noopener noreferrer\">\u00ab\u00a0Bar \u00e0 manches\u00a0\u00bb<\/a>. Alors n\u2019h\u00e9sitez pas \u00e0 mixer les styles avec les manches 3\/4 \u00e0 fronces ou la manche chemisier par exemple!<\/p>\n<p><strong>TAILLES <\/strong>: Planche de patrons allant de la taille 34 \u00e0 46 soit un tour de poitrine du 81\u00a0 au 108 cm. Vous pouvez \u00e9galement vous r\u00e9f\u00e9rer \u00e0 la <a class=\"pum-trigger\" href=\"https:\/\/preprod.dressyourbody.fr\/fr\/produit\/blouse-too-much#popmake-23087\">grille des tailles<\/a>.<\/p>\n<p><strong>TISSU <\/strong>: Peut fonctionner avec beaucoup de tissus diff\u00e9rents. Les diff\u00e9rents mod\u00e8les en photo on \u00e9t\u00e9 r\u00e9alis\u00e9s respectivement:<\/p>\n<ul>\n<li>en soie (tissu \u00e0 fleurs)<\/li>\n<li>en cr\u00eape de coton cr\u00e8me de chez <a href=\"https:\/\/www.hysope-tissus.fr\/#Accueil.A\" target=\"_blank\" rel=\"noopener noreferrer\">Hysope<\/a><\/li>\n<li>en viscose Rameaux ambre de chez <a href=\"https:\/\/www.cousette.com\/\" target=\"_blank\" rel=\"noopener noreferrer\">Cousette<\/a><\/li>\n<\/ul>\n<p>Il faut n\u00e9anmoins \u00e9viter des tissus trop \u00e9pais ou tr\u00e8s raides car l\u2019arrondi des plis ne se placerait pas bien.<\/p>\n<p><strong>DIFFICULT\u00c9<\/strong>\u00a0: Exp\u00e9riment\u00e9<\/p>\n<p>Plus que pour de r\u00e9elles difficult\u00e9s d&rsquo;ex\u00e9cution, cette blouse est class\u00e9e dans le niveau exp\u00e9riment\u00e9 en raison du temps de montage et de la minutie que sa r\u00e9alisation demande .<\/p>\n<p>Patience et pr\u00e9cision de rigueur &#8230; vous \u00eates partante?<\/p>","protected":false},"excerpt":{"rendered":"<p>Parce que \u00ab\u00a0trop &#8230; n&rsquo;est jamais trop\u00a0\u00bb, la blouse Too much est une blouse f\u00e9minine pleine de jolis d\u00e9tails raffin\u00e9s. Des plis religieuses qui encadrent l&rsquo;encolure en V pour un c\u00f4t\u00e9 romantique, auxquels s&rsquo;ajoutent de hauts poignets \u00e0 3 boutons et une ceinture \u00e0 nouer sur le c\u00f4t\u00e9 qui n&rsquo;est pas en reste. Bref la <\/p>\n<div><a class=\"zoli-read-more-link\" href=\"https:\/\/preprod.dressyourbody.fr\/en\/product\/blouse-too-much\/\">Read More<span class=\"lexus-icon-Icon_Next\"><\/span><\/a><\/div>","protected":false},"featured_media":19393,"comment_status":"open","ping_status":"closed","template":"","meta":{"_acf_changed":false},"product_brand":[1278],"product_cat":[1234],"product_tag":[1144,1142,639],"class_list":{"0":"post-19343","1":"product","2":"type-product","3":"status-publish","4":"has-post-thumbnail","6":"product_brand-dressyourbody","7":"product_cat-tops","8":"product_tag-dress","9":"product_tag-patronderobe","10":"product_tag-robe","11":"pa_difficulte-expert","12":"pa_formatpatron-patron-pdf-format-a4-a0","13":"pa_formatpatron-patronpochette","15":"first","16":"instock","17":"shipping-taxable","18":"purchasable","19":"product-type-variable"},"acf":[],"yoast_head":"<!-- This site is optimized with the Yoast SEO plugin v27.3 - https:\/\/yoast.com\/product\/yoast-seo-wordpress\/ -->\n<title>Blouse TOO MUCH - DressYourBody - Patron de couture femme<\/title>\n<meta name=\"description\" content=\"La blouse TOO MUCH est une blouse avec de nombreux d\u00e9tails raffin\u00e9s. Les plis religieuses autour de l&#039;encolure lui donnent un c\u00f4t\u00e9 romatique.\" \/>\n<meta name=\"robots\" content=\"index, follow, max-snippet:-1, max-image-preview:large, max-video-preview:-1\" \/>\n<link rel=\"canonical\" href=\"https:\/\/preprod.dressyourbody.fr\/en\/product\/blouse-too-much\/\" \/>\n<meta property=\"og:locale\" content=\"en_US\" \/>\n<meta property=\"og:type\" content=\"article\" \/>\n<meta property=\"og:title\" content=\"Blouse TOO MUCH - DressYourBody - Patron de couture femme\" \/>\n<meta property=\"og:description\" content=\"La blouse TOO MUCH est une blouse avec de nombreux d\u00e9tails raffin\u00e9s. Les plis religieuses autour de l&#039;encolure lui donnent un c\u00f4t\u00e9 romatique.\" \/>\n<meta property=\"og:url\" content=\"https:\/\/preprod.dressyourbody.fr\/en\/product\/blouse-too-much\/\" \/>\n<meta property=\"og:site_name\" content=\"Dressyourbody\" \/>\n<meta property=\"article:publisher\" content=\"https:\/\/www.facebook.com\/dressyourbody.couture\/\" \/>\n<meta property=\"article:modified_time\" content=\"2025-07-27T15:15:19+00:00\" \/>\n<meta property=\"og:image\" content=\"https:\/\/preprod.dressyourbody.fr\/wp-content\/uploads\/2019\/09\/20190920_115004-4.jpg\" \/>\n\t<meta property=\"og:image:width\" content=\"1201\" \/>\n\t<meta property=\"og:image:height\" content=\"1202\" \/>\n\t<meta property=\"og:image:type\" content=\"image\/jpeg\" \/>\n<meta name=\"twitter:card\" content=\"summary_large_image\" \/>\n<meta name=\"twitter:label1\" content=\"Est. reading time\" \/>\n\t<meta name=\"twitter:data1\" content=\"2 minutes\" \/>\n<script type=\"application\/ld+json\" class=\"yoast-schema-graph\">{\"@context\":\"https:\\\/\\\/schema.org\",\"@graph\":[{\"@type\":\"WebPage\",\"@id\":\"https:\\\/\\\/preprod.dressyourbody.fr\\\/en\\\/product\\\/blouse-too-much\\\/\",\"url\":\"https:\\\/\\\/preprod.dressyourbody.fr\\\/en\\\/product\\\/blouse-too-much\\\/\",\"name\":\"Blouse TOO MUCH - DressYourBody - Patron de couture femme\",\"isPartOf\":{\"@id\":\"https:\\\/\\\/preprod.dressyourbody.fr\\\/#website\"},\"primaryImageOfPage\":{\"@id\":\"https:\\\/\\\/preprod.dressyourbody.fr\\\/en\\\/product\\\/blouse-too-much\\\/#primaryimage\"},\"image\":{\"@id\":\"https:\\\/\\\/preprod.dressyourbody.fr\\\/en\\\/product\\\/blouse-too-much\\\/#primaryimage\"},\"thumbnailUrl\":\"https:\\\/\\\/preprod.dressyourbody.fr\\\/wp-content\\\/uploads\\\/2019\\\/09\\\/20190920_115004-4.jpg\",\"datePublished\":\"2019-09-19T07:57:49+00:00\",\"dateModified\":\"2025-07-27T15:15:19+00:00\",\"description\":\"La blouse TOO MUCH est une blouse avec de nombreux d\u00e9tails raffin\u00e9s. Les plis religieuses autour de l'encolure lui donnent un c\u00f4t\u00e9 romatique.\",\"breadcrumb\":{\"@id\":\"https:\\\/\\\/preprod.dressyourbody.fr\\\/en\\\/product\\\/blouse-too-much\\\/#breadcrumb\"},\"inLanguage\":\"en-US\",\"potentialAction\":[{\"@type\":\"ReadAction\",\"target\":[\"https:\\\/\\\/preprod.dressyourbody.fr\\\/en\\\/product\\\/blouse-too-much\\\/\"]}]},{\"@type\":\"ImageObject\",\"inLanguage\":\"en-US\",\"@id\":\"https:\\\/\\\/preprod.dressyourbody.fr\\\/en\\\/product\\\/blouse-too-much\\\/#primaryimage\",\"url\":\"https:\\\/\\\/preprod.dressyourbody.fr\\\/wp-content\\\/uploads\\\/2019\\\/09\\\/20190920_115004-4.jpg\",\"contentUrl\":\"https:\\\/\\\/preprod.dressyourbody.fr\\\/wp-content\\\/uploads\\\/2019\\\/09\\\/20190920_115004-4.jpg\",\"width\":1201,\"height\":1202},{\"@type\":\"BreadcrumbList\",\"@id\":\"https:\\\/\\\/preprod.dressyourbody.fr\\\/en\\\/product\\\/blouse-too-much\\\/#breadcrumb\",\"itemListElement\":[{\"@type\":\"ListItem\",\"position\":1,\"name\":\"Accueil\",\"item\":\"https:\\\/\\\/preprod.dressyourbody.fr\\\/en\\\/\"},{\"@type\":\"ListItem\",\"position\":2,\"name\":\"LA BOUTIQUE\",\"item\":\"https:\\\/\\\/preprod.dressyourbody.fr\\\/en\\\/?page_id=22934\"},{\"@type\":\"ListItem\",\"position\":3,\"name\":\"Blouse Too much\"}]},{\"@type\":\"WebSite\",\"@id\":\"https:\\\/\\\/preprod.dressyourbody.fr\\\/#website\",\"url\":\"https:\\\/\\\/preprod.dressyourbody.fr\\\/\",\"name\":\"DressYourBody\",\"description\":\"Patrons de couture\",\"publisher\":{\"@id\":\"https:\\\/\\\/preprod.dressyourbody.fr\\\/#organization\"},\"potentialAction\":[{\"@type\":\"SearchAction\",\"target\":{\"@type\":\"EntryPoint\",\"urlTemplate\":\"https:\\\/\\\/preprod.dressyourbody.fr\\\/?s={search_term_string}\"},\"query-input\":{\"@type\":\"PropertyValueSpecification\",\"valueRequired\":true,\"valueName\":\"search_term_string\"}}],\"inLanguage\":\"en-US\"},{\"@type\":\"Organization\",\"@id\":\"https:\\\/\\\/preprod.dressyourbody.fr\\\/#organization\",\"name\":\"DressYourBody.fr\",\"url\":\"https:\\\/\\\/preprod.dressyourbody.fr\\\/\",\"logo\":{\"@type\":\"ImageObject\",\"inLanguage\":\"en-US\",\"@id\":\"https:\\\/\\\/preprod.dressyourbody.fr\\\/#\\\/schema\\\/logo\\\/image\\\/\",\"url\":\"https:\\\/\\\/preprod.dressyourbody.fr\\\/wp-content\\\/uploads\\\/2018\\\/07\\\/Logo-rond.png\",\"contentUrl\":\"https:\\\/\\\/preprod.dressyourbody.fr\\\/wp-content\\\/uploads\\\/2018\\\/07\\\/Logo-rond.png\",\"width\":451,\"height\":449,\"caption\":\"DressYourBody.fr\"},\"image\":{\"@id\":\"https:\\\/\\\/preprod.dressyourbody.fr\\\/#\\\/schema\\\/logo\\\/image\\\/\"},\"sameAs\":[\"https:\\\/\\\/www.facebook.com\\\/dressyourbody.couture\\\/\",\"https:\\\/\\\/www.instagram.com\\\/dressyourbody.couture\\\/\",\"https:\\\/\\\/www.linkedin.com\\\/company\\\/11295981\\\/\",\"https:\\\/\\\/www.pinterest.fr\\\/dressyourbody\\\/\",\"https:\\\/\\\/www.youtube.com\\\/channel\\\/UCD9FR054rT1zUXmwxImG5vA?view_as=subscriber\"]}]}<\/script>\n<!-- \/ Yoast SEO plugin. -->","yoast_head_json":{"title":"Blouse TOO MUCH - DressYourBody - Patron de couture femme","description":"La blouse TOO MUCH est une blouse avec de nombreux d\u00e9tails raffin\u00e9s. Les plis religieuses autour de l'encolure lui donnent un c\u00f4t\u00e9 romatique.","robots":{"index":"index","follow":"follow","max-snippet":"max-snippet:-1","max-image-preview":"max-image-preview:large","max-video-preview":"max-video-preview:-1"},"canonical":"https:\/\/preprod.dressyourbody.fr\/en\/product\/blouse-too-much\/","og_locale":"en_US","og_type":"article","og_title":"Blouse TOO MUCH - DressYourBody - Patron de couture femme","og_description":"La blouse TOO MUCH est une blouse avec de nombreux d\u00e9tails raffin\u00e9s. Les plis religieuses autour de l'encolure lui donnent un c\u00f4t\u00e9 romatique.","og_url":"https:\/\/preprod.dressyourbody.fr\/en\/product\/blouse-too-much\/","og_site_name":"Dressyourbody","article_publisher":"https:\/\/www.facebook.com\/dressyourbody.couture\/","article_modified_time":"2025-07-27T15:15:19+00:00","og_image":[{"width":1201,"height":1202,"url":"https:\/\/preprod.dressyourbody.fr\/wp-content\/uploads\/2019\/09\/20190920_115004-4.jpg","type":"image\/jpeg"}],"twitter_card":"summary_large_image","twitter_misc":{"Est. reading time":"2 minutes"},"schema":{"@context":"https:\/\/schema.org","@graph":[{"@type":"WebPage","@id":"https:\/\/preprod.dressyourbody.fr\/en\/product\/blouse-too-much\/","url":"https:\/\/preprod.dressyourbody.fr\/en\/product\/blouse-too-much\/","name":"Blouse TOO MUCH - DressYourBody - Patron de couture femme","isPartOf":{"@id":"https:\/\/preprod.dressyourbody.fr\/#website"},"primaryImageOfPage":{"@id":"https:\/\/preprod.dressyourbody.fr\/en\/product\/blouse-too-much\/#primaryimage"},"image":{"@id":"https:\/\/preprod.dressyourbody.fr\/en\/product\/blouse-too-much\/#primaryimage"},"thumbnailUrl":"https:\/\/preprod.dressyourbody.fr\/wp-content\/uploads\/2019\/09\/20190920_115004-4.jpg","datePublished":"2019-09-19T07:57:49+00:00","dateModified":"2025-07-27T15:15:19+00:00","description":"La blouse TOO MUCH est une blouse avec de nombreux d\u00e9tails raffin\u00e9s. Les plis religieuses autour de l'encolure lui donnent un c\u00f4t\u00e9 romatique.","breadcrumb":{"@id":"https:\/\/preprod.dressyourbody.fr\/en\/product\/blouse-too-much\/#breadcrumb"},"inLanguage":"en-US","potentialAction":[{"@type":"ReadAction","target":["https:\/\/preprod.dressyourbody.fr\/en\/product\/blouse-too-much\/"]}]},{"@type":"ImageObject","inLanguage":"en-US","@id":"https:\/\/preprod.dressyourbody.fr\/en\/product\/blouse-too-much\/#primaryimage","url":"https:\/\/preprod.dressyourbody.fr\/wp-content\/uploads\/2019\/09\/20190920_115004-4.jpg","contentUrl":"https:\/\/preprod.dressyourbody.fr\/wp-content\/uploads\/2019\/09\/20190920_115004-4.jpg","width":1201,"height":1202},{"@type":"BreadcrumbList","@id":"https:\/\/preprod.dressyourbody.fr\/en\/product\/blouse-too-much\/#breadcrumb","itemListElement":[{"@type":"ListItem","position":1,"name":"Accueil","item":"https:\/\/preprod.dressyourbody.fr\/en\/"},{"@type":"ListItem","position":2,"name":"LA BOUTIQUE","item":"https:\/\/preprod.dressyourbody.fr\/en\/?page_id=22934"},{"@type":"ListItem","position":3,"name":"Blouse Too much"}]},{"@type":"WebSite","@id":"https:\/\/preprod.dressyourbody.fr\/#website","url":"https:\/\/preprod.dressyourbody.fr\/","name":"DressYourBody","description":"Patrons de couture","publisher":{"@id":"https:\/\/preprod.dressyourbody.fr\/#organization"},"potentialAction":[{"@type":"SearchAction","target":{"@type":"EntryPoint","urlTemplate":"https:\/\/preprod.dressyourbody.fr\/?s={search_term_string}"},"query-input":{"@type":"PropertyValueSpecification","valueRequired":true,"valueName":"search_term_string"}}],"inLanguage":"en-US"},{"@type":"Organization","@id":"https:\/\/preprod.dressyourbody.fr\/#organization","name":"DressYourBody.fr","url":"https:\/\/preprod.dressyourbody.fr\/","logo":{"@type":"ImageObject","inLanguage":"en-US","@id":"https:\/\/preprod.dressyourbody.fr\/#\/schema\/logo\/image\/","url":"https:\/\/preprod.dressyourbody.fr\/wp-content\/uploads\/2018\/07\/Logo-rond.png","contentUrl":"https:\/\/preprod.dressyourbody.fr\/wp-content\/uploads\/2018\/07\/Logo-rond.png","width":451,"height":449,"caption":"DressYourBody.fr"},"image":{"@id":"https:\/\/preprod.dressyourbody.fr\/#\/schema\/logo\/image\/"},"sameAs":["https:\/\/www.facebook.com\/dressyourbody.couture\/","https:\/\/www.instagram.com\/dressyourbody.couture\/","https:\/\/www.linkedin.com\/company\/11295981\/","https:\/\/www.pinterest.fr\/dressyourbody\/","https:\/\/www.youtube.com\/channel\/UCD9FR054rT1zUXmwxImG5vA?view_as=subscriber"]}]}},"_links":{"self":[{"href":"https:\/\/preprod.dressyourbody.fr\/en\/wp-json\/wp\/v2\/product\/19343","targetHints":{"allow":["GET"]}}],"collection":[{"href":"https:\/\/preprod.dressyourbody.fr\/en\/wp-json\/wp\/v2\/product"}],"about":[{"href":"https:\/\/preprod.dressyourbody.fr\/en\/wp-json\/wp\/v2\/types\/product"}],"replies":[{"embeddable":true,"href":"https:\/\/preprod.dressyourbody.fr\/en\/wp-json\/wp\/v2\/comments?post=19343"}],"wp:featuredmedia":[{"embeddable":true,"href":"https:\/\/preprod.dressyourbody.fr\/en\/wp-json\/wp\/v2\/media\/19393"}],"wp:attachment":[{"href":"https:\/\/preprod.dressyourbody.fr\/en\/wp-json\/wp\/v2\/media?parent=19343"}],"wp:term":[{"taxonomy":"product_brand","embeddable":true,"href":"https:\/\/preprod.dressyourbody.fr\/en\/wp-json\/wp\/v2\/product_brand?post=19343"},{"taxonomy":"product_cat","embeddable":true,"href":"https:\/\/preprod.dressyourbody.fr\/en\/wp-json\/wp\/v2\/product_cat?post=19343"},{"taxonomy":"product_tag","embeddable":true,"href":"https:\/\/preprod.dressyourbody.fr\/en\/wp-json\/wp\/v2\/product_tag?post=19343"}],"curies":[{"name":"wp","href":"https:\/\/api.w.org\/{rel}","templated":true}]}}