{"id":17722,"date":"2018-12-15T19:03:28","date_gmt":"2018-12-15T17:03:28","guid":{"rendered":"https:\/\/dressyourbody.fr\/?post_type=product&#038;p=17722"},"modified":"2024-02-05T12:37:12","modified_gmt":"2024-02-05T10:37:12","slug":"la-manche-3-4-a-fronces","status":"publish","type":"product","link":"https:\/\/preprod.dressyourbody.fr\/en\/product\/la-manche-3-4-a-fronces\/","title":{"rendered":"La manche 3\/4 \u00e0 fronces (version pdf)"},"content":{"rendered":"<p><span style=\"color: #993366;\"><strong>MANCHE 3\/4 A FRONCES<\/strong><\/span><\/p>\n<ul>\n<li>Manche de longueur 3\/4<\/li>\n<li>Poignet avec fente ind\u00e9chirable<\/li>\n<li>Fronces tout autour du poignet<\/li>\n<\/ul>\n<p>&nbsp;<\/p>\n<p>En plus de la manche 3\/4 \u00e0 fronces, pour varier les plaisirs, vous pouvez \u00e9galement t\u00e9l\u00e9charger <a href=\"https:\/\/preprod.dressyourbody.fr\/produit\/la-manche-a-smocks\" target=\"_blank\" rel=\"noopener noreferrer\">la manche \u00e0 smocks<\/a> et <a href=\"https:\/\/preprod.dressyourbody.fr\/produit\/la-manche-chemisier\" target=\"_blank\" rel=\"noopener noreferrer\">la manche chemisier<\/a>!<\/p>\n<p>La manche 3\/4 \u00e0 fronces peut s&rsquo;adapter \u00e0:<\/p>\n<ul>\n<li><a href=\"https:\/\/preprod.dressyourbody.fr\/produit\/blouse-pretty-baby\" target=\"_blank\" rel=\"noopener noreferrer\">La blouse \u00ab\u00a0Pretty Baby\u00a0\u00bb<\/a><\/li>\n<li><a href=\"https:\/\/preprod.dressyourbody.fr\/produit\/blouse-walk-like-me\" target=\"_blank\" rel=\"noopener noreferrer\">La blouse \u00ab\u00a0Walk like me\u00a0\u00bb<\/a><\/li>\n<li><a href=\"https:\/\/preprod.dressyourbody.fr\/produit\/top-follow-me\" target=\"_blank\" rel=\"noopener noreferrer\">La blouse \u00ab\u00a0Follow-me\u00a0\u00bb<\/a><\/li>\n<li><a href=\"https:\/\/preprod.dressyourbody.fr\/produit\/top-love-level\" target=\"_blank\" rel=\"noopener noreferrer\">La chemise \u00ab\u00a0Love level\u00a0\u00bb<\/a><\/li>\n<li><a href=\"https:\/\/preprod.dressyourbody.fr\/produit\/robe-in-the-sun\" target=\"_blank\" rel=\"noopener noreferrer\">La robe \u00ab\u00a0In the sun\u00a0\u00bb<\/a><\/li>\n<li><a href=\"https:\/\/preprod.dressyourbody.fr\/produit\/chemise-my-monster\" target=\"_blank\" rel=\"noopener noreferrer\">La chemise \u00ab\u00a0My Monster\u00a0\u00bb<\/a><\/li>\n<li><a href=\"https:\/\/preprod.dressyourbody.fr\/produit\/blouse-too-much\" target=\"_blank\" rel=\"noopener noreferrer\">La blouse \u00ab\u00a0Too much\u00a0\u00bb<\/a><\/li>\n<li><a href=\"https:\/\/preprod.dressyourbody.fr\/produit\/robe-divine\" target=\"_blank\" rel=\"noopener noreferrer\">La robe \u00ab\u00a0Divine\u00a0\u00bb<\/a><\/li>\n<\/ul>","protected":false},"excerpt":{"rendered":"<p>MANCHE 3\/4 A FRONCES Manche de longueur 3\/4 Poignet avec fente ind\u00e9chirable Fronces tout autour du poignet &nbsp; En plus de la manche 3\/4 \u00e0 fronces, pour varier les plaisirs, vous pouvez \u00e9galement t\u00e9l\u00e9charger la manche \u00e0 smocks et la manche chemisier! La manche 3\/4 \u00e0 fronces peut s&rsquo;adapter \u00e0: La blouse \u00ab\u00a0Pretty Baby\u00a0\u00bb La <\/p>\n<div><a class=\"zoli-read-more-link\" href=\"https:\/\/preprod.dressyourbody.fr\/en\/product\/la-manche-3-4-a-fronces\/\">Read More<span class=\"lexus-icon-Icon_Next\"><\/span><\/a><\/div>","protected":false},"featured_media":19198,"comment_status":"open","ping_status":"closed","template":"","meta":{"_acf_changed":false},"product_brand":[1278],"product_cat":[1237],"product_tag":[],"class_list":{"0":"post-17722","1":"product","2":"type-product","3":"status-publish","4":"has-post-thumbnail","6":"product_brand-dressyourbody","7":"product_cat-manches","9":"first","10":"instock","11":"downloadable","12":"virtual","13":"purchasable","14":"product-type-simple"},"acf":[],"yoast_head":"<!-- This site is optimized with the Yoast SEO plugin v27.3 - https:\/\/yoast.com\/product\/yoast-seo-wordpress\/ -->\n<title>La manche 3\/4 \u00e0 fronces (version pdf) - Dressyourbody<\/title>\n<meta name=\"description\" content=\"Initialement con\u00e7ue pour la chemise &quot;My Monster&quot;, la manche 3\/4 \u00e0 fronces peut s&#039;adapter \u00e0 d&#039;autres blouses et chemisiers de la collection DressYourBody. C&#039;est pourquoi vous pouvez t\u00e9l\u00e9charger en PDF la manche 3\/4 \u00e0 fronces seule! A vous de choisir sur quel v\u00eatement l&#039;adapter!\" \/>\n<meta name=\"robots\" content=\"index, follow, max-snippet:-1, max-image-preview:large, max-video-preview:-1\" \/>\n<link rel=\"canonical\" href=\"https:\/\/preprod.dressyourbody.fr\/en\/product\/la-manche-3-4-a-fronces\/\" \/>\n<meta property=\"og:locale\" content=\"en_US\" \/>\n<meta property=\"og:type\" content=\"article\" \/>\n<meta property=\"og:title\" content=\"La manche 3\/4 \u00e0 fronces (version pdf) - Dressyourbody\" \/>\n<meta property=\"og:description\" content=\"Initialement con\u00e7ue pour la chemise &quot;My Monster&quot;, la manche 3\/4 \u00e0 fronces peut s&#039;adapter \u00e0 d&#039;autres blouses et chemisiers de la collection DressYourBody. C&#039;est pourquoi vous pouvez t\u00e9l\u00e9charger en PDF la manche 3\/4 \u00e0 fronces seule! A vous de choisir sur quel v\u00eatement l&#039;adapter!\" \/>\n<meta property=\"og:url\" content=\"https:\/\/preprod.dressyourbody.fr\/en\/product\/la-manche-3-4-a-fronces\/\" \/>\n<meta property=\"og:site_name\" content=\"Dressyourbody\" \/>\n<meta property=\"article:publisher\" content=\"https:\/\/www.facebook.com\/dressyourbody.couture\/\" \/>\n<meta property=\"article:modified_time\" content=\"2024-02-05T10:37:12+00:00\" \/>\n<meta property=\"og:image\" content=\"https:\/\/preprod.dressyourbody.fr\/wp-content\/uploads\/2019\/09\/Manche-3-4-fronces_sans-cadre_logo.png\" \/>\n\t<meta property=\"og:image:width\" content=\"870\" \/>\n\t<meta property=\"og:image:height\" content=\"1264\" \/>\n\t<meta property=\"og:image:type\" content=\"image\/png\" \/>\n<meta name=\"twitter:card\" content=\"summary_large_image\" \/>\n<script type=\"application\/ld+json\" class=\"yoast-schema-graph\">{\"@context\":\"https:\\\/\\\/schema.org\",\"@graph\":[{\"@type\":\"WebPage\",\"@id\":\"https:\\\/\\\/preprod.dressyourbody.fr\\\/en\\\/product\\\/la-manche-3-4-a-fronces\\\/\",\"url\":\"https:\\\/\\\/preprod.dressyourbody.fr\\\/en\\\/product\\\/la-manche-3-4-a-fronces\\\/\",\"name\":\"La manche 3\\\/4 \u00e0 fronces (version pdf) - Dressyourbody\",\"isPartOf\":{\"@id\":\"https:\\\/\\\/preprod.dressyourbody.fr\\\/#website\"},\"primaryImageOfPage\":{\"@id\":\"https:\\\/\\\/preprod.dressyourbody.fr\\\/en\\\/product\\\/la-manche-3-4-a-fronces\\\/#primaryimage\"},\"image\":{\"@id\":\"https:\\\/\\\/preprod.dressyourbody.fr\\\/en\\\/product\\\/la-manche-3-4-a-fronces\\\/#primaryimage\"},\"thumbnailUrl\":\"https:\\\/\\\/preprod.dressyourbody.fr\\\/wp-content\\\/uploads\\\/2019\\\/09\\\/Manche-3-4-fronces_sans-cadre_logo.png\",\"datePublished\":\"2018-12-15T17:03:28+00:00\",\"dateModified\":\"2024-02-05T10:37:12+00:00\",\"description\":\"Initialement con\u00e7ue pour la chemise \\\"My Monster\\\", la manche 3\\\/4 \u00e0 fronces peut s'adapter \u00e0 d'autres blouses et chemisiers de la collection DressYourBody. C'est pourquoi vous pouvez t\u00e9l\u00e9charger en PDF la manche 3\\\/4 \u00e0 fronces seule! A vous de choisir sur quel v\u00eatement l'adapter!\",\"breadcrumb\":{\"@id\":\"https:\\\/\\\/preprod.dressyourbody.fr\\\/en\\\/product\\\/la-manche-3-4-a-fronces\\\/#breadcrumb\"},\"inLanguage\":\"en-US\",\"potentialAction\":[{\"@type\":\"ReadAction\",\"target\":[\"https:\\\/\\\/preprod.dressyourbody.fr\\\/en\\\/product\\\/la-manche-3-4-a-fronces\\\/\"]}]},{\"@type\":\"ImageObject\",\"inLanguage\":\"en-US\",\"@id\":\"https:\\\/\\\/preprod.dressyourbody.fr\\\/en\\\/product\\\/la-manche-3-4-a-fronces\\\/#primaryimage\",\"url\":\"https:\\\/\\\/preprod.dressyourbody.fr\\\/wp-content\\\/uploads\\\/2019\\\/09\\\/Manche-3-4-fronces_sans-cadre_logo.png\",\"contentUrl\":\"https:\\\/\\\/preprod.dressyourbody.fr\\\/wp-content\\\/uploads\\\/2019\\\/09\\\/Manche-3-4-fronces_sans-cadre_logo.png\",\"width\":870,\"height\":1264},{\"@type\":\"BreadcrumbList\",\"@id\":\"https:\\\/\\\/preprod.dressyourbody.fr\\\/en\\\/product\\\/la-manche-3-4-a-fronces\\\/#breadcrumb\",\"itemListElement\":[{\"@type\":\"ListItem\",\"position\":1,\"name\":\"Accueil\",\"item\":\"https:\\\/\\\/preprod.dressyourbody.fr\\\/en\\\/\"},{\"@type\":\"ListItem\",\"position\":2,\"name\":\"LA BOUTIQUE\",\"item\":\"https:\\\/\\\/preprod.dressyourbody.fr\\\/en\\\/?page_id=22934\"},{\"@type\":\"ListItem\",\"position\":3,\"name\":\"La manche 3\\\/4 \u00e0 fronces (version pdf)\"}]},{\"@type\":\"WebSite\",\"@id\":\"https:\\\/\\\/preprod.dressyourbody.fr\\\/#website\",\"url\":\"https:\\\/\\\/preprod.dressyourbody.fr\\\/\",\"name\":\"DressYourBody\",\"description\":\"Patrons de couture\",\"publisher\":{\"@id\":\"https:\\\/\\\/preprod.dressyourbody.fr\\\/#organization\"},\"potentialAction\":[{\"@type\":\"SearchAction\",\"target\":{\"@type\":\"EntryPoint\",\"urlTemplate\":\"https:\\\/\\\/preprod.dressyourbody.fr\\\/?s={search_term_string}\"},\"query-input\":{\"@type\":\"PropertyValueSpecification\",\"valueRequired\":true,\"valueName\":\"search_term_string\"}}],\"inLanguage\":\"en-US\"},{\"@type\":\"Organization\",\"@id\":\"https:\\\/\\\/preprod.dressyourbody.fr\\\/#organization\",\"name\":\"DressYourBody.fr\",\"url\":\"https:\\\/\\\/preprod.dressyourbody.fr\\\/\",\"logo\":{\"@type\":\"ImageObject\",\"inLanguage\":\"en-US\",\"@id\":\"https:\\\/\\\/preprod.dressyourbody.fr\\\/#\\\/schema\\\/logo\\\/image\\\/\",\"url\":\"https:\\\/\\\/preprod.dressyourbody.fr\\\/wp-content\\\/uploads\\\/2018\\\/07\\\/Logo-rond.png\",\"contentUrl\":\"https:\\\/\\\/preprod.dressyourbody.fr\\\/wp-content\\\/uploads\\\/2018\\\/07\\\/Logo-rond.png\",\"width\":451,\"height\":449,\"caption\":\"DressYourBody.fr\"},\"image\":{\"@id\":\"https:\\\/\\\/preprod.dressyourbody.fr\\\/#\\\/schema\\\/logo\\\/image\\\/\"},\"sameAs\":[\"https:\\\/\\\/www.facebook.com\\\/dressyourbody.couture\\\/\",\"https:\\\/\\\/www.instagram.com\\\/dressyourbody.couture\\\/\",\"https:\\\/\\\/www.linkedin.com\\\/company\\\/11295981\\\/\",\"https:\\\/\\\/www.pinterest.fr\\\/dressyourbody\\\/\",\"https:\\\/\\\/www.youtube.com\\\/channel\\\/UCD9FR054rT1zUXmwxImG5vA?view_as=subscriber\"]}]}<\/script>\n<!-- \/ Yoast SEO plugin. -->","yoast_head_json":{"title":"La manche 3\/4 \u00e0 fronces (version pdf) - Dressyourbody","description":"Initialement con\u00e7ue pour la chemise \"My Monster\", la manche 3\/4 \u00e0 fronces peut s'adapter \u00e0 d'autres blouses et chemisiers de la collection DressYourBody. C'est pourquoi vous pouvez t\u00e9l\u00e9charger en PDF la manche 3\/4 \u00e0 fronces seule! A vous de choisir sur quel v\u00eatement l'adapter!","robots":{"index":"index","follow":"follow","max-snippet":"max-snippet:-1","max-image-preview":"max-image-preview:large","max-video-preview":"max-video-preview:-1"},"canonical":"https:\/\/preprod.dressyourbody.fr\/en\/product\/la-manche-3-4-a-fronces\/","og_locale":"en_US","og_type":"article","og_title":"La manche 3\/4 \u00e0 fronces (version pdf) - Dressyourbody","og_description":"Initialement con\u00e7ue pour la chemise \"My Monster\", la manche 3\/4 \u00e0 fronces peut s'adapter \u00e0 d'autres blouses et chemisiers de la collection DressYourBody. C'est pourquoi vous pouvez t\u00e9l\u00e9charger en PDF la manche 3\/4 \u00e0 fronces seule! A vous de choisir sur quel v\u00eatement l'adapter!","og_url":"https:\/\/preprod.dressyourbody.fr\/en\/product\/la-manche-3-4-a-fronces\/","og_site_name":"Dressyourbody","article_publisher":"https:\/\/www.facebook.com\/dressyourbody.couture\/","article_modified_time":"2024-02-05T10:37:12+00:00","og_image":[{"width":870,"height":1264,"url":"https:\/\/preprod.dressyourbody.fr\/wp-content\/uploads\/2019\/09\/Manche-3-4-fronces_sans-cadre_logo.png","type":"image\/png"}],"twitter_card":"summary_large_image","schema":{"@context":"https:\/\/schema.org","@graph":[{"@type":"WebPage","@id":"https:\/\/preprod.dressyourbody.fr\/en\/product\/la-manche-3-4-a-fronces\/","url":"https:\/\/preprod.dressyourbody.fr\/en\/product\/la-manche-3-4-a-fronces\/","name":"La manche 3\/4 \u00e0 fronces (version pdf) - Dressyourbody","isPartOf":{"@id":"https:\/\/preprod.dressyourbody.fr\/#website"},"primaryImageOfPage":{"@id":"https:\/\/preprod.dressyourbody.fr\/en\/product\/la-manche-3-4-a-fronces\/#primaryimage"},"image":{"@id":"https:\/\/preprod.dressyourbody.fr\/en\/product\/la-manche-3-4-a-fronces\/#primaryimage"},"thumbnailUrl":"https:\/\/preprod.dressyourbody.fr\/wp-content\/uploads\/2019\/09\/Manche-3-4-fronces_sans-cadre_logo.png","datePublished":"2018-12-15T17:03:28+00:00","dateModified":"2024-02-05T10:37:12+00:00","description":"Initialement con\u00e7ue pour la chemise \"My Monster\", la manche 3\/4 \u00e0 fronces peut s'adapter \u00e0 d'autres blouses et chemisiers de la collection DressYourBody. C'est pourquoi vous pouvez t\u00e9l\u00e9charger en PDF la manche 3\/4 \u00e0 fronces seule! A vous de choisir sur quel v\u00eatement l'adapter!","breadcrumb":{"@id":"https:\/\/preprod.dressyourbody.fr\/en\/product\/la-manche-3-4-a-fronces\/#breadcrumb"},"inLanguage":"en-US","potentialAction":[{"@type":"ReadAction","target":["https:\/\/preprod.dressyourbody.fr\/en\/product\/la-manche-3-4-a-fronces\/"]}]},{"@type":"ImageObject","inLanguage":"en-US","@id":"https:\/\/preprod.dressyourbody.fr\/en\/product\/la-manche-3-4-a-fronces\/#primaryimage","url":"https:\/\/preprod.dressyourbody.fr\/wp-content\/uploads\/2019\/09\/Manche-3-4-fronces_sans-cadre_logo.png","contentUrl":"https:\/\/preprod.dressyourbody.fr\/wp-content\/uploads\/2019\/09\/Manche-3-4-fronces_sans-cadre_logo.png","width":870,"height":1264},{"@type":"BreadcrumbList","@id":"https:\/\/preprod.dressyourbody.fr\/en\/product\/la-manche-3-4-a-fronces\/#breadcrumb","itemListElement":[{"@type":"ListItem","position":1,"name":"Accueil","item":"https:\/\/preprod.dressyourbody.fr\/en\/"},{"@type":"ListItem","position":2,"name":"LA BOUTIQUE","item":"https:\/\/preprod.dressyourbody.fr\/en\/?page_id=22934"},{"@type":"ListItem","position":3,"name":"La manche 3\/4 \u00e0 fronces (version pdf)"}]},{"@type":"WebSite","@id":"https:\/\/preprod.dressyourbody.fr\/#website","url":"https:\/\/preprod.dressyourbody.fr\/","name":"DressYourBody","description":"Patrons de couture","publisher":{"@id":"https:\/\/preprod.dressyourbody.fr\/#organization"},"potentialAction":[{"@type":"SearchAction","target":{"@type":"EntryPoint","urlTemplate":"https:\/\/preprod.dressyourbody.fr\/?s={search_term_string}"},"query-input":{"@type":"PropertyValueSpecification","valueRequired":true,"valueName":"search_term_string"}}],"inLanguage":"en-US"},{"@type":"Organization","@id":"https:\/\/preprod.dressyourbody.fr\/#organization","name":"DressYourBody.fr","url":"https:\/\/preprod.dressyourbody.fr\/","logo":{"@type":"ImageObject","inLanguage":"en-US","@id":"https:\/\/preprod.dressyourbody.fr\/#\/schema\/logo\/image\/","url":"https:\/\/preprod.dressyourbody.fr\/wp-content\/uploads\/2018\/07\/Logo-rond.png","contentUrl":"https:\/\/preprod.dressyourbody.fr\/wp-content\/uploads\/2018\/07\/Logo-rond.png","width":451,"height":449,"caption":"DressYourBody.fr"},"image":{"@id":"https:\/\/preprod.dressyourbody.fr\/#\/schema\/logo\/image\/"},"sameAs":["https:\/\/www.facebook.com\/dressyourbody.couture\/","https:\/\/www.instagram.com\/dressyourbody.couture\/","https:\/\/www.linkedin.com\/company\/11295981\/","https:\/\/www.pinterest.fr\/dressyourbody\/","https:\/\/www.youtube.com\/channel\/UCD9FR054rT1zUXmwxImG5vA?view_as=subscriber"]}]}},"_links":{"self":[{"href":"https:\/\/preprod.dressyourbody.fr\/en\/wp-json\/wp\/v2\/product\/17722","targetHints":{"allow":["GET"]}}],"collection":[{"href":"https:\/\/preprod.dressyourbody.fr\/en\/wp-json\/wp\/v2\/product"}],"about":[{"href":"https:\/\/preprod.dressyourbody.fr\/en\/wp-json\/wp\/v2\/types\/product"}],"replies":[{"embeddable":true,"href":"https:\/\/preprod.dressyourbody.fr\/en\/wp-json\/wp\/v2\/comments?post=17722"}],"wp:featuredmedia":[{"embeddable":true,"href":"https:\/\/preprod.dressyourbody.fr\/en\/wp-json\/wp\/v2\/media\/19198"}],"wp:attachment":[{"href":"https:\/\/preprod.dressyourbody.fr\/en\/wp-json\/wp\/v2\/media?parent=17722"}],"wp:term":[{"taxonomy":"product_brand","embeddable":true,"href":"https:\/\/preprod.dressyourbody.fr\/en\/wp-json\/wp\/v2\/product_brand?post=17722"},{"taxonomy":"product_cat","embeddable":true,"href":"https:\/\/preprod.dressyourbody.fr\/en\/wp-json\/wp\/v2\/product_cat?post=17722"},{"taxonomy":"product_tag","embeddable":true,"href":"https:\/\/preprod.dressyourbody.fr\/en\/wp-json\/wp\/v2\/product_tag?post=17722"}],"curies":[{"name":"wp","href":"https:\/\/api.w.org\/{rel}","templated":true}]}}