{"id":17710,"date":"2018-12-16T12:02:37","date_gmt":"2018-12-16T10:02:37","guid":{"rendered":"https:\/\/dressyourbody.fr\/?post_type=product&#038;p=17710"},"modified":"2022-03-16T20:21:38","modified_gmt":"2022-03-16T18:21:38","slug":"la-manche-a-smocks","status":"publish","type":"product","link":"https:\/\/preprod.dressyourbody.fr\/en\/product\/la-manche-a-smocks\/","title":{"rendered":"La manche 3\/4 \u00e0 smocks (version pdf)"},"content":{"rendered":"<p><span style=\"color: #993366;\"><strong>MANCHE A SMOCKS<\/strong><\/span><\/p>\n<ul>\n<li>Manche de longueur 3\/4<\/li>\n<li>Smocks r\u00e9alis\u00e9es avec un fil \u00e9lastique dans la canette<\/li>\n<li>10 rang\u00e9es de smocks sont pr\u00e9vues<\/li>\n<\/ul>\n<p>&nbsp;<\/p>\n<p>En plus de la manche \u00e0 smocks, pour varier les plaisirs, vous pouvez \u00e9galement t\u00e9l\u00e9charger <a href=\"https:\/\/preprod.dressyourbody.fr\/produit\/la-manche-chemisier\" target=\"_blank\" rel=\"noopener noreferrer\">la manche chemisier<\/a> et <a href=\"https:\/\/preprod.dressyourbody.fr\/produit\/la-manche-3-4-a-fronces\" target=\"_blank\" rel=\"noopener noreferrer\">la manche 3\/4 \u00e0 fronces<\/a>!<\/p>\n<p>&nbsp;<\/p>\n<p>La manche \u00e0 smocks s&rsquo;adapte aux mod\u00e8les ci-dessous:<\/p>\n<ul>\n<li><a href=\"https:\/\/preprod.dressyourbody.fr\/produit\/blouse-pretty-baby\" target=\"_blank\" rel=\"noopener noreferrer\">La blouse \u00ab\u00a0Pretty Baby\u00a0\u00bb<\/a><\/li>\n<li><a href=\"https:\/\/preprod.dressyourbody.fr\/produit\/blouse-walk-like-me\" target=\"_blank\" rel=\"noopener noreferrer\">La blouse \u00ab\u00a0Walk like me\u00a0\u00bb<\/a><\/li>\n<li><a href=\"https:\/\/preprod.dressyourbody.fr\/produit\/top-follow-me\" target=\"_blank\" rel=\"noopener noreferrer\">La blouse \u00ab\u00a0Follow-me\u00a0\u00bb<\/a><\/li>\n<li><a href=\"https:\/\/preprod.dressyourbody.fr\/produit\/top-love-level\" target=\"_blank\" rel=\"noopener noreferrer\">La chemise \u00ab\u00a0Love level\u00a0\u00bb<\/a><\/li>\n<li><a href=\"https:\/\/preprod.dressyourbody.fr\/produit\/robe-in-the-sun\" target=\"_blank\" rel=\"noopener noreferrer\">La robe \u00ab\u00a0In the sun\u00a0\u00bb<\/a><\/li>\n<li><a href=\"https:\/\/preprod.dressyourbody.fr\/produit\/chemise-my-monster\" target=\"_blank\" rel=\"noopener noreferrer\">La chemise \u00ab\u00a0My Monster\u00a0\u00bb<\/a><\/li>\n<li><a href=\"https:\/\/preprod.dressyourbody.fr\/produit\/blouse-too-much\" target=\"_blank\" rel=\"noopener noreferrer\">La blouse \u00ab\u00a0Too much\u00a0\u00bb<\/a><\/li>\n<li><a href=\"https:\/\/preprod.dressyourbody.fr\/produit\/robe-divine\" target=\"_blank\" rel=\"noopener noreferrer\">La robe \u00ab\u00a0Divine\u00a0\u00bb<\/a><\/li>\n<\/ul>\n<p>&nbsp;<\/p>","protected":false},"excerpt":{"rendered":"<p>MANCHE A SMOCKS Manche de longueur 3\/4 Smocks r\u00e9alis\u00e9es avec un fil \u00e9lastique dans la canette 10 rang\u00e9es de smocks sont pr\u00e9vues &nbsp; En plus de la manche \u00e0 smocks, pour varier les plaisirs, vous pouvez \u00e9galement t\u00e9l\u00e9charger la manche chemisier et la manche 3\/4 \u00e0 fronces! &nbsp; La manche \u00e0 smocks s&rsquo;adapte aux mod\u00e8les <\/p>\n<div><a class=\"zoli-read-more-link\" href=\"https:\/\/preprod.dressyourbody.fr\/en\/product\/la-manche-a-smocks\/\">Read More<span class=\"lexus-icon-Icon_Next\"><\/span><\/a><\/div>","protected":false},"featured_media":19197,"comment_status":"open","ping_status":"closed","template":"","meta":{"_acf_changed":false},"product_brand":[1278],"product_cat":[1237],"product_tag":[],"class_list":{"0":"post-17710","1":"product","2":"type-product","3":"status-publish","4":"has-post-thumbnail","6":"product_brand-dressyourbody","7":"product_cat-manches","9":"first","10":"instock","11":"downloadable","12":"virtual","13":"purchasable","14":"product-type-simple"},"acf":[],"yoast_head":"<!-- This site is optimized with the Yoast SEO plugin v27.4 - https:\/\/yoast.com\/product\/yoast-seo-wordpress\/ -->\n<title>La manche \u00e0 smocks: t\u00e9l\u00e9chargez gratuitement le patron pdf<\/title>\n<meta name=\"description\" content=\"La manche \u00e0 smocks, con\u00e7ue pour la chemise &quot;My Monster&quot;, peut s&#039;adapter \u00e0 d&#039;autres mod\u00e8les de la collection DressYourBody. T\u00e9l\u00e9charger le patron PDF!\" \/>\n<meta name=\"robots\" content=\"index, follow, max-snippet:-1, max-image-preview:large, max-video-preview:-1\" \/>\n<link rel=\"canonical\" href=\"https:\/\/preprod.dressyourbody.fr\/en\/product\/la-manche-a-smocks\/\" \/>\n<meta property=\"og:locale\" content=\"en_US\" \/>\n<meta property=\"og:type\" content=\"article\" \/>\n<meta property=\"og:title\" content=\"La manche \u00e0 smocks: t\u00e9l\u00e9chargez gratuitement le patron pdf\" \/>\n<meta property=\"og:description\" content=\"La manche \u00e0 smocks, con\u00e7ue pour la chemise &quot;My Monster&quot;, peut s&#039;adapter \u00e0 d&#039;autres mod\u00e8les de la collection DressYourBody. T\u00e9l\u00e9charger le patron PDF!\" \/>\n<meta property=\"og:url\" content=\"https:\/\/preprod.dressyourbody.fr\/en\/product\/la-manche-a-smocks\/\" \/>\n<meta property=\"og:site_name\" content=\"Dressyourbody\" \/>\n<meta property=\"article:publisher\" content=\"https:\/\/www.facebook.com\/dressyourbody.couture\/\" \/>\n<meta property=\"article:modified_time\" content=\"2022-03-16T18:21:38+00:00\" \/>\n<meta property=\"og:image\" content=\"https:\/\/preprod.dressyourbody.fr\/wp-content\/uploads\/2019\/09\/Manche-smocks_sans-cadre_logo.png\" \/>\n\t<meta property=\"og:image:width\" content=\"891\" \/>\n\t<meta property=\"og:image:height\" content=\"1255\" \/>\n\t<meta property=\"og:image:type\" content=\"image\/png\" \/>\n<meta name=\"twitter:card\" content=\"summary_large_image\" \/>\n<script type=\"application\/ld+json\" class=\"yoast-schema-graph\">{\"@context\":\"https:\\\/\\\/schema.org\",\"@graph\":[{\"@type\":\"WebPage\",\"@id\":\"https:\\\/\\\/preprod.dressyourbody.fr\\\/en\\\/product\\\/la-manche-a-smocks\\\/\",\"url\":\"https:\\\/\\\/preprod.dressyourbody.fr\\\/en\\\/product\\\/la-manche-a-smocks\\\/\",\"name\":\"La manche \u00e0 smocks: t\u00e9l\u00e9chargez gratuitement le patron pdf\",\"isPartOf\":{\"@id\":\"https:\\\/\\\/preprod.dressyourbody.fr\\\/#website\"},\"primaryImageOfPage\":{\"@id\":\"https:\\\/\\\/preprod.dressyourbody.fr\\\/en\\\/product\\\/la-manche-a-smocks\\\/#primaryimage\"},\"image\":{\"@id\":\"https:\\\/\\\/preprod.dressyourbody.fr\\\/en\\\/product\\\/la-manche-a-smocks\\\/#primaryimage\"},\"thumbnailUrl\":\"https:\\\/\\\/preprod.dressyourbody.fr\\\/wp-content\\\/uploads\\\/2019\\\/09\\\/Manche-smocks_sans-cadre_logo.png\",\"datePublished\":\"2018-12-16T10:02:37+00:00\",\"dateModified\":\"2022-03-16T18:21:38+00:00\",\"description\":\"La manche \u00e0 smocks, con\u00e7ue pour la chemise \\\"My Monster\\\", peut s'adapter \u00e0 d'autres mod\u00e8les de la collection DressYourBody. T\u00e9l\u00e9charger le patron PDF!\",\"breadcrumb\":{\"@id\":\"https:\\\/\\\/preprod.dressyourbody.fr\\\/en\\\/product\\\/la-manche-a-smocks\\\/#breadcrumb\"},\"inLanguage\":\"en-US\",\"potentialAction\":[{\"@type\":\"ReadAction\",\"target\":[\"https:\\\/\\\/preprod.dressyourbody.fr\\\/en\\\/product\\\/la-manche-a-smocks\\\/\"]}]},{\"@type\":\"ImageObject\",\"inLanguage\":\"en-US\",\"@id\":\"https:\\\/\\\/preprod.dressyourbody.fr\\\/en\\\/product\\\/la-manche-a-smocks\\\/#primaryimage\",\"url\":\"https:\\\/\\\/preprod.dressyourbody.fr\\\/wp-content\\\/uploads\\\/2019\\\/09\\\/Manche-smocks_sans-cadre_logo.png\",\"contentUrl\":\"https:\\\/\\\/preprod.dressyourbody.fr\\\/wp-content\\\/uploads\\\/2019\\\/09\\\/Manche-smocks_sans-cadre_logo.png\",\"width\":891,\"height\":1255,\"caption\":\"La manche \u00e0 smocks\"},{\"@type\":\"BreadcrumbList\",\"@id\":\"https:\\\/\\\/preprod.dressyourbody.fr\\\/en\\\/product\\\/la-manche-a-smocks\\\/#breadcrumb\",\"itemListElement\":[{\"@type\":\"ListItem\",\"position\":1,\"name\":\"Accueil\",\"item\":\"https:\\\/\\\/preprod.dressyourbody.fr\\\/en\\\/\"},{\"@type\":\"ListItem\",\"position\":2,\"name\":\"LA BOUTIQUE\",\"item\":\"https:\\\/\\\/preprod.dressyourbody.fr\\\/en\\\/?page_id=22934\"},{\"@type\":\"ListItem\",\"position\":3,\"name\":\"La manche 3\\\/4 \u00e0 smocks (version pdf)\"}]},{\"@type\":\"WebSite\",\"@id\":\"https:\\\/\\\/preprod.dressyourbody.fr\\\/#website\",\"url\":\"https:\\\/\\\/preprod.dressyourbody.fr\\\/\",\"name\":\"DressYourBody\",\"description\":\"Patrons de couture\",\"publisher\":{\"@id\":\"https:\\\/\\\/preprod.dressyourbody.fr\\\/#organization\"},\"potentialAction\":[{\"@type\":\"SearchAction\",\"target\":{\"@type\":\"EntryPoint\",\"urlTemplate\":\"https:\\\/\\\/preprod.dressyourbody.fr\\\/?s={search_term_string}\"},\"query-input\":{\"@type\":\"PropertyValueSpecification\",\"valueRequired\":true,\"valueName\":\"search_term_string\"}}],\"inLanguage\":\"en-US\"},{\"@type\":\"Organization\",\"@id\":\"https:\\\/\\\/preprod.dressyourbody.fr\\\/#organization\",\"name\":\"DressYourBody.fr\",\"url\":\"https:\\\/\\\/preprod.dressyourbody.fr\\\/\",\"logo\":{\"@type\":\"ImageObject\",\"inLanguage\":\"en-US\",\"@id\":\"https:\\\/\\\/preprod.dressyourbody.fr\\\/#\\\/schema\\\/logo\\\/image\\\/\",\"url\":\"https:\\\/\\\/preprod.dressyourbody.fr\\\/wp-content\\\/uploads\\\/2018\\\/07\\\/Logo-rond.png\",\"contentUrl\":\"https:\\\/\\\/preprod.dressyourbody.fr\\\/wp-content\\\/uploads\\\/2018\\\/07\\\/Logo-rond.png\",\"width\":451,\"height\":449,\"caption\":\"DressYourBody.fr\"},\"image\":{\"@id\":\"https:\\\/\\\/preprod.dressyourbody.fr\\\/#\\\/schema\\\/logo\\\/image\\\/\"},\"sameAs\":[\"https:\\\/\\\/www.facebook.com\\\/dressyourbody.couture\\\/\",\"https:\\\/\\\/www.instagram.com\\\/dressyourbody.couture\\\/\",\"https:\\\/\\\/www.linkedin.com\\\/company\\\/11295981\\\/\",\"https:\\\/\\\/www.pinterest.fr\\\/dressyourbody\\\/\",\"https:\\\/\\\/www.youtube.com\\\/channel\\\/UCD9FR054rT1zUXmwxImG5vA?view_as=subscriber\"]}]}<\/script>\n<!-- \/ Yoast SEO plugin. -->","yoast_head_json":{"title":"La manche \u00e0 smocks: t\u00e9l\u00e9chargez gratuitement le patron pdf","description":"La manche \u00e0 smocks, con\u00e7ue pour la chemise \"My Monster\", peut s'adapter \u00e0 d'autres mod\u00e8les de la collection DressYourBody. T\u00e9l\u00e9charger le patron PDF!","robots":{"index":"index","follow":"follow","max-snippet":"max-snippet:-1","max-image-preview":"max-image-preview:large","max-video-preview":"max-video-preview:-1"},"canonical":"https:\/\/preprod.dressyourbody.fr\/en\/product\/la-manche-a-smocks\/","og_locale":"en_US","og_type":"article","og_title":"La manche \u00e0 smocks: t\u00e9l\u00e9chargez gratuitement le patron pdf","og_description":"La manche \u00e0 smocks, con\u00e7ue pour la chemise \"My Monster\", peut s'adapter \u00e0 d'autres mod\u00e8les de la collection DressYourBody. T\u00e9l\u00e9charger le patron PDF!","og_url":"https:\/\/preprod.dressyourbody.fr\/en\/product\/la-manche-a-smocks\/","og_site_name":"Dressyourbody","article_publisher":"https:\/\/www.facebook.com\/dressyourbody.couture\/","article_modified_time":"2022-03-16T18:21:38+00:00","og_image":[{"width":891,"height":1255,"url":"https:\/\/preprod.dressyourbody.fr\/wp-content\/uploads\/2019\/09\/Manche-smocks_sans-cadre_logo.png","type":"image\/png"}],"twitter_card":"summary_large_image","schema":{"@context":"https:\/\/schema.org","@graph":[{"@type":"WebPage","@id":"https:\/\/preprod.dressyourbody.fr\/en\/product\/la-manche-a-smocks\/","url":"https:\/\/preprod.dressyourbody.fr\/en\/product\/la-manche-a-smocks\/","name":"La manche \u00e0 smocks: t\u00e9l\u00e9chargez gratuitement le patron pdf","isPartOf":{"@id":"https:\/\/preprod.dressyourbody.fr\/#website"},"primaryImageOfPage":{"@id":"https:\/\/preprod.dressyourbody.fr\/en\/product\/la-manche-a-smocks\/#primaryimage"},"image":{"@id":"https:\/\/preprod.dressyourbody.fr\/en\/product\/la-manche-a-smocks\/#primaryimage"},"thumbnailUrl":"https:\/\/preprod.dressyourbody.fr\/wp-content\/uploads\/2019\/09\/Manche-smocks_sans-cadre_logo.png","datePublished":"2018-12-16T10:02:37+00:00","dateModified":"2022-03-16T18:21:38+00:00","description":"La manche \u00e0 smocks, con\u00e7ue pour la chemise \"My Monster\", peut s'adapter \u00e0 d'autres mod\u00e8les de la collection DressYourBody. T\u00e9l\u00e9charger le patron PDF!","breadcrumb":{"@id":"https:\/\/preprod.dressyourbody.fr\/en\/product\/la-manche-a-smocks\/#breadcrumb"},"inLanguage":"en-US","potentialAction":[{"@type":"ReadAction","target":["https:\/\/preprod.dressyourbody.fr\/en\/product\/la-manche-a-smocks\/"]}]},{"@type":"ImageObject","inLanguage":"en-US","@id":"https:\/\/preprod.dressyourbody.fr\/en\/product\/la-manche-a-smocks\/#primaryimage","url":"https:\/\/preprod.dressyourbody.fr\/wp-content\/uploads\/2019\/09\/Manche-smocks_sans-cadre_logo.png","contentUrl":"https:\/\/preprod.dressyourbody.fr\/wp-content\/uploads\/2019\/09\/Manche-smocks_sans-cadre_logo.png","width":891,"height":1255,"caption":"La manche \u00e0 smocks"},{"@type":"BreadcrumbList","@id":"https:\/\/preprod.dressyourbody.fr\/en\/product\/la-manche-a-smocks\/#breadcrumb","itemListElement":[{"@type":"ListItem","position":1,"name":"Accueil","item":"https:\/\/preprod.dressyourbody.fr\/en\/"},{"@type":"ListItem","position":2,"name":"LA BOUTIQUE","item":"https:\/\/preprod.dressyourbody.fr\/en\/?page_id=22934"},{"@type":"ListItem","position":3,"name":"La manche 3\/4 \u00e0 smocks (version pdf)"}]},{"@type":"WebSite","@id":"https:\/\/preprod.dressyourbody.fr\/#website","url":"https:\/\/preprod.dressyourbody.fr\/","name":"DressYourBody","description":"Patrons de couture","publisher":{"@id":"https:\/\/preprod.dressyourbody.fr\/#organization"},"potentialAction":[{"@type":"SearchAction","target":{"@type":"EntryPoint","urlTemplate":"https:\/\/preprod.dressyourbody.fr\/?s={search_term_string}"},"query-input":{"@type":"PropertyValueSpecification","valueRequired":true,"valueName":"search_term_string"}}],"inLanguage":"en-US"},{"@type":"Organization","@id":"https:\/\/preprod.dressyourbody.fr\/#organization","name":"DressYourBody.fr","url":"https:\/\/preprod.dressyourbody.fr\/","logo":{"@type":"ImageObject","inLanguage":"en-US","@id":"https:\/\/preprod.dressyourbody.fr\/#\/schema\/logo\/image\/","url":"https:\/\/preprod.dressyourbody.fr\/wp-content\/uploads\/2018\/07\/Logo-rond.png","contentUrl":"https:\/\/preprod.dressyourbody.fr\/wp-content\/uploads\/2018\/07\/Logo-rond.png","width":451,"height":449,"caption":"DressYourBody.fr"},"image":{"@id":"https:\/\/preprod.dressyourbody.fr\/#\/schema\/logo\/image\/"},"sameAs":["https:\/\/www.facebook.com\/dressyourbody.couture\/","https:\/\/www.instagram.com\/dressyourbody.couture\/","https:\/\/www.linkedin.com\/company\/11295981\/","https:\/\/www.pinterest.fr\/dressyourbody\/","https:\/\/www.youtube.com\/channel\/UCD9FR054rT1zUXmwxImG5vA?view_as=subscriber"]}]}},"_links":{"self":[{"href":"https:\/\/preprod.dressyourbody.fr\/en\/wp-json\/wp\/v2\/product\/17710","targetHints":{"allow":["GET"]}}],"collection":[{"href":"https:\/\/preprod.dressyourbody.fr\/en\/wp-json\/wp\/v2\/product"}],"about":[{"href":"https:\/\/preprod.dressyourbody.fr\/en\/wp-json\/wp\/v2\/types\/product"}],"replies":[{"embeddable":true,"href":"https:\/\/preprod.dressyourbody.fr\/en\/wp-json\/wp\/v2\/comments?post=17710"}],"wp:featuredmedia":[{"embeddable":true,"href":"https:\/\/preprod.dressyourbody.fr\/en\/wp-json\/wp\/v2\/media\/19197"}],"wp:attachment":[{"href":"https:\/\/preprod.dressyourbody.fr\/en\/wp-json\/wp\/v2\/media?parent=17710"}],"wp:term":[{"taxonomy":"product_brand","embeddable":true,"href":"https:\/\/preprod.dressyourbody.fr\/en\/wp-json\/wp\/v2\/product_brand?post=17710"},{"taxonomy":"product_cat","embeddable":true,"href":"https:\/\/preprod.dressyourbody.fr\/en\/wp-json\/wp\/v2\/product_cat?post=17710"},{"taxonomy":"product_tag","embeddable":true,"href":"https:\/\/preprod.dressyourbody.fr\/en\/wp-json\/wp\/v2\/product_tag?post=17710"}],"curies":[{"name":"wp","href":"https:\/\/api.w.org\/{rel}","templated":true}]}}