{"id":16173,"date":"2018-07-11T14:51:00","date_gmt":"2018-07-11T12:51:00","guid":{"rendered":"https:\/\/dressyourbody.fr\/fr\/?post_type=product&#038;p=16173"},"modified":"2025-04-23T13:16:57","modified_gmt":"2025-04-23T11:16:57","slug":"t-shirt-x-offender","status":"publish","type":"product","link":"https:\/\/preprod.dressyourbody.fr\/en\/product\/t-shirt-x-offender\/","title":{"rendered":"T-shirt X-Offender"},"content":{"rendered":"<p>J&rsquo;adore ce t-shirt! Avec son X qu&rsquo;il porte fi\u00e8rement sur le devant c&rsquo;est \u00e0 vous de choisir de le laisser discret, ton sur ton, ou alors de vous l&rsquo;approprier, de le mettre en valeur et de faire exploser les couleurs!<\/p>\n<p>Personnalisez le, il devient \u00ab\u00a0DressYourBody X You\u00a0\u00bb.<\/p>\n<p>C&rsquo;est en tout cas un t-shirt tr\u00e8s ludique \u00e0 coudre avec tout un jeu de coutures apparentes\/cach\u00e9es qui permettent de faire appara\u00eetre le X sur le devant. Avec la large gamme de couleurs de peinture textile (effet mat, moir\u00e9, daim&#8230;..) \u00e0 utiliser en spray ou en pochoir, vous pouvez en faire une pi\u00e8ce unique!<\/p>\n<p>Plus de <a href=\"https:\/\/preprod.dressyourbody.fr\/couture-ou-street-art\">d\u00e9tails<\/a> sur le t-shirt X Offender.<\/p>\n<p><strong>TAILLES :<\/strong> Planche de patrons allant de la taille 34 \u00e0 50 soit un tour de poitrine du 81 au 116 cm. Vous pouvez \u00e9galement vous r\u00e9f\u00e9rer \u00e0 la <a href=\"#popmake-23087\">grille des tailles<\/a>.<\/p>\n<p><strong>TISSUS :<\/strong> Peut se faire avec toutes les sortes de mailles.<br \/>\nR\u00e9alis\u00e9 sur la photo principale avec un jersey de lin (jolis coupons dans de nombreux coloris chez Les Coupons de St Pierre) mais le coton (que vous trouvez aussi tr\u00e8s largement aux Coupons de St Pierre et ailleurs) est plus simple \u00e0 coudre si vous n\u2019avez pas l\u2019habitude de coudre la maille.<\/p>\n<p><strong>DIFFICULT\u00c9 :<\/strong> Niveau exp\u00e9riment\u00e9<\/p>\n<p><strong>D\u00c9TAIL :<\/strong><\/p>\n<ul>\n<li>T-shirt un peu ajust\u00e9<\/li>\n<li>2 encolures possibles selon qu\u2019on l\u2019aime plus ou moins d\u00e9collet\u00e9<\/li>\n<li>Manches courtes avec ourlet<\/li>\n<li>Et un joli X sur le devant, tout en marge de couture<\/li>\n<\/ul>","protected":false},"excerpt":{"rendered":"<p>J&rsquo;adore ce t-shirt! Avec son X qu&rsquo;il porte fi\u00e8rement sur le devant c&rsquo;est \u00e0 vous de choisir de le laisser discret, ton sur ton, ou alors de vous l&rsquo;approprier, de le mettre en valeur et de faire exploser les couleurs! Personnalisez le, il devient \u00ab\u00a0DressYourBody X You\u00a0\u00bb. C&rsquo;est en tout cas un t-shirt tr\u00e8s ludique <\/p>\n<div><a class=\"zoli-read-more-link\" href=\"https:\/\/preprod.dressyourbody.fr\/en\/product\/t-shirt-x-offender\/\">Read More<span class=\"lexus-icon-Icon_Next\"><\/span><\/a><\/div>","protected":false},"featured_media":18378,"comment_status":"open","ping_status":"closed","template":"","meta":{"_acf_changed":false},"product_brand":[1278],"product_cat":[1239],"product_tag":[1013],"class_list":{"0":"post-16173","1":"product","2":"type-product","3":"status-publish","4":"has-post-thumbnail","6":"product_brand-dressyourbody","7":"product_cat-t-shirts-sweats","8":"product_tag-tshirtxoffender","9":"pa_difficulte-expert","10":"pa_formatpatron-patron-pdf-format-a4-a0","11":"pa_formatpatron-patronpochette","13":"first","14":"instock","15":"shipping-taxable","16":"purchasable","17":"product-type-variable"},"acf":[],"yoast_head":"<!-- This site is optimized with the Yoast SEO plugin v27.3 - https:\/\/yoast.com\/product\/yoast-seo-wordpress\/ -->\n<title>T-shirt X OFFENDER - DressYourBody - Patron de couture femme T34-50<\/title>\n<meta name=\"description\" content=\"Le t-shirt X Offender est tr\u00e8s ludique \u00e0 coudre avec un jeu de coutures apparentes qui permettent de faire appara\u00eetre le X sur le devant.\u00a0\" \/>\n<meta name=\"robots\" content=\"index, follow, max-snippet:-1, max-image-preview:large, max-video-preview:-1\" \/>\n<link rel=\"canonical\" href=\"https:\/\/preprod.dressyourbody.fr\/en\/product\/t-shirt-x-offender\/\" \/>\n<meta property=\"og:locale\" content=\"en_US\" \/>\n<meta property=\"og:type\" content=\"article\" \/>\n<meta property=\"og:title\" content=\"T-shirt X OFFENDER - DressYourBody - Patron de couture femme T34-50\" \/>\n<meta property=\"og:description\" content=\"Le t-shirt X Offender est tr\u00e8s ludique \u00e0 coudre avec un jeu de coutures apparentes qui permettent de faire appara\u00eetre le X sur le devant.\u00a0\" \/>\n<meta property=\"og:url\" content=\"https:\/\/preprod.dressyourbody.fr\/en\/product\/t-shirt-x-offender\/\" \/>\n<meta property=\"og:site_name\" content=\"Dressyourbody\" \/>\n<meta property=\"article:publisher\" content=\"https:\/\/www.facebook.com\/dressyourbody.couture\/\" \/>\n<meta property=\"article:modified_time\" content=\"2025-04-23T11:16:57+00:00\" \/>\n<meta property=\"og:image\" content=\"https:\/\/preprod.dressyourbody.fr\/wp-content\/uploads\/2018\/07\/X-Offender-marin1.jpg\" \/>\n\t<meta property=\"og:image:width\" content=\"2448\" \/>\n\t<meta property=\"og:image:height\" content=\"2448\" \/>\n\t<meta property=\"og:image:type\" content=\"image\/jpeg\" \/>\n<meta name=\"twitter:card\" content=\"summary_large_image\" \/>\n<meta name=\"twitter:label1\" content=\"Est. reading time\" \/>\n\t<meta name=\"twitter:data1\" content=\"2 minutes\" \/>\n<script type=\"application\/ld+json\" class=\"yoast-schema-graph\">{\"@context\":\"https:\\\/\\\/schema.org\",\"@graph\":[{\"@type\":\"WebPage\",\"@id\":\"https:\\\/\\\/preprod.dressyourbody.fr\\\/en\\\/product\\\/t-shirt-x-offender\\\/\",\"url\":\"https:\\\/\\\/preprod.dressyourbody.fr\\\/en\\\/product\\\/t-shirt-x-offender\\\/\",\"name\":\"T-shirt X OFFENDER - DressYourBody - Patron de couture femme T34-50\",\"isPartOf\":{\"@id\":\"https:\\\/\\\/preprod.dressyourbody.fr\\\/#website\"},\"primaryImageOfPage\":{\"@id\":\"https:\\\/\\\/preprod.dressyourbody.fr\\\/en\\\/product\\\/t-shirt-x-offender\\\/#primaryimage\"},\"image\":{\"@id\":\"https:\\\/\\\/preprod.dressyourbody.fr\\\/en\\\/product\\\/t-shirt-x-offender\\\/#primaryimage\"},\"thumbnailUrl\":\"https:\\\/\\\/preprod.dressyourbody.fr\\\/wp-content\\\/uploads\\\/2018\\\/07\\\/X-Offender-marin1.jpg\",\"datePublished\":\"2018-07-11T12:51:00+00:00\",\"dateModified\":\"2025-04-23T11:16:57+00:00\",\"description\":\"Le t-shirt X Offender est tr\u00e8s ludique \u00e0 coudre avec un jeu de coutures apparentes qui permettent de faire appara\u00eetre le X sur le devant.\u00a0\",\"breadcrumb\":{\"@id\":\"https:\\\/\\\/preprod.dressyourbody.fr\\\/en\\\/product\\\/t-shirt-x-offender\\\/#breadcrumb\"},\"inLanguage\":\"en-US\",\"potentialAction\":[{\"@type\":\"ReadAction\",\"target\":[\"https:\\\/\\\/preprod.dressyourbody.fr\\\/en\\\/product\\\/t-shirt-x-offender\\\/\"]}]},{\"@type\":\"ImageObject\",\"inLanguage\":\"en-US\",\"@id\":\"https:\\\/\\\/preprod.dressyourbody.fr\\\/en\\\/product\\\/t-shirt-x-offender\\\/#primaryimage\",\"url\":\"https:\\\/\\\/preprod.dressyourbody.fr\\\/wp-content\\\/uploads\\\/2018\\\/07\\\/X-Offender-marin1.jpg\",\"contentUrl\":\"https:\\\/\\\/preprod.dressyourbody.fr\\\/wp-content\\\/uploads\\\/2018\\\/07\\\/X-Offender-marin1.jpg\",\"width\":2448,\"height\":2448,\"caption\":\"t-shirt X Offender\"},{\"@type\":\"BreadcrumbList\",\"@id\":\"https:\\\/\\\/preprod.dressyourbody.fr\\\/en\\\/product\\\/t-shirt-x-offender\\\/#breadcrumb\",\"itemListElement\":[{\"@type\":\"ListItem\",\"position\":1,\"name\":\"Accueil\",\"item\":\"https:\\\/\\\/preprod.dressyourbody.fr\\\/en\\\/\"},{\"@type\":\"ListItem\",\"position\":2,\"name\":\"LA BOUTIQUE\",\"item\":\"https:\\\/\\\/preprod.dressyourbody.fr\\\/en\\\/?page_id=22934\"},{\"@type\":\"ListItem\",\"position\":3,\"name\":\"T-shirt X-Offender\"}]},{\"@type\":\"WebSite\",\"@id\":\"https:\\\/\\\/preprod.dressyourbody.fr\\\/#website\",\"url\":\"https:\\\/\\\/preprod.dressyourbody.fr\\\/\",\"name\":\"DressYourBody\",\"description\":\"Patrons de couture\",\"publisher\":{\"@id\":\"https:\\\/\\\/preprod.dressyourbody.fr\\\/#organization\"},\"potentialAction\":[{\"@type\":\"SearchAction\",\"target\":{\"@type\":\"EntryPoint\",\"urlTemplate\":\"https:\\\/\\\/preprod.dressyourbody.fr\\\/?s={search_term_string}\"},\"query-input\":{\"@type\":\"PropertyValueSpecification\",\"valueRequired\":true,\"valueName\":\"search_term_string\"}}],\"inLanguage\":\"en-US\"},{\"@type\":\"Organization\",\"@id\":\"https:\\\/\\\/preprod.dressyourbody.fr\\\/#organization\",\"name\":\"DressYourBody.fr\",\"url\":\"https:\\\/\\\/preprod.dressyourbody.fr\\\/\",\"logo\":{\"@type\":\"ImageObject\",\"inLanguage\":\"en-US\",\"@id\":\"https:\\\/\\\/preprod.dressyourbody.fr\\\/#\\\/schema\\\/logo\\\/image\\\/\",\"url\":\"https:\\\/\\\/preprod.dressyourbody.fr\\\/wp-content\\\/uploads\\\/2018\\\/07\\\/Logo-rond.png\",\"contentUrl\":\"https:\\\/\\\/preprod.dressyourbody.fr\\\/wp-content\\\/uploads\\\/2018\\\/07\\\/Logo-rond.png\",\"width\":451,\"height\":449,\"caption\":\"DressYourBody.fr\"},\"image\":{\"@id\":\"https:\\\/\\\/preprod.dressyourbody.fr\\\/#\\\/schema\\\/logo\\\/image\\\/\"},\"sameAs\":[\"https:\\\/\\\/www.facebook.com\\\/dressyourbody.couture\\\/\",\"https:\\\/\\\/www.instagram.com\\\/dressyourbody.couture\\\/\",\"https:\\\/\\\/www.linkedin.com\\\/company\\\/11295981\\\/\",\"https:\\\/\\\/www.pinterest.fr\\\/dressyourbody\\\/\",\"https:\\\/\\\/www.youtube.com\\\/channel\\\/UCD9FR054rT1zUXmwxImG5vA?view_as=subscriber\"]}]}<\/script>\n<!-- \/ Yoast SEO plugin. -->","yoast_head_json":{"title":"T-shirt X OFFENDER - DressYourBody - Patron de couture femme T34-50","description":"Le t-shirt X Offender est tr\u00e8s ludique \u00e0 coudre avec un jeu de coutures apparentes qui permettent de faire appara\u00eetre le X sur le devant.\u00a0","robots":{"index":"index","follow":"follow","max-snippet":"max-snippet:-1","max-image-preview":"max-image-preview:large","max-video-preview":"max-video-preview:-1"},"canonical":"https:\/\/preprod.dressyourbody.fr\/en\/product\/t-shirt-x-offender\/","og_locale":"en_US","og_type":"article","og_title":"T-shirt X OFFENDER - DressYourBody - Patron de couture femme T34-50","og_description":"Le t-shirt X Offender est tr\u00e8s ludique \u00e0 coudre avec un jeu de coutures apparentes qui permettent de faire appara\u00eetre le X sur le devant.\u00a0","og_url":"https:\/\/preprod.dressyourbody.fr\/en\/product\/t-shirt-x-offender\/","og_site_name":"Dressyourbody","article_publisher":"https:\/\/www.facebook.com\/dressyourbody.couture\/","article_modified_time":"2025-04-23T11:16:57+00:00","og_image":[{"width":2448,"height":2448,"url":"https:\/\/preprod.dressyourbody.fr\/wp-content\/uploads\/2018\/07\/X-Offender-marin1.jpg","type":"image\/jpeg"}],"twitter_card":"summary_large_image","twitter_misc":{"Est. reading time":"2 minutes"},"schema":{"@context":"https:\/\/schema.org","@graph":[{"@type":"WebPage","@id":"https:\/\/preprod.dressyourbody.fr\/en\/product\/t-shirt-x-offender\/","url":"https:\/\/preprod.dressyourbody.fr\/en\/product\/t-shirt-x-offender\/","name":"T-shirt X OFFENDER - DressYourBody - Patron de couture femme T34-50","isPartOf":{"@id":"https:\/\/preprod.dressyourbody.fr\/#website"},"primaryImageOfPage":{"@id":"https:\/\/preprod.dressyourbody.fr\/en\/product\/t-shirt-x-offender\/#primaryimage"},"image":{"@id":"https:\/\/preprod.dressyourbody.fr\/en\/product\/t-shirt-x-offender\/#primaryimage"},"thumbnailUrl":"https:\/\/preprod.dressyourbody.fr\/wp-content\/uploads\/2018\/07\/X-Offender-marin1.jpg","datePublished":"2018-07-11T12:51:00+00:00","dateModified":"2025-04-23T11:16:57+00:00","description":"Le t-shirt X Offender est tr\u00e8s ludique \u00e0 coudre avec un jeu de coutures apparentes qui permettent de faire appara\u00eetre le X sur le devant.\u00a0","breadcrumb":{"@id":"https:\/\/preprod.dressyourbody.fr\/en\/product\/t-shirt-x-offender\/#breadcrumb"},"inLanguage":"en-US","potentialAction":[{"@type":"ReadAction","target":["https:\/\/preprod.dressyourbody.fr\/en\/product\/t-shirt-x-offender\/"]}]},{"@type":"ImageObject","inLanguage":"en-US","@id":"https:\/\/preprod.dressyourbody.fr\/en\/product\/t-shirt-x-offender\/#primaryimage","url":"https:\/\/preprod.dressyourbody.fr\/wp-content\/uploads\/2018\/07\/X-Offender-marin1.jpg","contentUrl":"https:\/\/preprod.dressyourbody.fr\/wp-content\/uploads\/2018\/07\/X-Offender-marin1.jpg","width":2448,"height":2448,"caption":"t-shirt X Offender"},{"@type":"BreadcrumbList","@id":"https:\/\/preprod.dressyourbody.fr\/en\/product\/t-shirt-x-offender\/#breadcrumb","itemListElement":[{"@type":"ListItem","position":1,"name":"Accueil","item":"https:\/\/preprod.dressyourbody.fr\/en\/"},{"@type":"ListItem","position":2,"name":"LA BOUTIQUE","item":"https:\/\/preprod.dressyourbody.fr\/en\/?page_id=22934"},{"@type":"ListItem","position":3,"name":"T-shirt X-Offender"}]},{"@type":"WebSite","@id":"https:\/\/preprod.dressyourbody.fr\/#website","url":"https:\/\/preprod.dressyourbody.fr\/","name":"DressYourBody","description":"Patrons de couture","publisher":{"@id":"https:\/\/preprod.dressyourbody.fr\/#organization"},"potentialAction":[{"@type":"SearchAction","target":{"@type":"EntryPoint","urlTemplate":"https:\/\/preprod.dressyourbody.fr\/?s={search_term_string}"},"query-input":{"@type":"PropertyValueSpecification","valueRequired":true,"valueName":"search_term_string"}}],"inLanguage":"en-US"},{"@type":"Organization","@id":"https:\/\/preprod.dressyourbody.fr\/#organization","name":"DressYourBody.fr","url":"https:\/\/preprod.dressyourbody.fr\/","logo":{"@type":"ImageObject","inLanguage":"en-US","@id":"https:\/\/preprod.dressyourbody.fr\/#\/schema\/logo\/image\/","url":"https:\/\/preprod.dressyourbody.fr\/wp-content\/uploads\/2018\/07\/Logo-rond.png","contentUrl":"https:\/\/preprod.dressyourbody.fr\/wp-content\/uploads\/2018\/07\/Logo-rond.png","width":451,"height":449,"caption":"DressYourBody.fr"},"image":{"@id":"https:\/\/preprod.dressyourbody.fr\/#\/schema\/logo\/image\/"},"sameAs":["https:\/\/www.facebook.com\/dressyourbody.couture\/","https:\/\/www.instagram.com\/dressyourbody.couture\/","https:\/\/www.linkedin.com\/company\/11295981\/","https:\/\/www.pinterest.fr\/dressyourbody\/","https:\/\/www.youtube.com\/channel\/UCD9FR054rT1zUXmwxImG5vA?view_as=subscriber"]}]}},"_links":{"self":[{"href":"https:\/\/preprod.dressyourbody.fr\/en\/wp-json\/wp\/v2\/product\/16173","targetHints":{"allow":["GET"]}}],"collection":[{"href":"https:\/\/preprod.dressyourbody.fr\/en\/wp-json\/wp\/v2\/product"}],"about":[{"href":"https:\/\/preprod.dressyourbody.fr\/en\/wp-json\/wp\/v2\/types\/product"}],"replies":[{"embeddable":true,"href":"https:\/\/preprod.dressyourbody.fr\/en\/wp-json\/wp\/v2\/comments?post=16173"}],"wp:featuredmedia":[{"embeddable":true,"href":"https:\/\/preprod.dressyourbody.fr\/en\/wp-json\/wp\/v2\/media\/18378"}],"wp:attachment":[{"href":"https:\/\/preprod.dressyourbody.fr\/en\/wp-json\/wp\/v2\/media?parent=16173"}],"wp:term":[{"taxonomy":"product_brand","embeddable":true,"href":"https:\/\/preprod.dressyourbody.fr\/en\/wp-json\/wp\/v2\/product_brand?post=16173"},{"taxonomy":"product_cat","embeddable":true,"href":"https:\/\/preprod.dressyourbody.fr\/en\/wp-json\/wp\/v2\/product_cat?post=16173"},{"taxonomy":"product_tag","embeddable":true,"href":"https:\/\/preprod.dressyourbody.fr\/en\/wp-json\/wp\/v2\/product_tag?post=16173"}],"curies":[{"name":"wp","href":"https:\/\/api.w.org\/{rel}","templated":true}]}}