{"id":16130,"date":"2018-06-27T16:39:37","date_gmt":"2018-06-27T14:39:37","guid":{"rendered":"https:\/\/dressyourbody.fr\/fr\/?post_type=product&#038;p=16130"},"modified":"2025-12-22T14:14:11","modified_gmt":"2025-12-22T12:14:11","slug":"pantalon-atomic","status":"publish","type":"product","link":"https:\/\/preprod.dressyourbody.fr\/en\/product\/pantalon-atomic\/","title":{"rendered":"Pantalon Atomic"},"content":{"rendered":"<p>Le pantalon Atomic, c&rsquo;est le premier pantalon de la collection DressYourBody! Alors je me suis fait plaisir et j&rsquo;ai profit\u00e9 du retour de la taille haute pour vous proposer un pantalon \u00e0 pont. J&rsquo;ai toujours trouv\u00e9 les pantalons \u00e0 pont hyper \u00e9l\u00e9gants!<\/p>\n<p>Et avec sa coupe large et sa longueur 3\/4 qui le rendent tr\u00e8s tendance, j&rsquo;esp\u00e8re que vous aimerez aussi!<\/p>\n<p>Vous pouvez le porter avec talons, \u00e0 plat ou m\u00eame en mode sport avec basket. Si c&rsquo;est pas le top \u00e7a. C&rsquo;est donc une pi\u00e8ce hyper facile \u00e0 porter que je mets, et bien &#8230; un peu tout le temps en somme!<\/p>\n<p><strong>TAILLES :<\/strong> Planche de patrons allant de la taille 34 \u00e0 44 soit un tour de hanches du 88 au 111 cm.\u00a0Vous pouvez \u00e9galement vous r\u00e9f\u00e9rer \u00e0 la <a href=\"#popmake-23087\">grille des tailles<\/a>.<\/p>\n<p><strong>TISSU :<\/strong> Peut fonctionner avec beaucoup de tissus avec un peu de tenue. R\u00e9alis\u00e9 sur la photo principale dans un lin \u00e9pais. Peut-\u00eatre fait avec du jeans, du velours, un lainage&#8230;.<\/p>\n<p><strong>DIFFICULT\u00c9 :<\/strong> Niveau interm\u00e9diaire<\/p>\n<p><strong>D\u00c9TAIL :<\/strong><\/p>\n<ul>\n<li>Pantalon \u00e0 pont, fermeture par 6 boutons sur le devant<\/li>\n<li>Pinces dos<\/li>\n<li>Jambes larges<\/li>\n<li>Longueur 3\/4<\/li>\n<\/ul>","protected":false},"excerpt":{"rendered":"<p>Le pantalon Atomic, c&rsquo;est le premier pantalon de la collection DressYourBody! Alors je me suis fait plaisir et j&rsquo;ai profit\u00e9 du retour de la taille haute pour vous proposer un pantalon \u00e0 pont. J&rsquo;ai toujours trouv\u00e9 les pantalons \u00e0 pont hyper \u00e9l\u00e9gants! Et avec sa coupe large et sa longueur 3\/4 qui le rendent tr\u00e8s <\/p>\n<div><a class=\"zoli-read-more-link\" href=\"https:\/\/preprod.dressyourbody.fr\/en\/product\/pantalon-atomic\/\">Read More<span class=\"lexus-icon-Icon_Next\"><\/span><\/a><\/div>","protected":false},"featured_media":16133,"comment_status":"open","ping_status":"closed","template":"","meta":{"_acf_changed":false},"product_brand":[1278],"product_cat":[1236],"product_tag":[],"class_list":{"0":"post-16130","1":"product","2":"type-product","3":"status-publish","4":"has-post-thumbnail","6":"product_brand-dressyourbody","7":"product_cat-pantalons","8":"pa_difficulte-moyen","9":"pa_formatpatron-patron-pdf-format-a4-a0","10":"pa_formatpatron-patronpochette","12":"first","13":"instock","14":"shipping-taxable","15":"purchasable","16":"product-type-variable"},"acf":[],"yoast_head":"<!-- This site is optimized with the Yoast SEO plugin v27.3 - https:\/\/yoast.com\/product\/yoast-seo-wordpress\/ -->\n<title>Pantalon ATOMIC - DressYourBody - Patron de couture femme.<\/title>\n<meta name=\"description\" content=\"Le pantalon Atomic est un pantalon \u00e0 pont tr\u00e8s \u00e9l\u00e9gant. Avec sa coupe large et sa longueur 3\/4 il est tr\u00e8s tendance.\" \/>\n<meta name=\"robots\" content=\"index, follow, max-snippet:-1, max-image-preview:large, max-video-preview:-1\" \/>\n<link rel=\"canonical\" href=\"https:\/\/preprod.dressyourbody.fr\/en\/product\/pantalon-atomic\/\" \/>\n<meta property=\"og:locale\" content=\"en_US\" \/>\n<meta property=\"og:type\" content=\"article\" \/>\n<meta property=\"og:title\" content=\"Pantalon ATOMIC - DressYourBody - Patron de couture femme.\" \/>\n<meta property=\"og:description\" content=\"Le pantalon Atomic est un pantalon \u00e0 pont tr\u00e8s \u00e9l\u00e9gant. Avec sa coupe large et sa longueur 3\/4 il est tr\u00e8s tendance.\" \/>\n<meta property=\"og:url\" content=\"https:\/\/preprod.dressyourbody.fr\/en\/product\/pantalon-atomic\/\" \/>\n<meta property=\"og:site_name\" content=\"Dressyourbody\" \/>\n<meta property=\"article:publisher\" content=\"https:\/\/www.facebook.com\/dressyourbody.couture\/\" \/>\n<meta property=\"article:modified_time\" content=\"2025-12-22T12:14:11+00:00\" \/>\n<meta property=\"og:image\" content=\"https:\/\/preprod.dressyourbody.fr\/wp-content\/uploads\/2018\/06\/Pantalon-Atomic_2-scaled.jpg\" \/>\n\t<meta property=\"og:image:width\" content=\"1920\" \/>\n\t<meta property=\"og:image:height\" content=\"2560\" \/>\n\t<meta property=\"og:image:type\" content=\"image\/jpeg\" \/>\n<meta name=\"twitter:card\" content=\"summary_large_image\" \/>\n<meta name=\"twitter:label1\" content=\"Est. reading time\" \/>\n\t<meta name=\"twitter:data1\" content=\"1 minute\" \/>\n<script type=\"application\/ld+json\" class=\"yoast-schema-graph\">{\"@context\":\"https:\\\/\\\/schema.org\",\"@graph\":[{\"@type\":\"WebPage\",\"@id\":\"https:\\\/\\\/preprod.dressyourbody.fr\\\/en\\\/product\\\/pantalon-atomic\\\/\",\"url\":\"https:\\\/\\\/preprod.dressyourbody.fr\\\/en\\\/product\\\/pantalon-atomic\\\/\",\"name\":\"Pantalon ATOMIC - DressYourBody - Patron de couture femme.\",\"isPartOf\":{\"@id\":\"https:\\\/\\\/preprod.dressyourbody.fr\\\/#website\"},\"primaryImageOfPage\":{\"@id\":\"https:\\\/\\\/preprod.dressyourbody.fr\\\/en\\\/product\\\/pantalon-atomic\\\/#primaryimage\"},\"image\":{\"@id\":\"https:\\\/\\\/preprod.dressyourbody.fr\\\/en\\\/product\\\/pantalon-atomic\\\/#primaryimage\"},\"thumbnailUrl\":\"https:\\\/\\\/preprod.dressyourbody.fr\\\/wp-content\\\/uploads\\\/2018\\\/06\\\/Pantalon-Atomic_2-scaled.jpg\",\"datePublished\":\"2018-06-27T14:39:37+00:00\",\"dateModified\":\"2025-12-22T12:14:11+00:00\",\"description\":\"Le pantalon Atomic est un pantalon \u00e0 pont tr\u00e8s \u00e9l\u00e9gant. Avec sa coupe large et sa longueur 3\\\/4 il est tr\u00e8s tendance.\",\"breadcrumb\":{\"@id\":\"https:\\\/\\\/preprod.dressyourbody.fr\\\/en\\\/product\\\/pantalon-atomic\\\/#breadcrumb\"},\"inLanguage\":\"en-US\",\"potentialAction\":[{\"@type\":\"ReadAction\",\"target\":[\"https:\\\/\\\/preprod.dressyourbody.fr\\\/en\\\/product\\\/pantalon-atomic\\\/\"]}]},{\"@type\":\"ImageObject\",\"inLanguage\":\"en-US\",\"@id\":\"https:\\\/\\\/preprod.dressyourbody.fr\\\/en\\\/product\\\/pantalon-atomic\\\/#primaryimage\",\"url\":\"https:\\\/\\\/preprod.dressyourbody.fr\\\/wp-content\\\/uploads\\\/2018\\\/06\\\/Pantalon-Atomic_2-scaled.jpg\",\"contentUrl\":\"https:\\\/\\\/preprod.dressyourbody.fr\\\/wp-content\\\/uploads\\\/2018\\\/06\\\/Pantalon-Atomic_2-scaled.jpg\",\"width\":1920,\"height\":2560,\"caption\":\"Patron de pantalon \u00e0 pont Pantalon Atomic\"},{\"@type\":\"BreadcrumbList\",\"@id\":\"https:\\\/\\\/preprod.dressyourbody.fr\\\/en\\\/product\\\/pantalon-atomic\\\/#breadcrumb\",\"itemListElement\":[{\"@type\":\"ListItem\",\"position\":1,\"name\":\"Accueil\",\"item\":\"https:\\\/\\\/preprod.dressyourbody.fr\\\/en\\\/\"},{\"@type\":\"ListItem\",\"position\":2,\"name\":\"LA BOUTIQUE\",\"item\":\"https:\\\/\\\/preprod.dressyourbody.fr\\\/en\\\/?page_id=22934\"},{\"@type\":\"ListItem\",\"position\":3,\"name\":\"Pantalon Atomic\"}]},{\"@type\":\"WebSite\",\"@id\":\"https:\\\/\\\/preprod.dressyourbody.fr\\\/#website\",\"url\":\"https:\\\/\\\/preprod.dressyourbody.fr\\\/\",\"name\":\"DressYourBody\",\"description\":\"Patrons de couture\",\"publisher\":{\"@id\":\"https:\\\/\\\/preprod.dressyourbody.fr\\\/#organization\"},\"potentialAction\":[{\"@type\":\"SearchAction\",\"target\":{\"@type\":\"EntryPoint\",\"urlTemplate\":\"https:\\\/\\\/preprod.dressyourbody.fr\\\/?s={search_term_string}\"},\"query-input\":{\"@type\":\"PropertyValueSpecification\",\"valueRequired\":true,\"valueName\":\"search_term_string\"}}],\"inLanguage\":\"en-US\"},{\"@type\":\"Organization\",\"@id\":\"https:\\\/\\\/preprod.dressyourbody.fr\\\/#organization\",\"name\":\"DressYourBody.fr\",\"url\":\"https:\\\/\\\/preprod.dressyourbody.fr\\\/\",\"logo\":{\"@type\":\"ImageObject\",\"inLanguage\":\"en-US\",\"@id\":\"https:\\\/\\\/preprod.dressyourbody.fr\\\/#\\\/schema\\\/logo\\\/image\\\/\",\"url\":\"https:\\\/\\\/preprod.dressyourbody.fr\\\/wp-content\\\/uploads\\\/2018\\\/07\\\/Logo-rond.png\",\"contentUrl\":\"https:\\\/\\\/preprod.dressyourbody.fr\\\/wp-content\\\/uploads\\\/2018\\\/07\\\/Logo-rond.png\",\"width\":451,\"height\":449,\"caption\":\"DressYourBody.fr\"},\"image\":{\"@id\":\"https:\\\/\\\/preprod.dressyourbody.fr\\\/#\\\/schema\\\/logo\\\/image\\\/\"},\"sameAs\":[\"https:\\\/\\\/www.facebook.com\\\/dressyourbody.couture\\\/\",\"https:\\\/\\\/www.instagram.com\\\/dressyourbody.couture\\\/\",\"https:\\\/\\\/www.linkedin.com\\\/company\\\/11295981\\\/\",\"https:\\\/\\\/www.pinterest.fr\\\/dressyourbody\\\/\",\"https:\\\/\\\/www.youtube.com\\\/channel\\\/UCD9FR054rT1zUXmwxImG5vA?view_as=subscriber\"]}]}<\/script>\n<!-- \/ Yoast SEO plugin. -->","yoast_head_json":{"title":"Pantalon ATOMIC - DressYourBody - Patron de couture femme.","description":"Le pantalon Atomic est un pantalon \u00e0 pont tr\u00e8s \u00e9l\u00e9gant. Avec sa coupe large et sa longueur 3\/4 il est tr\u00e8s tendance.","robots":{"index":"index","follow":"follow","max-snippet":"max-snippet:-1","max-image-preview":"max-image-preview:large","max-video-preview":"max-video-preview:-1"},"canonical":"https:\/\/preprod.dressyourbody.fr\/en\/product\/pantalon-atomic\/","og_locale":"en_US","og_type":"article","og_title":"Pantalon ATOMIC - DressYourBody - Patron de couture femme.","og_description":"Le pantalon Atomic est un pantalon \u00e0 pont tr\u00e8s \u00e9l\u00e9gant. Avec sa coupe large et sa longueur 3\/4 il est tr\u00e8s tendance.","og_url":"https:\/\/preprod.dressyourbody.fr\/en\/product\/pantalon-atomic\/","og_site_name":"Dressyourbody","article_publisher":"https:\/\/www.facebook.com\/dressyourbody.couture\/","article_modified_time":"2025-12-22T12:14:11+00:00","og_image":[{"width":1920,"height":2560,"url":"https:\/\/preprod.dressyourbody.fr\/wp-content\/uploads\/2018\/06\/Pantalon-Atomic_2-scaled.jpg","type":"image\/jpeg"}],"twitter_card":"summary_large_image","twitter_misc":{"Est. reading time":"1 minute"},"schema":{"@context":"https:\/\/schema.org","@graph":[{"@type":"WebPage","@id":"https:\/\/preprod.dressyourbody.fr\/en\/product\/pantalon-atomic\/","url":"https:\/\/preprod.dressyourbody.fr\/en\/product\/pantalon-atomic\/","name":"Pantalon ATOMIC - DressYourBody - Patron de couture femme.","isPartOf":{"@id":"https:\/\/preprod.dressyourbody.fr\/#website"},"primaryImageOfPage":{"@id":"https:\/\/preprod.dressyourbody.fr\/en\/product\/pantalon-atomic\/#primaryimage"},"image":{"@id":"https:\/\/preprod.dressyourbody.fr\/en\/product\/pantalon-atomic\/#primaryimage"},"thumbnailUrl":"https:\/\/preprod.dressyourbody.fr\/wp-content\/uploads\/2018\/06\/Pantalon-Atomic_2-scaled.jpg","datePublished":"2018-06-27T14:39:37+00:00","dateModified":"2025-12-22T12:14:11+00:00","description":"Le pantalon Atomic est un pantalon \u00e0 pont tr\u00e8s \u00e9l\u00e9gant. Avec sa coupe large et sa longueur 3\/4 il est tr\u00e8s tendance.","breadcrumb":{"@id":"https:\/\/preprod.dressyourbody.fr\/en\/product\/pantalon-atomic\/#breadcrumb"},"inLanguage":"en-US","potentialAction":[{"@type":"ReadAction","target":["https:\/\/preprod.dressyourbody.fr\/en\/product\/pantalon-atomic\/"]}]},{"@type":"ImageObject","inLanguage":"en-US","@id":"https:\/\/preprod.dressyourbody.fr\/en\/product\/pantalon-atomic\/#primaryimage","url":"https:\/\/preprod.dressyourbody.fr\/wp-content\/uploads\/2018\/06\/Pantalon-Atomic_2-scaled.jpg","contentUrl":"https:\/\/preprod.dressyourbody.fr\/wp-content\/uploads\/2018\/06\/Pantalon-Atomic_2-scaled.jpg","width":1920,"height":2560,"caption":"Patron de pantalon \u00e0 pont Pantalon Atomic"},{"@type":"BreadcrumbList","@id":"https:\/\/preprod.dressyourbody.fr\/en\/product\/pantalon-atomic\/#breadcrumb","itemListElement":[{"@type":"ListItem","position":1,"name":"Accueil","item":"https:\/\/preprod.dressyourbody.fr\/en\/"},{"@type":"ListItem","position":2,"name":"LA BOUTIQUE","item":"https:\/\/preprod.dressyourbody.fr\/en\/?page_id=22934"},{"@type":"ListItem","position":3,"name":"Pantalon Atomic"}]},{"@type":"WebSite","@id":"https:\/\/preprod.dressyourbody.fr\/#website","url":"https:\/\/preprod.dressyourbody.fr\/","name":"DressYourBody","description":"Patrons de couture","publisher":{"@id":"https:\/\/preprod.dressyourbody.fr\/#organization"},"potentialAction":[{"@type":"SearchAction","target":{"@type":"EntryPoint","urlTemplate":"https:\/\/preprod.dressyourbody.fr\/?s={search_term_string}"},"query-input":{"@type":"PropertyValueSpecification","valueRequired":true,"valueName":"search_term_string"}}],"inLanguage":"en-US"},{"@type":"Organization","@id":"https:\/\/preprod.dressyourbody.fr\/#organization","name":"DressYourBody.fr","url":"https:\/\/preprod.dressyourbody.fr\/","logo":{"@type":"ImageObject","inLanguage":"en-US","@id":"https:\/\/preprod.dressyourbody.fr\/#\/schema\/logo\/image\/","url":"https:\/\/preprod.dressyourbody.fr\/wp-content\/uploads\/2018\/07\/Logo-rond.png","contentUrl":"https:\/\/preprod.dressyourbody.fr\/wp-content\/uploads\/2018\/07\/Logo-rond.png","width":451,"height":449,"caption":"DressYourBody.fr"},"image":{"@id":"https:\/\/preprod.dressyourbody.fr\/#\/schema\/logo\/image\/"},"sameAs":["https:\/\/www.facebook.com\/dressyourbody.couture\/","https:\/\/www.instagram.com\/dressyourbody.couture\/","https:\/\/www.linkedin.com\/company\/11295981\/","https:\/\/www.pinterest.fr\/dressyourbody\/","https:\/\/www.youtube.com\/channel\/UCD9FR054rT1zUXmwxImG5vA?view_as=subscriber"]}]}},"_links":{"self":[{"href":"https:\/\/preprod.dressyourbody.fr\/en\/wp-json\/wp\/v2\/product\/16130","targetHints":{"allow":["GET"]}}],"collection":[{"href":"https:\/\/preprod.dressyourbody.fr\/en\/wp-json\/wp\/v2\/product"}],"about":[{"href":"https:\/\/preprod.dressyourbody.fr\/en\/wp-json\/wp\/v2\/types\/product"}],"replies":[{"embeddable":true,"href":"https:\/\/preprod.dressyourbody.fr\/en\/wp-json\/wp\/v2\/comments?post=16130"}],"wp:featuredmedia":[{"embeddable":true,"href":"https:\/\/preprod.dressyourbody.fr\/en\/wp-json\/wp\/v2\/media\/16133"}],"wp:attachment":[{"href":"https:\/\/preprod.dressyourbody.fr\/en\/wp-json\/wp\/v2\/media?parent=16130"}],"wp:term":[{"taxonomy":"product_brand","embeddable":true,"href":"https:\/\/preprod.dressyourbody.fr\/en\/wp-json\/wp\/v2\/product_brand?post=16130"},{"taxonomy":"product_cat","embeddable":true,"href":"https:\/\/preprod.dressyourbody.fr\/en\/wp-json\/wp\/v2\/product_cat?post=16130"},{"taxonomy":"product_tag","embeddable":true,"href":"https:\/\/preprod.dressyourbody.fr\/en\/wp-json\/wp\/v2\/product_tag?post=16130"}],"curies":[{"name":"wp","href":"https:\/\/api.w.org\/{rel}","templated":true}]}}