{"id":16014,"date":"2018-04-06T12:07:16","date_gmt":"2018-04-06T10:07:16","guid":{"rendered":"https:\/\/dressyourbody.fr\/fr\/?post_type=product&#038;p=16014"},"modified":"2025-09-15T09:06:47","modified_gmt":"2025-09-15T07:06:47","slug":"chemise-love-level","status":"publish","type":"product","link":"https:\/\/preprod.dressyourbody.fr\/en\/product\/chemise-love-level\/","title":{"rendered":"Chemise Love level"},"content":{"rendered":"<p>On ne se lasse pas des volants avec cette chemise l\u00e9g\u00e8re aux froufrous g\u00e9n\u00e9reux. 6 volants fronc\u00e9s ins\u00e9r\u00e9s sur le devant de la chemise, une patte de boutonnage invisible, des manches chemisier avec fente ind\u00e9chirable, de nombreux d\u00e9tails font de cette chemise une pi\u00e8ce originale et raffin\u00e9e.<\/p>\n<p>La chemise \u00ab\u00a0Love level\u00a0\u00bb est compatible avec le <a href=\"https:\/\/preprod.dressyourbody.fr\/categorie-produit\/manches\" target=\"_blank\" rel=\"noopener noreferrer\">\u00ab\u00a0Bar \u00e0 manches\u00a0\u00bb<\/a>. Alors n&rsquo;h\u00e9sitez pas \u00e0 mixer les styles avec les manches 3\/4 \u00e0 fronces ou la manche Divine par exemple!<\/p>\n<p><strong>TAILLES :<\/strong> Planche de patrons allant de la taille 34 \u00e0 46 soit un tour de poitrine de 81 \u00e0 108 cm.\u00a0Vous pouvez \u00e9galement vous r\u00e9f\u00e9rer \u00e0 la <a href=\"#popmake-23087\">grille des tailles<\/a>.<\/p>\n<p><strong>TISSUS :<\/strong> Beaucoup de tissus peuvent convenir mais \u00e9viter toutefois des tissus trop \u00e9pais qui donneraient trop de volume sur les bandes de fronces. Vous pouvez donc choisir une cotonnade, de la viscose, du lin, de la soie\u2026<\/p>\n<p><strong>DIFFICULT\u00c9 :<\/strong> Niveau exp\u00e9riment\u00e9<\/p>\n<p><strong>D\u00c9TAIL :<\/strong><\/p>\n<ul>\n<li><span style=\"color: #444444;\">Patte de boutonnage cach\u00e9e sur le devant<\/span><\/li>\n<li><span style=\"color: #444444;\">6 bandes de volants de longueur diff\u00e9rentes<\/span><\/li>\n<li><span style=\"color: #444444;\">Manches longues avec fente ind\u00e9chirable<\/span><\/li>\n<li><span style=\"color: #444444;\">Col Mao<\/span><\/li>\n<li><span style=\"color: #444444;\">Pas de pince poitrine<\/span><\/li>\n<\/ul>\n<p>&nbsp;<\/p>\n<p>&nbsp;<\/p>","protected":false},"excerpt":{"rendered":"<p>On ne se lasse pas des volants avec cette chemise l\u00e9g\u00e8re aux froufrous g\u00e9n\u00e9reux. 6 volants fronc\u00e9s ins\u00e9r\u00e9s sur le devant de la chemise, une patte de boutonnage invisible, des manches chemisier avec fente ind\u00e9chirable, de nombreux d\u00e9tails font de cette chemise une pi\u00e8ce originale et raffin\u00e9e. La chemise \u00ab\u00a0Love level\u00a0\u00bb est compatible avec le <\/p>\n<div><a class=\"zoli-read-more-link\" href=\"https:\/\/preprod.dressyourbody.fr\/en\/product\/chemise-love-level\/\">Read More<span class=\"lexus-icon-Icon_Next\"><\/span><\/a><\/div>","protected":false},"featured_media":18464,"comment_status":"open","ping_status":"closed","template":"","meta":{"_acf_changed":false},"product_brand":[1278],"product_cat":[1234],"product_tag":[],"class_list":{"0":"post-16014","1":"product","2":"type-product","3":"status-publish","4":"has-post-thumbnail","6":"product_brand-dressyourbody","7":"product_cat-tops","8":"pa_difficulte-expert","9":"pa_formatpatron-patron-pdf-format-a4-a0","10":"pa_formatpatron-patronpochette","12":"first","13":"instock","14":"shipping-taxable","15":"purchasable","16":"product-type-variable"},"acf":[],"yoast_head":"<!-- This site is optimized with the Yoast SEO plugin v27.3 - https:\/\/yoast.com\/product\/yoast-seo-wordpress\/ -->\n<title>Chemise Love level - DressYourBody - Patron de couture femme.<\/title>\n<meta name=\"description\" content=\"On ne se lasse pas des volants avec la chemise Love level aux froufrous g\u00e9n\u00e9reux. Une chemise f\u00e9minine \u00e0 porter tous les jours.\" \/>\n<meta name=\"robots\" content=\"index, follow, max-snippet:-1, max-image-preview:large, max-video-preview:-1\" \/>\n<link rel=\"canonical\" href=\"https:\/\/preprod.dressyourbody.fr\/en\/product\/chemise-love-level\/\" \/>\n<meta property=\"og:locale\" content=\"en_US\" \/>\n<meta property=\"og:type\" content=\"article\" \/>\n<meta property=\"og:title\" content=\"Chemise Love level - DressYourBody - Patron de couture femme.\" \/>\n<meta property=\"og:description\" content=\"On ne se lasse pas des volants avec la chemise Love level aux froufrous g\u00e9n\u00e9reux. Une chemise f\u00e9minine \u00e0 porter tous les jours.\" \/>\n<meta property=\"og:url\" content=\"https:\/\/preprod.dressyourbody.fr\/en\/product\/chemise-love-level\/\" \/>\n<meta property=\"og:site_name\" content=\"Dressyourbody\" \/>\n<meta property=\"article:publisher\" content=\"https:\/\/www.facebook.com\/dressyourbody.couture\/\" \/>\n<meta property=\"article:modified_time\" content=\"2025-09-15T07:06:47+00:00\" \/>\n<meta property=\"og:image\" content=\"https:\/\/preprod.dressyourbody.fr\/wp-content\/uploads\/2018\/04\/Love-Level_Frou-Frou1.jpg\" \/>\n\t<meta property=\"og:image:width\" content=\"1749\" \/>\n\t<meta property=\"og:image:height\" content=\"1719\" \/>\n\t<meta property=\"og:image:type\" content=\"image\/jpeg\" \/>\n<meta name=\"twitter:card\" content=\"summary_large_image\" \/>\n<meta name=\"twitter:label1\" content=\"Est. reading time\" \/>\n\t<meta name=\"twitter:data1\" content=\"1 minute\" \/>\n<script type=\"application\/ld+json\" class=\"yoast-schema-graph\">{\"@context\":\"https:\\\/\\\/schema.org\",\"@graph\":[{\"@type\":\"WebPage\",\"@id\":\"https:\\\/\\\/preprod.dressyourbody.fr\\\/en\\\/product\\\/chemise-love-level\\\/\",\"url\":\"https:\\\/\\\/preprod.dressyourbody.fr\\\/en\\\/product\\\/chemise-love-level\\\/\",\"name\":\"Chemise Love level - DressYourBody - Patron de couture femme.\",\"isPartOf\":{\"@id\":\"https:\\\/\\\/preprod.dressyourbody.fr\\\/#website\"},\"primaryImageOfPage\":{\"@id\":\"https:\\\/\\\/preprod.dressyourbody.fr\\\/en\\\/product\\\/chemise-love-level\\\/#primaryimage\"},\"image\":{\"@id\":\"https:\\\/\\\/preprod.dressyourbody.fr\\\/en\\\/product\\\/chemise-love-level\\\/#primaryimage\"},\"thumbnailUrl\":\"https:\\\/\\\/preprod.dressyourbody.fr\\\/wp-content\\\/uploads\\\/2018\\\/04\\\/Love-Level_Frou-Frou1.jpg\",\"datePublished\":\"2018-04-06T10:07:16+00:00\",\"dateModified\":\"2025-09-15T07:06:47+00:00\",\"description\":\"On ne se lasse pas des volants avec la chemise Love level aux froufrous g\u00e9n\u00e9reux. Une chemise f\u00e9minine \u00e0 porter tous les jours.\",\"breadcrumb\":{\"@id\":\"https:\\\/\\\/preprod.dressyourbody.fr\\\/en\\\/product\\\/chemise-love-level\\\/#breadcrumb\"},\"inLanguage\":\"en-US\",\"potentialAction\":[{\"@type\":\"ReadAction\",\"target\":[\"https:\\\/\\\/preprod.dressyourbody.fr\\\/en\\\/product\\\/chemise-love-level\\\/\"]}]},{\"@type\":\"ImageObject\",\"inLanguage\":\"en-US\",\"@id\":\"https:\\\/\\\/preprod.dressyourbody.fr\\\/en\\\/product\\\/chemise-love-level\\\/#primaryimage\",\"url\":\"https:\\\/\\\/preprod.dressyourbody.fr\\\/wp-content\\\/uploads\\\/2018\\\/04\\\/Love-Level_Frou-Frou1.jpg\",\"contentUrl\":\"https:\\\/\\\/preprod.dressyourbody.fr\\\/wp-content\\\/uploads\\\/2018\\\/04\\\/Love-Level_Frou-Frou1.jpg\",\"width\":1749,\"height\":1719,\"caption\":\"Chemise love level\"},{\"@type\":\"BreadcrumbList\",\"@id\":\"https:\\\/\\\/preprod.dressyourbody.fr\\\/en\\\/product\\\/chemise-love-level\\\/#breadcrumb\",\"itemListElement\":[{\"@type\":\"ListItem\",\"position\":1,\"name\":\"Accueil\",\"item\":\"https:\\\/\\\/preprod.dressyourbody.fr\\\/en\\\/\"},{\"@type\":\"ListItem\",\"position\":2,\"name\":\"LA BOUTIQUE\",\"item\":\"https:\\\/\\\/preprod.dressyourbody.fr\\\/en\\\/?page_id=22934\"},{\"@type\":\"ListItem\",\"position\":3,\"name\":\"Chemise Love level\"}]},{\"@type\":\"WebSite\",\"@id\":\"https:\\\/\\\/preprod.dressyourbody.fr\\\/#website\",\"url\":\"https:\\\/\\\/preprod.dressyourbody.fr\\\/\",\"name\":\"DressYourBody\",\"description\":\"Patrons de couture\",\"publisher\":{\"@id\":\"https:\\\/\\\/preprod.dressyourbody.fr\\\/#organization\"},\"potentialAction\":[{\"@type\":\"SearchAction\",\"target\":{\"@type\":\"EntryPoint\",\"urlTemplate\":\"https:\\\/\\\/preprod.dressyourbody.fr\\\/?s={search_term_string}\"},\"query-input\":{\"@type\":\"PropertyValueSpecification\",\"valueRequired\":true,\"valueName\":\"search_term_string\"}}],\"inLanguage\":\"en-US\"},{\"@type\":\"Organization\",\"@id\":\"https:\\\/\\\/preprod.dressyourbody.fr\\\/#organization\",\"name\":\"DressYourBody.fr\",\"url\":\"https:\\\/\\\/preprod.dressyourbody.fr\\\/\",\"logo\":{\"@type\":\"ImageObject\",\"inLanguage\":\"en-US\",\"@id\":\"https:\\\/\\\/preprod.dressyourbody.fr\\\/#\\\/schema\\\/logo\\\/image\\\/\",\"url\":\"https:\\\/\\\/preprod.dressyourbody.fr\\\/wp-content\\\/uploads\\\/2018\\\/07\\\/Logo-rond.png\",\"contentUrl\":\"https:\\\/\\\/preprod.dressyourbody.fr\\\/wp-content\\\/uploads\\\/2018\\\/07\\\/Logo-rond.png\",\"width\":451,\"height\":449,\"caption\":\"DressYourBody.fr\"},\"image\":{\"@id\":\"https:\\\/\\\/preprod.dressyourbody.fr\\\/#\\\/schema\\\/logo\\\/image\\\/\"},\"sameAs\":[\"https:\\\/\\\/www.facebook.com\\\/dressyourbody.couture\\\/\",\"https:\\\/\\\/www.instagram.com\\\/dressyourbody.couture\\\/\",\"https:\\\/\\\/www.linkedin.com\\\/company\\\/11295981\\\/\",\"https:\\\/\\\/www.pinterest.fr\\\/dressyourbody\\\/\",\"https:\\\/\\\/www.youtube.com\\\/channel\\\/UCD9FR054rT1zUXmwxImG5vA?view_as=subscriber\"]}]}<\/script>\n<!-- \/ Yoast SEO plugin. -->","yoast_head_json":{"title":"Chemise Love level - DressYourBody - Patron de couture femme.","description":"On ne se lasse pas des volants avec la chemise Love level aux froufrous g\u00e9n\u00e9reux. Une chemise f\u00e9minine \u00e0 porter tous les jours.","robots":{"index":"index","follow":"follow","max-snippet":"max-snippet:-1","max-image-preview":"max-image-preview:large","max-video-preview":"max-video-preview:-1"},"canonical":"https:\/\/preprod.dressyourbody.fr\/en\/product\/chemise-love-level\/","og_locale":"en_US","og_type":"article","og_title":"Chemise Love level - DressYourBody - Patron de couture femme.","og_description":"On ne se lasse pas des volants avec la chemise Love level aux froufrous g\u00e9n\u00e9reux. Une chemise f\u00e9minine \u00e0 porter tous les jours.","og_url":"https:\/\/preprod.dressyourbody.fr\/en\/product\/chemise-love-level\/","og_site_name":"Dressyourbody","article_publisher":"https:\/\/www.facebook.com\/dressyourbody.couture\/","article_modified_time":"2025-09-15T07:06:47+00:00","og_image":[{"width":1749,"height":1719,"url":"https:\/\/preprod.dressyourbody.fr\/wp-content\/uploads\/2018\/04\/Love-Level_Frou-Frou1.jpg","type":"image\/jpeg"}],"twitter_card":"summary_large_image","twitter_misc":{"Est. reading time":"1 minute"},"schema":{"@context":"https:\/\/schema.org","@graph":[{"@type":"WebPage","@id":"https:\/\/preprod.dressyourbody.fr\/en\/product\/chemise-love-level\/","url":"https:\/\/preprod.dressyourbody.fr\/en\/product\/chemise-love-level\/","name":"Chemise Love level - DressYourBody - Patron de couture femme.","isPartOf":{"@id":"https:\/\/preprod.dressyourbody.fr\/#website"},"primaryImageOfPage":{"@id":"https:\/\/preprod.dressyourbody.fr\/en\/product\/chemise-love-level\/#primaryimage"},"image":{"@id":"https:\/\/preprod.dressyourbody.fr\/en\/product\/chemise-love-level\/#primaryimage"},"thumbnailUrl":"https:\/\/preprod.dressyourbody.fr\/wp-content\/uploads\/2018\/04\/Love-Level_Frou-Frou1.jpg","datePublished":"2018-04-06T10:07:16+00:00","dateModified":"2025-09-15T07:06:47+00:00","description":"On ne se lasse pas des volants avec la chemise Love level aux froufrous g\u00e9n\u00e9reux. Une chemise f\u00e9minine \u00e0 porter tous les jours.","breadcrumb":{"@id":"https:\/\/preprod.dressyourbody.fr\/en\/product\/chemise-love-level\/#breadcrumb"},"inLanguage":"en-US","potentialAction":[{"@type":"ReadAction","target":["https:\/\/preprod.dressyourbody.fr\/en\/product\/chemise-love-level\/"]}]},{"@type":"ImageObject","inLanguage":"en-US","@id":"https:\/\/preprod.dressyourbody.fr\/en\/product\/chemise-love-level\/#primaryimage","url":"https:\/\/preprod.dressyourbody.fr\/wp-content\/uploads\/2018\/04\/Love-Level_Frou-Frou1.jpg","contentUrl":"https:\/\/preprod.dressyourbody.fr\/wp-content\/uploads\/2018\/04\/Love-Level_Frou-Frou1.jpg","width":1749,"height":1719,"caption":"Chemise love level"},{"@type":"BreadcrumbList","@id":"https:\/\/preprod.dressyourbody.fr\/en\/product\/chemise-love-level\/#breadcrumb","itemListElement":[{"@type":"ListItem","position":1,"name":"Accueil","item":"https:\/\/preprod.dressyourbody.fr\/en\/"},{"@type":"ListItem","position":2,"name":"LA BOUTIQUE","item":"https:\/\/preprod.dressyourbody.fr\/en\/?page_id=22934"},{"@type":"ListItem","position":3,"name":"Chemise Love level"}]},{"@type":"WebSite","@id":"https:\/\/preprod.dressyourbody.fr\/#website","url":"https:\/\/preprod.dressyourbody.fr\/","name":"DressYourBody","description":"Patrons de couture","publisher":{"@id":"https:\/\/preprod.dressyourbody.fr\/#organization"},"potentialAction":[{"@type":"SearchAction","target":{"@type":"EntryPoint","urlTemplate":"https:\/\/preprod.dressyourbody.fr\/?s={search_term_string}"},"query-input":{"@type":"PropertyValueSpecification","valueRequired":true,"valueName":"search_term_string"}}],"inLanguage":"en-US"},{"@type":"Organization","@id":"https:\/\/preprod.dressyourbody.fr\/#organization","name":"DressYourBody.fr","url":"https:\/\/preprod.dressyourbody.fr\/","logo":{"@type":"ImageObject","inLanguage":"en-US","@id":"https:\/\/preprod.dressyourbody.fr\/#\/schema\/logo\/image\/","url":"https:\/\/preprod.dressyourbody.fr\/wp-content\/uploads\/2018\/07\/Logo-rond.png","contentUrl":"https:\/\/preprod.dressyourbody.fr\/wp-content\/uploads\/2018\/07\/Logo-rond.png","width":451,"height":449,"caption":"DressYourBody.fr"},"image":{"@id":"https:\/\/preprod.dressyourbody.fr\/#\/schema\/logo\/image\/"},"sameAs":["https:\/\/www.facebook.com\/dressyourbody.couture\/","https:\/\/www.instagram.com\/dressyourbody.couture\/","https:\/\/www.linkedin.com\/company\/11295981\/","https:\/\/www.pinterest.fr\/dressyourbody\/","https:\/\/www.youtube.com\/channel\/UCD9FR054rT1zUXmwxImG5vA?view_as=subscriber"]}]}},"_links":{"self":[{"href":"https:\/\/preprod.dressyourbody.fr\/en\/wp-json\/wp\/v2\/product\/16014","targetHints":{"allow":["GET"]}}],"collection":[{"href":"https:\/\/preprod.dressyourbody.fr\/en\/wp-json\/wp\/v2\/product"}],"about":[{"href":"https:\/\/preprod.dressyourbody.fr\/en\/wp-json\/wp\/v2\/types\/product"}],"replies":[{"embeddable":true,"href":"https:\/\/preprod.dressyourbody.fr\/en\/wp-json\/wp\/v2\/comments?post=16014"}],"wp:featuredmedia":[{"embeddable":true,"href":"https:\/\/preprod.dressyourbody.fr\/en\/wp-json\/wp\/v2\/media\/18464"}],"wp:attachment":[{"href":"https:\/\/preprod.dressyourbody.fr\/en\/wp-json\/wp\/v2\/media?parent=16014"}],"wp:term":[{"taxonomy":"product_brand","embeddable":true,"href":"https:\/\/preprod.dressyourbody.fr\/en\/wp-json\/wp\/v2\/product_brand?post=16014"},{"taxonomy":"product_cat","embeddable":true,"href":"https:\/\/preprod.dressyourbody.fr\/en\/wp-json\/wp\/v2\/product_cat?post=16014"},{"taxonomy":"product_tag","embeddable":true,"href":"https:\/\/preprod.dressyourbody.fr\/en\/wp-json\/wp\/v2\/product_tag?post=16014"}],"curies":[{"name":"wp","href":"https:\/\/api.w.org\/{rel}","templated":true}]}}