{"id":14476,"date":"2017-09-30T18:48:08","date_gmt":"2017-09-30T16:48:08","guid":{"rendered":"https:\/\/dressyourbody.fr\/fr\/?post_type=product&#038;p=14476"},"modified":"2025-09-22T16:33:00","modified_gmt":"2025-09-22T14:33:00","slug":"robe-dreaming","status":"publish","type":"product","link":"https:\/\/preprod.dressyourbody.fr\/en\/product\/robe-dreaming\/","title":{"rendered":"Robe Dreaming"},"content":{"rendered":"<p>Cette robe est aussi simple \u00e0 r\u00e9aliser qu&rsquo;est incroyable l&rsquo;effet qu&rsquo;elle produit!<\/p>\n<p>Je l&rsquo;ai test\u00e9e &#8230; compliments garantis!<\/p>\n<p>R\u00e9alis\u00e9e ici en cr\u00e9pon noir, cela lui donne un style chic mais d\u00e9contract\u00e9. En soie et accessoiris\u00e9e vous pouvez la porter en soir\u00e9e. Et en plus sa coupe droite convient \u00e0 toutes les morphologies.<\/p>\n<p>Bref, \u00e0 votre machine !!<\/p>\n<p><strong>TAILLES :<\/strong> planche de patrons allant de la taille 34 \u00e0 50 soit un tour de poitrine allant de 81 \u00e0 116 cm.\u00a0Vous pouvez \u00e9galement vous r\u00e9f\u00e9rer \u00e0 la <a href=\"#popmake-23087\">grille des tailles<\/a>.<\/p>\n<p><strong>TISSU :<\/strong> Fonctionne avec beaucoup de tissus diff\u00e9rents: cotonnade, cr\u00e9pon, soie\u2026 R\u00e9alis\u00e9e en photo dans un cr\u00e9pon de coton noir et dans une double gaze verte canard qui lui donne un c\u00f4t\u00e9 plus \u00ab\u00a0plage\u00a0\u00bb. Et bien s\u00fbr la version \u00e0 sequins pour les f\u00eates!<\/p>\n<p><strong>DIFFICULT\u00c9 :<\/strong> tous niveaux de couture<\/p>\n<p><strong>D\u00c9TAIL :<\/strong><\/p>\n<ul>\n<li>Robe sans manche attach\u00e9e par un cordon \u00e0 l\u2019encolure<\/li>\n<li>Fente sur le devant qui s\u2019ouvre plus ou moins en faisant coulisser les bords sur le cordon<\/li>\n<li>Effet fronc\u00e9 sur le devant au niveau de l\u2019encolure<\/li>\n<li>Hauteur milieu dos: 91 cm pour la taille 38<\/li>\n<\/ul>","protected":false},"excerpt":{"rendered":"<p>&nbsp;<\/p>\n<p><span style=\"color: #ffffff;\"><strong>PATRON :\u00a0<\/strong><\/span><\/p>\n<p><span style=\"color: #ffffff;\">Tailles 34 \u00e0 50<\/span><\/p>\n<p><span style=\"color: #ffffff;\">Tous niveaux de couture<\/span> <\/p>\n<div><a class=\"zoli-read-more-link\" href=\"https:\/\/preprod.dressyourbody.fr\/en\/product\/robe-dreaming\/\">Read More<span class=\"lexus-icon-Icon_Next\"><\/span><\/a><\/div>","protected":false},"featured_media":31718,"comment_status":"open","ping_status":"closed","template":"","meta":{"_acf_changed":false},"product_brand":[1278],"product_cat":[1233],"product_tag":[649,734,742,637],"class_list":{"0":"post-14476","1":"product","2":"type-product","3":"status-publish","4":"has-post-thumbnail","6":"product_brand-dressyourbody","7":"product_cat-robes","8":"product_tag-chaine-et-trame","9":"product_tag-couture","10":"product_tag-debutant","11":"product_tag-patron","12":"pa_difficulte-debutant","13":"pa_formatpatron-patron-pdf-format-a4-a0","14":"pa_formatpatron-patronpochette","16":"first","17":"instock","18":"shipping-taxable","19":"purchasable","20":"product-type-variable","21":"has-default-attributes"},"acf":[],"yoast_head":"<!-- This site is optimized with the Yoast SEO plugin v27.4 - https:\/\/yoast.com\/product\/yoast-seo-wordpress\/ -->\n<title>Robe DREAMING - DressYourBody - Patron de couture T34 \u00e0 50<\/title>\n<meta name=\"description\" content=\"La robe Dreaming est aussi simple \u00e0 r\u00e9aliser qu&#039;est incroyable l&#039;effet qu&#039;elle produit! Un style chic ou d\u00e9contract\u00e9 selon votre tissu!\" \/>\n<meta name=\"robots\" content=\"index, follow, max-snippet:-1, max-image-preview:large, max-video-preview:-1\" \/>\n<link rel=\"canonical\" href=\"https:\/\/preprod.dressyourbody.fr\/en\/product\/robe-dreaming\/\" \/>\n<meta property=\"og:locale\" content=\"en_US\" \/>\n<meta property=\"og:type\" content=\"article\" \/>\n<meta property=\"og:title\" content=\"Robe DREAMING - DressYourBody - Patron de couture T34 \u00e0 50\" \/>\n<meta property=\"og:description\" content=\"La robe Dreaming est aussi simple \u00e0 r\u00e9aliser qu&#039;est incroyable l&#039;effet qu&#039;elle produit! Un style chic ou d\u00e9contract\u00e9 selon votre tissu!\" \/>\n<meta property=\"og:url\" content=\"https:\/\/preprod.dressyourbody.fr\/en\/product\/robe-dreaming\/\" \/>\n<meta property=\"og:site_name\" content=\"Dressyourbody\" \/>\n<meta property=\"article:publisher\" content=\"https:\/\/www.facebook.com\/dressyourbody.couture\/\" \/>\n<meta property=\"article:modified_time\" content=\"2025-09-22T14:33:00+00:00\" \/>\n<meta property=\"og:image\" content=\"https:\/\/preprod.dressyourbody.fr\/wp-content\/uploads\/2017\/09\/robe-dreaming-tencel-rouge.jpg\" \/>\n\t<meta property=\"og:image:width\" content=\"500\" \/>\n\t<meta property=\"og:image:height\" content=\"625\" \/>\n\t<meta property=\"og:image:type\" content=\"image\/jpeg\" \/>\n<meta name=\"twitter:card\" content=\"summary_large_image\" \/>\n<meta name=\"twitter:label1\" content=\"Est. reading time\" \/>\n\t<meta name=\"twitter:data1\" content=\"1 minute\" \/>\n<script type=\"application\/ld+json\" class=\"yoast-schema-graph\">{\"@context\":\"https:\\\/\\\/schema.org\",\"@graph\":[{\"@type\":\"WebPage\",\"@id\":\"https:\\\/\\\/preprod.dressyourbody.fr\\\/en\\\/product\\\/robe-dreaming\\\/\",\"url\":\"https:\\\/\\\/preprod.dressyourbody.fr\\\/en\\\/product\\\/robe-dreaming\\\/\",\"name\":\"Robe DREAMING - DressYourBody - Patron de couture T34 \u00e0 50\",\"isPartOf\":{\"@id\":\"https:\\\/\\\/preprod.dressyourbody.fr\\\/#website\"},\"primaryImageOfPage\":{\"@id\":\"https:\\\/\\\/preprod.dressyourbody.fr\\\/en\\\/product\\\/robe-dreaming\\\/#primaryimage\"},\"image\":{\"@id\":\"https:\\\/\\\/preprod.dressyourbody.fr\\\/en\\\/product\\\/robe-dreaming\\\/#primaryimage\"},\"thumbnailUrl\":\"https:\\\/\\\/preprod.dressyourbody.fr\\\/wp-content\\\/uploads\\\/2017\\\/09\\\/robe-dreaming-tencel-rouge.jpg\",\"datePublished\":\"2017-09-30T16:48:08+00:00\",\"dateModified\":\"2025-09-22T14:33:00+00:00\",\"description\":\"La robe Dreaming est aussi simple \u00e0 r\u00e9aliser qu'est incroyable l'effet qu'elle produit! Un style chic ou d\u00e9contract\u00e9 selon votre tissu!\",\"breadcrumb\":{\"@id\":\"https:\\\/\\\/preprod.dressyourbody.fr\\\/en\\\/product\\\/robe-dreaming\\\/#breadcrumb\"},\"inLanguage\":\"en-US\",\"potentialAction\":[{\"@type\":\"ReadAction\",\"target\":[\"https:\\\/\\\/preprod.dressyourbody.fr\\\/en\\\/product\\\/robe-dreaming\\\/\"]}]},{\"@type\":\"ImageObject\",\"inLanguage\":\"en-US\",\"@id\":\"https:\\\/\\\/preprod.dressyourbody.fr\\\/en\\\/product\\\/robe-dreaming\\\/#primaryimage\",\"url\":\"https:\\\/\\\/preprod.dressyourbody.fr\\\/wp-content\\\/uploads\\\/2017\\\/09\\\/robe-dreaming-tencel-rouge.jpg\",\"contentUrl\":\"https:\\\/\\\/preprod.dressyourbody.fr\\\/wp-content\\\/uploads\\\/2017\\\/09\\\/robe-dreaming-tencel-rouge.jpg\",\"width\":500,\"height\":625,\"caption\":\"Robe Dreaming en tencel rouge\"},{\"@type\":\"BreadcrumbList\",\"@id\":\"https:\\\/\\\/preprod.dressyourbody.fr\\\/en\\\/product\\\/robe-dreaming\\\/#breadcrumb\",\"itemListElement\":[{\"@type\":\"ListItem\",\"position\":1,\"name\":\"Accueil\",\"item\":\"https:\\\/\\\/preprod.dressyourbody.fr\\\/en\\\/\"},{\"@type\":\"ListItem\",\"position\":2,\"name\":\"LA BOUTIQUE\",\"item\":\"https:\\\/\\\/preprod.dressyourbody.fr\\\/en\\\/?page_id=22934\"},{\"@type\":\"ListItem\",\"position\":3,\"name\":\"Robe Dreaming\"}]},{\"@type\":\"WebSite\",\"@id\":\"https:\\\/\\\/preprod.dressyourbody.fr\\\/#website\",\"url\":\"https:\\\/\\\/preprod.dressyourbody.fr\\\/\",\"name\":\"DressYourBody\",\"description\":\"Patrons de couture\",\"publisher\":{\"@id\":\"https:\\\/\\\/preprod.dressyourbody.fr\\\/#organization\"},\"potentialAction\":[{\"@type\":\"SearchAction\",\"target\":{\"@type\":\"EntryPoint\",\"urlTemplate\":\"https:\\\/\\\/preprod.dressyourbody.fr\\\/?s={search_term_string}\"},\"query-input\":{\"@type\":\"PropertyValueSpecification\",\"valueRequired\":true,\"valueName\":\"search_term_string\"}}],\"inLanguage\":\"en-US\"},{\"@type\":\"Organization\",\"@id\":\"https:\\\/\\\/preprod.dressyourbody.fr\\\/#organization\",\"name\":\"DressYourBody.fr\",\"url\":\"https:\\\/\\\/preprod.dressyourbody.fr\\\/\",\"logo\":{\"@type\":\"ImageObject\",\"inLanguage\":\"en-US\",\"@id\":\"https:\\\/\\\/preprod.dressyourbody.fr\\\/#\\\/schema\\\/logo\\\/image\\\/\",\"url\":\"https:\\\/\\\/preprod.dressyourbody.fr\\\/wp-content\\\/uploads\\\/2018\\\/07\\\/Logo-rond.png\",\"contentUrl\":\"https:\\\/\\\/preprod.dressyourbody.fr\\\/wp-content\\\/uploads\\\/2018\\\/07\\\/Logo-rond.png\",\"width\":451,\"height\":449,\"caption\":\"DressYourBody.fr\"},\"image\":{\"@id\":\"https:\\\/\\\/preprod.dressyourbody.fr\\\/#\\\/schema\\\/logo\\\/image\\\/\"},\"sameAs\":[\"https:\\\/\\\/www.facebook.com\\\/dressyourbody.couture\\\/\",\"https:\\\/\\\/www.instagram.com\\\/dressyourbody.couture\\\/\",\"https:\\\/\\\/www.linkedin.com\\\/company\\\/11295981\\\/\",\"https:\\\/\\\/www.pinterest.fr\\\/dressyourbody\\\/\",\"https:\\\/\\\/www.youtube.com\\\/channel\\\/UCD9FR054rT1zUXmwxImG5vA?view_as=subscriber\"]}]}<\/script>\n<!-- \/ Yoast SEO plugin. -->","yoast_head_json":{"title":"Robe DREAMING - DressYourBody - Patron de couture T34 \u00e0 50","description":"La robe Dreaming est aussi simple \u00e0 r\u00e9aliser qu'est incroyable l'effet qu'elle produit! Un style chic ou d\u00e9contract\u00e9 selon votre tissu!","robots":{"index":"index","follow":"follow","max-snippet":"max-snippet:-1","max-image-preview":"max-image-preview:large","max-video-preview":"max-video-preview:-1"},"canonical":"https:\/\/preprod.dressyourbody.fr\/en\/product\/robe-dreaming\/","og_locale":"en_US","og_type":"article","og_title":"Robe DREAMING - DressYourBody - Patron de couture T34 \u00e0 50","og_description":"La robe Dreaming est aussi simple \u00e0 r\u00e9aliser qu'est incroyable l'effet qu'elle produit! Un style chic ou d\u00e9contract\u00e9 selon votre tissu!","og_url":"https:\/\/preprod.dressyourbody.fr\/en\/product\/robe-dreaming\/","og_site_name":"Dressyourbody","article_publisher":"https:\/\/www.facebook.com\/dressyourbody.couture\/","article_modified_time":"2025-09-22T14:33:00+00:00","og_image":[{"width":500,"height":625,"url":"https:\/\/preprod.dressyourbody.fr\/wp-content\/uploads\/2017\/09\/robe-dreaming-tencel-rouge.jpg","type":"image\/jpeg"}],"twitter_card":"summary_large_image","twitter_misc":{"Est. reading time":"1 minute"},"schema":{"@context":"https:\/\/schema.org","@graph":[{"@type":"WebPage","@id":"https:\/\/preprod.dressyourbody.fr\/en\/product\/robe-dreaming\/","url":"https:\/\/preprod.dressyourbody.fr\/en\/product\/robe-dreaming\/","name":"Robe DREAMING - DressYourBody - Patron de couture T34 \u00e0 50","isPartOf":{"@id":"https:\/\/preprod.dressyourbody.fr\/#website"},"primaryImageOfPage":{"@id":"https:\/\/preprod.dressyourbody.fr\/en\/product\/robe-dreaming\/#primaryimage"},"image":{"@id":"https:\/\/preprod.dressyourbody.fr\/en\/product\/robe-dreaming\/#primaryimage"},"thumbnailUrl":"https:\/\/preprod.dressyourbody.fr\/wp-content\/uploads\/2017\/09\/robe-dreaming-tencel-rouge.jpg","datePublished":"2017-09-30T16:48:08+00:00","dateModified":"2025-09-22T14:33:00+00:00","description":"La robe Dreaming est aussi simple \u00e0 r\u00e9aliser qu'est incroyable l'effet qu'elle produit! Un style chic ou d\u00e9contract\u00e9 selon votre tissu!","breadcrumb":{"@id":"https:\/\/preprod.dressyourbody.fr\/en\/product\/robe-dreaming\/#breadcrumb"},"inLanguage":"en-US","potentialAction":[{"@type":"ReadAction","target":["https:\/\/preprod.dressyourbody.fr\/en\/product\/robe-dreaming\/"]}]},{"@type":"ImageObject","inLanguage":"en-US","@id":"https:\/\/preprod.dressyourbody.fr\/en\/product\/robe-dreaming\/#primaryimage","url":"https:\/\/preprod.dressyourbody.fr\/wp-content\/uploads\/2017\/09\/robe-dreaming-tencel-rouge.jpg","contentUrl":"https:\/\/preprod.dressyourbody.fr\/wp-content\/uploads\/2017\/09\/robe-dreaming-tencel-rouge.jpg","width":500,"height":625,"caption":"Robe Dreaming en tencel rouge"},{"@type":"BreadcrumbList","@id":"https:\/\/preprod.dressyourbody.fr\/en\/product\/robe-dreaming\/#breadcrumb","itemListElement":[{"@type":"ListItem","position":1,"name":"Accueil","item":"https:\/\/preprod.dressyourbody.fr\/en\/"},{"@type":"ListItem","position":2,"name":"LA BOUTIQUE","item":"https:\/\/preprod.dressyourbody.fr\/en\/?page_id=22934"},{"@type":"ListItem","position":3,"name":"Robe Dreaming"}]},{"@type":"WebSite","@id":"https:\/\/preprod.dressyourbody.fr\/#website","url":"https:\/\/preprod.dressyourbody.fr\/","name":"DressYourBody","description":"Patrons de couture","publisher":{"@id":"https:\/\/preprod.dressyourbody.fr\/#organization"},"potentialAction":[{"@type":"SearchAction","target":{"@type":"EntryPoint","urlTemplate":"https:\/\/preprod.dressyourbody.fr\/?s={search_term_string}"},"query-input":{"@type":"PropertyValueSpecification","valueRequired":true,"valueName":"search_term_string"}}],"inLanguage":"en-US"},{"@type":"Organization","@id":"https:\/\/preprod.dressyourbody.fr\/#organization","name":"DressYourBody.fr","url":"https:\/\/preprod.dressyourbody.fr\/","logo":{"@type":"ImageObject","inLanguage":"en-US","@id":"https:\/\/preprod.dressyourbody.fr\/#\/schema\/logo\/image\/","url":"https:\/\/preprod.dressyourbody.fr\/wp-content\/uploads\/2018\/07\/Logo-rond.png","contentUrl":"https:\/\/preprod.dressyourbody.fr\/wp-content\/uploads\/2018\/07\/Logo-rond.png","width":451,"height":449,"caption":"DressYourBody.fr"},"image":{"@id":"https:\/\/preprod.dressyourbody.fr\/#\/schema\/logo\/image\/"},"sameAs":["https:\/\/www.facebook.com\/dressyourbody.couture\/","https:\/\/www.instagram.com\/dressyourbody.couture\/","https:\/\/www.linkedin.com\/company\/11295981\/","https:\/\/www.pinterest.fr\/dressyourbody\/","https:\/\/www.youtube.com\/channel\/UCD9FR054rT1zUXmwxImG5vA?view_as=subscriber"]}]}},"_links":{"self":[{"href":"https:\/\/preprod.dressyourbody.fr\/en\/wp-json\/wp\/v2\/product\/14476","targetHints":{"allow":["GET"]}}],"collection":[{"href":"https:\/\/preprod.dressyourbody.fr\/en\/wp-json\/wp\/v2\/product"}],"about":[{"href":"https:\/\/preprod.dressyourbody.fr\/en\/wp-json\/wp\/v2\/types\/product"}],"replies":[{"embeddable":true,"href":"https:\/\/preprod.dressyourbody.fr\/en\/wp-json\/wp\/v2\/comments?post=14476"}],"wp:featuredmedia":[{"embeddable":true,"href":"https:\/\/preprod.dressyourbody.fr\/en\/wp-json\/wp\/v2\/media\/31718"}],"wp:attachment":[{"href":"https:\/\/preprod.dressyourbody.fr\/en\/wp-json\/wp\/v2\/media?parent=14476"}],"wp:term":[{"taxonomy":"product_brand","embeddable":true,"href":"https:\/\/preprod.dressyourbody.fr\/en\/wp-json\/wp\/v2\/product_brand?post=14476"},{"taxonomy":"product_cat","embeddable":true,"href":"https:\/\/preprod.dressyourbody.fr\/en\/wp-json\/wp\/v2\/product_cat?post=14476"},{"taxonomy":"product_tag","embeddable":true,"href":"https:\/\/preprod.dressyourbody.fr\/en\/wp-json\/wp\/v2\/product_tag?post=14476"}],"curies":[{"name":"wp","href":"https:\/\/api.w.org\/{rel}","templated":true}]}}