{"id":15848,"date":"2018-01-29T23:48:32","date_gmt":"2018-01-29T21:48:32","guid":{"rendered":"https:\/\/dressyourbody.fr\/fr\/?page_id=15848"},"modified":"2023-01-18T10:03:47","modified_gmt":"2023-01-18T08:03:47","slug":"faq","status":"publish","type":"page","link":"https:\/\/preprod.dressyourbody.fr\/en\/faq\/","title":{"rendered":"FAQ"},"content":{"rendered":"<div data-elementor-type=\"wp-page\" data-elementor-id=\"15848\" class=\"elementor elementor-15848\">\n\t\t\t\t\t\t<section class=\"elementor-section elementor-top-section elementor-element elementor-element-4eb6bfbb elementor-section-boxed elementor-section-height-default elementor-section-height-default\" data-id=\"4eb6bfbb\" data-element_type=\"section\" data-e-type=\"section\">\n\t\t\t\t\t\t<div class=\"elementor-container elementor-column-gap-default\">\n\t\t\t\t\t<div class=\"elementor-column elementor-col-100 elementor-top-column elementor-element elementor-element-615ee6e\" data-id=\"615ee6e\" data-element_type=\"column\" data-e-type=\"column\">\n\t\t\t<div class=\"elementor-widget-wrap elementor-element-populated\">\n\t\t\t\t\t\t<div class=\"elementor-element elementor-element-074062f elementor-widget elementor-widget-text-editor\" data-id=\"074062f\" data-element_type=\"widget\" data-e-type=\"widget\" data-widget_type=\"text-editor.default\">\n\t\t\t\t<div class=\"elementor-widget-container\">\n\t\t\t\t\t\t\t\t\t<p>Marges de couture comprises ou non, patrons pochette versus PDF, la livraison \u2026 la foire aux questions recense les diff\u00e9rentes questions que vous pouvez vous poser et qui reviennent le plus souvent.<\/p><p>Vous ne trouvez pas la r\u00e9ponse que vous cherchez? N\u2019h\u00e9sitez pas \u00e0 nous contacter, nous vous r\u00e9pondrons dans les plus brefs d\u00e9lais.<\/p>\t\t\t\t\t\t\t\t<\/div>\n\t\t\t\t<\/div>\n\t\t\t\t<div class=\"elementor-element elementor-element-fde2935 elementor-widget elementor-widget-button\" data-id=\"fde2935\" data-element_type=\"widget\" data-e-type=\"widget\" data-widget_type=\"button.default\">\n\t\t\t\t<div class=\"elementor-widget-container\">\n\t\t\t\t\t\t\t\t\t<div class=\"elementor-button-wrapper\">\n\t\t\t\t\t<a class=\"elementor-button elementor-button-link elementor-size-sm\" href=\"https:\/\/preprod.dressyourbody.fr\/fr\/nous-contacter\">\n\t\t\t\t\t\t<span class=\"elementor-button-content-wrapper\">\n\t\t\t\t\t\t\t\t\t<span class=\"elementor-button-text\">Contact<\/span>\n\t\t\t\t\t<\/span>\n\t\t\t\t\t<\/a>\n\t\t\t\t<\/div>\n\t\t\t\t\t\t\t\t<\/div>\n\t\t\t\t<\/div>\n\t\t\t\t<div class=\"elementor-element elementor-element-51f2261 elementor-widget elementor-widget-spacer\" data-id=\"51f2261\" data-element_type=\"widget\" data-e-type=\"widget\" data-widget_type=\"spacer.default\">\n\t\t\t\t<div class=\"elementor-widget-container\">\n\t\t\t\t\t\t\t<div class=\"elementor-spacer\">\n\t\t\t<div class=\"elementor-spacer-inner\"><\/div>\n\t\t<\/div>\n\t\t\t\t\t\t<\/div>\n\t\t\t\t<\/div>\n\t\t\t\t<div class=\"elementor-element elementor-element-77ddfeb elementor-widget elementor-widget-heading\" data-id=\"77ddfeb\" data-element_type=\"widget\" data-e-type=\"widget\" data-widget_type=\"heading.default\">\n\t\t\t\t<div class=\"elementor-widget-container\">\n\t\t\t\t\t<h2 class=\"elementor-heading-title elementor-size-default\">Les patrons de couture<\/h2>\t\t\t\t<\/div>\n\t\t\t\t<\/div>\n\t\t\t\t<div class=\"elementor-element elementor-element-96f5cc1 elementor-widget elementor-widget-heading\" data-id=\"96f5cc1\" data-element_type=\"widget\" data-e-type=\"widget\" data-widget_type=\"heading.default\">\n\t\t\t\t<div class=\"elementor-widget-container\">\n\t\t\t\t\t<h3 class=\"elementor-heading-title elementor-size-default\">Les marges de couture sont-elles incluses?<\/h3>\t\t\t\t<\/div>\n\t\t\t\t<\/div>\n\t\t\t\t<div class=\"elementor-element elementor-element-eb100d8 elementor-widget elementor-widget-text-editor\" data-id=\"eb100d8\" data-element_type=\"widget\" data-e-type=\"widget\" data-widget_type=\"text-editor.default\">\n\t\t\t\t<div class=\"elementor-widget-container\">\n\t\t\t\t\t\t\t\t\t<p>Les marges de couture sont incluses sur tous les patrons. Elles sont de 1cm pour les mod\u00e8les en cha\u00eene et trame et de 7mm pour les mod\u00e8les en maille. Dans tous les cas cette information vous est rappel\u00e9e directement sur le patron dans le cartouche du mod\u00e8le (cf ci-dessous) ainsi que dans guide de montage, dans l&rsquo;encart r\u00e9serv\u00e9 \u00e0 la l\u00e9gende:<\/p>\t\t\t\t\t\t\t\t<\/div>\n\t\t\t\t<\/div>\n\t\t\t\t<div class=\"elementor-element elementor-element-e847ecf elementor-widget elementor-widget-image\" data-id=\"e847ecf\" data-element_type=\"widget\" data-e-type=\"widget\" data-widget_type=\"image.default\">\n\t\t\t\t<div class=\"elementor-widget-container\">\n\t\t\t\t\t\t\t\t\t\t\t\t\t\t\t<img fetchpriority=\"high\" decoding=\"async\" width=\"500\" height=\"345\" src=\"https:\/\/preprod.dressyourbody.fr\/wp-content\/uploads\/2021\/10\/marges-de-couture.jpg\" class=\"attachment-large size-large wp-image-28917\" alt=\"Marges de couture\" srcset=\"https:\/\/preprod.dressyourbody.fr\/wp-content\/uploads\/2021\/10\/marges-de-couture.jpg 500w, https:\/\/preprod.dressyourbody.fr\/wp-content\/uploads\/2021\/10\/marges-de-couture-300x207.jpg 300w, https:\/\/preprod.dressyourbody.fr\/wp-content\/uploads\/2021\/10\/marges-de-couture-18x12.jpg 18w\" sizes=\"(max-width: 500px) 100vw, 500px\" \/>\t\t\t\t\t\t\t\t\t\t\t\t\t\t\t<\/div>\n\t\t\t\t<\/div>\n\t\t\t\t<div class=\"elementor-element elementor-element-0562e7c elementor-widget elementor-widget-heading\" data-id=\"0562e7c\" data-element_type=\"widget\" data-e-type=\"widget\" data-widget_type=\"heading.default\">\n\t\t\t\t<div class=\"elementor-widget-container\">\n\t\t\t\t\t<h3 class=\"elementor-heading-title elementor-size-default\">Puis-je d\u00e9couper directement les pi\u00e8ces du patron sans les d\u00e9calquer?<\/h3>\t\t\t\t<\/div>\n\t\t\t\t<\/div>\n\t\t\t\t<div class=\"elementor-element elementor-element-e44c45e elementor-widget elementor-widget-text-editor\" data-id=\"e44c45e\" data-element_type=\"widget\" data-e-type=\"widget\" data-widget_type=\"text-editor.default\">\n\t\t\t\t<div class=\"elementor-widget-container\">\n\t\t\t\t\t\t\t\t\t<p>Sur le patron PDF comme sur le patron papier, aucune des pi\u00e8ces du patron ne se chevauchement. Vous pouvez donc techniquement directement d\u00e9couper le patron sans le d\u00e9calquer.<\/p><p>N\u00e9anmoins, si le patron PDF se r\u00e9imprime facilement, une fois le patron papier d\u00e9coup\u00e9, vous ne pourrez plus vous en servir pour coudre une nouvelle taille par exemple.\u00a0<\/p><p>C&rsquo;est pourquoi il est fortement conseill\u00e9 de d\u00e9calquer votre patron papier dans la taille que vous souhaitez coudre et de d\u00e9couper uniquement cette version d\u00e9calqu\u00e9e.\u00a0<\/p>\t\t\t\t\t\t\t\t<\/div>\n\t\t\t\t<\/div>\n\t\t\t\t<div class=\"elementor-element elementor-element-b26d6aa elementor-widget elementor-widget-heading\" data-id=\"b26d6aa\" data-element_type=\"widget\" data-e-type=\"widget\" data-widget_type=\"heading.default\">\n\t\t\t\t<div class=\"elementor-widget-container\">\n\t\t\t\t\t<h3 class=\"elementor-heading-title elementor-size-default\">Qu'est-ce que je re\u00e7ois lorsque j'ach\u00e8te un patron pochette?<\/h3>\t\t\t\t<\/div>\n\t\t\t\t<\/div>\n\t\t\t\t<div class=\"elementor-element elementor-element-b369ae7 elementor-widget elementor-widget-text-editor\" data-id=\"b369ae7\" data-element_type=\"widget\" data-e-type=\"widget\" data-widget_type=\"text-editor.default\">\n\t\t\t\t<div class=\"elementor-widget-container\">\n\t\t\t\t\t\t\t\t\t<p>LE PATRON POCHETTE CONTIENT :<\/p><p>\u2013 Le patron imprim\u00e9 dans toutes les tailles, sans aucune superposition entre les pi\u00e8ces.<br \/>\u2013 Le guide de montage qui d\u00e9crit de fa\u00e7on d\u00e9taill\u00e9e toutes les \u00e9tapes \u00e0 suivre pour r\u00e9aliser le v\u00eatement.<\/p>\t\t\t\t\t\t\t\t<\/div>\n\t\t\t\t<\/div>\n\t\t\t\t<div class=\"elementor-element elementor-element-3f0a60d elementor-widget elementor-widget-heading\" data-id=\"3f0a60d\" data-element_type=\"widget\" data-e-type=\"widget\" data-widget_type=\"heading.default\">\n\t\t\t\t<div class=\"elementor-widget-container\">\n\t\t\t\t\t<h3 class=\"elementor-heading-title elementor-size-default\">Qu'est-ce que je re\u00e7ois lorsque j'ach\u00e8te un patron PDF?<\/h3>\t\t\t\t<\/div>\n\t\t\t\t<\/div>\n\t\t\t\t<div class=\"elementor-element elementor-element-524117b elementor-widget elementor-widget-text-editor\" data-id=\"524117b\" data-element_type=\"widget\" data-e-type=\"widget\" data-widget_type=\"text-editor.default\">\n\t\t\t\t<div class=\"elementor-widget-container\">\n\t\t\t\t\t\t\t\t\t<p>LE FORMAT PDF:<\/p><p>Le format pdf vous donne acc\u00e8s en t\u00e9l\u00e9chargement:<\/p><p>\u2013 Au patron en format A4 avec les instructions n\u00e9cessaires pour imprimer en taille r\u00e9elle et assembler le patron<br \/>\u2013 Au patron en format A0 si vous souhaitez imprimer directement en taille r\u00e9elle chez un professionnel. La largeur de la planche du patron est de 841mm.<br \/>\u2013 Au guide de montage qui d\u00e9crit de fa\u00e7on d\u00e9taill\u00e9e toutes les \u00e9tapes \u00e0 suivre pour r\u00e9aliser le v\u00eatement.<\/p>\t\t\t\t\t\t\t\t<\/div>\n\t\t\t\t<\/div>\n\t\t\t\t<div class=\"elementor-element elementor-element-9e7a046 elementor-widget elementor-widget-heading\" data-id=\"9e7a046\" data-element_type=\"widget\" data-e-type=\"widget\" data-widget_type=\"heading.default\">\n\t\t\t\t<div class=\"elementor-widget-container\">\n\t\t\t\t\t<h3 class=\"elementor-heading-title elementor-size-default\">De combien de pages est constitu\u00e9 le fichier pdf A4 du patron?\n<\/h3>\t\t\t\t<\/div>\n\t\t\t\t<\/div>\n\t\t\t\t<div class=\"elementor-element elementor-element-1a69f83 elementor-widget elementor-widget-text-editor\" data-id=\"1a69f83\" data-element_type=\"widget\" data-e-type=\"widget\" data-widget_type=\"text-editor.default\">\n\t\t\t\t<div class=\"elementor-widget-container\">\n\t\t\t\t\t\t\t\t\t<p>Le nombre de pages du fichier pdf A4 que vous aurez \u00e0 assembler pour reconstituer le patron est diff\u00e9rent pour chaque mod\u00e8le.<\/p><p>Par cons\u00e9quent, vous trouvez l&rsquo;information sur chaque produit individuellement, lorsque vous choisissez l&rsquo;option \u00ab\u00a0PDF\u00a0\u00bb.<\/p>\t\t\t\t\t\t\t\t<\/div>\n\t\t\t\t<\/div>\n\t\t\t\t<div class=\"elementor-element elementor-element-6e5148a elementor-widget elementor-widget-image\" data-id=\"6e5148a\" data-element_type=\"widget\" data-e-type=\"widget\" data-widget_type=\"image.default\">\n\t\t\t\t<div class=\"elementor-widget-container\">\n\t\t\t\t\t\t\t\t\t\t\t\t\t\t\t<img decoding=\"async\" width=\"640\" height=\"365\" src=\"https:\/\/preprod.dressyourbody.fr\/wp-content\/uploads\/2021\/10\/nombre-pages-pdf.jpg\" class=\"attachment-large size-large wp-image-28916\" alt=\"Nombre de pages du fichier pdf\" srcset=\"https:\/\/preprod.dressyourbody.fr\/wp-content\/uploads\/2021\/10\/nombre-pages-pdf.jpg 700w, https:\/\/preprod.dressyourbody.fr\/wp-content\/uploads\/2021\/10\/nombre-pages-pdf-500x285.jpg 500w, https:\/\/preprod.dressyourbody.fr\/wp-content\/uploads\/2021\/10\/nombre-pages-pdf-300x171.jpg 300w, https:\/\/preprod.dressyourbody.fr\/wp-content\/uploads\/2021\/10\/nombre-pages-pdf-18x10.jpg 18w\" sizes=\"(max-width: 640px) 100vw, 640px\" \/>\t\t\t\t\t\t\t\t\t\t\t\t\t\t\t<\/div>\n\t\t\t\t<\/div>\n\t\t\t\t<div class=\"elementor-element elementor-element-36978ae elementor-widget elementor-widget-spacer\" data-id=\"36978ae\" data-element_type=\"widget\" data-e-type=\"widget\" data-widget_type=\"spacer.default\">\n\t\t\t\t<div class=\"elementor-widget-container\">\n\t\t\t\t\t\t\t<div class=\"elementor-spacer\">\n\t\t\t<div class=\"elementor-spacer-inner\"><\/div>\n\t\t<\/div>\n\t\t\t\t\t\t<\/div>\n\t\t\t\t<\/div>\n\t\t\t\t<div class=\"elementor-element elementor-element-f2e5062 elementor-widget elementor-widget-heading\" data-id=\"f2e5062\" data-element_type=\"widget\" data-e-type=\"widget\" data-widget_type=\"heading.default\">\n\t\t\t\t<div class=\"elementor-widget-container\">\n\t\t\t\t\t<h2 class=\"elementor-heading-title elementor-size-default\">La livraison<\/h2>\t\t\t\t<\/div>\n\t\t\t\t<\/div>\n\t\t\t\t<div class=\"elementor-element elementor-element-2bf9b8b elementor-widget elementor-widget-heading\" data-id=\"2bf9b8b\" data-element_type=\"widget\" data-e-type=\"widget\" data-widget_type=\"heading.default\">\n\t\t\t\t<div class=\"elementor-widget-container\">\n\t\t\t\t\t<h3 class=\"elementor-heading-title elementor-size-default\">En combien de temps vais-je recevoir mon patron pochette?<\/h3>\t\t\t\t<\/div>\n\t\t\t\t<\/div>\n\t\t\t\t<div class=\"elementor-element elementor-element-a48ecc0 elementor-widget elementor-widget-text-editor\" data-id=\"a48ecc0\" data-element_type=\"widget\" data-e-type=\"widget\" data-widget_type=\"text-editor.default\">\n\t\t\t\t<div class=\"elementor-widget-container\">\n\t\t\t\t\t\t\t\t\t<p>Nous mettons tout en oeuvre pour pr\u00e9parer vos commandes dans un d\u00e9lai de 2j ouvr\u00e9s.<\/p><p>Les commandes sont ensuite envoy\u00e9es par La Poste en lettre verte. Le d\u00e9lai de livraison est donc celui de La Poste qui est estim\u00e9 \u00e0 2j ouvr\u00e9s \u00e9galement.<\/p>\t\t\t\t\t\t\t\t<\/div>\n\t\t\t\t<\/div>\n\t\t\t\t<div class=\"elementor-element elementor-element-4d4d83a elementor-widget elementor-widget-heading\" data-id=\"4d4d83a\" data-element_type=\"widget\" data-e-type=\"widget\" data-widget_type=\"heading.default\">\n\t\t\t\t<div class=\"elementor-widget-container\">\n\t\t\t\t\t<h3 class=\"elementor-heading-title elementor-size-default\">En combien de temps vais-je recevoir mon patron PDF?<\/h3>\t\t\t\t<\/div>\n\t\t\t\t<\/div>\n\t\t\t\t<div class=\"elementor-element elementor-element-b40cd91 elementor-widget elementor-widget-text-editor\" data-id=\"b40cd91\" data-element_type=\"widget\" data-e-type=\"widget\" data-widget_type=\"text-editor.default\">\n\t\t\t\t<div class=\"elementor-widget-container\">\n\t\t\t\t\t\t\t\t\t<p>D\u00e8s que votre paiement est valid\u00e9, le patron pdf est imm\u00e9diatement mis \u00e0 votre disposition.<\/p><p>Vous recevez \u00e0 l&rsquo;adresse mail enregistr\u00e9e sur votre compte, un mail r\u00e9capitulatif de votre commande avec les liens de t\u00e9l\u00e9chargement.<\/p><p>Vous pouvez \u00e9galement vous connecter sur votre espace personnel o\u00f9 vous retrouvez la liste de toutes vos commandes et de tous les patrons PDF disponibles en t\u00e9l\u00e9chargement.<\/p>\t\t\t\t\t\t\t\t<\/div>\n\t\t\t\t<\/div>\n\t\t\t\t<div class=\"elementor-element elementor-element-312e4ef elementor-widget elementor-widget-image\" data-id=\"312e4ef\" data-element_type=\"widget\" data-e-type=\"widget\" data-widget_type=\"image.default\">\n\t\t\t\t<div class=\"elementor-widget-container\">\n\t\t\t\t\t\t\t\t\t\t\t\t\t\t\t<img decoding=\"async\" width=\"419\" height=\"359\" src=\"https:\/\/preprod.dressyourbody.fr\/wp-content\/uploads\/2021\/10\/telechargement.jpg\" class=\"attachment-large size-large wp-image-28918\" alt=\"T\u00e9l\u00e9chargement des fichiers PDF\" srcset=\"https:\/\/preprod.dressyourbody.fr\/wp-content\/uploads\/2021\/10\/telechargement.jpg 419w, https:\/\/preprod.dressyourbody.fr\/wp-content\/uploads\/2021\/10\/telechargement-300x257.jpg 300w, https:\/\/preprod.dressyourbody.fr\/wp-content\/uploads\/2021\/10\/telechargement-14x12.jpg 14w\" sizes=\"(max-width: 419px) 100vw, 419px\" \/>\t\t\t\t\t\t\t\t\t\t\t\t\t\t\t<\/div>\n\t\t\t\t<\/div>\n\t\t\t\t\t<\/div>\n\t\t<\/div>\n\t\t\t\t\t<\/div>\n\t\t<\/section>\n\t\t\t\t<\/div>","protected":false},"excerpt":{"rendered":"<p>Marges de couture comprises ou non, patrons pochette versus PDF, la livraison \u2026 la foire aux questions recense les diff\u00e9rentes questions que vous pouvez vous poser et qui reviennent le plus souvent. Vous ne trouvez pas la r\u00e9ponse que vous cherchez? N\u2019h\u00e9sitez pas \u00e0 nous contacter, nous vous r\u00e9pondrons dans les plus brefs d\u00e9lais. Contact <\/p>\n<div><a class=\"zoli-read-more-link\" href=\"https:\/\/preprod.dressyourbody.fr\/en\/faq\/\">Read More<span class=\"lexus-icon-Icon_Next\"><\/span><\/a><\/div>","protected":false},"author":1,"featured_media":0,"parent":0,"menu_order":0,"comment_status":"closed","ping_status":"closed","template":"","meta":{"_acf_changed":false,"footnotes":""},"class_list":["post-15848","page","type-page","status-publish","hentry"],"acf":[],"yoast_head":"<!-- This site is optimized with the Yoast SEO plugin v27.3 - https:\/\/yoast.com\/product\/yoast-seo-wordpress\/ -->\n<title>Foire aux questions - DressYourBody<\/title>\n<meta name=\"description\" content=\"D\u00e9couvrez les diff\u00e9rents sujets trait\u00e9s dans la foire aux questions : des modes de paiement jusqu\u2019aux patrons eux-m\u00eames, vous y trouverez toutes les r\u00e9ponses \u00e0 vos questions.\" \/>\n<meta name=\"robots\" content=\"index, follow, max-snippet:-1, max-image-preview:large, max-video-preview:-1\" \/>\n<link rel=\"canonical\" href=\"https:\/\/preprod.dressyourbody.fr\/en\/faq\/\" \/>\n<meta property=\"og:locale\" content=\"en_US\" \/>\n<meta property=\"og:type\" content=\"article\" \/>\n<meta property=\"og:title\" content=\"Foire aux questions - DressYourBody\" \/>\n<meta property=\"og:description\" content=\"D\u00e9couvrez les diff\u00e9rents sujets trait\u00e9s dans la foire aux questions : des modes de paiement jusqu\u2019aux patrons eux-m\u00eames, vous y trouverez toutes les r\u00e9ponses \u00e0 vos questions.\" \/>\n<meta property=\"og:url\" content=\"https:\/\/preprod.dressyourbody.fr\/en\/faq\/\" \/>\n<meta property=\"og:site_name\" content=\"Dressyourbody\" \/>\n<meta property=\"article:publisher\" content=\"https:\/\/www.facebook.com\/dressyourbody.couture\/\" \/>\n<meta property=\"article:modified_time\" content=\"2023-01-18T08:03:47+00:00\" \/>\n<meta property=\"og:image\" content=\"https:\/\/preprod.dressyourbody.fr\/wp-content\/uploads\/2021\/10\/marges-de-couture.jpg\" \/>\n<meta name=\"twitter:card\" content=\"summary_large_image\" \/>\n<meta name=\"twitter:label1\" content=\"Est. reading time\" \/>\n\t<meta name=\"twitter:data1\" content=\"4 minutes\" \/>\n<script type=\"application\/ld+json\" class=\"yoast-schema-graph\">{\"@context\":\"https:\\\/\\\/schema.org\",\"@graph\":[{\"@type\":[\"WebPage\",\"FAQPage\"],\"@id\":\"https:\\\/\\\/preprod.dressyourbody.fr\\\/en\\\/faq\\\/\",\"url\":\"https:\\\/\\\/preprod.dressyourbody.fr\\\/en\\\/faq\\\/\",\"name\":\"Foire aux questions - DressYourBody\",\"isPartOf\":{\"@id\":\"https:\\\/\\\/preprod.dressyourbody.fr\\\/#website\"},\"primaryImageOfPage\":{\"@id\":\"https:\\\/\\\/preprod.dressyourbody.fr\\\/en\\\/faq\\\/#primaryimage\"},\"image\":{\"@id\":\"https:\\\/\\\/preprod.dressyourbody.fr\\\/en\\\/faq\\\/#primaryimage\"},\"thumbnailUrl\":\"https:\\\/\\\/preprod.dressyourbody.fr\\\/wp-content\\\/uploads\\\/2021\\\/10\\\/marges-de-couture.jpg\",\"datePublished\":\"2018-01-29T21:48:32+00:00\",\"dateModified\":\"2023-01-18T08:03:47+00:00\",\"description\":\"D\u00e9couvrez les diff\u00e9rents sujets trait\u00e9s dans la foire aux questions : des modes de paiement jusqu\u2019aux patrons eux-m\u00eames, vous y trouverez toutes les r\u00e9ponses \u00e0 vos questions.\",\"breadcrumb\":{\"@id\":\"https:\\\/\\\/preprod.dressyourbody.fr\\\/en\\\/faq\\\/#breadcrumb\"},\"inLanguage\":\"en-US\",\"potentialAction\":[{\"@type\":\"ReadAction\",\"target\":[\"https:\\\/\\\/preprod.dressyourbody.fr\\\/en\\\/faq\\\/\"]}]},{\"@type\":\"ImageObject\",\"inLanguage\":\"en-US\",\"@id\":\"https:\\\/\\\/preprod.dressyourbody.fr\\\/en\\\/faq\\\/#primaryimage\",\"url\":\"https:\\\/\\\/preprod.dressyourbody.fr\\\/wp-content\\\/uploads\\\/2021\\\/10\\\/marges-de-couture.jpg\",\"contentUrl\":\"https:\\\/\\\/preprod.dressyourbody.fr\\\/wp-content\\\/uploads\\\/2021\\\/10\\\/marges-de-couture.jpg\"},{\"@type\":\"BreadcrumbList\",\"@id\":\"https:\\\/\\\/preprod.dressyourbody.fr\\\/en\\\/faq\\\/#breadcrumb\",\"itemListElement\":[{\"@type\":\"ListItem\",\"position\":1,\"name\":\"Accueil\",\"item\":\"https:\\\/\\\/preprod.dressyourbody.fr\\\/en\\\/\"},{\"@type\":\"ListItem\",\"position\":2,\"name\":\"FAQ\"}]},{\"@type\":\"WebSite\",\"@id\":\"https:\\\/\\\/preprod.dressyourbody.fr\\\/#website\",\"url\":\"https:\\\/\\\/preprod.dressyourbody.fr\\\/\",\"name\":\"DressYourBody\",\"description\":\"Patrons de couture\",\"publisher\":{\"@id\":\"https:\\\/\\\/preprod.dressyourbody.fr\\\/#organization\"},\"potentialAction\":[{\"@type\":\"SearchAction\",\"target\":{\"@type\":\"EntryPoint\",\"urlTemplate\":\"https:\\\/\\\/preprod.dressyourbody.fr\\\/?s={search_term_string}\"},\"query-input\":{\"@type\":\"PropertyValueSpecification\",\"valueRequired\":true,\"valueName\":\"search_term_string\"}}],\"inLanguage\":\"en-US\"},{\"@type\":\"Organization\",\"@id\":\"https:\\\/\\\/preprod.dressyourbody.fr\\\/#organization\",\"name\":\"DressYourBody.fr\",\"url\":\"https:\\\/\\\/preprod.dressyourbody.fr\\\/\",\"logo\":{\"@type\":\"ImageObject\",\"inLanguage\":\"en-US\",\"@id\":\"https:\\\/\\\/preprod.dressyourbody.fr\\\/#\\\/schema\\\/logo\\\/image\\\/\",\"url\":\"https:\\\/\\\/preprod.dressyourbody.fr\\\/wp-content\\\/uploads\\\/2018\\\/07\\\/Logo-rond.png\",\"contentUrl\":\"https:\\\/\\\/preprod.dressyourbody.fr\\\/wp-content\\\/uploads\\\/2018\\\/07\\\/Logo-rond.png\",\"width\":451,\"height\":449,\"caption\":\"DressYourBody.fr\"},\"image\":{\"@id\":\"https:\\\/\\\/preprod.dressyourbody.fr\\\/#\\\/schema\\\/logo\\\/image\\\/\"},\"sameAs\":[\"https:\\\/\\\/www.facebook.com\\\/dressyourbody.couture\\\/\",\"https:\\\/\\\/www.instagram.com\\\/dressyourbody.couture\\\/\",\"https:\\\/\\\/www.linkedin.com\\\/company\\\/11295981\\\/\",\"https:\\\/\\\/www.pinterest.fr\\\/dressyourbody\\\/\",\"https:\\\/\\\/www.youtube.com\\\/channel\\\/UCD9FR054rT1zUXmwxImG5vA?view_as=subscriber\"]}]}<\/script>\n<!-- \/ Yoast SEO plugin. -->","yoast_head_json":{"title":"Foire aux questions - DressYourBody","description":"D\u00e9couvrez les diff\u00e9rents sujets trait\u00e9s dans la foire aux questions : des modes de paiement jusqu\u2019aux patrons eux-m\u00eames, vous y trouverez toutes les r\u00e9ponses \u00e0 vos questions.","robots":{"index":"index","follow":"follow","max-snippet":"max-snippet:-1","max-image-preview":"max-image-preview:large","max-video-preview":"max-video-preview:-1"},"canonical":"https:\/\/preprod.dressyourbody.fr\/en\/faq\/","og_locale":"en_US","og_type":"article","og_title":"Foire aux questions - DressYourBody","og_description":"D\u00e9couvrez les diff\u00e9rents sujets trait\u00e9s dans la foire aux questions : des modes de paiement jusqu\u2019aux patrons eux-m\u00eames, vous y trouverez toutes les r\u00e9ponses \u00e0 vos questions.","og_url":"https:\/\/preprod.dressyourbody.fr\/en\/faq\/","og_site_name":"Dressyourbody","article_publisher":"https:\/\/www.facebook.com\/dressyourbody.couture\/","article_modified_time":"2023-01-18T08:03:47+00:00","og_image":[{"url":"https:\/\/preprod.dressyourbody.fr\/wp-content\/uploads\/2021\/10\/marges-de-couture.jpg","type":"","width":"","height":""}],"twitter_card":"summary_large_image","twitter_misc":{"Est. reading time":"4 minutes"},"schema":{"@context":"https:\/\/schema.org","@graph":[{"@type":["WebPage","FAQPage"],"@id":"https:\/\/preprod.dressyourbody.fr\/en\/faq\/","url":"https:\/\/preprod.dressyourbody.fr\/en\/faq\/","name":"Foire aux questions - DressYourBody","isPartOf":{"@id":"https:\/\/preprod.dressyourbody.fr\/#website"},"primaryImageOfPage":{"@id":"https:\/\/preprod.dressyourbody.fr\/en\/faq\/#primaryimage"},"image":{"@id":"https:\/\/preprod.dressyourbody.fr\/en\/faq\/#primaryimage"},"thumbnailUrl":"https:\/\/preprod.dressyourbody.fr\/wp-content\/uploads\/2021\/10\/marges-de-couture.jpg","datePublished":"2018-01-29T21:48:32+00:00","dateModified":"2023-01-18T08:03:47+00:00","description":"D\u00e9couvrez les diff\u00e9rents sujets trait\u00e9s dans la foire aux questions : des modes de paiement jusqu\u2019aux patrons eux-m\u00eames, vous y trouverez toutes les r\u00e9ponses \u00e0 vos questions.","breadcrumb":{"@id":"https:\/\/preprod.dressyourbody.fr\/en\/faq\/#breadcrumb"},"inLanguage":"en-US","potentialAction":[{"@type":"ReadAction","target":["https:\/\/preprod.dressyourbody.fr\/en\/faq\/"]}]},{"@type":"ImageObject","inLanguage":"en-US","@id":"https:\/\/preprod.dressyourbody.fr\/en\/faq\/#primaryimage","url":"https:\/\/preprod.dressyourbody.fr\/wp-content\/uploads\/2021\/10\/marges-de-couture.jpg","contentUrl":"https:\/\/preprod.dressyourbody.fr\/wp-content\/uploads\/2021\/10\/marges-de-couture.jpg"},{"@type":"BreadcrumbList","@id":"https:\/\/preprod.dressyourbody.fr\/en\/faq\/#breadcrumb","itemListElement":[{"@type":"ListItem","position":1,"name":"Accueil","item":"https:\/\/preprod.dressyourbody.fr\/en\/"},{"@type":"ListItem","position":2,"name":"FAQ"}]},{"@type":"WebSite","@id":"https:\/\/preprod.dressyourbody.fr\/#website","url":"https:\/\/preprod.dressyourbody.fr\/","name":"DressYourBody","description":"Patrons de couture","publisher":{"@id":"https:\/\/preprod.dressyourbody.fr\/#organization"},"potentialAction":[{"@type":"SearchAction","target":{"@type":"EntryPoint","urlTemplate":"https:\/\/preprod.dressyourbody.fr\/?s={search_term_string}"},"query-input":{"@type":"PropertyValueSpecification","valueRequired":true,"valueName":"search_term_string"}}],"inLanguage":"en-US"},{"@type":"Organization","@id":"https:\/\/preprod.dressyourbody.fr\/#organization","name":"DressYourBody.fr","url":"https:\/\/preprod.dressyourbody.fr\/","logo":{"@type":"ImageObject","inLanguage":"en-US","@id":"https:\/\/preprod.dressyourbody.fr\/#\/schema\/logo\/image\/","url":"https:\/\/preprod.dressyourbody.fr\/wp-content\/uploads\/2018\/07\/Logo-rond.png","contentUrl":"https:\/\/preprod.dressyourbody.fr\/wp-content\/uploads\/2018\/07\/Logo-rond.png","width":451,"height":449,"caption":"DressYourBody.fr"},"image":{"@id":"https:\/\/preprod.dressyourbody.fr\/#\/schema\/logo\/image\/"},"sameAs":["https:\/\/www.facebook.com\/dressyourbody.couture\/","https:\/\/www.instagram.com\/dressyourbody.couture\/","https:\/\/www.linkedin.com\/company\/11295981\/","https:\/\/www.pinterest.fr\/dressyourbody\/","https:\/\/www.youtube.com\/channel\/UCD9FR054rT1zUXmwxImG5vA?view_as=subscriber"]}]}},"_links":{"self":[{"href":"https:\/\/preprod.dressyourbody.fr\/en\/wp-json\/wp\/v2\/pages\/15848","targetHints":{"allow":["GET"]}}],"collection":[{"href":"https:\/\/preprod.dressyourbody.fr\/en\/wp-json\/wp\/v2\/pages"}],"about":[{"href":"https:\/\/preprod.dressyourbody.fr\/en\/wp-json\/wp\/v2\/types\/page"}],"author":[{"embeddable":true,"href":"https:\/\/preprod.dressyourbody.fr\/en\/wp-json\/wp\/v2\/users\/1"}],"replies":[{"embeddable":true,"href":"https:\/\/preprod.dressyourbody.fr\/en\/wp-json\/wp\/v2\/comments?post=15848"}],"version-history":[{"count":12,"href":"https:\/\/preprod.dressyourbody.fr\/en\/wp-json\/wp\/v2\/pages\/15848\/revisions"}],"predecessor-version":[{"id":34442,"href":"https:\/\/preprod.dressyourbody.fr\/en\/wp-json\/wp\/v2\/pages\/15848\/revisions\/34442"}],"wp:attachment":[{"href":"https:\/\/preprod.dressyourbody.fr\/en\/wp-json\/wp\/v2\/media?parent=15848"}],"curies":[{"name":"wp","href":"https:\/\/api.w.org\/{rel}","templated":true}]}}