{"id":15313,"date":"2017-10-13T16:00:29","date_gmt":"2017-10-13T14:00:29","guid":{"rendered":"https:\/\/dressyourbody.fr\/fr\/?page_id=15313"},"modified":"2026-04-02T17:37:13","modified_gmt":"2026-04-02T15:37:13","slug":"conditions-generales-de-vente","status":"publish","type":"page","link":"https:\/\/preprod.dressyourbody.fr\/en\/conditions-generales-de-vente\/","title":{"rendered":"Conditions g\u00e9n\u00e9rales de vente"},"content":{"rendered":"<h2><\/h2>\n<hr \/>\n<h2><strong>Clause n\u00b0 1 : Objet<\/strong><\/h2>\n<p>Les conditions g\u00e9n\u00e9rales de vente d\u00e9crites ci-apr\u00e8s d\u00e9taillent les droits et obligations de la soci\u00e9t\u00e9 DressYourBody, dont le si\u00e8ge social est situ\u00e9 au 4 rue Papillon 75009 Paris, num\u00e9ro SIRET 824234124, et de son client dans le cadre de la vente des marchandises suivantes : vente de patrons de couture au format PDF ou au format papier.<\/p>\n<p>Toute prestation accomplie par la soci\u00e9t\u00e9 DressYourBody (le Vendeur) implique donc l&rsquo;adh\u00e9sion sans r\u00e9serve de l&rsquo;acheteur (le Client) aux pr\u00e9sentes conditions g\u00e9n\u00e9rales de vente.<\/p>\n<p>Le Client doit cocher la case \u00ab\u00a0J\u2019ai lu et j\u2019accepte les conditions g\u00e9n\u00e9rales\u00a0\u00bb lors de la validation de sa commande. En cochant cette case, le Client reconnait avoir pris connaissances des pr\u00e9sentes CGV et, de les accepter sans r\u00e9serve.<\/p>\n<h2><strong>Clause n\u00b0 2 : Prix et modalit\u00e9s de paiement<\/strong><\/h2>\n<h4><strong>PRIX\u00a0:<\/strong><\/h4>\n<p>Les prix des produits vendus sont ceux en vigueur au jour de la prise de commande. Ils sont indiqu\u00e9s en euros, toutes taxes comprises hors participation aux frais de port. Le prix total de la commande, frais de port inclus, est indiqu\u00e9 dans le panier.\u00a0La soci\u00e9t\u00e9 DressYourBody s&rsquo;accorde le droit de modifier ses tarifs \u00e0 tout moment. Toutefois, elle s&rsquo;engage \u00e0 facturer les marchandises command\u00e9es aux prix indiqu\u00e9s lors de l&rsquo;enregistrement de la commande.<\/p>\n<h4><strong>MODALITE DE PAIEMENT\u00a0:<\/strong><\/h4>\n<p>Les produits sont payables comptant le jour de la commande effective. Le r\u00e8glement des commandes s&rsquo;effectue :<\/p>\n<ul>\n<li>soit par carte bancaire ;<\/li>\n<\/ul>\n<ul>\n<li>soit par Paypal.<\/li>\n<\/ul>\n<p>Dans les deux cas, le paiement s\u2019effectue par l\u2019interm\u00e9diaire de la plateforme Paypal. Lors du r\u00e8glement de la commande, le Client acc\u00e8de \u00e0 un espace d\u00e9di\u00e9 mis \u00e0 disposition par la plateforme de paiement qui permet d\u2019enregistrer et d\u2019assurer la s\u00e9curit\u00e9 de la transaction. Les informations de paiement et donn\u00e9es bancaires du client ne sont donc pas transmises \u00e0 la Soci\u00e9t\u00e9 DressYourBody. Le paiement s\u2019effectue alors soit au travers du compte PayPal du Client, soit par un paiement Carte Bleue qui ne n\u00e9cessite pas la cr\u00e9ation d\u2019un compte PayPal.<\/p>\n<p>En tant qu\u2019interm\u00e9diaire entre le Client et DressYourBody, la plateforme Paypal, apr\u00e8s validation du paiement, transmet \u00e0 DressYourBody une confirmation de paiement qui d\u00e9clenche le processus de livraison de la commande.<\/p>\n<h2><strong>Clause n\u00b03 : R\u00c9CEPTION DES PRODUITS COMMAND\u00c9S<\/strong><\/h2>\n<p>Le processus de livraison de la commande diff\u00e8re selon que le produit command\u00e9 est un produit virtuel (un patron PDF) ou un produit physique (un patron pochette).<\/p>\n<p><strong>Dans le cas d\u2019une commande de patron PDF<\/strong>, la validation de la commande et la confirmation de son paiement par PayPal, permet au Client d\u2019acc\u00e9der aux fichiers du patron correspondants au produit command\u00e9. Il re\u00e7oit alors un mail, envoy\u00e9 \u00e0 l\u2019adresse mail enregistr\u00e9e dans son compte client, contenant lesdits fichiers. Le Client peut \u00e9galement acc\u00e9der aux liens de t\u00e9l\u00e9chargement de ces m\u00eames fichiers sur le site dans son espace client.<\/p>\n<p>L\u2019envoi du mail et la mise \u00e0 disposition des fichiers dans l\u2019espace client, se fait automatiquement \u00e0 r\u00e9ception de la confirmation de paiement de la commande par la plateforme PayPal et par cons\u00e9quent de fa\u00e7on quasi instantan\u00e9e apr\u00e8s validation de la commande.<\/p>\n<p>Cependant, le Vendeur ne peut en aucun cas \u00eatre tenu responsable pour les retards de mise \u00e0 disposition occasionn\u00e9s en raison de fautes qui ne lui sont imputables et s\u2019engage \u00e0 mettre en \u0153uvre les moyens n\u00e9cessaires pour honorer la commande dans les meilleurs d\u00e9lais.<\/p>\n<p><strong>Dans le cas d\u2019une commande de patron pochette<\/strong>, la validation de la Commande et la confirmation de son paiement par PayPal, d\u00e9clenche le processus de pr\u00e9paration de la commande physique. La commande est trait\u00e9e dans les meilleurs d\u00e9lais. Elle est g\u00e9n\u00e9ralement pr\u00eate \u00e0 \u00eatre exp\u00e9di\u00e9e en 24 \u00e0 48h maximum (jours ouvr\u00e9s) apr\u00e8s le d\u00e9but de son traitement. Ce d\u00e9lai de pr\u00e9paration n\u2019est donc donn\u00e9 qu\u2019\u00e0 titre indicatif et n\u2019est aucunement garanti.<\/p>\n<p>En cons\u00e9quence, tout retard raisonnable dans la pr\u00e9paration des produits ne pourra pas donner lieu au profit de l&rsquo;acheteur \u00e0 :<\/p>\n<ul>\n<li>L\u2019allocation de dommages et int\u00e9r\u00eats ;<\/li>\n<li>L\u2019annulation de la commande.<\/li>\n<\/ul>\n<p>Le Client est tenu inform\u00e9 par mail lorsque sa commande a \u00e9t\u00e9 pr\u00e9par\u00e9e et qu\u2019elle est pr\u00eate \u00e0 \u00eatre exp\u00e9di\u00e9e.<\/p>\n<h2><strong>Clause n\u00b04 : TRANSPORT\u00a0:<\/strong><\/h2>\n<p>Les commandes sont exp\u00e9di\u00e9es en envoi postal standard. Les temps d\u2019acheminent d\u00e9pendent donc de la poste.<\/p>\n<h2><strong>Clause n\u00b05 : DROIT ET DELAI DE RETRACTATION\u00a0:<\/strong><\/h2>\n<p><strong>\u00a0<\/strong><strong>Patrons PDF\u00a0:<\/strong><\/p>\n<p>Selon le Code de la consommation, article L221-28 \u00ab\u00a0Le droit de r\u00e9tractation ne peut \u00eatre exerc\u00e9 pour les contrats [\u2026] de fourniture d&rsquo;un contenu num\u00e9rique non fourni sur un support mat\u00e9riel dont l&rsquo;ex\u00e9cution a commenc\u00e9 apr\u00e8s accord pr\u00e9alable expr\u00e8s du consommateur et renoncement expr\u00e8s \u00e0 son droit de r\u00e9tractation\u00a0\u00bb. De fait la vente de patrons de couture num\u00e9riques n\u2019est pas concern\u00e9e par le droit de r\u00e9tractation. Lors de la commande, en acceptant les CGV, le Client reconna\u00eet renoncer \u00e0 ce droit.<\/p>\n<p><strong>Patrons pochette\u00a0:<\/strong><\/p>\n<p>Selon le Code de la consommation, article L. 121-20 \u00ab le consommateur dispose d\u2019un d\u00e9lai de quatorze jours francs pour exercer son droit de r\u00e9tractation sans avoir \u00e0 justifier de motifs ni payer de p\u00e9nalit\u00e9s, \u00e0 l\u2019exception, le cas \u00e9ch\u00e9ant, des frais de retour \u00bb. \u00ab Le d\u00e9lai mentionn\u00e9 \u00e0 l\u2019alin\u00e9a pr\u00e9c\u00e9dent court \u00e0 compter de la r\u00e9ception des biens \u00bb.<\/p>\n<p>Dans ce cas, le droit de r\u00e9tractation peut \u00eatre exerc\u00e9 en contactant par mail la Soci\u00e9t\u00e9 DressYourBody (hello@dressyourbody.fr). Seules les demandes de retour effectu\u00e9es dans le d\u00e9lai l\u00e9gal de 14 jours pourront \u00eatre valid\u00e9es et ce dans la mesure o\u00f9 les produits seront retourn\u00e9s dans leur \u00e9tat d\u2019origine et complet, c\u2019est-\u00e0-dire \u00e0 l\u2019\u00e9tat neuf et accompagn\u00e9s de la facture d\u2019achat. Les produits salis, endommag\u00e9s ou incomplets ne seront pas repris. Seul le prix du ou des produits achet\u00e9s seront rembours\u00e9s si bien que les frais d\u2019envoi et de retour restent \u00e0 la charge du Client. Le remboursement sera effectu\u00e9 dans un d\u00e9lai de 14 jour \u00e0 r\u00e9ception du produit ou des produits retourn\u00e9s par le Client dans les conditions cit\u00e9es dans la pr\u00e9sente clause.<\/p>\n<h2><strong>Clause n\u00b06 : CONDITIONS D\u2019UTILISATION DES PRODUITS<\/strong><\/h2>\n<p>Tous les produits DressYourBody font l\u2019objet d\u2019un copyright et le Client s\u2019engage \u00e0 en faire un usage strictement personnel et priv\u00e9. Cela signifie que les patrons, dans leur version papier comme PDF, ne peuvent \u00eatre transf\u00e9r\u00e9s \u00e0 une tierce personne ni \u00e0 titre gratuit ni \u00e0 titre commercial.<\/p>\n<h2><strong>Clause n\u00b07 : LITIGE<\/strong><\/h2>\n<p>Pour toute r\u00e9clamation, veuillez contacter la soci\u00e9t\u00e9 DressYourBody \u00e0 l\u2019adresse mail hello@dressyourbody.fr indiqu\u00e9e en Clause n\u00b01 des pr\u00e9sentes CGV.<\/p>\n<h2><strong>Clause n\u00b08 : DROIT APPLICABLE<\/strong><\/h2>\n<p>Les pr\u00e9sentes Conditions G\u00e9n\u00e9rales de Vente, ainsi que toutes les op\u00e9rations d\u2019achat et de vente qui y en d\u00e9coulent, sont soumises au droit Fran\u00e7ais.<\/p>\n<h2><strong>Clause n\u00b09 : CAS DE FORCE MAJEURE<\/strong><\/h2>\n<p>La responsabilit\u00e9 de la soci\u00e9t\u00e9 DressYourBody ne pourra pas \u00eatre mise en \u0153uvre si la non-ex\u00e9cution ou le retard dans l&rsquo;ex\u00e9cution de l&rsquo;une de ses obligations d\u00e9crites dans les pr\u00e9sentes conditions g\u00e9n\u00e9rales de vente d\u00e9coule d&rsquo;un cas de force majeure. \u00c0 ce titre, la force majeure s&rsquo;entend de tout \u00e9v\u00e9nement ext\u00e9rieur, impr\u00e9visible et irr\u00e9sistible au sens de l&rsquo;article 1148 du Code civil.<\/p>\n","protected":false},"excerpt":{"rendered":"<p>Clause n\u00b0 1 : Objet Les conditions g\u00e9n\u00e9rales de vente d\u00e9crites ci-apr\u00e8s d\u00e9taillent les droits et obligations de la soci\u00e9t\u00e9 DressYourBody, dont le si\u00e8ge social est situ\u00e9 au 4 rue Papillon 75009 Paris, num\u00e9ro SIRET 824234124, et de son client dans le cadre de la vente des marchandises suivantes : vente de patrons de couture <\/p>\n<div><a class=\"zoli-read-more-link\" href=\"https:\/\/preprod.dressyourbody.fr\/en\/conditions-generales-de-vente\/\">Read More<span class=\"lexus-icon-Icon_Next\"><\/span><\/a><\/div>","protected":false},"author":3,"featured_media":0,"parent":0,"menu_order":0,"comment_status":"closed","ping_status":"closed","template":"","meta":{"_acf_changed":false,"footnotes":""},"class_list":["post-15313","page","type-page","status-publish","hentry"],"acf":[],"yoast_head":"<!-- This site is optimized with the Yoast SEO plugin v27.3 - https:\/\/yoast.com\/product\/yoast-seo-wordpress\/ -->\n<title>Conditions g\u00e9n\u00e9rales de vente - Dressyourbody<\/title>\n<meta name=\"robots\" content=\"noindex, nofollow\" \/>\n<meta property=\"og:locale\" content=\"en_US\" \/>\n<meta property=\"og:type\" content=\"article\" \/>\n<meta property=\"og:title\" content=\"Conditions g\u00e9n\u00e9rales de vente - Dressyourbody\" \/>\n<meta property=\"og:description\" content=\"Clause n\u00b0 1 : Objet Les conditions g\u00e9n\u00e9rales de vente d\u00e9crites ci-apr\u00e8s d\u00e9taillent les droits et obligations de la soci\u00e9t\u00e9 DressYourBody, dont le si\u00e8ge social est situ\u00e9 au 4 rue Papillon 75009 Paris, num\u00e9ro SIRET 824234124, et de son client dans le cadre de la vente des marchandises suivantes : vente de patrons de couture Read More\" \/>\n<meta property=\"og:url\" content=\"https:\/\/preprod.dressyourbody.fr\/en\/conditions-generales-de-vente\/\" \/>\n<meta property=\"og:site_name\" content=\"Dressyourbody\" \/>\n<meta property=\"article:publisher\" content=\"https:\/\/www.facebook.com\/dressyourbody.couture\/\" \/>\n<meta property=\"article:modified_time\" content=\"2026-04-02T15:37:13+00:00\" \/>\n<meta name=\"twitter:card\" content=\"summary_large_image\" \/>\n<meta name=\"twitter:label1\" content=\"Est. reading time\" \/>\n\t<meta name=\"twitter:data1\" content=\"5 minutes\" \/>\n<script type=\"application\/ld+json\" class=\"yoast-schema-graph\">{\"@context\":\"https:\\\/\\\/schema.org\",\"@graph\":[{\"@type\":\"WebPage\",\"@id\":\"https:\\\/\\\/preprod.dressyourbody.fr\\\/en\\\/conditions-generales-de-vente\\\/\",\"url\":\"https:\\\/\\\/preprod.dressyourbody.fr\\\/en\\\/conditions-generales-de-vente\\\/\",\"name\":\"Conditions g\u00e9n\u00e9rales de vente - Dressyourbody\",\"isPartOf\":{\"@id\":\"https:\\\/\\\/preprod.dressyourbody.fr\\\/#website\"},\"datePublished\":\"2017-10-13T14:00:29+00:00\",\"dateModified\":\"2026-04-02T15:37:13+00:00\",\"breadcrumb\":{\"@id\":\"https:\\\/\\\/preprod.dressyourbody.fr\\\/en\\\/conditions-generales-de-vente\\\/#breadcrumb\"},\"inLanguage\":\"en-US\",\"potentialAction\":[{\"@type\":\"ReadAction\",\"target\":[\"https:\\\/\\\/preprod.dressyourbody.fr\\\/en\\\/conditions-generales-de-vente\\\/\"]}]},{\"@type\":\"BreadcrumbList\",\"@id\":\"https:\\\/\\\/preprod.dressyourbody.fr\\\/en\\\/conditions-generales-de-vente\\\/#breadcrumb\",\"itemListElement\":[{\"@type\":\"ListItem\",\"position\":1,\"name\":\"Accueil\",\"item\":\"https:\\\/\\\/preprod.dressyourbody.fr\\\/en\\\/\"},{\"@type\":\"ListItem\",\"position\":2,\"name\":\"Conditions g\u00e9n\u00e9rales de vente\"}]},{\"@type\":\"WebSite\",\"@id\":\"https:\\\/\\\/preprod.dressyourbody.fr\\\/#website\",\"url\":\"https:\\\/\\\/preprod.dressyourbody.fr\\\/\",\"name\":\"DressYourBody\",\"description\":\"Patrons de couture\",\"publisher\":{\"@id\":\"https:\\\/\\\/preprod.dressyourbody.fr\\\/#organization\"},\"potentialAction\":[{\"@type\":\"SearchAction\",\"target\":{\"@type\":\"EntryPoint\",\"urlTemplate\":\"https:\\\/\\\/preprod.dressyourbody.fr\\\/?s={search_term_string}\"},\"query-input\":{\"@type\":\"PropertyValueSpecification\",\"valueRequired\":true,\"valueName\":\"search_term_string\"}}],\"inLanguage\":\"en-US\"},{\"@type\":\"Organization\",\"@id\":\"https:\\\/\\\/preprod.dressyourbody.fr\\\/#organization\",\"name\":\"DressYourBody.fr\",\"url\":\"https:\\\/\\\/preprod.dressyourbody.fr\\\/\",\"logo\":{\"@type\":\"ImageObject\",\"inLanguage\":\"en-US\",\"@id\":\"https:\\\/\\\/preprod.dressyourbody.fr\\\/#\\\/schema\\\/logo\\\/image\\\/\",\"url\":\"https:\\\/\\\/preprod.dressyourbody.fr\\\/wp-content\\\/uploads\\\/2018\\\/07\\\/Logo-rond.png\",\"contentUrl\":\"https:\\\/\\\/preprod.dressyourbody.fr\\\/wp-content\\\/uploads\\\/2018\\\/07\\\/Logo-rond.png\",\"width\":451,\"height\":449,\"caption\":\"DressYourBody.fr\"},\"image\":{\"@id\":\"https:\\\/\\\/preprod.dressyourbody.fr\\\/#\\\/schema\\\/logo\\\/image\\\/\"},\"sameAs\":[\"https:\\\/\\\/www.facebook.com\\\/dressyourbody.couture\\\/\",\"https:\\\/\\\/www.instagram.com\\\/dressyourbody.couture\\\/\",\"https:\\\/\\\/www.linkedin.com\\\/company\\\/11295981\\\/\",\"https:\\\/\\\/www.pinterest.fr\\\/dressyourbody\\\/\",\"https:\\\/\\\/www.youtube.com\\\/channel\\\/UCD9FR054rT1zUXmwxImG5vA?view_as=subscriber\"]}]}<\/script>\n<!-- \/ Yoast SEO plugin. -->","yoast_head_json":{"title":"Conditions g\u00e9n\u00e9rales de vente - Dressyourbody","robots":{"index":"noindex","follow":"nofollow"},"og_locale":"en_US","og_type":"article","og_title":"Conditions g\u00e9n\u00e9rales de vente - Dressyourbody","og_description":"Clause n\u00b0 1 : Objet Les conditions g\u00e9n\u00e9rales de vente d\u00e9crites ci-apr\u00e8s d\u00e9taillent les droits et obligations de la soci\u00e9t\u00e9 DressYourBody, dont le si\u00e8ge social est situ\u00e9 au 4 rue Papillon 75009 Paris, num\u00e9ro SIRET 824234124, et de son client dans le cadre de la vente des marchandises suivantes : vente de patrons de couture Read More","og_url":"https:\/\/preprod.dressyourbody.fr\/en\/conditions-generales-de-vente\/","og_site_name":"Dressyourbody","article_publisher":"https:\/\/www.facebook.com\/dressyourbody.couture\/","article_modified_time":"2026-04-02T15:37:13+00:00","twitter_card":"summary_large_image","twitter_misc":{"Est. reading time":"5 minutes"},"schema":{"@context":"https:\/\/schema.org","@graph":[{"@type":"WebPage","@id":"https:\/\/preprod.dressyourbody.fr\/en\/conditions-generales-de-vente\/","url":"https:\/\/preprod.dressyourbody.fr\/en\/conditions-generales-de-vente\/","name":"Conditions g\u00e9n\u00e9rales de vente - Dressyourbody","isPartOf":{"@id":"https:\/\/preprod.dressyourbody.fr\/#website"},"datePublished":"2017-10-13T14:00:29+00:00","dateModified":"2026-04-02T15:37:13+00:00","breadcrumb":{"@id":"https:\/\/preprod.dressyourbody.fr\/en\/conditions-generales-de-vente\/#breadcrumb"},"inLanguage":"en-US","potentialAction":[{"@type":"ReadAction","target":["https:\/\/preprod.dressyourbody.fr\/en\/conditions-generales-de-vente\/"]}]},{"@type":"BreadcrumbList","@id":"https:\/\/preprod.dressyourbody.fr\/en\/conditions-generales-de-vente\/#breadcrumb","itemListElement":[{"@type":"ListItem","position":1,"name":"Accueil","item":"https:\/\/preprod.dressyourbody.fr\/en\/"},{"@type":"ListItem","position":2,"name":"Conditions g\u00e9n\u00e9rales de vente"}]},{"@type":"WebSite","@id":"https:\/\/preprod.dressyourbody.fr\/#website","url":"https:\/\/preprod.dressyourbody.fr\/","name":"DressYourBody","description":"Patrons de couture","publisher":{"@id":"https:\/\/preprod.dressyourbody.fr\/#organization"},"potentialAction":[{"@type":"SearchAction","target":{"@type":"EntryPoint","urlTemplate":"https:\/\/preprod.dressyourbody.fr\/?s={search_term_string}"},"query-input":{"@type":"PropertyValueSpecification","valueRequired":true,"valueName":"search_term_string"}}],"inLanguage":"en-US"},{"@type":"Organization","@id":"https:\/\/preprod.dressyourbody.fr\/#organization","name":"DressYourBody.fr","url":"https:\/\/preprod.dressyourbody.fr\/","logo":{"@type":"ImageObject","inLanguage":"en-US","@id":"https:\/\/preprod.dressyourbody.fr\/#\/schema\/logo\/image\/","url":"https:\/\/preprod.dressyourbody.fr\/wp-content\/uploads\/2018\/07\/Logo-rond.png","contentUrl":"https:\/\/preprod.dressyourbody.fr\/wp-content\/uploads\/2018\/07\/Logo-rond.png","width":451,"height":449,"caption":"DressYourBody.fr"},"image":{"@id":"https:\/\/preprod.dressyourbody.fr\/#\/schema\/logo\/image\/"},"sameAs":["https:\/\/www.facebook.com\/dressyourbody.couture\/","https:\/\/www.instagram.com\/dressyourbody.couture\/","https:\/\/www.linkedin.com\/company\/11295981\/","https:\/\/www.pinterest.fr\/dressyourbody\/","https:\/\/www.youtube.com\/channel\/UCD9FR054rT1zUXmwxImG5vA?view_as=subscriber"]}]}},"_links":{"self":[{"href":"https:\/\/preprod.dressyourbody.fr\/en\/wp-json\/wp\/v2\/pages\/15313","targetHints":{"allow":["GET"]}}],"collection":[{"href":"https:\/\/preprod.dressyourbody.fr\/en\/wp-json\/wp\/v2\/pages"}],"about":[{"href":"https:\/\/preprod.dressyourbody.fr\/en\/wp-json\/wp\/v2\/types\/page"}],"author":[{"embeddable":true,"href":"https:\/\/preprod.dressyourbody.fr\/en\/wp-json\/wp\/v2\/users\/3"}],"replies":[{"embeddable":true,"href":"https:\/\/preprod.dressyourbody.fr\/en\/wp-json\/wp\/v2\/comments?post=15313"}],"version-history":[{"count":2,"href":"https:\/\/preprod.dressyourbody.fr\/en\/wp-json\/wp\/v2\/pages\/15313\/revisions"}],"predecessor-version":[{"id":42472,"href":"https:\/\/preprod.dressyourbody.fr\/en\/wp-json\/wp\/v2\/pages\/15313\/revisions\/42472"}],"wp:attachment":[{"href":"https:\/\/preprod.dressyourbody.fr\/en\/wp-json\/wp\/v2\/media?parent=15313"}],"curies":[{"name":"wp","href":"https:\/\/api.w.org\/{rel}","templated":true}]}}