{"id":14620,"date":"2017-08-27T09:39:29","date_gmt":"2017-08-27T09:39:29","guid":{"rendered":"https:\/\/dressyourbody.fr\/fr\/?page_id=14620"},"modified":"2021-09-24T15:11:16","modified_gmt":"2021-09-24T13:11:16","slug":"les-fermetures","status":"publish","type":"page","link":"https:\/\/preprod.dressyourbody.fr\/en\/fiches-couture\/les-fermetures\/","title":{"rendered":"Les fermetures"},"content":{"rendered":"<div data-elementor-type=\"wp-page\" data-elementor-id=\"14620\" class=\"elementor elementor-14620\">\n\t\t\t\t\t\t<section class=\"elementor-section elementor-top-section elementor-element elementor-element-4cb1e7eb elementor-section-boxed elementor-section-height-default elementor-section-height-default\" data-id=\"4cb1e7eb\" data-element_type=\"section\" data-e-type=\"section\">\n\t\t\t\t\t\t<div class=\"elementor-container elementor-column-gap-default\">\n\t\t\t\t\t<div class=\"elementor-column elementor-col-100 elementor-top-column elementor-element elementor-element-1966bf4e\" data-id=\"1966bf4e\" data-element_type=\"column\" data-e-type=\"column\">\n\t\t\t<div class=\"elementor-widget-wrap elementor-element-populated\">\n\t\t\t\t\t\t<section class=\"elementor-section elementor-inner-section elementor-element elementor-element-26836b84 elementor-section-boxed elementor-section-height-default elementor-section-height-default\" data-id=\"26836b84\" data-element_type=\"section\" data-e-type=\"section\">\n\t\t\t\t\t\t<div class=\"elementor-container elementor-column-gap-default\">\n\t\t\t\t\t<div class=\"elementor-column elementor-col-50 elementor-inner-column elementor-element elementor-element-10d55536\" data-id=\"10d55536\" data-element_type=\"column\" data-e-type=\"column\">\n\t\t\t<div class=\"elementor-widget-wrap elementor-element-populated\">\n\t\t\t\t\t\t<div class=\"elementor-element elementor-element-6f663cc3 elementor-widget-divider--view-line_text elementor-widget-divider--element-align-center elementor-widget elementor-widget-divider\" data-id=\"6f663cc3\" data-element_type=\"widget\" data-e-type=\"widget\" data-widget_type=\"divider.default\">\n\t\t\t\t<div class=\"elementor-widget-container\">\n\t\t\t\t\t\t\t<div class=\"elementor-divider\">\n\t\t\t<span class=\"elementor-divider-separator\">\n\t\t\t\t\t\t\t<span class=\"elementor-divider__text elementor-divider__element\">\n\t\t\t\tLa patte polo classique\t\t\t\t<\/span>\n\t\t\t\t\t\t<\/span>\n\t\t<\/div>\n\t\t\t\t\t\t<\/div>\n\t\t\t\t<\/div>\n\t\t\t\t\t<\/div>\n\t\t<\/div>\n\t\t\t\t<div class=\"elementor-column elementor-col-50 elementor-inner-column elementor-element elementor-element-4839d787\" data-id=\"4839d787\" data-element_type=\"column\" data-e-type=\"column\">\n\t\t\t<div class=\"elementor-widget-wrap\">\n\t\t\t\t\t\t\t<\/div>\n\t\t<\/div>\n\t\t\t\t\t<\/div>\n\t\t<\/section>\n\t\t\t\t<section class=\"elementor-section elementor-inner-section elementor-element elementor-element-4ddb7543 elementor-section-boxed elementor-section-height-default elementor-section-height-default\" data-id=\"4ddb7543\" data-element_type=\"section\" data-e-type=\"section\">\n\t\t\t\t\t\t<div class=\"elementor-container elementor-column-gap-default\">\n\t\t\t\t\t<div class=\"elementor-column elementor-col-25 elementor-inner-column elementor-element elementor-element-587dc7db\" data-id=\"587dc7db\" data-element_type=\"column\" data-e-type=\"column\">\n\t\t\t<div class=\"elementor-widget-wrap elementor-element-populated\">\n\t\t\t\t\t\t<div class=\"elementor-element elementor-element-68933065 elementor-widget elementor-widget-image\" data-id=\"68933065\" data-element_type=\"widget\" data-e-type=\"widget\" data-widget_type=\"image.default\">\n\t\t\t\t<div class=\"elementor-widget-container\">\n\t\t\t\t\t\t\t\t\t\t\t\t\t\t\t<img decoding=\"async\" width=\"143\" height=\"135\" src=\"https:\/\/preprod.dressyourbody.fr\/wp-content\/uploads\/2017\/08\/Icones-tutos-patte-polo.png\" class=\"attachment-large size-large wp-image-14621\" alt=\"Icones tutos patte polo\" srcset=\"https:\/\/preprod.dressyourbody.fr\/wp-content\/uploads\/2017\/08\/Icones-tutos-patte-polo.png 143w, https:\/\/preprod.dressyourbody.fr\/wp-content\/uploads\/2017\/08\/Icones-tutos-patte-polo-13x12.png 13w\" sizes=\"(max-width: 143px) 100vw, 143px\" \/>\t\t\t\t\t\t\t\t\t\t\t\t\t\t\t<\/div>\n\t\t\t\t<\/div>\n\t\t\t\t<div class=\"elementor-element elementor-element-392736b7 elementor-button-info elementor-align-center elementor-widget elementor-widget-button\" data-id=\"392736b7\" data-element_type=\"widget\" data-e-type=\"widget\" data-widget_type=\"button.default\">\n\t\t\t\t<div class=\"elementor-widget-container\">\n\t\t\t\t\t\t\t\t\t<div class=\"elementor-button-wrapper\">\n\t\t\t\t\t<a class=\"elementor-button elementor-button-link elementor-size-sm\" href=\"https:\/\/preprod.dressyourbody.fr\/fr\/fiche-couture-patte-polo\">\n\t\t\t\t\t\t<span class=\"elementor-button-content-wrapper\">\n\t\t\t\t\t\t\t\t\t<span class=\"elementor-button-text\">Voir le tuto<\/span>\n\t\t\t\t\t<\/span>\n\t\t\t\t\t<\/a>\n\t\t\t\t<\/div>\n\t\t\t\t\t\t\t\t<\/div>\n\t\t\t\t<\/div>\n\t\t\t\t\t<\/div>\n\t\t<\/div>\n\t\t\t\t<div class=\"elementor-column elementor-col-25 elementor-inner-column elementor-element elementor-element-5b5cc4af\" data-id=\"5b5cc4af\" data-element_type=\"column\" data-e-type=\"column\">\n\t\t\t<div class=\"elementor-widget-wrap elementor-element-populated\">\n\t\t\t\t\t\t<div class=\"elementor-element elementor-element-229d284b elementor-widget elementor-widget-text-editor\" data-id=\"229d284b\" data-element_type=\"widget\" data-e-type=\"widget\" data-widget_type=\"text-editor.default\">\n\t\t\t\t<div class=\"elementor-widget-container\">\n\t\t\t\t\t\t\t\t\t<p><span style=\"color: #252525; font-family: Arial; letter-spacing: 0.13px; font-weight: var( --e-global-typography-text-font-weight ); font-size: 0.875rem;\">Il existe diff\u00e9rents types de patte polo: patte polo avec parmenture, patte polo avec une seule bande de tissu\u2026<\/span><\/p><p style=\"font-family: Poppins, sans-serif; letter-spacing: 0.13px;\"><span style=\"margin-bottom: 0px; color: #252525; font-family: Arial;\">La patte polo classique elle, est constitu\u00e9e de 2 bandes de tissus s\u00e9par\u00e9es, une pour chaque c\u00f4t\u00e9 de la patte. Elle n\u2019est pas si difficile \u00e0 r\u00e9aliser mais requiert n\u00e9anmoins de la minutie.<\/span><\/p>\t\t\t\t\t\t\t\t<\/div>\n\t\t\t\t<\/div>\n\t\t\t\t\t<\/div>\n\t\t<\/div>\n\t\t\t\t<div class=\"elementor-column elementor-col-25 elementor-inner-column elementor-element elementor-element-4c83092d\" data-id=\"4c83092d\" data-element_type=\"column\" data-e-type=\"column\">\n\t\t\t<div class=\"elementor-widget-wrap\">\n\t\t\t\t\t\t\t<\/div>\n\t\t<\/div>\n\t\t\t\t<div class=\"elementor-column elementor-col-25 elementor-inner-column elementor-element elementor-element-65d69eff\" data-id=\"65d69eff\" data-element_type=\"column\" data-e-type=\"column\">\n\t\t\t<div class=\"elementor-widget-wrap\">\n\t\t\t\t\t\t\t<\/div>\n\t\t<\/div>\n\t\t\t\t\t<\/div>\n\t\t<\/section>\n\t\t\t\t<div class=\"elementor-element elementor-element-48ca3d0 elementor-widget elementor-widget-spacer\" data-id=\"48ca3d0\" data-element_type=\"widget\" data-e-type=\"widget\" data-widget_type=\"spacer.default\">\n\t\t\t\t<div class=\"elementor-widget-container\">\n\t\t\t\t\t\t\t<div class=\"elementor-spacer\">\n\t\t\t<div class=\"elementor-spacer-inner\"><\/div>\n\t\t<\/div>\n\t\t\t\t\t\t<\/div>\n\t\t\t\t<\/div>\n\t\t\t\t\t<\/div>\n\t\t<\/div>\n\t\t\t\t\t<\/div>\n\t\t<\/section>\n\t\t\t\t<\/div>","protected":false},"excerpt":{"rendered":"<p>La patte polo classique Voir le tuto Il existe diff\u00e9rents types de patte polo: patte polo avec parmenture, patte polo avec une seule bande de tissu\u2026 La patte polo classique elle, est constitu\u00e9e de 2 bandes de tissus s\u00e9par\u00e9es, une pour chaque c\u00f4t\u00e9 de la patte. Elle n\u2019est pas si difficile \u00e0 r\u00e9aliser mais requiert <\/p>\n<div><a class=\"zoli-read-more-link\" href=\"https:\/\/preprod.dressyourbody.fr\/en\/fiches-couture\/les-fermetures\/\">Read More<span class=\"lexus-icon-Icon_Next\"><\/span><\/a><\/div>","protected":false},"author":1,"featured_media":14621,"parent":13577,"menu_order":0,"comment_status":"closed","ping_status":"closed","template":"","meta":{"_acf_changed":false,"footnotes":""},"class_list":["post-14620","page","type-page","status-publish","has-post-thumbnail","hentry"],"acf":[],"yoast_head":"<!-- This site is optimized with the Yoast SEO plugin v27.3 - https:\/\/yoast.com\/product\/yoast-seo-wordpress\/ -->\n<title>Couture fermeture - DressYourBody<\/title>\n<meta name=\"description\" content=\"Apprenez \u00e0 monter et coudre simplement une fermeture avec ce tutoriel d\u00e9taill\u00e9 qui vous guide pas \u00e0 pas. La couture de fermeture n&#039;aura plus de secrets pour vous.\" \/>\n<meta name=\"robots\" content=\"index, follow, max-snippet:-1, max-image-preview:large, max-video-preview:-1\" \/>\n<link rel=\"canonical\" href=\"https:\/\/preprod.dressyourbody.fr\/en\/fiches-couture\/les-fermetures\/\" \/>\n<meta property=\"og:locale\" content=\"en_US\" \/>\n<meta property=\"og:type\" content=\"article\" \/>\n<meta property=\"og:title\" content=\"Couture fermeture - DressYourBody\" \/>\n<meta property=\"og:description\" content=\"Apprenez \u00e0 monter et coudre simplement une fermeture avec ce tutoriel d\u00e9taill\u00e9 qui vous guide pas \u00e0 pas. La couture de fermeture n&#039;aura plus de secrets pour vous.\" \/>\n<meta property=\"og:url\" content=\"https:\/\/preprod.dressyourbody.fr\/en\/fiches-couture\/les-fermetures\/\" \/>\n<meta property=\"og:site_name\" content=\"Dressyourbody\" \/>\n<meta property=\"article:publisher\" content=\"https:\/\/www.facebook.com\/dressyourbody.couture\/\" \/>\n<meta property=\"article:modified_time\" content=\"2021-09-24T13:11:16+00:00\" \/>\n<meta property=\"og:image\" content=\"https:\/\/preprod.dressyourbody.fr\/wp-content\/uploads\/2017\/08\/Icones-tutos-patte-polo.png\" \/>\n\t<meta property=\"og:image:width\" content=\"143\" \/>\n\t<meta property=\"og:image:height\" content=\"135\" \/>\n\t<meta property=\"og:image:type\" content=\"image\/png\" \/>\n<meta name=\"twitter:card\" content=\"summary_large_image\" \/>\n<meta name=\"twitter:label1\" content=\"Est. reading time\" \/>\n\t<meta name=\"twitter:data1\" content=\"1 minute\" \/>\n<script type=\"application\/ld+json\" class=\"yoast-schema-graph\">{\"@context\":\"https:\\\/\\\/schema.org\",\"@graph\":[{\"@type\":\"WebPage\",\"@id\":\"https:\\\/\\\/preprod.dressyourbody.fr\\\/en\\\/fiches-couture\\\/les-fermetures\\\/\",\"url\":\"https:\\\/\\\/preprod.dressyourbody.fr\\\/en\\\/fiches-couture\\\/les-fermetures\\\/\",\"name\":\"Couture fermeture - DressYourBody\",\"isPartOf\":{\"@id\":\"https:\\\/\\\/preprod.dressyourbody.fr\\\/#website\"},\"primaryImageOfPage\":{\"@id\":\"https:\\\/\\\/preprod.dressyourbody.fr\\\/en\\\/fiches-couture\\\/les-fermetures\\\/#primaryimage\"},\"image\":{\"@id\":\"https:\\\/\\\/preprod.dressyourbody.fr\\\/en\\\/fiches-couture\\\/les-fermetures\\\/#primaryimage\"},\"thumbnailUrl\":\"https:\\\/\\\/preprod.dressyourbody.fr\\\/wp-content\\\/uploads\\\/2017\\\/08\\\/Icones-tutos-patte-polo.png\",\"datePublished\":\"2017-08-27T09:39:29+00:00\",\"dateModified\":\"2021-09-24T13:11:16+00:00\",\"description\":\"Apprenez \u00e0 monter et coudre simplement une fermeture avec ce tutoriel d\u00e9taill\u00e9 qui vous guide pas \u00e0 pas. La couture de fermeture n'aura plus de secrets pour vous.\",\"breadcrumb\":{\"@id\":\"https:\\\/\\\/preprod.dressyourbody.fr\\\/en\\\/fiches-couture\\\/les-fermetures\\\/#breadcrumb\"},\"inLanguage\":\"en-US\",\"potentialAction\":[{\"@type\":\"ReadAction\",\"target\":[\"https:\\\/\\\/preprod.dressyourbody.fr\\\/en\\\/fiches-couture\\\/les-fermetures\\\/\"]}]},{\"@type\":\"ImageObject\",\"inLanguage\":\"en-US\",\"@id\":\"https:\\\/\\\/preprod.dressyourbody.fr\\\/en\\\/fiches-couture\\\/les-fermetures\\\/#primaryimage\",\"url\":\"https:\\\/\\\/preprod.dressyourbody.fr\\\/wp-content\\\/uploads\\\/2017\\\/08\\\/Icones-tutos-patte-polo.png\",\"contentUrl\":\"https:\\\/\\\/preprod.dressyourbody.fr\\\/wp-content\\\/uploads\\\/2017\\\/08\\\/Icones-tutos-patte-polo.png\",\"width\":143,\"height\":135},{\"@type\":\"BreadcrumbList\",\"@id\":\"https:\\\/\\\/preprod.dressyourbody.fr\\\/en\\\/fiches-couture\\\/les-fermetures\\\/#breadcrumb\",\"itemListElement\":[{\"@type\":\"ListItem\",\"position\":1,\"name\":\"Accueil\",\"item\":\"https:\\\/\\\/preprod.dressyourbody.fr\\\/en\\\/\"},{\"@type\":\"ListItem\",\"position\":2,\"name\":\"Fiche couture\",\"item\":\"https:\\\/\\\/preprod.dressyourbody.fr\\\/en\\\/fiches-couture\\\/\"},{\"@type\":\"ListItem\",\"position\":3,\"name\":\"Les fermetures\"}]},{\"@type\":\"WebSite\",\"@id\":\"https:\\\/\\\/preprod.dressyourbody.fr\\\/#website\",\"url\":\"https:\\\/\\\/preprod.dressyourbody.fr\\\/\",\"name\":\"DressYourBody\",\"description\":\"Patrons de couture\",\"publisher\":{\"@id\":\"https:\\\/\\\/preprod.dressyourbody.fr\\\/#organization\"},\"potentialAction\":[{\"@type\":\"SearchAction\",\"target\":{\"@type\":\"EntryPoint\",\"urlTemplate\":\"https:\\\/\\\/preprod.dressyourbody.fr\\\/?s={search_term_string}\"},\"query-input\":{\"@type\":\"PropertyValueSpecification\",\"valueRequired\":true,\"valueName\":\"search_term_string\"}}],\"inLanguage\":\"en-US\"},{\"@type\":\"Organization\",\"@id\":\"https:\\\/\\\/preprod.dressyourbody.fr\\\/#organization\",\"name\":\"DressYourBody.fr\",\"url\":\"https:\\\/\\\/preprod.dressyourbody.fr\\\/\",\"logo\":{\"@type\":\"ImageObject\",\"inLanguage\":\"en-US\",\"@id\":\"https:\\\/\\\/preprod.dressyourbody.fr\\\/#\\\/schema\\\/logo\\\/image\\\/\",\"url\":\"https:\\\/\\\/preprod.dressyourbody.fr\\\/wp-content\\\/uploads\\\/2018\\\/07\\\/Logo-rond.png\",\"contentUrl\":\"https:\\\/\\\/preprod.dressyourbody.fr\\\/wp-content\\\/uploads\\\/2018\\\/07\\\/Logo-rond.png\",\"width\":451,\"height\":449,\"caption\":\"DressYourBody.fr\"},\"image\":{\"@id\":\"https:\\\/\\\/preprod.dressyourbody.fr\\\/#\\\/schema\\\/logo\\\/image\\\/\"},\"sameAs\":[\"https:\\\/\\\/www.facebook.com\\\/dressyourbody.couture\\\/\",\"https:\\\/\\\/www.instagram.com\\\/dressyourbody.couture\\\/\",\"https:\\\/\\\/www.linkedin.com\\\/company\\\/11295981\\\/\",\"https:\\\/\\\/www.pinterest.fr\\\/dressyourbody\\\/\",\"https:\\\/\\\/www.youtube.com\\\/channel\\\/UCD9FR054rT1zUXmwxImG5vA?view_as=subscriber\"]}]}<\/script>\n<!-- \/ Yoast SEO plugin. -->","yoast_head_json":{"title":"Couture fermeture - DressYourBody","description":"Apprenez \u00e0 monter et coudre simplement une fermeture avec ce tutoriel d\u00e9taill\u00e9 qui vous guide pas \u00e0 pas. La couture de fermeture n'aura plus de secrets pour vous.","robots":{"index":"index","follow":"follow","max-snippet":"max-snippet:-1","max-image-preview":"max-image-preview:large","max-video-preview":"max-video-preview:-1"},"canonical":"https:\/\/preprod.dressyourbody.fr\/en\/fiches-couture\/les-fermetures\/","og_locale":"en_US","og_type":"article","og_title":"Couture fermeture - DressYourBody","og_description":"Apprenez \u00e0 monter et coudre simplement une fermeture avec ce tutoriel d\u00e9taill\u00e9 qui vous guide pas \u00e0 pas. La couture de fermeture n'aura plus de secrets pour vous.","og_url":"https:\/\/preprod.dressyourbody.fr\/en\/fiches-couture\/les-fermetures\/","og_site_name":"Dressyourbody","article_publisher":"https:\/\/www.facebook.com\/dressyourbody.couture\/","article_modified_time":"2021-09-24T13:11:16+00:00","og_image":[{"width":143,"height":135,"url":"https:\/\/preprod.dressyourbody.fr\/wp-content\/uploads\/2017\/08\/Icones-tutos-patte-polo.png","type":"image\/png"}],"twitter_card":"summary_large_image","twitter_misc":{"Est. reading time":"1 minute"},"schema":{"@context":"https:\/\/schema.org","@graph":[{"@type":"WebPage","@id":"https:\/\/preprod.dressyourbody.fr\/en\/fiches-couture\/les-fermetures\/","url":"https:\/\/preprod.dressyourbody.fr\/en\/fiches-couture\/les-fermetures\/","name":"Couture fermeture - DressYourBody","isPartOf":{"@id":"https:\/\/preprod.dressyourbody.fr\/#website"},"primaryImageOfPage":{"@id":"https:\/\/preprod.dressyourbody.fr\/en\/fiches-couture\/les-fermetures\/#primaryimage"},"image":{"@id":"https:\/\/preprod.dressyourbody.fr\/en\/fiches-couture\/les-fermetures\/#primaryimage"},"thumbnailUrl":"https:\/\/preprod.dressyourbody.fr\/wp-content\/uploads\/2017\/08\/Icones-tutos-patte-polo.png","datePublished":"2017-08-27T09:39:29+00:00","dateModified":"2021-09-24T13:11:16+00:00","description":"Apprenez \u00e0 monter et coudre simplement une fermeture avec ce tutoriel d\u00e9taill\u00e9 qui vous guide pas \u00e0 pas. La couture de fermeture n'aura plus de secrets pour vous.","breadcrumb":{"@id":"https:\/\/preprod.dressyourbody.fr\/en\/fiches-couture\/les-fermetures\/#breadcrumb"},"inLanguage":"en-US","potentialAction":[{"@type":"ReadAction","target":["https:\/\/preprod.dressyourbody.fr\/en\/fiches-couture\/les-fermetures\/"]}]},{"@type":"ImageObject","inLanguage":"en-US","@id":"https:\/\/preprod.dressyourbody.fr\/en\/fiches-couture\/les-fermetures\/#primaryimage","url":"https:\/\/preprod.dressyourbody.fr\/wp-content\/uploads\/2017\/08\/Icones-tutos-patte-polo.png","contentUrl":"https:\/\/preprod.dressyourbody.fr\/wp-content\/uploads\/2017\/08\/Icones-tutos-patte-polo.png","width":143,"height":135},{"@type":"BreadcrumbList","@id":"https:\/\/preprod.dressyourbody.fr\/en\/fiches-couture\/les-fermetures\/#breadcrumb","itemListElement":[{"@type":"ListItem","position":1,"name":"Accueil","item":"https:\/\/preprod.dressyourbody.fr\/en\/"},{"@type":"ListItem","position":2,"name":"Fiche couture","item":"https:\/\/preprod.dressyourbody.fr\/en\/fiches-couture\/"},{"@type":"ListItem","position":3,"name":"Les fermetures"}]},{"@type":"WebSite","@id":"https:\/\/preprod.dressyourbody.fr\/#website","url":"https:\/\/preprod.dressyourbody.fr\/","name":"DressYourBody","description":"Patrons de couture","publisher":{"@id":"https:\/\/preprod.dressyourbody.fr\/#organization"},"potentialAction":[{"@type":"SearchAction","target":{"@type":"EntryPoint","urlTemplate":"https:\/\/preprod.dressyourbody.fr\/?s={search_term_string}"},"query-input":{"@type":"PropertyValueSpecification","valueRequired":true,"valueName":"search_term_string"}}],"inLanguage":"en-US"},{"@type":"Organization","@id":"https:\/\/preprod.dressyourbody.fr\/#organization","name":"DressYourBody.fr","url":"https:\/\/preprod.dressyourbody.fr\/","logo":{"@type":"ImageObject","inLanguage":"en-US","@id":"https:\/\/preprod.dressyourbody.fr\/#\/schema\/logo\/image\/","url":"https:\/\/preprod.dressyourbody.fr\/wp-content\/uploads\/2018\/07\/Logo-rond.png","contentUrl":"https:\/\/preprod.dressyourbody.fr\/wp-content\/uploads\/2018\/07\/Logo-rond.png","width":451,"height":449,"caption":"DressYourBody.fr"},"image":{"@id":"https:\/\/preprod.dressyourbody.fr\/#\/schema\/logo\/image\/"},"sameAs":["https:\/\/www.facebook.com\/dressyourbody.couture\/","https:\/\/www.instagram.com\/dressyourbody.couture\/","https:\/\/www.linkedin.com\/company\/11295981\/","https:\/\/www.pinterest.fr\/dressyourbody\/","https:\/\/www.youtube.com\/channel\/UCD9FR054rT1zUXmwxImG5vA?view_as=subscriber"]}]}},"_links":{"self":[{"href":"https:\/\/preprod.dressyourbody.fr\/en\/wp-json\/wp\/v2\/pages\/14620","targetHints":{"allow":["GET"]}}],"collection":[{"href":"https:\/\/preprod.dressyourbody.fr\/en\/wp-json\/wp\/v2\/pages"}],"about":[{"href":"https:\/\/preprod.dressyourbody.fr\/en\/wp-json\/wp\/v2\/types\/page"}],"author":[{"embeddable":true,"href":"https:\/\/preprod.dressyourbody.fr\/en\/wp-json\/wp\/v2\/users\/1"}],"replies":[{"embeddable":true,"href":"https:\/\/preprod.dressyourbody.fr\/en\/wp-json\/wp\/v2\/comments?post=14620"}],"version-history":[{"count":0,"href":"https:\/\/preprod.dressyourbody.fr\/en\/wp-json\/wp\/v2\/pages\/14620\/revisions"}],"up":[{"embeddable":true,"href":"https:\/\/preprod.dressyourbody.fr\/en\/wp-json\/wp\/v2\/pages\/13577"}],"wp:featuredmedia":[{"embeddable":true,"href":"https:\/\/preprod.dressyourbody.fr\/en\/wp-json\/wp\/v2\/media\/14621"}],"wp:attachment":[{"href":"https:\/\/preprod.dressyourbody.fr\/en\/wp-json\/wp\/v2\/media?parent=14620"}],"curies":[{"name":"wp","href":"https:\/\/api.w.org\/{rel}","templated":true}]}}