{"id":14030,"date":"2017-06-13T11:57:22","date_gmt":"2017-06-13T11:57:22","guid":{"rendered":"https:\/\/dressyourbody.fr\/fr\/?page_id=14030"},"modified":"2021-09-27T12:08:32","modified_gmt":"2021-09-27T10:08:32","slug":"les-poignets","status":"publish","type":"page","link":"https:\/\/preprod.dressyourbody.fr\/en\/fiches-couture\/les-poignets\/","title":{"rendered":"Les poignets"},"content":{"rendered":"<div data-elementor-type=\"wp-page\" data-elementor-id=\"14030\" class=\"elementor elementor-14030\">\n\t\t\t\t\t\t<section class=\"elementor-section elementor-top-section elementor-element elementor-element-67165763 elementor-section-boxed elementor-section-height-default elementor-section-height-default\" data-id=\"67165763\" data-element_type=\"section\" data-e-type=\"section\">\n\t\t\t\t\t\t<div class=\"elementor-container elementor-column-gap-default\">\n\t\t\t\t\t<div class=\"elementor-column elementor-col-100 elementor-top-column elementor-element elementor-element-ee523e6\" data-id=\"ee523e6\" data-element_type=\"column\" data-e-type=\"column\">\n\t\t\t<div class=\"elementor-widget-wrap elementor-element-populated\">\n\t\t\t\t\t\t<section class=\"elementor-section elementor-inner-section elementor-element elementor-element-14ac42c8 elementor-section-boxed elementor-section-height-default elementor-section-height-default\" data-id=\"14ac42c8\" data-element_type=\"section\" data-e-type=\"section\">\n\t\t\t\t\t\t<div class=\"elementor-container elementor-column-gap-default\">\n\t\t\t\t\t<div class=\"elementor-column elementor-col-50 elementor-inner-column elementor-element elementor-element-5fb4cc3d\" data-id=\"5fb4cc3d\" data-element_type=\"column\" data-e-type=\"column\">\n\t\t\t<div class=\"elementor-widget-wrap elementor-element-populated\">\n\t\t\t\t\t\t<div class=\"elementor-element elementor-element-669d0935 elementor-widget-divider--view-line_text elementor-widget-divider--element-align-center elementor-widget elementor-widget-divider\" data-id=\"669d0935\" data-element_type=\"widget\" data-e-type=\"widget\" data-widget_type=\"divider.default\">\n\t\t\t\t<div class=\"elementor-widget-container\">\n\t\t\t\t\t\t\t<div class=\"elementor-divider\">\n\t\t\t<span class=\"elementor-divider-separator\">\n\t\t\t\t\t\t\t<span class=\"elementor-divider__text elementor-divider__element\">\n\t\t\t\tLa fente ind\u00e9chirable\t\t\t\t<\/span>\n\t\t\t\t\t\t<\/span>\n\t\t<\/div>\n\t\t\t\t\t\t<\/div>\n\t\t\t\t<\/div>\n\t\t\t\t\t<\/div>\n\t\t<\/div>\n\t\t\t\t<div class=\"elementor-column elementor-col-50 elementor-inner-column elementor-element elementor-element-62f1f8db\" data-id=\"62f1f8db\" data-element_type=\"column\" data-e-type=\"column\">\n\t\t\t<div class=\"elementor-widget-wrap\">\n\t\t\t\t\t\t\t<\/div>\n\t\t<\/div>\n\t\t\t\t\t<\/div>\n\t\t<\/section>\n\t\t\t\t<section class=\"elementor-section elementor-inner-section elementor-element elementor-element-67dc41b3 elementor-section-boxed elementor-section-height-default elementor-section-height-default\" data-id=\"67dc41b3\" data-element_type=\"section\" data-e-type=\"section\">\n\t\t\t\t\t\t<div class=\"elementor-container elementor-column-gap-default\">\n\t\t\t\t\t<div class=\"elementor-column elementor-col-25 elementor-inner-column elementor-element elementor-element-235884fd\" data-id=\"235884fd\" data-element_type=\"column\" data-e-type=\"column\">\n\t\t\t<div class=\"elementor-widget-wrap elementor-element-populated\">\n\t\t\t\t\t\t<div class=\"elementor-element elementor-element-a810b9f elementor-widget elementor-widget-image\" data-id=\"a810b9f\" data-element_type=\"widget\" data-e-type=\"widget\" data-widget_type=\"image.default\">\n\t\t\t\t<div class=\"elementor-widget-container\">\n\t\t\t\t\t\t\t\t\t\t\t\t\t\t\t<img decoding=\"async\" width=\"143\" height=\"135\" src=\"https:\/\/preprod.dressyourbody.fr\/wp-content\/uploads\/2017\/02\/Fente-ind\u00e9chirable-1.png\" class=\"attachment-large size-large wp-image-13986\" alt=\"poignet avec fente ind\u00e9chirable\" srcset=\"https:\/\/preprod.dressyourbody.fr\/wp-content\/uploads\/2017\/02\/Fente-ind\u00e9chirable-1.png 143w, https:\/\/preprod.dressyourbody.fr\/wp-content\/uploads\/2017\/02\/Fente-ind\u00e9chirable-1-13x12.png 13w\" sizes=\"(max-width: 143px) 100vw, 143px\" \/>\t\t\t\t\t\t\t\t\t\t\t\t\t\t\t<\/div>\n\t\t\t\t<\/div>\n\t\t\t\t<div class=\"elementor-element elementor-element-47ca6846 elementor-button-info elementor-align-center elementor-widget elementor-widget-button\" data-id=\"47ca6846\" data-element_type=\"widget\" data-e-type=\"widget\" data-widget_type=\"button.default\">\n\t\t\t\t<div class=\"elementor-widget-container\">\n\t\t\t\t\t\t\t\t\t<div class=\"elementor-button-wrapper\">\n\t\t\t\t\t<a class=\"elementor-button elementor-button-link elementor-size-sm\" href=\"https:\/\/preprod.dressyourbody.fr\/fr\/fiche-couture-fente-indechirable\">\n\t\t\t\t\t\t<span class=\"elementor-button-content-wrapper\">\n\t\t\t\t\t\t\t\t\t<span class=\"elementor-button-text\">Voir le tuto<\/span>\n\t\t\t\t\t<\/span>\n\t\t\t\t\t<\/a>\n\t\t\t\t<\/div>\n\t\t\t\t\t\t\t\t<\/div>\n\t\t\t\t<\/div>\n\t\t\t\t\t<\/div>\n\t\t<\/div>\n\t\t\t\t<div class=\"elementor-column elementor-col-25 elementor-inner-column elementor-element elementor-element-d4c5263\" data-id=\"d4c5263\" data-element_type=\"column\" data-e-type=\"column\">\n\t\t\t<div class=\"elementor-widget-wrap elementor-element-populated\">\n\t\t\t\t\t\t<div class=\"elementor-element elementor-element-40e3180e elementor-widget elementor-widget-text-editor\" data-id=\"40e3180e\" data-element_type=\"widget\" data-e-type=\"widget\" data-widget_type=\"text-editor.default\">\n\t\t\t\t<div class=\"elementor-widget-container\">\n\t\t\t\t\t\t\t\t\t<p>Il existe diff\u00e9rentes fa\u00e7ons de border les fentes ou ouvertures de poignet. L\u2019une d\u2019elle est la fente ind\u00e9chirable qui consiste \u00e0 \u00ab\u00a0border\u00a0\u00bb la fente du poignet par une bande de biais.<\/p>\t\t\t\t\t\t\t\t<\/div>\n\t\t\t\t<\/div>\n\t\t\t\t\t<\/div>\n\t\t<\/div>\n\t\t\t\t<div class=\"elementor-column elementor-col-25 elementor-inner-column elementor-element elementor-element-22261974\" data-id=\"22261974\" data-element_type=\"column\" data-e-type=\"column\">\n\t\t\t<div class=\"elementor-widget-wrap\">\n\t\t\t\t\t\t\t<\/div>\n\t\t<\/div>\n\t\t\t\t<div class=\"elementor-column elementor-col-25 elementor-inner-column elementor-element elementor-element-33593ce0\" data-id=\"33593ce0\" data-element_type=\"column\" data-e-type=\"column\">\n\t\t\t<div class=\"elementor-widget-wrap\">\n\t\t\t\t\t\t\t<\/div>\n\t\t<\/div>\n\t\t\t\t\t<\/div>\n\t\t<\/section>\n\t\t\t\t<div class=\"elementor-element elementor-element-6e142d43 elementor-widget elementor-widget-spacer\" data-id=\"6e142d43\" data-element_type=\"widget\" data-e-type=\"widget\" data-widget_type=\"spacer.default\">\n\t\t\t\t<div class=\"elementor-widget-container\">\n\t\t\t\t\t\t\t<div class=\"elementor-spacer\">\n\t\t\t<div class=\"elementor-spacer-inner\"><\/div>\n\t\t<\/div>\n\t\t\t\t\t\t<\/div>\n\t\t\t\t<\/div>\n\t\t\t\t<div class=\"elementor-element elementor-element-3344638d elementor-widget elementor-widget-spacer\" data-id=\"3344638d\" data-element_type=\"widget\" data-e-type=\"widget\" data-widget_type=\"spacer.default\">\n\t\t\t\t<div class=\"elementor-widget-container\">\n\t\t\t\t\t\t\t<div class=\"elementor-spacer\">\n\t\t\t<div class=\"elementor-spacer-inner\"><\/div>\n\t\t<\/div>\n\t\t\t\t\t\t<\/div>\n\t\t\t\t<\/div>\n\t\t\t\t\t<\/div>\n\t\t<\/div>\n\t\t\t\t\t<\/div>\n\t\t<\/section>\n\t\t\t\t<\/div>","protected":false},"excerpt":{"rendered":"<p>La fente ind\u00e9chirable Voir le tuto Il existe diff\u00e9rentes fa\u00e7ons de border les fentes ou ouvertures de poignet. L\u2019une d\u2019elle est la fente ind\u00e9chirable qui consiste \u00e0 \u00ab&nbsp;border&nbsp;\u00bb la fente du poignet par une bande de biais. <\/p>\n<div><a class=\"zoli-read-more-link\" href=\"https:\/\/preprod.dressyourbody.fr\/en\/fiches-couture\/les-poignets\/\">Read More<span class=\"lexus-icon-Icon_Next\"><\/span><\/a><\/div>","protected":false},"author":1,"featured_media":13986,"parent":13577,"menu_order":0,"comment_status":"closed","ping_status":"closed","template":"","meta":{"_acf_changed":false,"footnotes":""},"class_list":["post-14030","page","type-page","status-publish","has-post-thumbnail","hentry"],"acf":[],"yoast_head":"<!-- This site is optimized with the Yoast SEO plugin v27.3 - https:\/\/yoast.com\/product\/yoast-seo-wordpress\/ -->\n<title>Couture poignet - DressYourBody<\/title>\n<meta name=\"description\" content=\"D\u00e9couvrez comment monter et coudre facilement les diff\u00e9rents type de poignets possibles : poignet de chemisier, mousquetaire avec fente capucin ou ind\u00e9chirable.\" \/>\n<meta name=\"robots\" content=\"index, follow, max-snippet:-1, max-image-preview:large, max-video-preview:-1\" \/>\n<link rel=\"canonical\" href=\"https:\/\/preprod.dressyourbody.fr\/en\/fiches-couture\/les-poignets\/\" \/>\n<meta property=\"og:locale\" content=\"en_US\" \/>\n<meta property=\"og:type\" content=\"article\" \/>\n<meta property=\"og:title\" content=\"Couture poignet - DressYourBody\" \/>\n<meta property=\"og:description\" content=\"D\u00e9couvrez comment monter et coudre facilement les diff\u00e9rents type de poignets possibles : poignet de chemisier, mousquetaire avec fente capucin ou ind\u00e9chirable.\" \/>\n<meta property=\"og:url\" content=\"https:\/\/preprod.dressyourbody.fr\/en\/fiches-couture\/les-poignets\/\" \/>\n<meta property=\"og:site_name\" content=\"Dressyourbody\" \/>\n<meta property=\"article:publisher\" content=\"https:\/\/www.facebook.com\/dressyourbody.couture\/\" \/>\n<meta property=\"article:modified_time\" content=\"2021-09-27T10:08:32+00:00\" \/>\n<meta property=\"og:image\" content=\"https:\/\/preprod.dressyourbody.fr\/wp-content\/uploads\/2017\/02\/Fente-ind\u00e9chirable-1.png\" \/>\n\t<meta property=\"og:image:width\" content=\"143\" \/>\n\t<meta property=\"og:image:height\" content=\"135\" \/>\n\t<meta property=\"og:image:type\" content=\"image\/png\" \/>\n<meta name=\"twitter:card\" content=\"summary_large_image\" \/>\n<meta name=\"twitter:label1\" content=\"Est. reading time\" \/>\n\t<meta name=\"twitter:data1\" content=\"1 minute\" \/>\n<script type=\"application\/ld+json\" class=\"yoast-schema-graph\">{\"@context\":\"https:\\\/\\\/schema.org\",\"@graph\":[{\"@type\":\"WebPage\",\"@id\":\"https:\\\/\\\/preprod.dressyourbody.fr\\\/en\\\/fiches-couture\\\/les-poignets\\\/\",\"url\":\"https:\\\/\\\/preprod.dressyourbody.fr\\\/en\\\/fiches-couture\\\/les-poignets\\\/\",\"name\":\"Couture poignet - DressYourBody\",\"isPartOf\":{\"@id\":\"https:\\\/\\\/preprod.dressyourbody.fr\\\/#website\"},\"primaryImageOfPage\":{\"@id\":\"https:\\\/\\\/preprod.dressyourbody.fr\\\/en\\\/fiches-couture\\\/les-poignets\\\/#primaryimage\"},\"image\":{\"@id\":\"https:\\\/\\\/preprod.dressyourbody.fr\\\/en\\\/fiches-couture\\\/les-poignets\\\/#primaryimage\"},\"thumbnailUrl\":\"https:\\\/\\\/preprod.dressyourbody.fr\\\/wp-content\\\/uploads\\\/2017\\\/02\\\/Fente-ind\u00e9chirable-1.png\",\"datePublished\":\"2017-06-13T11:57:22+00:00\",\"dateModified\":\"2021-09-27T10:08:32+00:00\",\"description\":\"D\u00e9couvrez comment monter et coudre facilement les diff\u00e9rents type de poignets possibles : poignet de chemisier, mousquetaire avec fente capucin ou ind\u00e9chirable.\",\"breadcrumb\":{\"@id\":\"https:\\\/\\\/preprod.dressyourbody.fr\\\/en\\\/fiches-couture\\\/les-poignets\\\/#breadcrumb\"},\"inLanguage\":\"en-US\",\"potentialAction\":[{\"@type\":\"ReadAction\",\"target\":[\"https:\\\/\\\/preprod.dressyourbody.fr\\\/en\\\/fiches-couture\\\/les-poignets\\\/\"]}]},{\"@type\":\"ImageObject\",\"inLanguage\":\"en-US\",\"@id\":\"https:\\\/\\\/preprod.dressyourbody.fr\\\/en\\\/fiches-couture\\\/les-poignets\\\/#primaryimage\",\"url\":\"https:\\\/\\\/preprod.dressyourbody.fr\\\/wp-content\\\/uploads\\\/2017\\\/02\\\/Fente-ind\u00e9chirable-1.png\",\"contentUrl\":\"https:\\\/\\\/preprod.dressyourbody.fr\\\/wp-content\\\/uploads\\\/2017\\\/02\\\/Fente-ind\u00e9chirable-1.png\",\"width\":143,\"height\":135,\"caption\":\"poignet avec fente ind\u00e9chirable\"},{\"@type\":\"BreadcrumbList\",\"@id\":\"https:\\\/\\\/preprod.dressyourbody.fr\\\/en\\\/fiches-couture\\\/les-poignets\\\/#breadcrumb\",\"itemListElement\":[{\"@type\":\"ListItem\",\"position\":1,\"name\":\"Accueil\",\"item\":\"https:\\\/\\\/preprod.dressyourbody.fr\\\/en\\\/\"},{\"@type\":\"ListItem\",\"position\":2,\"name\":\"Fiche couture\",\"item\":\"https:\\\/\\\/preprod.dressyourbody.fr\\\/en\\\/fiches-couture\\\/\"},{\"@type\":\"ListItem\",\"position\":3,\"name\":\"Les poignets\"}]},{\"@type\":\"WebSite\",\"@id\":\"https:\\\/\\\/preprod.dressyourbody.fr\\\/#website\",\"url\":\"https:\\\/\\\/preprod.dressyourbody.fr\\\/\",\"name\":\"DressYourBody\",\"description\":\"Patrons de couture\",\"publisher\":{\"@id\":\"https:\\\/\\\/preprod.dressyourbody.fr\\\/#organization\"},\"potentialAction\":[{\"@type\":\"SearchAction\",\"target\":{\"@type\":\"EntryPoint\",\"urlTemplate\":\"https:\\\/\\\/preprod.dressyourbody.fr\\\/?s={search_term_string}\"},\"query-input\":{\"@type\":\"PropertyValueSpecification\",\"valueRequired\":true,\"valueName\":\"search_term_string\"}}],\"inLanguage\":\"en-US\"},{\"@type\":\"Organization\",\"@id\":\"https:\\\/\\\/preprod.dressyourbody.fr\\\/#organization\",\"name\":\"DressYourBody.fr\",\"url\":\"https:\\\/\\\/preprod.dressyourbody.fr\\\/\",\"logo\":{\"@type\":\"ImageObject\",\"inLanguage\":\"en-US\",\"@id\":\"https:\\\/\\\/preprod.dressyourbody.fr\\\/#\\\/schema\\\/logo\\\/image\\\/\",\"url\":\"https:\\\/\\\/preprod.dressyourbody.fr\\\/wp-content\\\/uploads\\\/2018\\\/07\\\/Logo-rond.png\",\"contentUrl\":\"https:\\\/\\\/preprod.dressyourbody.fr\\\/wp-content\\\/uploads\\\/2018\\\/07\\\/Logo-rond.png\",\"width\":451,\"height\":449,\"caption\":\"DressYourBody.fr\"},\"image\":{\"@id\":\"https:\\\/\\\/preprod.dressyourbody.fr\\\/#\\\/schema\\\/logo\\\/image\\\/\"},\"sameAs\":[\"https:\\\/\\\/www.facebook.com\\\/dressyourbody.couture\\\/\",\"https:\\\/\\\/www.instagram.com\\\/dressyourbody.couture\\\/\",\"https:\\\/\\\/www.linkedin.com\\\/company\\\/11295981\\\/\",\"https:\\\/\\\/www.pinterest.fr\\\/dressyourbody\\\/\",\"https:\\\/\\\/www.youtube.com\\\/channel\\\/UCD9FR054rT1zUXmwxImG5vA?view_as=subscriber\"]}]}<\/script>\n<!-- \/ Yoast SEO plugin. -->","yoast_head_json":{"title":"Couture poignet - DressYourBody","description":"D\u00e9couvrez comment monter et coudre facilement les diff\u00e9rents type de poignets possibles : poignet de chemisier, mousquetaire avec fente capucin ou ind\u00e9chirable.","robots":{"index":"index","follow":"follow","max-snippet":"max-snippet:-1","max-image-preview":"max-image-preview:large","max-video-preview":"max-video-preview:-1"},"canonical":"https:\/\/preprod.dressyourbody.fr\/en\/fiches-couture\/les-poignets\/","og_locale":"en_US","og_type":"article","og_title":"Couture poignet - DressYourBody","og_description":"D\u00e9couvrez comment monter et coudre facilement les diff\u00e9rents type de poignets possibles : poignet de chemisier, mousquetaire avec fente capucin ou ind\u00e9chirable.","og_url":"https:\/\/preprod.dressyourbody.fr\/en\/fiches-couture\/les-poignets\/","og_site_name":"Dressyourbody","article_publisher":"https:\/\/www.facebook.com\/dressyourbody.couture\/","article_modified_time":"2021-09-27T10:08:32+00:00","og_image":[{"width":143,"height":135,"url":"https:\/\/preprod.dressyourbody.fr\/wp-content\/uploads\/2017\/02\/Fente-ind\u00e9chirable-1.png","type":"image\/png"}],"twitter_card":"summary_large_image","twitter_misc":{"Est. reading time":"1 minute"},"schema":{"@context":"https:\/\/schema.org","@graph":[{"@type":"WebPage","@id":"https:\/\/preprod.dressyourbody.fr\/en\/fiches-couture\/les-poignets\/","url":"https:\/\/preprod.dressyourbody.fr\/en\/fiches-couture\/les-poignets\/","name":"Couture poignet - DressYourBody","isPartOf":{"@id":"https:\/\/preprod.dressyourbody.fr\/#website"},"primaryImageOfPage":{"@id":"https:\/\/preprod.dressyourbody.fr\/en\/fiches-couture\/les-poignets\/#primaryimage"},"image":{"@id":"https:\/\/preprod.dressyourbody.fr\/en\/fiches-couture\/les-poignets\/#primaryimage"},"thumbnailUrl":"https:\/\/preprod.dressyourbody.fr\/wp-content\/uploads\/2017\/02\/Fente-ind\u00e9chirable-1.png","datePublished":"2017-06-13T11:57:22+00:00","dateModified":"2021-09-27T10:08:32+00:00","description":"D\u00e9couvrez comment monter et coudre facilement les diff\u00e9rents type de poignets possibles : poignet de chemisier, mousquetaire avec fente capucin ou ind\u00e9chirable.","breadcrumb":{"@id":"https:\/\/preprod.dressyourbody.fr\/en\/fiches-couture\/les-poignets\/#breadcrumb"},"inLanguage":"en-US","potentialAction":[{"@type":"ReadAction","target":["https:\/\/preprod.dressyourbody.fr\/en\/fiches-couture\/les-poignets\/"]}]},{"@type":"ImageObject","inLanguage":"en-US","@id":"https:\/\/preprod.dressyourbody.fr\/en\/fiches-couture\/les-poignets\/#primaryimage","url":"https:\/\/preprod.dressyourbody.fr\/wp-content\/uploads\/2017\/02\/Fente-ind\u00e9chirable-1.png","contentUrl":"https:\/\/preprod.dressyourbody.fr\/wp-content\/uploads\/2017\/02\/Fente-ind\u00e9chirable-1.png","width":143,"height":135,"caption":"poignet avec fente ind\u00e9chirable"},{"@type":"BreadcrumbList","@id":"https:\/\/preprod.dressyourbody.fr\/en\/fiches-couture\/les-poignets\/#breadcrumb","itemListElement":[{"@type":"ListItem","position":1,"name":"Accueil","item":"https:\/\/preprod.dressyourbody.fr\/en\/"},{"@type":"ListItem","position":2,"name":"Fiche couture","item":"https:\/\/preprod.dressyourbody.fr\/en\/fiches-couture\/"},{"@type":"ListItem","position":3,"name":"Les poignets"}]},{"@type":"WebSite","@id":"https:\/\/preprod.dressyourbody.fr\/#website","url":"https:\/\/preprod.dressyourbody.fr\/","name":"DressYourBody","description":"Patrons de couture","publisher":{"@id":"https:\/\/preprod.dressyourbody.fr\/#organization"},"potentialAction":[{"@type":"SearchAction","target":{"@type":"EntryPoint","urlTemplate":"https:\/\/preprod.dressyourbody.fr\/?s={search_term_string}"},"query-input":{"@type":"PropertyValueSpecification","valueRequired":true,"valueName":"search_term_string"}}],"inLanguage":"en-US"},{"@type":"Organization","@id":"https:\/\/preprod.dressyourbody.fr\/#organization","name":"DressYourBody.fr","url":"https:\/\/preprod.dressyourbody.fr\/","logo":{"@type":"ImageObject","inLanguage":"en-US","@id":"https:\/\/preprod.dressyourbody.fr\/#\/schema\/logo\/image\/","url":"https:\/\/preprod.dressyourbody.fr\/wp-content\/uploads\/2018\/07\/Logo-rond.png","contentUrl":"https:\/\/preprod.dressyourbody.fr\/wp-content\/uploads\/2018\/07\/Logo-rond.png","width":451,"height":449,"caption":"DressYourBody.fr"},"image":{"@id":"https:\/\/preprod.dressyourbody.fr\/#\/schema\/logo\/image\/"},"sameAs":["https:\/\/www.facebook.com\/dressyourbody.couture\/","https:\/\/www.instagram.com\/dressyourbody.couture\/","https:\/\/www.linkedin.com\/company\/11295981\/","https:\/\/www.pinterest.fr\/dressyourbody\/","https:\/\/www.youtube.com\/channel\/UCD9FR054rT1zUXmwxImG5vA?view_as=subscriber"]}]}},"_links":{"self":[{"href":"https:\/\/preprod.dressyourbody.fr\/en\/wp-json\/wp\/v2\/pages\/14030","targetHints":{"allow":["GET"]}}],"collection":[{"href":"https:\/\/preprod.dressyourbody.fr\/en\/wp-json\/wp\/v2\/pages"}],"about":[{"href":"https:\/\/preprod.dressyourbody.fr\/en\/wp-json\/wp\/v2\/types\/page"}],"author":[{"embeddable":true,"href":"https:\/\/preprod.dressyourbody.fr\/en\/wp-json\/wp\/v2\/users\/1"}],"replies":[{"embeddable":true,"href":"https:\/\/preprod.dressyourbody.fr\/en\/wp-json\/wp\/v2\/comments?post=14030"}],"version-history":[{"count":0,"href":"https:\/\/preprod.dressyourbody.fr\/en\/wp-json\/wp\/v2\/pages\/14030\/revisions"}],"up":[{"embeddable":true,"href":"https:\/\/preprod.dressyourbody.fr\/en\/wp-json\/wp\/v2\/pages\/13577"}],"wp:featuredmedia":[{"embeddable":true,"href":"https:\/\/preprod.dressyourbody.fr\/en\/wp-json\/wp\/v2\/media\/13986"}],"wp:attachment":[{"href":"https:\/\/preprod.dressyourbody.fr\/en\/wp-json\/wp\/v2\/media?parent=14030"}],"curies":[{"name":"wp","href":"https:\/\/api.w.org\/{rel}","templated":true}]}}